{"id":13395,"date":"2017-12-28T17:20:32","date_gmt":"2017-12-28T16:20:32","guid":{"rendered":"https:\/\/nb-parts.de\/start\/"},"modified":"2019-02-06T17:17:07","modified_gmt":"2019-02-06T16:17:07","slug":"produccion-repuestos-procesamiento","status":"publish","type":"page","link":"https:\/\/nb-parts.de\/es\/","title":{"rendered":"Casa"},"content":{"rendered":"<div class=\"fusion-fullwidth fullwidth-box fusion-builder-row-1 fusion-flex-container nonhundred-percent-fullwidth non-hundred-percent-height-scrolling\" style=\"--awb-border-radius-top-left:0px;--awb-border-radius-top-right:0px;--awb-border-radius-bottom-right:0px;--awb-border-radius-bottom-left:0px;--awb-margin-bottom:-22px;--awb-flex-wrap:wrap;\" ><div class=\"fusion-builder-row fusion-row fusion-flex-align-items-flex-start fusion-flex-content-wrap\" style=\"max-width:1028.97px;margin-left: calc(-3% \/ 2 );margin-right: calc(-3% \/ 2 );\"><div class=\"fusion-layout-column fusion_builder_column fusion-builder-column-0 fusion_builder_column_1_3 1_3 fusion-flex-column\" style=\"--awb-bg-size:cover;--awb-width-large:33.333333333333%;--awb-margin-top-large:0px;--awb-spacing-right-large:5.82%;--awb-margin-bottom-large:11px;--awb-spacing-left-large:4.365%;--awb-width-medium:33.333333333333%;--awb-spacing-right-medium:5.82%;--awb-spacing-left-medium:4.365%;--awb-width-small:100%;--awb-spacing-right-small:1.455%;--awb-spacing-left-small:1.455%;\"><div class=\"fusion-column-wrapper fusion-flex-justify-content-flex-start fusion-content-layout-column\"><div class=\"fusion-text fusion-text-1\"><h2>SERVICIO COMPLETO<\/h2>\n<p>Piezas originales, ident. &amp; seguimiento<br \/>\npara sectores automotriz e industrial<br \/>\nas\u00ed como aplicaciones de freno<\/p>\n<\/div><\/div><\/div><div class=\"fusion-layout-column fusion_builder_column fusion-builder-column-1 fusion_builder_column_1_3 1_3 fusion-flex-column\" style=\"--awb-bg-size:cover;--awb-width-large:33.333333333333%;--awb-margin-top-large:0px;--awb-spacing-right-large:5.82%;--awb-margin-bottom-large:11px;--awb-spacing-left-large:5.82%;--awb-width-medium:33.333333333333%;--awb-spacing-right-medium:5.82%;--awb-spacing-left-medium:5.82%;--awb-width-small:100%;--awb-spacing-right-small:1.455%;--awb-spacing-left-small:1.455%;\"><div class=\"fusion-column-wrapper fusion-flex-justify-content-flex-start fusion-content-layout-column\"><div class=\"fusion-text fusion-text-2\"><h2>COMPETENCIA M\u00daLTIPLE<\/h2>\n<p>Procesamiento de piezas de desgaste<br \/>\nReparaci\u00f3n, revisi\u00f3n<br \/>\nas\u00ed como la renovaci\u00f3n profesional<\/p>\n<\/div><\/div><\/div><div class=\"fusion-layout-column fusion_builder_column fusion-builder-column-2 fusion_builder_column_1_3 1_3 fusion-flex-column\" style=\"--awb-bg-size:cover;--awb-width-large:33.333333333333%;--awb-margin-top-large:0px;--awb-spacing-right-large:4.365%;--awb-margin-bottom-large:11px;--awb-spacing-left-large:5.82%;--awb-width-medium:33.333333333333%;--awb-spacing-right-medium:4.365%;--awb-spacing-left-medium:5.82%;--awb-width-small:100%;--awb-spacing-right-small:1.455%;--awb-spacing-left-small:1.455%;\"><div class=\"fusion-column-wrapper fusion-flex-justify-content-flex-start fusion-content-layout-column\"><div class=\"fusion-text fusion-text-3\"><h2>ASOCIADOS A LA COOPERACI\u00d3N<\/h2>\n<p>Producci\u00f3n de componentes de freno<br \/>\nCoordinaci\u00f3n de producciones<br \/>\nDesarrollo de especificaciones<\/p>\n<\/div><\/div><\/div><\/div><\/div>\n","protected":false},"excerpt":{"rendered":"","protected":false},"author":4,"featured_media":0,"parent":0,"menu_order":0,"comment_status":"closed","ping_status":"closed","template":"","meta":{"footnotes":""},"class_list":["post-13395","page","type-page","status-publish","hentry"],"yoast_head":"<!-- This site is optimized with the Yoast SEO Premium plugin v27.4 (Yoast SEO v27.4) - https:\/\/yoast.com\/product\/yoast-seo-premium-wordpress\/ -->\n<title>NB PARTS GmbH \u2705 Componentes de freno \u2705 Producci\u00f3n - Repuestos - Procesamiento<\/title>\n<meta name=\"description\" content=\"Producci\u00f3n \u2022 Piezas de repuesto \u2022 Reacondicionamiento \u2705 FULLSERVICE - ventas de componentes originales, ident o subsiguientes \u2705 EXPERTISE KNOW-HOW - Restauraci\u00f3n \/ sustituci\u00f3n de piezas de desgaste, reparaci\u00f3n \u2705 COOPERACIONES DE SOCIOS - Nuestra empresa est\u00e1 certificada por T\u00dcV S\u00fcd seg\u00fan la norma ISO 9001: 2015.\" \/>\n<meta name=\"robots\" content=\"index, follow, max-snippet:-1, max-image-preview:large, max-video-preview:-1\" \/>\n<link rel=\"canonical\" href=\"https:\/\/nb-parts.de\/es\/\" \/>\n<meta property=\"og:locale\" content=\"es_ES\" \/>\n<meta property=\"og:type\" content=\"article\" \/>\n<meta property=\"og:title\" content=\"Casa\" \/>\n<meta property=\"og:description\" content=\"Producci\u00f3n \u2022 Piezas de repuesto \u2022 Reacondicionamiento \u2705 FULLSERVICE - ventas de componentes originales, ident o subsiguientes \u2705 EXPERTISE KNOW-HOW - Restauraci\u00f3n \/ sustituci\u00f3n de piezas de desgaste, reparaci\u00f3n \u2705 COOPERACIONES DE SOCIOS - Nuestra empresa est\u00e1 certificada por T\u00dcV S\u00fcd seg\u00fan la norma ISO 9001: 2015.\" \/>\n<meta property=\"og:url\" content=\"https:\/\/nb-parts.de\/es\/\" \/>\n<meta property=\"og:site_name\" content=\"NB PARTS GmbH\" \/>\n<meta property=\"article:modified_time\" content=\"2019-02-06T16:17:07+00:00\" \/>\n<meta property=\"og:image\" content=\"https:\/\/nb-parts.de\/wp-content\/uploads\/2017\/04\/NB-parts-zieht-um.jpg\" \/>\n\t<meta property=\"og:image:width\" content=\"713\" \/>\n\t<meta property=\"og:image:height\" content=\"300\" \/>\n\t<meta property=\"og:image:type\" content=\"image\/jpeg\" \/>\n<meta name=\"twitter:label1\" content=\"Tiempo de lectura\" \/>\n\t<meta name=\"twitter:data1\" content=\"2 minutos\" \/>\n<script type=\"application\/ld+json\" class=\"yoast-schema-graph\">{\"@context\":\"https:\\\/\\\/schema.org\",\"@graph\":[{\"@type\":\"WebPage\",\"@id\":\"https:\\\/\\\/nb-parts.de\\\/es\\\/\",\"url\":\"https:\\\/\\\/nb-parts.de\\\/es\\\/\",\"name\":\"NB PARTS GmbH \u2705 Componentes de freno \u2705 Producci\u00f3n - Repuestos - Procesamiento\",\"isPartOf\":{\"@id\":\"https:\\\/\\\/nb-parts.de\\\/es\\\/#website\"},\"datePublished\":\"2017-12-28T16:20:32+00:00\",\"dateModified\":\"2019-02-06T16:17:07+00:00\",\"description\":\"Producci\u00f3n \u2022 Piezas de repuesto \u2022 Reacondicionamiento \u2705 FULLSERVICE - ventas de componentes originales, ident o subsiguientes \u2705 EXPERTISE KNOW-HOW - Restauraci\u00f3n \\\/ sustituci\u00f3n de piezas de desgaste, reparaci\u00f3n \u2705 COOPERACIONES DE SOCIOS - Nuestra empresa est\u00e1 certificada por T\u00dcV S\u00fcd seg\u00fan la norma ISO 9001: 2015.\",\"breadcrumb\":{\"@id\":\"https:\\\/\\\/nb-parts.de\\\/es\\\/#breadcrumb\"},\"inLanguage\":\"es\",\"potentialAction\":[{\"@type\":\"ReadAction\",\"target\":[\"https:\\\/\\\/nb-parts.de\\\/es\\\/\"]}]},{\"@type\":\"BreadcrumbList\",\"@id\":\"https:\\\/\\\/nb-parts.de\\\/es\\\/#breadcrumb\",\"itemListElement\":[{\"@type\":\"ListItem\",\"position\":1,\"name\":\"Startseite\",\"item\":\"https:\\\/\\\/nb-parts.de\\\/es\\\/\"},{\"@type\":\"ListItem\",\"position\":2,\"name\":\"Casa\"}]},{\"@type\":\"WebSite\",\"@id\":\"https:\\\/\\\/nb-parts.de\\\/es\\\/#website\",\"url\":\"https:\\\/\\\/nb-parts.de\\\/es\\\/\",\"name\":\"NB PARTS GmbH\",\"description\":\"Ersatzteile - Aufarbeitung - Fertigung\",\"publisher\":{\"@id\":\"https:\\\/\\\/nb-parts.de\\\/es\\\/#organization\"},\"potentialAction\":[{\"@type\":\"SearchAction\",\"target\":{\"@type\":\"EntryPoint\",\"urlTemplate\":\"https:\\\/\\\/nb-parts.de\\\/es\\\/?s={search_term_string}\"},\"query-input\":{\"@type\":\"PropertyValueSpecification\",\"valueRequired\":true,\"valueName\":\"search_term_string\"}}],\"inLanguage\":\"es\"},{\"@type\":\"Organization\",\"@id\":\"https:\\\/\\\/nb-parts.de\\\/es\\\/#organization\",\"name\":\"NB PARTS GmbH\",\"url\":\"https:\\\/\\\/nb-parts.de\\\/es\\\/\",\"logo\":{\"@type\":\"ImageObject\",\"inLanguage\":\"es\",\"@id\":\"https:\\\/\\\/nb-parts.de\\\/es\\\/#\\\/schema\\\/logo\\\/image\\\/\",\"url\":\"https:\\\/\\\/nb-parts.de\\\/wp-content\\\/uploads\\\/2021\\\/06\\\/LOGO01.jpg\",\"contentUrl\":\"https:\\\/\\\/nb-parts.de\\\/wp-content\\\/uploads\\\/2021\\\/06\\\/LOGO01.jpg\",\"width\":1000,\"height\":1000,\"caption\":\"NB PARTS GmbH\"},\"image\":{\"@id\":\"https:\\\/\\\/nb-parts.de\\\/es\\\/#\\\/schema\\\/logo\\\/image\\\/\"},\"sameAs\":[\"https:\\\/\\\/www.youtube.com\\\/watch?v=E_90qxvrVlA\"]}]}<\/script>\n<!-- \/ Yoast SEO Premium plugin. -->","yoast_head_json":{"title":"NB PARTS GmbH \u2705 Componentes de freno \u2705 Producci\u00f3n - Repuestos - Procesamiento","description":"Producci\u00f3n \u2022 Piezas de repuesto \u2022 Reacondicionamiento \u2705 FULLSERVICE - ventas de componentes originales, ident o subsiguientes \u2705 EXPERTISE KNOW-HOW - Restauraci\u00f3n \/ sustituci\u00f3n de piezas de desgaste, reparaci\u00f3n \u2705 COOPERACIONES DE SOCIOS - Nuestra empresa est\u00e1 certificada por T\u00dcV S\u00fcd seg\u00fan la norma ISO 9001: 2015.","robots":{"index":"index","follow":"follow","max-snippet":"max-snippet:-1","max-image-preview":"max-image-preview:large","max-video-preview":"max-video-preview:-1"},"canonical":"https:\/\/nb-parts.de\/es\/","og_locale":"es_ES","og_type":"article","og_title":"Casa","og_description":"Producci\u00f3n \u2022 Piezas de repuesto \u2022 Reacondicionamiento \u2705 FULLSERVICE - ventas de componentes originales, ident o subsiguientes \u2705 EXPERTISE KNOW-HOW - Restauraci\u00f3n \/ sustituci\u00f3n de piezas de desgaste, reparaci\u00f3n \u2705 COOPERACIONES DE SOCIOS - Nuestra empresa est\u00e1 certificada por T\u00dcV S\u00fcd seg\u00fan la norma ISO 9001: 2015.","og_url":"https:\/\/nb-parts.de\/es\/","og_site_name":"NB PARTS GmbH","article_modified_time":"2019-02-06T16:17:07+00:00","og_image":[{"width":713,"height":300,"url":"https:\/\/nb-parts.de\/wp-content\/uploads\/2017\/04\/NB-parts-zieht-um.jpg","type":"image\/jpeg"}],"twitter_misc":{"Tiempo de lectura":"2 minutos"},"schema":{"@context":"https:\/\/schema.org","@graph":[{"@type":"WebPage","@id":"https:\/\/nb-parts.de\/es\/","url":"https:\/\/nb-parts.de\/es\/","name":"NB PARTS GmbH \u2705 Componentes de freno \u2705 Producci\u00f3n - Repuestos - Procesamiento","isPartOf":{"@id":"https:\/\/nb-parts.de\/es\/#website"},"datePublished":"2017-12-28T16:20:32+00:00","dateModified":"2019-02-06T16:17:07+00:00","description":"Producci\u00f3n \u2022 Piezas de repuesto \u2022 Reacondicionamiento \u2705 FULLSERVICE - ventas de componentes originales, ident o subsiguientes \u2705 EXPERTISE KNOW-HOW - Restauraci\u00f3n \/ sustituci\u00f3n de piezas de desgaste, reparaci\u00f3n \u2705 COOPERACIONES DE SOCIOS - Nuestra empresa est\u00e1 certificada por T\u00dcV S\u00fcd seg\u00fan la norma ISO 9001: 2015.","breadcrumb":{"@id":"https:\/\/nb-parts.de\/es\/#breadcrumb"},"inLanguage":"es","potentialAction":[{"@type":"ReadAction","target":["https:\/\/nb-parts.de\/es\/"]}]},{"@type":"BreadcrumbList","@id":"https:\/\/nb-parts.de\/es\/#breadcrumb","itemListElement":[{"@type":"ListItem","position":1,"name":"Startseite","item":"https:\/\/nb-parts.de\/es\/"},{"@type":"ListItem","position":2,"name":"Casa"}]},{"@type":"WebSite","@id":"https:\/\/nb-parts.de\/es\/#website","url":"https:\/\/nb-parts.de\/es\/","name":"NB PARTS GmbH","description":"Ersatzteile - Aufarbeitung - Fertigung","publisher":{"@id":"https:\/\/nb-parts.de\/es\/#organization"},"potentialAction":[{"@type":"SearchAction","target":{"@type":"EntryPoint","urlTemplate":"https:\/\/nb-parts.de\/es\/?s={search_term_string}"},"query-input":{"@type":"PropertyValueSpecification","valueRequired":true,"valueName":"search_term_string"}}],"inLanguage":"es"},{"@type":"Organization","@id":"https:\/\/nb-parts.de\/es\/#organization","name":"NB PARTS GmbH","url":"https:\/\/nb-parts.de\/es\/","logo":{"@type":"ImageObject","inLanguage":"es","@id":"https:\/\/nb-parts.de\/es\/#\/schema\/logo\/image\/","url":"https:\/\/nb-parts.de\/wp-content\/uploads\/2021\/06\/LOGO01.jpg","contentUrl":"https:\/\/nb-parts.de\/wp-content\/uploads\/2021\/06\/LOGO01.jpg","width":1000,"height":1000,"caption":"NB PARTS GmbH"},"image":{"@id":"https:\/\/nb-parts.de\/es\/#\/schema\/logo\/image\/"},"sameAs":["https:\/\/www.youtube.com\/watch?v=E_90qxvrVlA"]}]}},"_links":{"self":[{"href":"https:\/\/nb-parts.de\/es\/wp-json\/wp\/v2\/pages\/13395","targetHints":{"allow":["GET"]}}],"collection":[{"href":"https:\/\/nb-parts.de\/es\/wp-json\/wp\/v2\/pages"}],"about":[{"href":"https:\/\/nb-parts.de\/es\/wp-json\/wp\/v2\/types\/page"}],"author":[{"embeddable":true,"href":"https:\/\/nb-parts.de\/es\/wp-json\/wp\/v2\/users\/4"}],"replies":[{"embeddable":true,"href":"https:\/\/nb-parts.de\/es\/wp-json\/wp\/v2\/comments?post=13395"}],"version-history":[{"count":0,"href":"https:\/\/nb-parts.de\/es\/wp-json\/wp\/v2\/pages\/13395\/revisions"}],"wp:attachment":[{"href":"https:\/\/nb-parts.de\/es\/wp-json\/wp\/v2\/media?parent=13395"}],"curies":[{"name":"wp","href":"https:\/\/api.w.org\/{rel}","templated":true}]}}