{"id":13415,"date":"2017-12-11T11:47:10","date_gmt":"2017-12-11T10:47:10","guid":{"rendered":"https:\/\/nb-parts.de\/agb\/"},"modified":"2018-02-01T14:11:42","modified_gmt":"2018-02-01T13:11:42","slug":"condiciones","status":"publish","type":"page","link":"https:\/\/nb-parts.de\/es\/condiciones\/","title":{"rendered":"Condiciones"},"content":{"rendered":"<div class=\"fusion-fullwidth fullwidth-box fusion-builder-row-1 fusion-flex-container nonhundred-percent-fullwidth non-hundred-percent-height-scrolling\" style=\"--awb-border-radius-top-left:0px;--awb-border-radius-top-right:0px;--awb-border-radius-bottom-right:0px;--awb-border-radius-bottom-left:0px;--awb-flex-wrap:wrap;\" ><div class=\"fusion-builder-row fusion-row fusion-flex-align-items-flex-start fusion-flex-content-wrap\" style=\"max-width:1028.97px;margin-left: calc(-3% \/ 2 );margin-right: calc(-3% \/ 2 );\"><div class=\"fusion-layout-column fusion_builder_column fusion-builder-column-0 fusion_builder_column_2_3 2_3 fusion-flex-column\" style=\"--awb-bg-size:cover;--awb-width-large:66.666666666667%;--awb-margin-top-large:0px;--awb-spacing-right-large:3.88%;--awb-margin-bottom-large:0px;--awb-spacing-left-large:2.1825%;--awb-width-medium:66.666666666667%;--awb-spacing-right-medium:3.88%;--awb-spacing-left-medium:2.1825%;--awb-width-small:100%;--awb-spacing-right-small:1.455%;--awb-spacing-left-small:1.455%;\"><div class=\"fusion-column-wrapper fusion-flex-justify-content-flex-start fusion-content-layout-column\"><div class=\"fusion-text fusion-text-1\"><p><span class=\"notranslate\">T\u00e9rminos y condiciones generales de NB PARTS GmbH<\/span><br \/>\n<span class=\"notranslate\">Daimlerstrasse 7, D-91301 Forchheim, a partir del 01.01.2018<\/span><\/p>\n<h3 data-fontsize=\"15\" data-lineheight=\"20\"><span class=\"notranslate\">\u00a7 1 GENERAL, DEFINICI\u00d3N DE T\u00c9RMINOS<\/span><\/h3>\n<p><span class=\"notranslate\">(1) Para todas las entregas y otros servicios, solo se aplican las siguientes condiciones de venta y entrega;<\/span>\u00a0<span class=\"notranslate\">se aplican solo a empresarios en el sentido del \u00a7 310 (1) junto con el \u00a7 14 BGB.<\/span>\u00a0<span class=\"notranslate\">Tambi\u00e9n se aplican a todas las relaciones comerciales futuras, incluso si no se acuerdan expresamente nuevamente.<\/span><\/p>\n<p><span class=\"notranslate\">(2) Las condiciones diferentes del cliente, que no reconocemos expresamente, no son vinculantes, incluso si no las contradijemos expresamente.<\/span><\/p>\n<p><span class=\"notranslate\">(3) La inclusi\u00f3n e interpretaci\u00f3n de estos t\u00e9rminos y condiciones, as\u00ed como la conclusi\u00f3n e interpretaci\u00f3n de las transacciones legales con el cliente, se rigen \u00fanicamente por la ley de la Rep\u00fablica Federal de Alemania.<\/span><\/p>\n<p class=\"ABSATZ_GROSS\"><span class=\"notranslate\">4) Las obligaciones contractuales esenciales dentro del significado de estos GTC son tales gemas.<\/span>\u00a0<span class=\"notranslate\">\u00a7 307, p\u00e1rrafo 2, n.\u00ba 2 BGB, es decir, obligaciones cuya violaci\u00f3n pone en peligro la finalidad del contrato y en cuyo cumplimiento puede confiar el cliente.<\/span><\/p>\n<h3 data-fontsize=\"15\" data-lineheight=\"20\"><span class=\"notranslate\">\u00a7 2 OFERTAS, ALCANCE DE LOS SERVICIOS Y CONCLUSI\u00d3N DEL CONTRATO<\/span><\/h3>\n<p><span class=\"notranslate\">(1) Nuestras ofertas contractuales no son vinculantes.<\/span><\/p>\n<p><span class=\"notranslate\">(2) Para el alcance del servicio debido por contrato, solo nuestra confirmaci\u00f3n de pedido es autoritativa.<\/span>\u00a0<span class=\"notranslate\">La calidad especificada all\u00ed determina las caracter\u00edsticas del elemento de entrega de forma exhaustiva y concluyente.<\/span>\u00a0<span class=\"notranslate\">Las declaraciones p\u00fablicas hechas por nuestros proveedores, los fabricantes y sus asistentes o terceros no contienen ninguna caracter\u00edstica del art\u00edculo de entrega que complemente o altere esta descripci\u00f3n de caracter\u00edsticas.<\/span><\/p>\n<p><span class=\"notranslate\">(3) Los cambios de dise\u00f1o y forma, las variaciones de color y los cambios en el alcance de la entrega por parte del fabricante permanecen reservados durante el tiempo de entrega, siempre que los cambios sean razonables considerando los intereses de nuestros clientes.<\/span><\/p>\n<p><span class=\"notranslate\">(4) Las entregas parciales son permisibles siempre que esto sea razonable para el cliente.<\/span><\/p>\n<p class=\"ABSATZ_GROSS\"><span class=\"notranslate\">(5) Los documentos subyacentes a la oferta o la confirmaci\u00f3n del pedido, como ilustraciones, dibujos, medidas y ponderaciones, generalmente deben entenderse como valores aproximados a menos que se designen expresamente como vinculantes.<\/span><\/p>\n<h3 data-fontsize=\"15\" data-lineheight=\"20\"><span class=\"notranslate\">\u00a7 3 PRECIOS Y T\u00c9RMINOS DE PAGO<\/span><\/h3>\n<p><span class=\"notranslate\">(1) Nuestros precios son v\u00e1lidos ex business m\u00e1s el IVA legal aplicable.<\/span><span class=\"notranslate\">Impuesto a las ventas y excluyendo el embalaje y otros gastos de env\u00edo y transporte.<\/span><\/p>\n<p><span class=\"notranslate\">(2) Si hay m\u00e1s de 4 meses entre la conclusi\u00f3n del contrato y la entrega sin que nosotros seamos responsables de un retraso en la entrega, tenemos derecho a aumentar el precio razonablemente teniendo en cuenta cualquier material, mano de obra y otros costos incidentales que tenemos que soportar ,<\/span>\u00a0<span class=\"notranslate\">Si el precio de compra aumenta en m\u00e1s del 40%, el cliente tiene derecho a rescindir el contrato.<\/span><\/p>\n<p><span class=\"notranslate\">(3) El pago del importe de la factura vence a la entrega del art\u00edculo de entrega y la entrega o el env\u00edo de la factura, pero a m\u00e1s tardar dentro de los 30 d\u00edas posteriores a la recepci\u00f3n de la factura.<\/span>\u00a0<span class=\"notranslate\">Para entregas de bienes, otorgamos un 2% de descuento en el pago dentro de los 14 d\u00edas posteriores a la entrega y facturaci\u00f3n.<\/span><\/p>\n<p><span class=\"notranslate\">(4) En caso de exceso culpable del per\u00edodo de pago, cobramos intereses a una tasa del 8% por encima de la tasa de inter\u00e9s base aplicable, sujeto a la afirmaci\u00f3n de otros reclamos.<\/span>\u00a0<span class=\"notranslate\">Lo mismo se aplica a los montos diferidos que adeudamos.<\/span><\/p>\n<p class=\"ABSATZ_GROSS\"><span class=\"notranslate\">(5) Se excluyen la compensaci\u00f3n y la restricci\u00f3n, a menos que el reclamo con la compensaci\u00f3n o por el cual se reclame un derecho de retenci\u00f3n sea indiscutido o est\u00e9 legalmente determinado.<\/span><\/p>\n<h3 data-fontsize=\"15\" data-lineheight=\"20\"><span class=\"notranslate\">\u00a7 4 PLAZO DE ENTREGA Y SERVICIO, RESPONSABILIDAD POR RETRASO<\/span><\/h3>\n<p><span class=\"notranslate\">(1) Las fechas de entrega o los plazos que no hayan sido expresamente acordados por escrito como vinculantes, son solo informaci\u00f3n no vinculante.<\/span>\u00a0<span class=\"notranslate\">El plazo de entrega comienza con la celebraci\u00f3n del contrato, sin embargo, como muy pronto, cuando el cliente haya cumplido debidamente su obligaci\u00f3n de cooperar.<\/span>\u00a0<span class=\"notranslate\">Si se acuerdan cambios en el contrato despu\u00e9s de la celebraci\u00f3n del contrato, es posible que sea necesario volver a acordar el plazo de entrega al mismo tiempo.<\/span><\/p>\n<p><span class=\"notranslate\">(2) Si ocurren disturbios operacionales como resultado de disputas industriales (en particular huelgas y cierres patronales) as\u00ed como obst\u00e1culos imprevistos que est\u00e1n fuera de nuestro control, por ejemplo, retraso en la entrega de un subcontratista, tr\u00e1fico y disturbios operacionales, materiales o escasez de energ\u00eda, los plazos de entrega acordados se extender\u00e1n por la duraci\u00f3n la interrupci\u00f3n causada por estas circunstancias.<\/span><\/p>\n<p><span class=\"notranslate\">(3) La autoentrega correcta y oportuna permanece reservada.<\/span>\u00a0<span class=\"notranslate\">Si es necesario, informaremos inmediatamente al cliente sobre la falta de disponibilidad del art\u00edculo de entrega y, en caso de retirada, reembolsaremos inmediatamente la contraprestaci\u00f3n recibida.<\/span><\/p>\n<p><span class=\"notranslate\">(4) Si se excede una fecha \/ plazo de entrega no vinculante, el cliente est\u00e1 obligado a solicitarnos la entrega por escrito despu\u00e9s de establecer un per\u00edodo de gracia de 3 semanas.<\/span>\u00a0<span class=\"notranslate\">Solo al final de este per\u00edodo, estaremos en default.<\/span>\u00a0<span class=\"notranslate\">Si se excede una fecha \/ fecha l\u00edmite de entrega vinculante, estaremos en incumplimiento de exceder la fecha de entrega \/ fecha l\u00edmite si tenemos la culpa. Los derechos del cliente en caso de incumplimiento se rigen por (5).<\/span><\/p>\n<p class=\"ABSATZ_GROSS\"><span class=\"notranslate\">(5) Las reclamaciones por da\u00f1os y perjuicios debidos a incumplimiento est\u00e1n excluidas en caso de negligencia leve por nuestra parte, a menos que haya un incumplimiento de obligaciones contractuales esenciales.<\/span>\u00a0<span class=\"notranslate\">Por cierto, somos responsables ante el cliente en caso de incumplimiento de la entrega de acuerdo con la ley.<\/span>\u00a0<span class=\"notranslate\">Provisiones.<\/span>\u00a0<span class=\"notranslate\">Si esto se basa en una negligencia grave, nuestra responsabilidad se limita al da\u00f1o previsible y habitual, por el cual una falla de nuestros representantes legales o agentes indirectos es imputable a nosotros.<\/span>\u00a0<span class=\"notranslate\">Por cierto, nuestra responsabilidad por el retraso por da\u00f1os adem\u00e1s del rendimiento est\u00e1 limitada al 5% y por los da\u00f1os en lugar del rendimiento al 20% del valor de la entrega \/ servicio.<\/span>\u00a0<span class=\"notranslate\">Las limitaciones anteriores no se aplican a la responsabilidad por lesiones a la vida, la integridad f\u00edsica o la salud.<\/span><\/p>\n<h2 data-fontsize=\"19\" data-lineheight=\"20\"><span class=\"notranslate\">\u00a7 5 RIESGO DE PELIGRO<\/span><\/h2>\n<p class=\"ABSATZ_GROSS\"><span class=\"notranslate\">El riesgo pasa al cliente tan pronto como proporcionamos los productos para el cliente y se lo hemos indicado al cliente.<\/span>\u00a0<span class=\"notranslate\">El cliente est\u00e1 obligado a aceptar en un plazo de 8 d\u00edas, en la medida en que no tiene derecho a rechazar la aceptaci\u00f3n debido a defectos significativos.<\/span><\/p>\n<h3 data-fontsize=\"15\" data-lineheight=\"20\"><span class=\"notranslate\">\u00a7 6 PROPIEDAD<\/span><\/h3>\n<p><span class=\"notranslate\">(1) Nos reservamos la propiedad de los productos entregados hasta el pago total.<\/span>\u00a0<span class=\"notranslate\">La retenci\u00f3n del t\u00edtulo tambi\u00e9n se aplica hasta que se hayan cumplido todos los reclamos, incluidos futuros y condicionales, de la relaci\u00f3n comercial con el cliente.<\/span><\/p>\n<p><span class=\"notranslate\">(2) El cliente no est\u00e1 autorizado a transferir o pignorar los bienes, pero tiene derecho a seguir vendiendo los productos reservados en el curso ordenado del negocio.<\/span>\u00a0<span class=\"notranslate\">Por la presente, nos asigna las reclamaciones derivadas de esto en relaci\u00f3n con sus socios comerciales.<\/span><\/p>\n<p><span class=\"notranslate\">(3) Si los bienes son procesados \u200b\u200bo procesados \u200b\u200bpor el cliente, la retenci\u00f3n del t\u00edtulo tambi\u00e9n se extiende a todo lo nuevo.<\/span>\u00a0<span class=\"notranslate\">El cliente adquiere la copropiedad a la fracci\u00f3n correspondiente a la relaci\u00f3n entre el valor de sus bienes y el de los bienes entregados por nosotros.<\/span><\/p>\n<p><span class=\"notranslate\">(4) Si el valor de todos los valores existentes excede los reclamos existentes en m\u00e1s del 10%, emitiremos los valores que elijamos a pedido del cliente.<\/span><\/p>\n<p class=\"ABSATZ_GROSS\"><span class=\"notranslate\">(5) Tenemos derecho a hacer valer nuestros derechos de reserva de t\u00edtulo sin retirarnos del contrato.<\/span>\u00a0<span class=\"notranslate\">Esto se aplica en particular al incumplimiento del pago del cliente, en el que tenemos derecho a reclamar los bienes reservados sin establecer una fecha l\u00edmite.<\/span><\/p>\n<h2 data-fontsize=\"19\" data-lineheight=\"20\"><span class=\"notranslate\">\u00a7 7 DESCARGO DE RESPONSABILIDAD<\/span><\/h2>\n<p><span class=\"notranslate\">(1) Si hay una transacci\u00f3n comercial para ambas partes, el cliente debe inspeccionar la mercanc\u00eda inmediatamente despu\u00e9s de la recepci\u00f3n, en la medida en que esto sea factible en el curso ordinario de los negocios, y, si aparece un defecto, notif\u00edquenos inmediatamente.<\/span>\u00a0<span class=\"notranslate\">Si el cliente no lo hace, la mercanc\u00eda se considerar\u00e1 aprobada a menos que sea un defecto que no fue identificable durante la investigaci\u00f3n.<\/span>\u00a0<span class=\"notranslate\">Por cierto, se aplican los \u00a7\u00a7 377 ff. HGB.<\/span><\/p>\n<p><span class=\"notranslate\">(2) En caso de una desviaci\u00f3n insignificante de la calidad acordada o en caso de deterioro insignificante de la usabilidad, se excluyen las reclamaciones por defectos.<\/span><\/p>\n<p><span class=\"notranslate\">(3) Las reclamaciones del cliente por defectos est\u00e1n limitadas al rendimiento posterior.<\/span>\u00a0<span class=\"notranslate\">El cliente debe concedernos un per\u00edodo razonable para el desempe\u00f1o suplementario.<\/span>\u00a0<span class=\"notranslate\">El rendimiento suplementario se puede hacer a nuestra discreci\u00f3n mediante la eliminaci\u00f3n de defectos o el reemplazo.<\/span>\u00a0<span class=\"notranslate\">En caso de fallo del rendimiento suplementario, el cliente tiene derecho a reducir su elecci\u00f3n o retirarse del contrato.<\/span>\u00a0<span class=\"notranslate\">Una falla del rendimiento suplementario se da en cada caso solo despu\u00e9s del segundo intento fallido.<\/span><\/p>\n<p><span class=\"notranslate\">(4) Se excluyen otras reclamaciones del cliente, en la medida en que no se deriven de un supuesto de garant\u00eda.<\/span>\u00a0<span class=\"notranslate\">Esto no se aplica a intenci\u00f3n, negligencia grave o incumplimiento de obligaciones contractuales esenciales por parte de nosotros.<\/span><\/p>\n<p class=\"ABSATZ_GROSS\"><span class=\"notranslate\">(5) reclamaciones de recurso del cliente acc.<\/span>\u00a0<span class=\"notranslate\">\u00a7 478 BGB existe solo en la medida en que el cliente y su cliente no tienen ninguna obligaci\u00f3n legal.<\/span>\u00a0<span class=\"notranslate\">Se han hecho reclamos por defectos.<\/span><\/p>\n<h3 data-fontsize=\"15\" data-lineheight=\"20\"><span class=\"notranslate\">\u00a7 8 RESPONSABILIDAD<\/span><\/h3>\n<p><span class=\"notranslate\">(1) Somos responsables de acuerdo con las disposiciones legales por da\u00f1os causados \u200b\u200bpor negligencia leve, por lo que somos responsables, en cuanto a la vida, el cuerpo y la salud no resultaron heridos.<\/span>\u00a0<span class=\"notranslate\">La responsabilidad existe solo en caso de incumplimiento de las obligaciones contractuales esenciales y se limita al da\u00f1o t\u00edpico previsible al final del contrato.<\/span><\/p>\n<p><span class=\"notranslate\">(2) Si nosotros o nuestros representantes o agentes indirectos somos culpables de dolo o negligencia grave, somos responsables de conformidad con las disposiciones legales.<\/span>\u00a0<span class=\"notranslate\">Nuestra responsabilidad es limitada en casos de negligencia grave, en cuanto a la vida, el cuerpo o la salud no se lesion\u00f3, pero se limita al da\u00f1o t\u00edpico previsible en la celebraci\u00f3n del contrato.<\/span><\/p>\n<p><span class=\"notranslate\">(3) A prop\u00f3sito, nuestra responsabilidad por da\u00f1os y perjuicios debido a la imposibilidad y compensaci\u00f3n por gastos desperdiciados est\u00e1 limitada a un total del 20% del valor de la entrega \/ servicio.<\/span>\u00a0<span class=\"notranslate\">Se excluyen otras reclamaciones.<\/span><\/p>\n<p><span class=\"notranslate\">(4) Nuestra responsabilidad por la ocultaci\u00f3n fraudulenta de un defecto, la asunci\u00f3n de una garant\u00eda o un riesgo de adquisici\u00f3n, as\u00ed como la Ley de Responsabilidad del Producto no se ver\u00e1 afectada.<\/span><\/p>\n<p class=\"ABSATZ_GROSS\"><span class=\"notranslate\">(5) En la medida en que nuestra responsabilidad est\u00e1 excluida o limitada, esto tambi\u00e9n se aplica a la responsabilidad personal de nuestros representantes legales y agentes indirectos.<\/span><\/p>\n<h3 data-fontsize=\"15\" data-lineheight=\"20\"><span class=\"notranslate\">\u00a7 9 LIMITACI\u00d3N<\/span><\/h3>\n<p><span class=\"notranslate\">(1) El per\u00edodo de prescripci\u00f3n para reclamos y derechos por defectos, por cualquier raz\u00f3n legal, es de 1 a\u00f1o.<\/span>\u00a0<span class=\"notranslate\">Esto no se aplica a las reclamaciones de recurso.<\/span>\u00a0<span class=\"notranslate\">\u00a7 479 BGB.<\/span>\u00a0<span class=\"notranslate\">Este per\u00edodo de limitaci\u00f3n tambi\u00e9n se aplica a todas las reclamaciones por da\u00f1os y perjuicios del cliente que est\u00e9n relacionadas con un defecto, independientemente de la base legal del reclamo.<\/span><\/p>\n<p class=\"ABSATZ_GROSS\"><span class=\"notranslate\">(2) El per\u00edodo de limitaci\u00f3n acc.<\/span>\u00a0<span class=\"notranslate\">(1) generalmente no es en el intento, ocultaci\u00f3n fraudulenta de un defecto, garant\u00eda, en casos de da\u00f1os a la vida, extremidades o salud, en caso de reclamaciones en virtud de la Ley de Responsabilidad del Producto, negligencia grave o incumplimiento de las obligaciones contractuales esenciales.<\/span><\/p>\n<h3 data-fontsize=\"15\" data-lineheight=\"20\"><span class=\"notranslate\">\u00a7 10 RESPONSABILIDAD, RENDIMIENTO, JURISDICCI\u00d3N<\/span><\/h3>\n<p><span class=\"notranslate\">(1) La invalidez de las disposiciones individuales de este contrato o sus componentes no afectar\u00e1 la validez de las disposiciones restantes. En lugar de la disposici\u00f3n ineficaz, se aplicar\u00e1n las disposiciones legales correspondientes.<\/span><span class=\"notranslate\">Control.<\/span><\/p>\n<p class=\"ABSATZ_GROSS\"><span class=\"notranslate\">(2) El lugar de cumplimiento de todas las obligaciones derivadas directa o indirectamente de esta relaci\u00f3n contractual, incluida la obligaci\u00f3n de pago, es nuestra sede social.<\/span>\u00a0<span class=\"notranslate\">La jurisdicci\u00f3n es tambi\u00e9n nuestra sede.<\/span>\u00a0<span class=\"notranslate\">Sin embargo, tambi\u00e9n tenemos derecho a demandar en un tribunal que es responsable de la sede o una sucursal del cliente.<\/span><\/p>\n<\/div><\/div><\/div><div class=\"fusion-layout-column fusion_builder_column fusion-builder-column-1 fusion_builder_column_1_3 1_3 fusion-flex-column\" style=\"--awb-bg-size:cover;--awb-width-large:33.333333333333%;--awb-margin-top-large:0px;--awb-spacing-right-large:4.365%;--awb-margin-bottom-large:0px;--awb-spacing-left-large:3.8799999999999%;--awb-width-medium:33.333333333333%;--awb-spacing-right-medium:4.365%;--awb-spacing-left-medium:3.8799999999999%;--awb-width-small:100%;--awb-spacing-right-small:1.455%;--awb-spacing-left-small:1.455%;\"><div class=\"fusion-column-wrapper fusion-flex-justify-content-flex-start fusion-content-layout-column\"><div class=\"fusion-text fusion-text-2\"><p class=\"ABSATZ_BEIDE\"><span class=\"notranslate\">N\u00famero de registro comercial: HRB 6248<\/span><br \/>\n<span class=\"notranslate\">Tribunal de registro: Amtsgericht Bamberg<\/span><br \/>\n<span class=\"notranslate\">N\u00famero de identificaci\u00f3n fiscal: DE 263 015 356<\/span><br \/>\n<span class=\"notranslate\">Responsable: U. Magasch\u00fctz<\/span><\/p>\n<hr \/>\n<p>NB PARTS GmbH<br \/>\nDaimlerstra\u00dfe 7<br \/>\nD-91301 Forchheim<br \/>\nDeutschland<\/p>\n<p><a href=\"mailto:info@nb-parts.de\" target=\"_blank\" rel=\"noopener\">info@nb-parts.de<\/a><br \/>\nTel. 09191 3416 0<br \/>\nFax 09191 3416 199<\/p>\n<\/div><\/div><\/div><\/div><\/div>\n","protected":false},"excerpt":{"rendered":"","protected":false},"author":4,"featured_media":0,"parent":0,"menu_order":0,"comment_status":"closed","ping_status":"closed","template":"","meta":{"footnotes":""},"class_list":["post-13415","page","type-page","status-publish","hentry"],"yoast_head":"<!-- This site is optimized with the Yoast SEO Premium plugin v27.4 (Yoast SEO v27.4) - https:\/\/yoast.com\/product\/yoast-seo-premium-wordpress\/ -->\n<title>Condiciones - NB PARTS GmbH<\/title>\n<meta name=\"robots\" content=\"index, follow, max-snippet:-1, max-image-preview:large, max-video-preview:-1\" \/>\n<link rel=\"canonical\" href=\"https:\/\/nb-parts.de\/es\/condiciones\/\" \/>\n<meta property=\"og:locale\" content=\"es_ES\" \/>\n<meta property=\"og:type\" content=\"article\" \/>\n<meta property=\"og:title\" content=\"Condiciones\" \/>\n<meta property=\"og:url\" content=\"https:\/\/nb-parts.de\/es\/condiciones\/\" \/>\n<meta property=\"og:site_name\" content=\"NB PARTS GmbH\" \/>\n<meta property=\"article:modified_time\" content=\"2018-02-01T13:11:42+00:00\" \/>\n<meta property=\"og:image\" content=\"https:\/\/nb-parts.de\/wp-content\/uploads\/2017\/04\/NB-parts-zieht-um.jpg\" \/>\n\t<meta property=\"og:image:width\" content=\"713\" \/>\n\t<meta property=\"og:image:height\" content=\"300\" \/>\n\t<meta property=\"og:image:type\" content=\"image\/jpeg\" \/>\n<meta name=\"twitter:label1\" content=\"Tiempo de lectura\" \/>\n\t<meta name=\"twitter:data1\" content=\"11 minutos\" \/>\n<script type=\"application\/ld+json\" class=\"yoast-schema-graph\">{\"@context\":\"https:\\\/\\\/schema.org\",\"@graph\":[{\"@type\":\"WebPage\",\"@id\":\"https:\\\/\\\/nb-parts.de\\\/es\\\/condiciones\\\/\",\"url\":\"https:\\\/\\\/nb-parts.de\\\/es\\\/condiciones\\\/\",\"name\":\"Condiciones - NB PARTS GmbH\",\"isPartOf\":{\"@id\":\"https:\\\/\\\/nb-parts.de\\\/es\\\/#website\"},\"datePublished\":\"2017-12-11T10:47:10+00:00\",\"dateModified\":\"2018-02-01T13:11:42+00:00\",\"breadcrumb\":{\"@id\":\"https:\\\/\\\/nb-parts.de\\\/es\\\/condiciones\\\/#breadcrumb\"},\"inLanguage\":\"es\",\"potentialAction\":[{\"@type\":\"ReadAction\",\"target\":[\"https:\\\/\\\/nb-parts.de\\\/es\\\/condiciones\\\/\"]}]},{\"@type\":\"BreadcrumbList\",\"@id\":\"https:\\\/\\\/nb-parts.de\\\/es\\\/condiciones\\\/#breadcrumb\",\"itemListElement\":[{\"@type\":\"ListItem\",\"position\":1,\"name\":\"Startseite\",\"item\":\"https:\\\/\\\/nb-parts.de\\\/es\\\/\"},{\"@type\":\"ListItem\",\"position\":2,\"name\":\"Condiciones\"}]},{\"@type\":\"WebSite\",\"@id\":\"https:\\\/\\\/nb-parts.de\\\/es\\\/#website\",\"url\":\"https:\\\/\\\/nb-parts.de\\\/es\\\/\",\"name\":\"NB PARTS GmbH\",\"description\":\"Ersatzteile - Aufarbeitung - Fertigung\",\"publisher\":{\"@id\":\"https:\\\/\\\/nb-parts.de\\\/es\\\/#organization\"},\"potentialAction\":[{\"@type\":\"SearchAction\",\"target\":{\"@type\":\"EntryPoint\",\"urlTemplate\":\"https:\\\/\\\/nb-parts.de\\\/es\\\/?s={search_term_string}\"},\"query-input\":{\"@type\":\"PropertyValueSpecification\",\"valueRequired\":true,\"valueName\":\"search_term_string\"}}],\"inLanguage\":\"es\"},{\"@type\":\"Organization\",\"@id\":\"https:\\\/\\\/nb-parts.de\\\/es\\\/#organization\",\"name\":\"NB PARTS GmbH\",\"url\":\"https:\\\/\\\/nb-parts.de\\\/es\\\/\",\"logo\":{\"@type\":\"ImageObject\",\"inLanguage\":\"es\",\"@id\":\"https:\\\/\\\/nb-parts.de\\\/es\\\/#\\\/schema\\\/logo\\\/image\\\/\",\"url\":\"https:\\\/\\\/nb-parts.de\\\/wp-content\\\/uploads\\\/2021\\\/06\\\/LOGO01.jpg\",\"contentUrl\":\"https:\\\/\\\/nb-parts.de\\\/wp-content\\\/uploads\\\/2021\\\/06\\\/LOGO01.jpg\",\"width\":1000,\"height\":1000,\"caption\":\"NB PARTS GmbH\"},\"image\":{\"@id\":\"https:\\\/\\\/nb-parts.de\\\/es\\\/#\\\/schema\\\/logo\\\/image\\\/\"},\"sameAs\":[\"https:\\\/\\\/www.youtube.com\\\/watch?v=E_90qxvrVlA\"]}]}<\/script>\n<!-- \/ Yoast SEO Premium plugin. -->","yoast_head_json":{"title":"Condiciones - NB PARTS GmbH","robots":{"index":"index","follow":"follow","max-snippet":"max-snippet:-1","max-image-preview":"max-image-preview:large","max-video-preview":"max-video-preview:-1"},"canonical":"https:\/\/nb-parts.de\/es\/condiciones\/","og_locale":"es_ES","og_type":"article","og_title":"Condiciones","og_url":"https:\/\/nb-parts.de\/es\/condiciones\/","og_site_name":"NB PARTS GmbH","article_modified_time":"2018-02-01T13:11:42+00:00","og_image":[{"width":713,"height":300,"url":"https:\/\/nb-parts.de\/wp-content\/uploads\/2017\/04\/NB-parts-zieht-um.jpg","type":"image\/jpeg"}],"twitter_misc":{"Tiempo de lectura":"11 minutos"},"schema":{"@context":"https:\/\/schema.org","@graph":[{"@type":"WebPage","@id":"https:\/\/nb-parts.de\/es\/condiciones\/","url":"https:\/\/nb-parts.de\/es\/condiciones\/","name":"Condiciones - NB PARTS GmbH","isPartOf":{"@id":"https:\/\/nb-parts.de\/es\/#website"},"datePublished":"2017-12-11T10:47:10+00:00","dateModified":"2018-02-01T13:11:42+00:00","breadcrumb":{"@id":"https:\/\/nb-parts.de\/es\/condiciones\/#breadcrumb"},"inLanguage":"es","potentialAction":[{"@type":"ReadAction","target":["https:\/\/nb-parts.de\/es\/condiciones\/"]}]},{"@type":"BreadcrumbList","@id":"https:\/\/nb-parts.de\/es\/condiciones\/#breadcrumb","itemListElement":[{"@type":"ListItem","position":1,"name":"Startseite","item":"https:\/\/nb-parts.de\/es\/"},{"@type":"ListItem","position":2,"name":"Condiciones"}]},{"@type":"WebSite","@id":"https:\/\/nb-parts.de\/es\/#website","url":"https:\/\/nb-parts.de\/es\/","name":"NB PARTS GmbH","description":"Ersatzteile - Aufarbeitung - Fertigung","publisher":{"@id":"https:\/\/nb-parts.de\/es\/#organization"},"potentialAction":[{"@type":"SearchAction","target":{"@type":"EntryPoint","urlTemplate":"https:\/\/nb-parts.de\/es\/?s={search_term_string}"},"query-input":{"@type":"PropertyValueSpecification","valueRequired":true,"valueName":"search_term_string"}}],"inLanguage":"es"},{"@type":"Organization","@id":"https:\/\/nb-parts.de\/es\/#organization","name":"NB PARTS GmbH","url":"https:\/\/nb-parts.de\/es\/","logo":{"@type":"ImageObject","inLanguage":"es","@id":"https:\/\/nb-parts.de\/es\/#\/schema\/logo\/image\/","url":"https:\/\/nb-parts.de\/wp-content\/uploads\/2021\/06\/LOGO01.jpg","contentUrl":"https:\/\/nb-parts.de\/wp-content\/uploads\/2021\/06\/LOGO01.jpg","width":1000,"height":1000,"caption":"NB PARTS GmbH"},"image":{"@id":"https:\/\/nb-parts.de\/es\/#\/schema\/logo\/image\/"},"sameAs":["https:\/\/www.youtube.com\/watch?v=E_90qxvrVlA"]}]}},"_links":{"self":[{"href":"https:\/\/nb-parts.de\/es\/wp-json\/wp\/v2\/pages\/13415","targetHints":{"allow":["GET"]}}],"collection":[{"href":"https:\/\/nb-parts.de\/es\/wp-json\/wp\/v2\/pages"}],"about":[{"href":"https:\/\/nb-parts.de\/es\/wp-json\/wp\/v2\/types\/page"}],"author":[{"embeddable":true,"href":"https:\/\/nb-parts.de\/es\/wp-json\/wp\/v2\/users\/4"}],"replies":[{"embeddable":true,"href":"https:\/\/nb-parts.de\/es\/wp-json\/wp\/v2\/comments?post=13415"}],"version-history":[{"count":0,"href":"https:\/\/nb-parts.de\/es\/wp-json\/wp\/v2\/pages\/13415\/revisions"}],"wp:attachment":[{"href":"https:\/\/nb-parts.de\/es\/wp-json\/wp\/v2\/media?parent=13415"}],"curies":[{"name":"wp","href":"https:\/\/api.w.org\/{rel}","templated":true}]}}