{"id":13479,"date":"2017-12-13T14:14:23","date_gmt":"2017-12-13T13:14:23","guid":{"rendered":"https:\/\/nb-parts.de\/friction-materials-sintered\/"},"modified":"2020-08-20T14:42:24","modified_gmt":"2020-08-20T12:42:24","slug":"friction-materials-sintered","status":"publish","type":"page","link":"https:\/\/nb-parts.de\/es\/produccion\/friction-materials-sintered\/","title":{"rendered":"Materiales de fricci\u00f3n sinterizados"},"content":{"rendered":"<p><div class=\"fusion-fullwidth fullwidth-box fusion-builder-row-1 fusion-flex-container nonhundred-percent-fullwidth non-hundred-percent-height-scrolling\" style=\"--awb-border-radius-top-left:0px;--awb-border-radius-top-right:0px;--awb-border-radius-bottom-right:0px;--awb-border-radius-bottom-left:0px;--awb-flex-wrap:wrap;\" ><div class=\"fusion-builder-row fusion-row fusion-flex-align-items-flex-start fusion-flex-content-wrap\" style=\"max-width:calc( 999px + 0px );margin-left: calc(-0px \/ 2 );margin-right: calc(-0px \/ 2 );\"><div class=\"fusion-layout-column fusion_builder_column fusion-builder-column-0 fusion_builder_column_1_1 1_1 fusion-flex-column\" style=\"--awb-bg-size:cover;--awb-width-large:100%;--awb-margin-top-large:0px;--awb-spacing-right-large:0px;--awb-margin-bottom-large:11px;--awb-spacing-left-large:0px;--awb-width-medium:100%;--awb-spacing-right-medium:0px;--awb-spacing-left-medium:0px;--awb-width-small:100%;--awb-spacing-right-small:0px;--awb-spacing-left-small:0px;\"><div class=\"fusion-column-wrapper fusion-flex-justify-content-flex-start fusion-content-layout-column\"><div class=\"fusion-image-element \" style=\"--awb-bottom-shadow-color:rgba(0,0,0,0.4);--awb-caption-title-font-family:var(--h2_typography-font-family);--awb-caption-title-font-weight:var(--h2_typography-font-weight);--awb-caption-title-font-style:var(--h2_typography-font-style);--awb-caption-title-size:var(--h2_typography-font-size);--awb-caption-title-transform:var(--h2_typography-text-transform);--awb-caption-title-line-height:var(--h2_typography-line-height);--awb-caption-title-letter-spacing:var(--h2_typography-letter-spacing);\"><div class=\"awb-image-frame awb-image-frame-1 awb-bottomshadow\"><span class=\" fusion-imageframe imageframe-bottomshadow imageframe-1 hover-type-none\"><img decoding=\"async\" width=\"768\" height=\"200\" title=\"visual_fertig_sinterprodukte\" src=\"https:\/\/nb-parts.de\/wp-content\/uploads\/2017\/12\/visual_fertig_sinterprodukte.jpg\" alt class=\"img-responsive wp-image-11993\" srcset=\"https:\/\/nb-parts.de\/wp-content\/uploads\/2017\/12\/visual_fertig_sinterprodukte-200x52.jpg 200w, https:\/\/nb-parts.de\/wp-content\/uploads\/2017\/12\/visual_fertig_sinterprodukte-400x104.jpg 400w, https:\/\/nb-parts.de\/wp-content\/uploads\/2017\/12\/visual_fertig_sinterprodukte-600x156.jpg 600w, https:\/\/nb-parts.de\/wp-content\/uploads\/2017\/12\/visual_fertig_sinterprodukte.jpg 768w\" sizes=\"(max-width: 640px) 100vw, 768px\" \/><\/span><svg xmlns=\"http:\/\/www.w3.org\/2000\/svg\" version=\"1.1\" width=\"100%\" viewBox=\"0 0 600 28\" preserveAspectRatio=\"none\"><g clip-path=\"url(#a)\"><mask id=\"b\" style=\"mask-type:luminance\" maskUnits=\"userSpaceOnUse\" x=\"0\" y=\"0\" width=\"600\" height=\"28\"><path d=\"M0 0h600v28H0V0Z\" fill=\"#fff\"\/><\/mask><g filter=\"url(#c)\" mask=\"url(#b)\"><path d=\"M16.439-18.667h567.123v30.8S438.961-8.4 300-8.4C161.04-8.4 16.438 12.133 16.438 12.133v-30.8Z\" fill=\"#000\"\/><\/g><\/g><defs><clipPath id=\"a\"><path fill=\"#fff\" d=\"M0 0h600v28H0z\"\/><\/clipPath><filter id=\"c\" x=\"5.438\" y=\"-29.667\" width=\"589.123\" height=\"52.8\" filterUnits=\"userSpaceOnUse\" color-interpolation-filters=\"sRGB\"><feFlood flood-opacity=\"0\" result=\"BackgroundImageFix\"\/><feBlend in=\"SourceGraphic\" in2=\"BackgroundImageFix\" result=\"shape\"\/><feGaussianBlur stdDeviation=\"5.5\" result=\"effect1_foregroundBlur_3983_183\"\/><\/filter><\/defs><\/svg><\/div><\/div><\/div><\/div><\/div><\/div><div class=\"fusion-fullwidth fullwidth-box fusion-builder-row-2 fusion-flex-container nonhundred-percent-fullwidth non-hundred-percent-height-scrolling\" style=\"--awb-border-radius-top-left:0px;--awb-border-radius-top-right:0px;--awb-border-radius-bottom-right:0px;--awb-border-radius-bottom-left:0px;--awb-flex-wrap:wrap;\" ><div class=\"fusion-builder-row fusion-row fusion-flex-align-items-flex-start fusion-flex-content-wrap\" style=\"max-width:1028.97px;margin-left: calc(-3% \/ 2 );margin-right: calc(-3% \/ 2 );\"><div class=\"fusion-layout-column fusion_builder_column fusion-builder-column-1 fusion_builder_column_1_4 1_4 fusion-flex-column\" style=\"--awb-bg-size:cover;--awb-width-large:25%;--awb-margin-top-large:0px;--awb-spacing-right-large:5.82%;--awb-margin-bottom-large:11px;--awb-spacing-left-large:5.82%;--awb-width-medium:25%;--awb-spacing-right-medium:5.82%;--awb-spacing-left-medium:5.82%;--awb-width-small:100%;--awb-spacing-right-small:1.455%;--awb-spacing-left-small:1.455%;\"><div class=\"fusion-column-wrapper fusion-flex-justify-content-flex-start fusion-content-layout-column\"><div style=\"text-align:center;\"><a class=\"fusion-button button-flat button-medium button-lightgray fusion-button-lightgray button-1 fusion-button-span-yes fusion-button-default-type\" target=\"_blank\" rel=\"noopener noreferrer\" href=\"https:\/\/nb-parts.de\/pdf\/brochures\/nb-parts-brochure_plates.pdf\"><i class=\" fa fa-download awb-button__icon awb-button__icon--default button-icon-left\" aria-hidden=\"true\"><\/i><span class=\"fusion-button-text awb-button__text awb-button__text--default\">PDF Sinter &amp; steel plates<\/span><\/a><\/div><\/div><\/div><div class=\"fusion-layout-column fusion_builder_column fusion-builder-column-2 fusion_builder_column_1_4 1_4 fusion-flex-column\" style=\"--awb-bg-size:cover;--awb-width-large:25%;--awb-margin-top-large:0px;--awb-spacing-right-large:5.82%;--awb-margin-bottom-large:11px;--awb-spacing-left-large:5.82%;--awb-width-medium:25%;--awb-spacing-right-medium:5.82%;--awb-spacing-left-medium:5.82%;--awb-width-small:100%;--awb-spacing-right-small:1.455%;--awb-spacing-left-small:1.455%;\"><div class=\"fusion-column-wrapper fusion-flex-justify-content-flex-start fusion-content-layout-column\"><div style=\"text-align:center;\"><a class=\"fusion-button button-flat button-medium button-lightgray fusion-button-lightgray button-2 fusion-button-span-yes fusion-button-default-type\" target=\"_blank\" rel=\"noopener noreferrer\" href=\"https:\/\/nb-parts.de\/pdf\/brochures\/nb-parts_clutchbuttons_kupplungssegmente.pdf\"><i class=\" fa fa-download awb-button__icon awb-button__icon--default button-icon-left\" aria-hidden=\"true\"><\/i><span class=\"fusion-button-text awb-button__text awb-button__text--default\">PDF Clutch buttons<\/span><\/a><\/div><\/div><\/div><div class=\"fusion-layout-column fusion_builder_column fusion-builder-column-3 fusion_builder_column_1_4 1_4 fusion-flex-column\" style=\"--awb-bg-size:cover;--awb-width-large:25%;--awb-margin-top-large:0px;--awb-spacing-right-large:5.82%;--awb-margin-bottom-large:11px;--awb-spacing-left-large:5.82%;--awb-width-medium:25%;--awb-spacing-right-medium:5.82%;--awb-spacing-left-medium:5.82%;--awb-width-small:100%;--awb-spacing-right-small:1.455%;--awb-spacing-left-small:1.455%;\"><div class=\"fusion-column-wrapper fusion-flex-justify-content-flex-start fusion-content-layout-column\"><div style=\"text-align:center;\"><a class=\"fusion-button button-flat button-medium button-lightgray fusion-button-lightgray button-3 fusion-button-span-yes fusion-button-default-type\" target=\"_blank\" rel=\"noopener noreferrer\" href=\"https:\/\/nb-parts.de\/pdf\/info\/nb-parts_processing_sinter.pdf\"><i class=\" fa fa-download awb-button__icon awb-button__icon--default button-icon-left\" aria-hidden=\"true\"><\/i><span class=\"fusion-button-text awb-button__text awb-button__text--default\">PDF Process Sinter<\/span><\/a><\/div><\/div><\/div><div class=\"fusion-layout-column fusion_builder_column fusion-builder-column-4 fusion_builder_column_1_4 1_4 fusion-flex-column\" style=\"--awb-bg-size:cover;--awb-width-large:25%;--awb-margin-top-large:0px;--awb-spacing-right-large:5.82%;--awb-margin-bottom-large:11px;--awb-spacing-left-large:5.82%;--awb-width-medium:25%;--awb-spacing-right-medium:5.82%;--awb-spacing-left-medium:5.82%;--awb-width-small:100%;--awb-spacing-right-small:1.455%;--awb-spacing-left-small:1.455%;\"><div class=\"fusion-column-wrapper fusion-flex-justify-content-flex-start fusion-content-layout-column\"><div style=\"text-align:center;\"><a class=\"fusion-button button-flat button-medium button-lightgray fusion-button-lightgray button-4 fusion-button-span-yes fusion-button-default-type\" target=\"_blank\" rel=\"noopener noreferrer\" href=\"https:\/\/nb-parts.de\/pdf\/info\/nb-parts_processing_sprinkle-sinter.pdf\"><i class=\" fa fa-download awb-button__icon awb-button__icon--default button-icon-left\" aria-hidden=\"true\"><\/i><span class=\"fusion-button-text awb-button__text awb-button__text--default\">PDF Process sprinkle sinter<\/span><\/a><\/div><\/div><\/div><div class=\"fusion-layout-column fusion_builder_column fusion-builder-column-5 fusion_builder_column_1_1 1_1 fusion-flex-column\" style=\"--awb-bg-size:cover;--awb-width-large:100%;--awb-margin-top-large:0px;--awb-spacing-right-large:1.455%;--awb-margin-bottom-large:11px;--awb-spacing-left-large:1.455%;--awb-width-medium:100%;--awb-spacing-right-medium:1.455%;--awb-spacing-left-medium:1.455%;--awb-width-small:100%;--awb-spacing-right-small:1.455%;--awb-spacing-left-small:1.455%;\"><div class=\"fusion-column-wrapper fusion-flex-justify-content-flex-start fusion-content-layout-column\"><\/div><\/div><\/div><\/div><div class=\"fusion-fullwidth fullwidth-box fusion-builder-row-3 fusion-flex-container nonhundred-percent-fullwidth non-hundred-percent-height-scrolling\" style=\"--awb-background-position:left top;--awb-background-repeat:repeat;--awb-border-sizes-top:0px;--awb-border-sizes-bottom:0px;--awb-border-sizes-left:0px;--awb-border-sizes-right:0px;--awb-border-radius-top-left:0px;--awb-border-radius-top-right:0px;--awb-border-radius-bottom-right:0px;--awb-border-radius-bottom-left:0px;--awb-padding-top:22px;--awb-flex-wrap:wrap;\" ><div class=\"fusion-builder-row fusion-row fusion-flex-align-items-flex-start fusion-flex-content-wrap\" style=\"max-width:1028.97px;margin-left: calc(-3% \/ 2 );margin-right: calc(-3% \/ 2 );\"><div class=\"fusion-layout-column fusion_builder_column fusion-builder-column-6 fusion_builder_column_2_3 2_3 fusion-flex-column fusion-flex-align-self-flex-start fusion-column-no-min-height\" style=\"--awb-bg-size:cover;--awb-width-large:66.666666666667%;--awb-margin-top-large:0px;--awb-spacing-right-large:3.88%;--awb-margin-bottom-large:0px;--awb-spacing-left-large:2.1825%;--awb-width-medium:66.666666666667%;--awb-spacing-right-medium:3.88%;--awb-spacing-left-medium:2.1825%;--awb-width-small:100%;--awb-spacing-right-small:1.455%;--awb-spacing-left-small:1.455%;\"><div class=\"fusion-column-wrapper fusion-flex-justify-content-flex-start fusion-content-layout-column\"><div class=\"fusion-text fusion-text-1\"><h4 data-fontsize=\"13\" data-lineheight=\"20\"><span class=\"notranslate\">MATERIALES SINTERIZADOS<\/span><\/h4>\n<p class=\"ABSATZ_SEHR_GROSS\"><span class=\"notranslate\">Aplicaciones industriales<\/span><br \/>\n<span class=\"notranslate\">Los materiales de fricci\u00f3n de metalurgia de polvo se basan en una matriz de metal que incorpora aditivos minerales, met\u00e1licos, no met\u00e1licos o cer\u00e1micos, as\u00ed como abrasivos y lubricantes s\u00f3lidos.<\/span>\u00a0<span class=\"notranslate\">La composici\u00f3n de los materiales compuestos y la proporci\u00f3n de la matriz met\u00e1lica contribuyen significativamente a una buena conductividad t\u00e9rmica y una mayor resistencia a la temperatura.<\/span>\u00a0<span class=\"notranslate\">Los revestimientos sinterizados se utilizan por lo tanto en aplicaciones t\u00e9rmicamente muy estresadas (por ejemplo, embragues y frenos en tecnolog\u00eda de transmisi\u00f3n, en ingenier\u00eda mec\u00e1nica y en veh\u00edculos comerciales de alto rendimiento como tractores, maquinaria agr\u00edcola y de construcci\u00f3n) para sistemas de funcionamiento en seco y en mojado.<\/span><\/p>\n<p><span class=\"notranslate\">En los procesos de sinterizaci\u00f3n, las mezclas de polvo se llevan a una atm\u00f3sfera protectora controlada y por debajo de la temperatura de fusi\u00f3n para el recocido (sinterizaci\u00f3n).<\/span>\u00a0<span class=\"notranslate\">Los gases escapan, dando a los forros de fricci\u00f3n sinterizados su caracter\u00edstica estructura porosa.<\/span>\u00a0<span class=\"notranslate\">En Aufstreuverfahren tambi\u00e9n se pueden producir recubrimientos sinterizados delgados con alta porosidad, las capas de fricci\u00f3n altamente porosas favorecen el enfriamiento del l\u00edquido y el aceite.<\/span>\u00a0<span class=\"notranslate\">La producci\u00f3n de materiales de fricci\u00f3n sinterizada se lleva a cabo por contratistas independientes certificados por ISO.<\/span><\/p>\n<h4 data-fontsize=\"13\" data-lineheight=\"20\"><span class=\"notranslate\">DISCOS DE FRENO WET<\/span><\/h4>\n<p><span class=\"notranslate\">Generalmente tambi\u00e9n se encuentran en la categor\u00eda de discos de fricci\u00f3n, discos de freno mojados o paquetes de discos de freno instalados en tractores de alto rendimiento y veh\u00edculos comerciales, especialmente en frenos de rampa de bola y ba\u00f1o de aceite con frenos de disco completos.<\/span>\u00a0<span class=\"notranslate\">A menudo se los conoce como discos de cobertura o simplemente como discos de freno (completamente ocupados).<\/span>\u00a0<span class=\"notranslate\">Adem\u00e1s de los anillos de uni\u00f3n unidos org\u00e1nicamente en funcionamiento en seco, cada vez se utilizan m\u00e1s discos de fricci\u00f3n con revestimientos sinterizados.<\/span><br \/>\n<span class=\"notranslate\">1) discos de freno mojados en varias geometr\u00edas<\/span><br \/>\n<span class=\"notranslate\">2) forros de fricci\u00f3n en diversas calidades (tambi\u00e9n posibles revestimientos de papel o grafito)<\/span><br \/>\n<span class=\"notranslate\">3) varias superficies de revestimiento de fricci\u00f3n sinterizada por ranurado y patr\u00f3n de surco<\/span><br \/>\n<span class=\"notranslate\">&#8230; (waffle, sunburst, radial, espiral, plan, paralelo, 2 veces paralelo, 3 veces paralelo, combinable)<\/span><br \/>\n<span class=\"notranslate\">4) Discos de soporte en varios dise\u00f1os, engranajes internos (normales, reforzados)<\/span><br \/>\n<span class=\"notranslate\">5) arandelas correspondientes<\/span><\/p>\n<h4 data-fontsize=\"13\" data-lineheight=\"20\"><span class=\"notranslate\">MOLIENDA Y ABRAZADERAS DE ACERO<\/span><\/h4>\n<p><span class=\"notranslate\">Asimismo, se asignan a la categor\u00eda placas de fricci\u00f3n, las placas de fricci\u00f3n y sus contracuchillas se instalan en paquetes de discos para embragues de fricci\u00f3n no positivos y frenos de fricci\u00f3n.<\/span><br \/>\n<span class=\"notranslate\">Ya sea en embragues, embragues de seguridad o frenos de retenci\u00f3n: frenos multidisco y embragues de discos m\u00faltiples (o incluso embragues de discos m\u00faltiples, embragues de discos de fricci\u00f3n) se utilizan en numerosas aplicaciones de funcionamiento en seco y en h\u00famedo de la tecnolog\u00eda de transmisi\u00f3n.<\/span>\u00a0<span class=\"notranslate\">El dise\u00f1o de los materiales de fricci\u00f3n y el dise\u00f1o de las placas de fricci\u00f3n y acero depende de muchos par\u00e1metros, como el apareamiento de fricci\u00f3n, el desgaste, la presi\u00f3n superficial, la temperatura, la velocidad de deslizamiento, el flujo de aceite y la lubricaci\u00f3n, y mucho m\u00e1s.<\/span><br \/>\n<span class=\"notranslate\">1) revestimientos de bronce sinterizado en varios espesores, capa fina sinterizada con Aufstreuverfahren<\/span><br \/>\n<span class=\"notranslate\">2) numerosas posibilidades de educaci\u00f3n superficial de fricci\u00f3n mediante ranurado y ranurado<\/span><br \/>\n<span class=\"notranslate\">&#8230; (waffle, sunburst, radial, espiral, plan, paralelo, 2 veces paralelo, 3 veces paralelo, combinable)<\/span><br \/>\n<span class=\"notranslate\">3) Aplicaci\u00f3n de recubrimiento (simple \/ doble cara, con anillo \/ segmentos, sinterizado \/ pegado \/ remachado)<\/span><br \/>\n<span class=\"notranslate\">4) funcionamiento mojado y seco<\/span><br \/>\n<span class=\"notranslate\">5) placas de fricci\u00f3n tambi\u00e9n con carbono, elast\u00f3mero, grafito, revestimientos de papel<\/span><br \/>\n<span class=\"notranslate\">&#8230; (posibles socios de fricci\u00f3n: acero, acero fundido, hierro fundido gris)<\/span><br \/>\n<span class=\"notranslate\">6) Versi\u00f3n como placa interior o placa exterior (perfil de conducci\u00f3n: dientes, levas, ranuras)<\/span><br \/>\n<span class=\"notranslate\">7) Contracuchillas de acero y laminillas del portador en espesores apropiados<\/span><br \/>\n<span class=\"notranslate\">&#8230; (endurecido, ranurado, con hendiduras, con ondas sinusoidales)<\/span><\/p>\n<h4 data-fontsize=\"13\" data-lineheight=\"20\"><span class=\"notranslate\">MARIPOSAS SINTERIZADAS<\/span><\/h4>\n<p><span class=\"notranslate\">Sinterizados en placas portadoras y clasificados en la categor\u00eda de pastillas de freno de disco, las pastillas de fricci\u00f3n se utilizan en frenos de disco industriales, en pinzas o pinzas de freno.<\/span>\u00a0<span class=\"notranslate\">Debido a la gran variedad de frenos de disco, que se accionan electromagn\u00e9ticamente, electromec\u00e1nicamente, neum\u00e1ticamente, hidr\u00e1ulicamente, manualmente o accionados por resorte o ventilados o sin ventilaci\u00f3n, la producci\u00f3n de pastillas de freno sinterizadas se lleva a cabo de acuerdo con criterios espec\u00edficos del cliente.<\/span><br \/>\n<span class=\"notranslate\">En el proceso de sinterizaci\u00f3n, los materiales de fricci\u00f3n en seco se procesan en piezas de forma compacta o se sinterizan como revestimientos de fricci\u00f3n en placas portadoras de acero pretratadas.<\/span>\u00a0<span class=\"notranslate\">Los materiales sinterizados est\u00e1n dise\u00f1ados para cargas muy elevadas con poco desgaste.<\/span>\u00a0<span class=\"notranslate\">Entre otras cosas, se utilizan en acimut y frenos de rotor de turbinas e\u00f3licas.<\/span>\u00a0<span class=\"notranslate\">Debido a la disposici\u00f3n de \u00e1rea peque\u00f1a de los numerosos elementos de fricci\u00f3n cil\u00edndricos, se puede reducir una distribuci\u00f3n de presi\u00f3n superficial m\u00e1s uniforme y bandas calientes o la formaci\u00f3n de puntos calientes en la superficie del mostrador.<\/span><\/p>\n<\/div><\/div><\/div><div class=\"fusion-layout-column fusion_builder_column fusion-builder-column-7 fusion_builder_column_1_3 1_3 fusion-flex-column fusion-flex-align-self-flex-start fusion-column-no-min-height\" style=\"--awb-bg-size:cover;--awb-width-large:33.333333333333%;--awb-margin-top-large:0px;--awb-spacing-right-large:4.365%;--awb-margin-bottom-large:0px;--awb-spacing-left-large:3.88%;--awb-width-medium:33.333333333333%;--awb-spacing-right-medium:4.365%;--awb-spacing-left-medium:3.88%;--awb-width-small:100%;--awb-spacing-right-small:1.455%;--awb-spacing-left-small:1.455%;\"><div class=\"fusion-column-wrapper fusion-flex-justify-content-flex-start fusion-content-layout-column\"><div class=\"fusion-text fusion-text-2\"><h4 data-fontsize=\"13\" data-lineheight=\"20\"><span class=\"notranslate\">CUALIDADES<\/span><\/h4>\n<p>NB600 Serie<\/p>\n<\/div><\/div><\/div><\/div><\/div><\/p>\n","protected":false},"excerpt":{"rendered":"","protected":false},"author":4,"featured_media":0,"parent":20466,"menu_order":0,"comment_status":"closed","ping_status":"closed","template":"","meta":{"footnotes":""},"class_list":["post-13479","page","type-page","status-publish","hentry"],"yoast_head":"<!-- This site is optimized with the Yoast SEO Premium plugin v27.4 (Yoast SEO v27.5) - https:\/\/yoast.com\/product\/yoast-seo-premium-wordpress\/ -->\n<title>Materiales de fricci\u00f3n sinterizados - NB PARTS GmbH<\/title>\n<meta name=\"robots\" content=\"index, follow, max-snippet:-1, max-image-preview:large, max-video-preview:-1\" \/>\n<link rel=\"canonical\" href=\"https:\/\/nb-parts.de\/es\/produccion\/friction-materials-sintered\/\" \/>\n<meta property=\"og:locale\" content=\"es_ES\" \/>\n<meta property=\"og:type\" content=\"article\" \/>\n<meta property=\"og:title\" content=\"Materiales de fricci\u00f3n sinterizados\" \/>\n<meta property=\"og:url\" content=\"https:\/\/nb-parts.de\/es\/produccion\/friction-materials-sintered\/\" \/>\n<meta property=\"og:site_name\" content=\"NB PARTS GmbH\" \/>\n<meta property=\"article:modified_time\" content=\"2020-08-20T12:42:24+00:00\" \/>\n<meta property=\"og:image\" content=\"https:\/\/nb-parts.de\/wp-content\/uploads\/2017\/04\/NB-parts-zieht-um.jpg\" \/>\n\t<meta property=\"og:image:width\" content=\"713\" \/>\n\t<meta property=\"og:image:height\" content=\"300\" \/>\n\t<meta property=\"og:image:type\" content=\"image\/jpeg\" \/>\n<meta name=\"twitter:label1\" content=\"Tiempo de lectura\" \/>\n\t<meta name=\"twitter:data1\" content=\"11 minutos\" \/>\n<script type=\"application\/ld+json\" class=\"yoast-schema-graph\">{\"@context\":\"https:\\\/\\\/schema.org\",\"@graph\":[{\"@type\":\"WebPage\",\"@id\":\"https:\\\/\\\/nb-parts.de\\\/es\\\/produccion\\\/friction-materials-sintered\\\/\",\"url\":\"https:\\\/\\\/nb-parts.de\\\/es\\\/produccion\\\/friction-materials-sintered\\\/\",\"name\":\"Materiales de fricci\u00f3n sinterizados - NB PARTS GmbH\",\"isPartOf\":{\"@id\":\"https:\\\/\\\/nb-parts.de\\\/es\\\/#website\"},\"datePublished\":\"2017-12-13T13:14:23+00:00\",\"dateModified\":\"2020-08-20T12:42:24+00:00\",\"breadcrumb\":{\"@id\":\"https:\\\/\\\/nb-parts.de\\\/es\\\/produccion\\\/friction-materials-sintered\\\/#breadcrumb\"},\"inLanguage\":\"es\",\"potentialAction\":[{\"@type\":\"ReadAction\",\"target\":[\"https:\\\/\\\/nb-parts.de\\\/es\\\/produccion\\\/friction-materials-sintered\\\/\"]}]},{\"@type\":\"BreadcrumbList\",\"@id\":\"https:\\\/\\\/nb-parts.de\\\/es\\\/produccion\\\/friction-materials-sintered\\\/#breadcrumb\",\"itemListElement\":[{\"@type\":\"ListItem\",\"position\":1,\"name\":\"Startseite\",\"item\":\"https:\\\/\\\/nb-parts.de\\\/es\\\/\"},{\"@type\":\"ListItem\",\"position\":2,\"name\":\"PRODUCCI\u00d3N\",\"item\":\"https:\\\/\\\/nb-parts.de\\\/es\\\/produccion\\\/\"},{\"@type\":\"ListItem\",\"position\":3,\"name\":\"Materiales de fricci\u00f3n sinterizados\"}]},{\"@type\":\"WebSite\",\"@id\":\"https:\\\/\\\/nb-parts.de\\\/es\\\/#website\",\"url\":\"https:\\\/\\\/nb-parts.de\\\/es\\\/\",\"name\":\"NB PARTS GmbH\",\"description\":\"Ersatzteile - Aufarbeitung - Fertigung\",\"publisher\":{\"@id\":\"https:\\\/\\\/nb-parts.de\\\/es\\\/#organization\"},\"potentialAction\":[{\"@type\":\"SearchAction\",\"target\":{\"@type\":\"EntryPoint\",\"urlTemplate\":\"https:\\\/\\\/nb-parts.de\\\/es\\\/?s={search_term_string}\"},\"query-input\":{\"@type\":\"PropertyValueSpecification\",\"valueRequired\":true,\"valueName\":\"search_term_string\"}}],\"inLanguage\":\"es\"},{\"@type\":\"Organization\",\"@id\":\"https:\\\/\\\/nb-parts.de\\\/es\\\/#organization\",\"name\":\"NB PARTS GmbH\",\"url\":\"https:\\\/\\\/nb-parts.de\\\/es\\\/\",\"logo\":{\"@type\":\"ImageObject\",\"inLanguage\":\"es\",\"@id\":\"https:\\\/\\\/nb-parts.de\\\/es\\\/#\\\/schema\\\/logo\\\/image\\\/\",\"url\":\"https:\\\/\\\/nb-parts.de\\\/wp-content\\\/uploads\\\/2021\\\/06\\\/LOGO01.jpg\",\"contentUrl\":\"https:\\\/\\\/nb-parts.de\\\/wp-content\\\/uploads\\\/2021\\\/06\\\/LOGO01.jpg\",\"width\":1000,\"height\":1000,\"caption\":\"NB PARTS GmbH\"},\"image\":{\"@id\":\"https:\\\/\\\/nb-parts.de\\\/es\\\/#\\\/schema\\\/logo\\\/image\\\/\"},\"sameAs\":[\"https:\\\/\\\/www.youtube.com\\\/watch?v=E_90qxvrVlA\"]}]}<\/script>\n<!-- \/ Yoast SEO Premium plugin. -->","yoast_head_json":{"title":"Materiales de fricci\u00f3n sinterizados - NB PARTS GmbH","robots":{"index":"index","follow":"follow","max-snippet":"max-snippet:-1","max-image-preview":"max-image-preview:large","max-video-preview":"max-video-preview:-1"},"canonical":"https:\/\/nb-parts.de\/es\/produccion\/friction-materials-sintered\/","og_locale":"es_ES","og_type":"article","og_title":"Materiales de fricci\u00f3n sinterizados","og_url":"https:\/\/nb-parts.de\/es\/produccion\/friction-materials-sintered\/","og_site_name":"NB PARTS GmbH","article_modified_time":"2020-08-20T12:42:24+00:00","og_image":[{"width":713,"height":300,"url":"https:\/\/nb-parts.de\/wp-content\/uploads\/2017\/04\/NB-parts-zieht-um.jpg","type":"image\/jpeg"}],"twitter_misc":{"Tiempo de lectura":"11 minutos"},"schema":{"@context":"https:\/\/schema.org","@graph":[{"@type":"WebPage","@id":"https:\/\/nb-parts.de\/es\/produccion\/friction-materials-sintered\/","url":"https:\/\/nb-parts.de\/es\/produccion\/friction-materials-sintered\/","name":"Materiales de fricci\u00f3n sinterizados - NB PARTS GmbH","isPartOf":{"@id":"https:\/\/nb-parts.de\/es\/#website"},"datePublished":"2017-12-13T13:14:23+00:00","dateModified":"2020-08-20T12:42:24+00:00","breadcrumb":{"@id":"https:\/\/nb-parts.de\/es\/produccion\/friction-materials-sintered\/#breadcrumb"},"inLanguage":"es","potentialAction":[{"@type":"ReadAction","target":["https:\/\/nb-parts.de\/es\/produccion\/friction-materials-sintered\/"]}]},{"@type":"BreadcrumbList","@id":"https:\/\/nb-parts.de\/es\/produccion\/friction-materials-sintered\/#breadcrumb","itemListElement":[{"@type":"ListItem","position":1,"name":"Startseite","item":"https:\/\/nb-parts.de\/es\/"},{"@type":"ListItem","position":2,"name":"PRODUCCI\u00d3N","item":"https:\/\/nb-parts.de\/es\/produccion\/"},{"@type":"ListItem","position":3,"name":"Materiales de fricci\u00f3n sinterizados"}]},{"@type":"WebSite","@id":"https:\/\/nb-parts.de\/es\/#website","url":"https:\/\/nb-parts.de\/es\/","name":"NB PARTS GmbH","description":"Ersatzteile - Aufarbeitung - Fertigung","publisher":{"@id":"https:\/\/nb-parts.de\/es\/#organization"},"potentialAction":[{"@type":"SearchAction","target":{"@type":"EntryPoint","urlTemplate":"https:\/\/nb-parts.de\/es\/?s={search_term_string}"},"query-input":{"@type":"PropertyValueSpecification","valueRequired":true,"valueName":"search_term_string"}}],"inLanguage":"es"},{"@type":"Organization","@id":"https:\/\/nb-parts.de\/es\/#organization","name":"NB PARTS GmbH","url":"https:\/\/nb-parts.de\/es\/","logo":{"@type":"ImageObject","inLanguage":"es","@id":"https:\/\/nb-parts.de\/es\/#\/schema\/logo\/image\/","url":"https:\/\/nb-parts.de\/wp-content\/uploads\/2021\/06\/LOGO01.jpg","contentUrl":"https:\/\/nb-parts.de\/wp-content\/uploads\/2021\/06\/LOGO01.jpg","width":1000,"height":1000,"caption":"NB PARTS GmbH"},"image":{"@id":"https:\/\/nb-parts.de\/es\/#\/schema\/logo\/image\/"},"sameAs":["https:\/\/www.youtube.com\/watch?v=E_90qxvrVlA"]}]}},"_links":{"self":[{"href":"https:\/\/nb-parts.de\/es\/wp-json\/wp\/v2\/pages\/13479","targetHints":{"allow":["GET"]}}],"collection":[{"href":"https:\/\/nb-parts.de\/es\/wp-json\/wp\/v2\/pages"}],"about":[{"href":"https:\/\/nb-parts.de\/es\/wp-json\/wp\/v2\/types\/page"}],"author":[{"embeddable":true,"href":"https:\/\/nb-parts.de\/es\/wp-json\/wp\/v2\/users\/4"}],"replies":[{"embeddable":true,"href":"https:\/\/nb-parts.de\/es\/wp-json\/wp\/v2\/comments?post=13479"}],"version-history":[{"count":0,"href":"https:\/\/nb-parts.de\/es\/wp-json\/wp\/v2\/pages\/13479\/revisions"}],"up":[{"embeddable":true,"href":"https:\/\/nb-parts.de\/es\/wp-json\/wp\/v2\/pages\/20466"}],"wp:attachment":[{"href":"https:\/\/nb-parts.de\/es\/wp-json\/wp\/v2\/media?parent=13479"}],"curies":[{"name":"wp","href":"https:\/\/api.w.org\/{rel}","templated":true}]}}