{"id":13490,"date":"2017-12-13T14:22:35","date_gmt":"2017-12-13T13:22:35","guid":{"rendered":"https:\/\/nb-parts.de\/hydraulik-dichtelemente\/"},"modified":"2020-08-20T14:40:23","modified_gmt":"2020-08-20T12:40:23","slug":"elementos-de-sellado","status":"publish","type":"page","link":"https:\/\/nb-parts.de\/es\/produccion\/elementos-de-sellado\/","title":{"rendered":"Elementos de sellado"},"content":{"rendered":"<p><div class=\"fusion-fullwidth fullwidth-box fusion-builder-row-1 fusion-flex-container nonhundred-percent-fullwidth non-hundred-percent-height-scrolling\" style=\"--awb-border-radius-top-left:0px;--awb-border-radius-top-right:0px;--awb-border-radius-bottom-right:0px;--awb-border-radius-bottom-left:0px;--awb-flex-wrap:wrap;\" ><div class=\"fusion-builder-row fusion-row fusion-flex-align-items-flex-start fusion-flex-content-wrap\" style=\"max-width:calc( 999px + 0px );margin-left: calc(-0px \/ 2 );margin-right: calc(-0px \/ 2 );\"><div class=\"fusion-layout-column fusion_builder_column fusion-builder-column-0 fusion_builder_column_1_1 1_1 fusion-flex-column\" style=\"--awb-bg-size:cover;--awb-width-large:100%;--awb-margin-top-large:0px;--awb-spacing-right-large:0px;--awb-margin-bottom-large:11px;--awb-spacing-left-large:0px;--awb-width-medium:100%;--awb-spacing-right-medium:0px;--awb-spacing-left-medium:0px;--awb-width-small:100%;--awb-spacing-right-small:0px;--awb-spacing-left-small:0px;\"><div class=\"fusion-column-wrapper fusion-flex-justify-content-flex-start fusion-content-layout-column\"><div class=\"fusion-image-element \" style=\"--awb-bottom-shadow-color:rgba(0,0,0,0.4);--awb-caption-title-font-family:var(--h2_typography-font-family);--awb-caption-title-font-weight:var(--h2_typography-font-weight);--awb-caption-title-font-style:var(--h2_typography-font-style);--awb-caption-title-size:var(--h2_typography-font-size);--awb-caption-title-transform:var(--h2_typography-text-transform);--awb-caption-title-line-height:var(--h2_typography-line-height);--awb-caption-title-letter-spacing:var(--h2_typography-letter-spacing);\"><div class=\"awb-image-frame awb-image-frame-1 awb-bottomshadow\"><span class=\" fusion-imageframe imageframe-bottomshadow imageframe-1 hover-type-none\"><img decoding=\"async\" width=\"768\" height=\"200\" title=\"visual_fertig_komponent\" src=\"https:\/\/nb-parts.de\/wp-content\/uploads\/2017\/12\/visual_fertig_komponent.jpg\" alt class=\"img-responsive wp-image-11990\" srcset=\"https:\/\/nb-parts.de\/wp-content\/uploads\/2017\/12\/visual_fertig_komponent-200x52.jpg 200w, https:\/\/nb-parts.de\/wp-content\/uploads\/2017\/12\/visual_fertig_komponent-400x104.jpg 400w, https:\/\/nb-parts.de\/wp-content\/uploads\/2017\/12\/visual_fertig_komponent-600x156.jpg 600w, https:\/\/nb-parts.de\/wp-content\/uploads\/2017\/12\/visual_fertig_komponent.jpg 768w\" sizes=\"(max-width: 640px) 100vw, 768px\" \/><\/span><svg xmlns=\"http:\/\/www.w3.org\/2000\/svg\" version=\"1.1\" width=\"100%\" viewBox=\"0 0 600 28\" preserveAspectRatio=\"none\"><g clip-path=\"url(#a)\"><mask id=\"b\" style=\"mask-type:luminance\" maskUnits=\"userSpaceOnUse\" x=\"0\" y=\"0\" width=\"600\" height=\"28\"><path d=\"M0 0h600v28H0V0Z\" fill=\"#fff\"\/><\/mask><g filter=\"url(#c)\" mask=\"url(#b)\"><path d=\"M16.439-18.667h567.123v30.8S438.961-8.4 300-8.4C161.04-8.4 16.438 12.133 16.438 12.133v-30.8Z\" fill=\"#000\"\/><\/g><\/g><defs><clipPath id=\"a\"><path fill=\"#fff\" d=\"M0 0h600v28H0z\"\/><\/clipPath><filter id=\"c\" x=\"5.438\" y=\"-29.667\" width=\"589.123\" height=\"52.8\" filterUnits=\"userSpaceOnUse\" color-interpolation-filters=\"sRGB\"><feFlood flood-opacity=\"0\" result=\"BackgroundImageFix\"\/><feBlend in=\"SourceGraphic\" in2=\"BackgroundImageFix\" result=\"shape\"\/><feGaussianBlur stdDeviation=\"5.5\" result=\"effect1_foregroundBlur_3983_183\"\/><\/filter><\/defs><\/svg><\/div><\/div><\/div><\/div><\/div><\/div><div class=\"fusion-fullwidth fullwidth-box fusion-builder-row-2 fusion-flex-container nonhundred-percent-fullwidth non-hundred-percent-height-scrolling\" style=\"--awb-background-position:left top;--awb-background-repeat:repeat;--awb-border-sizes-top:0px;--awb-border-sizes-bottom:0px;--awb-border-sizes-left:0px;--awb-border-sizes-right:0px;--awb-border-radius-top-left:0px;--awb-border-radius-top-right:0px;--awb-border-radius-bottom-right:0px;--awb-border-radius-bottom-left:0px;--awb-padding-top:22px;--awb-flex-wrap:wrap;\" ><div class=\"fusion-builder-row fusion-row fusion-flex-align-items-flex-start fusion-flex-content-wrap\" style=\"max-width:1028.97px;margin-left: calc(-3% \/ 2 );margin-right: calc(-3% \/ 2 );\"><div class=\"fusion-layout-column fusion_builder_column fusion-builder-column-1 fusion_builder_column_2_3 2_3 fusion-flex-column fusion-flex-align-self-flex-start fusion-column-no-min-height\" style=\"--awb-bg-size:cover;--awb-width-large:66.666666666667%;--awb-margin-top-large:0px;--awb-spacing-right-large:3.88%;--awb-margin-bottom-large:0px;--awb-spacing-left-large:2.1825%;--awb-width-medium:66.666666666667%;--awb-spacing-right-medium:3.88%;--awb-spacing-left-medium:2.1825%;--awb-width-small:100%;--awb-spacing-right-small:1.455%;--awb-spacing-left-small:1.455%;\"><div class=\"fusion-column-wrapper fusion-flex-justify-content-flex-start fusion-content-layout-column\"><div class=\"fusion-text fusion-text-1\"><h4 data-fontsize=\"13\" data-lineheight=\"20\"><span class=\"notranslate\">PRODUCCI\u00d3N DE ACCESORIOS HIDR\u00c1ULICOS<\/span><\/h4>\n<h4 data-fontsize=\"13\" data-lineheight=\"20\"><span class=\"notranslate\">SELLADO Y PIEZAS ELASTOMERAS<\/span><\/h4>\n<p class=\"ABSATZ_SEHR_GROSS\"><span class=\"notranslate\">Con socios especializados en la fabricaci\u00f3n de elementos de sellado y piezas de elast\u00f3mero, kits de reparaci\u00f3n a medida y kits de sellos para numerosos veh\u00edculos de pasajeros y veh\u00edculos comerciales, as\u00ed como piezas de caucho para aplicaciones t\u00e9cnicas en el sector industrial se fabrican de acuerdo con la certificaci\u00f3n DIN ISO 9002.<\/span>\u00a0<span class=\"notranslate\">Adem\u00e1s de controles de calidad continuos en bancos de pruebas especialmente dise\u00f1ados (p. Ej. A 200 \u00b0 C y m\u00e1s de 140,000 revoluciones), los elementos de sellado se prueban cuidadosamente para las condiciones de frenado requeridas (como l\u00edquido de frenos, aceite mineral).<\/span><\/p>\n<p><span class=\"notranslate\">1) Juegos de reparaci\u00f3n para pinzas de freno<\/span><br \/>\n<span class=\"notranslate\">2) kits de reparaci\u00f3n para el cilindro maestro<\/span><br \/>\n<span class=\"notranslate\">3) Juegos de reparaci\u00f3n para cilindros de freno de rueda<\/span><br \/>\n<span class=\"notranslate\">4) kits de reparaci\u00f3n para el maestro de embrague y el cilindro esclavo del embrague<\/span><br \/>\n<span class=\"notranslate\">5) conjuntos de manguito de transmisi\u00f3n, eje y kits de arranque de direcci\u00f3n<\/span><br \/>\n<span class=\"notranslate\">6) Kits de reparaci\u00f3n de frenos de aire<\/span><br \/>\n<span class=\"notranslate\">7) Soluciones personalizadas<\/span><\/p>\n<h4 data-fontsize=\"13\" data-lineheight=\"20\"><span class=\"notranslate\">CUERDAS Y TRENES DE ACTUADOR<\/span><\/h4>\n<p class=\"ABSATZ_GROSS\"><span class=\"notranslate\">1) Medici\u00f3n de cuerda y accesorios<\/span><br \/>\n<span class=\"notranslate\">2) Recorte de alma y vaina a longitud (conexiones hechas si es necesario)<\/span><br \/>\n<span class=\"notranslate\">3) Presionar las conexiones con cuerda y funda<\/span><br \/>\n<span class=\"notranslate\">&#8230; (cables, cables de acelerador y control, cables de freno, cables en el tren y presi\u00f3n, accesorios y accesorios) de hasta 3.000 mm de longitud<\/span><\/p>\n<h4 data-fontsize=\"13\" data-lineheight=\"20\"><span class=\"notranslate\">MANGUERAS DE FRENO Y TUBOS DE ACERO FLEXIBLES<\/span><\/h4>\n<p class=\"ABSATZ_GROSS\"><span class=\"notranslate\">1) Topograf\u00eda<\/span><br \/>\n<span class=\"notranslate\">2) Producci\u00f3n de los accesorios o accesorios<\/span><br \/>\n<span class=\"notranslate\">3) Compresi\u00f3n de la tuber\u00eda de freno con los accesorios<\/span><br \/>\n<span class=\"notranslate\">&#8230;. (L\u00edneas flexibles de acero con \/ sin revestimiento en 7 colores)<\/span><\/p>\n<h4 data-fontsize=\"13\" data-lineheight=\"20\"><span class=\"notranslate\">PRODUCCI\u00d3N DE PLUMAS<\/span><\/h4>\n<p class=\"ABSATZ_GROSS\"><span class=\"notranslate\">1) Topograf\u00eda, determinaci\u00f3n de la fuerza<\/span><br \/>\n<span class=\"notranslate\">2) Creaci\u00f3n de una herramienta<\/span><br \/>\n<span class=\"notranslate\">3) Fabricaci\u00f3n de m\u00e1quinas<\/span><br \/>\n<span class=\"notranslate\">&#8230; (muelles de tensi\u00f3n, muelles de compresi\u00f3n, muelles de torsi\u00f3n, etc., resortes espirales, muelles de torsi\u00f3n)<\/span><\/p>\n<h4 data-fontsize=\"13\" data-lineheight=\"20\"><span class=\"notranslate\">PRODUCCI\u00d3N DE ACCESORIOS<\/span><\/h4>\n<p class=\"ABSATZ_GROSS\"><span class=\"notranslate\">1) Topograf\u00eda<\/span><br \/>\n<span class=\"notranslate\">2) Producci\u00f3n por torno<\/span><br \/>\n<span class=\"notranslate\">3) corte de hilo<\/span><\/p>\n<\/div><\/div><\/div><div class=\"fusion-layout-column fusion_builder_column fusion-builder-column-2 fusion_builder_column_1_3 1_3 fusion-flex-column fusion-flex-align-self-flex-start fusion-column-no-min-height\" style=\"--awb-bg-size:cover;--awb-width-large:33.333333333333%;--awb-margin-top-large:0px;--awb-spacing-right-large:4.365%;--awb-margin-bottom-large:0px;--awb-spacing-left-large:3.88%;--awb-width-medium:33.333333333333%;--awb-spacing-right-medium:4.365%;--awb-spacing-left-medium:3.88%;--awb-width-small:100%;--awb-spacing-right-small:1.455%;--awb-spacing-left-small:1.455%;\"><div class=\"fusion-column-wrapper fusion-flex-justify-content-flex-start fusion-content-layout-column\"><div class=\"fusion-text fusion-text-2\"><h4 data-fontsize=\"13\" data-lineheight=\"20\"><span class=\"notranslate\">Los elementos de sellado<\/span><\/h4>\n<ul>\n<li><span class=\"notranslate\">z\u00f3calos<\/span><\/li>\n<li><span class=\"notranslate\">sellos<\/span><\/li>\n<li><span class=\"notranslate\">chincheta<\/span><\/li>\n<li><span class=\"notranslate\">mermelada<\/span><\/li>\n<li><span class=\"notranslate\">pu\u00f1os<\/span><\/li>\n<li><span class=\"notranslate\">anillos de seguridad<\/span><\/li>\n<li><span class=\"notranslate\">tapas<\/span><\/li>\n<li><span class=\"notranslate\">chincheta<\/span><\/li>\n<li><span class=\"notranslate\">v\u00e1lvulas<\/span><\/li>\n<li><span class=\"notranslate\">pist\u00f3n del cilindro<\/span><\/li>\n<\/ul>\n<h4 data-fontsize=\"13\" data-lineheight=\"20\"><span class=\"notranslate\">componentes de freno<\/span><\/h4>\n<ul>\n<li><span class=\"notranslate\">Cables \/ cables de control<\/span><\/li>\n<li><span class=\"notranslate\">Mangueras de freno \/ l\u00edneas trenzadas de acero<\/span><\/li>\n<li><span class=\"notranslate\">Accesorios \/ resortes<\/span><\/li>\n<\/ul>\n<\/div><\/div><\/div><\/div><\/div><\/p>\n","protected":false},"excerpt":{"rendered":"","protected":false},"author":4,"featured_media":0,"parent":20466,"menu_order":0,"comment_status":"closed","ping_status":"closed","template":"","meta":{"footnotes":""},"class_list":["post-13490","page","type-page","status-publish","hentry"],"yoast_head":"<!-- This site is optimized with the Yoast SEO Premium plugin v27.3 (Yoast SEO v27.3) - https:\/\/yoast.com\/product\/yoast-seo-premium-wordpress\/ -->\n<title>Elementos de sellado - NB PARTS GmbH<\/title>\n<meta name=\"robots\" content=\"index, follow, max-snippet:-1, max-image-preview:large, max-video-preview:-1\" \/>\n<link rel=\"canonical\" href=\"https:\/\/nb-parts.de\/es\/produccion\/elementos-de-sellado\/\" \/>\n<meta property=\"og:locale\" content=\"es_ES\" \/>\n<meta property=\"og:type\" content=\"article\" \/>\n<meta property=\"og:title\" content=\"Elementos de sellado\" \/>\n<meta property=\"og:url\" content=\"https:\/\/nb-parts.de\/es\/produccion\/elementos-de-sellado\/\" \/>\n<meta property=\"og:site_name\" content=\"NB PARTS GmbH\" \/>\n<meta property=\"article:modified_time\" content=\"2020-08-20T12:40:23+00:00\" \/>\n<meta property=\"og:image\" content=\"https:\/\/nb-parts.de\/wp-content\/uploads\/2017\/04\/NB-parts-zieht-um.jpg\" \/>\n\t<meta property=\"og:image:width\" content=\"713\" \/>\n\t<meta property=\"og:image:height\" content=\"300\" \/>\n\t<meta property=\"og:image:type\" content=\"image\/jpeg\" \/>\n<meta name=\"twitter:label1\" content=\"Tiempo de lectura\" \/>\n\t<meta name=\"twitter:data1\" content=\"5 minutos\" \/>\n<script type=\"application\/ld+json\" class=\"yoast-schema-graph\">{\"@context\":\"https:\\\/\\\/schema.org\",\"@graph\":[{\"@type\":\"WebPage\",\"@id\":\"https:\\\/\\\/nb-parts.de\\\/es\\\/produccion\\\/elementos-de-sellado\\\/\",\"url\":\"https:\\\/\\\/nb-parts.de\\\/es\\\/produccion\\\/elementos-de-sellado\\\/\",\"name\":\"Elementos de sellado - NB PARTS GmbH\",\"isPartOf\":{\"@id\":\"https:\\\/\\\/nb-parts.de\\\/es\\\/#website\"},\"datePublished\":\"2017-12-13T13:22:35+00:00\",\"dateModified\":\"2020-08-20T12:40:23+00:00\",\"breadcrumb\":{\"@id\":\"https:\\\/\\\/nb-parts.de\\\/es\\\/produccion\\\/elementos-de-sellado\\\/#breadcrumb\"},\"inLanguage\":\"es\",\"potentialAction\":[{\"@type\":\"ReadAction\",\"target\":[\"https:\\\/\\\/nb-parts.de\\\/es\\\/produccion\\\/elementos-de-sellado\\\/\"]}]},{\"@type\":\"BreadcrumbList\",\"@id\":\"https:\\\/\\\/nb-parts.de\\\/es\\\/produccion\\\/elementos-de-sellado\\\/#breadcrumb\",\"itemListElement\":[{\"@type\":\"ListItem\",\"position\":1,\"name\":\"Startseite\",\"item\":\"https:\\\/\\\/nb-parts.de\\\/es\\\/\"},{\"@type\":\"ListItem\",\"position\":2,\"name\":\"PRODUCCI\u00d3N\",\"item\":\"https:\\\/\\\/nb-parts.de\\\/es\\\/produccion\\\/\"},{\"@type\":\"ListItem\",\"position\":3,\"name\":\"Elementos de sellado\"}]},{\"@type\":\"WebSite\",\"@id\":\"https:\\\/\\\/nb-parts.de\\\/es\\\/#website\",\"url\":\"https:\\\/\\\/nb-parts.de\\\/es\\\/\",\"name\":\"NB PARTS GmbH\",\"description\":\"Ersatzteile - Aufarbeitung - Fertigung\",\"publisher\":{\"@id\":\"https:\\\/\\\/nb-parts.de\\\/es\\\/#organization\"},\"potentialAction\":[{\"@type\":\"SearchAction\",\"target\":{\"@type\":\"EntryPoint\",\"urlTemplate\":\"https:\\\/\\\/nb-parts.de\\\/es\\\/?s={search_term_string}\"},\"query-input\":{\"@type\":\"PropertyValueSpecification\",\"valueRequired\":true,\"valueName\":\"search_term_string\"}}],\"inLanguage\":\"es\"},{\"@type\":\"Organization\",\"@id\":\"https:\\\/\\\/nb-parts.de\\\/es\\\/#organization\",\"name\":\"NB PARTS GmbH\",\"url\":\"https:\\\/\\\/nb-parts.de\\\/es\\\/\",\"logo\":{\"@type\":\"ImageObject\",\"inLanguage\":\"es\",\"@id\":\"https:\\\/\\\/nb-parts.de\\\/es\\\/#\\\/schema\\\/logo\\\/image\\\/\",\"url\":\"https:\\\/\\\/nb-parts.de\\\/wp-content\\\/uploads\\\/2021\\\/06\\\/LOGO01.jpg\",\"contentUrl\":\"https:\\\/\\\/nb-parts.de\\\/wp-content\\\/uploads\\\/2021\\\/06\\\/LOGO01.jpg\",\"width\":1000,\"height\":1000,\"caption\":\"NB PARTS GmbH\"},\"image\":{\"@id\":\"https:\\\/\\\/nb-parts.de\\\/es\\\/#\\\/schema\\\/logo\\\/image\\\/\"},\"sameAs\":[\"https:\\\/\\\/www.youtube.com\\\/watch?v=E_90qxvrVlA\"]}]}<\/script>\n<!-- \/ Yoast SEO Premium plugin. -->","yoast_head_json":{"title":"Elementos de sellado - NB PARTS GmbH","robots":{"index":"index","follow":"follow","max-snippet":"max-snippet:-1","max-image-preview":"max-image-preview:large","max-video-preview":"max-video-preview:-1"},"canonical":"https:\/\/nb-parts.de\/es\/produccion\/elementos-de-sellado\/","og_locale":"es_ES","og_type":"article","og_title":"Elementos de sellado","og_url":"https:\/\/nb-parts.de\/es\/produccion\/elementos-de-sellado\/","og_site_name":"NB PARTS GmbH","article_modified_time":"2020-08-20T12:40:23+00:00","og_image":[{"width":713,"height":300,"url":"https:\/\/nb-parts.de\/wp-content\/uploads\/2017\/04\/NB-parts-zieht-um.jpg","type":"image\/jpeg"}],"twitter_misc":{"Tiempo de lectura":"5 minutos"},"schema":{"@context":"https:\/\/schema.org","@graph":[{"@type":"WebPage","@id":"https:\/\/nb-parts.de\/es\/produccion\/elementos-de-sellado\/","url":"https:\/\/nb-parts.de\/es\/produccion\/elementos-de-sellado\/","name":"Elementos de sellado - NB PARTS GmbH","isPartOf":{"@id":"https:\/\/nb-parts.de\/es\/#website"},"datePublished":"2017-12-13T13:22:35+00:00","dateModified":"2020-08-20T12:40:23+00:00","breadcrumb":{"@id":"https:\/\/nb-parts.de\/es\/produccion\/elementos-de-sellado\/#breadcrumb"},"inLanguage":"es","potentialAction":[{"@type":"ReadAction","target":["https:\/\/nb-parts.de\/es\/produccion\/elementos-de-sellado\/"]}]},{"@type":"BreadcrumbList","@id":"https:\/\/nb-parts.de\/es\/produccion\/elementos-de-sellado\/#breadcrumb","itemListElement":[{"@type":"ListItem","position":1,"name":"Startseite","item":"https:\/\/nb-parts.de\/es\/"},{"@type":"ListItem","position":2,"name":"PRODUCCI\u00d3N","item":"https:\/\/nb-parts.de\/es\/produccion\/"},{"@type":"ListItem","position":3,"name":"Elementos de sellado"}]},{"@type":"WebSite","@id":"https:\/\/nb-parts.de\/es\/#website","url":"https:\/\/nb-parts.de\/es\/","name":"NB PARTS GmbH","description":"Ersatzteile - Aufarbeitung - Fertigung","publisher":{"@id":"https:\/\/nb-parts.de\/es\/#organization"},"potentialAction":[{"@type":"SearchAction","target":{"@type":"EntryPoint","urlTemplate":"https:\/\/nb-parts.de\/es\/?s={search_term_string}"},"query-input":{"@type":"PropertyValueSpecification","valueRequired":true,"valueName":"search_term_string"}}],"inLanguage":"es"},{"@type":"Organization","@id":"https:\/\/nb-parts.de\/es\/#organization","name":"NB PARTS GmbH","url":"https:\/\/nb-parts.de\/es\/","logo":{"@type":"ImageObject","inLanguage":"es","@id":"https:\/\/nb-parts.de\/es\/#\/schema\/logo\/image\/","url":"https:\/\/nb-parts.de\/wp-content\/uploads\/2021\/06\/LOGO01.jpg","contentUrl":"https:\/\/nb-parts.de\/wp-content\/uploads\/2021\/06\/LOGO01.jpg","width":1000,"height":1000,"caption":"NB PARTS GmbH"},"image":{"@id":"https:\/\/nb-parts.de\/es\/#\/schema\/logo\/image\/"},"sameAs":["https:\/\/www.youtube.com\/watch?v=E_90qxvrVlA"]}]}},"_links":{"self":[{"href":"https:\/\/nb-parts.de\/es\/wp-json\/wp\/v2\/pages\/13490","targetHints":{"allow":["GET"]}}],"collection":[{"href":"https:\/\/nb-parts.de\/es\/wp-json\/wp\/v2\/pages"}],"about":[{"href":"https:\/\/nb-parts.de\/es\/wp-json\/wp\/v2\/types\/page"}],"author":[{"embeddable":true,"href":"https:\/\/nb-parts.de\/es\/wp-json\/wp\/v2\/users\/4"}],"replies":[{"embeddable":true,"href":"https:\/\/nb-parts.de\/es\/wp-json\/wp\/v2\/comments?post=13490"}],"version-history":[{"count":0,"href":"https:\/\/nb-parts.de\/es\/wp-json\/wp\/v2\/pages\/13490\/revisions"}],"up":[{"embeddable":true,"href":"https:\/\/nb-parts.de\/es\/wp-json\/wp\/v2\/pages\/20466"}],"wp:attachment":[{"href":"https:\/\/nb-parts.de\/es\/wp-json\/wp\/v2\/media?parent=13490"}],"curies":[{"name":"wp","href":"https:\/\/api.w.org\/{rel}","templated":true}]}}