{"id":13493,"date":"2018-01-03T15:05:50","date_gmt":"2018-01-03T14:05:50","guid":{"rendered":"https:\/\/nb-parts.de\/damping\/"},"modified":"2025-01-22T14:09:34","modified_gmt":"2025-01-22T13:09:34","slug":"mojadura","status":"publish","type":"page","link":"https:\/\/nb-parts.de\/es\/produccion\/mojadura\/","title":{"rendered":"Mojadura"},"content":{"rendered":"<p><div class=\"fusion-fullwidth fullwidth-box fusion-builder-row-1 fusion-flex-container nonhundred-percent-fullwidth non-hundred-percent-height-scrolling\" style=\"--awb-border-radius-top-left:0px;--awb-border-radius-top-right:0px;--awb-border-radius-bottom-right:0px;--awb-border-radius-bottom-left:0px;--awb-flex-wrap:wrap;\" ><div class=\"fusion-builder-row fusion-row fusion-flex-align-items-flex-start fusion-flex-content-wrap\" style=\"max-width:1028.97px;margin-left: calc(-3% \/ 2 );margin-right: calc(-3% \/ 2 );\"><div class=\"fusion-layout-column fusion_builder_column fusion-builder-column-0 fusion_builder_column_1_1 1_1 fusion-flex-column\" style=\"--awb-bg-size:cover;--awb-width-large:100%;--awb-margin-top-large:0px;--awb-spacing-right-large:1.455%;--awb-margin-bottom-large:11px;--awb-spacing-left-large:1.455%;--awb-width-medium:100%;--awb-spacing-right-medium:1.455%;--awb-spacing-left-medium:1.455%;--awb-width-small:100%;--awb-spacing-right-small:1.455%;--awb-spacing-left-small:1.455%;\"><div class=\"fusion-column-wrapper fusion-flex-justify-content-flex-start fusion-content-layout-column\"><div class=\"fusion-image-element \" style=\"--awb-bottom-shadow-color:rgba(0,0,0,0.4);--awb-caption-title-font-family:var(--h2_typography-font-family);--awb-caption-title-font-weight:var(--h2_typography-font-weight);--awb-caption-title-font-style:var(--h2_typography-font-style);--awb-caption-title-size:var(--h2_typography-font-size);--awb-caption-title-transform:var(--h2_typography-text-transform);--awb-caption-title-line-height:var(--h2_typography-line-height);--awb-caption-title-letter-spacing:var(--h2_typography-letter-spacing);\"><div class=\"awb-image-frame awb-image-frame-1 awb-bottomshadow\"><span class=\" fusion-imageframe imageframe-bottomshadow imageframe-1 hover-type-none\"><img decoding=\"async\" width=\"768\" height=\"200\" title=\"visual_fertig_gasfedern\" src=\"https:\/\/nb-parts.de\/wp-content\/uploads\/2017\/12\/visual_fertig_gasfedern.jpg\" alt class=\"img-responsive wp-image-11989\" srcset=\"https:\/\/nb-parts.de\/wp-content\/uploads\/2017\/12\/visual_fertig_gasfedern-200x52.jpg 200w, https:\/\/nb-parts.de\/wp-content\/uploads\/2017\/12\/visual_fertig_gasfedern-400x104.jpg 400w, https:\/\/nb-parts.de\/wp-content\/uploads\/2017\/12\/visual_fertig_gasfedern-600x156.jpg 600w, https:\/\/nb-parts.de\/wp-content\/uploads\/2017\/12\/visual_fertig_gasfedern.jpg 768w\" sizes=\"(max-width: 640px) 100vw, 768px\" \/><\/span><svg xmlns=\"http:\/\/www.w3.org\/2000\/svg\" version=\"1.1\" width=\"100%\" viewBox=\"0 0 600 28\" preserveAspectRatio=\"none\"><g clip-path=\"url(#a)\"><mask id=\"b\" style=\"mask-type:luminance\" maskUnits=\"userSpaceOnUse\" x=\"0\" y=\"0\" width=\"600\" height=\"28\"><path d=\"M0 0h600v28H0V0Z\" fill=\"#fff\"\/><\/mask><g filter=\"url(#c)\" mask=\"url(#b)\"><path d=\"M16.439-18.667h567.123v30.8S438.961-8.4 300-8.4C161.04-8.4 16.438 12.133 16.438 12.133v-30.8Z\" fill=\"#000\"\/><\/g><\/g><defs><clipPath id=\"a\"><path fill=\"#fff\" d=\"M0 0h600v28H0z\"\/><\/clipPath><filter id=\"c\" x=\"5.438\" y=\"-29.667\" width=\"589.123\" height=\"52.8\" filterUnits=\"userSpaceOnUse\" color-interpolation-filters=\"sRGB\"><feFlood flood-opacity=\"0\" result=\"BackgroundImageFix\"\/><feBlend in=\"SourceGraphic\" in2=\"BackgroundImageFix\" result=\"shape\"\/><feGaussianBlur stdDeviation=\"5.5\" result=\"effect1_foregroundBlur_3983_183\"\/><\/filter><\/defs><\/svg><\/div><\/div><\/div><\/div><\/div><\/div><div class=\"fusion-fullwidth fullwidth-box fusion-builder-row-2 fusion-flex-container nonhundred-percent-fullwidth non-hundred-percent-height-scrolling\" style=\"--awb-border-radius-top-left:0px;--awb-border-radius-top-right:0px;--awb-border-radius-bottom-right:0px;--awb-border-radius-bottom-left:0px;--awb-flex-wrap:wrap;\" ><div class=\"fusion-builder-row fusion-row fusion-flex-align-items-flex-start fusion-flex-content-wrap\" style=\"max-width:1028.97px;margin-left: calc(-3% \/ 2 );margin-right: calc(-3% \/ 2 );\"><div class=\"fusion-layout-column fusion_builder_column fusion-builder-column-1 fusion_builder_column_1_2 1_2 fusion-flex-column\" style=\"--awb-bg-size:cover;--awb-width-large:50%;--awb-margin-top-large:0px;--awb-spacing-right-large:2.91%;--awb-margin-bottom-large:11px;--awb-spacing-left-large:2.91%;--awb-width-medium:50%;--awb-spacing-right-medium:2.91%;--awb-spacing-left-medium:2.91%;--awb-width-small:100%;--awb-spacing-right-small:1.455%;--awb-spacing-left-small:1.455%;\"><div class=\"fusion-column-wrapper fusion-flex-justify-content-flex-start fusion-content-layout-column\"><div style=\"text-align:center;\"><a class=\"fusion-button button-flat button-medium button-lightgray fusion-button-lightgray button-1 fusion-button-span-yes fusion-button-default-type\" target=\"_blank\" rel=\"noopener noreferrer\" href=\"https:\/\/nb-parts.de\/pdf\/catalogues\/nb-parts_gas-springs_en.pdf\"><i class=\" fa fa-download awb-button__icon awb-button__icon--default button-icon-left\" aria-hidden=\"true\"><\/i><span class=\"fusion-button-text awb-button__text awb-button__text--default\">PDF Catalogue Damping<\/span><\/a><\/div><\/div><\/div><div class=\"fusion-layout-column fusion_builder_column fusion-builder-column-2 fusion_builder_column_1_2 1_2 fusion-flex-column\" style=\"--awb-bg-size:cover;--awb-width-large:50%;--awb-margin-top-large:0px;--awb-spacing-right-large:2.91%;--awb-margin-bottom-large:11px;--awb-spacing-left-large:2.91%;--awb-width-medium:50%;--awb-spacing-right-medium:2.91%;--awb-spacing-left-medium:2.91%;--awb-width-small:100%;--awb-spacing-right-small:1.455%;--awb-spacing-left-small:1.455%;\"><div class=\"fusion-column-wrapper fusion-flex-justify-content-flex-start fusion-content-layout-column\"><div style=\"text-align:center;\"><a class=\"fusion-button button-flat button-medium button-lightgray fusion-button-lightgray button-2 fusion-button-span-yes fusion-button-default-type\" target=\"_blank\" rel=\"noopener noreferrer\" href=\"https:\/\/nb-parts.de\/pdf\/catalogues\/nb-parts_liste-gasf.pdf\"><i class=\" fa fa-download awb-button__icon awb-button__icon--default button-icon-left\" aria-hidden=\"true\"><\/i><span class=\"fusion-button-text awb-button__text awb-button__text--default\">PDF Gas Damping<\/span><\/a><\/div><\/div><\/div><\/div><\/div><div class=\"fusion-fullwidth fullwidth-box fusion-builder-row-3 fusion-flex-container nonhundred-percent-fullwidth non-hundred-percent-height-scrolling\" style=\"--awb-background-position:left top;--awb-background-repeat:repeat;--awb-border-sizes-top:0px;--awb-border-sizes-bottom:0px;--awb-border-sizes-left:0px;--awb-border-sizes-right:0px;--awb-border-radius-top-left:0px;--awb-border-radius-top-right:0px;--awb-border-radius-bottom-right:0px;--awb-border-radius-bottom-left:0px;--awb-padding-top:22px;--awb-flex-wrap:wrap;\" ><div class=\"fusion-builder-row fusion-row fusion-flex-align-items-flex-start fusion-flex-content-wrap\" style=\"max-width:1028.97px;margin-left: calc(-3% \/ 2 );margin-right: calc(-3% \/ 2 );\"><div class=\"fusion-layout-column fusion_builder_column fusion-builder-column-3 fusion_builder_column_2_3 2_3 fusion-flex-column fusion-flex-align-self-flex-start fusion-column-no-min-height\" style=\"--awb-bg-size:cover;--awb-width-large:66.666666666667%;--awb-margin-top-large:0px;--awb-spacing-right-large:3.88%;--awb-margin-bottom-large:0px;--awb-spacing-left-large:2.1825%;--awb-width-medium:66.666666666667%;--awb-spacing-right-medium:3.88%;--awb-spacing-left-medium:2.1825%;--awb-width-small:100%;--awb-spacing-right-small:1.455%;--awb-spacing-left-small:1.455%;\"><div class=\"fusion-column-wrapper fusion-flex-justify-content-flex-start fusion-content-layout-column\"><div class=\"fusion-text fusion-text-1\"><h4 data-fontsize=\"13\" data-lineheight=\"20\"><span class=\"notranslate\">PORTAFOLIO GAS SPRINGS<\/span><\/h4>\n<h4 data-fontsize=\"13\" data-lineheight=\"20\"><span class=\"notranslate\">RELLENO PROFESIONAL<\/span><\/h4>\n<p class=\"ABSATZ_GROSS\"><span class=\"notranslate\">Relleno profesional de la mezcla de gas y aceite en una amplia gama de resortes de gas.<\/span>\u00a0<span class=\"notranslate\">La D\u00e4mpfungstechnik GmbH nos acompa\u00f1a aqu\u00ed.<\/span>\u00a0<span class=\"notranslate\">De este modo, el fabricante aplica tecnolog\u00eda de vanguardia para producir elementos de absorci\u00f3n fiables y se encarga de garantizar la calidad de acuerdo con la norma DIN ISO 9001: 2008.<\/span>\u00a0<span class=\"notranslate\">Haga clic aqu\u00ed para ver el sitio web de <a title=\"Website Al-ko D\u00e4mpfungstechnik GmbH\" href=\"http:\/\/www.al-ko.com\/646.htm\" target=\"_blank\" rel=\"noopener noreferrer\">D\u00e4mpfungstechnik GmbH.<\/a><\/span><\/p>\n<h4 data-fontsize=\"13\" data-lineheight=\"20\"><span class=\"notranslate\">UNIVERSAL GAS SPRINGS<\/span><\/h4>\n<p class=\"ABSATZ_GROSS\"><span class=\"notranslate\">Para aplicaciones automotrices tales como ventanas frontales, cubiertas de cap\u00f3s (cap\u00f3s), puertas de la cabina de manejo, ventanas traseras, ventanas laterales, cap\u00f3 del motor (cap\u00f3s), accesorios plegables, cap\u00f3s del remolque, puertas traseras de carga del remolque y puerta trasera, etc.<\/span><\/p>\n<h4 data-fontsize=\"13\" data-lineheight=\"20\"><span class=\"notranslate\">RESORTES DE GAS PERSONALIZADOS<\/span><\/h4>\n<p class=\"ABSATZ_GROSS\"><span class=\"notranslate\">Si est\u00e1 buscando resortes de gas que satisfagan sus necesidades, inf\u00f3rmenos y le enviaremos sus necesidades directamente al fabricante, por ejemplo, personalizaci\u00f3n en medici\u00f3n, amortiguaci\u00f3n de la posici\u00f3n final, rosca, velocidad de extensi\u00f3n o rango de temperatura. .<\/span><\/p>\n<\/div><\/div><\/div><div class=\"fusion-layout-column fusion_builder_column fusion-builder-column-4 fusion_builder_column_1_3 1_3 fusion-flex-column fusion-flex-align-self-flex-start fusion-column-no-min-height\" style=\"--awb-bg-size:cover;--awb-width-large:33.333333333333%;--awb-margin-top-large:0px;--awb-spacing-right-large:4.365%;--awb-margin-bottom-large:0px;--awb-spacing-left-large:3.88%;--awb-width-medium:33.333333333333%;--awb-spacing-right-medium:4.365%;--awb-spacing-left-medium:3.88%;--awb-width-small:100%;--awb-spacing-right-small:1.455%;--awb-spacing-left-small:1.455%;\"><div class=\"fusion-column-wrapper fusion-flex-justify-content-flex-start fusion-content-layout-column\"><div class=\"fusion-text fusion-text-2\"><h4 data-fontsize=\"13\" data-lineheight=\"20\"><span class=\"notranslate\">GRAN RANGO DE<\/span><\/h4>\n<ul>\n<li><span class=\"notranslate\">amortiguadores<\/span><\/li>\n<li><span class=\"notranslate\">resortes de gas<\/span><\/li>\n<li><span class=\"notranslate\">resortes de tensi\u00f3n<\/span><\/li>\n<li><span class=\"notranslate\">muelles de gas de bloqueo<\/span><\/li>\n<li><span class=\"notranslate\">resortes de gas de doble carrera<\/span><\/li>\n<li><span class=\"notranslate\">amortiguadores<\/span><\/li>\n<li><span class=\"notranslate\">accesorios de extremo<\/span><\/li>\n<li><span class=\"notranslate\">ojos<\/span><\/li>\n<li><span class=\"notranslate\">tenedores<\/span><\/li>\n<li><span class=\"notranslate\">articulaciones angulares<\/span><\/li>\n<li><span class=\"notranslate\">GF 6\/15 M5<\/span><\/li>\n<li><span class=\"notranslate\">GF 8\/19 M6<\/span><\/li>\n<li><span class=\"notranslate\">GF 10\/22 M8<\/span><\/li>\n<li><span class=\"notranslate\">GF 10\/28 M8<\/span><\/li>\n<li><span class=\"notranslate\">GF 14\/28 M10<\/span><\/li>\n<li><span class=\"notranslate\">GF 20\/40 M14<\/span><\/li>\n<li><span class=\"notranslate\">GF 3\/10<\/span><\/li>\n<li><span class=\"notranslate\">GF 25\/55<\/span><\/li>\n<li><span class=\"notranslate\">GF 30\/65<\/span><\/li>\n<\/ul>\n<\/div><\/div><\/div><\/div><\/div><\/p>\n","protected":false},"excerpt":{"rendered":"","protected":false},"author":4,"featured_media":0,"parent":20466,"menu_order":0,"comment_status":"closed","ping_status":"closed","template":"","meta":{"footnotes":""},"class_list":["post-13493","page","type-page","status-publish","hentry"],"yoast_head":"<!-- This site is optimized with the Yoast SEO Premium plugin v27.3 (Yoast SEO v27.3) - https:\/\/yoast.com\/product\/yoast-seo-premium-wordpress\/ -->\n<title>Mojadura &#171; NB PARTS GmbH<\/title>\n<meta name=\"robots\" content=\"index, follow, max-snippet:-1, max-image-preview:large, max-video-preview:-1\" \/>\n<link rel=\"canonical\" href=\"https:\/\/nb-parts.de\/es\/produccion\/mojadura\/\" \/>\n<meta property=\"og:locale\" content=\"es_ES\" \/>\n<meta property=\"og:type\" content=\"article\" \/>\n<meta property=\"og:title\" content=\"Mojadura\" \/>\n<meta property=\"og:url\" content=\"https:\/\/nb-parts.de\/es\/produccion\/mojadura\/\" \/>\n<meta property=\"og:site_name\" content=\"NB PARTS GmbH\" \/>\n<meta property=\"article:modified_time\" content=\"2025-01-22T13:09:34+00:00\" \/>\n<meta property=\"og:image\" content=\"https:\/\/nb-parts.de\/wp-content\/uploads\/2017\/04\/NB-parts-zieht-um.jpg\" \/>\n\t<meta property=\"og:image:width\" content=\"713\" \/>\n\t<meta property=\"og:image:height\" content=\"300\" \/>\n\t<meta property=\"og:image:type\" content=\"image\/jpeg\" \/>\n<meta name=\"twitter:label1\" content=\"Tiempo de lectura\" \/>\n\t<meta name=\"twitter:data1\" content=\"2 minutos\" \/>\n<script type=\"application\/ld+json\" class=\"yoast-schema-graph\">{\"@context\":\"https:\\\/\\\/schema.org\",\"@graph\":[{\"@type\":\"WebPage\",\"@id\":\"https:\\\/\\\/nb-parts.de\\\/es\\\/produccion\\\/mojadura\\\/\",\"url\":\"https:\\\/\\\/nb-parts.de\\\/es\\\/produccion\\\/mojadura\\\/\",\"name\":\"Mojadura &#171; NB PARTS GmbH\",\"isPartOf\":{\"@id\":\"https:\\\/\\\/nb-parts.de\\\/es\\\/#website\"},\"datePublished\":\"2018-01-03T14:05:50+00:00\",\"dateModified\":\"2025-01-22T13:09:34+00:00\",\"breadcrumb\":{\"@id\":\"https:\\\/\\\/nb-parts.de\\\/es\\\/produccion\\\/mojadura\\\/#breadcrumb\"},\"inLanguage\":\"es\",\"potentialAction\":[{\"@type\":\"ReadAction\",\"target\":[\"https:\\\/\\\/nb-parts.de\\\/es\\\/produccion\\\/mojadura\\\/\"]}]},{\"@type\":\"BreadcrumbList\",\"@id\":\"https:\\\/\\\/nb-parts.de\\\/es\\\/produccion\\\/mojadura\\\/#breadcrumb\",\"itemListElement\":[{\"@type\":\"ListItem\",\"position\":1,\"name\":\"Startseite\",\"item\":\"https:\\\/\\\/nb-parts.de\\\/es\\\/\"},{\"@type\":\"ListItem\",\"position\":2,\"name\":\"PRODUCCI\u00d3N\",\"item\":\"https:\\\/\\\/nb-parts.de\\\/es\\\/produccion\\\/\"},{\"@type\":\"ListItem\",\"position\":3,\"name\":\"Mojadura\"}]},{\"@type\":\"WebSite\",\"@id\":\"https:\\\/\\\/nb-parts.de\\\/es\\\/#website\",\"url\":\"https:\\\/\\\/nb-parts.de\\\/es\\\/\",\"name\":\"NB PARTS GmbH\",\"description\":\"Ersatzteile - Aufarbeitung - Fertigung\",\"publisher\":{\"@id\":\"https:\\\/\\\/nb-parts.de\\\/es\\\/#organization\"},\"potentialAction\":[{\"@type\":\"SearchAction\",\"target\":{\"@type\":\"EntryPoint\",\"urlTemplate\":\"https:\\\/\\\/nb-parts.de\\\/es\\\/?s={search_term_string}\"},\"query-input\":{\"@type\":\"PropertyValueSpecification\",\"valueRequired\":true,\"valueName\":\"search_term_string\"}}],\"inLanguage\":\"es\"},{\"@type\":\"Organization\",\"@id\":\"https:\\\/\\\/nb-parts.de\\\/es\\\/#organization\",\"name\":\"NB PARTS GmbH\",\"url\":\"https:\\\/\\\/nb-parts.de\\\/es\\\/\",\"logo\":{\"@type\":\"ImageObject\",\"inLanguage\":\"es\",\"@id\":\"https:\\\/\\\/nb-parts.de\\\/es\\\/#\\\/schema\\\/logo\\\/image\\\/\",\"url\":\"https:\\\/\\\/nb-parts.de\\\/wp-content\\\/uploads\\\/2021\\\/06\\\/LOGO01.jpg\",\"contentUrl\":\"https:\\\/\\\/nb-parts.de\\\/wp-content\\\/uploads\\\/2021\\\/06\\\/LOGO01.jpg\",\"width\":1000,\"height\":1000,\"caption\":\"NB PARTS GmbH\"},\"image\":{\"@id\":\"https:\\\/\\\/nb-parts.de\\\/es\\\/#\\\/schema\\\/logo\\\/image\\\/\"},\"sameAs\":[\"https:\\\/\\\/www.youtube.com\\\/watch?v=E_90qxvrVlA\"]}]}<\/script>\n<!-- \/ Yoast SEO Premium plugin. -->","yoast_head_json":{"title":"Mojadura &#171; NB PARTS GmbH","robots":{"index":"index","follow":"follow","max-snippet":"max-snippet:-1","max-image-preview":"max-image-preview:large","max-video-preview":"max-video-preview:-1"},"canonical":"https:\/\/nb-parts.de\/es\/produccion\/mojadura\/","og_locale":"es_ES","og_type":"article","og_title":"Mojadura","og_url":"https:\/\/nb-parts.de\/es\/produccion\/mojadura\/","og_site_name":"NB PARTS GmbH","article_modified_time":"2025-01-22T13:09:34+00:00","og_image":[{"width":713,"height":300,"url":"https:\/\/nb-parts.de\/wp-content\/uploads\/2017\/04\/NB-parts-zieht-um.jpg","type":"image\/jpeg"}],"twitter_misc":{"Tiempo de lectura":"2 minutos"},"schema":{"@context":"https:\/\/schema.org","@graph":[{"@type":"WebPage","@id":"https:\/\/nb-parts.de\/es\/produccion\/mojadura\/","url":"https:\/\/nb-parts.de\/es\/produccion\/mojadura\/","name":"Mojadura &#171; NB PARTS GmbH","isPartOf":{"@id":"https:\/\/nb-parts.de\/es\/#website"},"datePublished":"2018-01-03T14:05:50+00:00","dateModified":"2025-01-22T13:09:34+00:00","breadcrumb":{"@id":"https:\/\/nb-parts.de\/es\/produccion\/mojadura\/#breadcrumb"},"inLanguage":"es","potentialAction":[{"@type":"ReadAction","target":["https:\/\/nb-parts.de\/es\/produccion\/mojadura\/"]}]},{"@type":"BreadcrumbList","@id":"https:\/\/nb-parts.de\/es\/produccion\/mojadura\/#breadcrumb","itemListElement":[{"@type":"ListItem","position":1,"name":"Startseite","item":"https:\/\/nb-parts.de\/es\/"},{"@type":"ListItem","position":2,"name":"PRODUCCI\u00d3N","item":"https:\/\/nb-parts.de\/es\/produccion\/"},{"@type":"ListItem","position":3,"name":"Mojadura"}]},{"@type":"WebSite","@id":"https:\/\/nb-parts.de\/es\/#website","url":"https:\/\/nb-parts.de\/es\/","name":"NB PARTS GmbH","description":"Ersatzteile - Aufarbeitung - Fertigung","publisher":{"@id":"https:\/\/nb-parts.de\/es\/#organization"},"potentialAction":[{"@type":"SearchAction","target":{"@type":"EntryPoint","urlTemplate":"https:\/\/nb-parts.de\/es\/?s={search_term_string}"},"query-input":{"@type":"PropertyValueSpecification","valueRequired":true,"valueName":"search_term_string"}}],"inLanguage":"es"},{"@type":"Organization","@id":"https:\/\/nb-parts.de\/es\/#organization","name":"NB PARTS GmbH","url":"https:\/\/nb-parts.de\/es\/","logo":{"@type":"ImageObject","inLanguage":"es","@id":"https:\/\/nb-parts.de\/es\/#\/schema\/logo\/image\/","url":"https:\/\/nb-parts.de\/wp-content\/uploads\/2021\/06\/LOGO01.jpg","contentUrl":"https:\/\/nb-parts.de\/wp-content\/uploads\/2021\/06\/LOGO01.jpg","width":1000,"height":1000,"caption":"NB PARTS GmbH"},"image":{"@id":"https:\/\/nb-parts.de\/es\/#\/schema\/logo\/image\/"},"sameAs":["https:\/\/www.youtube.com\/watch?v=E_90qxvrVlA"]}]}},"_links":{"self":[{"href":"https:\/\/nb-parts.de\/es\/wp-json\/wp\/v2\/pages\/13493","targetHints":{"allow":["GET"]}}],"collection":[{"href":"https:\/\/nb-parts.de\/es\/wp-json\/wp\/v2\/pages"}],"about":[{"href":"https:\/\/nb-parts.de\/es\/wp-json\/wp\/v2\/types\/page"}],"author":[{"embeddable":true,"href":"https:\/\/nb-parts.de\/es\/wp-json\/wp\/v2\/users\/4"}],"replies":[{"embeddable":true,"href":"https:\/\/nb-parts.de\/es\/wp-json\/wp\/v2\/comments?post=13493"}],"version-history":[{"count":1,"href":"https:\/\/nb-parts.de\/es\/wp-json\/wp\/v2\/pages\/13493\/revisions"}],"predecessor-version":[{"id":26436,"href":"https:\/\/nb-parts.de\/es\/wp-json\/wp\/v2\/pages\/13493\/revisions\/26436"}],"up":[{"embeddable":true,"href":"https:\/\/nb-parts.de\/es\/wp-json\/wp\/v2\/pages\/20466"}],"wp:attachment":[{"href":"https:\/\/nb-parts.de\/es\/wp-json\/wp\/v2\/media?parent=13493"}],"curies":[{"name":"wp","href":"https:\/\/api.w.org\/{rel}","templated":true}]}}