{"id":13522,"date":"2017-12-13T11:48:58","date_gmt":"2017-12-13T10:48:58","guid":{"rendered":"https:\/\/nb-parts.de\/forklift-trucks\/"},"modified":"2020-08-20T14:38:59","modified_gmt":"2020-08-20T12:38:59","slug":"carretillas-elevadoras","status":"publish","type":"page","link":"https:\/\/nb-parts.de\/es\/refacciones\/carretillas-elevadoras\/","title":{"rendered":"Carretillas elevadoras"},"content":{"rendered":"<p><div class=\"fusion-fullwidth fullwidth-box fusion-builder-row-1 fusion-flex-container nonhundred-percent-fullwidth non-hundred-percent-height-scrolling\" style=\"--awb-border-radius-top-left:0px;--awb-border-radius-top-right:0px;--awb-border-radius-bottom-right:0px;--awb-border-radius-bottom-left:0px;--awb-flex-wrap:wrap;\" ><div class=\"fusion-builder-row fusion-row fusion-flex-align-items-flex-start fusion-flex-content-wrap\" style=\"max-width:calc( 999px + 0px );margin-left: calc(-0px \/ 2 );margin-right: calc(-0px \/ 2 );\"><div class=\"fusion-layout-column fusion_builder_column fusion-builder-column-0 fusion_builder_column_1_1 1_1 fusion-flex-column\" style=\"--awb-bg-size:cover;--awb-width-large:100%;--awb-margin-top-large:0px;--awb-spacing-right-large:0px;--awb-margin-bottom-large:11px;--awb-spacing-left-large:0px;--awb-width-medium:100%;--awb-spacing-right-medium:0px;--awb-spacing-left-medium:0px;--awb-width-small:100%;--awb-spacing-right-small:0px;--awb-spacing-left-small:0px;\"><div class=\"fusion-column-wrapper fusion-flex-justify-content-flex-start fusion-content-layout-column\"><div class=\"fusion-image-element \" style=\"--awb-bottom-shadow-color:rgba(0,0,0,0.4);--awb-caption-title-font-family:var(--h2_typography-font-family);--awb-caption-title-font-weight:var(--h2_typography-font-weight);--awb-caption-title-font-style:var(--h2_typography-font-style);--awb-caption-title-size:var(--h2_typography-font-size);--awb-caption-title-transform:var(--h2_typography-text-transform);--awb-caption-title-line-height:var(--h2_typography-line-height);--awb-caption-title-letter-spacing:var(--h2_typography-letter-spacing);\"><div class=\"awb-image-frame awb-image-frame-1 awb-bottomshadow\"><span class=\" fusion-imageframe imageframe-bottomshadow imageframe-1 hover-type-none\"><img decoding=\"async\" width=\"768\" height=\"200\" title=\"visual_staplerfahrzeuge\" src=\"https:\/\/nb-parts.de\/wp-content\/uploads\/2017\/12\/visual_staplerfahrzeuge.jpg\" alt class=\"img-responsive wp-image-11944\" srcset=\"https:\/\/nb-parts.de\/wp-content\/uploads\/2017\/12\/visual_staplerfahrzeuge-200x52.jpg 200w, https:\/\/nb-parts.de\/wp-content\/uploads\/2017\/12\/visual_staplerfahrzeuge-400x104.jpg 400w, https:\/\/nb-parts.de\/wp-content\/uploads\/2017\/12\/visual_staplerfahrzeuge-600x156.jpg 600w, https:\/\/nb-parts.de\/wp-content\/uploads\/2017\/12\/visual_staplerfahrzeuge.jpg 768w\" sizes=\"(max-width: 640px) 100vw, 768px\" \/><\/span><svg xmlns=\"http:\/\/www.w3.org\/2000\/svg\" version=\"1.1\" width=\"100%\" viewBox=\"0 0 600 28\" preserveAspectRatio=\"none\"><g clip-path=\"url(#a)\"><mask id=\"b\" style=\"mask-type:luminance\" maskUnits=\"userSpaceOnUse\" x=\"0\" y=\"0\" width=\"600\" height=\"28\"><path d=\"M0 0h600v28H0V0Z\" fill=\"#fff\"\/><\/mask><g filter=\"url(#c)\" mask=\"url(#b)\"><path d=\"M16.439-18.667h567.123v30.8S438.961-8.4 300-8.4C161.04-8.4 16.438 12.133 16.438 12.133v-30.8Z\" fill=\"#000\"\/><\/g><\/g><defs><clipPath id=\"a\"><path fill=\"#fff\" d=\"M0 0h600v28H0z\"\/><\/clipPath><filter id=\"c\" x=\"5.438\" y=\"-29.667\" width=\"589.123\" height=\"52.8\" filterUnits=\"userSpaceOnUse\" color-interpolation-filters=\"sRGB\"><feFlood flood-opacity=\"0\" result=\"BackgroundImageFix\"\/><feBlend in=\"SourceGraphic\" in2=\"BackgroundImageFix\" result=\"shape\"\/><feGaussianBlur stdDeviation=\"5.5\" result=\"effect1_foregroundBlur_3983_183\"\/><\/filter><\/defs><\/svg><\/div><\/div><\/div><\/div><\/div><\/div><div class=\"fusion-fullwidth fullwidth-box fusion-builder-row-2 fusion-flex-container nonhundred-percent-fullwidth non-hundred-percent-height-scrolling\" style=\"--awb-background-position:left top;--awb-background-repeat:repeat;--awb-border-sizes-top:0px;--awb-border-sizes-bottom:0px;--awb-border-sizes-left:0px;--awb-border-sizes-right:0px;--awb-border-radius-top-left:0px;--awb-border-radius-top-right:0px;--awb-border-radius-bottom-right:0px;--awb-border-radius-bottom-left:0px;--awb-padding-top:22px;--awb-flex-wrap:wrap;\" ><div class=\"fusion-builder-row fusion-row fusion-flex-align-items-flex-start fusion-flex-content-wrap\" style=\"max-width:1028.97px;margin-left: calc(-3% \/ 2 );margin-right: calc(-3% \/ 2 );\"><div class=\"fusion-layout-column fusion_builder_column fusion-builder-column-1 fusion_builder_column_1_3 1_3 fusion-flex-column fusion-flex-align-self-flex-start fusion-column-no-min-height\" style=\"--awb-bg-size:cover;--awb-width-large:33.333333333333%;--awb-margin-top-large:0px;--awb-spacing-right-large:5.82%;--awb-margin-bottom-large:0px;--awb-spacing-left-large:4.365%;--awb-width-medium:33.333333333333%;--awb-spacing-right-medium:5.82%;--awb-spacing-left-medium:4.365%;--awb-width-small:100%;--awb-spacing-right-small:1.455%;--awb-spacing-left-small:1.455%;\"><div class=\"fusion-column-wrapper fusion-flex-justify-content-flex-start fusion-content-layout-column\"><div class=\"fusion-text fusion-text-1\"><p><span class=\"notranslate\">Piezas originales, identificadas y compatibles<\/span><\/p>\n<h4 data-fontsize=\"13\" data-lineheight=\"20\"><span class=\"notranslate\">PARA CAMIONES DE PALETA \/ CARRETILLAS ELEVADORAS:<\/span><\/h4>\n<p><span class=\"notranslate\">Bandas de freno y correas, pastillas de freno, tambores de freno, discos de freno, zapatas de freno, cilindros de freno de rueda, cilindros de freno, pinzas de freno y sellado, tanques de l\u00edquido de frenos, mangueras de freno, l\u00edneas hidr\u00e1ulicas, conectores y tornillos, ajustadores de frenos, resortes, mano Palancas de freno, pernos de rueda, cojinetes, anillos de junta de eje<\/span><\/p>\n<h4 data-fontsize=\"13\" data-lineheight=\"20\"><span class=\"notranslate\">PARA VEH\u00cdCULOS DE LAS SIGUIENTES MARCAS COMERCIALES:<\/span><\/h4>\n<ul>\n<li>Allis Chalmers-Kalmar AC<\/li>\n<li>Asea<\/li>\n<li>Atlet-Lafis<\/li>\n<li>Balkancar<\/li>\n<li>Bationi<\/li>\n<li>Baumann<\/li>\n<li>Bishamon<\/li>\n<li>BKS<\/li>\n<li>Bobcat<\/li>\n<li>Bonser<\/li>\n<li>Boss<\/li>\n<li>Brunilift<\/li>\n<li>BT<\/li>\n<li>BV Vestergaard<\/li>\n<li>Caterpillar<\/li>\n<li>Cesab<\/li>\n<li>Clark-Samsung<\/li>\n<li>Climax Conventry-Kalmar<\/li>\n<li>Crown<\/li>\n<li>Dambach<\/li>\n<li>Dantruck<\/li>\n<li>Desta<\/li>\n<li>Datsun<\/li>\n<li>Esselingen<\/li>\n<li>Fantuzzi<\/li>\n<li>Fenwick &amp; PEG<\/li>\n<li>Fiat-OM Pimespo<\/li>\n<li>Guldner<\/li>\n<li>Halla<\/li>\n<li>Hamech<\/li>\n<li>Heden-Dantruck<\/li>\n<li>Henley<\/li>\n<li>Hyster<\/li>\n<li>Hyundai-Halla<\/li>\n<li>ICEM<\/li>\n<li>Irion<\/li>\n<li>Irisman<\/li>\n<li>JCB<\/li>\n<li>Jelau<\/li>\n<li>Jungheinrich-Steinbock<\/li>\n<li>Kalmar LMV<\/li>\n<li>Komatsu<\/li>\n<li>Lafis<\/li>\n<li>Lancer Boss<\/li>\n<li>Lansing<\/li>\n<li>Linde<\/li>\n<li>LMV<\/li>\n<li>Lugli<\/li>\n<li>Manitou<\/li>\n<li>Matral<\/li>\n<li>MIC<\/li>\n<li>Mitsubishi<\/li>\n<li>MORA<\/li>\n<li>Nichiyu-NYK<\/li>\n<li>Nissan<\/li>\n<li>O&amp;K<\/li>\n<li>OMG<\/li>\n<li>Patria<\/li>\n<li>PEG<\/li>\n<li>Pimespo<\/li>\n<li>PRAT<\/li>\n<li>Ransomes<\/li>\n<li>Raymond<\/li>\n<li>Rocla<\/li>\n<li>Salev<\/li>\n<li>Sambron<\/li>\n<li>Samsung<\/li>\n<li>Sanderson<\/li>\n<li>Saxby<\/li>\n<li>Shinko<\/li>\n<li>Sichelsmidt<\/li>\n<li>SISU<\/li>\n<li>Steinbock<\/li>\n<li>Still<\/li>\n<li>Stocka<\/li>\n<li>Sumitomo<\/li>\n<li>SVE Truck<\/li>\n<li>Tailift<\/li>\n<li>TCM<\/li>\n<li>Tecnocar<\/li>\n<li>Terex<\/li>\n<li>Toyota<\/li>\n<li>Valmet<\/li>\n<li>Wagner<\/li>\n<li>YALE<\/li>\n<li>Yang-Yam-Puma<\/li>\n<\/ul>\n<\/div><\/div><\/div><div class=\"fusion-layout-column fusion_builder_column fusion-builder-column-2 fusion_builder_column_1_3 1_3 fusion-flex-column fusion-flex-align-self-flex-start fusion-column-no-min-height\" style=\"--awb-bg-size:cover;--awb-width-large:33.333333333333%;--awb-margin-top-large:0px;--awb-spacing-right-large:5.82%;--awb-margin-bottom-large:0px;--awb-spacing-left-large:5.82%;--awb-width-medium:33.333333333333%;--awb-spacing-right-medium:5.82%;--awb-spacing-left-medium:5.82%;--awb-width-small:100%;--awb-spacing-right-small:1.455%;--awb-spacing-left-small:1.455%;\"><div class=\"fusion-column-wrapper fusion-flex-justify-content-flex-start fusion-content-layout-column\"><div class=\"fusion-text fusion-text-2\"><p><span class=\"notranslate\">Fabricaci\u00f3n de piezas de freno<\/span><\/p>\n<h4 data-fontsize=\"13\" data-lineheight=\"20\"><span class=\"notranslate\">PRODUCCION DE:<\/span><\/h4>\n<p><span class=\"notranslate\">Forros de freno, pastillas de freno, discos de freno, discos de freno con revestimientos org\u00e1nicos y sinterizados, tambores de freno, cilindros hidr\u00e1ulicos (cilindro de freno de rueda, cilindro de embrague, cilindro maestro de freno), kits de reparaci\u00f3n, sellos de labio, mangueras de freno, l\u00edneas hidr\u00e1ulicas, palancas de freno de mano<\/span><\/p>\n<\/div><\/div><\/div><div class=\"fusion-layout-column fusion_builder_column fusion-builder-column-3 fusion_builder_column_1_3 1_3 fusion-flex-column fusion-flex-align-self-flex-start fusion-column-no-min-height\" style=\"--awb-bg-size:cover;--awb-width-large:33.333333333333%;--awb-margin-top-large:0px;--awb-spacing-right-large:4.365%;--awb-margin-bottom-large:0px;--awb-spacing-left-large:5.82%;--awb-width-medium:33.333333333333%;--awb-spacing-right-medium:4.365%;--awb-spacing-left-medium:5.82%;--awb-width-small:100%;--awb-spacing-right-small:1.455%;--awb-spacing-left-small:1.455%;\"><div class=\"fusion-column-wrapper fusion-flex-justify-content-flex-start fusion-content-layout-column\"><div class=\"fusion-text fusion-text-3\"><p><span class=\"notranslate\">Reacondicionamiento de repuestos usados<\/span><\/p>\n<h4 data-fontsize=\"13\" data-lineheight=\"20\"><span class=\"notranslate\">RENUNCIA DE:<\/span><\/h4>\n<p><span class=\"notranslate\">Zapatas, trinquetes, palancas, almohadillas, discos de embrague<\/span><\/p>\n<h4 data-fontsize=\"13\" data-lineheight=\"20\"><span class=\"notranslate\">SKIMMING DE:<\/span><\/h4>\n<p><span class=\"notranslate\">Tambores y discos de freno<\/span><\/p>\n<h4 data-fontsize=\"13\" data-lineheight=\"20\"><span class=\"notranslate\">RESTAURACI\u00d3N DE:<\/span><\/h4>\n<p><span class=\"notranslate\">Cables Bowden<\/span><\/p>\n<h4 data-fontsize=\"13\" data-lineheight=\"20\"><span class=\"notranslate\">REGENERACI\u00d3N DE:<\/span><\/h4>\n<p><span class=\"notranslate\">Filtros de part\u00edculas diesel DPF (combusti\u00f3n limpia)<\/span><\/p>\n<\/div><\/div><\/div><\/div><\/div><\/p>\n","protected":false},"excerpt":{"rendered":"","protected":false},"author":4,"featured_media":0,"parent":20482,"menu_order":0,"comment_status":"closed","ping_status":"closed","template":"","meta":{"footnotes":""},"class_list":["post-13522","page","type-page","status-publish","hentry"],"yoast_head":"<!-- This site is optimized with the Yoast SEO Premium plugin v27.3 (Yoast SEO v27.3) - https:\/\/yoast.com\/product\/yoast-seo-premium-wordpress\/ -->\n<title>Carretillas elevadoras - NB PARTS GmbH<\/title>\n<meta name=\"robots\" content=\"index, follow, max-snippet:-1, max-image-preview:large, max-video-preview:-1\" \/>\n<link rel=\"canonical\" href=\"https:\/\/nb-parts.de\/es\/refacciones\/carretillas-elevadoras\/\" \/>\n<meta property=\"og:locale\" content=\"es_ES\" \/>\n<meta property=\"og:type\" content=\"article\" \/>\n<meta property=\"og:title\" content=\"Carretillas elevadoras\" \/>\n<meta property=\"og:url\" content=\"https:\/\/nb-parts.de\/es\/refacciones\/carretillas-elevadoras\/\" \/>\n<meta property=\"og:site_name\" content=\"NB PARTS GmbH\" \/>\n<meta property=\"article:modified_time\" content=\"2020-08-20T12:38:59+00:00\" \/>\n<meta property=\"og:image\" content=\"https:\/\/nb-parts.de\/wp-content\/uploads\/2017\/04\/NB-parts-zieht-um.jpg\" \/>\n\t<meta property=\"og:image:width\" content=\"713\" \/>\n\t<meta property=\"og:image:height\" content=\"300\" \/>\n\t<meta property=\"og:image:type\" content=\"image\/jpeg\" \/>\n<meta name=\"twitter:label1\" content=\"Tiempo de lectura\" \/>\n\t<meta name=\"twitter:data1\" content=\"5 minutos\" \/>\n<script type=\"application\/ld+json\" class=\"yoast-schema-graph\">{\"@context\":\"https:\\\/\\\/schema.org\",\"@graph\":[{\"@type\":\"WebPage\",\"@id\":\"https:\\\/\\\/nb-parts.de\\\/es\\\/refacciones\\\/carretillas-elevadoras\\\/\",\"url\":\"https:\\\/\\\/nb-parts.de\\\/es\\\/refacciones\\\/carretillas-elevadoras\\\/\",\"name\":\"Carretillas elevadoras - NB PARTS GmbH\",\"isPartOf\":{\"@id\":\"https:\\\/\\\/nb-parts.de\\\/es\\\/#website\"},\"datePublished\":\"2017-12-13T10:48:58+00:00\",\"dateModified\":\"2020-08-20T12:38:59+00:00\",\"breadcrumb\":{\"@id\":\"https:\\\/\\\/nb-parts.de\\\/es\\\/refacciones\\\/carretillas-elevadoras\\\/#breadcrumb\"},\"inLanguage\":\"es\",\"potentialAction\":[{\"@type\":\"ReadAction\",\"target\":[\"https:\\\/\\\/nb-parts.de\\\/es\\\/refacciones\\\/carretillas-elevadoras\\\/\"]}]},{\"@type\":\"BreadcrumbList\",\"@id\":\"https:\\\/\\\/nb-parts.de\\\/es\\\/refacciones\\\/carretillas-elevadoras\\\/#breadcrumb\",\"itemListElement\":[{\"@type\":\"ListItem\",\"position\":1,\"name\":\"Startseite\",\"item\":\"https:\\\/\\\/nb-parts.de\\\/es\\\/\"},{\"@type\":\"ListItem\",\"position\":2,\"name\":\"REFACCIONES\",\"item\":\"https:\\\/\\\/nb-parts.de\\\/es\\\/refacciones\\\/\"},{\"@type\":\"ListItem\",\"position\":3,\"name\":\"Carretillas elevadoras\"}]},{\"@type\":\"WebSite\",\"@id\":\"https:\\\/\\\/nb-parts.de\\\/es\\\/#website\",\"url\":\"https:\\\/\\\/nb-parts.de\\\/es\\\/\",\"name\":\"NB PARTS GmbH\",\"description\":\"Ersatzteile - Aufarbeitung - Fertigung\",\"publisher\":{\"@id\":\"https:\\\/\\\/nb-parts.de\\\/es\\\/#organization\"},\"potentialAction\":[{\"@type\":\"SearchAction\",\"target\":{\"@type\":\"EntryPoint\",\"urlTemplate\":\"https:\\\/\\\/nb-parts.de\\\/es\\\/?s={search_term_string}\"},\"query-input\":{\"@type\":\"PropertyValueSpecification\",\"valueRequired\":true,\"valueName\":\"search_term_string\"}}],\"inLanguage\":\"es\"},{\"@type\":\"Organization\",\"@id\":\"https:\\\/\\\/nb-parts.de\\\/es\\\/#organization\",\"name\":\"NB PARTS GmbH\",\"url\":\"https:\\\/\\\/nb-parts.de\\\/es\\\/\",\"logo\":{\"@type\":\"ImageObject\",\"inLanguage\":\"es\",\"@id\":\"https:\\\/\\\/nb-parts.de\\\/es\\\/#\\\/schema\\\/logo\\\/image\\\/\",\"url\":\"https:\\\/\\\/nb-parts.de\\\/wp-content\\\/uploads\\\/2021\\\/06\\\/LOGO01.jpg\",\"contentUrl\":\"https:\\\/\\\/nb-parts.de\\\/wp-content\\\/uploads\\\/2021\\\/06\\\/LOGO01.jpg\",\"width\":1000,\"height\":1000,\"caption\":\"NB PARTS GmbH\"},\"image\":{\"@id\":\"https:\\\/\\\/nb-parts.de\\\/es\\\/#\\\/schema\\\/logo\\\/image\\\/\"},\"sameAs\":[\"https:\\\/\\\/www.youtube.com\\\/watch?v=E_90qxvrVlA\"]}]}<\/script>\n<!-- \/ Yoast SEO Premium plugin. -->","yoast_head_json":{"title":"Carretillas elevadoras - NB PARTS GmbH","robots":{"index":"index","follow":"follow","max-snippet":"max-snippet:-1","max-image-preview":"max-image-preview:large","max-video-preview":"max-video-preview:-1"},"canonical":"https:\/\/nb-parts.de\/es\/refacciones\/carretillas-elevadoras\/","og_locale":"es_ES","og_type":"article","og_title":"Carretillas elevadoras","og_url":"https:\/\/nb-parts.de\/es\/refacciones\/carretillas-elevadoras\/","og_site_name":"NB PARTS GmbH","article_modified_time":"2020-08-20T12:38:59+00:00","og_image":[{"width":713,"height":300,"url":"https:\/\/nb-parts.de\/wp-content\/uploads\/2017\/04\/NB-parts-zieht-um.jpg","type":"image\/jpeg"}],"twitter_misc":{"Tiempo de lectura":"5 minutos"},"schema":{"@context":"https:\/\/schema.org","@graph":[{"@type":"WebPage","@id":"https:\/\/nb-parts.de\/es\/refacciones\/carretillas-elevadoras\/","url":"https:\/\/nb-parts.de\/es\/refacciones\/carretillas-elevadoras\/","name":"Carretillas elevadoras - NB PARTS GmbH","isPartOf":{"@id":"https:\/\/nb-parts.de\/es\/#website"},"datePublished":"2017-12-13T10:48:58+00:00","dateModified":"2020-08-20T12:38:59+00:00","breadcrumb":{"@id":"https:\/\/nb-parts.de\/es\/refacciones\/carretillas-elevadoras\/#breadcrumb"},"inLanguage":"es","potentialAction":[{"@type":"ReadAction","target":["https:\/\/nb-parts.de\/es\/refacciones\/carretillas-elevadoras\/"]}]},{"@type":"BreadcrumbList","@id":"https:\/\/nb-parts.de\/es\/refacciones\/carretillas-elevadoras\/#breadcrumb","itemListElement":[{"@type":"ListItem","position":1,"name":"Startseite","item":"https:\/\/nb-parts.de\/es\/"},{"@type":"ListItem","position":2,"name":"REFACCIONES","item":"https:\/\/nb-parts.de\/es\/refacciones\/"},{"@type":"ListItem","position":3,"name":"Carretillas elevadoras"}]},{"@type":"WebSite","@id":"https:\/\/nb-parts.de\/es\/#website","url":"https:\/\/nb-parts.de\/es\/","name":"NB PARTS GmbH","description":"Ersatzteile - Aufarbeitung - Fertigung","publisher":{"@id":"https:\/\/nb-parts.de\/es\/#organization"},"potentialAction":[{"@type":"SearchAction","target":{"@type":"EntryPoint","urlTemplate":"https:\/\/nb-parts.de\/es\/?s={search_term_string}"},"query-input":{"@type":"PropertyValueSpecification","valueRequired":true,"valueName":"search_term_string"}}],"inLanguage":"es"},{"@type":"Organization","@id":"https:\/\/nb-parts.de\/es\/#organization","name":"NB PARTS GmbH","url":"https:\/\/nb-parts.de\/es\/","logo":{"@type":"ImageObject","inLanguage":"es","@id":"https:\/\/nb-parts.de\/es\/#\/schema\/logo\/image\/","url":"https:\/\/nb-parts.de\/wp-content\/uploads\/2021\/06\/LOGO01.jpg","contentUrl":"https:\/\/nb-parts.de\/wp-content\/uploads\/2021\/06\/LOGO01.jpg","width":1000,"height":1000,"caption":"NB PARTS GmbH"},"image":{"@id":"https:\/\/nb-parts.de\/es\/#\/schema\/logo\/image\/"},"sameAs":["https:\/\/www.youtube.com\/watch?v=E_90qxvrVlA"]}]}},"_links":{"self":[{"href":"https:\/\/nb-parts.de\/es\/wp-json\/wp\/v2\/pages\/13522","targetHints":{"allow":["GET"]}}],"collection":[{"href":"https:\/\/nb-parts.de\/es\/wp-json\/wp\/v2\/pages"}],"about":[{"href":"https:\/\/nb-parts.de\/es\/wp-json\/wp\/v2\/types\/page"}],"author":[{"embeddable":true,"href":"https:\/\/nb-parts.de\/es\/wp-json\/wp\/v2\/users\/4"}],"replies":[{"embeddable":true,"href":"https:\/\/nb-parts.de\/es\/wp-json\/wp\/v2\/comments?post=13522"}],"version-history":[{"count":0,"href":"https:\/\/nb-parts.de\/es\/wp-json\/wp\/v2\/pages\/13522\/revisions"}],"up":[{"embeddable":true,"href":"https:\/\/nb-parts.de\/es\/wp-json\/wp\/v2\/pages\/20482"}],"wp:attachment":[{"href":"https:\/\/nb-parts.de\/es\/wp-json\/wp\/v2\/media?parent=13522"}],"curies":[{"name":"wp","href":"https:\/\/api.w.org\/{rel}","templated":true}]}}