{"id":12773,"date":"2017-12-12T15:33:47","date_gmt":"2017-12-12T14:33:47","guid":{"rendered":"https:\/\/nb-parts.de\/agrarfahrzeuge\/"},"modified":"2020-08-20T13:51:20","modified_gmt":"2020-08-20T11:51:20","slug":"agricoles-vehicules","status":"publish","type":"page","link":"https:\/\/nb-parts.de\/fr\/pieces-detachees\/agricoles-vehicules\/","title":{"rendered":"Agricoles v\u00e9hicules"},"content":{"rendered":"<p><div class=\"fusion-fullwidth fullwidth-box fusion-builder-row-1 fusion-flex-container nonhundred-percent-fullwidth non-hundred-percent-height-scrolling\" style=\"--awb-border-radius-top-left:0px;--awb-border-radius-top-right:0px;--awb-border-radius-bottom-right:0px;--awb-border-radius-bottom-left:0px;--awb-flex-wrap:wrap;\" ><div class=\"fusion-builder-row fusion-row fusion-flex-align-items-flex-start fusion-flex-content-wrap\" style=\"max-width:calc( 999px + 0px );margin-left: calc(-0px \/ 2 );margin-right: calc(-0px \/ 2 );\"><div class=\"fusion-layout-column fusion_builder_column fusion-builder-column-0 fusion_builder_column_1_1 1_1 fusion-flex-column\" style=\"--awb-bg-size:cover;--awb-width-large:100%;--awb-margin-top-large:0px;--awb-spacing-right-large:0px;--awb-margin-bottom-large:11px;--awb-spacing-left-large:0px;--awb-width-medium:100%;--awb-spacing-right-medium:0px;--awb-spacing-left-medium:0px;--awb-width-small:100%;--awb-spacing-right-small:0px;--awb-spacing-left-small:0px;\"><div class=\"fusion-column-wrapper fusion-flex-justify-content-flex-start fusion-content-layout-column\"><div class=\"fusion-image-element \" style=\"--awb-bottom-shadow-color:rgba(0,0,0,0.4);--awb-caption-title-font-family:var(--h2_typography-font-family);--awb-caption-title-font-weight:var(--h2_typography-font-weight);--awb-caption-title-font-style:var(--h2_typography-font-style);--awb-caption-title-size:var(--h2_typography-font-size);--awb-caption-title-transform:var(--h2_typography-text-transform);--awb-caption-title-line-height:var(--h2_typography-line-height);--awb-caption-title-letter-spacing:var(--h2_typography-letter-spacing);\"><div class=\"awb-image-frame awb-image-frame-1 awb-bottomshadow\"><span class=\" fusion-imageframe imageframe-bottomshadow imageframe-1 hover-type-none\"><img decoding=\"async\" src=\"https:\/\/nb-parts.de\/wp-content\/uploads\/2017\/12\/visual_agrarfahrzeug.jpg\" alt class=\"img-responsive\"\/><\/span><svg xmlns=\"http:\/\/www.w3.org\/2000\/svg\" version=\"1.1\" width=\"100%\" viewBox=\"0 0 600 28\" preserveAspectRatio=\"none\"><g clip-path=\"url(#a)\"><mask id=\"b\" style=\"mask-type:luminance\" maskUnits=\"userSpaceOnUse\" x=\"0\" y=\"0\" width=\"600\" height=\"28\"><path d=\"M0 0h600v28H0V0Z\" fill=\"#fff\"\/><\/mask><g filter=\"url(#c)\" mask=\"url(#b)\"><path d=\"M16.439-18.667h567.123v30.8S438.961-8.4 300-8.4C161.04-8.4 16.438 12.133 16.438 12.133v-30.8Z\" fill=\"#000\"\/><\/g><\/g><defs><clipPath id=\"a\"><path fill=\"#fff\" d=\"M0 0h600v28H0z\"\/><\/clipPath><filter id=\"c\" x=\"5.438\" y=\"-29.667\" width=\"589.123\" height=\"52.8\" filterUnits=\"userSpaceOnUse\" color-interpolation-filters=\"sRGB\"><feFlood flood-opacity=\"0\" result=\"BackgroundImageFix\"\/><feBlend in=\"SourceGraphic\" in2=\"BackgroundImageFix\" result=\"shape\"\/><feGaussianBlur stdDeviation=\"5.5\" result=\"effect1_foregroundBlur_3983_183\"\/><\/filter><\/defs><\/svg><\/div><\/div><\/div><\/div><\/div><\/div><div class=\"fusion-fullwidth fullwidth-box fusion-builder-row-2 fusion-flex-container nonhundred-percent-fullwidth non-hundred-percent-height-scrolling\" style=\"--awb-background-position:left top;--awb-background-repeat:repeat;--awb-border-sizes-top:0px;--awb-border-sizes-bottom:0px;--awb-border-sizes-left:0px;--awb-border-sizes-right:0px;--awb-border-radius-top-left:0px;--awb-border-radius-top-right:0px;--awb-border-radius-bottom-right:0px;--awb-border-radius-bottom-left:0px;--awb-padding-top:22px;--awb-flex-wrap:wrap;\" ><div class=\"fusion-builder-row fusion-row fusion-flex-align-items-flex-start fusion-flex-content-wrap\" style=\"max-width:1028.97px;margin-left: calc(-3% \/ 2 );margin-right: calc(-3% \/ 2 );\"><div class=\"fusion-layout-column fusion_builder_column fusion-builder-column-1 fusion_builder_column_1_3 1_3 fusion-flex-column fusion-flex-align-self-flex-start fusion-column-no-min-height\" style=\"--awb-bg-size:cover;--awb-width-large:33.333333333333%;--awb-margin-top-large:0px;--awb-spacing-right-large:5.82%;--awb-margin-bottom-large:0px;--awb-spacing-left-large:4.365%;--awb-width-medium:33.333333333333%;--awb-spacing-right-medium:5.82%;--awb-spacing-left-medium:4.365%;--awb-width-small:100%;--awb-spacing-right-small:1.455%;--awb-spacing-left-small:1.455%;\"><div class=\"fusion-column-wrapper fusion-flex-justify-content-flex-start fusion-content-layout-column\"><div class=\"fusion-text fusion-text-1\"><p>Pi\u00e8ces d\u2019origine, d\u2019ident &amp; compatibilit\u00e9<\/p>\n<h4>PI\u00c8CES \u00c0 REMORQUE DE TRACTEUR :<\/h4>\n<p class=\"OHNE_ABSATZ\">Essieux, tambours de frein, disques de frein, m\u00e2choires de frein, commandes de freinage, pi\u00e8ces d\u00e9tach\u00e9es de l\u2019air comprim\u00e9 et accessoires \u00e9quivalentes de remorques agricoles<\/p>\n<h4>PI\u00c8CES POUR TYPES DE REMORQUE DE MARQUES :<\/h4>\n<ul>\n<li>ADR<\/li>\n<li>AL-KO<\/li>\n<li>BPW<\/li>\n<li>ESFA<\/li>\n<li>FAD<\/li>\n<li>Grau<\/li>\n<li>Gr\u00fcmer<\/li>\n<li>Knott<\/li>\n<li>M\u00fcller-Mitteltal<\/li>\n<li>Nieper<\/li>\n<li>Peitz<\/li>\n<li>Rinner<\/li>\n<\/ul>\n<h2>PI\u00c8CES \u00c0 TRACTEUR :<\/h2>\n<p>Garnitures de frein, m\u00e2choires de frein, tambours de frein, disques de frein, disques de m\u00e9canisme de manoeuvre, plaquettes de frein, \u00e9triers de frein, sangles et bandes de frein, c\u00e2bles de frein et d\u2019embrayage, cylindres de frein (ma\u00eetre-cylindre, cylindre de frein de roue), cylindres d\u2019embrayage (ma\u00eetre-cylindre, r\u00e9cepteur), cylindres de m\u00e9canisme, cylindres de piston, kit de remise en \u00e9tat, ressorts, rivets, \u00e9tanch\u00e9ification, r\u00e9servoirs de liquide<\/p>\n<h4>PI\u00c8CES POUR TYPES DE TRACTEUR DE MARQUE :<\/h4>\n<ul>\n<li>Bautz<\/li>\n<li>Belarus<\/li>\n<li>Case IH<\/li>\n<li>Case IH (David Brown)<\/li>\n<li>Claas<\/li>\n<li>Deutz \/ KHD<\/li>\n<li>Deutz Fahr<\/li>\n<li>Eicher<\/li>\n<li>Fendt<\/li>\n<li>Fiat (New Holland)<\/li>\n<li>Ford (New Holland)<\/li>\n<li>G\u00fcldner<\/li>\n<li>Hanomag<\/li>\n<li>Holder<\/li>\n<li>H\u00fcrlimann<\/li>\n<li>H\u00fcrth<\/li>\n<li>JCB<\/li>\n<li>John Deere<\/li>\n<li>Kramer<\/li>\n<li>Lamborghini<\/li>\n<li>Landini<\/li>\n<li>Lanz<\/li>\n<li>MAN<\/li>\n<li>Massey Ferguson<\/li>\n<li>Mercedes Benz<\/li>\n<li>Multicar<\/li>\n<li>Porsche<\/li>\n<li>Renault<\/li>\n<li>Same<\/li>\n<li>Schl\u00fcter<\/li>\n<li>Steyr<\/li>\n<li>Valmet<\/li>\n<li>Zetor<\/li>\n<\/ul>\n<\/div><\/div><\/div><div class=\"fusion-layout-column fusion_builder_column fusion-builder-column-2 fusion_builder_column_1_3 1_3 fusion-flex-column fusion-flex-align-self-flex-start fusion-column-no-min-height\" style=\"--awb-bg-size:cover;--awb-width-large:33.333333333333%;--awb-margin-top-large:0px;--awb-spacing-right-large:5.82%;--awb-margin-bottom-large:0px;--awb-spacing-left-large:5.82%;--awb-width-medium:33.333333333333%;--awb-spacing-right-medium:5.82%;--awb-spacing-left-medium:5.82%;--awb-width-small:100%;--awb-spacing-right-small:1.455%;--awb-spacing-left-small:1.455%;\"><div class=\"fusion-column-wrapper fusion-flex-justify-content-flex-start fusion-content-layout-column\"><div class=\"fusion-text fusion-text-2\"><p>Fabrication de pi\u00e8ces d\u00e9tach\u00e9es<\/p>\n<h4>PRODUCTION DE :<\/h4>\n<p>Garnitures de frein, garnitures de disques de frein et d\u2019embrayage, plaquettes de frein, m\u00e2choires de frein, bandes de frein, disques de frein, disques de frein garni des deux surfaces, disques d\u2019embrayage, embrayages, m\u00e9canisme de manoeuvre, tambours de frein, flexibles de frein, r\u00e9servoirs de liquide de frein, cylindres d\u2019embrayage, ma\u00eetre-cylindres de frein, cylindres de frein de roue, \u00e9triers de frein, cylindres de m\u00e9canisme, servo-freins, joints d\u2019\u00e9tanch\u00e9it\u00e9 et kit de remise en \u00e9tat, filet\u00e9s et fixations, cylindres d\u2019air comprim\u00e9, ressorts et v\u00e9rins \u00e0 gaz, contr\u00f4le c\u00e2bles<\/p>\n<\/div><\/div><\/div><div class=\"fusion-layout-column fusion_builder_column fusion-builder-column-3 fusion_builder_column_1_3 1_3 fusion-flex-column fusion-flex-align-self-flex-start fusion-column-no-min-height\" style=\"--awb-bg-size:cover;--awb-width-large:33.333333333333%;--awb-margin-top-large:0px;--awb-spacing-right-large:4.365%;--awb-margin-bottom-large:0px;--awb-spacing-left-large:5.82%;--awb-width-medium:33.333333333333%;--awb-spacing-right-medium:4.365%;--awb-spacing-left-medium:5.82%;--awb-width-small:100%;--awb-spacing-right-small:1.455%;--awb-spacing-left-small:1.455%;\"><div class=\"fusion-column-wrapper fusion-flex-justify-content-flex-start fusion-content-layout-column\"><div class=\"fusion-text fusion-text-3\"><p>R\u00e9paration de pi\u00e8ces d\u2019usure<\/p>\n<h4>REGARNISSAGE DE :<\/h4>\n<p>M\u00e2choires de frein, bandes de frein, segments, c\u00f4nes, plaquettes de frein, disques d\u2019embrayage, embrayages compl\u00e8tes<\/p>\n<h4>R\u00c9NOVATION DE :<\/h4>\n<p>Pompes \u00e0 eau, cylindres de frein de roue, ma\u00eetre-cylindres de frein, cylindres d\u2019embrayage, correcteurs de freinage, cylindres de m\u00e9canisme, \u00e9triers de frein, contr\u00f4le c\u00e2bles, cylindres d\u2019air comprim\u00e9<\/p>\n<h4>RECTIFICATION DE :<\/h4>\n<p>Plaques de pression<\/p>\n<\/div><\/div><\/div><\/div><\/div><\/p>\n","protected":false},"excerpt":{"rendered":"","protected":false},"author":4,"featured_media":0,"parent":20477,"menu_order":0,"comment_status":"closed","ping_status":"closed","template":"","meta":{"footnotes":""},"class_list":["post-12773","page","type-page","status-publish","hentry"],"yoast_head":"<!-- This site is optimized with the Yoast SEO Premium plugin v27.4 (Yoast SEO v27.5) - https:\/\/yoast.com\/product\/yoast-seo-premium-wordpress\/ -->\n<title>Agricoles v\u00e9hicules &#171; NB PARTS GmbH<\/title>\n<meta name=\"robots\" content=\"index, follow, max-snippet:-1, max-image-preview:large, max-video-preview:-1\" \/>\n<link rel=\"canonical\" href=\"https:\/\/nb-parts.de\/fr\/pieces-detachees\/agricoles-vehicules\/\" \/>\n<meta property=\"og:locale\" content=\"fr_FR\" \/>\n<meta property=\"og:type\" content=\"article\" \/>\n<meta property=\"og:title\" content=\"Agricoles v\u00e9hicules\" \/>\n<meta property=\"og:url\" content=\"https:\/\/nb-parts.de\/fr\/pieces-detachees\/agricoles-vehicules\/\" \/>\n<meta property=\"og:site_name\" content=\"NB PARTS GmbH\" \/>\n<meta property=\"article:modified_time\" content=\"2020-08-20T11:51:20+00:00\" \/>\n<meta property=\"og:image\" content=\"https:\/\/nb-parts.de\/wp-content\/uploads\/2017\/04\/NB-parts-zieht-um.jpg\" \/>\n\t<meta property=\"og:image:width\" content=\"713\" \/>\n\t<meta property=\"og:image:height\" content=\"300\" \/>\n\t<meta property=\"og:image:type\" content=\"image\/jpeg\" \/>\n<meta name=\"twitter:label1\" content=\"Dur\u00e9e de lecture estim\u00e9e\" \/>\n\t<meta name=\"twitter:data1\" content=\"5 minutes\" \/>\n<script type=\"application\/ld+json\" class=\"yoast-schema-graph\">{\"@context\":\"https:\\\/\\\/schema.org\",\"@graph\":[{\"@type\":\"WebPage\",\"@id\":\"https:\\\/\\\/nb-parts.de\\\/fr\\\/pieces-detachees\\\/agricoles-vehicules\\\/\",\"url\":\"https:\\\/\\\/nb-parts.de\\\/fr\\\/pieces-detachees\\\/agricoles-vehicules\\\/\",\"name\":\"Agricoles v\u00e9hicules &#171; NB PARTS GmbH\",\"isPartOf\":{\"@id\":\"https:\\\/\\\/nb-parts.de\\\/fr\\\/#website\"},\"datePublished\":\"2017-12-12T14:33:47+00:00\",\"dateModified\":\"2020-08-20T11:51:20+00:00\",\"breadcrumb\":{\"@id\":\"https:\\\/\\\/nb-parts.de\\\/fr\\\/pieces-detachees\\\/agricoles-vehicules\\\/#breadcrumb\"},\"inLanguage\":\"fr-FR\",\"potentialAction\":[{\"@type\":\"ReadAction\",\"target\":[\"https:\\\/\\\/nb-parts.de\\\/fr\\\/pieces-detachees\\\/agricoles-vehicules\\\/\"]}]},{\"@type\":\"BreadcrumbList\",\"@id\":\"https:\\\/\\\/nb-parts.de\\\/fr\\\/pieces-detachees\\\/agricoles-vehicules\\\/#breadcrumb\",\"itemListElement\":[{\"@type\":\"ListItem\",\"position\":1,\"name\":\"Startseite\",\"item\":\"https:\\\/\\\/nb-parts.de\\\/fr\\\/\"},{\"@type\":\"ListItem\",\"position\":2,\"name\":\"PI\u00c9CES D\u00c9TACH\u00c8ES\",\"item\":\"https:\\\/\\\/nb-parts.de\\\/fr\\\/pieces-detachees\\\/\"},{\"@type\":\"ListItem\",\"position\":3,\"name\":\"Agricoles v\u00e9hicules\"}]},{\"@type\":\"WebSite\",\"@id\":\"https:\\\/\\\/nb-parts.de\\\/fr\\\/#website\",\"url\":\"https:\\\/\\\/nb-parts.de\\\/fr\\\/\",\"name\":\"NB PARTS GmbH\",\"description\":\"Ersatzteile - Aufarbeitung - Fertigung\",\"publisher\":{\"@id\":\"https:\\\/\\\/nb-parts.de\\\/fr\\\/#organization\"},\"potentialAction\":[{\"@type\":\"SearchAction\",\"target\":{\"@type\":\"EntryPoint\",\"urlTemplate\":\"https:\\\/\\\/nb-parts.de\\\/fr\\\/?s={search_term_string}\"},\"query-input\":{\"@type\":\"PropertyValueSpecification\",\"valueRequired\":true,\"valueName\":\"search_term_string\"}}],\"inLanguage\":\"fr-FR\"},{\"@type\":\"Organization\",\"@id\":\"https:\\\/\\\/nb-parts.de\\\/fr\\\/#organization\",\"name\":\"NB PARTS GmbH\",\"url\":\"https:\\\/\\\/nb-parts.de\\\/fr\\\/\",\"logo\":{\"@type\":\"ImageObject\",\"inLanguage\":\"fr-FR\",\"@id\":\"https:\\\/\\\/nb-parts.de\\\/fr\\\/#\\\/schema\\\/logo\\\/image\\\/\",\"url\":\"https:\\\/\\\/nb-parts.de\\\/wp-content\\\/uploads\\\/2021\\\/06\\\/LOGO01.jpg\",\"contentUrl\":\"https:\\\/\\\/nb-parts.de\\\/wp-content\\\/uploads\\\/2021\\\/06\\\/LOGO01.jpg\",\"width\":1000,\"height\":1000,\"caption\":\"NB PARTS GmbH\"},\"image\":{\"@id\":\"https:\\\/\\\/nb-parts.de\\\/fr\\\/#\\\/schema\\\/logo\\\/image\\\/\"},\"sameAs\":[\"https:\\\/\\\/www.youtube.com\\\/watch?v=E_90qxvrVlA\"]}]}<\/script>\n<!-- \/ Yoast SEO Premium plugin. -->","yoast_head_json":{"title":"Agricoles v\u00e9hicules &#171; NB PARTS GmbH","robots":{"index":"index","follow":"follow","max-snippet":"max-snippet:-1","max-image-preview":"max-image-preview:large","max-video-preview":"max-video-preview:-1"},"canonical":"https:\/\/nb-parts.de\/fr\/pieces-detachees\/agricoles-vehicules\/","og_locale":"fr_FR","og_type":"article","og_title":"Agricoles v\u00e9hicules","og_url":"https:\/\/nb-parts.de\/fr\/pieces-detachees\/agricoles-vehicules\/","og_site_name":"NB PARTS GmbH","article_modified_time":"2020-08-20T11:51:20+00:00","og_image":[{"width":713,"height":300,"url":"https:\/\/nb-parts.de\/wp-content\/uploads\/2017\/04\/NB-parts-zieht-um.jpg","type":"image\/jpeg"}],"twitter_misc":{"Dur\u00e9e de lecture estim\u00e9e":"5 minutes"},"schema":{"@context":"https:\/\/schema.org","@graph":[{"@type":"WebPage","@id":"https:\/\/nb-parts.de\/fr\/pieces-detachees\/agricoles-vehicules\/","url":"https:\/\/nb-parts.de\/fr\/pieces-detachees\/agricoles-vehicules\/","name":"Agricoles v\u00e9hicules &#171; NB PARTS GmbH","isPartOf":{"@id":"https:\/\/nb-parts.de\/fr\/#website"},"datePublished":"2017-12-12T14:33:47+00:00","dateModified":"2020-08-20T11:51:20+00:00","breadcrumb":{"@id":"https:\/\/nb-parts.de\/fr\/pieces-detachees\/agricoles-vehicules\/#breadcrumb"},"inLanguage":"fr-FR","potentialAction":[{"@type":"ReadAction","target":["https:\/\/nb-parts.de\/fr\/pieces-detachees\/agricoles-vehicules\/"]}]},{"@type":"BreadcrumbList","@id":"https:\/\/nb-parts.de\/fr\/pieces-detachees\/agricoles-vehicules\/#breadcrumb","itemListElement":[{"@type":"ListItem","position":1,"name":"Startseite","item":"https:\/\/nb-parts.de\/fr\/"},{"@type":"ListItem","position":2,"name":"PI\u00c9CES D\u00c9TACH\u00c8ES","item":"https:\/\/nb-parts.de\/fr\/pieces-detachees\/"},{"@type":"ListItem","position":3,"name":"Agricoles v\u00e9hicules"}]},{"@type":"WebSite","@id":"https:\/\/nb-parts.de\/fr\/#website","url":"https:\/\/nb-parts.de\/fr\/","name":"NB PARTS GmbH","description":"Ersatzteile - Aufarbeitung - Fertigung","publisher":{"@id":"https:\/\/nb-parts.de\/fr\/#organization"},"potentialAction":[{"@type":"SearchAction","target":{"@type":"EntryPoint","urlTemplate":"https:\/\/nb-parts.de\/fr\/?s={search_term_string}"},"query-input":{"@type":"PropertyValueSpecification","valueRequired":true,"valueName":"search_term_string"}}],"inLanguage":"fr-FR"},{"@type":"Organization","@id":"https:\/\/nb-parts.de\/fr\/#organization","name":"NB PARTS GmbH","url":"https:\/\/nb-parts.de\/fr\/","logo":{"@type":"ImageObject","inLanguage":"fr-FR","@id":"https:\/\/nb-parts.de\/fr\/#\/schema\/logo\/image\/","url":"https:\/\/nb-parts.de\/wp-content\/uploads\/2021\/06\/LOGO01.jpg","contentUrl":"https:\/\/nb-parts.de\/wp-content\/uploads\/2021\/06\/LOGO01.jpg","width":1000,"height":1000,"caption":"NB PARTS GmbH"},"image":{"@id":"https:\/\/nb-parts.de\/fr\/#\/schema\/logo\/image\/"},"sameAs":["https:\/\/www.youtube.com\/watch?v=E_90qxvrVlA"]}]}},"_links":{"self":[{"href":"https:\/\/nb-parts.de\/fr\/wp-json\/wp\/v2\/pages\/12773","targetHints":{"allow":["GET"]}}],"collection":[{"href":"https:\/\/nb-parts.de\/fr\/wp-json\/wp\/v2\/pages"}],"about":[{"href":"https:\/\/nb-parts.de\/fr\/wp-json\/wp\/v2\/types\/page"}],"author":[{"embeddable":true,"href":"https:\/\/nb-parts.de\/fr\/wp-json\/wp\/v2\/users\/4"}],"replies":[{"embeddable":true,"href":"https:\/\/nb-parts.de\/fr\/wp-json\/wp\/v2\/comments?post=12773"}],"version-history":[{"count":0,"href":"https:\/\/nb-parts.de\/fr\/wp-json\/wp\/v2\/pages\/12773\/revisions"}],"up":[{"embeddable":true,"href":"https:\/\/nb-parts.de\/fr\/wp-json\/wp\/v2\/pages\/20477"}],"wp:attachment":[{"href":"https:\/\/nb-parts.de\/fr\/wp-json\/wp\/v2\/media?parent=12773"}],"curies":[{"name":"wp","href":"https:\/\/api.w.org\/{rel}","templated":true}]}}