{"id":12850,"date":"2017-12-13T14:14:23","date_gmt":"2017-12-13T13:14:23","guid":{"rendered":"https:\/\/nb-parts.de\/reibmaterialien-gesintert\/"},"modified":"2018-03-22T14:12:30","modified_gmt":"2018-03-22T13:12:30","slug":"materiaux-de-friction-frittes","status":"publish","type":"page","link":"https:\/\/nb-parts.de\/fr\/fabrication\/materiaux-de-friction-frittes\/","title":{"rendered":"Mat\u00e9riaux de friction fritt\u00e9s"},"content":{"rendered":"<p><div class=\"fusion-fullwidth fullwidth-box fusion-builder-row-1 fusion-flex-container nonhundred-percent-fullwidth non-hundred-percent-height-scrolling\" style=\"--awb-border-radius-top-left:0px;--awb-border-radius-top-right:0px;--awb-border-radius-bottom-right:0px;--awb-border-radius-bottom-left:0px;--awb-flex-wrap:wrap;\" ><div class=\"fusion-builder-row fusion-row fusion-flex-align-items-flex-start fusion-flex-content-wrap\" style=\"max-width:calc( 999px + 0px );margin-left: calc(-0px \/ 2 );margin-right: calc(-0px \/ 2 );\"><div class=\"fusion-layout-column fusion_builder_column fusion-builder-column-0 fusion_builder_column_1_1 1_1 fusion-flex-column\" style=\"--awb-bg-size:cover;--awb-width-large:100%;--awb-margin-top-large:0px;--awb-spacing-right-large:0px;--awb-margin-bottom-large:11px;--awb-spacing-left-large:0px;--awb-width-medium:100%;--awb-spacing-right-medium:0px;--awb-spacing-left-medium:0px;--awb-width-small:100%;--awb-spacing-right-small:0px;--awb-spacing-left-small:0px;\"><div class=\"fusion-column-wrapper fusion-flex-justify-content-flex-start fusion-content-layout-column\"><div class=\"fusion-image-element \" style=\"--awb-bottom-shadow-color:rgba(0,0,0,0.4);--awb-caption-title-font-family:var(--h2_typography-font-family);--awb-caption-title-font-weight:var(--h2_typography-font-weight);--awb-caption-title-font-style:var(--h2_typography-font-style);--awb-caption-title-size:var(--h2_typography-font-size);--awb-caption-title-transform:var(--h2_typography-text-transform);--awb-caption-title-line-height:var(--h2_typography-line-height);--awb-caption-title-letter-spacing:var(--h2_typography-letter-spacing);\"><div class=\"awb-image-frame awb-image-frame-1 awb-bottomshadow\"><span class=\" fusion-imageframe imageframe-bottomshadow imageframe-1 hover-type-none\"><img decoding=\"async\" width=\"768\" height=\"200\" title=\"visual_fertig_sinterprodukte\" src=\"https:\/\/nb-parts.de\/wp-content\/uploads\/2017\/12\/visual_fertig_sinterprodukte.jpg\" alt class=\"img-responsive wp-image-11993\" srcset=\"https:\/\/nb-parts.de\/wp-content\/uploads\/2017\/12\/visual_fertig_sinterprodukte-200x52.jpg 200w, https:\/\/nb-parts.de\/wp-content\/uploads\/2017\/12\/visual_fertig_sinterprodukte-400x104.jpg 400w, https:\/\/nb-parts.de\/wp-content\/uploads\/2017\/12\/visual_fertig_sinterprodukte-600x156.jpg 600w, https:\/\/nb-parts.de\/wp-content\/uploads\/2017\/12\/visual_fertig_sinterprodukte.jpg 768w\" sizes=\"(max-width: 640px) 100vw, 768px\" \/><\/span><svg xmlns=\"http:\/\/www.w3.org\/2000\/svg\" version=\"1.1\" width=\"100%\" viewBox=\"0 0 600 28\" preserveAspectRatio=\"none\"><g clip-path=\"url(#a)\"><mask id=\"b\" style=\"mask-type:luminance\" maskUnits=\"userSpaceOnUse\" x=\"0\" y=\"0\" width=\"600\" height=\"28\"><path d=\"M0 0h600v28H0V0Z\" fill=\"#fff\"\/><\/mask><g filter=\"url(#c)\" mask=\"url(#b)\"><path d=\"M16.439-18.667h567.123v30.8S438.961-8.4 300-8.4C161.04-8.4 16.438 12.133 16.438 12.133v-30.8Z\" fill=\"#000\"\/><\/g><\/g><defs><clipPath id=\"a\"><path fill=\"#fff\" d=\"M0 0h600v28H0z\"\/><\/clipPath><filter id=\"c\" x=\"5.438\" y=\"-29.667\" width=\"589.123\" height=\"52.8\" filterUnits=\"userSpaceOnUse\" color-interpolation-filters=\"sRGB\"><feFlood flood-opacity=\"0\" result=\"BackgroundImageFix\"\/><feBlend in=\"SourceGraphic\" in2=\"BackgroundImageFix\" result=\"shape\"\/><feGaussianBlur stdDeviation=\"5.5\" result=\"effect1_foregroundBlur_3983_183\"\/><\/filter><\/defs><\/svg><\/div><\/div><\/div><\/div><\/div><\/div><div class=\"fusion-fullwidth fullwidth-box fusion-builder-row-2 fusion-flex-container nonhundred-percent-fullwidth non-hundred-percent-height-scrolling\" style=\"--awb-border-radius-top-left:0px;--awb-border-radius-top-right:0px;--awb-border-radius-bottom-right:0px;--awb-border-radius-bottom-left:0px;--awb-flex-wrap:wrap;\" ><div class=\"fusion-builder-row fusion-row fusion-flex-align-items-flex-start fusion-flex-content-wrap\" style=\"max-width:1028.97px;margin-left: calc(-3% \/ 2 );margin-right: calc(-3% \/ 2 );\"><div class=\"fusion-layout-column fusion_builder_column fusion-builder-column-1 fusion_builder_column_1_4 1_4 fusion-flex-column\" style=\"--awb-bg-size:cover;--awb-width-large:25%;--awb-margin-top-large:0px;--awb-spacing-right-large:7.76%;--awb-margin-bottom-large:11px;--awb-spacing-left-large:5.82%;--awb-width-medium:25%;--awb-spacing-right-medium:7.76%;--awb-spacing-left-medium:5.82%;--awb-width-small:100%;--awb-spacing-right-small:1.455%;--awb-spacing-left-small:1.455%;\"><div class=\"fusion-column-wrapper fusion-flex-justify-content-flex-start fusion-content-layout-column\"><div style=\"text-align:center;\"><a class=\"fusion-button button-flat button-medium button-lightgray fusion-button-lightgray button-1 fusion-button-span-yes fusion-button-default-type\" target=\"_blank\" rel=\"noopener noreferrer\" href=\"https:\/\/nb-parts.de\/pdf\/brochures\/nb-parts-brochure_plates.pdf\"><i class=\" fa fa-download awb-button__icon awb-button__icon--default button-icon-left\" aria-hidden=\"true\"><\/i><span class=\"fusion-button-text awb-button__text awb-button__text--default\">PDF Sinter &amp; steel plates<\/span><\/a><\/div><\/div><\/div><div class=\"fusion-layout-column fusion_builder_column fusion-builder-column-2 fusion_builder_column_1_4 1_4 fusion-flex-column\" style=\"--awb-bg-size:cover;--awb-width-large:25%;--awb-margin-top-large:0px;--awb-spacing-right-large:7.76%;--awb-margin-bottom-large:11px;--awb-spacing-left-large:7.76%;--awb-width-medium:25%;--awb-spacing-right-medium:7.76%;--awb-spacing-left-medium:7.76%;--awb-width-small:100%;--awb-spacing-right-small:1.455%;--awb-spacing-left-small:1.455%;\"><div class=\"fusion-column-wrapper fusion-flex-justify-content-flex-start fusion-content-layout-column\"><div style=\"text-align:center;\"><a class=\"fusion-button button-flat button-medium button-lightgray fusion-button-lightgray button-2 fusion-button-span-yes fusion-button-default-type\" target=\"_blank\" rel=\"noopener noreferrer\" href=\"https:\/\/nb-parts.de\/pdf\/brochures\/nb-parts_clutchbuttons_kupplungssegmente.pdf\"><i class=\" fa fa-download awb-button__icon awb-button__icon--default button-icon-left\" aria-hidden=\"true\"><\/i><span class=\"fusion-button-text awb-button__text awb-button__text--default\">PDF Clutch buttons<\/span><\/a><\/div><\/div><\/div><div class=\"fusion-layout-column fusion_builder_column fusion-builder-column-3 fusion_builder_column_1_4 1_4 fusion-flex-column\" style=\"--awb-bg-size:cover;--awb-width-large:25%;--awb-margin-top-large:0px;--awb-spacing-right-large:7.76%;--awb-margin-bottom-large:11px;--awb-spacing-left-large:7.76%;--awb-width-medium:25%;--awb-spacing-right-medium:7.76%;--awb-spacing-left-medium:7.76%;--awb-width-small:100%;--awb-spacing-right-small:1.455%;--awb-spacing-left-small:1.455%;\"><div class=\"fusion-column-wrapper fusion-flex-justify-content-flex-start fusion-content-layout-column\"><div style=\"text-align:center;\"><a class=\"fusion-button button-flat button-medium button-lightgray fusion-button-lightgray button-3 fusion-button-span-yes fusion-button-default-type\" target=\"_blank\" rel=\"noopener noreferrer\" href=\"https:\/\/nb-parts.de\/pdf\/info\/nb-parts_processing_sinter.pdf\"><i class=\" fa fa-download awb-button__icon awb-button__icon--default button-icon-left\" aria-hidden=\"true\"><\/i><span class=\"fusion-button-text awb-button__text awb-button__text--default\">PDF Sinter process<\/span><\/a><\/div><\/div><\/div><div class=\"fusion-layout-column fusion_builder_column fusion-builder-column-4 fusion_builder_column_1_4 1_4 fusion-flex-column\" style=\"--awb-bg-size:cover;--awb-width-large:25%;--awb-margin-top-large:0px;--awb-spacing-right-large:5.82%;--awb-margin-bottom-large:11px;--awb-spacing-left-large:7.76%;--awb-width-medium:25%;--awb-spacing-right-medium:5.82%;--awb-spacing-left-medium:7.76%;--awb-width-small:100%;--awb-spacing-right-small:1.455%;--awb-spacing-left-small:1.455%;\"><div class=\"fusion-column-wrapper fusion-flex-justify-content-flex-start fusion-content-layout-column\"><div style=\"text-align:center;\"><a class=\"fusion-button button-flat button-medium button-lightgray fusion-button-lightgray button-4 fusion-button-span-yes fusion-button-default-type\" target=\"_blank\" rel=\"noopener noreferrer\" href=\"https:\/\/nb-parts.de\/pdf\/info\/nb-parts_processing_sprinkle-sinter.pdf\"><i class=\" fa fa-download awb-button__icon awb-button__icon--default button-icon-left\" aria-hidden=\"true\"><\/i><span class=\"fusion-button-text awb-button__text awb-button__text--default\">PDF Sprinkling<\/span><\/a><\/div><\/div><\/div><div class=\"fusion-layout-column fusion_builder_column fusion-builder-column-5 fusion_builder_column_1_1 1_1 fusion-flex-column\" style=\"--awb-bg-size:cover;--awb-width-large:100%;--awb-margin-top-large:0px;--awb-spacing-right-large:1.455%;--awb-margin-bottom-large:11px;--awb-spacing-left-large:1.455%;--awb-width-medium:100%;--awb-spacing-right-medium:1.455%;--awb-spacing-left-medium:1.455%;--awb-width-small:100%;--awb-spacing-right-small:1.455%;--awb-spacing-left-small:1.455%;\"><div class=\"fusion-column-wrapper fusion-flex-justify-content-flex-start fusion-content-layout-column\"><\/div><\/div><\/div><\/div><div class=\"fusion-fullwidth fullwidth-box fusion-builder-row-3 fusion-flex-container nonhundred-percent-fullwidth non-hundred-percent-height-scrolling\" style=\"--awb-background-position:left top;--awb-background-repeat:repeat;--awb-border-radius-top-left:0px;--awb-border-radius-top-right:0px;--awb-border-radius-bottom-right:0px;--awb-border-radius-bottom-left:0px;--awb-padding-top:22px;--awb-border-sizes-top:0px;--awb-border-sizes-bottom:0px;--awb-flex-wrap:wrap;\" ><div class=\"fusion-builder-row fusion-row fusion-flex-align-items-flex-start fusion-flex-content-wrap\" style=\"max-width:1028.97px;margin-left: calc(-3% \/ 2 );margin-right: calc(-3% \/ 2 );\"><div class=\"fusion-layout-column fusion_builder_column fusion-builder-column-6 fusion_builder_column_2_3 2_3 fusion-flex-column fusion-flex-align-self-flex-start fusion-column-no-min-height\" style=\"--awb-bg-size:cover;--awb-width-large:66.666666666667%;--awb-margin-top-large:0px;--awb-spacing-right-large:3.88%;--awb-margin-bottom-large:0px;--awb-spacing-left-large:2.1825%;--awb-width-medium:66.666666666667%;--awb-spacing-right-medium:3.88%;--awb-spacing-left-medium:2.1825%;--awb-width-small:100%;--awb-spacing-right-small:1.455%;--awb-spacing-left-small:1.455%;\"><div class=\"fusion-column-wrapper fusion-flex-justify-content-flex-start fusion-content-layout-column\"><div class=\"fusion-text fusion-text-1\"><h4 data-fontsize=\"13\" data-lineheight=\"16\"><span class=\"notranslate\">MAT\u00c9RIAUX DE FRICTION FRITT\u00c9S<\/span><\/h4>\n<p class=\"ABSATZ_SEHR_GROSS\"><span class=\"notranslate\">Applications industrielles<\/span> <br \/><span class=\"notranslate\">Les mat\u00e9riaux de friction m\u00e9tallurgiques en poudre sont bas\u00e9s sur une matrice m\u00e9tallique fritt\u00e9e, dans laquelle sont incorpor\u00e9s des agents min\u00e9raux, m\u00e9talliques, non m\u00e9talliques ou c\u00e9ramiques, ainsi que des lubrifiants abrasifs et solides.<\/span> <span class=\"notranslate\">La formulation des mat\u00e9riaux de friction composites et le pourcentage de la matrice m\u00e9tallique d\u00e9terminent de mani\u00e8re significative la bonne conductivit\u00e9 thermique et la plus grande r\u00e9sistance \u00e0 la chaleur.<\/span> <span class=\"notranslate\">Les garnitures de friction fritt\u00e9es sont adapt\u00e9es pour des applications thermiques tr\u00e8s sollicit\u00e9es (embrayages et freins dans la technique d&rsquo;entra\u00eenement, dans l&rsquo;industrie m\u00e9canique et dans les v\u00e9hicules utilitaires lourds, y compris les tracteurs, les machines agricoles et de construction).<\/span><\/p>\n<p><span class=\"notranslate\">Pendant le processus de frittage et sous atmosph\u00e8re protectrice contr\u00f4l\u00e9e.<\/span> <span class=\"notranslate\">De ce fait, les gaz s&rsquo;\u00e9chappent, ce qui conduit \u00e0 la porosit\u00e9 ouverte typique des mat\u00e9riaux de friction fritt\u00e9s.<\/span> <span class=\"notranslate\">Des rev\u00eatements de frittage encore plus minces avec une texture poreuse \u00e9lev\u00e9e peuvent \u00eatre r\u00e9alis\u00e9s par le proc\u00e9d\u00e9 d&rsquo;arrosage, gr\u00e2ce au proc\u00e9d\u00e9 d&rsquo;arrosage.<\/span> <span class=\"notranslate\">La production de mat\u00e9riaux de friction fritt\u00e9s est assur\u00e9e par des partenaires contractuels ind\u00e9pendants certifi\u00e9s ISO.<\/span><\/p>\n<h4 data-fontsize=\"13\" data-lineheight=\"16\"><span class=\"notranslate\">DISQUES DE FREINS MOUILLANTS<\/span><\/h4>\n<p><span class=\"notranslate\">Les disques de frein mouill\u00e9s (ensembles de disques de frein) fonctionnent g\u00e9n\u00e9ralement avec des freins multidisques immerg\u00e9s dans l&rsquo;huile et des freins \u00e0 rampe \u00e0 billes, connus sous le nom de freins \u00e0 rampe humide ou de freins \u00e0 billes.<\/span> <span class=\"notranslate\">Surtout trouv\u00e9 dans les tracteurs \u00e0 haut r\u00e9gime et les v\u00e9hicules lourds, les disques de frein \u00e0 eau sont souvent list\u00e9s comme des disques de frein doubl\u00e9s.<\/span> <span class=\"notranslate\">En plus des garnitures de disque (rev\u00eatements) sont n\u00e9cessaires dans des conditions de bain d&rsquo;huile et de mouillage.<\/span> <br \/><span class=\"notranslate\">1) Disques de frein fonctionnant \u00e0 l&rsquo;\u00e9tat humide dans diverses g\u00e9om\u00e9tries<\/span> <br \/><span class=\"notranslate\">2) garnitures de frein de divers mat\u00e9riaux de frottement (papier et rev\u00eatements de graphite \u00e9galement disponibles)<\/span> <br \/><span class=\"notranslate\">3) large gamme de conceptions de surface de frottement et mod\u00e8les de cannelure<\/span> <br \/><span class=\"notranslate\">&#8230; (Waffle, Sunburst, Radial, Spirale, Plan, Parall\u00e8le, 2 et 3 passes multiples parall\u00e8les, combinaisons)<\/span> <br \/><span class=\"notranslate\">4) disques de support de soutien dans diverses options, denture interne (standard, renforc\u00e9)<\/span> <br \/><span class=\"notranslate\">5) les disques interm\u00e9diaires correspondants<\/span><\/p>\n<h4 data-fontsize=\"13\" data-lineheight=\"16\"><span class=\"notranslate\">PLAQUES DE FRICTION ET D&rsquo;ACIER<\/span><\/h4>\n<p><span class=\"notranslate\">On utilise des embrayages \u00e0 friction non positifs et des freins \u00e0 friction appartenant \u00e0 la cat\u00e9gorie des disques de friction ainsi que des disques de friction et leurs contreplaques.<\/span> <br \/><span class=\"notranslate\">Qu&rsquo;ils soient install\u00e9s dans des embrayages, des embrayages de s\u00e9curit\u00e9 ou des freins de maintien &#8211; freins multidisques et embrayages multidisques (\u00e9galement appel\u00e9s embrayages multidisques ou embrayages \u00e0 disques de friction), ils fonctionnent dans diverses applications d&rsquo;entra\u00eenement et de transmission.<\/span><span class=\"notranslate\">Abrasion, pression superficielle, temp\u00e9rature, vitesse de frottement, d\u00e9bit d&rsquo;huile, lubrification et plus encore.<\/span> <br \/><span class=\"notranslate\">1) des garnitures en bronze fritt\u00e9 fournies en diff\u00e9rentes \u00e9paisseurs (par exemple, un film mince de frittage par aspersion)<\/span> <br \/><span class=\"notranslate\">2) Grande vari\u00e9t\u00e9 de conceptions de surface de frottement, mod\u00e8les de cannelure et canaux d&rsquo;huile<\/span> <br \/><span class=\"notranslate\">&#8230; (Waffle, Sunburst, Radial, Spirale, Plan, Parall\u00e8le, 2 et 3 passes multiples parall\u00e8les, combinaisons)<\/span> <br \/><span class=\"notranslate\">3) raccord de couche de frittage (simple ou double face, face \u00e0 anneau ou segment\u00e9, fritt\u00e9 \/ coll\u00e9 \/ rivet\u00e9)<\/span> <br \/><span class=\"notranslate\">4) \u00e9tat de marche humide et sec<\/span> <br \/><span class=\"notranslate\">5) disque de friction garni de carbone, \u00e9lastom\u00e8re, graphite, doublures \u00e0 base de papier<\/span> <br \/><span class=\"notranslate\">&#8230; (partenaire de surface de friction: acier, fonte d&rsquo;acier, fonte grise)<\/span> <br \/><span class=\"notranslate\">6) plaques int\u00e9rieures et ext\u00e9rieures (profil d&rsquo;entra\u00eenement: cannelures, ergots, encoches)<\/span> <br \/><span class=\"notranslate\">7) contre-plaques et contre-plaques en acier dans l&rsquo;\u00e9paisseur requise<\/span> <br \/><span class=\"notranslate\">&#8230; (hardend, avec rainurage, creux, onde sinuso\u00efdale)<\/span><\/p>\n<h4 data-fontsize=\"13\" data-lineheight=\"16\"><span class=\"notranslate\">PLAQUETTES DE FRICTION FRITT\u00c9<\/span><\/h4>\n<p><span class=\"notranslate\">Attach\u00e9 aux plaques de support et group\u00e9 dans les plaquettes de frein \u00e0 disque.<\/span><span class=\"notranslate\">En raison de la large gamme d&rsquo;applications de freins \u00e0 disque, \u00e9lectromagn\u00e9tiques, \u00e9lectrom\u00e9caniques, pneumatiques, hydrauliques, manuels, \u00e0 ressorts ou non, la fabrication de garnitures de freins fritt\u00e9es est r\u00e9alis\u00e9e selon des crit\u00e8res sp\u00e9cifiques.<\/span> <br \/><span class=\"notranslate\">Selon le proc\u00e9d\u00e9 de frittage voulu, les mat\u00e9riaux de friction fonctionnant \u00e0 sec seront trait\u00e9s en blocs de friction solides ou d&rsquo;autres garnitures de friction seront fritt\u00e9es sur des plaques de support en acier pr\u00e9par\u00e9es.<\/span> <span class=\"notranslate\">Les mat\u00e9riaux de friction fritt\u00e9s sont optimis\u00e9s pour une utilisation sous des charges extr\u00eames avec de faibles taux d&rsquo;usure.<\/span> <span class=\"notranslate\">Avec de telles caract\u00e9ristiques, ils sont particuli\u00e8rement utiles pour les freins de lacet et de rotor dans les \u00e9oliennes.<\/span><span class=\"notranslate\">L&rsquo;agencement en plusieurs parties de plusieurs \u00e9l\u00e9ments de friction cylindriques conduit \u00e0 une distribution de pression plus uniforme sur la surface de contact et \u00e0 des effets r\u00e9duits.<\/span><\/p>\n<\/div><\/div><\/div><div class=\"fusion-layout-column fusion_builder_column fusion-builder-column-7 fusion_builder_column_1_3 1_3 fusion-flex-column fusion-flex-align-self-flex-start fusion-column-no-min-height\" style=\"--awb-bg-size:cover;--awb-width-large:33.333333333333%;--awb-margin-top-large:0px;--awb-spacing-right-large:4.365%;--awb-margin-bottom-large:0px;--awb-spacing-left-large:3.8799999999999%;--awb-width-medium:33.333333333333%;--awb-spacing-right-medium:4.365%;--awb-spacing-left-medium:3.8799999999999%;--awb-width-small:100%;--awb-spacing-right-small:1.455%;--awb-spacing-left-small:1.455%;\"><div class=\"fusion-column-wrapper fusion-flex-justify-content-flex-start fusion-content-layout-column\"><div class=\"fusion-text fusion-text-2\"><h4>QUALIT\u00c9<\/h4>\n<p>NB600 Serie<\/p>\n<\/div><\/div><\/div><\/div><\/div><\/p>\n","protected":false},"excerpt":{"rendered":"","protected":false},"author":4,"featured_media":0,"parent":20461,"menu_order":0,"comment_status":"closed","ping_status":"closed","template":"","meta":{"footnotes":""},"class_list":["post-12850","page","type-page","status-publish","hentry"],"yoast_head":"<!-- This site is optimized with the Yoast SEO Premium plugin v27.4 (Yoast SEO v27.4) - https:\/\/yoast.com\/product\/yoast-seo-premium-wordpress\/ -->\n<title>Mat\u00e9riaux de friction fritt\u00e9s &#171; NB PARTS GmbH<\/title>\n<meta name=\"robots\" content=\"index, follow, max-snippet:-1, max-image-preview:large, max-video-preview:-1\" \/>\n<link rel=\"canonical\" href=\"https:\/\/nb-parts.de\/fr\/fabrication\/materiaux-de-friction-frittes\/\" \/>\n<meta property=\"og:locale\" content=\"fr_FR\" \/>\n<meta property=\"og:type\" content=\"article\" \/>\n<meta property=\"og:title\" content=\"Mat\u00e9riaux de friction fritt\u00e9s\" \/>\n<meta property=\"og:url\" content=\"https:\/\/nb-parts.de\/fr\/fabrication\/materiaux-de-friction-frittes\/\" \/>\n<meta property=\"og:site_name\" content=\"NB PARTS GmbH\" \/>\n<meta property=\"article:modified_time\" content=\"2018-03-22T13:12:30+00:00\" \/>\n<meta property=\"og:image\" content=\"https:\/\/nb-parts.de\/wp-content\/uploads\/2017\/04\/NB-parts-zieht-um.jpg\" \/>\n\t<meta property=\"og:image:width\" content=\"713\" \/>\n\t<meta property=\"og:image:height\" content=\"300\" \/>\n\t<meta property=\"og:image:type\" content=\"image\/jpeg\" \/>\n<meta name=\"twitter:label1\" content=\"Dur\u00e9e de lecture estim\u00e9e\" \/>\n\t<meta name=\"twitter:data1\" content=\"10 minutes\" \/>\n<script type=\"application\/ld+json\" class=\"yoast-schema-graph\">{\"@context\":\"https:\\\/\\\/schema.org\",\"@graph\":[{\"@type\":\"WebPage\",\"@id\":\"https:\\\/\\\/nb-parts.de\\\/fr\\\/fabrication\\\/materiaux-de-friction-frittes\\\/\",\"url\":\"https:\\\/\\\/nb-parts.de\\\/fr\\\/fabrication\\\/materiaux-de-friction-frittes\\\/\",\"name\":\"Mat\u00e9riaux de friction fritt\u00e9s &#171; NB PARTS GmbH\",\"isPartOf\":{\"@id\":\"https:\\\/\\\/nb-parts.de\\\/fr\\\/#website\"},\"datePublished\":\"2017-12-13T13:14:23+00:00\",\"dateModified\":\"2018-03-22T13:12:30+00:00\",\"breadcrumb\":{\"@id\":\"https:\\\/\\\/nb-parts.de\\\/fr\\\/fabrication\\\/materiaux-de-friction-frittes\\\/#breadcrumb\"},\"inLanguage\":\"fr-FR\",\"potentialAction\":[{\"@type\":\"ReadAction\",\"target\":[\"https:\\\/\\\/nb-parts.de\\\/fr\\\/fabrication\\\/materiaux-de-friction-frittes\\\/\"]}]},{\"@type\":\"BreadcrumbList\",\"@id\":\"https:\\\/\\\/nb-parts.de\\\/fr\\\/fabrication\\\/materiaux-de-friction-frittes\\\/#breadcrumb\",\"itemListElement\":[{\"@type\":\"ListItem\",\"position\":1,\"name\":\"Startseite\",\"item\":\"https:\\\/\\\/nb-parts.de\\\/fr\\\/\"},{\"@type\":\"ListItem\",\"position\":2,\"name\":\"Fabrication\",\"item\":\"https:\\\/\\\/nb-parts.de\\\/fr\\\/fabrication\\\/\"},{\"@type\":\"ListItem\",\"position\":3,\"name\":\"Mat\u00e9riaux de friction fritt\u00e9s\"}]},{\"@type\":\"WebSite\",\"@id\":\"https:\\\/\\\/nb-parts.de\\\/fr\\\/#website\",\"url\":\"https:\\\/\\\/nb-parts.de\\\/fr\\\/\",\"name\":\"NB PARTS GmbH\",\"description\":\"Ersatzteile - Aufarbeitung - Fertigung\",\"publisher\":{\"@id\":\"https:\\\/\\\/nb-parts.de\\\/fr\\\/#organization\"},\"potentialAction\":[{\"@type\":\"SearchAction\",\"target\":{\"@type\":\"EntryPoint\",\"urlTemplate\":\"https:\\\/\\\/nb-parts.de\\\/fr\\\/?s={search_term_string}\"},\"query-input\":{\"@type\":\"PropertyValueSpecification\",\"valueRequired\":true,\"valueName\":\"search_term_string\"}}],\"inLanguage\":\"fr-FR\"},{\"@type\":\"Organization\",\"@id\":\"https:\\\/\\\/nb-parts.de\\\/fr\\\/#organization\",\"name\":\"NB PARTS GmbH\",\"url\":\"https:\\\/\\\/nb-parts.de\\\/fr\\\/\",\"logo\":{\"@type\":\"ImageObject\",\"inLanguage\":\"fr-FR\",\"@id\":\"https:\\\/\\\/nb-parts.de\\\/fr\\\/#\\\/schema\\\/logo\\\/image\\\/\",\"url\":\"https:\\\/\\\/nb-parts.de\\\/wp-content\\\/uploads\\\/2021\\\/06\\\/LOGO01.jpg\",\"contentUrl\":\"https:\\\/\\\/nb-parts.de\\\/wp-content\\\/uploads\\\/2021\\\/06\\\/LOGO01.jpg\",\"width\":1000,\"height\":1000,\"caption\":\"NB PARTS GmbH\"},\"image\":{\"@id\":\"https:\\\/\\\/nb-parts.de\\\/fr\\\/#\\\/schema\\\/logo\\\/image\\\/\"},\"sameAs\":[\"https:\\\/\\\/www.youtube.com\\\/watch?v=E_90qxvrVlA\"]}]}<\/script>\n<!-- \/ Yoast SEO Premium plugin. -->","yoast_head_json":{"title":"Mat\u00e9riaux de friction fritt\u00e9s &#171; NB PARTS GmbH","robots":{"index":"index","follow":"follow","max-snippet":"max-snippet:-1","max-image-preview":"max-image-preview:large","max-video-preview":"max-video-preview:-1"},"canonical":"https:\/\/nb-parts.de\/fr\/fabrication\/materiaux-de-friction-frittes\/","og_locale":"fr_FR","og_type":"article","og_title":"Mat\u00e9riaux de friction fritt\u00e9s","og_url":"https:\/\/nb-parts.de\/fr\/fabrication\/materiaux-de-friction-frittes\/","og_site_name":"NB PARTS GmbH","article_modified_time":"2018-03-22T13:12:30+00:00","og_image":[{"width":713,"height":300,"url":"https:\/\/nb-parts.de\/wp-content\/uploads\/2017\/04\/NB-parts-zieht-um.jpg","type":"image\/jpeg"}],"twitter_misc":{"Dur\u00e9e de lecture estim\u00e9e":"10 minutes"},"schema":{"@context":"https:\/\/schema.org","@graph":[{"@type":"WebPage","@id":"https:\/\/nb-parts.de\/fr\/fabrication\/materiaux-de-friction-frittes\/","url":"https:\/\/nb-parts.de\/fr\/fabrication\/materiaux-de-friction-frittes\/","name":"Mat\u00e9riaux de friction fritt\u00e9s &#171; NB PARTS GmbH","isPartOf":{"@id":"https:\/\/nb-parts.de\/fr\/#website"},"datePublished":"2017-12-13T13:14:23+00:00","dateModified":"2018-03-22T13:12:30+00:00","breadcrumb":{"@id":"https:\/\/nb-parts.de\/fr\/fabrication\/materiaux-de-friction-frittes\/#breadcrumb"},"inLanguage":"fr-FR","potentialAction":[{"@type":"ReadAction","target":["https:\/\/nb-parts.de\/fr\/fabrication\/materiaux-de-friction-frittes\/"]}]},{"@type":"BreadcrumbList","@id":"https:\/\/nb-parts.de\/fr\/fabrication\/materiaux-de-friction-frittes\/#breadcrumb","itemListElement":[{"@type":"ListItem","position":1,"name":"Startseite","item":"https:\/\/nb-parts.de\/fr\/"},{"@type":"ListItem","position":2,"name":"Fabrication","item":"https:\/\/nb-parts.de\/fr\/fabrication\/"},{"@type":"ListItem","position":3,"name":"Mat\u00e9riaux de friction fritt\u00e9s"}]},{"@type":"WebSite","@id":"https:\/\/nb-parts.de\/fr\/#website","url":"https:\/\/nb-parts.de\/fr\/","name":"NB PARTS GmbH","description":"Ersatzteile - Aufarbeitung - Fertigung","publisher":{"@id":"https:\/\/nb-parts.de\/fr\/#organization"},"potentialAction":[{"@type":"SearchAction","target":{"@type":"EntryPoint","urlTemplate":"https:\/\/nb-parts.de\/fr\/?s={search_term_string}"},"query-input":{"@type":"PropertyValueSpecification","valueRequired":true,"valueName":"search_term_string"}}],"inLanguage":"fr-FR"},{"@type":"Organization","@id":"https:\/\/nb-parts.de\/fr\/#organization","name":"NB PARTS GmbH","url":"https:\/\/nb-parts.de\/fr\/","logo":{"@type":"ImageObject","inLanguage":"fr-FR","@id":"https:\/\/nb-parts.de\/fr\/#\/schema\/logo\/image\/","url":"https:\/\/nb-parts.de\/wp-content\/uploads\/2021\/06\/LOGO01.jpg","contentUrl":"https:\/\/nb-parts.de\/wp-content\/uploads\/2021\/06\/LOGO01.jpg","width":1000,"height":1000,"caption":"NB PARTS GmbH"},"image":{"@id":"https:\/\/nb-parts.de\/fr\/#\/schema\/logo\/image\/"},"sameAs":["https:\/\/www.youtube.com\/watch?v=E_90qxvrVlA"]}]}},"_links":{"self":[{"href":"https:\/\/nb-parts.de\/fr\/wp-json\/wp\/v2\/pages\/12850","targetHints":{"allow":["GET"]}}],"collection":[{"href":"https:\/\/nb-parts.de\/fr\/wp-json\/wp\/v2\/pages"}],"about":[{"href":"https:\/\/nb-parts.de\/fr\/wp-json\/wp\/v2\/types\/page"}],"author":[{"embeddable":true,"href":"https:\/\/nb-parts.de\/fr\/wp-json\/wp\/v2\/users\/4"}],"replies":[{"embeddable":true,"href":"https:\/\/nb-parts.de\/fr\/wp-json\/wp\/v2\/comments?post=12850"}],"version-history":[{"count":0,"href":"https:\/\/nb-parts.de\/fr\/wp-json\/wp\/v2\/pages\/12850\/revisions"}],"up":[{"embeddable":true,"href":"https:\/\/nb-parts.de\/fr\/wp-json\/wp\/v2\/pages\/20461"}],"wp:attachment":[{"href":"https:\/\/nb-parts.de\/fr\/wp-json\/wp\/v2\/media?parent=12850"}],"curies":[{"name":"wp","href":"https:\/\/api.w.org\/{rel}","templated":true}]}}