{"id":12912,"date":"2017-12-13T13:56:08","date_gmt":"2017-12-13T12:56:08","guid":{"rendered":"https:\/\/nb-parts.de\/lkw-fahrzeuge\/"},"modified":"2020-08-20T13:50:30","modified_gmt":"2020-08-20T11:50:30","slug":"poids-lourds-camions","status":"publish","type":"page","link":"https:\/\/nb-parts.de\/fr\/pieces-detachees\/poids-lourds-camions\/","title":{"rendered":"Poids lourds \/ Camions"},"content":{"rendered":"<p><div class=\"fusion-fullwidth fullwidth-box fusion-builder-row-1 fusion-flex-container nonhundred-percent-fullwidth non-hundred-percent-height-scrolling\" style=\"--awb-border-radius-top-left:0px;--awb-border-radius-top-right:0px;--awb-border-radius-bottom-right:0px;--awb-border-radius-bottom-left:0px;--awb-flex-wrap:wrap;\" ><div class=\"fusion-builder-row fusion-row fusion-flex-align-items-flex-start fusion-flex-content-wrap\" style=\"max-width:calc( 999px + 0px );margin-left: calc(-0px \/ 2 );margin-right: calc(-0px \/ 2 );\"><div class=\"fusion-layout-column fusion_builder_column fusion-builder-column-0 fusion_builder_column_1_1 1_1 fusion-flex-column\" style=\"--awb-bg-size:cover;--awb-width-large:100%;--awb-margin-top-large:0px;--awb-spacing-right-large:0px;--awb-margin-bottom-large:11px;--awb-spacing-left-large:0px;--awb-width-medium:100%;--awb-spacing-right-medium:0px;--awb-spacing-left-medium:0px;--awb-width-small:100%;--awb-spacing-right-small:0px;--awb-spacing-left-small:0px;\"><div class=\"fusion-column-wrapper fusion-flex-justify-content-flex-start fusion-content-layout-column\"><div class=\"fusion-image-element \" style=\"--awb-bottom-shadow-color:rgba(0,0,0,0.4);--awb-caption-title-font-family:var(--h2_typography-font-family);--awb-caption-title-font-weight:var(--h2_typography-font-weight);--awb-caption-title-font-style:var(--h2_typography-font-style);--awb-caption-title-size:var(--h2_typography-font-size);--awb-caption-title-transform:var(--h2_typography-text-transform);--awb-caption-title-line-height:var(--h2_typography-line-height);--awb-caption-title-letter-spacing:var(--h2_typography-letter-spacing);\"><div class=\"awb-image-frame awb-image-frame-1 awb-bottomshadow\"><span class=\" fusion-imageframe imageframe-bottomshadow imageframe-1 hover-type-none\"><img decoding=\"async\" width=\"768\" height=\"200\" title=\"visual_lkwfahrzeuge\" src=\"https:\/\/nb-parts.de\/wp-content\/uploads\/2017\/12\/visual_lkwfahrzeuge.jpg\" alt class=\"img-responsive wp-image-11940\" srcset=\"https:\/\/nb-parts.de\/wp-content\/uploads\/2017\/12\/visual_lkwfahrzeuge-200x52.jpg 200w, https:\/\/nb-parts.de\/wp-content\/uploads\/2017\/12\/visual_lkwfahrzeuge-400x104.jpg 400w, https:\/\/nb-parts.de\/wp-content\/uploads\/2017\/12\/visual_lkwfahrzeuge-600x156.jpg 600w, https:\/\/nb-parts.de\/wp-content\/uploads\/2017\/12\/visual_lkwfahrzeuge.jpg 768w\" sizes=\"(max-width: 640px) 100vw, 768px\" \/><\/span><svg xmlns=\"http:\/\/www.w3.org\/2000\/svg\" version=\"1.1\" width=\"100%\" viewBox=\"0 0 600 28\" preserveAspectRatio=\"none\"><g clip-path=\"url(#a)\"><mask id=\"b\" style=\"mask-type:luminance\" maskUnits=\"userSpaceOnUse\" x=\"0\" y=\"0\" width=\"600\" height=\"28\"><path d=\"M0 0h600v28H0V0Z\" fill=\"#fff\"\/><\/mask><g filter=\"url(#c)\" mask=\"url(#b)\"><path d=\"M16.439-18.667h567.123v30.8S438.961-8.4 300-8.4C161.04-8.4 16.438 12.133 16.438 12.133v-30.8Z\" fill=\"#000\"\/><\/g><\/g><defs><clipPath id=\"a\"><path fill=\"#fff\" d=\"M0 0h600v28H0z\"\/><\/clipPath><filter id=\"c\" x=\"5.438\" y=\"-29.667\" width=\"589.123\" height=\"52.8\" filterUnits=\"userSpaceOnUse\" color-interpolation-filters=\"sRGB\"><feFlood flood-opacity=\"0\" result=\"BackgroundImageFix\"\/><feBlend in=\"SourceGraphic\" in2=\"BackgroundImageFix\" result=\"shape\"\/><feGaussianBlur stdDeviation=\"5.5\" result=\"effect1_foregroundBlur_3983_183\"\/><\/filter><\/defs><\/svg><\/div><\/div><\/div><\/div><\/div><\/div><div class=\"fusion-fullwidth fullwidth-box fusion-builder-row-2 fusion-flex-container nonhundred-percent-fullwidth non-hundred-percent-height-scrolling\" style=\"--awb-background-position:left top;--awb-background-repeat:repeat;--awb-border-sizes-top:0px;--awb-border-sizes-bottom:0px;--awb-border-sizes-left:0px;--awb-border-sizes-right:0px;--awb-border-radius-top-left:0px;--awb-border-radius-top-right:0px;--awb-border-radius-bottom-right:0px;--awb-border-radius-bottom-left:0px;--awb-padding-top:22px;--awb-flex-wrap:wrap;\" ><div class=\"fusion-builder-row fusion-row fusion-flex-align-items-flex-start fusion-flex-content-wrap\" style=\"max-width:1028.97px;margin-left: calc(-3% \/ 2 );margin-right: calc(-3% \/ 2 );\"><div class=\"fusion-layout-column fusion_builder_column fusion-builder-column-1 fusion_builder_column_1_3 1_3 fusion-flex-column fusion-flex-align-self-flex-start fusion-column-no-min-height\" style=\"--awb-bg-size:cover;--awb-width-large:33.333333333333%;--awb-margin-top-large:0px;--awb-spacing-right-large:5.82%;--awb-margin-bottom-large:0px;--awb-spacing-left-large:4.365%;--awb-width-medium:33.333333333333%;--awb-spacing-right-medium:5.82%;--awb-spacing-left-medium:4.365%;--awb-width-small:100%;--awb-spacing-right-small:1.455%;--awb-spacing-left-small:1.455%;\"><div class=\"fusion-column-wrapper fusion-flex-justify-content-flex-start fusion-content-layout-column\"><div class=\"fusion-text fusion-text-1\"><p>Pi\u00e8ces d\u2019origine, d\u2019ident &amp; compatibilit\u00e9<\/p>\n<h4>DE CAMIONS V\u00c9HICULES :<\/h4>\n<p>Garnitures de frein, m\u00e2choires de frein, plaquettes de frein, tambours de frein, disques de frein, cylindres de frein, capteurs, kit de ressort, set de fixations, amortisseurs, but\u00e9es hydrauliques, visserie et filetage hydraulique<\/p>\n<\/div><\/div><\/div><div class=\"fusion-layout-column fusion_builder_column fusion-builder-column-2 fusion_builder_column_1_3 1_3 fusion-flex-column fusion-flex-align-self-flex-start fusion-column-no-min-height\" style=\"--awb-bg-size:cover;--awb-width-large:33.333333333333%;--awb-margin-top-large:0px;--awb-spacing-right-large:5.82%;--awb-margin-bottom-large:0px;--awb-spacing-left-large:5.82%;--awb-width-medium:33.333333333333%;--awb-spacing-right-medium:5.82%;--awb-spacing-left-medium:5.82%;--awb-width-small:100%;--awb-spacing-right-small:1.455%;--awb-spacing-left-small:1.455%;\"><div class=\"fusion-column-wrapper fusion-flex-justify-content-flex-start fusion-content-layout-column\"><div class=\"fusion-text fusion-text-2\"><div class=\"ERSTES_DRITTEL\">\n<p>Fabrication de pi\u00e8ces de frein<\/p>\n<h4>PRODUCTION DE :<\/h4>\n<p>Garnitures de frein, m\u00e2choires de frein, plaquettes de frein, cylindres de frein de roue, cylindres d\u2019embrayage, ma\u00eetre-cylindres de frein, r\u00e9servoirs de liquide de frein, c\u00e2bles bowden, tuyaux et flexibles de frein, joints \u00e0 l\u00e8vres, kit de remise en \u00e9tat<\/p>\n<\/div>\n<\/div><\/div><\/div><div class=\"fusion-layout-column fusion_builder_column fusion-builder-column-3 fusion_builder_column_1_3 1_3 fusion-flex-column fusion-flex-align-self-flex-start fusion-column-no-min-height\" style=\"--awb-bg-size:cover;--awb-width-large:33.333333333333%;--awb-margin-top-large:0px;--awb-spacing-right-large:4.365%;--awb-margin-bottom-large:0px;--awb-spacing-left-large:5.82%;--awb-width-medium:33.333333333333%;--awb-spacing-right-medium:4.365%;--awb-spacing-left-medium:5.82%;--awb-width-small:100%;--awb-spacing-right-small:1.455%;--awb-spacing-left-small:1.455%;\"><div class=\"fusion-column-wrapper fusion-flex-justify-content-flex-start fusion-content-layout-column\"><div class=\"fusion-text fusion-text-3\"><p>R\u00e9paration de pi\u00e8ces d\u2019usure<\/p>\n<h4>REGARNISSAGE DE :<\/h4>\n<p>M\u00e2choires de frein<\/p>\n<h4>RECTIFICATION, \u00c9QUILIBRAGE DE :<\/h4>\n<p>Tambours et disques de frein<\/p>\n<h4>R\u00c9PARATION DE :<\/h4>\n<p>Cylindres de frein de roue, cylindres d\u2019embrayage, ma\u00eetre-cylindres de frein, servo-freins, \u00e9triers de frein, pompes \u00e0 eau, disques d\u2019embrayage, embrayages compl\u00e8tes (avec plaques de pression et volants)<\/p>\n<\/div><\/div><\/div><\/div><\/div><\/p>\n","protected":false},"excerpt":{"rendered":"","protected":false},"author":4,"featured_media":0,"parent":20477,"menu_order":0,"comment_status":"closed","ping_status":"closed","template":"","meta":{"footnotes":""},"class_list":["post-12912","page","type-page","status-publish","hentry"],"yoast_head":"<!-- This site is optimized with the Yoast SEO Premium plugin v27.4 (Yoast SEO v27.4) - https:\/\/yoast.com\/product\/yoast-seo-premium-wordpress\/ -->\n<title>Poids lourds \/ Camions &#171; NB PARTS GmbH<\/title>\n<meta name=\"robots\" content=\"index, follow, max-snippet:-1, max-image-preview:large, max-video-preview:-1\" \/>\n<link rel=\"canonical\" href=\"https:\/\/nb-parts.de\/fr\/pieces-detachees\/poids-lourds-camions\/\" \/>\n<meta property=\"og:locale\" content=\"fr_FR\" \/>\n<meta property=\"og:type\" content=\"article\" \/>\n<meta property=\"og:title\" content=\"Poids lourds \/ Camions\" \/>\n<meta property=\"og:url\" content=\"https:\/\/nb-parts.de\/fr\/pieces-detachees\/poids-lourds-camions\/\" \/>\n<meta property=\"og:site_name\" content=\"NB PARTS GmbH\" \/>\n<meta property=\"article:modified_time\" content=\"2020-08-20T11:50:30+00:00\" \/>\n<meta property=\"og:image\" content=\"https:\/\/nb-parts.de\/wp-content\/uploads\/2017\/04\/NB-parts-zieht-um.jpg\" \/>\n\t<meta property=\"og:image:width\" content=\"713\" \/>\n\t<meta property=\"og:image:height\" content=\"300\" \/>\n\t<meta property=\"og:image:type\" content=\"image\/jpeg\" \/>\n<meta name=\"twitter:label1\" content=\"Dur\u00e9e de lecture estim\u00e9e\" \/>\n\t<meta name=\"twitter:data1\" content=\"4 minutes\" \/>\n<script type=\"application\/ld+json\" class=\"yoast-schema-graph\">{\"@context\":\"https:\\\/\\\/schema.org\",\"@graph\":[{\"@type\":\"WebPage\",\"@id\":\"https:\\\/\\\/nb-parts.de\\\/fr\\\/pieces-detachees\\\/poids-lourds-camions\\\/\",\"url\":\"https:\\\/\\\/nb-parts.de\\\/fr\\\/pieces-detachees\\\/poids-lourds-camions\\\/\",\"name\":\"Poids lourds \\\/ Camions &#171; NB PARTS GmbH\",\"isPartOf\":{\"@id\":\"https:\\\/\\\/nb-parts.de\\\/fr\\\/#website\"},\"datePublished\":\"2017-12-13T12:56:08+00:00\",\"dateModified\":\"2020-08-20T11:50:30+00:00\",\"breadcrumb\":{\"@id\":\"https:\\\/\\\/nb-parts.de\\\/fr\\\/pieces-detachees\\\/poids-lourds-camions\\\/#breadcrumb\"},\"inLanguage\":\"fr-FR\",\"potentialAction\":[{\"@type\":\"ReadAction\",\"target\":[\"https:\\\/\\\/nb-parts.de\\\/fr\\\/pieces-detachees\\\/poids-lourds-camions\\\/\"]}]},{\"@type\":\"BreadcrumbList\",\"@id\":\"https:\\\/\\\/nb-parts.de\\\/fr\\\/pieces-detachees\\\/poids-lourds-camions\\\/#breadcrumb\",\"itemListElement\":[{\"@type\":\"ListItem\",\"position\":1,\"name\":\"Startseite\",\"item\":\"https:\\\/\\\/nb-parts.de\\\/fr\\\/\"},{\"@type\":\"ListItem\",\"position\":2,\"name\":\"PI\u00c9CES D\u00c9TACH\u00c8ES\",\"item\":\"https:\\\/\\\/nb-parts.de\\\/fr\\\/pieces-detachees\\\/\"},{\"@type\":\"ListItem\",\"position\":3,\"name\":\"Poids lourds \\\/ Camions\"}]},{\"@type\":\"WebSite\",\"@id\":\"https:\\\/\\\/nb-parts.de\\\/fr\\\/#website\",\"url\":\"https:\\\/\\\/nb-parts.de\\\/fr\\\/\",\"name\":\"NB PARTS GmbH\",\"description\":\"Ersatzteile - Aufarbeitung - Fertigung\",\"publisher\":{\"@id\":\"https:\\\/\\\/nb-parts.de\\\/fr\\\/#organization\"},\"potentialAction\":[{\"@type\":\"SearchAction\",\"target\":{\"@type\":\"EntryPoint\",\"urlTemplate\":\"https:\\\/\\\/nb-parts.de\\\/fr\\\/?s={search_term_string}\"},\"query-input\":{\"@type\":\"PropertyValueSpecification\",\"valueRequired\":true,\"valueName\":\"search_term_string\"}}],\"inLanguage\":\"fr-FR\"},{\"@type\":\"Organization\",\"@id\":\"https:\\\/\\\/nb-parts.de\\\/fr\\\/#organization\",\"name\":\"NB PARTS GmbH\",\"url\":\"https:\\\/\\\/nb-parts.de\\\/fr\\\/\",\"logo\":{\"@type\":\"ImageObject\",\"inLanguage\":\"fr-FR\",\"@id\":\"https:\\\/\\\/nb-parts.de\\\/fr\\\/#\\\/schema\\\/logo\\\/image\\\/\",\"url\":\"https:\\\/\\\/nb-parts.de\\\/wp-content\\\/uploads\\\/2021\\\/06\\\/LOGO01.jpg\",\"contentUrl\":\"https:\\\/\\\/nb-parts.de\\\/wp-content\\\/uploads\\\/2021\\\/06\\\/LOGO01.jpg\",\"width\":1000,\"height\":1000,\"caption\":\"NB PARTS GmbH\"},\"image\":{\"@id\":\"https:\\\/\\\/nb-parts.de\\\/fr\\\/#\\\/schema\\\/logo\\\/image\\\/\"},\"sameAs\":[\"https:\\\/\\\/www.youtube.com\\\/watch?v=E_90qxvrVlA\"]}]}<\/script>\n<!-- \/ Yoast SEO Premium plugin. -->","yoast_head_json":{"title":"Poids lourds \/ Camions &#171; NB PARTS GmbH","robots":{"index":"index","follow":"follow","max-snippet":"max-snippet:-1","max-image-preview":"max-image-preview:large","max-video-preview":"max-video-preview:-1"},"canonical":"https:\/\/nb-parts.de\/fr\/pieces-detachees\/poids-lourds-camions\/","og_locale":"fr_FR","og_type":"article","og_title":"Poids lourds \/ Camions","og_url":"https:\/\/nb-parts.de\/fr\/pieces-detachees\/poids-lourds-camions\/","og_site_name":"NB PARTS GmbH","article_modified_time":"2020-08-20T11:50:30+00:00","og_image":[{"width":713,"height":300,"url":"https:\/\/nb-parts.de\/wp-content\/uploads\/2017\/04\/NB-parts-zieht-um.jpg","type":"image\/jpeg"}],"twitter_misc":{"Dur\u00e9e de lecture estim\u00e9e":"4 minutes"},"schema":{"@context":"https:\/\/schema.org","@graph":[{"@type":"WebPage","@id":"https:\/\/nb-parts.de\/fr\/pieces-detachees\/poids-lourds-camions\/","url":"https:\/\/nb-parts.de\/fr\/pieces-detachees\/poids-lourds-camions\/","name":"Poids lourds \/ Camions &#171; NB PARTS GmbH","isPartOf":{"@id":"https:\/\/nb-parts.de\/fr\/#website"},"datePublished":"2017-12-13T12:56:08+00:00","dateModified":"2020-08-20T11:50:30+00:00","breadcrumb":{"@id":"https:\/\/nb-parts.de\/fr\/pieces-detachees\/poids-lourds-camions\/#breadcrumb"},"inLanguage":"fr-FR","potentialAction":[{"@type":"ReadAction","target":["https:\/\/nb-parts.de\/fr\/pieces-detachees\/poids-lourds-camions\/"]}]},{"@type":"BreadcrumbList","@id":"https:\/\/nb-parts.de\/fr\/pieces-detachees\/poids-lourds-camions\/#breadcrumb","itemListElement":[{"@type":"ListItem","position":1,"name":"Startseite","item":"https:\/\/nb-parts.de\/fr\/"},{"@type":"ListItem","position":2,"name":"PI\u00c9CES D\u00c9TACH\u00c8ES","item":"https:\/\/nb-parts.de\/fr\/pieces-detachees\/"},{"@type":"ListItem","position":3,"name":"Poids lourds \/ Camions"}]},{"@type":"WebSite","@id":"https:\/\/nb-parts.de\/fr\/#website","url":"https:\/\/nb-parts.de\/fr\/","name":"NB PARTS GmbH","description":"Ersatzteile - Aufarbeitung - Fertigung","publisher":{"@id":"https:\/\/nb-parts.de\/fr\/#organization"},"potentialAction":[{"@type":"SearchAction","target":{"@type":"EntryPoint","urlTemplate":"https:\/\/nb-parts.de\/fr\/?s={search_term_string}"},"query-input":{"@type":"PropertyValueSpecification","valueRequired":true,"valueName":"search_term_string"}}],"inLanguage":"fr-FR"},{"@type":"Organization","@id":"https:\/\/nb-parts.de\/fr\/#organization","name":"NB PARTS GmbH","url":"https:\/\/nb-parts.de\/fr\/","logo":{"@type":"ImageObject","inLanguage":"fr-FR","@id":"https:\/\/nb-parts.de\/fr\/#\/schema\/logo\/image\/","url":"https:\/\/nb-parts.de\/wp-content\/uploads\/2021\/06\/LOGO01.jpg","contentUrl":"https:\/\/nb-parts.de\/wp-content\/uploads\/2021\/06\/LOGO01.jpg","width":1000,"height":1000,"caption":"NB PARTS GmbH"},"image":{"@id":"https:\/\/nb-parts.de\/fr\/#\/schema\/logo\/image\/"},"sameAs":["https:\/\/www.youtube.com\/watch?v=E_90qxvrVlA"]}]}},"_links":{"self":[{"href":"https:\/\/nb-parts.de\/fr\/wp-json\/wp\/v2\/pages\/12912","targetHints":{"allow":["GET"]}}],"collection":[{"href":"https:\/\/nb-parts.de\/fr\/wp-json\/wp\/v2\/pages"}],"about":[{"href":"https:\/\/nb-parts.de\/fr\/wp-json\/wp\/v2\/types\/page"}],"author":[{"embeddable":true,"href":"https:\/\/nb-parts.de\/fr\/wp-json\/wp\/v2\/users\/4"}],"replies":[{"embeddable":true,"href":"https:\/\/nb-parts.de\/fr\/wp-json\/wp\/v2\/comments?post=12912"}],"version-history":[{"count":0,"href":"https:\/\/nb-parts.de\/fr\/wp-json\/wp\/v2\/pages\/12912\/revisions"}],"up":[{"embeddable":true,"href":"https:\/\/nb-parts.de\/fr\/wp-json\/wp\/v2\/pages\/20477"}],"wp:attachment":[{"href":"https:\/\/nb-parts.de\/fr\/wp-json\/wp\/v2\/media?parent=12912"}],"curies":[{"name":"wp","href":"https:\/\/api.w.org\/{rel}","templated":true}]}}