{"id":13108,"date":"2017-12-12T15:33:47","date_gmt":"2017-12-12T14:33:47","guid":{"rendered":"https:\/\/nb-parts.de\/agrarfahrzeuge\/"},"modified":"2020-08-20T14:07:27","modified_gmt":"2020-08-20T12:07:27","slug":"mezogazdasagi-jarmuvek","status":"publish","type":"page","link":"https:\/\/nb-parts.de\/hu\/alkatreszek\/mezogazdasagi-jarmuvek\/","title":{"rendered":"Mez\u0151gazdas\u00e1gi j\u00e1rm\u0171vek"},"content":{"rendered":"<p><div class=\"fusion-fullwidth fullwidth-box fusion-builder-row-1 fusion-flex-container nonhundred-percent-fullwidth non-hundred-percent-height-scrolling\" style=\"--awb-border-radius-top-left:0px;--awb-border-radius-top-right:0px;--awb-border-radius-bottom-right:0px;--awb-border-radius-bottom-left:0px;--awb-flex-wrap:wrap;\" ><div class=\"fusion-builder-row fusion-row fusion-flex-align-items-flex-start fusion-flex-content-wrap\" style=\"max-width:calc( 999px + 0px );margin-left: calc(-0px \/ 2 );margin-right: calc(-0px \/ 2 );\"><div class=\"fusion-layout-column fusion_builder_column fusion-builder-column-0 fusion_builder_column_1_1 1_1 fusion-flex-column\" style=\"--awb-bg-size:cover;--awb-width-large:100%;--awb-margin-top-large:0px;--awb-spacing-right-large:0px;--awb-margin-bottom-large:11px;--awb-spacing-left-large:0px;--awb-width-medium:100%;--awb-spacing-right-medium:0px;--awb-spacing-left-medium:0px;--awb-width-small:100%;--awb-spacing-right-small:0px;--awb-spacing-left-small:0px;\"><div class=\"fusion-column-wrapper fusion-flex-justify-content-flex-start fusion-content-layout-column\"><div class=\"fusion-image-element \" style=\"--awb-bottom-shadow-color:rgba(0,0,0,0.4);--awb-caption-title-font-family:var(--h2_typography-font-family);--awb-caption-title-font-weight:var(--h2_typography-font-weight);--awb-caption-title-font-style:var(--h2_typography-font-style);--awb-caption-title-size:var(--h2_typography-font-size);--awb-caption-title-transform:var(--h2_typography-text-transform);--awb-caption-title-line-height:var(--h2_typography-line-height);--awb-caption-title-letter-spacing:var(--h2_typography-letter-spacing);\"><div class=\"awb-image-frame awb-image-frame-1 awb-bottomshadow\"><span class=\" fusion-imageframe imageframe-bottomshadow imageframe-1 hover-type-none\"><img decoding=\"async\" src=\"https:\/\/nb-parts.de\/wp-content\/uploads\/2017\/12\/visual_agrarfahrzeug.jpg\" alt class=\"img-responsive\"\/><\/span><svg xmlns=\"http:\/\/www.w3.org\/2000\/svg\" version=\"1.1\" width=\"100%\" viewBox=\"0 0 600 28\" preserveAspectRatio=\"none\"><g clip-path=\"url(#a)\"><mask id=\"b\" style=\"mask-type:luminance\" maskUnits=\"userSpaceOnUse\" x=\"0\" y=\"0\" width=\"600\" height=\"28\"><path d=\"M0 0h600v28H0V0Z\" fill=\"#fff\"\/><\/mask><g filter=\"url(#c)\" mask=\"url(#b)\"><path d=\"M16.439-18.667h567.123v30.8S438.961-8.4 300-8.4C161.04-8.4 16.438 12.133 16.438 12.133v-30.8Z\" fill=\"#000\"\/><\/g><\/g><defs><clipPath id=\"a\"><path fill=\"#fff\" d=\"M0 0h600v28H0z\"\/><\/clipPath><filter id=\"c\" x=\"5.438\" y=\"-29.667\" width=\"589.123\" height=\"52.8\" filterUnits=\"userSpaceOnUse\" color-interpolation-filters=\"sRGB\"><feFlood flood-opacity=\"0\" result=\"BackgroundImageFix\"\/><feBlend in=\"SourceGraphic\" in2=\"BackgroundImageFix\" result=\"shape\"\/><feGaussianBlur stdDeviation=\"5.5\" result=\"effect1_foregroundBlur_3983_183\"\/><\/filter><\/defs><\/svg><\/div><\/div><\/div><\/div><\/div><\/div><div class=\"fusion-fullwidth fullwidth-box fusion-builder-row-2 fusion-flex-container nonhundred-percent-fullwidth non-hundred-percent-height-scrolling\" style=\"--awb-background-position:left top;--awb-background-repeat:repeat;--awb-border-sizes-top:0px;--awb-border-sizes-bottom:0px;--awb-border-sizes-left:0px;--awb-border-sizes-right:0px;--awb-border-radius-top-left:0px;--awb-border-radius-top-right:0px;--awb-border-radius-bottom-right:0px;--awb-border-radius-bottom-left:0px;--awb-padding-top:22px;--awb-flex-wrap:wrap;\" ><div class=\"fusion-builder-row fusion-row fusion-flex-align-items-flex-start fusion-flex-content-wrap\" style=\"max-width:1028.97px;margin-left: calc(-3% \/ 2 );margin-right: calc(-3% \/ 2 );\"><div class=\"fusion-layout-column fusion_builder_column fusion-builder-column-1 fusion_builder_column_1_3 1_3 fusion-flex-column fusion-flex-align-self-flex-start fusion-column-no-min-height\" style=\"--awb-bg-size:cover;--awb-width-large:33.333333333333%;--awb-margin-top-large:0px;--awb-spacing-right-large:5.82%;--awb-margin-bottom-large:0px;--awb-spacing-left-large:4.365%;--awb-width-medium:33.333333333333%;--awb-spacing-right-medium:5.82%;--awb-spacing-left-medium:4.365%;--awb-width-small:100%;--awb-spacing-right-small:1.455%;--awb-spacing-left-small:1.455%;\"><div class=\"fusion-column-wrapper fusion-flex-justify-content-flex-start fusion-content-layout-column\"><div class=\"fusion-text fusion-text-1\"><p><span class=\"notranslate\">Eredeti, azonos vagy Nachbauteile<\/span><\/p>\n<h4 data-fontsize=\"13\" data-lineheight=\"20\"><span class=\"notranslate\"> A TRAKTOR P\u00d3TK\u00d6R\u00d6KRE:<\/span><\/h4>\n<p><span class=\"notranslate\"> Tengelyek, dobok, al\u00e1t\u00e9tek, pof\u00e1k, t\u00falf\u00e9kez\u0151k, s\u0171r\u00edtettleveg\u0151s p\u00f3talkatr\u00e9szek \u00e9s tartoz\u00e9kaik p\u00f3tkocsikhoz a mez\u0151gazdas\u00e1gi \u00e1gazatban<\/span><\/p>\n<h4 data-fontsize=\"13\" data-lineheight=\"20\"><span class=\"notranslate\"> A J\u00c1RM\u0170VEK TRAKTORI R\u00c9SZ\u00c9RE:<\/span><\/h4>\n<ul>\n<li><span class=\"notranslate\"> ADR<\/span><\/li>\n<li><span class=\"notranslate\"> AL-KO<\/span><\/li>\n<li><span class=\"notranslate\"> BPW<\/span><\/li>\n<li><span class=\"notranslate\"> ESFA<\/span><\/li>\n<li><span class=\"notranslate\"> FAD<\/span><\/li>\n<li><span class=\"notranslate\"> sz\u00fcrke<\/span><\/li>\n<li><span class=\"notranslate\"> Gr\u00fcmer<\/span><\/li>\n<li><span class=\"notranslate\"> Knott<\/span><\/li>\n<li><span class=\"notranslate\"> M\u00fcller-Mitteltal<\/span><\/li>\n<li><span class=\"notranslate\"> Nieper<\/span><\/li>\n<li><span class=\"notranslate\"> Peitz<\/span><\/li>\n<li><span class=\"notranslate\"> Rinner<\/span><\/li>\n<\/ul>\n<h4 data-fontsize=\"13\" data-lineheight=\"20\"><span class=\"notranslate\"> A TRAKTOROK ALKATR\u00c9SZEI:<\/span><\/h4>\n<p><span class=\"notranslate\"> F\u00e9kbet\u00e9tek, f\u00e9kpof\u00e1k, f\u00e9kdobok, f\u00e9kt\u00e1rcs\u00e1k, m\u0171k\u00f6dtet\u0151 t\u00e1rcs\u00e1k, f\u00e9kbet\u00e9tek, f\u00e9knyeregek, f\u00e9kez\u0151k, f\u00e9k- \u00e9s tengelykapcsol\u00f3-k\u00e1belek, f\u00e9khengerek (f\u0151henger, ker\u00e9khenger), tengelykapcsol\u00f3henger (tengelykapcsol\u00f3-szolga, tengelykapcsol\u00f3-master), hajt\u00f3m\u0171henger, dugatty\u00fas henger, jav\u00edt\u00f3 k\u00e9szletek, rug\u00f3k, szegecsek, t\u00f6m\u00edt\u00e9sek,<\/span><\/p>\n<h4 data-fontsize=\"13\" data-lineheight=\"20\"><span class=\"notranslate\"> A KERES\u00c9SI ALKATR\u00c9SZEK ALKATR\u00c9SZEI:<\/span><\/h4>\n<ul>\n<li><span class=\"notranslate\"> Bautz<\/span><\/li>\n<li><span class=\"notranslate\"> belarus<\/span><\/li>\n<li><span class=\"notranslate\"> Case IH<\/span><\/li>\n<li><span class=\"notranslate\"> Case IH (David Brown)<\/span><\/li>\n<li><span class=\"notranslate\"> Claas<\/span><\/li>\n<li><span class=\"notranslate\"> Deutz \/ KHD<\/span><\/li>\n<li><span class=\"notranslate\"> Deutz vezet\u00e9s<\/span><\/li>\n<li><span class=\"notranslate\"> Eicher<\/span><\/li>\n<li><span class=\"notranslate\"> Fendt<\/span><\/li>\n<li><span class=\"notranslate\"> Fiat (New Holland)<\/span><\/li>\n<li><span class=\"notranslate\"> Ford (New Holland)<\/span><\/li>\n<li><span class=\"notranslate\"> G\u00fcldner<\/span><\/li>\n<li><span class=\"notranslate\"> Hanomag<\/span><\/li>\n<li><span class=\"notranslate\"> tart\u00f3<\/span><\/li>\n<li><span class=\"notranslate\"> H\u00fcrlimann<\/span><\/li>\n<li><span class=\"notranslate\"> Huerth<\/span><\/li>\n<li><span class=\"notranslate\"> JCB<\/span><\/li>\n<li><span class=\"notranslate\"> John Deere<\/span><\/li>\n<li><span class=\"notranslate\"> Kramer<\/span><\/li>\n<li><span class=\"notranslate\"> Lamborghini<\/span><\/li>\n<li><span class=\"notranslate\"> Landini<\/span><\/li>\n<li><span class=\"notranslate\"> Lanz<\/span><\/li>\n<li><span class=\"notranslate\"> MAN<\/span><\/li>\n<li><span class=\"notranslate\"> Massey Ferguson<\/span><\/li>\n<li><span class=\"notranslate\"> Mercedes Benz<\/span><\/li>\n<li><span class=\"notranslate\"> multicar<\/span><\/li>\n<li><span class=\"notranslate\"> Porsche<\/span><\/li>\n<li><span class=\"notranslate\"> Renault<\/span><\/li>\n<li><span class=\"notranslate\"> mag<\/span><\/li>\n<li><span class=\"notranslate\"> Schl\u00fcter<\/span><\/li>\n<li><span class=\"notranslate\"> Steyr<\/span><\/li>\n<li><span class=\"notranslate\"> Valmet<\/span><\/li>\n<li><span class=\"notranslate\"> Zetor<\/span><\/li>\n<\/ul>\n<\/div><\/div><\/div><div class=\"fusion-layout-column fusion_builder_column fusion-builder-column-2 fusion_builder_column_1_3 1_3 fusion-flex-column fusion-flex-align-self-flex-start fusion-column-no-min-height\" style=\"--awb-bg-size:cover;--awb-width-large:33.333333333333%;--awb-margin-top-large:0px;--awb-spacing-right-large:5.82%;--awb-margin-bottom-large:0px;--awb-spacing-left-large:5.82%;--awb-width-medium:33.333333333333%;--awb-spacing-right-medium:5.82%;--awb-spacing-left-medium:5.82%;--awb-width-small:100%;--awb-spacing-right-small:1.455%;--awb-spacing-left-small:1.455%;\"><div class=\"fusion-column-wrapper fusion-flex-justify-content-flex-start fusion-content-layout-column\"><div class=\"fusion-text fusion-text-2\"><p><span class=\"notranslate\">P\u00f3talkatr\u00e9szek gy\u00e1rt\u00e1sa<\/span><\/p>\n<h4 data-fontsize=\"13\" data-lineheight=\"20\"><span class=\"notranslate\"> EL\u0150K\u00c9SZ\u00cdT\u00c9SE:<\/span><\/h4>\n<p><span class=\"notranslate\"> F\u00e9kbet\u00e9tek, gy\u0171r\u0171s b\u00e9l\u00e9sek, f\u00e9kbet\u00e9tek, f\u00e9kpof\u00e1k, f\u00e9kbet\u00e9tek, f\u00e9kt\u00e1rcs\u00e1k, f\u00e9kt\u00e1rcs\u00e1k k\u00e9toldalas bet\u00e9tekkel, tengelykapcsol\u00f3 t\u00e1rcs\u00e1k, tengelykapcsol\u00f3k, automata hajt\u00f3m\u0171vek, f\u00e9kdobok, f\u00e9kfolyad\u00e9kok, f\u00e9kfolyad\u00e9k tart\u00e1lyok, kuplunghengerek, f\u0151hengerek, ker\u00e9khengerek, f\u00e9knyer\u0151k, m\u0171k\u00f6dtet\u0151hengerek, f\u00e9kpof\u00e1k, K\u00e1belek<\/span><\/p>\n<\/div><\/div><\/div><div class=\"fusion-layout-column fusion_builder_column fusion-builder-column-3 fusion_builder_column_1_3 1_3 fusion-flex-column fusion-flex-align-self-flex-start fusion-column-no-min-height\" style=\"--awb-bg-size:cover;--awb-width-large:33.333333333333%;--awb-margin-top-large:0px;--awb-spacing-right-large:4.365%;--awb-margin-bottom-large:0px;--awb-spacing-left-large:5.82%;--awb-width-medium:33.333333333333%;--awb-spacing-right-medium:4.365%;--awb-spacing-left-medium:5.82%;--awb-width-small:100%;--awb-spacing-right-small:1.455%;--awb-spacing-left-small:1.455%;\"><div class=\"fusion-column-wrapper fusion-flex-justify-content-flex-start fusion-content-layout-column\"><div class=\"fusion-text fusion-text-3\"><p><span class=\"notranslate\">Kop\u00f3 alkatr\u00e9szek feldolgoz\u00e1sa<\/span><\/p>\n<h4 data-fontsize=\"13\" data-lineheight=\"20\"><span class=\"notranslate\"> BELAG MEG\u00daJ\u00cdT\u00c1SA:<\/span><\/h4>\n<p><span class=\"notranslate\"> F\u00e9kpof\u00e1k, f\u00e9kszalagok, szegmensek, k\u00fapok, f\u00e9kbet\u00e9tek, tengelykapcsol\u00f3 lemezek \u00e9s komplett tengelykapcsol\u00f3k<\/span><\/p>\n<h4 data-fontsize=\"13\" data-lineheight=\"20\"><span class=\"notranslate\"> A REPRODUKCI\u00d3:<\/span><\/h4>\n<p><span class=\"notranslate\"> V\u00edzszivatty\u00fak, ker\u00e9khengerek, f\u0151hengerek, tengelykapcsol\u00f3hengerek, f\u00e9ker\u0151szab\u00e1lyoz\u00f3k, m\u0171k\u00f6dtet\u0151hengerek, f\u00e9knyer\u0151k, k\u00e1belek, pneumatikus hengerek<\/span><\/p>\n<h4 data-fontsize=\"13\" data-lineheight=\"20\"><span class=\"notranslate\"> NYOM\u00c1SI NYOM\u00c1K NYOM\u00c1SA<\/span><\/h4>\n<\/div><\/div><\/div><\/div><\/div><\/p>\n","protected":false},"excerpt":{"rendered":"","protected":false},"author":4,"featured_media":0,"parent":20478,"menu_order":0,"comment_status":"closed","ping_status":"closed","template":"","meta":{"footnotes":""},"class_list":["post-13108","page","type-page","status-publish","hentry"],"yoast_head":"<!-- This site is optimized with the Yoast SEO Premium plugin v27.3 (Yoast SEO v27.3) - https:\/\/yoast.com\/product\/yoast-seo-premium-wordpress\/ -->\n<title>Mez\u0151gazdas\u00e1gi j\u00e1rm\u0171vek &#171; NB PARTS GmbH<\/title>\n<meta name=\"robots\" content=\"index, follow, max-snippet:-1, max-image-preview:large, max-video-preview:-1\" \/>\n<link rel=\"canonical\" href=\"https:\/\/nb-parts.de\/hu\/alkatreszek\/mezogazdasagi-jarmuvek\/\" \/>\n<meta property=\"og:locale\" content=\"hu_HU\" \/>\n<meta property=\"og:type\" content=\"article\" \/>\n<meta property=\"og:title\" content=\"Mez\u0151gazdas\u00e1gi j\u00e1rm\u0171vek\" \/>\n<meta property=\"og:url\" content=\"https:\/\/nb-parts.de\/hu\/alkatreszek\/mezogazdasagi-jarmuvek\/\" \/>\n<meta property=\"og:site_name\" content=\"NB PARTS GmbH\" \/>\n<meta property=\"article:modified_time\" content=\"2020-08-20T12:07:27+00:00\" \/>\n<meta property=\"og:image\" content=\"https:\/\/nb-parts.de\/wp-content\/uploads\/2017\/04\/NB-parts-zieht-um.jpg\" \/>\n\t<meta property=\"og:image:width\" content=\"713\" \/>\n\t<meta property=\"og:image:height\" content=\"300\" \/>\n\t<meta property=\"og:image:type\" content=\"image\/jpeg\" \/>\n<meta name=\"twitter:label1\" content=\"Becs\u00fclt olvas\u00e1si id\u0151\" \/>\n\t<meta name=\"twitter:data1\" content=\"5 perc\" \/>\n<script type=\"application\/ld+json\" class=\"yoast-schema-graph\">{\"@context\":\"https:\\\/\\\/schema.org\",\"@graph\":[{\"@type\":\"WebPage\",\"@id\":\"https:\\\/\\\/nb-parts.de\\\/hu\\\/alkatreszek\\\/mezogazdasagi-jarmuvek\\\/\",\"url\":\"https:\\\/\\\/nb-parts.de\\\/hu\\\/alkatreszek\\\/mezogazdasagi-jarmuvek\\\/\",\"name\":\"Mez\u0151gazdas\u00e1gi j\u00e1rm\u0171vek &#171; NB PARTS GmbH\",\"isPartOf\":{\"@id\":\"https:\\\/\\\/nb-parts.de\\\/hu\\\/#website\"},\"datePublished\":\"2017-12-12T14:33:47+00:00\",\"dateModified\":\"2020-08-20T12:07:27+00:00\",\"breadcrumb\":{\"@id\":\"https:\\\/\\\/nb-parts.de\\\/hu\\\/alkatreszek\\\/mezogazdasagi-jarmuvek\\\/#breadcrumb\"},\"inLanguage\":\"hu\",\"potentialAction\":[{\"@type\":\"ReadAction\",\"target\":[\"https:\\\/\\\/nb-parts.de\\\/hu\\\/alkatreszek\\\/mezogazdasagi-jarmuvek\\\/\"]}]},{\"@type\":\"BreadcrumbList\",\"@id\":\"https:\\\/\\\/nb-parts.de\\\/hu\\\/alkatreszek\\\/mezogazdasagi-jarmuvek\\\/#breadcrumb\",\"itemListElement\":[{\"@type\":\"ListItem\",\"position\":1,\"name\":\"Startseite\",\"item\":\"https:\\\/\\\/nb-parts.de\\\/hu\\\/\"},{\"@type\":\"ListItem\",\"position\":2,\"name\":\"ALKATR\u00c9SZEK\",\"item\":\"https:\\\/\\\/nb-parts.de\\\/hu\\\/alkatreszek\\\/\"},{\"@type\":\"ListItem\",\"position\":3,\"name\":\"Mez\u0151gazdas\u00e1gi j\u00e1rm\u0171vek\"}]},{\"@type\":\"WebSite\",\"@id\":\"https:\\\/\\\/nb-parts.de\\\/hu\\\/#website\",\"url\":\"https:\\\/\\\/nb-parts.de\\\/hu\\\/\",\"name\":\"NB PARTS GmbH\",\"description\":\"Ersatzteile - Aufarbeitung - Fertigung\",\"publisher\":{\"@id\":\"https:\\\/\\\/nb-parts.de\\\/hu\\\/#organization\"},\"potentialAction\":[{\"@type\":\"SearchAction\",\"target\":{\"@type\":\"EntryPoint\",\"urlTemplate\":\"https:\\\/\\\/nb-parts.de\\\/hu\\\/?s={search_term_string}\"},\"query-input\":{\"@type\":\"PropertyValueSpecification\",\"valueRequired\":true,\"valueName\":\"search_term_string\"}}],\"inLanguage\":\"hu\"},{\"@type\":\"Organization\",\"@id\":\"https:\\\/\\\/nb-parts.de\\\/hu\\\/#organization\",\"name\":\"NB PARTS GmbH\",\"url\":\"https:\\\/\\\/nb-parts.de\\\/hu\\\/\",\"logo\":{\"@type\":\"ImageObject\",\"inLanguage\":\"hu\",\"@id\":\"https:\\\/\\\/nb-parts.de\\\/hu\\\/#\\\/schema\\\/logo\\\/image\\\/\",\"url\":\"https:\\\/\\\/nb-parts.de\\\/wp-content\\\/uploads\\\/2021\\\/06\\\/LOGO01.jpg\",\"contentUrl\":\"https:\\\/\\\/nb-parts.de\\\/wp-content\\\/uploads\\\/2021\\\/06\\\/LOGO01.jpg\",\"width\":1000,\"height\":1000,\"caption\":\"NB PARTS GmbH\"},\"image\":{\"@id\":\"https:\\\/\\\/nb-parts.de\\\/hu\\\/#\\\/schema\\\/logo\\\/image\\\/\"},\"sameAs\":[\"https:\\\/\\\/www.youtube.com\\\/watch?v=E_90qxvrVlA\"]}]}<\/script>\n<!-- \/ Yoast SEO Premium plugin. -->","yoast_head_json":{"title":"Mez\u0151gazdas\u00e1gi j\u00e1rm\u0171vek &#171; NB PARTS GmbH","robots":{"index":"index","follow":"follow","max-snippet":"max-snippet:-1","max-image-preview":"max-image-preview:large","max-video-preview":"max-video-preview:-1"},"canonical":"https:\/\/nb-parts.de\/hu\/alkatreszek\/mezogazdasagi-jarmuvek\/","og_locale":"hu_HU","og_type":"article","og_title":"Mez\u0151gazdas\u00e1gi j\u00e1rm\u0171vek","og_url":"https:\/\/nb-parts.de\/hu\/alkatreszek\/mezogazdasagi-jarmuvek\/","og_site_name":"NB PARTS GmbH","article_modified_time":"2020-08-20T12:07:27+00:00","og_image":[{"width":713,"height":300,"url":"https:\/\/nb-parts.de\/wp-content\/uploads\/2017\/04\/NB-parts-zieht-um.jpg","type":"image\/jpeg"}],"twitter_misc":{"Becs\u00fclt olvas\u00e1si id\u0151":"5 perc"},"schema":{"@context":"https:\/\/schema.org","@graph":[{"@type":"WebPage","@id":"https:\/\/nb-parts.de\/hu\/alkatreszek\/mezogazdasagi-jarmuvek\/","url":"https:\/\/nb-parts.de\/hu\/alkatreszek\/mezogazdasagi-jarmuvek\/","name":"Mez\u0151gazdas\u00e1gi j\u00e1rm\u0171vek &#171; NB PARTS GmbH","isPartOf":{"@id":"https:\/\/nb-parts.de\/hu\/#website"},"datePublished":"2017-12-12T14:33:47+00:00","dateModified":"2020-08-20T12:07:27+00:00","breadcrumb":{"@id":"https:\/\/nb-parts.de\/hu\/alkatreszek\/mezogazdasagi-jarmuvek\/#breadcrumb"},"inLanguage":"hu","potentialAction":[{"@type":"ReadAction","target":["https:\/\/nb-parts.de\/hu\/alkatreszek\/mezogazdasagi-jarmuvek\/"]}]},{"@type":"BreadcrumbList","@id":"https:\/\/nb-parts.de\/hu\/alkatreszek\/mezogazdasagi-jarmuvek\/#breadcrumb","itemListElement":[{"@type":"ListItem","position":1,"name":"Startseite","item":"https:\/\/nb-parts.de\/hu\/"},{"@type":"ListItem","position":2,"name":"ALKATR\u00c9SZEK","item":"https:\/\/nb-parts.de\/hu\/alkatreszek\/"},{"@type":"ListItem","position":3,"name":"Mez\u0151gazdas\u00e1gi j\u00e1rm\u0171vek"}]},{"@type":"WebSite","@id":"https:\/\/nb-parts.de\/hu\/#website","url":"https:\/\/nb-parts.de\/hu\/","name":"NB PARTS GmbH","description":"Ersatzteile - Aufarbeitung - Fertigung","publisher":{"@id":"https:\/\/nb-parts.de\/hu\/#organization"},"potentialAction":[{"@type":"SearchAction","target":{"@type":"EntryPoint","urlTemplate":"https:\/\/nb-parts.de\/hu\/?s={search_term_string}"},"query-input":{"@type":"PropertyValueSpecification","valueRequired":true,"valueName":"search_term_string"}}],"inLanguage":"hu"},{"@type":"Organization","@id":"https:\/\/nb-parts.de\/hu\/#organization","name":"NB PARTS GmbH","url":"https:\/\/nb-parts.de\/hu\/","logo":{"@type":"ImageObject","inLanguage":"hu","@id":"https:\/\/nb-parts.de\/hu\/#\/schema\/logo\/image\/","url":"https:\/\/nb-parts.de\/wp-content\/uploads\/2021\/06\/LOGO01.jpg","contentUrl":"https:\/\/nb-parts.de\/wp-content\/uploads\/2021\/06\/LOGO01.jpg","width":1000,"height":1000,"caption":"NB PARTS GmbH"},"image":{"@id":"https:\/\/nb-parts.de\/hu\/#\/schema\/logo\/image\/"},"sameAs":["https:\/\/www.youtube.com\/watch?v=E_90qxvrVlA"]}]}},"_links":{"self":[{"href":"https:\/\/nb-parts.de\/hu\/wp-json\/wp\/v2\/pages\/13108","targetHints":{"allow":["GET"]}}],"collection":[{"href":"https:\/\/nb-parts.de\/hu\/wp-json\/wp\/v2\/pages"}],"about":[{"href":"https:\/\/nb-parts.de\/hu\/wp-json\/wp\/v2\/types\/page"}],"author":[{"embeddable":true,"href":"https:\/\/nb-parts.de\/hu\/wp-json\/wp\/v2\/users\/4"}],"replies":[{"embeddable":true,"href":"https:\/\/nb-parts.de\/hu\/wp-json\/wp\/v2\/comments?post=13108"}],"version-history":[{"count":0,"href":"https:\/\/nb-parts.de\/hu\/wp-json\/wp\/v2\/pages\/13108\/revisions"}],"up":[{"embeddable":true,"href":"https:\/\/nb-parts.de\/hu\/wp-json\/wp\/v2\/pages\/20478"}],"wp:attachment":[{"href":"https:\/\/nb-parts.de\/hu\/wp-json\/wp\/v2\/media?parent=13108"}],"curies":[{"name":"wp","href":"https:\/\/api.w.org\/{rel}","templated":true}]}}