{"id":13124,"date":"2017-12-28T17:20:32","date_gmt":"2017-12-28T16:20:32","guid":{"rendered":"https:\/\/nb-parts.de\/start\/"},"modified":"2020-09-14T09:36:40","modified_gmt":"2020-09-14T07:36:40","slug":"start","status":"publish","type":"page","link":"https:\/\/nb-parts.de\/hu\/","title":{"rendered":"Kezdet"},"content":{"rendered":"<div class=\"fusion-fullwidth fullwidth-box fusion-builder-row-1 fusion-flex-container nonhundred-percent-fullwidth non-hundred-percent-height-scrolling\" style=\"--awb-border-radius-top-left:0px;--awb-border-radius-top-right:0px;--awb-border-radius-bottom-right:0px;--awb-border-radius-bottom-left:0px;--awb-margin-bottom:-22px;--awb-flex-wrap:wrap;\" ><div class=\"fusion-builder-row fusion-row fusion-flex-align-items-flex-start fusion-flex-content-wrap\" style=\"max-width:1028.97px;margin-left: calc(-3% \/ 2 );margin-right: calc(-3% \/ 2 );\"><div class=\"fusion-layout-column fusion_builder_column fusion-builder-column-0 fusion_builder_column_1_3 1_3 fusion-flex-column\" style=\"--awb-bg-size:cover;--awb-width-large:33.333333333333%;--awb-margin-top-large:0px;--awb-spacing-right-large:4.365%;--awb-margin-bottom-large:11px;--awb-spacing-left-large:4.365%;--awb-width-medium:33.333333333333%;--awb-spacing-right-medium:4.365%;--awb-spacing-left-medium:4.365%;--awb-width-small:100%;--awb-spacing-right-small:1.455%;--awb-spacing-left-small:1.455%;\"><div class=\"fusion-column-wrapper fusion-flex-justify-content-flex-start fusion-content-layout-column\"><div class=\"fusion-text fusion-text-1\"><h2>TELJES SZERVIZ<\/h2>\n<p>Eredeti\/ ut\u00e1ngy\u00e1rtott alkatr\u00e9szek<br \/>\n\u00e9rt\u00e9kes\u00edt\u00e9se f\u00e9k megold\u00e1sokhoz az<br \/>\naut\u00f3ipari \u00e9s ipari<\/p>\n<\/div><\/div><\/div><div class=\"fusion-layout-column fusion_builder_column fusion-builder-column-1 fusion_builder_column_1_3 1_3 fusion-flex-column\" style=\"--awb-bg-size:cover;--awb-width-large:33.333333333333%;--awb-margin-top-large:0px;--awb-spacing-right-large:4.365%;--awb-margin-bottom-large:11px;--awb-spacing-left-large:4.365%;--awb-width-medium:33.333333333333%;--awb-spacing-right-medium:4.365%;--awb-spacing-left-medium:4.365%;--awb-width-small:100%;--awb-spacing-right-small:1.455%;--awb-spacing-left-small:1.455%;\"><div class=\"fusion-column-wrapper fusion-flex-justify-content-flex-start fusion-content-layout-column\"><div class=\"fusion-text fusion-text-2\"><h2>SZAK\u00c8RTELEM<\/h2>\n<p>Kop\u00f3alkatr\u00e9szek fel\u00faj\u00edt\u00e1s<br \/>\nAlkatr\u00e9szfel\u00faj\u00edt\u00e1s \u00e9s jav\u00edt\u00e1s<br \/>\nProfesszion\u00e1lis regener\u00e1l\u00f3d\u00e1s<\/p>\n<\/div><\/div><\/div><div class=\"fusion-layout-column fusion_builder_column fusion-builder-column-2 fusion_builder_column_1_3 1_3 fusion-flex-column\" style=\"--awb-bg-size:cover;--awb-width-large:33.333333333333%;--awb-margin-top-large:0px;--awb-spacing-right-large:4.365%;--awb-margin-bottom-large:11px;--awb-spacing-left-large:4.365%;--awb-width-medium:33.333333333333%;--awb-spacing-right-medium:4.365%;--awb-spacing-left-medium:4.365%;--awb-width-small:100%;--awb-spacing-right-small:1.455%;--awb-spacing-left-small:1.455%;\"><div class=\"fusion-column-wrapper fusion-flex-justify-content-flex-start fusion-content-layout-column\"><div class=\"fusion-text fusion-text-3\"><h2>PARTNER EGY\u00dcTTM\u00dcK\u00d6D\u00c8S<\/h2>\n<p>F\u00e9kalkatr\u00e9szek gy\u00e1rt\u00e1s<br \/>\nTermel\u00e9s koordin\u00e1ci\u00f3<br \/>\nSpecifikus term\u00e9kfejleszt\u00e9s<\/p>\n<\/div><\/div><\/div><\/div><\/div>\n","protected":false},"excerpt":{"rendered":"","protected":false},"author":4,"featured_media":0,"parent":0,"menu_order":0,"comment_status":"closed","ping_status":"closed","template":"","meta":{"footnotes":""},"class_list":["post-13124","page","type-page","status-publish","hentry"],"yoast_head":"<!-- This site is optimized with the Yoast SEO Premium plugin v27.3 (Yoast SEO v27.3) - https:\/\/yoast.com\/product\/yoast-seo-premium-wordpress\/ -->\n<title>NB PARTS GmbH \u2705 Brake components \u2705 Fertigung - Ersatzteile - Aufarbeitung<\/title>\n<meta name=\"description\" content=\"Fertigung \u2022 Ersatzteile \u2022 Aufarbeitung \u2705 FULLSERVICE - Vertrieb von Original-, Ident- oder Nachbauteilen \u2705 FACH-KNOWHOW - Aufarbeitung\/Erneuerung von Verschlei\u00dfteilen, Reparatur \u2705 PARTNER-KOOPERATIONEN - Unser Unternehmen ist durch T\u00dcV S\u00fcd zertifiziert nach ISO 9001:2015.\" \/>\n<meta name=\"robots\" content=\"index, follow, max-snippet:-1, max-image-preview:large, max-video-preview:-1\" \/>\n<link rel=\"canonical\" href=\"https:\/\/nb-parts.de\/hu\/\" \/>\n<meta property=\"og:locale\" content=\"hu_HU\" \/>\n<meta property=\"og:type\" content=\"article\" \/>\n<meta property=\"og:title\" content=\"Kezdet\" \/>\n<meta property=\"og:description\" content=\"Fertigung \u2022 Ersatzteile \u2022 Aufarbeitung \u2705 FULLSERVICE - Vertrieb von Original-, Ident- oder Nachbauteilen \u2705 FACH-KNOWHOW - Aufarbeitung\/Erneuerung von Verschlei\u00dfteilen, Reparatur \u2705 PARTNER-KOOPERATIONEN - Unser Unternehmen ist durch T\u00dcV S\u00fcd zertifiziert nach ISO 9001:2015.\" \/>\n<meta property=\"og:url\" content=\"https:\/\/nb-parts.de\/hu\/\" \/>\n<meta property=\"og:site_name\" content=\"NB PARTS GmbH\" \/>\n<meta property=\"article:modified_time\" content=\"2020-09-14T07:36:40+00:00\" \/>\n<meta property=\"og:image\" content=\"https:\/\/nb-parts.de\/wp-content\/uploads\/2018\/03\/facebookshare.jpg\" \/>\n<meta name=\"twitter:label1\" content=\"Becs\u00fclt olvas\u00e1si id\u0151\" \/>\n\t<meta name=\"twitter:data1\" content=\"2 perc\" \/>\n<script type=\"application\/ld+json\" class=\"yoast-schema-graph\">{\"@context\":\"https:\\\/\\\/schema.org\",\"@graph\":[{\"@type\":\"WebPage\",\"@id\":\"https:\\\/\\\/nb-parts.de\\\/hu\\\/\",\"url\":\"https:\\\/\\\/nb-parts.de\\\/hu\\\/\",\"name\":\"NB PARTS GmbH \u2705 Brake components \u2705 Fertigung - Ersatzteile - Aufarbeitung\",\"isPartOf\":{\"@id\":\"https:\\\/\\\/nb-parts.de\\\/hu\\\/#website\"},\"datePublished\":\"2017-12-28T16:20:32+00:00\",\"dateModified\":\"2020-09-14T07:36:40+00:00\",\"description\":\"Fertigung \u2022 Ersatzteile \u2022 Aufarbeitung \u2705 FULLSERVICE - Vertrieb von Original-, Ident- oder Nachbauteilen \u2705 FACH-KNOWHOW - Aufarbeitung\\\/Erneuerung von Verschlei\u00dfteilen, Reparatur \u2705 PARTNER-KOOPERATIONEN - Unser Unternehmen ist durch T\u00dcV S\u00fcd zertifiziert nach ISO 9001:2015.\",\"breadcrumb\":{\"@id\":\"https:\\\/\\\/nb-parts.de\\\/hu\\\/#breadcrumb\"},\"inLanguage\":\"hu\",\"potentialAction\":[{\"@type\":\"ReadAction\",\"target\":[\"https:\\\/\\\/nb-parts.de\\\/hu\\\/\"]}]},{\"@type\":\"BreadcrumbList\",\"@id\":\"https:\\\/\\\/nb-parts.de\\\/hu\\\/#breadcrumb\",\"itemListElement\":[{\"@type\":\"ListItem\",\"position\":1,\"name\":\"Startseite\",\"item\":\"https:\\\/\\\/nb-parts.de\\\/hu\\\/\"},{\"@type\":\"ListItem\",\"position\":2,\"name\":\"Kezdet\"}]},{\"@type\":\"WebSite\",\"@id\":\"https:\\\/\\\/nb-parts.de\\\/hu\\\/#website\",\"url\":\"https:\\\/\\\/nb-parts.de\\\/hu\\\/\",\"name\":\"NB PARTS GmbH\",\"description\":\"Ersatzteile - Aufarbeitung - Fertigung\",\"publisher\":{\"@id\":\"https:\\\/\\\/nb-parts.de\\\/hu\\\/#organization\"},\"potentialAction\":[{\"@type\":\"SearchAction\",\"target\":{\"@type\":\"EntryPoint\",\"urlTemplate\":\"https:\\\/\\\/nb-parts.de\\\/hu\\\/?s={search_term_string}\"},\"query-input\":{\"@type\":\"PropertyValueSpecification\",\"valueRequired\":true,\"valueName\":\"search_term_string\"}}],\"inLanguage\":\"hu\"},{\"@type\":\"Organization\",\"@id\":\"https:\\\/\\\/nb-parts.de\\\/hu\\\/#organization\",\"name\":\"NB PARTS GmbH\",\"url\":\"https:\\\/\\\/nb-parts.de\\\/hu\\\/\",\"logo\":{\"@type\":\"ImageObject\",\"inLanguage\":\"hu\",\"@id\":\"https:\\\/\\\/nb-parts.de\\\/hu\\\/#\\\/schema\\\/logo\\\/image\\\/\",\"url\":\"https:\\\/\\\/nb-parts.de\\\/wp-content\\\/uploads\\\/2021\\\/06\\\/LOGO01.jpg\",\"contentUrl\":\"https:\\\/\\\/nb-parts.de\\\/wp-content\\\/uploads\\\/2021\\\/06\\\/LOGO01.jpg\",\"width\":1000,\"height\":1000,\"caption\":\"NB PARTS GmbH\"},\"image\":{\"@id\":\"https:\\\/\\\/nb-parts.de\\\/hu\\\/#\\\/schema\\\/logo\\\/image\\\/\"},\"sameAs\":[\"https:\\\/\\\/www.youtube.com\\\/watch?v=E_90qxvrVlA\"]}]}<\/script>\n<!-- \/ Yoast SEO Premium plugin. -->","yoast_head_json":{"title":"NB PARTS GmbH \u2705 Brake components \u2705 Fertigung - Ersatzteile - Aufarbeitung","description":"Fertigung \u2022 Ersatzteile \u2022 Aufarbeitung \u2705 FULLSERVICE - Vertrieb von Original-, Ident- oder Nachbauteilen \u2705 FACH-KNOWHOW - Aufarbeitung\/Erneuerung von Verschlei\u00dfteilen, Reparatur \u2705 PARTNER-KOOPERATIONEN - Unser Unternehmen ist durch T\u00dcV S\u00fcd zertifiziert nach ISO 9001:2015.","robots":{"index":"index","follow":"follow","max-snippet":"max-snippet:-1","max-image-preview":"max-image-preview:large","max-video-preview":"max-video-preview:-1"},"canonical":"https:\/\/nb-parts.de\/hu\/","og_locale":"hu_HU","og_type":"article","og_title":"Kezdet","og_description":"Fertigung \u2022 Ersatzteile \u2022 Aufarbeitung \u2705 FULLSERVICE - Vertrieb von Original-, Ident- oder Nachbauteilen \u2705 FACH-KNOWHOW - Aufarbeitung\/Erneuerung von Verschlei\u00dfteilen, Reparatur \u2705 PARTNER-KOOPERATIONEN - Unser Unternehmen ist durch T\u00dcV S\u00fcd zertifiziert nach ISO 9001:2015.","og_url":"https:\/\/nb-parts.de\/hu\/","og_site_name":"NB PARTS GmbH","article_modified_time":"2020-09-14T07:36:40+00:00","og_image":[{"url":"https:\/\/nb-parts.de\/wp-content\/uploads\/2018\/03\/facebookshare.jpg","type":"","width":"","height":""}],"twitter_misc":{"Becs\u00fclt olvas\u00e1si id\u0151":"2 perc"},"schema":{"@context":"https:\/\/schema.org","@graph":[{"@type":"WebPage","@id":"https:\/\/nb-parts.de\/hu\/","url":"https:\/\/nb-parts.de\/hu\/","name":"NB PARTS GmbH \u2705 Brake components \u2705 Fertigung - Ersatzteile - Aufarbeitung","isPartOf":{"@id":"https:\/\/nb-parts.de\/hu\/#website"},"datePublished":"2017-12-28T16:20:32+00:00","dateModified":"2020-09-14T07:36:40+00:00","description":"Fertigung \u2022 Ersatzteile \u2022 Aufarbeitung \u2705 FULLSERVICE - Vertrieb von Original-, Ident- oder Nachbauteilen \u2705 FACH-KNOWHOW - Aufarbeitung\/Erneuerung von Verschlei\u00dfteilen, Reparatur \u2705 PARTNER-KOOPERATIONEN - Unser Unternehmen ist durch T\u00dcV S\u00fcd zertifiziert nach ISO 9001:2015.","breadcrumb":{"@id":"https:\/\/nb-parts.de\/hu\/#breadcrumb"},"inLanguage":"hu","potentialAction":[{"@type":"ReadAction","target":["https:\/\/nb-parts.de\/hu\/"]}]},{"@type":"BreadcrumbList","@id":"https:\/\/nb-parts.de\/hu\/#breadcrumb","itemListElement":[{"@type":"ListItem","position":1,"name":"Startseite","item":"https:\/\/nb-parts.de\/hu\/"},{"@type":"ListItem","position":2,"name":"Kezdet"}]},{"@type":"WebSite","@id":"https:\/\/nb-parts.de\/hu\/#website","url":"https:\/\/nb-parts.de\/hu\/","name":"NB PARTS GmbH","description":"Ersatzteile - Aufarbeitung - Fertigung","publisher":{"@id":"https:\/\/nb-parts.de\/hu\/#organization"},"potentialAction":[{"@type":"SearchAction","target":{"@type":"EntryPoint","urlTemplate":"https:\/\/nb-parts.de\/hu\/?s={search_term_string}"},"query-input":{"@type":"PropertyValueSpecification","valueRequired":true,"valueName":"search_term_string"}}],"inLanguage":"hu"},{"@type":"Organization","@id":"https:\/\/nb-parts.de\/hu\/#organization","name":"NB PARTS GmbH","url":"https:\/\/nb-parts.de\/hu\/","logo":{"@type":"ImageObject","inLanguage":"hu","@id":"https:\/\/nb-parts.de\/hu\/#\/schema\/logo\/image\/","url":"https:\/\/nb-parts.de\/wp-content\/uploads\/2021\/06\/LOGO01.jpg","contentUrl":"https:\/\/nb-parts.de\/wp-content\/uploads\/2021\/06\/LOGO01.jpg","width":1000,"height":1000,"caption":"NB PARTS GmbH"},"image":{"@id":"https:\/\/nb-parts.de\/hu\/#\/schema\/logo\/image\/"},"sameAs":["https:\/\/www.youtube.com\/watch?v=E_90qxvrVlA"]}]}},"_links":{"self":[{"href":"https:\/\/nb-parts.de\/hu\/wp-json\/wp\/v2\/pages\/13124","targetHints":{"allow":["GET"]}}],"collection":[{"href":"https:\/\/nb-parts.de\/hu\/wp-json\/wp\/v2\/pages"}],"about":[{"href":"https:\/\/nb-parts.de\/hu\/wp-json\/wp\/v2\/types\/page"}],"author":[{"embeddable":true,"href":"https:\/\/nb-parts.de\/hu\/wp-json\/wp\/v2\/users\/4"}],"replies":[{"embeddable":true,"href":"https:\/\/nb-parts.de\/hu\/wp-json\/wp\/v2\/comments?post=13124"}],"version-history":[{"count":0,"href":"https:\/\/nb-parts.de\/hu\/wp-json\/wp\/v2\/pages\/13124\/revisions"}],"wp:attachment":[{"href":"https:\/\/nb-parts.de\/hu\/wp-json\/wp\/v2\/media?parent=13124"}],"curies":[{"name":"wp","href":"https:\/\/api.w.org\/{rel}","templated":true}]}}