{"id":13213,"date":"2017-12-11T11:40:00","date_gmt":"2017-12-11T10:40:00","guid":{"rendered":"https:\/\/nb-parts.de\/impressum\/"},"modified":"2018-02-08T11:05:43","modified_gmt":"2018-02-08T10:05:43","slug":"impresszum","status":"publish","type":"page","link":"https:\/\/nb-parts.de\/hu\/tarsasag\/impresszum\/","title":{"rendered":"Impresszum"},"content":{"rendered":"<div class=\"fusion-fullwidth fullwidth-box fusion-builder-row-1 fusion-flex-container nonhundred-percent-fullwidth non-hundred-percent-height-scrolling\" style=\"--awb-border-radius-top-left:0px;--awb-border-radius-top-right:0px;--awb-border-radius-bottom-right:0px;--awb-border-radius-bottom-left:0px;--awb-flex-wrap:wrap;\" ><div class=\"fusion-builder-row fusion-row fusion-flex-align-items-flex-start fusion-flex-content-wrap\" style=\"max-width:1028.97px;margin-left: calc(-3% \/ 2 );margin-right: calc(-3% \/ 2 );\"><div class=\"fusion-layout-column fusion_builder_column fusion-builder-column-0 fusion_builder_column_2_3 2_3 fusion-flex-column\" style=\"--awb-bg-size:cover;--awb-width-large:66.666666666667%;--awb-margin-top-large:0px;--awb-spacing-right-large:3.88%;--awb-margin-bottom-large:0px;--awb-spacing-left-large:2.1825%;--awb-width-medium:66.666666666667%;--awb-spacing-right-medium:3.88%;--awb-spacing-left-medium:2.1825%;--awb-width-small:100%;--awb-spacing-right-small:1.455%;--awb-spacing-left-small:1.455%;\"><div class=\"fusion-column-wrapper fusion-flex-justify-content-flex-start fusion-content-layout-column\"><div class=\"fusion-text fusion-text-1\"><h3><span id=\"result_box\" class=\"\" lang=\"hu\"><span title=\"RECHTLICHE HINWEISE \">JOGI K\u00d6ZLEM\u00c9NY<\/span><\/span><\/h3>\n<p><span id=\"result_box\" class=\"\" lang=\"hu\"><span title=\"NB PARTS GmbH bem\u00fcht sich bestm\u00f6glichst, dass die auf dieser Website enthaltenen Informationen und Daten zutreffend sind.\">A NB PARTS GmbH a lehet\u0151 legjobb m\u00f3don t\u00f6rekszik arra, hogy a honlapon tal\u00e1lhat\u00f3 inform\u00e1ci\u00f3k \u00e9s adatok helyesek legyenek. <\/span><span title=\"Eine Haftung oder Garantie f\u00fcr die Aktualit\u00e4t, Richtigkeit und Vollst\u00e4ndigkeit der zur Verf\u00fcgung gestellten Daten und Informationen ist jedoch ausgeschlossen.\">A felt\u00fcntetett adatok \u00e9s inform\u00e1ci\u00f3k id\u0151szer\u0171s\u00e9g\u00e9re, pontoss\u00e1g\u00e1ra \u00e9s teljess\u00e9g\u00e9re vonatkoz\u00f3 felel\u0151ss\u00e9g vagy garancia kiz\u00e1rt. <\/span><span title=\"Das Unternehmen beh\u00e4lt sich vor, ohne Ank\u00fcndigung \u00c4nderungen oder Erg\u00e4nzungen der bereitgestellten Informationen oder Daten vorzunehmen. \">A t\u00e1rsas\u00e1g fenntartja mag\u00e1nak a jogot, hogy el\u0151zetes \u00e9rtes\u00edt\u00e9s n\u00e9lk\u00fcl m\u00f3dos\u00edtsa vagy kieg\u00e9sz\u00edtse az inform\u00e1ci\u00f3kat vagy adatokat.<\/span><\/span><\/p>\n<p><span id=\"result_box\" class=\"\" lang=\"hu\"><span title=\"Das Unternehmen beh\u00e4lt sich vor, ohne Ank\u00fcndigung \u00c4nderungen oder Erg\u00e4nzungen der bereitgestellten Informationen oder Daten vorzunehmen. \"><br \/>\n<\/span><span title=\"Der Inhalt der Website ist urheberrechtlich gesch\u00fctzt.\">A honlap tartalma szerz\u0151i jogv\u00e9delem alatt \u00e1ll. <\/span><span title=\"Die Vervielf\u00e4ltigung von Informationen, Texten oder Bildmaterial, bedarf der vorherigen schriftlichen Zustimmung des Unternehmens.\">Az inform\u00e1ci\u00f3k, sz\u00f6vegek vagy k\u00e9pek sokszoros\u00edt\u00e1sa a v\u00e1llalat el\u0151zetes \u00edr\u00e1sbeli hozz\u00e1j\u00e1rul\u00e1s\u00e1t ig\u00e9nyli. <\/span><span title=\"Fotos unserer Mitarbeiter sind gem.\">Alkalmazottaink fot\u00f3i gy\u00f6ngyszemek. <\/span><span title=\"\u00a7 22 KUG (Recht am eigenen Bild) rechtlich gesch\u00fctzt.\">\u00a7 22 KUG (jobb a saj\u00e1t k\u00e9pen) jogilag v\u00e9dett. <\/span><span title=\"Insbesondere sind Download, Manipulation, Ver\u00f6ffentlichung oder Vervielf\u00e4ltigung der Bilder nicht erlaubt.\">K\u00fcl\u00f6n\u00f6sen nem enged\u00e9lyezett a k\u00e9pek let\u00f6lt\u00e9se, manipul\u00e1l\u00e1sa, k\u00f6zz\u00e9t\u00e9tele vagy m\u00e1sol\u00e1sa. <\/span><span title=\"Jede Verletzung des Rechts am eigenen Bild kann Anspr\u00fcche auf Unterlassung oder Schadensersatz nach sich ziehen.\">A saj\u00e1t k\u00e9p\u00e9nek jog\u00e1nak megs\u00e9rt\u00e9se jogs\u00e9rt\u0151 mentess\u00e9get vagy k\u00e1rt\u00e9r\u00edt\u00e9st ig\u00e9nyelhet. <\/span><span title=\"Unsere Firma ist nicht verantwortlich f\u00fcr Inhalte und Funktion externer Websites, die \u00fcber Hyperlinks erreicht werden. \">C\u00e9g\u00fcnk nem felel\u0151s a k\u00fcls\u0151 weboldalak tartalm\u00e1\u00e9rt \u00e9s m\u0171k\u00f6d\u00e9s\u00e9\u00e9rt, amelyek hiperhivatkoz\u00e1sok r\u00e9v\u00e9n \u00e9rhet\u0151k el.<\/span><\/span><\/p>\n<p><span title=\"Der Markenname NB PARTS \u00ae ist markenrechtlich gesch\u00fctzt.\">A NB PARTS \u00ae m\u00e1rkanevet v\u00e9djegyjog v\u00e9di. <\/span><span title=\"Die unbefugte Verwendung dieser Marke ist strengstens verboten.\">A v\u00e9djegy jogosulatlan haszn\u00e1lata szigor\u00faan tilos.<\/span><\/p>\n<\/div><\/div><\/div><div class=\"fusion-layout-column fusion_builder_column fusion-builder-column-1 fusion_builder_column_1_3 1_3 fusion-flex-column\" style=\"--awb-bg-size:cover;--awb-width-large:33.333333333333%;--awb-margin-top-large:44px;--awb-spacing-right-large:4.365%;--awb-margin-bottom-large:0px;--awb-spacing-left-large:3.8799999999999%;--awb-width-medium:33.333333333333%;--awb-spacing-right-medium:4.365%;--awb-spacing-left-medium:3.8799999999999%;--awb-width-small:100%;--awb-spacing-right-small:1.455%;--awb-spacing-left-small:1.455%;\"><div class=\"fusion-column-wrapper fusion-flex-justify-content-flex-start fusion-content-layout-column\"><div class=\"fusion-text fusion-text-2\"><p class=\"ABSATZ_BEIDE\"><span id=\"result_box\" class=\"short_text\" lang=\"hu\"><span class=\"\">C\u00e9gjegyz\u00e9ksz\u00e1m<\/span><\/span>: HRB 6248<br \/>\n<span id=\"result_box\" class=\"short_text\" lang=\"hu\"><span class=\"\">C\u00e9gb\u00edr\u00f3s\u00e1g<\/span><\/span>: Amtsgericht Bamberg<br \/>\nUSt-ID-Nr.: DE 263 015 356<br \/>\n<span id=\"result_box\" class=\"short_text\" lang=\"hu\"><span class=\"\">Felel\u0151s<\/span><\/span>: U. Magasch\u00fctz<\/p>\n<hr \/>\n<p>NB PARTS GmbH<br \/>\nDaimlerstra\u00dfe 7<br \/>\nD-91301 Forchheim<br \/>\nDeutschland<\/p>\n<p><a href=\"mailto:info@nb-parts.de\" target=\"_blank\" rel=\"noopener\">info@nb-parts.de<\/a><br \/>\nTel. 09191 3416 0<br \/>\nFax 09191 3416 199<\/p>\n<\/div><\/div><\/div><\/div><\/div>\n","protected":false},"excerpt":{"rendered":"","protected":false},"author":4,"featured_media":0,"parent":13203,"menu_order":0,"comment_status":"closed","ping_status":"closed","template":"","meta":{"footnotes":""},"class_list":["post-13213","page","type-page","status-publish","hentry"],"yoast_head":"<!-- This site is optimized with the Yoast SEO Premium plugin v27.3 (Yoast SEO v27.3) - https:\/\/yoast.com\/product\/yoast-seo-premium-wordpress\/ -->\n<title>Impresszum - NB PARTS GmbH<\/title>\n<meta name=\"robots\" content=\"index, follow, max-snippet:-1, max-image-preview:large, max-video-preview:-1\" \/>\n<link rel=\"canonical\" href=\"https:\/\/nb-parts.de\/hu\/tarsasag\/impresszum\/\" \/>\n<meta property=\"og:locale\" content=\"hu_HU\" \/>\n<meta property=\"og:type\" content=\"article\" \/>\n<meta property=\"og:title\" content=\"Impresszum\" \/>\n<meta property=\"og:url\" content=\"https:\/\/nb-parts.de\/hu\/tarsasag\/impresszum\/\" \/>\n<meta property=\"og:site_name\" content=\"NB PARTS GmbH\" \/>\n<meta property=\"article:modified_time\" content=\"2018-02-08T10:05:43+00:00\" \/>\n<meta property=\"og:image\" content=\"https:\/\/nb-parts.de\/wp-content\/uploads\/2017\/04\/NB-parts-zieht-um.jpg\" \/>\n\t<meta property=\"og:image:width\" content=\"713\" \/>\n\t<meta property=\"og:image:height\" content=\"300\" \/>\n\t<meta property=\"og:image:type\" content=\"image\/jpeg\" \/>\n<meta name=\"twitter:label1\" content=\"Becs\u00fclt olvas\u00e1si id\u0151\" \/>\n\t<meta name=\"twitter:data1\" content=\"3 perc\" \/>\n<script type=\"application\/ld+json\" class=\"yoast-schema-graph\">{\"@context\":\"https:\\\/\\\/schema.org\",\"@graph\":[{\"@type\":\"WebPage\",\"@id\":\"https:\\\/\\\/nb-parts.de\\\/hu\\\/tarsasag\\\/impresszum\\\/\",\"url\":\"https:\\\/\\\/nb-parts.de\\\/hu\\\/tarsasag\\\/impresszum\\\/\",\"name\":\"Impresszum - NB PARTS GmbH\",\"isPartOf\":{\"@id\":\"https:\\\/\\\/nb-parts.de\\\/hu\\\/#website\"},\"datePublished\":\"2017-12-11T10:40:00+00:00\",\"dateModified\":\"2018-02-08T10:05:43+00:00\",\"breadcrumb\":{\"@id\":\"https:\\\/\\\/nb-parts.de\\\/hu\\\/tarsasag\\\/impresszum\\\/#breadcrumb\"},\"inLanguage\":\"hu\",\"potentialAction\":[{\"@type\":\"ReadAction\",\"target\":[\"https:\\\/\\\/nb-parts.de\\\/hu\\\/tarsasag\\\/impresszum\\\/\"]}]},{\"@type\":\"BreadcrumbList\",\"@id\":\"https:\\\/\\\/nb-parts.de\\\/hu\\\/tarsasag\\\/impresszum\\\/#breadcrumb\",\"itemListElement\":[{\"@type\":\"ListItem\",\"position\":1,\"name\":\"Startseite\",\"item\":\"https:\\\/\\\/nb-parts.de\\\/hu\\\/\"},{\"@type\":\"ListItem\",\"position\":2,\"name\":\"T\u00e1rsas\u00e1g\",\"item\":\"https:\\\/\\\/nb-parts.de\\\/hu\\\/tarsasag\\\/\"},{\"@type\":\"ListItem\",\"position\":3,\"name\":\"Impresszum\"}]},{\"@type\":\"WebSite\",\"@id\":\"https:\\\/\\\/nb-parts.de\\\/hu\\\/#website\",\"url\":\"https:\\\/\\\/nb-parts.de\\\/hu\\\/\",\"name\":\"NB PARTS GmbH\",\"description\":\"Ersatzteile - Aufarbeitung - Fertigung\",\"publisher\":{\"@id\":\"https:\\\/\\\/nb-parts.de\\\/hu\\\/#organization\"},\"potentialAction\":[{\"@type\":\"SearchAction\",\"target\":{\"@type\":\"EntryPoint\",\"urlTemplate\":\"https:\\\/\\\/nb-parts.de\\\/hu\\\/?s={search_term_string}\"},\"query-input\":{\"@type\":\"PropertyValueSpecification\",\"valueRequired\":true,\"valueName\":\"search_term_string\"}}],\"inLanguage\":\"hu\"},{\"@type\":\"Organization\",\"@id\":\"https:\\\/\\\/nb-parts.de\\\/hu\\\/#organization\",\"name\":\"NB PARTS GmbH\",\"url\":\"https:\\\/\\\/nb-parts.de\\\/hu\\\/\",\"logo\":{\"@type\":\"ImageObject\",\"inLanguage\":\"hu\",\"@id\":\"https:\\\/\\\/nb-parts.de\\\/hu\\\/#\\\/schema\\\/logo\\\/image\\\/\",\"url\":\"https:\\\/\\\/nb-parts.de\\\/wp-content\\\/uploads\\\/2021\\\/06\\\/LOGO01.jpg\",\"contentUrl\":\"https:\\\/\\\/nb-parts.de\\\/wp-content\\\/uploads\\\/2021\\\/06\\\/LOGO01.jpg\",\"width\":1000,\"height\":1000,\"caption\":\"NB PARTS GmbH\"},\"image\":{\"@id\":\"https:\\\/\\\/nb-parts.de\\\/hu\\\/#\\\/schema\\\/logo\\\/image\\\/\"},\"sameAs\":[\"https:\\\/\\\/www.youtube.com\\\/watch?v=E_90qxvrVlA\"]}]}<\/script>\n<!-- \/ Yoast SEO Premium plugin. -->","yoast_head_json":{"title":"Impresszum - NB PARTS GmbH","robots":{"index":"index","follow":"follow","max-snippet":"max-snippet:-1","max-image-preview":"max-image-preview:large","max-video-preview":"max-video-preview:-1"},"canonical":"https:\/\/nb-parts.de\/hu\/tarsasag\/impresszum\/","og_locale":"hu_HU","og_type":"article","og_title":"Impresszum","og_url":"https:\/\/nb-parts.de\/hu\/tarsasag\/impresszum\/","og_site_name":"NB PARTS GmbH","article_modified_time":"2018-02-08T10:05:43+00:00","og_image":[{"width":713,"height":300,"url":"https:\/\/nb-parts.de\/wp-content\/uploads\/2017\/04\/NB-parts-zieht-um.jpg","type":"image\/jpeg"}],"twitter_misc":{"Becs\u00fclt olvas\u00e1si id\u0151":"3 perc"},"schema":{"@context":"https:\/\/schema.org","@graph":[{"@type":"WebPage","@id":"https:\/\/nb-parts.de\/hu\/tarsasag\/impresszum\/","url":"https:\/\/nb-parts.de\/hu\/tarsasag\/impresszum\/","name":"Impresszum - NB PARTS GmbH","isPartOf":{"@id":"https:\/\/nb-parts.de\/hu\/#website"},"datePublished":"2017-12-11T10:40:00+00:00","dateModified":"2018-02-08T10:05:43+00:00","breadcrumb":{"@id":"https:\/\/nb-parts.de\/hu\/tarsasag\/impresszum\/#breadcrumb"},"inLanguage":"hu","potentialAction":[{"@type":"ReadAction","target":["https:\/\/nb-parts.de\/hu\/tarsasag\/impresszum\/"]}]},{"@type":"BreadcrumbList","@id":"https:\/\/nb-parts.de\/hu\/tarsasag\/impresszum\/#breadcrumb","itemListElement":[{"@type":"ListItem","position":1,"name":"Startseite","item":"https:\/\/nb-parts.de\/hu\/"},{"@type":"ListItem","position":2,"name":"T\u00e1rsas\u00e1g","item":"https:\/\/nb-parts.de\/hu\/tarsasag\/"},{"@type":"ListItem","position":3,"name":"Impresszum"}]},{"@type":"WebSite","@id":"https:\/\/nb-parts.de\/hu\/#website","url":"https:\/\/nb-parts.de\/hu\/","name":"NB PARTS GmbH","description":"Ersatzteile - Aufarbeitung - Fertigung","publisher":{"@id":"https:\/\/nb-parts.de\/hu\/#organization"},"potentialAction":[{"@type":"SearchAction","target":{"@type":"EntryPoint","urlTemplate":"https:\/\/nb-parts.de\/hu\/?s={search_term_string}"},"query-input":{"@type":"PropertyValueSpecification","valueRequired":true,"valueName":"search_term_string"}}],"inLanguage":"hu"},{"@type":"Organization","@id":"https:\/\/nb-parts.de\/hu\/#organization","name":"NB PARTS GmbH","url":"https:\/\/nb-parts.de\/hu\/","logo":{"@type":"ImageObject","inLanguage":"hu","@id":"https:\/\/nb-parts.de\/hu\/#\/schema\/logo\/image\/","url":"https:\/\/nb-parts.de\/wp-content\/uploads\/2021\/06\/LOGO01.jpg","contentUrl":"https:\/\/nb-parts.de\/wp-content\/uploads\/2021\/06\/LOGO01.jpg","width":1000,"height":1000,"caption":"NB PARTS GmbH"},"image":{"@id":"https:\/\/nb-parts.de\/hu\/#\/schema\/logo\/image\/"},"sameAs":["https:\/\/www.youtube.com\/watch?v=E_90qxvrVlA"]}]}},"_links":{"self":[{"href":"https:\/\/nb-parts.de\/hu\/wp-json\/wp\/v2\/pages\/13213","targetHints":{"allow":["GET"]}}],"collection":[{"href":"https:\/\/nb-parts.de\/hu\/wp-json\/wp\/v2\/pages"}],"about":[{"href":"https:\/\/nb-parts.de\/hu\/wp-json\/wp\/v2\/types\/page"}],"author":[{"embeddable":true,"href":"https:\/\/nb-parts.de\/hu\/wp-json\/wp\/v2\/users\/4"}],"replies":[{"embeddable":true,"href":"https:\/\/nb-parts.de\/hu\/wp-json\/wp\/v2\/comments?post=13213"}],"version-history":[{"count":0,"href":"https:\/\/nb-parts.de\/hu\/wp-json\/wp\/v2\/pages\/13213\/revisions"}],"up":[{"embeddable":true,"href":"https:\/\/nb-parts.de\/hu\/wp-json\/wp\/v2\/pages\/13203"}],"wp:attachment":[{"href":"https:\/\/nb-parts.de\/hu\/wp-json\/wp\/v2\/media?parent=13213"}],"curies":[{"name":"wp","href":"https:\/\/api.w.org\/{rel}","templated":true}]}}