{"id":13274,"date":"2017-12-13T14:22:35","date_gmt":"2017-12-13T13:22:35","guid":{"rendered":"https:\/\/nb-parts.de\/hydraulik-dichtelemente\/"},"modified":"2020-08-20T14:08:53","modified_gmt":"2020-08-20T12:08:53","slug":"toemitoelemeket","status":"publish","type":"page","link":"https:\/\/nb-parts.de\/hu\/gyartas\/toemitoelemeket\/","title":{"rendered":"T\u00f6m\u00edt\u0151elemeket"},"content":{"rendered":"<p><div class=\"fusion-fullwidth fullwidth-box fusion-builder-row-1 fusion-flex-container nonhundred-percent-fullwidth non-hundred-percent-height-scrolling\" style=\"--awb-border-radius-top-left:0px;--awb-border-radius-top-right:0px;--awb-border-radius-bottom-right:0px;--awb-border-radius-bottom-left:0px;--awb-flex-wrap:wrap;\" ><div class=\"fusion-builder-row fusion-row fusion-flex-align-items-flex-start fusion-flex-content-wrap\" style=\"max-width:calc( 999px + 0px );margin-left: calc(-0px \/ 2 );margin-right: calc(-0px \/ 2 );\"><div class=\"fusion-layout-column fusion_builder_column fusion-builder-column-0 fusion_builder_column_1_1 1_1 fusion-flex-column\" style=\"--awb-bg-size:cover;--awb-width-large:100%;--awb-margin-top-large:0px;--awb-spacing-right-large:0px;--awb-margin-bottom-large:11px;--awb-spacing-left-large:0px;--awb-width-medium:100%;--awb-spacing-right-medium:0px;--awb-spacing-left-medium:0px;--awb-width-small:100%;--awb-spacing-right-small:0px;--awb-spacing-left-small:0px;\"><div class=\"fusion-column-wrapper fusion-flex-justify-content-flex-start fusion-content-layout-column\"><div class=\"fusion-image-element \" style=\"--awb-bottom-shadow-color:rgba(0,0,0,0.4);--awb-caption-title-font-family:var(--h2_typography-font-family);--awb-caption-title-font-weight:var(--h2_typography-font-weight);--awb-caption-title-font-style:var(--h2_typography-font-style);--awb-caption-title-size:var(--h2_typography-font-size);--awb-caption-title-transform:var(--h2_typography-text-transform);--awb-caption-title-line-height:var(--h2_typography-line-height);--awb-caption-title-letter-spacing:var(--h2_typography-letter-spacing);\"><div class=\"awb-image-frame awb-image-frame-1 awb-bottomshadow\"><span class=\" fusion-imageframe imageframe-bottomshadow imageframe-1 hover-type-none\"><img decoding=\"async\" width=\"768\" height=\"200\" title=\"visual_fertig_komponent\" src=\"https:\/\/nb-parts.de\/wp-content\/uploads\/2017\/12\/visual_fertig_komponent.jpg\" alt class=\"img-responsive wp-image-11990\" srcset=\"https:\/\/nb-parts.de\/wp-content\/uploads\/2017\/12\/visual_fertig_komponent-200x52.jpg 200w, https:\/\/nb-parts.de\/wp-content\/uploads\/2017\/12\/visual_fertig_komponent-400x104.jpg 400w, https:\/\/nb-parts.de\/wp-content\/uploads\/2017\/12\/visual_fertig_komponent-600x156.jpg 600w, https:\/\/nb-parts.de\/wp-content\/uploads\/2017\/12\/visual_fertig_komponent.jpg 768w\" sizes=\"(max-width: 640px) 100vw, 768px\" \/><\/span><svg xmlns=\"http:\/\/www.w3.org\/2000\/svg\" version=\"1.1\" width=\"100%\" viewBox=\"0 0 600 28\" preserveAspectRatio=\"none\"><g clip-path=\"url(#a)\"><mask id=\"b\" style=\"mask-type:luminance\" maskUnits=\"userSpaceOnUse\" x=\"0\" y=\"0\" width=\"600\" height=\"28\"><path d=\"M0 0h600v28H0V0Z\" fill=\"#fff\"\/><\/mask><g filter=\"url(#c)\" mask=\"url(#b)\"><path d=\"M16.439-18.667h567.123v30.8S438.961-8.4 300-8.4C161.04-8.4 16.438 12.133 16.438 12.133v-30.8Z\" fill=\"#000\"\/><\/g><\/g><defs><clipPath id=\"a\"><path fill=\"#fff\" d=\"M0 0h600v28H0z\"\/><\/clipPath><filter id=\"c\" x=\"5.438\" y=\"-29.667\" width=\"589.123\" height=\"52.8\" filterUnits=\"userSpaceOnUse\" color-interpolation-filters=\"sRGB\"><feFlood flood-opacity=\"0\" result=\"BackgroundImageFix\"\/><feBlend in=\"SourceGraphic\" in2=\"BackgroundImageFix\" result=\"shape\"\/><feGaussianBlur stdDeviation=\"5.5\" result=\"effect1_foregroundBlur_3983_183\"\/><\/filter><\/defs><\/svg><\/div><\/div><\/div><\/div><\/div><\/div><div class=\"fusion-fullwidth fullwidth-box fusion-builder-row-2 fusion-flex-container nonhundred-percent-fullwidth non-hundred-percent-height-scrolling\" style=\"--awb-background-position:left top;--awb-background-repeat:repeat;--awb-border-sizes-top:0px;--awb-border-sizes-bottom:0px;--awb-border-sizes-left:0px;--awb-border-sizes-right:0px;--awb-border-radius-top-left:0px;--awb-border-radius-top-right:0px;--awb-border-radius-bottom-right:0px;--awb-border-radius-bottom-left:0px;--awb-padding-top:22px;--awb-flex-wrap:wrap;\" ><div class=\"fusion-builder-row fusion-row fusion-flex-align-items-flex-start fusion-flex-content-wrap\" style=\"max-width:1028.97px;margin-left: calc(-3% \/ 2 );margin-right: calc(-3% \/ 2 );\"><div class=\"fusion-layout-column fusion_builder_column fusion-builder-column-1 fusion_builder_column_2_3 2_3 fusion-flex-column fusion-flex-align-self-flex-start fusion-column-no-min-height\" style=\"--awb-bg-size:cover;--awb-width-large:66.666666666667%;--awb-margin-top-large:0px;--awb-spacing-right-large:3.88%;--awb-margin-bottom-large:0px;--awb-spacing-left-large:2.1825%;--awb-width-medium:66.666666666667%;--awb-spacing-right-medium:3.88%;--awb-spacing-left-medium:2.1825%;--awb-width-small:100%;--awb-spacing-right-small:1.455%;--awb-spacing-left-small:1.455%;\"><div class=\"fusion-column-wrapper fusion-flex-justify-content-flex-start fusion-content-layout-column\"><div class=\"fusion-text fusion-text-1\"><h4 data-fontsize=\"13\" data-lineheight=\"20\"><span class=\"notranslate\">HIDRAULIKUS TARTOZ\u00c9KOK EL\u0150\u00c1LL\u00cdT\u00c1SA<\/span><\/h4>\n<h4 data-fontsize=\"13\" data-lineheight=\"20\"><span class=\"notranslate\">T\u00d6M\u00cdT\u00c9S \u00c9S ELASTOMER R\u00c9SZEI<\/span><\/h4>\n<p class=\"ABSATZ_SEHR_GROSS\"><span class=\"notranslate\">A t\u00f6m\u00edt\u0151elemek \u00e9s az elasztomer alkatr\u00e9szek gy\u00e1rt\u00e1s\u00e1ra szakosodott partnerek sz\u00e1m\u00e1ra sz\u00e1mos szem\u00e9lyg\u00e9pkocsi- \u00e9s haszong\u00e9pj\u00e1rm\u0171-j\u00e1rm\u0171vel, valamint gumialkatr\u00e9szekkel ell\u00e1tott szem\u00e9lyre szabott jav\u00edt\u00f3 k\u00e9szleteket \u00e9s t\u00f6m\u00edt\u0151 k\u00e9szleteket gy\u00e1rtanak a DIN ISO 9002 tan\u00fas\u00edt\u00e1snak megfelel\u0151en.<\/span> <span class=\"notranslate\">A speci\u00e1lisan tervezett teszt\u00e1llv\u00e1nyok (pl. 200 \u00b0 C \u00e9s 140 000 fordulatsz\u00e1m) folyamatos min\u0151s\u00e9gellen\u0151rz\u00e9se mellett a t\u00f6m\u00edt\u0151elemeket alaposan megvizsg\u00e1lj\u00e1k a sz\u00fcks\u00e9ges f\u00e9kez\u00e9si k\u00f6r\u00fclm\u00e9nyek (pl. F\u00e9kfolyad\u00e9k, \u00e1sv\u00e1nyi olaj) mellett.<\/span><\/p>\n<p><span class=\"notranslate\">1) Jav\u00edt\u00f3 k\u00e9szletek a f\u00e9knyereghez<\/span><br \/>\n<span class=\"notranslate\">2) Jav\u00edt\u00f3 k\u00e9szletek a f\u0151hengerhez<\/span><br \/>\n<span class=\"notranslate\">3) Jav\u00edt\u00f3 k\u00e9szletek ker\u00e9kf\u00e9khengerekhez<\/span><br \/>\n<span class=\"notranslate\">4) Jav\u00edt\u00f3 k\u00e9szletek a tengelykapcsol\u00f3 mesterhez \u00e9s a tengelykapcsol\u00f3 rabl\u00f3henger\u00e9hez<\/span><br \/>\n<span class=\"notranslate\">5) \u00c1tviteli mandzsetta k\u00e9szlet, tengely \u00e9s korm\u00e1nym\u0171 csomagtart\u00f3<\/span><br \/>\n<span class=\"notranslate\">6) L\u00e9gf\u00e9kjav\u00edt\u00f3 k\u00e9szletek<\/span><br \/>\n<span class=\"notranslate\">7) Testreszabott megold\u00e1sok<\/span><\/p>\n<h4 data-fontsize=\"13\" data-lineheight=\"20\"><span class=\"notranslate\">ROPES \u00c9S ACTUATOR TRAINS<\/span><\/h4>\n<p class=\"ABSATZ_GROSS\"><span class=\"notranslate\">1) M\u00e9r\u0151k\u00f6t\u00e9l \u00e9s szerelv\u00e9nyek<\/span><br \/>\n<span class=\"notranslate\">2) A l\u00e9lek \u00e9s a k\u00f6peny hossza v\u00e1g\u00e1sa (sz\u00fcks\u00e9g eset\u00e9n bek\u00f6t\u00e9sek)<\/span><br \/>\n<span class=\"notranslate\">3) Csatlakoztassa a k\u00f6teleket \u00e9s a k\u00f6penyt<\/span><br \/>\n<span class=\"notranslate\">&#8230; (k\u00e1belek, fojt\u00f3- \u00e9s vez\u00e9rl\u0151k\u00e1belek, f\u00e9kk\u00e1belek, von\u00f3- \u00e9s nyom\u00f3vezet\u00e9kek, szerelv\u00e9nyek \u00e9s kieg\u00e9sz\u00edt\u0151k) ak\u00e1r 3000 mm hossz\u00fas\u00e1g\u00faak<\/span><\/p>\n<h4 data-fontsize=\"13\" data-lineheight=\"20\"><span class=\"notranslate\">F\u00c9KM\u00c9RETEK \u00c9S AC\u00c9LSZERKEZETEK<\/span><\/h4>\n<p class=\"ABSATZ_GROSS\"><span class=\"notranslate\">1) Felm\u00e9r\u00e9s<\/span><br \/>\n<span class=\"notranslate\">2) A szerelv\u00e9nyek vagy szerelv\u00e9nyek gy\u00e1rt\u00e1sa<\/span><br \/>\n<span class=\"notranslate\">3) A f\u00e9kcs\u0151 t\u00f6m\u00f6r\u00edt\u00e9se a szerelv\u00e9nyekkel<\/span><br \/>\n<span class=\"notranslate\">&#8230; (Ac\u00e9l flex vonalak 7 sz\u00edn\u0171 burkolattal \/ n\u00e9lk\u00fcl)<\/span><\/p>\n<h4 data-fontsize=\"13\" data-lineheight=\"20\"><span class=\"notranslate\">A SZEM\u00c9LYEK GY\u00c1RT\u00c1SA<\/span><\/h4>\n<p class=\"ABSATZ_GROSS\"><span class=\"notranslate\">1) Felm\u00e9r\u00e9s, er\u0151 meghat\u00e1roz\u00e1sa<\/span><br \/>\n<span class=\"notranslate\">2) Szersz\u00e1m l\u00e9trehoz\u00e1sa<\/span><br \/>\n<span class=\"notranslate\">3) G\u00e9pgy\u00e1rt\u00e1s<\/span><br \/>\n<span class=\"notranslate\">&#8230; (fesz\u00edt\u0151rug\u00f3k, kompresszi\u00f3s rug\u00f3k, torzi\u00f3s rug\u00f3k stb., spir\u00e1lrug\u00f3k, torzi\u00f3s rug\u00f3k)<\/span><\/p>\n<h4 data-fontsize=\"13\" data-lineheight=\"20\"><span class=\"notranslate\">RENDSZEREK GY\u00c1RT\u00c1SA<\/span><\/h4>\n<p class=\"ABSATZ_GROSS\"><span class=\"notranslate\">1) Felm\u00e9r\u00e9s<\/span><br \/>\n<span class=\"notranslate\">2) Eszterg\u00e1l\u00e1s<\/span><br \/>\n<span class=\"notranslate\">3) Menetv\u00e1g\u00e1s<\/span><\/p>\n<\/div><\/div><\/div><div class=\"fusion-layout-column fusion_builder_column fusion-builder-column-2 fusion_builder_column_1_3 1_3 fusion-flex-column fusion-flex-align-self-flex-start fusion-column-no-min-height\" style=\"--awb-bg-size:cover;--awb-width-large:33.333333333333%;--awb-margin-top-large:0px;--awb-spacing-right-large:4.365%;--awb-margin-bottom-large:0px;--awb-spacing-left-large:3.88%;--awb-width-medium:33.333333333333%;--awb-spacing-right-medium:4.365%;--awb-spacing-left-medium:3.88%;--awb-width-small:100%;--awb-spacing-right-small:1.455%;--awb-spacing-left-small:1.455%;\"><div class=\"fusion-column-wrapper fusion-flex-justify-content-flex-start fusion-content-layout-column\"><div class=\"fusion-text fusion-text-2\"><h4 data-fontsize=\"13\" data-lineheight=\"20\"><span class=\"notranslate\">T\u00f6m\u00edt\u0151elemeket<\/span><\/h4>\n<ul>\n<li><span class=\"notranslate\">aljzatok<\/span><\/li>\n<li><span class=\"notranslate\">t\u00f6m\u00edt\u00e9sek<\/span><\/li>\n<li><span class=\"notranslate\">rajzsz\u00f6g<\/span><\/li>\n<li><span class=\"notranslate\">lekv\u00e1r<\/span><\/li>\n<li><span class=\"notranslate\">mandzsetta<\/span><\/li>\n<li><span class=\"notranslate\">Seegergy\u0171r\u0171<\/span><\/li>\n<li><span class=\"notranslate\">sapk\u00e1k<\/span><\/li>\n<li><span class=\"notranslate\">rajzsz\u00f6g<\/span><\/li>\n<li><span class=\"notranslate\">szelepek<\/span><\/li>\n<li><span class=\"notranslate\">henger-dugatty\u00fa<\/span><\/li>\n<\/ul>\n<h4 data-fontsize=\"13\" data-lineheight=\"20\"><span class=\"notranslate\">F\u00e9kalkatr\u00e9szek<\/span><\/h4>\n<ul>\n<li><span class=\"notranslate\">Vez\u00e9rl\u0151k\u00e1belek \/ k\u00e1belek<\/span><\/li>\n<li><span class=\"notranslate\">F\u00e9kt\u00f6ml\u0151k \/ ac\u00e9l fonott vonalak<\/span><\/li>\n<li><span class=\"notranslate\">Szerelv\u00e9nyek \/ rug\u00f3k<\/span><\/li>\n<\/ul>\n<\/div><\/div><\/div><\/div><\/div><\/p>\n","protected":false},"excerpt":{"rendered":"","protected":false},"author":4,"featured_media":0,"parent":20462,"menu_order":0,"comment_status":"closed","ping_status":"closed","template":"","meta":{"footnotes":""},"class_list":["post-13274","page","type-page","status-publish","hentry"],"yoast_head":"<!-- This site is optimized with the Yoast SEO Premium plugin v27.3 (Yoast SEO v27.3) - https:\/\/yoast.com\/product\/yoast-seo-premium-wordpress\/ -->\n<title>T\u00f6m\u00edt\u0151elemeket &#171; NB PARTS GmbH<\/title>\n<meta name=\"robots\" content=\"index, follow, max-snippet:-1, max-image-preview:large, max-video-preview:-1\" \/>\n<link rel=\"canonical\" href=\"https:\/\/nb-parts.de\/hu\/gyartas\/toemitoelemeket\/\" \/>\n<meta property=\"og:locale\" content=\"hu_HU\" \/>\n<meta property=\"og:type\" content=\"article\" \/>\n<meta property=\"og:title\" content=\"T\u00f6m\u00edt\u0151elemeket\" \/>\n<meta property=\"og:url\" content=\"https:\/\/nb-parts.de\/hu\/gyartas\/toemitoelemeket\/\" \/>\n<meta property=\"og:site_name\" content=\"NB PARTS GmbH\" \/>\n<meta property=\"article:modified_time\" content=\"2020-08-20T12:08:53+00:00\" \/>\n<meta property=\"og:image\" content=\"https:\/\/nb-parts.de\/wp-content\/uploads\/2017\/04\/NB-parts-zieht-um.jpg\" \/>\n\t<meta property=\"og:image:width\" content=\"713\" \/>\n\t<meta property=\"og:image:height\" content=\"300\" \/>\n\t<meta property=\"og:image:type\" content=\"image\/jpeg\" \/>\n<meta name=\"twitter:label1\" content=\"Becs\u00fclt olvas\u00e1si id\u0151\" \/>\n\t<meta name=\"twitter:data1\" content=\"5 perc\" \/>\n<script type=\"application\/ld+json\" class=\"yoast-schema-graph\">{\"@context\":\"https:\\\/\\\/schema.org\",\"@graph\":[{\"@type\":\"WebPage\",\"@id\":\"https:\\\/\\\/nb-parts.de\\\/hu\\\/gyartas\\\/toemitoelemeket\\\/\",\"url\":\"https:\\\/\\\/nb-parts.de\\\/hu\\\/gyartas\\\/toemitoelemeket\\\/\",\"name\":\"T\u00f6m\u00edt\u0151elemeket &#171; NB PARTS GmbH\",\"isPartOf\":{\"@id\":\"https:\\\/\\\/nb-parts.de\\\/hu\\\/#website\"},\"datePublished\":\"2017-12-13T13:22:35+00:00\",\"dateModified\":\"2020-08-20T12:08:53+00:00\",\"breadcrumb\":{\"@id\":\"https:\\\/\\\/nb-parts.de\\\/hu\\\/gyartas\\\/toemitoelemeket\\\/#breadcrumb\"},\"inLanguage\":\"hu\",\"potentialAction\":[{\"@type\":\"ReadAction\",\"target\":[\"https:\\\/\\\/nb-parts.de\\\/hu\\\/gyartas\\\/toemitoelemeket\\\/\"]}]},{\"@type\":\"BreadcrumbList\",\"@id\":\"https:\\\/\\\/nb-parts.de\\\/hu\\\/gyartas\\\/toemitoelemeket\\\/#breadcrumb\",\"itemListElement\":[{\"@type\":\"ListItem\",\"position\":1,\"name\":\"Startseite\",\"item\":\"https:\\\/\\\/nb-parts.de\\\/hu\\\/\"},{\"@type\":\"ListItem\",\"position\":2,\"name\":\"GY\u00c1RT\u00c1S\",\"item\":\"https:\\\/\\\/nb-parts.de\\\/hu\\\/gyartas\\\/\"},{\"@type\":\"ListItem\",\"position\":3,\"name\":\"T\u00f6m\u00edt\u0151elemeket\"}]},{\"@type\":\"WebSite\",\"@id\":\"https:\\\/\\\/nb-parts.de\\\/hu\\\/#website\",\"url\":\"https:\\\/\\\/nb-parts.de\\\/hu\\\/\",\"name\":\"NB PARTS GmbH\",\"description\":\"Ersatzteile - Aufarbeitung - Fertigung\",\"publisher\":{\"@id\":\"https:\\\/\\\/nb-parts.de\\\/hu\\\/#organization\"},\"potentialAction\":[{\"@type\":\"SearchAction\",\"target\":{\"@type\":\"EntryPoint\",\"urlTemplate\":\"https:\\\/\\\/nb-parts.de\\\/hu\\\/?s={search_term_string}\"},\"query-input\":{\"@type\":\"PropertyValueSpecification\",\"valueRequired\":true,\"valueName\":\"search_term_string\"}}],\"inLanguage\":\"hu\"},{\"@type\":\"Organization\",\"@id\":\"https:\\\/\\\/nb-parts.de\\\/hu\\\/#organization\",\"name\":\"NB PARTS GmbH\",\"url\":\"https:\\\/\\\/nb-parts.de\\\/hu\\\/\",\"logo\":{\"@type\":\"ImageObject\",\"inLanguage\":\"hu\",\"@id\":\"https:\\\/\\\/nb-parts.de\\\/hu\\\/#\\\/schema\\\/logo\\\/image\\\/\",\"url\":\"https:\\\/\\\/nb-parts.de\\\/wp-content\\\/uploads\\\/2021\\\/06\\\/LOGO01.jpg\",\"contentUrl\":\"https:\\\/\\\/nb-parts.de\\\/wp-content\\\/uploads\\\/2021\\\/06\\\/LOGO01.jpg\",\"width\":1000,\"height\":1000,\"caption\":\"NB PARTS GmbH\"},\"image\":{\"@id\":\"https:\\\/\\\/nb-parts.de\\\/hu\\\/#\\\/schema\\\/logo\\\/image\\\/\"},\"sameAs\":[\"https:\\\/\\\/www.youtube.com\\\/watch?v=E_90qxvrVlA\"]}]}<\/script>\n<!-- \/ Yoast SEO Premium plugin. -->","yoast_head_json":{"title":"T\u00f6m\u00edt\u0151elemeket &#171; NB PARTS GmbH","robots":{"index":"index","follow":"follow","max-snippet":"max-snippet:-1","max-image-preview":"max-image-preview:large","max-video-preview":"max-video-preview:-1"},"canonical":"https:\/\/nb-parts.de\/hu\/gyartas\/toemitoelemeket\/","og_locale":"hu_HU","og_type":"article","og_title":"T\u00f6m\u00edt\u0151elemeket","og_url":"https:\/\/nb-parts.de\/hu\/gyartas\/toemitoelemeket\/","og_site_name":"NB PARTS GmbH","article_modified_time":"2020-08-20T12:08:53+00:00","og_image":[{"width":713,"height":300,"url":"https:\/\/nb-parts.de\/wp-content\/uploads\/2017\/04\/NB-parts-zieht-um.jpg","type":"image\/jpeg"}],"twitter_misc":{"Becs\u00fclt olvas\u00e1si id\u0151":"5 perc"},"schema":{"@context":"https:\/\/schema.org","@graph":[{"@type":"WebPage","@id":"https:\/\/nb-parts.de\/hu\/gyartas\/toemitoelemeket\/","url":"https:\/\/nb-parts.de\/hu\/gyartas\/toemitoelemeket\/","name":"T\u00f6m\u00edt\u0151elemeket &#171; NB PARTS GmbH","isPartOf":{"@id":"https:\/\/nb-parts.de\/hu\/#website"},"datePublished":"2017-12-13T13:22:35+00:00","dateModified":"2020-08-20T12:08:53+00:00","breadcrumb":{"@id":"https:\/\/nb-parts.de\/hu\/gyartas\/toemitoelemeket\/#breadcrumb"},"inLanguage":"hu","potentialAction":[{"@type":"ReadAction","target":["https:\/\/nb-parts.de\/hu\/gyartas\/toemitoelemeket\/"]}]},{"@type":"BreadcrumbList","@id":"https:\/\/nb-parts.de\/hu\/gyartas\/toemitoelemeket\/#breadcrumb","itemListElement":[{"@type":"ListItem","position":1,"name":"Startseite","item":"https:\/\/nb-parts.de\/hu\/"},{"@type":"ListItem","position":2,"name":"GY\u00c1RT\u00c1S","item":"https:\/\/nb-parts.de\/hu\/gyartas\/"},{"@type":"ListItem","position":3,"name":"T\u00f6m\u00edt\u0151elemeket"}]},{"@type":"WebSite","@id":"https:\/\/nb-parts.de\/hu\/#website","url":"https:\/\/nb-parts.de\/hu\/","name":"NB PARTS GmbH","description":"Ersatzteile - Aufarbeitung - Fertigung","publisher":{"@id":"https:\/\/nb-parts.de\/hu\/#organization"},"potentialAction":[{"@type":"SearchAction","target":{"@type":"EntryPoint","urlTemplate":"https:\/\/nb-parts.de\/hu\/?s={search_term_string}"},"query-input":{"@type":"PropertyValueSpecification","valueRequired":true,"valueName":"search_term_string"}}],"inLanguage":"hu"},{"@type":"Organization","@id":"https:\/\/nb-parts.de\/hu\/#organization","name":"NB PARTS GmbH","url":"https:\/\/nb-parts.de\/hu\/","logo":{"@type":"ImageObject","inLanguage":"hu","@id":"https:\/\/nb-parts.de\/hu\/#\/schema\/logo\/image\/","url":"https:\/\/nb-parts.de\/wp-content\/uploads\/2021\/06\/LOGO01.jpg","contentUrl":"https:\/\/nb-parts.de\/wp-content\/uploads\/2021\/06\/LOGO01.jpg","width":1000,"height":1000,"caption":"NB PARTS GmbH"},"image":{"@id":"https:\/\/nb-parts.de\/hu\/#\/schema\/logo\/image\/"},"sameAs":["https:\/\/www.youtube.com\/watch?v=E_90qxvrVlA"]}]}},"_links":{"self":[{"href":"https:\/\/nb-parts.de\/hu\/wp-json\/wp\/v2\/pages\/13274","targetHints":{"allow":["GET"]}}],"collection":[{"href":"https:\/\/nb-parts.de\/hu\/wp-json\/wp\/v2\/pages"}],"about":[{"href":"https:\/\/nb-parts.de\/hu\/wp-json\/wp\/v2\/types\/page"}],"author":[{"embeddable":true,"href":"https:\/\/nb-parts.de\/hu\/wp-json\/wp\/v2\/users\/4"}],"replies":[{"embeddable":true,"href":"https:\/\/nb-parts.de\/hu\/wp-json\/wp\/v2\/comments?post=13274"}],"version-history":[{"count":0,"href":"https:\/\/nb-parts.de\/hu\/wp-json\/wp\/v2\/pages\/13274\/revisions"}],"up":[{"embeddable":true,"href":"https:\/\/nb-parts.de\/hu\/wp-json\/wp\/v2\/pages\/20462"}],"wp:attachment":[{"href":"https:\/\/nb-parts.de\/hu\/wp-json\/wp\/v2\/media?parent=13274"}],"curies":[{"name":"wp","href":"https:\/\/api.w.org\/{rel}","templated":true}]}}