{"id":13326,"date":"2017-12-13T13:54:09","date_gmt":"2017-12-13T12:54:09","guid":{"rendered":"https:\/\/nb-parts.de\/passenger-cars\/"},"modified":"2020-08-20T14:08:07","modified_gmt":"2020-08-20T12:08:07","slug":"szemelyszallito-jarmuvek","status":"publish","type":"page","link":"https:\/\/nb-parts.de\/hu\/alkatreszek\/szemelyszallito-jarmuvek\/","title":{"rendered":"Szem\u00e9lysz\u00e1ll\u00edt\u00f3 j\u00e1rm\u0171vek"},"content":{"rendered":"<p><div class=\"fusion-fullwidth fullwidth-box fusion-builder-row-1 fusion-flex-container nonhundred-percent-fullwidth non-hundred-percent-height-scrolling\" style=\"--awb-border-radius-top-left:0px;--awb-border-radius-top-right:0px;--awb-border-radius-bottom-right:0px;--awb-border-radius-bottom-left:0px;--awb-flex-wrap:wrap;\" ><div class=\"fusion-builder-row fusion-row fusion-flex-align-items-flex-start fusion-flex-content-wrap\" style=\"max-width:calc( 999px + 0px );margin-left: calc(-0px \/ 2 );margin-right: calc(-0px \/ 2 );\"><div class=\"fusion-layout-column fusion_builder_column fusion-builder-column-0 fusion_builder_column_1_1 1_1 fusion-flex-column\" style=\"--awb-bg-size:cover;--awb-width-large:100%;--awb-margin-top-large:0px;--awb-spacing-right-large:0px;--awb-margin-bottom-large:11px;--awb-spacing-left-large:0px;--awb-width-medium:100%;--awb-spacing-right-medium:0px;--awb-spacing-left-medium:0px;--awb-width-small:100%;--awb-spacing-right-small:0px;--awb-spacing-left-small:0px;\"><div class=\"fusion-column-wrapper fusion-flex-justify-content-flex-start fusion-content-layout-column\"><div class=\"fusion-image-element \" style=\"--awb-bottom-shadow-color:rgba(0,0,0,0.4);--awb-caption-title-font-family:var(--h2_typography-font-family);--awb-caption-title-font-weight:var(--h2_typography-font-weight);--awb-caption-title-font-style:var(--h2_typography-font-style);--awb-caption-title-size:var(--h2_typography-font-size);--awb-caption-title-transform:var(--h2_typography-text-transform);--awb-caption-title-line-height:var(--h2_typography-line-height);--awb-caption-title-letter-spacing:var(--h2_typography-letter-spacing);\"><div class=\"awb-image-frame awb-image-frame-1 awb-bottomshadow\"><span class=\" fusion-imageframe imageframe-bottomshadow imageframe-1 hover-type-none\"><img decoding=\"async\" width=\"768\" height=\"200\" title=\"visual_pkwfahrzeuge\" src=\"https:\/\/nb-parts.de\/wp-content\/uploads\/2017\/12\/visual_pkwfahrzeuge.jpg\" alt class=\"img-responsive wp-image-11943\" srcset=\"https:\/\/nb-parts.de\/wp-content\/uploads\/2017\/12\/visual_pkwfahrzeuge-200x52.jpg 200w, https:\/\/nb-parts.de\/wp-content\/uploads\/2017\/12\/visual_pkwfahrzeuge-400x104.jpg 400w, https:\/\/nb-parts.de\/wp-content\/uploads\/2017\/12\/visual_pkwfahrzeuge-600x156.jpg 600w, https:\/\/nb-parts.de\/wp-content\/uploads\/2017\/12\/visual_pkwfahrzeuge.jpg 768w\" sizes=\"(max-width: 640px) 100vw, 768px\" \/><\/span><svg xmlns=\"http:\/\/www.w3.org\/2000\/svg\" version=\"1.1\" width=\"100%\" viewBox=\"0 0 600 28\" preserveAspectRatio=\"none\"><g clip-path=\"url(#a)\"><mask id=\"b\" style=\"mask-type:luminance\" maskUnits=\"userSpaceOnUse\" x=\"0\" y=\"0\" width=\"600\" height=\"28\"><path d=\"M0 0h600v28H0V0Z\" fill=\"#fff\"\/><\/mask><g filter=\"url(#c)\" mask=\"url(#b)\"><path d=\"M16.439-18.667h567.123v30.8S438.961-8.4 300-8.4C161.04-8.4 16.438 12.133 16.438 12.133v-30.8Z\" fill=\"#000\"\/><\/g><\/g><defs><clipPath id=\"a\"><path fill=\"#fff\" d=\"M0 0h600v28H0z\"\/><\/clipPath><filter id=\"c\" x=\"5.438\" y=\"-29.667\" width=\"589.123\" height=\"52.8\" filterUnits=\"userSpaceOnUse\" color-interpolation-filters=\"sRGB\"><feFlood flood-opacity=\"0\" result=\"BackgroundImageFix\"\/><feBlend in=\"SourceGraphic\" in2=\"BackgroundImageFix\" result=\"shape\"\/><feGaussianBlur stdDeviation=\"5.5\" result=\"effect1_foregroundBlur_3983_183\"\/><\/filter><\/defs><\/svg><\/div><\/div><\/div><\/div><\/div><\/div><div class=\"fusion-fullwidth fullwidth-box fusion-builder-row-2 fusion-flex-container nonhundred-percent-fullwidth non-hundred-percent-height-scrolling\" style=\"--awb-background-position:left top;--awb-background-repeat:repeat;--awb-border-sizes-top:0px;--awb-border-sizes-bottom:0px;--awb-border-sizes-left:0px;--awb-border-sizes-right:0px;--awb-border-radius-top-left:0px;--awb-border-radius-top-right:0px;--awb-border-radius-bottom-right:0px;--awb-border-radius-bottom-left:0px;--awb-padding-top:22px;--awb-flex-wrap:wrap;\" ><div class=\"fusion-builder-row fusion-row fusion-flex-align-items-flex-start fusion-flex-content-wrap\" style=\"max-width:1028.97px;margin-left: calc(-3% \/ 2 );margin-right: calc(-3% \/ 2 );\"><div class=\"fusion-layout-column fusion_builder_column fusion-builder-column-1 fusion_builder_column_1_3 1_3 fusion-flex-column fusion-flex-align-self-flex-start fusion-column-no-min-height\" style=\"--awb-bg-size:cover;--awb-width-large:33.333333333333%;--awb-margin-top-large:0px;--awb-spacing-right-large:5.82%;--awb-margin-bottom-large:0px;--awb-spacing-left-large:4.365%;--awb-width-medium:33.333333333333%;--awb-spacing-right-medium:5.82%;--awb-spacing-left-medium:4.365%;--awb-width-small:100%;--awb-spacing-right-small:1.455%;--awb-spacing-left-small:1.455%;\"><div class=\"fusion-column-wrapper fusion-flex-justify-content-flex-start fusion-content-layout-column\"><div class=\"fusion-text fusion-text-1\"><p><span class=\"notranslate\">Eredeti, azonos vagy Nachbauteile<\/span><\/p>\n<h4 data-fontsize=\"13\" data-lineheight=\"16\"><span class=\"notranslate\">A J\u00c1RM\u0170VEKRE:<\/span><\/h4>\n<p><span class=\"notranslate\">F\u00e9kpof\u00e1k, f\u00e9kbet\u00e9tek, f\u00e9kdobok, f\u00e9kt\u00e1rcs\u00e1k, f\u00e9khengerek, szenzorok, rug\u00f3s k\u00e9szletek, r\u00f6gz\u00edt\u0151 k\u00e9szletek, tengelykapcsol\u00f3k, leng\u00e9scsillap\u00edt\u00f3k, hidraulikus szerelv\u00e9nyek<\/span><\/p>\n<h4 data-fontsize=\"13\" data-lineheight=\"16\"><span class=\"notranslate\">A CARS IN SPORT VERSION:<\/span><\/h4>\n<p><span class=\"notranslate\">Sportf\u00e9kbet\u00e9tek (utcai j\u00f3v\u00e1hagy\u00e1ssal \/ an\u00e9lk\u00fcl),<\/span><br \/>\n<span class=\"notranslate\">F\u00e9kt\u00e1rcs\u00e1k (perfor\u00e1lt, hornyolt, lebeg\u0151),<\/span><br \/>\n<span class=\"notranslate\">Sport kuplung szinterezett v\u00e1ltozatban<\/span><\/p>\n<\/div><\/div><\/div><div class=\"fusion-layout-column fusion_builder_column fusion-builder-column-2 fusion_builder_column_1_3 1_3 fusion-flex-column fusion-flex-align-self-flex-start fusion-column-no-min-height\" style=\"--awb-bg-size:cover;--awb-width-large:33.333333333333%;--awb-margin-top-large:0px;--awb-spacing-right-large:5.82%;--awb-margin-bottom-large:0px;--awb-spacing-left-large:5.82%;--awb-width-medium:33.333333333333%;--awb-spacing-right-medium:5.82%;--awb-spacing-left-medium:5.82%;--awb-width-small:100%;--awb-spacing-right-small:1.455%;--awb-spacing-left-small:1.455%;\"><div class=\"fusion-column-wrapper fusion-flex-justify-content-flex-start fusion-content-layout-column\"><div class=\"fusion-text fusion-text-2\"><div class=\"ERSTES_DRITTEL\">\n<p><span class=\"notranslate\">F\u00e9kalkatr\u00e9szek gy\u00e1rt\u00e1sa<\/span><\/p>\n<h4 data-fontsize=\"13\" data-lineheight=\"16\"><span class=\"notranslate\">EL\u0150K\u00c9SZ\u00cdT\u00c9SE:<\/span><\/h4>\n<p><span class=\"notranslate\">F\u00e9kt\u00f6ml\u0151k, f\u00e9kpof\u00e1k, f\u00e9kbet\u00e9tek, f\u00e9khengerek<\/span><\/p>\n<\/div>\n<\/div><\/div><\/div><div class=\"fusion-layout-column fusion_builder_column fusion-builder-column-3 fusion_builder_column_1_3 1_3 fusion-flex-column fusion-flex-align-self-flex-start fusion-column-no-min-height\" style=\"--awb-bg-size:cover;--awb-width-large:33.333333333333%;--awb-margin-top-large:0px;--awb-spacing-right-large:4.365%;--awb-margin-bottom-large:0px;--awb-spacing-left-large:5.82%;--awb-width-medium:33.333333333333%;--awb-spacing-right-medium:4.365%;--awb-spacing-left-medium:5.82%;--awb-width-small:100%;--awb-spacing-right-small:1.455%;--awb-spacing-left-small:1.455%;\"><div class=\"fusion-column-wrapper fusion-flex-justify-content-flex-start fusion-content-layout-column\"><div class=\"fusion-text fusion-text-3\"><p><span class=\"notranslate\">Kop\u00f3 alkatr\u00e9szek feldolgoz\u00e1sa<\/span><\/p>\n<h4 data-fontsize=\"13\" data-lineheight=\"16\"><span class=\"notranslate\">JAV\u00cdT\u00c1S:<\/span><\/h4>\n<p><span class=\"notranslate\">F\u00e9kpof\u00e1k, f\u00e9khengerek<\/span><\/p>\n<\/div><\/div><\/div><\/div><\/div><\/p>\n","protected":false},"excerpt":{"rendered":"","protected":false},"author":4,"featured_media":0,"parent":20478,"menu_order":0,"comment_status":"closed","ping_status":"closed","template":"","meta":{"footnotes":""},"class_list":["post-13326","page","type-page","status-publish","hentry"],"yoast_head":"<!-- This site is optimized with the Yoast SEO Premium plugin v27.3 (Yoast SEO v27.3) - https:\/\/yoast.com\/product\/yoast-seo-premium-wordpress\/ -->\n<title>Szem\u00e9lysz\u00e1ll\u00edt\u00f3 j\u00e1rm\u0171vek &#171; NB PARTS GmbH<\/title>\n<meta name=\"robots\" content=\"index, follow, max-snippet:-1, max-image-preview:large, max-video-preview:-1\" \/>\n<link rel=\"canonical\" href=\"https:\/\/nb-parts.de\/hu\/alkatreszek\/szemelyszallito-jarmuvek\/\" \/>\n<meta property=\"og:locale\" content=\"hu_HU\" \/>\n<meta property=\"og:type\" content=\"article\" \/>\n<meta property=\"og:title\" content=\"Szem\u00e9lysz\u00e1ll\u00edt\u00f3 j\u00e1rm\u0171vek\" \/>\n<meta property=\"og:url\" content=\"https:\/\/nb-parts.de\/hu\/alkatreszek\/szemelyszallito-jarmuvek\/\" \/>\n<meta property=\"og:site_name\" content=\"NB PARTS GmbH\" \/>\n<meta property=\"article:modified_time\" content=\"2020-08-20T12:08:07+00:00\" \/>\n<meta property=\"og:image\" content=\"https:\/\/nb-parts.de\/wp-content\/uploads\/2017\/04\/NB-parts-zieht-um.jpg\" \/>\n\t<meta property=\"og:image:width\" content=\"713\" \/>\n\t<meta property=\"og:image:height\" content=\"300\" \/>\n\t<meta property=\"og:image:type\" content=\"image\/jpeg\" \/>\n<meta name=\"twitter:label1\" content=\"Becs\u00fclt olvas\u00e1si id\u0151\" \/>\n\t<meta name=\"twitter:data1\" content=\"4 perc\" \/>\n<script type=\"application\/ld+json\" class=\"yoast-schema-graph\">{\"@context\":\"https:\\\/\\\/schema.org\",\"@graph\":[{\"@type\":\"WebPage\",\"@id\":\"https:\\\/\\\/nb-parts.de\\\/hu\\\/alkatreszek\\\/szemelyszallito-jarmuvek\\\/\",\"url\":\"https:\\\/\\\/nb-parts.de\\\/hu\\\/alkatreszek\\\/szemelyszallito-jarmuvek\\\/\",\"name\":\"Szem\u00e9lysz\u00e1ll\u00edt\u00f3 j\u00e1rm\u0171vek &#171; NB PARTS GmbH\",\"isPartOf\":{\"@id\":\"https:\\\/\\\/nb-parts.de\\\/hu\\\/#website\"},\"datePublished\":\"2017-12-13T12:54:09+00:00\",\"dateModified\":\"2020-08-20T12:08:07+00:00\",\"breadcrumb\":{\"@id\":\"https:\\\/\\\/nb-parts.de\\\/hu\\\/alkatreszek\\\/szemelyszallito-jarmuvek\\\/#breadcrumb\"},\"inLanguage\":\"hu\",\"potentialAction\":[{\"@type\":\"ReadAction\",\"target\":[\"https:\\\/\\\/nb-parts.de\\\/hu\\\/alkatreszek\\\/szemelyszallito-jarmuvek\\\/\"]}]},{\"@type\":\"BreadcrumbList\",\"@id\":\"https:\\\/\\\/nb-parts.de\\\/hu\\\/alkatreszek\\\/szemelyszallito-jarmuvek\\\/#breadcrumb\",\"itemListElement\":[{\"@type\":\"ListItem\",\"position\":1,\"name\":\"Startseite\",\"item\":\"https:\\\/\\\/nb-parts.de\\\/hu\\\/\"},{\"@type\":\"ListItem\",\"position\":2,\"name\":\"ALKATR\u00c9SZEK\",\"item\":\"https:\\\/\\\/nb-parts.de\\\/hu\\\/alkatreszek\\\/\"},{\"@type\":\"ListItem\",\"position\":3,\"name\":\"Szem\u00e9lysz\u00e1ll\u00edt\u00f3 j\u00e1rm\u0171vek\"}]},{\"@type\":\"WebSite\",\"@id\":\"https:\\\/\\\/nb-parts.de\\\/hu\\\/#website\",\"url\":\"https:\\\/\\\/nb-parts.de\\\/hu\\\/\",\"name\":\"NB PARTS GmbH\",\"description\":\"Ersatzteile - Aufarbeitung - Fertigung\",\"publisher\":{\"@id\":\"https:\\\/\\\/nb-parts.de\\\/hu\\\/#organization\"},\"potentialAction\":[{\"@type\":\"SearchAction\",\"target\":{\"@type\":\"EntryPoint\",\"urlTemplate\":\"https:\\\/\\\/nb-parts.de\\\/hu\\\/?s={search_term_string}\"},\"query-input\":{\"@type\":\"PropertyValueSpecification\",\"valueRequired\":true,\"valueName\":\"search_term_string\"}}],\"inLanguage\":\"hu\"},{\"@type\":\"Organization\",\"@id\":\"https:\\\/\\\/nb-parts.de\\\/hu\\\/#organization\",\"name\":\"NB PARTS GmbH\",\"url\":\"https:\\\/\\\/nb-parts.de\\\/hu\\\/\",\"logo\":{\"@type\":\"ImageObject\",\"inLanguage\":\"hu\",\"@id\":\"https:\\\/\\\/nb-parts.de\\\/hu\\\/#\\\/schema\\\/logo\\\/image\\\/\",\"url\":\"https:\\\/\\\/nb-parts.de\\\/wp-content\\\/uploads\\\/2021\\\/06\\\/LOGO01.jpg\",\"contentUrl\":\"https:\\\/\\\/nb-parts.de\\\/wp-content\\\/uploads\\\/2021\\\/06\\\/LOGO01.jpg\",\"width\":1000,\"height\":1000,\"caption\":\"NB PARTS GmbH\"},\"image\":{\"@id\":\"https:\\\/\\\/nb-parts.de\\\/hu\\\/#\\\/schema\\\/logo\\\/image\\\/\"},\"sameAs\":[\"https:\\\/\\\/www.youtube.com\\\/watch?v=E_90qxvrVlA\"]}]}<\/script>\n<!-- \/ Yoast SEO Premium plugin. -->","yoast_head_json":{"title":"Szem\u00e9lysz\u00e1ll\u00edt\u00f3 j\u00e1rm\u0171vek &#171; NB PARTS GmbH","robots":{"index":"index","follow":"follow","max-snippet":"max-snippet:-1","max-image-preview":"max-image-preview:large","max-video-preview":"max-video-preview:-1"},"canonical":"https:\/\/nb-parts.de\/hu\/alkatreszek\/szemelyszallito-jarmuvek\/","og_locale":"hu_HU","og_type":"article","og_title":"Szem\u00e9lysz\u00e1ll\u00edt\u00f3 j\u00e1rm\u0171vek","og_url":"https:\/\/nb-parts.de\/hu\/alkatreszek\/szemelyszallito-jarmuvek\/","og_site_name":"NB PARTS GmbH","article_modified_time":"2020-08-20T12:08:07+00:00","og_image":[{"width":713,"height":300,"url":"https:\/\/nb-parts.de\/wp-content\/uploads\/2017\/04\/NB-parts-zieht-um.jpg","type":"image\/jpeg"}],"twitter_misc":{"Becs\u00fclt olvas\u00e1si id\u0151":"4 perc"},"schema":{"@context":"https:\/\/schema.org","@graph":[{"@type":"WebPage","@id":"https:\/\/nb-parts.de\/hu\/alkatreszek\/szemelyszallito-jarmuvek\/","url":"https:\/\/nb-parts.de\/hu\/alkatreszek\/szemelyszallito-jarmuvek\/","name":"Szem\u00e9lysz\u00e1ll\u00edt\u00f3 j\u00e1rm\u0171vek &#171; NB PARTS GmbH","isPartOf":{"@id":"https:\/\/nb-parts.de\/hu\/#website"},"datePublished":"2017-12-13T12:54:09+00:00","dateModified":"2020-08-20T12:08:07+00:00","breadcrumb":{"@id":"https:\/\/nb-parts.de\/hu\/alkatreszek\/szemelyszallito-jarmuvek\/#breadcrumb"},"inLanguage":"hu","potentialAction":[{"@type":"ReadAction","target":["https:\/\/nb-parts.de\/hu\/alkatreszek\/szemelyszallito-jarmuvek\/"]}]},{"@type":"BreadcrumbList","@id":"https:\/\/nb-parts.de\/hu\/alkatreszek\/szemelyszallito-jarmuvek\/#breadcrumb","itemListElement":[{"@type":"ListItem","position":1,"name":"Startseite","item":"https:\/\/nb-parts.de\/hu\/"},{"@type":"ListItem","position":2,"name":"ALKATR\u00c9SZEK","item":"https:\/\/nb-parts.de\/hu\/alkatreszek\/"},{"@type":"ListItem","position":3,"name":"Szem\u00e9lysz\u00e1ll\u00edt\u00f3 j\u00e1rm\u0171vek"}]},{"@type":"WebSite","@id":"https:\/\/nb-parts.de\/hu\/#website","url":"https:\/\/nb-parts.de\/hu\/","name":"NB PARTS GmbH","description":"Ersatzteile - Aufarbeitung - Fertigung","publisher":{"@id":"https:\/\/nb-parts.de\/hu\/#organization"},"potentialAction":[{"@type":"SearchAction","target":{"@type":"EntryPoint","urlTemplate":"https:\/\/nb-parts.de\/hu\/?s={search_term_string}"},"query-input":{"@type":"PropertyValueSpecification","valueRequired":true,"valueName":"search_term_string"}}],"inLanguage":"hu"},{"@type":"Organization","@id":"https:\/\/nb-parts.de\/hu\/#organization","name":"NB PARTS GmbH","url":"https:\/\/nb-parts.de\/hu\/","logo":{"@type":"ImageObject","inLanguage":"hu","@id":"https:\/\/nb-parts.de\/hu\/#\/schema\/logo\/image\/","url":"https:\/\/nb-parts.de\/wp-content\/uploads\/2021\/06\/LOGO01.jpg","contentUrl":"https:\/\/nb-parts.de\/wp-content\/uploads\/2021\/06\/LOGO01.jpg","width":1000,"height":1000,"caption":"NB PARTS GmbH"},"image":{"@id":"https:\/\/nb-parts.de\/hu\/#\/schema\/logo\/image\/"},"sameAs":["https:\/\/www.youtube.com\/watch?v=E_90qxvrVlA"]}]}},"_links":{"self":[{"href":"https:\/\/nb-parts.de\/hu\/wp-json\/wp\/v2\/pages\/13326","targetHints":{"allow":["GET"]}}],"collection":[{"href":"https:\/\/nb-parts.de\/hu\/wp-json\/wp\/v2\/pages"}],"about":[{"href":"https:\/\/nb-parts.de\/hu\/wp-json\/wp\/v2\/types\/page"}],"author":[{"embeddable":true,"href":"https:\/\/nb-parts.de\/hu\/wp-json\/wp\/v2\/users\/4"}],"replies":[{"embeddable":true,"href":"https:\/\/nb-parts.de\/hu\/wp-json\/wp\/v2\/comments?post=13326"}],"version-history":[{"count":0,"href":"https:\/\/nb-parts.de\/hu\/wp-json\/wp\/v2\/pages\/13326\/revisions"}],"up":[{"embeddable":true,"href":"https:\/\/nb-parts.de\/hu\/wp-json\/wp\/v2\/pages\/20478"}],"wp:attachment":[{"href":"https:\/\/nb-parts.de\/hu\/wp-json\/wp\/v2\/media?parent=13326"}],"curies":[{"name":"wp","href":"https:\/\/api.w.org\/{rel}","templated":true}]}}