{"id":13332,"date":"2017-12-13T14:00:26","date_gmt":"2017-12-13T13:00:26","guid":{"rendered":"https:\/\/nb-parts.de\/cycles-bikes-quads\/"},"modified":"2020-08-20T14:06:22","modified_gmt":"2020-08-20T12:06:22","slug":"kerekpar-quad-jarmuvek","status":"publish","type":"page","link":"https:\/\/nb-parts.de\/hu\/alkatreszek\/kerekpar-quad-jarmuvek\/","title":{"rendered":"Ker\u00e9kp\u00e1r \/ quad j\u00e1rm\u0171vek"},"content":{"rendered":"<p><div class=\"fusion-fullwidth fullwidth-box fusion-builder-row-1 fusion-flex-container nonhundred-percent-fullwidth non-hundred-percent-height-scrolling\" style=\"--awb-border-radius-top-left:0px;--awb-border-radius-top-right:0px;--awb-border-radius-bottom-right:0px;--awb-border-radius-bottom-left:0px;--awb-flex-wrap:wrap;\" ><div class=\"fusion-builder-row fusion-row fusion-flex-align-items-flex-start fusion-flex-content-wrap\" style=\"max-width:calc( 999px + 0px );margin-left: calc(-0px \/ 2 );margin-right: calc(-0px \/ 2 );\"><div class=\"fusion-layout-column fusion_builder_column fusion-builder-column-0 fusion_builder_column_1_1 1_1 fusion-flex-column\" style=\"--awb-bg-size:cover;--awb-width-large:100%;--awb-margin-top-large:0px;--awb-spacing-right-large:0px;--awb-margin-bottom-large:11px;--awb-spacing-left-large:0px;--awb-width-medium:100%;--awb-spacing-right-medium:0px;--awb-spacing-left-medium:0px;--awb-width-small:100%;--awb-spacing-right-small:0px;--awb-spacing-left-small:0px;\"><div class=\"fusion-column-wrapper fusion-flex-justify-content-flex-start fusion-content-layout-column\"><div class=\"fusion-image-element \" style=\"--awb-bottom-shadow-color:rgba(0,0,0,0.4);--awb-caption-title-font-family:var(--h2_typography-font-family);--awb-caption-title-font-weight:var(--h2_typography-font-weight);--awb-caption-title-font-style:var(--h2_typography-font-style);--awb-caption-title-size:var(--h2_typography-font-size);--awb-caption-title-transform:var(--h2_typography-text-transform);--awb-caption-title-line-height:var(--h2_typography-line-height);--awb-caption-title-letter-spacing:var(--h2_typography-letter-spacing);\"><div class=\"awb-image-frame awb-image-frame-1 awb-bottomshadow\"><span class=\" fusion-imageframe imageframe-bottomshadow imageframe-1 hover-type-none\"><img decoding=\"async\" width=\"768\" height=\"200\" title=\"visual_bike_fahrzeuge\" src=\"https:\/\/nb-parts.de\/wp-content\/uploads\/2017\/12\/visual_bike_fahrzeuge.jpg\" alt class=\"img-responsive wp-image-11935\" srcset=\"https:\/\/nb-parts.de\/wp-content\/uploads\/2017\/12\/visual_bike_fahrzeuge-200x52.jpg 200w, https:\/\/nb-parts.de\/wp-content\/uploads\/2017\/12\/visual_bike_fahrzeuge-400x104.jpg 400w, https:\/\/nb-parts.de\/wp-content\/uploads\/2017\/12\/visual_bike_fahrzeuge-600x156.jpg 600w, https:\/\/nb-parts.de\/wp-content\/uploads\/2017\/12\/visual_bike_fahrzeuge.jpg 768w\" sizes=\"(max-width: 640px) 100vw, 768px\" \/><\/span><svg xmlns=\"http:\/\/www.w3.org\/2000\/svg\" version=\"1.1\" width=\"100%\" viewBox=\"0 0 600 28\" preserveAspectRatio=\"none\"><g clip-path=\"url(#a)\"><mask id=\"b\" style=\"mask-type:luminance\" maskUnits=\"userSpaceOnUse\" x=\"0\" y=\"0\" width=\"600\" height=\"28\"><path d=\"M0 0h600v28H0V0Z\" fill=\"#fff\"\/><\/mask><g filter=\"url(#c)\" mask=\"url(#b)\"><path d=\"M16.439-18.667h567.123v30.8S438.961-8.4 300-8.4C161.04-8.4 16.438 12.133 16.438 12.133v-30.8Z\" fill=\"#000\"\/><\/g><\/g><defs><clipPath id=\"a\"><path fill=\"#fff\" d=\"M0 0h600v28H0z\"\/><\/clipPath><filter id=\"c\" x=\"5.438\" y=\"-29.667\" width=\"589.123\" height=\"52.8\" filterUnits=\"userSpaceOnUse\" color-interpolation-filters=\"sRGB\"><feFlood flood-opacity=\"0\" result=\"BackgroundImageFix\"\/><feBlend in=\"SourceGraphic\" in2=\"BackgroundImageFix\" result=\"shape\"\/><feGaussianBlur stdDeviation=\"5.5\" result=\"effect1_foregroundBlur_3983_183\"\/><\/filter><\/defs><\/svg><\/div><\/div><\/div><\/div><\/div><\/div><div class=\"fusion-fullwidth fullwidth-box fusion-builder-row-2 fusion-flex-container nonhundred-percent-fullwidth non-hundred-percent-height-scrolling\" style=\"--awb-background-position:left top;--awb-background-repeat:repeat;--awb-border-sizes-top:0px;--awb-border-sizes-bottom:0px;--awb-border-sizes-left:0px;--awb-border-sizes-right:0px;--awb-border-radius-top-left:0px;--awb-border-radius-top-right:0px;--awb-border-radius-bottom-right:0px;--awb-border-radius-bottom-left:0px;--awb-padding-top:22px;--awb-flex-wrap:wrap;\" ><div class=\"fusion-builder-row fusion-row fusion-flex-align-items-flex-start fusion-flex-content-wrap\" style=\"max-width:1028.97px;margin-left: calc(-3% \/ 2 );margin-right: calc(-3% \/ 2 );\"><div class=\"fusion-layout-column fusion_builder_column fusion-builder-column-1 fusion_builder_column_1_3 1_3 fusion-flex-column fusion-flex-align-self-flex-start fusion-column-no-min-height\" style=\"--awb-bg-size:cover;--awb-width-large:33.333333333333%;--awb-margin-top-large:0px;--awb-spacing-right-large:5.82%;--awb-margin-bottom-large:0px;--awb-spacing-left-large:4.365%;--awb-width-medium:33.333333333333%;--awb-spacing-right-medium:5.82%;--awb-spacing-left-medium:4.365%;--awb-width-small:100%;--awb-spacing-right-small:1.455%;--awb-spacing-left-small:1.455%;\"><div class=\"fusion-column-wrapper fusion-flex-justify-content-flex-start fusion-content-layout-column\"><div class=\"fusion-text fusion-text-1\"><p><span class=\"notranslate\">Eredeti, azonos vagy Nachbauteile<\/span><\/p>\n<h4 data-fontsize=\"13\" data-lineheight=\"20\"><span class=\"notranslate\">A BICIKL\u00d3KHOZ:<\/span><\/h4>\n<p><span class=\"notranslate\">F\u00e9kbet\u00e9tek, Bowden k\u00e1belek, f\u00e9knyeregek, f\u00e9kt\u00e1rcs\u00e1k, fonott ac\u00e9lhuzalok, f\u00e9kkarok<\/span><\/p>\n<h4 data-fontsize=\"13\" data-lineheight=\"20\"><span class=\"notranslate\">P\u00d3TALKATR\u00c9SZEK A BRANDOK BIKERF\u00c9KRENDSZEREINEK:<\/span><\/h4>\n<ul>\n<li><span class=\"notranslate\">Ball Bearing<\/span><\/li>\n<li><span class=\"notranslate\">Clarke<\/span><\/li>\n<li><span class=\"notranslate\">Coda (Cannondale)<\/span><\/li>\n<li><span class=\"notranslate\">Diatech<\/span><\/li>\n<li><span class=\"notranslate\">Eberle<\/span><\/li>\n<li><span class=\"notranslate\">Formula Hydraulic<\/span><\/li>\n<li><span class=\"notranslate\">Gemini<\/span><\/li>\n<li><span class=\"notranslate\">Giant<\/span><\/li>\n<li><span class=\"notranslate\">Grimeca<\/span><\/li>\n<li><span class=\"notranslate\">Hayes<\/span><\/li>\n<li><span class=\"notranslate\">Hayes Promax HFX<\/span><\/li>\n<li><span class=\"notranslate\">Hope Technology<\/span><\/li>\n<li><span class=\"notranslate\">Hope Trials<\/span><\/li>\n<li><span class=\"notranslate\">Joytech<\/span><\/li>\n<li><span class=\"notranslate\">Magura<\/span><\/li>\n<li><span class=\"notranslate\">Nifon Mechanical<\/span><\/li>\n<li><span class=\"notranslate\">Novela<\/span><\/li>\n<li><span class=\"notranslate\">Promax<\/span><\/li>\n<li><span class=\"notranslate\">Pro Shop<\/span><\/li>\n<li><span class=\"notranslate\">Rock Shox &amp; AMP<\/span><\/li>\n<li><span class=\"notranslate\">RST Mechanical<\/span><\/li>\n<li><span class=\"notranslate\">Shimano<\/span><\/li>\n<li><span class=\"notranslate\">Suntour<\/span><\/li>\n<li><span class=\"notranslate\">Tektro<\/span><\/li>\n<li><span class=\"notranslate\">Voxa<\/span><\/li>\n<\/ul>\n<\/div><\/div><\/div><div class=\"fusion-layout-column fusion_builder_column fusion-builder-column-2 fusion_builder_column_1_3 1_3 fusion-flex-column fusion-flex-align-self-flex-start fusion-column-no-min-height\" style=\"--awb-bg-size:cover;--awb-width-large:33.333333333333%;--awb-margin-top-large:0px;--awb-spacing-right-large:5.82%;--awb-margin-bottom-large:0px;--awb-spacing-left-large:5.82%;--awb-width-medium:33.333333333333%;--awb-spacing-right-medium:5.82%;--awb-spacing-left-medium:5.82%;--awb-width-small:100%;--awb-spacing-right-small:1.455%;--awb-spacing-left-small:1.455%;\"><div class=\"fusion-column-wrapper fusion-flex-justify-content-flex-start fusion-content-layout-column\"><div class=\"fusion-text fusion-text-2\"><div class=\"ERSTES_DRITTEL\">\n<p><span class=\"notranslate\">Eredeti, azonos vagy Nachbauteile<\/span><\/p>\n<h4 data-fontsize=\"13\" data-lineheight=\"20\"><span class=\"notranslate\">MOTORKER\u00c9KP\u00c1R \u00c9S QUAD &#8211; ATV:<\/span><\/h4>\n<p><span class=\"notranslate\">F\u00e9kbet\u00e9tek, Bowden k\u00e1belek, f\u00e9knyeregek, f\u00e9kt\u00e1rcs\u00e1k, fonott ac\u00e9lhuzalok, f\u00e9kkarok<\/span><\/p>\n<h4 data-fontsize=\"13\" data-lineheight=\"20\"><span class=\"notranslate\">P\u00d3TALKATR\u00c9SZEK A MOTORKER\u00c9KP\u00c1ROK \u00c9S A QUAD MODELLEKRE:<\/span><\/h4>\n<ul>\n<li>ACCOSSATO<\/li>\n<li>ADLY<\/li>\n<li>AEON<\/li>\n<li>AJP<\/li>\n<li>ALFER<\/li>\n<li>ANCILLOTTI<\/li>\n<li>APRILIA<\/li>\n<li>ARMSTRONG<\/li>\n<li>ATALA<\/li>\n<li>ARCTIC CAT<\/li>\n<li>BAOTAIN<\/li>\n<li>BAJAJ<\/li>\n<li>BAROSSA<\/li>\n<li>BENELLI<\/li>\n<li>BETA<\/li>\n<li>BIMOTA<\/li>\n<li>BLANEY<\/li>\n<li>BLATA<\/li>\n<li>BMW<\/li>\n<li>BORILE<\/li>\n<li>BRANSON<\/li>\n<li>BSA<\/li>\n<li>BSM<\/li>\n<li>BOMBARDIER\/BRP<\/li>\n<li>BULTACO<\/li>\n<li>CAGIVA<\/li>\n<li>CAN AM<\/li>\n<li>CANNONDALE<\/li>\n<li>CASAL<\/li>\n<li>CCM<\/li>\n<li>C H RACING<\/li>\n<li>CIMATTI<\/li>\n<li>CONTI<\/li>\n<li>CPI<\/li>\n<li>CQR<\/li>\n<li>CSR<\/li>\n<li>C.Z.\/JAWA<\/li>\n<li>DAELIM<\/li>\n<li>DERBI<\/li>\n<li>DUCATI<\/li>\n<li>EASY RIDER<\/li>\n<li>ECO<\/li>\n<li>ELSTARS<\/li>\n<li>E-MAX<\/li>\n<li>E-TON<\/li>\n<li>EXPLORER<\/li>\n<li>FACTORY<\/li>\n<li>FANTIC<\/li>\n<li>FB MINARELLI<\/li>\n<li>FONTA<\/li>\n<li>FYM\/X-SPORT<\/li>\n<li>GARELLI<\/li>\n<li>GAS-GAS<\/li>\n<li>GENERIC<\/li>\n<li>GILERA<\/li>\n<li>GOES<\/li>\n<li>HARLEY-DAVIDSON<\/li>\n<li>HARTFORD<\/li>\n<li>HERO HONDA<\/li>\n<li>HIGHLAND<\/li>\n<li>HONDA DALL-ARA<\/li>\n<li>HONDA-HM<\/li>\n<li>HONGDOU<\/li>\n<li>HOREX<\/li>\n<li>HRD<\/li>\n<li>HUSABERG<\/li>\n<li>HUSQVARNA<\/li>\n<li>HYOSUNG<\/li>\n<li>ITALJET<\/li>\n<li>JIALING<\/li>\n<li>JCM<\/li>\n<li>J.J.COBAS<\/li>\n<li>JORDAN<\/li>\n<li>JOHN DEERE<\/li>\n<li>KAWASAKI<\/li>\n<li>KAWATA<\/li>\n<li>KEEWAY<\/li>\n<li>K.M.<\/li>\n<li>KRAM-IT<\/li>\n<li>KREIDLER<\/li>\n<li>KTM<\/li>\n<li>KYMCO<\/li>\n<li>LAMBRETTA<\/li>\n<li>LAVERDA<\/li>\n<li>LEM<\/li>\n<li>LIFAN<\/li>\n<li>LINHAI<\/li>\n<li>LML<\/li>\n<li>MAGNI<\/li>\n<li>MAICO<\/li>\n<li>MALAGUTI<\/li>\n<li>MALANCA<\/li>\n<li>MASAI<\/li>\n<li>MASSEY FERGUSON<\/li>\n<li>MBK<\/li>\n<li>MEGELLI<\/li>\n<li>MH MOTOR HISPANIA<\/li>\n<li>MINI MOTO<\/li>\n<li>MONDENAS<\/li>\n<li>MONDIAL<\/li>\n<li>MONTESA<\/li>\n<li>MOTOBECANE<\/li>\n<li>MOTO GUZZI<\/li>\n<li>MOTO MORINI<\/li>\n<li>MOTRON<\/li>\n<li>MV AGUSTA<\/li>\n<li>MZ MUZ<\/li>\n<li>NORTON<\/li>\n<li>NVT<\/li>\n<li>OSSA<\/li>\n<li>PEUGEOT<\/li>\n<li>PETRONAS<\/li>\n<li>PHB<\/li>\n<li>PGO<\/li>\n<li>PIAGGIO<\/li>\n<li>POLARIS<\/li>\n<li>POLINI<\/li>\n<li>PRAGA<\/li>\n<li>PUCH<\/li>\n<li>QUADZILLA<\/li>\n<li>RIEJU<\/li>\n<li>ROXON<\/li>\n<li>ROVIGO<\/li>\n<li>ROYAL ENFIELD<\/li>\n<li>SACHS HERCULES<\/li>\n<li>SCORPA<\/li>\n<li>SHERCO<\/li>\n<li>SIAMOTO<\/li>\n<li>SUPERBYKE<\/li>\n<li>SUZUKI<\/li>\n<li>SVM SWM<\/li>\n<li>SYM<\/li>\n<li>TAISHAN<\/li>\n<li>TERRA MOTO<\/li>\n<li>TGB<\/li>\n<li>THUMPSTAR<\/li>\n<li>T.M.<\/li>\n<li>TOMOS<\/li>\n<li>TRIUMPH<\/li>\n<li>TVS SUZUKI<\/li>\n<li>VECTRIX<\/li>\n<li>VERTEMATI<\/li>\n<li>VESPA<\/li>\n<li>VIALLI<\/li>\n<li>VOR<\/li>\n<li>VOXAN<\/li>\n<li>WUYANG<\/li>\n<li>YAMAHA<\/li>\n<li>ZUNDAPP<\/li>\n<\/ul>\n<\/div>\n<\/div><\/div><\/div><div class=\"fusion-layout-column fusion_builder_column fusion-builder-column-3 fusion_builder_column_1_3 1_3 fusion-flex-column fusion-flex-align-self-flex-start fusion-column-no-min-height\" style=\"--awb-bg-size:cover;--awb-width-large:33.333333333333%;--awb-margin-top-large:0px;--awb-spacing-right-large:4.365%;--awb-margin-bottom-large:0px;--awb-spacing-left-large:5.82%;--awb-width-medium:33.333333333333%;--awb-spacing-right-medium:4.365%;--awb-spacing-left-medium:5.82%;--awb-width-small:100%;--awb-spacing-right-small:1.455%;--awb-spacing-left-small:1.455%;\"><div class=\"fusion-column-wrapper fusion-flex-justify-content-flex-start fusion-content-layout-column\"><div class=\"fusion-text fusion-text-3\"><p><span class=\"notranslate\">Termel\u00e9s \u00e9s feldolgoz\u00e1s<\/span><\/p>\n<h4 data-fontsize=\"13\" data-lineheight=\"20\"><span class=\"notranslate\">A MOTORKER\u00c9KP\u00c1R \/ QUAD EL\u0150\u00c1LL\u00cdT\u00c1SA:<\/span><\/h4>\n<p><span class=\"notranslate\">F\u00e9kpofa, fonott ac\u00e9l vonalak, mandzsetta<\/span><\/p>\n<h4 data-fontsize=\"13\" data-lineheight=\"20\"><span class=\"notranslate\">A MOTORCYCLE \/ QUAD OVERHAUL r\u00e9sze:<\/span><\/h4>\n<p><span class=\"notranslate\">F\u00e9kpof\u00e1k, f\u00e9khenger<\/span><\/p>\n<\/div><\/div><\/div><\/div><\/div><\/p>\n","protected":false},"excerpt":{"rendered":"","protected":false},"author":4,"featured_media":0,"parent":20478,"menu_order":0,"comment_status":"closed","ping_status":"closed","template":"","meta":{"footnotes":""},"class_list":["post-13332","page","type-page","status-publish","hentry"],"yoast_head":"<!-- This site is optimized with the Yoast SEO Premium plugin v27.3 (Yoast SEO v27.3) - https:\/\/yoast.com\/product\/yoast-seo-premium-wordpress\/ -->\n<title>Ker\u00e9kp\u00e1r \/ quad j\u00e1rm\u0171vek &#171; NB PARTS GmbH<\/title>\n<meta name=\"robots\" content=\"index, follow, max-snippet:-1, max-image-preview:large, max-video-preview:-1\" \/>\n<link rel=\"canonical\" href=\"https:\/\/nb-parts.de\/hu\/alkatreszek\/kerekpar-quad-jarmuvek\/\" \/>\n<meta property=\"og:locale\" content=\"hu_HU\" \/>\n<meta property=\"og:type\" content=\"article\" \/>\n<meta property=\"og:title\" content=\"Ker\u00e9kp\u00e1r \/ quad j\u00e1rm\u0171vek\" \/>\n<meta property=\"og:url\" content=\"https:\/\/nb-parts.de\/hu\/alkatreszek\/kerekpar-quad-jarmuvek\/\" \/>\n<meta property=\"og:site_name\" content=\"NB PARTS GmbH\" \/>\n<meta property=\"article:modified_time\" content=\"2020-08-20T12:06:22+00:00\" \/>\n<meta property=\"og:image\" content=\"https:\/\/nb-parts.de\/wp-content\/uploads\/2017\/04\/NB-parts-zieht-um.jpg\" \/>\n\t<meta property=\"og:image:width\" content=\"713\" \/>\n\t<meta property=\"og:image:height\" content=\"300\" \/>\n\t<meta property=\"og:image:type\" content=\"image\/jpeg\" \/>\n<meta name=\"twitter:label1\" content=\"Becs\u00fclt olvas\u00e1si id\u0151\" \/>\n\t<meta name=\"twitter:data1\" content=\"5 perc\" \/>\n<script type=\"application\/ld+json\" class=\"yoast-schema-graph\">{\"@context\":\"https:\\\/\\\/schema.org\",\"@graph\":[{\"@type\":\"WebPage\",\"@id\":\"https:\\\/\\\/nb-parts.de\\\/hu\\\/alkatreszek\\\/kerekpar-quad-jarmuvek\\\/\",\"url\":\"https:\\\/\\\/nb-parts.de\\\/hu\\\/alkatreszek\\\/kerekpar-quad-jarmuvek\\\/\",\"name\":\"Ker\u00e9kp\u00e1r \\\/ quad j\u00e1rm\u0171vek &#171; NB PARTS GmbH\",\"isPartOf\":{\"@id\":\"https:\\\/\\\/nb-parts.de\\\/hu\\\/#website\"},\"datePublished\":\"2017-12-13T13:00:26+00:00\",\"dateModified\":\"2020-08-20T12:06:22+00:00\",\"breadcrumb\":{\"@id\":\"https:\\\/\\\/nb-parts.de\\\/hu\\\/alkatreszek\\\/kerekpar-quad-jarmuvek\\\/#breadcrumb\"},\"inLanguage\":\"hu\",\"potentialAction\":[{\"@type\":\"ReadAction\",\"target\":[\"https:\\\/\\\/nb-parts.de\\\/hu\\\/alkatreszek\\\/kerekpar-quad-jarmuvek\\\/\"]}]},{\"@type\":\"BreadcrumbList\",\"@id\":\"https:\\\/\\\/nb-parts.de\\\/hu\\\/alkatreszek\\\/kerekpar-quad-jarmuvek\\\/#breadcrumb\",\"itemListElement\":[{\"@type\":\"ListItem\",\"position\":1,\"name\":\"Startseite\",\"item\":\"https:\\\/\\\/nb-parts.de\\\/hu\\\/\"},{\"@type\":\"ListItem\",\"position\":2,\"name\":\"ALKATR\u00c9SZEK\",\"item\":\"https:\\\/\\\/nb-parts.de\\\/hu\\\/alkatreszek\\\/\"},{\"@type\":\"ListItem\",\"position\":3,\"name\":\"Ker\u00e9kp\u00e1r \\\/ quad j\u00e1rm\u0171vek\"}]},{\"@type\":\"WebSite\",\"@id\":\"https:\\\/\\\/nb-parts.de\\\/hu\\\/#website\",\"url\":\"https:\\\/\\\/nb-parts.de\\\/hu\\\/\",\"name\":\"NB PARTS GmbH\",\"description\":\"Ersatzteile - Aufarbeitung - Fertigung\",\"publisher\":{\"@id\":\"https:\\\/\\\/nb-parts.de\\\/hu\\\/#organization\"},\"potentialAction\":[{\"@type\":\"SearchAction\",\"target\":{\"@type\":\"EntryPoint\",\"urlTemplate\":\"https:\\\/\\\/nb-parts.de\\\/hu\\\/?s={search_term_string}\"},\"query-input\":{\"@type\":\"PropertyValueSpecification\",\"valueRequired\":true,\"valueName\":\"search_term_string\"}}],\"inLanguage\":\"hu\"},{\"@type\":\"Organization\",\"@id\":\"https:\\\/\\\/nb-parts.de\\\/hu\\\/#organization\",\"name\":\"NB PARTS GmbH\",\"url\":\"https:\\\/\\\/nb-parts.de\\\/hu\\\/\",\"logo\":{\"@type\":\"ImageObject\",\"inLanguage\":\"hu\",\"@id\":\"https:\\\/\\\/nb-parts.de\\\/hu\\\/#\\\/schema\\\/logo\\\/image\\\/\",\"url\":\"https:\\\/\\\/nb-parts.de\\\/wp-content\\\/uploads\\\/2021\\\/06\\\/LOGO01.jpg\",\"contentUrl\":\"https:\\\/\\\/nb-parts.de\\\/wp-content\\\/uploads\\\/2021\\\/06\\\/LOGO01.jpg\",\"width\":1000,\"height\":1000,\"caption\":\"NB PARTS GmbH\"},\"image\":{\"@id\":\"https:\\\/\\\/nb-parts.de\\\/hu\\\/#\\\/schema\\\/logo\\\/image\\\/\"},\"sameAs\":[\"https:\\\/\\\/www.youtube.com\\\/watch?v=E_90qxvrVlA\"]}]}<\/script>\n<!-- \/ Yoast SEO Premium plugin. -->","yoast_head_json":{"title":"Ker\u00e9kp\u00e1r \/ quad j\u00e1rm\u0171vek &#171; NB PARTS GmbH","robots":{"index":"index","follow":"follow","max-snippet":"max-snippet:-1","max-image-preview":"max-image-preview:large","max-video-preview":"max-video-preview:-1"},"canonical":"https:\/\/nb-parts.de\/hu\/alkatreszek\/kerekpar-quad-jarmuvek\/","og_locale":"hu_HU","og_type":"article","og_title":"Ker\u00e9kp\u00e1r \/ quad j\u00e1rm\u0171vek","og_url":"https:\/\/nb-parts.de\/hu\/alkatreszek\/kerekpar-quad-jarmuvek\/","og_site_name":"NB PARTS GmbH","article_modified_time":"2020-08-20T12:06:22+00:00","og_image":[{"width":713,"height":300,"url":"https:\/\/nb-parts.de\/wp-content\/uploads\/2017\/04\/NB-parts-zieht-um.jpg","type":"image\/jpeg"}],"twitter_misc":{"Becs\u00fclt olvas\u00e1si id\u0151":"5 perc"},"schema":{"@context":"https:\/\/schema.org","@graph":[{"@type":"WebPage","@id":"https:\/\/nb-parts.de\/hu\/alkatreszek\/kerekpar-quad-jarmuvek\/","url":"https:\/\/nb-parts.de\/hu\/alkatreszek\/kerekpar-quad-jarmuvek\/","name":"Ker\u00e9kp\u00e1r \/ quad j\u00e1rm\u0171vek &#171; NB PARTS GmbH","isPartOf":{"@id":"https:\/\/nb-parts.de\/hu\/#website"},"datePublished":"2017-12-13T13:00:26+00:00","dateModified":"2020-08-20T12:06:22+00:00","breadcrumb":{"@id":"https:\/\/nb-parts.de\/hu\/alkatreszek\/kerekpar-quad-jarmuvek\/#breadcrumb"},"inLanguage":"hu","potentialAction":[{"@type":"ReadAction","target":["https:\/\/nb-parts.de\/hu\/alkatreszek\/kerekpar-quad-jarmuvek\/"]}]},{"@type":"BreadcrumbList","@id":"https:\/\/nb-parts.de\/hu\/alkatreszek\/kerekpar-quad-jarmuvek\/#breadcrumb","itemListElement":[{"@type":"ListItem","position":1,"name":"Startseite","item":"https:\/\/nb-parts.de\/hu\/"},{"@type":"ListItem","position":2,"name":"ALKATR\u00c9SZEK","item":"https:\/\/nb-parts.de\/hu\/alkatreszek\/"},{"@type":"ListItem","position":3,"name":"Ker\u00e9kp\u00e1r \/ quad j\u00e1rm\u0171vek"}]},{"@type":"WebSite","@id":"https:\/\/nb-parts.de\/hu\/#website","url":"https:\/\/nb-parts.de\/hu\/","name":"NB PARTS GmbH","description":"Ersatzteile - Aufarbeitung - Fertigung","publisher":{"@id":"https:\/\/nb-parts.de\/hu\/#organization"},"potentialAction":[{"@type":"SearchAction","target":{"@type":"EntryPoint","urlTemplate":"https:\/\/nb-parts.de\/hu\/?s={search_term_string}"},"query-input":{"@type":"PropertyValueSpecification","valueRequired":true,"valueName":"search_term_string"}}],"inLanguage":"hu"},{"@type":"Organization","@id":"https:\/\/nb-parts.de\/hu\/#organization","name":"NB PARTS GmbH","url":"https:\/\/nb-parts.de\/hu\/","logo":{"@type":"ImageObject","inLanguage":"hu","@id":"https:\/\/nb-parts.de\/hu\/#\/schema\/logo\/image\/","url":"https:\/\/nb-parts.de\/wp-content\/uploads\/2021\/06\/LOGO01.jpg","contentUrl":"https:\/\/nb-parts.de\/wp-content\/uploads\/2021\/06\/LOGO01.jpg","width":1000,"height":1000,"caption":"NB PARTS GmbH"},"image":{"@id":"https:\/\/nb-parts.de\/hu\/#\/schema\/logo\/image\/"},"sameAs":["https:\/\/www.youtube.com\/watch?v=E_90qxvrVlA"]}]}},"_links":{"self":[{"href":"https:\/\/nb-parts.de\/hu\/wp-json\/wp\/v2\/pages\/13332","targetHints":{"allow":["GET"]}}],"collection":[{"href":"https:\/\/nb-parts.de\/hu\/wp-json\/wp\/v2\/pages"}],"about":[{"href":"https:\/\/nb-parts.de\/hu\/wp-json\/wp\/v2\/types\/page"}],"author":[{"embeddable":true,"href":"https:\/\/nb-parts.de\/hu\/wp-json\/wp\/v2\/users\/4"}],"replies":[{"embeddable":true,"href":"https:\/\/nb-parts.de\/hu\/wp-json\/wp\/v2\/comments?post=13332"}],"version-history":[{"count":0,"href":"https:\/\/nb-parts.de\/hu\/wp-json\/wp\/v2\/pages\/13332\/revisions"}],"up":[{"embeddable":true,"href":"https:\/\/nb-parts.de\/hu\/wp-json\/wp\/v2\/pages\/20478"}],"wp:attachment":[{"href":"https:\/\/nb-parts.de\/hu\/wp-json\/wp\/v2\/media?parent=13332"}],"curies":[{"name":"wp","href":"https:\/\/api.w.org\/{rel}","templated":true}]}}