{"id":13816,"date":"2017-12-28T17:20:32","date_gmt":"2017-12-28T16:20:32","guid":{"rendered":"https:\/\/nb-parts.de\/start\/"},"modified":"2019-02-06T17:21:16","modified_gmt":"2019-02-06T16:21:16","slug":"https-nb-parts-de-pl","status":"publish","type":"page","link":"https:\/\/nb-parts.de\/pl\/","title":{"rendered":"Dom"},"content":{"rendered":"<div class=\"fusion-fullwidth fullwidth-box fusion-builder-row-1 fusion-flex-container nonhundred-percent-fullwidth non-hundred-percent-height-scrolling\" style=\"--awb-border-radius-top-left:0px;--awb-border-radius-top-right:0px;--awb-border-radius-bottom-right:0px;--awb-border-radius-bottom-left:0px;--awb-flex-wrap:wrap;\" ><div class=\"fusion-builder-row fusion-row fusion-flex-align-items-flex-start fusion-flex-content-wrap\" style=\"max-width:1028.97px;margin-left: calc(-3% \/ 2 );margin-right: calc(-3% \/ 2 );\"><div class=\"fusion-layout-column fusion_builder_column fusion-builder-column-0 fusion_builder_column_1_3 1_3 fusion-flex-column\" style=\"--awb-bg-size:cover;--awb-width-large:33.333333333333%;--awb-margin-top-large:0px;--awb-spacing-right-large:5.82%;--awb-margin-bottom-large:11px;--awb-spacing-left-large:4.365%;--awb-width-medium:33.333333333333%;--awb-spacing-right-medium:5.82%;--awb-spacing-left-medium:4.365%;--awb-width-small:100%;--awb-spacing-right-small:1.455%;--awb-spacing-left-small:1.455%;\"><div class=\"fusion-column-wrapper fusion-flex-justify-content-flex-start fusion-content-layout-column\"><div class=\"fusion-text fusion-text-1\"><h2>PE\u0141EN SERWIS<\/h2>\n<p>Sprzeda\u017c cz\u0119\u015bci oryginalnych identyfikacyjnych lub nast\u0119pczych \u2013 Cz\u0119\u015bci do motoryzacji i przemys\u0142u a tak\u017ce zastosowania hamulc\u00f3w<\/p>\n<\/div><\/div><\/div><div class=\"fusion-layout-column fusion_builder_column fusion-builder-column-1 fusion_builder_column_1_3 1_3 fusion-flex-column\" style=\"--awb-bg-size:cover;--awb-width-large:33.333333333333%;--awb-margin-top-large:0px;--awb-spacing-right-large:5.82%;--awb-margin-bottom-large:11px;--awb-spacing-left-large:5.82%;--awb-width-medium:33.333333333333%;--awb-spacing-right-medium:5.82%;--awb-spacing-left-medium:5.82%;--awb-width-small:100%;--awb-spacing-right-small:1.455%;--awb-spacing-left-small:1.455%;\"><div class=\"fusion-column-wrapper fusion-flex-justify-content-flex-start fusion-content-layout-column\"><div class=\"fusion-text fusion-text-2\"><h2>STWARDNIENIE DORADZTWO<\/h2>\n<p>Przetwarzanie cz\u0119\u015bci zu\u017cywaj\u0105cych si\u0119<br \/>\nNaprawa, remont<br \/>\njak r\u00f3wnie\u017c odnowienie zawodowe<\/p>\n<\/div><\/div><\/div><div class=\"fusion-layout-column fusion_builder_column fusion-builder-column-2 fusion_builder_column_1_3 1_3 fusion-flex-column\" style=\"--awb-bg-size:cover;--awb-width-large:33.333333333333%;--awb-margin-top-large:0px;--awb-spacing-right-large:4.365%;--awb-margin-bottom-large:11px;--awb-spacing-left-large:5.82%;--awb-width-medium:33.333333333333%;--awb-spacing-right-medium:4.365%;--awb-spacing-left-medium:5.82%;--awb-width-small:100%;--awb-spacing-right-small:1.455%;--awb-spacing-left-small:1.455%;\"><div class=\"fusion-column-wrapper fusion-flex-justify-content-flex-start fusion-content-layout-column\"><div class=\"fusion-text fusion-text-3\"><h2>PARTNER WSP\u00d3\u0141PRACA<\/h2>\n<p>Produkcja element\u00f3w hamulc\u00f3w<br \/>\nKoordynacja produkcji<br \/>\nOpracowanie specyfikacji<\/p>\n<\/div><\/div><\/div><\/div><\/div>\n","protected":false},"excerpt":{"rendered":"","protected":false},"author":4,"featured_media":0,"parent":0,"menu_order":0,"comment_status":"closed","ping_status":"closed","template":"","meta":{"footnotes":""},"class_list":["post-13816","page","type-page","status-publish","hentry"],"yoast_head":"<!-- This site is optimized with the Yoast SEO Premium plugin v27.3 (Yoast SEO v27.3) - https:\/\/yoast.com\/product\/yoast-seo-premium-wordpress\/ -->\n<title>NB PARTS GmbH \u2705 Brake components \u2705 Produkcja - cz\u0119\u015bci zamienne - przetwarzanie<\/title>\n<meta name=\"description\" content=\"Produkcja \u2022 Cz\u0119\u015bci zamienne \u2022 Remont \u2705 FULLSERVICE - sprzeda\u017c oryginalnych, identycznych lub nast\u0119pczych komponent\u00f3w \u2705 WIEDZA SPECYFICZNA - Renowacja \/ wymiana zu\u017cytych cz\u0119\u015bci, naprawa \u2705 WSP\u00d3\u0141PRACA PARTNERSKA - Nasza firma posiada certyfikat T\u00dcV S\u00fcd zgodny z ISO 9001: 2015.\" \/>\n<meta name=\"robots\" content=\"index, follow, max-snippet:-1, max-image-preview:large, max-video-preview:-1\" \/>\n<link rel=\"canonical\" href=\"https:\/\/nb-parts.de\/pl\/\" \/>\n<meta property=\"og:locale\" content=\"pl_PL\" \/>\n<meta property=\"og:type\" content=\"article\" \/>\n<meta property=\"og:title\" content=\"Dom\" \/>\n<meta property=\"og:description\" content=\"Produkcja \u2022 Cz\u0119\u015bci zamienne \u2022 Remont \u2705 FULLSERVICE - sprzeda\u017c oryginalnych, identycznych lub nast\u0119pczych komponent\u00f3w \u2705 WIEDZA SPECYFICZNA - Renowacja \/ wymiana zu\u017cytych cz\u0119\u015bci, naprawa \u2705 WSP\u00d3\u0141PRACA PARTNERSKA - Nasza firma posiada certyfikat T\u00dcV S\u00fcd zgodny z ISO 9001: 2015.\" \/>\n<meta property=\"og:url\" content=\"https:\/\/nb-parts.de\/pl\/\" \/>\n<meta property=\"og:site_name\" content=\"NB PARTS GmbH\" \/>\n<meta property=\"article:modified_time\" content=\"2019-02-06T16:21:16+00:00\" \/>\n<meta property=\"og:image\" content=\"https:\/\/nb-parts.de\/wp-content\/uploads\/2017\/04\/NB-parts-zieht-um.jpg\" \/>\n\t<meta property=\"og:image:width\" content=\"713\" \/>\n\t<meta property=\"og:image:height\" content=\"300\" \/>\n\t<meta property=\"og:image:type\" content=\"image\/jpeg\" \/>\n<meta name=\"twitter:label1\" content=\"Szacowany czas czytania\" \/>\n\t<meta name=\"twitter:data1\" content=\"2 minuty\" \/>\n<script type=\"application\/ld+json\" class=\"yoast-schema-graph\">{\"@context\":\"https:\\\/\\\/schema.org\",\"@graph\":[{\"@type\":\"WebPage\",\"@id\":\"https:\\\/\\\/nb-parts.de\\\/pl\\\/\",\"url\":\"https:\\\/\\\/nb-parts.de\\\/pl\\\/\",\"name\":\"NB PARTS GmbH \u2705 Brake components \u2705 Produkcja - cz\u0119\u015bci zamienne - przetwarzanie\",\"isPartOf\":{\"@id\":\"https:\\\/\\\/nb-parts.de\\\/pl\\\/#website\"},\"datePublished\":\"2017-12-28T16:20:32+00:00\",\"dateModified\":\"2019-02-06T16:21:16+00:00\",\"description\":\"Produkcja \u2022 Cz\u0119\u015bci zamienne \u2022 Remont \u2705 FULLSERVICE - sprzeda\u017c oryginalnych, identycznych lub nast\u0119pczych komponent\u00f3w \u2705 WIEDZA SPECYFICZNA - Renowacja \\\/ wymiana zu\u017cytych cz\u0119\u015bci, naprawa \u2705 WSP\u00d3\u0141PRACA PARTNERSKA - Nasza firma posiada certyfikat T\u00dcV S\u00fcd zgodny z ISO 9001: 2015.\",\"breadcrumb\":{\"@id\":\"https:\\\/\\\/nb-parts.de\\\/pl\\\/#breadcrumb\"},\"inLanguage\":\"pl-PL\",\"potentialAction\":[{\"@type\":\"ReadAction\",\"target\":[\"https:\\\/\\\/nb-parts.de\\\/pl\\\/\"]}]},{\"@type\":\"BreadcrumbList\",\"@id\":\"https:\\\/\\\/nb-parts.de\\\/pl\\\/#breadcrumb\",\"itemListElement\":[{\"@type\":\"ListItem\",\"position\":1,\"name\":\"Startseite\",\"item\":\"https:\\\/\\\/nb-parts.de\\\/pl\\\/\"},{\"@type\":\"ListItem\",\"position\":2,\"name\":\"Dom\"}]},{\"@type\":\"WebSite\",\"@id\":\"https:\\\/\\\/nb-parts.de\\\/pl\\\/#website\",\"url\":\"https:\\\/\\\/nb-parts.de\\\/pl\\\/\",\"name\":\"NB PARTS GmbH\",\"description\":\"Ersatzteile - Aufarbeitung - Fertigung\",\"publisher\":{\"@id\":\"https:\\\/\\\/nb-parts.de\\\/pl\\\/#organization\"},\"potentialAction\":[{\"@type\":\"SearchAction\",\"target\":{\"@type\":\"EntryPoint\",\"urlTemplate\":\"https:\\\/\\\/nb-parts.de\\\/pl\\\/?s={search_term_string}\"},\"query-input\":{\"@type\":\"PropertyValueSpecification\",\"valueRequired\":true,\"valueName\":\"search_term_string\"}}],\"inLanguage\":\"pl-PL\"},{\"@type\":\"Organization\",\"@id\":\"https:\\\/\\\/nb-parts.de\\\/pl\\\/#organization\",\"name\":\"NB PARTS GmbH\",\"url\":\"https:\\\/\\\/nb-parts.de\\\/pl\\\/\",\"logo\":{\"@type\":\"ImageObject\",\"inLanguage\":\"pl-PL\",\"@id\":\"https:\\\/\\\/nb-parts.de\\\/pl\\\/#\\\/schema\\\/logo\\\/image\\\/\",\"url\":\"https:\\\/\\\/nb-parts.de\\\/wp-content\\\/uploads\\\/2021\\\/06\\\/LOGO01.jpg\",\"contentUrl\":\"https:\\\/\\\/nb-parts.de\\\/wp-content\\\/uploads\\\/2021\\\/06\\\/LOGO01.jpg\",\"width\":1000,\"height\":1000,\"caption\":\"NB PARTS GmbH\"},\"image\":{\"@id\":\"https:\\\/\\\/nb-parts.de\\\/pl\\\/#\\\/schema\\\/logo\\\/image\\\/\"},\"sameAs\":[\"https:\\\/\\\/www.youtube.com\\\/watch?v=E_90qxvrVlA\"]}]}<\/script>\n<!-- \/ Yoast SEO Premium plugin. -->","yoast_head_json":{"title":"NB PARTS GmbH \u2705 Brake components \u2705 Produkcja - cz\u0119\u015bci zamienne - przetwarzanie","description":"Produkcja \u2022 Cz\u0119\u015bci zamienne \u2022 Remont \u2705 FULLSERVICE - sprzeda\u017c oryginalnych, identycznych lub nast\u0119pczych komponent\u00f3w \u2705 WIEDZA SPECYFICZNA - Renowacja \/ wymiana zu\u017cytych cz\u0119\u015bci, naprawa \u2705 WSP\u00d3\u0141PRACA PARTNERSKA - Nasza firma posiada certyfikat T\u00dcV S\u00fcd zgodny z ISO 9001: 2015.","robots":{"index":"index","follow":"follow","max-snippet":"max-snippet:-1","max-image-preview":"max-image-preview:large","max-video-preview":"max-video-preview:-1"},"canonical":"https:\/\/nb-parts.de\/pl\/","og_locale":"pl_PL","og_type":"article","og_title":"Dom","og_description":"Produkcja \u2022 Cz\u0119\u015bci zamienne \u2022 Remont \u2705 FULLSERVICE - sprzeda\u017c oryginalnych, identycznych lub nast\u0119pczych komponent\u00f3w \u2705 WIEDZA SPECYFICZNA - Renowacja \/ wymiana zu\u017cytych cz\u0119\u015bci, naprawa \u2705 WSP\u00d3\u0141PRACA PARTNERSKA - Nasza firma posiada certyfikat T\u00dcV S\u00fcd zgodny z ISO 9001: 2015.","og_url":"https:\/\/nb-parts.de\/pl\/","og_site_name":"NB PARTS GmbH","article_modified_time":"2019-02-06T16:21:16+00:00","og_image":[{"width":713,"height":300,"url":"https:\/\/nb-parts.de\/wp-content\/uploads\/2017\/04\/NB-parts-zieht-um.jpg","type":"image\/jpeg"}],"twitter_misc":{"Szacowany czas czytania":"2 minuty"},"schema":{"@context":"https:\/\/schema.org","@graph":[{"@type":"WebPage","@id":"https:\/\/nb-parts.de\/pl\/","url":"https:\/\/nb-parts.de\/pl\/","name":"NB PARTS GmbH \u2705 Brake components \u2705 Produkcja - cz\u0119\u015bci zamienne - przetwarzanie","isPartOf":{"@id":"https:\/\/nb-parts.de\/pl\/#website"},"datePublished":"2017-12-28T16:20:32+00:00","dateModified":"2019-02-06T16:21:16+00:00","description":"Produkcja \u2022 Cz\u0119\u015bci zamienne \u2022 Remont \u2705 FULLSERVICE - sprzeda\u017c oryginalnych, identycznych lub nast\u0119pczych komponent\u00f3w \u2705 WIEDZA SPECYFICZNA - Renowacja \/ wymiana zu\u017cytych cz\u0119\u015bci, naprawa \u2705 WSP\u00d3\u0141PRACA PARTNERSKA - Nasza firma posiada certyfikat T\u00dcV S\u00fcd zgodny z ISO 9001: 2015.","breadcrumb":{"@id":"https:\/\/nb-parts.de\/pl\/#breadcrumb"},"inLanguage":"pl-PL","potentialAction":[{"@type":"ReadAction","target":["https:\/\/nb-parts.de\/pl\/"]}]},{"@type":"BreadcrumbList","@id":"https:\/\/nb-parts.de\/pl\/#breadcrumb","itemListElement":[{"@type":"ListItem","position":1,"name":"Startseite","item":"https:\/\/nb-parts.de\/pl\/"},{"@type":"ListItem","position":2,"name":"Dom"}]},{"@type":"WebSite","@id":"https:\/\/nb-parts.de\/pl\/#website","url":"https:\/\/nb-parts.de\/pl\/","name":"NB PARTS GmbH","description":"Ersatzteile - Aufarbeitung - Fertigung","publisher":{"@id":"https:\/\/nb-parts.de\/pl\/#organization"},"potentialAction":[{"@type":"SearchAction","target":{"@type":"EntryPoint","urlTemplate":"https:\/\/nb-parts.de\/pl\/?s={search_term_string}"},"query-input":{"@type":"PropertyValueSpecification","valueRequired":true,"valueName":"search_term_string"}}],"inLanguage":"pl-PL"},{"@type":"Organization","@id":"https:\/\/nb-parts.de\/pl\/#organization","name":"NB PARTS GmbH","url":"https:\/\/nb-parts.de\/pl\/","logo":{"@type":"ImageObject","inLanguage":"pl-PL","@id":"https:\/\/nb-parts.de\/pl\/#\/schema\/logo\/image\/","url":"https:\/\/nb-parts.de\/wp-content\/uploads\/2021\/06\/LOGO01.jpg","contentUrl":"https:\/\/nb-parts.de\/wp-content\/uploads\/2021\/06\/LOGO01.jpg","width":1000,"height":1000,"caption":"NB PARTS GmbH"},"image":{"@id":"https:\/\/nb-parts.de\/pl\/#\/schema\/logo\/image\/"},"sameAs":["https:\/\/www.youtube.com\/watch?v=E_90qxvrVlA"]}]}},"_links":{"self":[{"href":"https:\/\/nb-parts.de\/pl\/wp-json\/wp\/v2\/pages\/13816","targetHints":{"allow":["GET"]}}],"collection":[{"href":"https:\/\/nb-parts.de\/pl\/wp-json\/wp\/v2\/pages"}],"about":[{"href":"https:\/\/nb-parts.de\/pl\/wp-json\/wp\/v2\/types\/page"}],"author":[{"embeddable":true,"href":"https:\/\/nb-parts.de\/pl\/wp-json\/wp\/v2\/users\/4"}],"replies":[{"embeddable":true,"href":"https:\/\/nb-parts.de\/pl\/wp-json\/wp\/v2\/comments?post=13816"}],"version-history":[{"count":0,"href":"https:\/\/nb-parts.de\/pl\/wp-json\/wp\/v2\/pages\/13816\/revisions"}],"wp:attachment":[{"href":"https:\/\/nb-parts.de\/pl\/wp-json\/wp\/v2\/media?parent=13816"}],"curies":[{"name":"wp","href":"https:\/\/api.w.org\/{rel}","templated":true}]}}