{"id":13840,"date":"2017-12-11T11:40:00","date_gmt":"2017-12-11T10:40:00","guid":{"rendered":"https:\/\/nb-parts.de\/mpressum-nb-parts-gmbh\/"},"modified":"2018-02-13T11:35:58","modified_gmt":"2018-02-13T10:35:58","slug":"odcisk-nb-parts-gmbh","status":"publish","type":"page","link":"https:\/\/nb-parts.de\/pl\/spolka-portret-nb-parts-gmbh\/odcisk-nb-parts-gmbh\/","title":{"rendered":"Odcisk"},"content":{"rendered":"<div class=\"fusion-fullwidth fullwidth-box fusion-builder-row-1 fusion-flex-container nonhundred-percent-fullwidth non-hundred-percent-height-scrolling\" style=\"--awb-border-radius-top-left:0px;--awb-border-radius-top-right:0px;--awb-border-radius-bottom-right:0px;--awb-border-radius-bottom-left:0px;--awb-flex-wrap:wrap;\" ><div class=\"fusion-builder-row fusion-row fusion-flex-align-items-flex-start fusion-flex-content-wrap\" style=\"max-width:1028.97px;margin-left: calc(-3% \/ 2 );margin-right: calc(-3% \/ 2 );\"><div class=\"fusion-layout-column fusion_builder_column fusion-builder-column-0 fusion_builder_column_2_3 2_3 fusion-flex-column\" style=\"--awb-bg-size:cover;--awb-width-large:66.666666666667%;--awb-margin-top-large:0px;--awb-spacing-right-large:3.88%;--awb-margin-bottom-large:0px;--awb-spacing-left-large:2.1825%;--awb-width-medium:66.666666666667%;--awb-spacing-right-medium:3.88%;--awb-spacing-left-medium:2.1825%;--awb-width-small:100%;--awb-spacing-right-small:1.455%;--awb-spacing-left-small:1.455%;\"><div class=\"fusion-column-wrapper fusion-flex-justify-content-flex-start fusion-content-layout-column\"><div class=\"fusion-text fusion-text-1\"><h3 data-fontsize=\"17\" data-lineheight=\"22\"><span class=\"notranslate\">INFORMACJA PRAWNA<\/span><\/h3>\n<p><span class=\"notranslate\">NB PARTS GmbH dok\u0142ada wszelkich stara\u0144, aby informacje i dane zawarte na tej stronie by\u0142y prawid\u0142owe.<\/span>\u00a0<span class=\"notranslate\">Odpowiedzialno\u015b\u0107 lub gwarancja za aktualno\u015b\u0107, dok\u0142adno\u015b\u0107 i kompletno\u015b\u0107 dostarczonych danych i informacji s\u0105 wykluczone.<\/span><span class=\"notranslate\">Firma zastrzega sobie prawo do wprowadzania zmian lub uzupe\u0142nie\u0144 informacji lub danych bez uprzedzenia.<\/span><\/p>\n<p><span class=\"notranslate\">Tre\u015b\u0107 strony jest chroniona prawem autorskim.<\/span>\u00a0<span class=\"notranslate\">Powielanie informacji, tekst\u00f3w lub zdj\u0119\u0107 wymaga uprzedniej pisemnej zgody firmy.<\/span>\u00a0<span class=\"notranslate\">Zdj\u0119cia naszych pracownik\u00f3w s\u0105 klejnotami.<\/span>\u00a0<span class=\"notranslate\">\u00a7 22 KUG (prawo na w\u0142asnym zdj\u0119ciu) prawnie chroniony.<\/span>\u00a0<span class=\"notranslate\">W szczeg\u00f3lno\u015bci pobieranie, manipulowanie, publikowanie lub powielanie obraz\u00f3w jest niedozwolone.<\/span>\u00a0<span class=\"notranslate\">Ka\u017cde naruszenie prawa do w\u0142asnego wizerunku mo\u017ce skutkowa\u0107 roszczeniami o nakaz s\u0105dowy lub odszkodowanie.<\/span><span class=\"notranslate\">Nasza firma nie ponosi odpowiedzialno\u015bci za zawarto\u015b\u0107 i funkcj\u0119 zewn\u0119trznych stron internetowych, do kt\u00f3rych uzyskuje si\u0119 dost\u0119p za po\u015brednictwem hiper\u0142\u0105czy.<\/span><\/p>\n<p><span class=\"notranslate\">Nazwa handlowa NB PARTS \u00ae jest chroniona prawem znak\u00f3w towarowych.<\/span><span class=\"notranslate\">Nieuprawnione u\u017cycie tego znaku jest surowo zabronione.<\/span><\/p>\n<\/div><\/div><\/div><div class=\"fusion-layout-column fusion_builder_column fusion-builder-column-1 fusion_builder_column_1_3 1_3 fusion-flex-column\" style=\"--awb-bg-size:cover;--awb-width-large:33.333333333333%;--awb-margin-top-large:44px;--awb-spacing-right-large:4.365%;--awb-margin-bottom-large:0px;--awb-spacing-left-large:3.8799999999999%;--awb-width-medium:33.333333333333%;--awb-spacing-right-medium:4.365%;--awb-spacing-left-medium:3.8799999999999%;--awb-width-small:100%;--awb-spacing-right-small:1.455%;--awb-spacing-left-small:1.455%;\"><div class=\"fusion-column-wrapper fusion-flex-justify-content-flex-start fusion-content-layout-column\"><div class=\"fusion-text fusion-text-2\"><p class=\"ABSATZ_BEIDE\">Numer rejestru handlowego:<br \/>\nHRB 6248<br \/>\nS\u0105d rejestrowy:<br \/>\nAmtsgericht Bamberg<br \/>\nNumer identyfikacyjny VAT:<br \/>\nDE 263 015 356<br \/>\nOdpowiedzialny: U. Magasch\u00fctz<\/p>\n<hr \/>\n<p>NB PARTS GmbH<br \/>\nDaimlerstra\u00dfe 7<br \/>\nD-91301 Forchheim<br \/>\nGermany<\/p>\n<p><a href=\"mailto:info@nb-parts.de\" target=\"_blank\" rel=\"noopener\">info@nb-parts.de<\/a><br \/>\nTel. : +49 (0) 9191 \/ 3416 0<br \/>\nFax: +49 (0) 9191 \/ 3416 199<\/p>\n<\/div><\/div><\/div><\/div><\/div>\n","protected":false},"excerpt":{"rendered":"","protected":false},"author":4,"featured_media":0,"parent":13831,"menu_order":0,"comment_status":"closed","ping_status":"closed","template":"","meta":{"footnotes":""},"class_list":["post-13840","page","type-page","status-publish","hentry"],"yoast_head":"<!-- This site is optimized with the Yoast SEO Premium plugin v27.4 (Yoast SEO v27.4) - https:\/\/yoast.com\/product\/yoast-seo-premium-wordpress\/ -->\n<title>odcisk - NB PARTS GmbH<\/title>\n<meta name=\"description\" content=\"odcisk - NB PARTS GmbH\" \/>\n<meta name=\"robots\" content=\"index, follow, max-snippet:-1, max-image-preview:large, max-video-preview:-1\" \/>\n<link rel=\"canonical\" href=\"https:\/\/nb-parts.de\/pl\/spolka-portret-nb-parts-gmbh\/odcisk-nb-parts-gmbh\/\" \/>\n<meta property=\"og:locale\" content=\"pl_PL\" \/>\n<meta property=\"og:type\" content=\"article\" \/>\n<meta property=\"og:title\" content=\"Odcisk\" \/>\n<meta property=\"og:description\" content=\"odcisk - NB PARTS GmbH\" \/>\n<meta property=\"og:url\" content=\"https:\/\/nb-parts.de\/pl\/spolka-portret-nb-parts-gmbh\/odcisk-nb-parts-gmbh\/\" \/>\n<meta property=\"og:site_name\" content=\"NB PARTS GmbH\" \/>\n<meta property=\"article:modified_time\" content=\"2018-02-13T10:35:58+00:00\" \/>\n<meta property=\"og:image\" content=\"https:\/\/nb-parts.de\/wp-content\/uploads\/2017\/04\/NB-parts-zieht-um.jpg\" \/>\n\t<meta property=\"og:image:width\" content=\"713\" \/>\n\t<meta property=\"og:image:height\" content=\"300\" \/>\n\t<meta property=\"og:image:type\" content=\"image\/jpeg\" \/>\n<meta name=\"twitter:label1\" content=\"Szacowany czas czytania\" \/>\n\t<meta name=\"twitter:data1\" content=\"2 minuty\" \/>\n<script type=\"application\/ld+json\" class=\"yoast-schema-graph\">{\"@context\":\"https:\\\/\\\/schema.org\",\"@graph\":[{\"@type\":\"WebPage\",\"@id\":\"https:\\\/\\\/nb-parts.de\\\/pl\\\/spolka-portret-nb-parts-gmbh\\\/odcisk-nb-parts-gmbh\\\/\",\"url\":\"https:\\\/\\\/nb-parts.de\\\/pl\\\/spolka-portret-nb-parts-gmbh\\\/odcisk-nb-parts-gmbh\\\/\",\"name\":\"odcisk - NB PARTS GmbH\",\"isPartOf\":{\"@id\":\"https:\\\/\\\/nb-parts.de\\\/pl\\\/#website\"},\"datePublished\":\"2017-12-11T10:40:00+00:00\",\"dateModified\":\"2018-02-13T10:35:58+00:00\",\"description\":\"odcisk - NB PARTS GmbH\",\"breadcrumb\":{\"@id\":\"https:\\\/\\\/nb-parts.de\\\/pl\\\/spolka-portret-nb-parts-gmbh\\\/odcisk-nb-parts-gmbh\\\/#breadcrumb\"},\"inLanguage\":\"pl-PL\",\"potentialAction\":[{\"@type\":\"ReadAction\",\"target\":[\"https:\\\/\\\/nb-parts.de\\\/pl\\\/spolka-portret-nb-parts-gmbh\\\/odcisk-nb-parts-gmbh\\\/\"]}]},{\"@type\":\"BreadcrumbList\",\"@id\":\"https:\\\/\\\/nb-parts.de\\\/pl\\\/spolka-portret-nb-parts-gmbh\\\/odcisk-nb-parts-gmbh\\\/#breadcrumb\",\"itemListElement\":[{\"@type\":\"ListItem\",\"position\":1,\"name\":\"Startseite\",\"item\":\"https:\\\/\\\/nb-parts.de\\\/pl\\\/\"},{\"@type\":\"ListItem\",\"position\":2,\"name\":\"Sp\u00f3\u0142ka portret\",\"item\":\"https:\\\/\\\/nb-parts.de\\\/pl\\\/spolka-portret-nb-parts-gmbh\\\/\"},{\"@type\":\"ListItem\",\"position\":3,\"name\":\"Odcisk\"}]},{\"@type\":\"WebSite\",\"@id\":\"https:\\\/\\\/nb-parts.de\\\/pl\\\/#website\",\"url\":\"https:\\\/\\\/nb-parts.de\\\/pl\\\/\",\"name\":\"NB PARTS GmbH\",\"description\":\"Ersatzteile - Aufarbeitung - Fertigung\",\"publisher\":{\"@id\":\"https:\\\/\\\/nb-parts.de\\\/pl\\\/#organization\"},\"potentialAction\":[{\"@type\":\"SearchAction\",\"target\":{\"@type\":\"EntryPoint\",\"urlTemplate\":\"https:\\\/\\\/nb-parts.de\\\/pl\\\/?s={search_term_string}\"},\"query-input\":{\"@type\":\"PropertyValueSpecification\",\"valueRequired\":true,\"valueName\":\"search_term_string\"}}],\"inLanguage\":\"pl-PL\"},{\"@type\":\"Organization\",\"@id\":\"https:\\\/\\\/nb-parts.de\\\/pl\\\/#organization\",\"name\":\"NB PARTS GmbH\",\"url\":\"https:\\\/\\\/nb-parts.de\\\/pl\\\/\",\"logo\":{\"@type\":\"ImageObject\",\"inLanguage\":\"pl-PL\",\"@id\":\"https:\\\/\\\/nb-parts.de\\\/pl\\\/#\\\/schema\\\/logo\\\/image\\\/\",\"url\":\"https:\\\/\\\/nb-parts.de\\\/wp-content\\\/uploads\\\/2021\\\/06\\\/LOGO01.jpg\",\"contentUrl\":\"https:\\\/\\\/nb-parts.de\\\/wp-content\\\/uploads\\\/2021\\\/06\\\/LOGO01.jpg\",\"width\":1000,\"height\":1000,\"caption\":\"NB PARTS GmbH\"},\"image\":{\"@id\":\"https:\\\/\\\/nb-parts.de\\\/pl\\\/#\\\/schema\\\/logo\\\/image\\\/\"},\"sameAs\":[\"https:\\\/\\\/www.youtube.com\\\/watch?v=E_90qxvrVlA\"]}]}<\/script>\n<!-- \/ Yoast SEO Premium plugin. -->","yoast_head_json":{"title":"odcisk - NB PARTS GmbH","description":"odcisk - NB PARTS GmbH","robots":{"index":"index","follow":"follow","max-snippet":"max-snippet:-1","max-image-preview":"max-image-preview:large","max-video-preview":"max-video-preview:-1"},"canonical":"https:\/\/nb-parts.de\/pl\/spolka-portret-nb-parts-gmbh\/odcisk-nb-parts-gmbh\/","og_locale":"pl_PL","og_type":"article","og_title":"Odcisk","og_description":"odcisk - NB PARTS GmbH","og_url":"https:\/\/nb-parts.de\/pl\/spolka-portret-nb-parts-gmbh\/odcisk-nb-parts-gmbh\/","og_site_name":"NB PARTS GmbH","article_modified_time":"2018-02-13T10:35:58+00:00","og_image":[{"width":713,"height":300,"url":"https:\/\/nb-parts.de\/wp-content\/uploads\/2017\/04\/NB-parts-zieht-um.jpg","type":"image\/jpeg"}],"twitter_misc":{"Szacowany czas czytania":"2 minuty"},"schema":{"@context":"https:\/\/schema.org","@graph":[{"@type":"WebPage","@id":"https:\/\/nb-parts.de\/pl\/spolka-portret-nb-parts-gmbh\/odcisk-nb-parts-gmbh\/","url":"https:\/\/nb-parts.de\/pl\/spolka-portret-nb-parts-gmbh\/odcisk-nb-parts-gmbh\/","name":"odcisk - NB PARTS GmbH","isPartOf":{"@id":"https:\/\/nb-parts.de\/pl\/#website"},"datePublished":"2017-12-11T10:40:00+00:00","dateModified":"2018-02-13T10:35:58+00:00","description":"odcisk - NB PARTS GmbH","breadcrumb":{"@id":"https:\/\/nb-parts.de\/pl\/spolka-portret-nb-parts-gmbh\/odcisk-nb-parts-gmbh\/#breadcrumb"},"inLanguage":"pl-PL","potentialAction":[{"@type":"ReadAction","target":["https:\/\/nb-parts.de\/pl\/spolka-portret-nb-parts-gmbh\/odcisk-nb-parts-gmbh\/"]}]},{"@type":"BreadcrumbList","@id":"https:\/\/nb-parts.de\/pl\/spolka-portret-nb-parts-gmbh\/odcisk-nb-parts-gmbh\/#breadcrumb","itemListElement":[{"@type":"ListItem","position":1,"name":"Startseite","item":"https:\/\/nb-parts.de\/pl\/"},{"@type":"ListItem","position":2,"name":"Sp\u00f3\u0142ka portret","item":"https:\/\/nb-parts.de\/pl\/spolka-portret-nb-parts-gmbh\/"},{"@type":"ListItem","position":3,"name":"Odcisk"}]},{"@type":"WebSite","@id":"https:\/\/nb-parts.de\/pl\/#website","url":"https:\/\/nb-parts.de\/pl\/","name":"NB PARTS GmbH","description":"Ersatzteile - Aufarbeitung - Fertigung","publisher":{"@id":"https:\/\/nb-parts.de\/pl\/#organization"},"potentialAction":[{"@type":"SearchAction","target":{"@type":"EntryPoint","urlTemplate":"https:\/\/nb-parts.de\/pl\/?s={search_term_string}"},"query-input":{"@type":"PropertyValueSpecification","valueRequired":true,"valueName":"search_term_string"}}],"inLanguage":"pl-PL"},{"@type":"Organization","@id":"https:\/\/nb-parts.de\/pl\/#organization","name":"NB PARTS GmbH","url":"https:\/\/nb-parts.de\/pl\/","logo":{"@type":"ImageObject","inLanguage":"pl-PL","@id":"https:\/\/nb-parts.de\/pl\/#\/schema\/logo\/image\/","url":"https:\/\/nb-parts.de\/wp-content\/uploads\/2021\/06\/LOGO01.jpg","contentUrl":"https:\/\/nb-parts.de\/wp-content\/uploads\/2021\/06\/LOGO01.jpg","width":1000,"height":1000,"caption":"NB PARTS GmbH"},"image":{"@id":"https:\/\/nb-parts.de\/pl\/#\/schema\/logo\/image\/"},"sameAs":["https:\/\/www.youtube.com\/watch?v=E_90qxvrVlA"]}]}},"_links":{"self":[{"href":"https:\/\/nb-parts.de\/pl\/wp-json\/wp\/v2\/pages\/13840","targetHints":{"allow":["GET"]}}],"collection":[{"href":"https:\/\/nb-parts.de\/pl\/wp-json\/wp\/v2\/pages"}],"about":[{"href":"https:\/\/nb-parts.de\/pl\/wp-json\/wp\/v2\/types\/page"}],"author":[{"embeddable":true,"href":"https:\/\/nb-parts.de\/pl\/wp-json\/wp\/v2\/users\/4"}],"replies":[{"embeddable":true,"href":"https:\/\/nb-parts.de\/pl\/wp-json\/wp\/v2\/comments?post=13840"}],"version-history":[{"count":0,"href":"https:\/\/nb-parts.de\/pl\/wp-json\/wp\/v2\/pages\/13840\/revisions"}],"up":[{"embeddable":true,"href":"https:\/\/nb-parts.de\/pl\/wp-json\/wp\/v2\/pages\/13831"}],"wp:attachment":[{"href":"https:\/\/nb-parts.de\/pl\/wp-json\/wp\/v2\/media?parent=13840"}],"curies":[{"name":"wp","href":"https:\/\/api.w.org\/{rel}","templated":true}]}}