{"id":13865,"date":"2017-12-28T13:53:48","date_gmt":"2017-12-28T12:53:48","guid":{"rendered":"https:\/\/nb-parts.de\/agriculture-vehicles\/"},"modified":"2018-02-13T16:34:18","modified_gmt":"2018-02-13T15:34:18","slug":"pojazdy-rolnicze","status":"publish","type":"page","link":"https:\/\/nb-parts.de\/pl\/czesci-zamienne\/pojazdy-rolnicze\/","title":{"rendered":"Pojazdy rolnicze"},"content":{"rendered":"<p><div class=\"fusion-fullwidth fullwidth-box fusion-builder-row-1 fusion-flex-container nonhundred-percent-fullwidth non-hundred-percent-height-scrolling\" style=\"--awb-border-radius-top-left:0px;--awb-border-radius-top-right:0px;--awb-border-radius-bottom-right:0px;--awb-border-radius-bottom-left:0px;--awb-flex-wrap:wrap;\" ><div class=\"fusion-builder-row fusion-row fusion-flex-align-items-flex-start fusion-flex-content-wrap\" style=\"max-width:calc( 999px + 0px );margin-left: calc(-0px \/ 2 );margin-right: calc(-0px \/ 2 );\"><div class=\"fusion-layout-column fusion_builder_column fusion-builder-column-0 fusion_builder_column_1_1 1_1 fusion-flex-column\" style=\"--awb-bg-size:cover;--awb-width-large:100%;--awb-margin-top-large:0px;--awb-spacing-right-large:0px;--awb-margin-bottom-large:11px;--awb-spacing-left-large:0px;--awb-width-medium:100%;--awb-spacing-right-medium:0px;--awb-spacing-left-medium:0px;--awb-width-small:100%;--awb-spacing-right-small:0px;--awb-spacing-left-small:0px;\"><div class=\"fusion-column-wrapper fusion-flex-justify-content-flex-start fusion-content-layout-column\"><div class=\"fusion-image-element \" style=\"--awb-bottom-shadow-color:rgba(0,0,0,0.4);--awb-caption-title-font-family:var(--h2_typography-font-family);--awb-caption-title-font-weight:var(--h2_typography-font-weight);--awb-caption-title-font-style:var(--h2_typography-font-style);--awb-caption-title-size:var(--h2_typography-font-size);--awb-caption-title-transform:var(--h2_typography-text-transform);--awb-caption-title-line-height:var(--h2_typography-line-height);--awb-caption-title-letter-spacing:var(--h2_typography-letter-spacing);\"><div class=\"awb-image-frame awb-image-frame-1 awb-bottomshadow\"><span class=\" fusion-imageframe imageframe-bottomshadow imageframe-1 hover-type-none\"><img decoding=\"async\" src=\"https:\/\/nb-parts.de\/wp-content\/uploads\/2017\/12\/visual_agrarfahrzeug.jpg\" alt class=\"img-responsive\"\/><\/span><svg xmlns=\"http:\/\/www.w3.org\/2000\/svg\" version=\"1.1\" width=\"100%\" viewBox=\"0 0 600 28\" preserveAspectRatio=\"none\"><g clip-path=\"url(#a)\"><mask id=\"b\" style=\"mask-type:luminance\" maskUnits=\"userSpaceOnUse\" x=\"0\" y=\"0\" width=\"600\" height=\"28\"><path d=\"M0 0h600v28H0V0Z\" fill=\"#fff\"\/><\/mask><g filter=\"url(#c)\" mask=\"url(#b)\"><path d=\"M16.439-18.667h567.123v30.8S438.961-8.4 300-8.4C161.04-8.4 16.438 12.133 16.438 12.133v-30.8Z\" fill=\"#000\"\/><\/g><\/g><defs><clipPath id=\"a\"><path fill=\"#fff\" d=\"M0 0h600v28H0z\"\/><\/clipPath><filter id=\"c\" x=\"5.438\" y=\"-29.667\" width=\"589.123\" height=\"52.8\" filterUnits=\"userSpaceOnUse\" color-interpolation-filters=\"sRGB\"><feFlood flood-opacity=\"0\" result=\"BackgroundImageFix\"\/><feBlend in=\"SourceGraphic\" in2=\"BackgroundImageFix\" result=\"shape\"\/><feGaussianBlur stdDeviation=\"5.5\" result=\"effect1_foregroundBlur_3983_183\"\/><\/filter><\/defs><\/svg><\/div><\/div><\/div><\/div><\/div><\/div><div class=\"fusion-fullwidth fullwidth-box fusion-builder-row-2 fusion-flex-container nonhundred-percent-fullwidth non-hundred-percent-height-scrolling\" style=\"--awb-background-position:left top;--awb-background-repeat:repeat;--awb-border-radius-top-left:0px;--awb-border-radius-top-right:0px;--awb-border-radius-bottom-right:0px;--awb-border-radius-bottom-left:0px;--awb-padding-top:22px;--awb-border-sizes-top:0px;--awb-border-sizes-bottom:0px;--awb-flex-wrap:wrap;\" ><div class=\"fusion-builder-row fusion-row fusion-flex-align-items-flex-start fusion-flex-content-wrap\" style=\"max-width:1028.97px;margin-left: calc(-3% \/ 2 );margin-right: calc(-3% \/ 2 );\"><div class=\"fusion-layout-column fusion_builder_column fusion-builder-column-1 fusion_builder_column_1_3 1_3 fusion-flex-column fusion-flex-align-self-flex-start fusion-column-no-min-height\" style=\"--awb-bg-size:cover;--awb-width-large:33.333333333333%;--awb-margin-top-large:0px;--awb-spacing-right-large:5.82%;--awb-margin-bottom-large:0px;--awb-spacing-left-large:4.365%;--awb-width-medium:33.333333333333%;--awb-spacing-right-medium:5.82%;--awb-spacing-left-medium:4.365%;--awb-width-small:100%;--awb-spacing-right-small:1.455%;--awb-spacing-left-small:1.455%;\"><div class=\"fusion-column-wrapper fusion-flex-justify-content-flex-start fusion-content-layout-column\"><div class=\"fusion-text fusion-text-1\"><div class=\"ERSTES_DRITTEL\">\n<p>Cz\u0119\u015bci oryginalne i nieoryginalne<\/p>\n<h4>CZ\u0118\u015aCI DO PRZYCZEP ROLNICZYCH:<\/h4>\n<p class=\"OHNE_ABSATZ\">Osie, b\u0119bny hamulcowe, tarcze hamulcowe, szcz\u0119ki hamulcowe, urz\u0105dzenie najazdowe, cz\u0119\u015bci zamienne pneumatyczne i akcesoria do przyczepy rolniczej<\/p>\n<h4>DO WSZYSTKICH PRZYCZEP ROLNICZYCH MARKI:<\/h4>\n<ul>\n<li>ADR<\/li>\n<li>AL-KO<\/li>\n<li>BPW<\/li>\n<li>ESFA<\/li>\n<li>FAD<\/li>\n<li>Grau<\/li>\n<li>Gr\u00fcmer<\/li>\n<li>Knott<\/li>\n<li>M\u00fcller-Mitteltal<\/li>\n<li>Nieper<\/li>\n<li>Peitz<\/li>\n<li>Rinner<\/li>\n<\/ul>\n<h4>CZ\u0118\u015aCI DO CI\u0104GNIK\u00d3W ROLNICZYCH:<\/h4>\n<p>Ok\u0142adziny hamulcowe, szcz\u0119ki hamulcowe, b\u0119bny hamulcowe, tarcze hamulcowe, tarcze hamulcowe za\u0142\u0105czaj\u0105ce, klocki hamulcowe, zaciski hamulcowe, ta\u015bmy hamulcowe, linki hamulcowe i sprz\u0119g\u0142a, cylindry hydrauliczne (pompy i cylindry hamulcowe), cylindry sprz\u0119g\u0142a (si\u0142owniki i pompy sprz\u0119g\u0142a), cylindry tarczy za\u0142\u0105czaj\u0105cej, cylindry t\u0142okowe, zestawy naprawcze, spr\u0119\u017cyny, nity, uszczelnienie, zbiorniki p\u0142ynu hamulcowego<\/p>\n<h4>DO WSZYSTKICH CI\u0104GNIK\u00d3W MARKI:<\/h4>\n<ul>\n<li>Bautz<\/li>\n<li>Belarus<\/li>\n<li>Case IH<\/li>\n<li>Case IH (David Brown)<\/li>\n<li>Claas<\/li>\n<li>Deutz \/ KHD<\/li>\n<li>Deutz Fahr<\/li>\n<li>Eicher<\/li>\n<li>Fendt<\/li>\n<li>Fiat (New Holland)<\/li>\n<li>Ford (New Holland)<\/li>\n<li>G\u00fcldner<\/li>\n<li>Hanomag<\/li>\n<li>Holder<\/li>\n<li>H\u00fcrlimann<\/li>\n<li>H\u00fcrth<\/li>\n<li>JCB<\/li>\n<li>John Deere<\/li>\n<li>Kramer<\/li>\n<li>Lamborghini<\/li>\n<li>Landini<\/li>\n<li>Lanz<\/li>\n<li>MAN<\/li>\n<li>Massey Ferguson<\/li>\n<li>Mercedes Benz<\/li>\n<li>Multicar<\/li>\n<li>Porsche<\/li>\n<li>Renault<\/li>\n<li>Same<\/li>\n<li>Schl\u00fcter<\/li>\n<li>Steyr<\/li>\n<li>Valmet<\/li>\n<li>Zetor<\/li>\n<\/ul>\n<\/div>\n<\/div><\/div><\/div><div class=\"fusion-layout-column fusion_builder_column fusion-builder-column-2 fusion_builder_column_1_3 1_3 fusion-flex-column fusion-flex-align-self-flex-start fusion-column-no-min-height\" style=\"--awb-bg-size:cover;--awb-width-large:33.333333333333%;--awb-margin-top-large:0px;--awb-spacing-right-large:5.82%;--awb-margin-bottom-large:0px;--awb-spacing-left-large:5.82%;--awb-width-medium:33.333333333333%;--awb-spacing-right-medium:5.82%;--awb-spacing-left-medium:5.82%;--awb-width-small:100%;--awb-spacing-right-small:1.455%;--awb-spacing-left-small:1.455%;\"><div class=\"fusion-column-wrapper fusion-flex-justify-content-flex-start fusion-content-layout-column\"><div class=\"fusion-text fusion-text-2\"><p>Produkcja cz\u0119\u015bci zamiennych<\/p>\n<h4>PRODUKUJEMY:<\/h4>\n<p>Ok\u0142adziny hamulcowe, ok\u0142adziny tarczy i sprz\u0119gla, klocki hamulcowe, szcz\u0119ki hamulcowe, ta\u015bmy hamulcowe, tarcze hamulcowe, tarcze hamulcowe z ok\u0142adzin\u0105 dwustronn\u0105, tarcze sprz\u0119glowe, sprz\u0119g\u0142a, tarcze hamulcowe za\u0142\u0105czaj\u0105ce, b\u0119bny hamulcowe, przewody hamulcowe, zbiorniki p\u0142ynu hamulcowego, cylindry sprz\u0119g\u0142a, pompy hamulcowe, cylindry hamulcowe, zaciski hamulcowe, cylindry tarczy za\u0142\u0105czaj\u0105cej, urz\u0105dzenie wspomagaj\u0105ce si\u0142\u0119 hamowania (serwo), manszety gumowe i zestawy naprawcze, z\u0142\u0105czi, cylindry pneumatyczne, spr\u0119\u017cyny gazowe, ci\u0119gna hamulcowe<\/p>\n<\/div><\/div><\/div><div class=\"fusion-layout-column fusion_builder_column fusion-builder-column-3 fusion_builder_column_1_3 1_3 fusion-flex-column fusion-flex-align-self-flex-start fusion-column-no-min-height\" style=\"--awb-bg-size:cover;--awb-width-large:33.333333333333%;--awb-margin-top-large:0px;--awb-spacing-right-large:4.365%;--awb-margin-bottom-large:0px;--awb-spacing-left-large:5.82%;--awb-width-medium:33.333333333333%;--awb-spacing-right-medium:4.365%;--awb-spacing-left-medium:5.82%;--awb-width-small:100%;--awb-spacing-right-small:1.455%;--awb-spacing-left-small:1.455%;\"><div class=\"fusion-column-wrapper fusion-flex-justify-content-flex-start fusion-content-layout-column\"><div class=\"fusion-text fusion-text-3\"><p>Regeneracja zu\u017cytych element\u00f3w<\/p>\n<h4>WYMIANA OK\u0141ADZIN CIERNYCH:<\/h4>\n<p>Szcz\u0119ki hamulcowe, ta\u015bmy hamulcowe, segmenty cierne, sto\u017cki, klocki hamulcowe, tarcze sprz\u0119glowe i kompletne sprz\u0119g\u0142a<\/p>\n<h4>ODNAWIANIE:<\/h4>\n<p>Pompy wodne, cylindry hamulcowe, pompy hamulcowe, cylindry sprz\u0119g\u0142a, korektory si\u0142y hamowania, cylindry tarczy za\u0142\u0105czaj\u0105cej, zaciski hamulcowe, linki hamulcowe, cylindry pneumatyczne<\/p>\n<h4>SZLIFOWANIE DOCISK\u00d3W SPRZEGLOWYCH<\/h4>\n<\/div><\/div><\/div><\/div><\/div><\/p>\n","protected":false},"excerpt":{"rendered":"","protected":false},"author":4,"featured_media":0,"parent":20479,"menu_order":0,"comment_status":"closed","ping_status":"closed","template":"","meta":{"footnotes":""},"class_list":["post-13865","page","type-page","status-publish","hentry"],"yoast_head":"<!-- This site is optimized with the Yoast SEO Premium plugin v27.3 (Yoast SEO v27.3) - https:\/\/yoast.com\/product\/yoast-seo-premium-wordpress\/ -->\n<title>Pojazdy rolnicze - NB PARTS GmbH<\/title>\n<meta name=\"description\" content=\"Pojazdy rolnicze - NB PARTS GmbH\" \/>\n<meta name=\"robots\" content=\"index, follow, max-snippet:-1, max-image-preview:large, max-video-preview:-1\" \/>\n<link rel=\"canonical\" href=\"https:\/\/nb-parts.de\/pl\/czesci-zamienne\/pojazdy-rolnicze\/\" \/>\n<meta property=\"og:locale\" content=\"pl_PL\" \/>\n<meta property=\"og:type\" content=\"article\" \/>\n<meta property=\"og:title\" content=\"Pojazdy rolnicze\" \/>\n<meta property=\"og:description\" content=\"Pojazdy rolnicze - NB PARTS GmbH\" \/>\n<meta property=\"og:url\" content=\"https:\/\/nb-parts.de\/pl\/czesci-zamienne\/pojazdy-rolnicze\/\" \/>\n<meta property=\"og:site_name\" content=\"NB PARTS GmbH\" \/>\n<meta property=\"article:modified_time\" content=\"2018-02-13T15:34:18+00:00\" \/>\n<meta property=\"og:image\" content=\"https:\/\/nb-parts.de\/wp-content\/uploads\/2017\/04\/NB-parts-zieht-um.jpg\" \/>\n\t<meta property=\"og:image:width\" content=\"713\" \/>\n\t<meta property=\"og:image:height\" content=\"300\" \/>\n\t<meta property=\"og:image:type\" content=\"image\/jpeg\" \/>\n<meta name=\"twitter:label1\" content=\"Szacowany czas czytania\" \/>\n\t<meta name=\"twitter:data1\" content=\"4 minuty\" \/>\n<script type=\"application\/ld+json\" class=\"yoast-schema-graph\">{\"@context\":\"https:\\\/\\\/schema.org\",\"@graph\":[{\"@type\":\"WebPage\",\"@id\":\"https:\\\/\\\/nb-parts.de\\\/pl\\\/czesci-zamienne\\\/pojazdy-rolnicze\\\/\",\"url\":\"https:\\\/\\\/nb-parts.de\\\/pl\\\/czesci-zamienne\\\/pojazdy-rolnicze\\\/\",\"name\":\"Pojazdy rolnicze - NB PARTS GmbH\",\"isPartOf\":{\"@id\":\"https:\\\/\\\/nb-parts.de\\\/pl\\\/#website\"},\"datePublished\":\"2017-12-28T12:53:48+00:00\",\"dateModified\":\"2018-02-13T15:34:18+00:00\",\"description\":\"Pojazdy rolnicze - NB PARTS GmbH\",\"breadcrumb\":{\"@id\":\"https:\\\/\\\/nb-parts.de\\\/pl\\\/czesci-zamienne\\\/pojazdy-rolnicze\\\/#breadcrumb\"},\"inLanguage\":\"pl-PL\",\"potentialAction\":[{\"@type\":\"ReadAction\",\"target\":[\"https:\\\/\\\/nb-parts.de\\\/pl\\\/czesci-zamienne\\\/pojazdy-rolnicze\\\/\"]}]},{\"@type\":\"BreadcrumbList\",\"@id\":\"https:\\\/\\\/nb-parts.de\\\/pl\\\/czesci-zamienne\\\/pojazdy-rolnicze\\\/#breadcrumb\",\"itemListElement\":[{\"@type\":\"ListItem\",\"position\":1,\"name\":\"Startseite\",\"item\":\"https:\\\/\\\/nb-parts.de\\\/pl\\\/\"},{\"@type\":\"ListItem\",\"position\":2,\"name\":\"CZ\u0118\u015aCI ZAMIENNE\",\"item\":\"https:\\\/\\\/nb-parts.de\\\/pl\\\/czesci-zamienne\\\/\"},{\"@type\":\"ListItem\",\"position\":3,\"name\":\"Pojazdy rolnicze\"}]},{\"@type\":\"WebSite\",\"@id\":\"https:\\\/\\\/nb-parts.de\\\/pl\\\/#website\",\"url\":\"https:\\\/\\\/nb-parts.de\\\/pl\\\/\",\"name\":\"NB PARTS GmbH\",\"description\":\"Ersatzteile - Aufarbeitung - Fertigung\",\"publisher\":{\"@id\":\"https:\\\/\\\/nb-parts.de\\\/pl\\\/#organization\"},\"potentialAction\":[{\"@type\":\"SearchAction\",\"target\":{\"@type\":\"EntryPoint\",\"urlTemplate\":\"https:\\\/\\\/nb-parts.de\\\/pl\\\/?s={search_term_string}\"},\"query-input\":{\"@type\":\"PropertyValueSpecification\",\"valueRequired\":true,\"valueName\":\"search_term_string\"}}],\"inLanguage\":\"pl-PL\"},{\"@type\":\"Organization\",\"@id\":\"https:\\\/\\\/nb-parts.de\\\/pl\\\/#organization\",\"name\":\"NB PARTS GmbH\",\"url\":\"https:\\\/\\\/nb-parts.de\\\/pl\\\/\",\"logo\":{\"@type\":\"ImageObject\",\"inLanguage\":\"pl-PL\",\"@id\":\"https:\\\/\\\/nb-parts.de\\\/pl\\\/#\\\/schema\\\/logo\\\/image\\\/\",\"url\":\"https:\\\/\\\/nb-parts.de\\\/wp-content\\\/uploads\\\/2021\\\/06\\\/LOGO01.jpg\",\"contentUrl\":\"https:\\\/\\\/nb-parts.de\\\/wp-content\\\/uploads\\\/2021\\\/06\\\/LOGO01.jpg\",\"width\":1000,\"height\":1000,\"caption\":\"NB PARTS GmbH\"},\"image\":{\"@id\":\"https:\\\/\\\/nb-parts.de\\\/pl\\\/#\\\/schema\\\/logo\\\/image\\\/\"},\"sameAs\":[\"https:\\\/\\\/www.youtube.com\\\/watch?v=E_90qxvrVlA\"]}]}<\/script>\n<!-- \/ Yoast SEO Premium plugin. -->","yoast_head_json":{"title":"Pojazdy rolnicze - NB PARTS GmbH","description":"Pojazdy rolnicze - NB PARTS GmbH","robots":{"index":"index","follow":"follow","max-snippet":"max-snippet:-1","max-image-preview":"max-image-preview:large","max-video-preview":"max-video-preview:-1"},"canonical":"https:\/\/nb-parts.de\/pl\/czesci-zamienne\/pojazdy-rolnicze\/","og_locale":"pl_PL","og_type":"article","og_title":"Pojazdy rolnicze","og_description":"Pojazdy rolnicze - NB PARTS GmbH","og_url":"https:\/\/nb-parts.de\/pl\/czesci-zamienne\/pojazdy-rolnicze\/","og_site_name":"NB PARTS GmbH","article_modified_time":"2018-02-13T15:34:18+00:00","og_image":[{"width":713,"height":300,"url":"https:\/\/nb-parts.de\/wp-content\/uploads\/2017\/04\/NB-parts-zieht-um.jpg","type":"image\/jpeg"}],"twitter_misc":{"Szacowany czas czytania":"4 minuty"},"schema":{"@context":"https:\/\/schema.org","@graph":[{"@type":"WebPage","@id":"https:\/\/nb-parts.de\/pl\/czesci-zamienne\/pojazdy-rolnicze\/","url":"https:\/\/nb-parts.de\/pl\/czesci-zamienne\/pojazdy-rolnicze\/","name":"Pojazdy rolnicze - NB PARTS GmbH","isPartOf":{"@id":"https:\/\/nb-parts.de\/pl\/#website"},"datePublished":"2017-12-28T12:53:48+00:00","dateModified":"2018-02-13T15:34:18+00:00","description":"Pojazdy rolnicze - NB PARTS GmbH","breadcrumb":{"@id":"https:\/\/nb-parts.de\/pl\/czesci-zamienne\/pojazdy-rolnicze\/#breadcrumb"},"inLanguage":"pl-PL","potentialAction":[{"@type":"ReadAction","target":["https:\/\/nb-parts.de\/pl\/czesci-zamienne\/pojazdy-rolnicze\/"]}]},{"@type":"BreadcrumbList","@id":"https:\/\/nb-parts.de\/pl\/czesci-zamienne\/pojazdy-rolnicze\/#breadcrumb","itemListElement":[{"@type":"ListItem","position":1,"name":"Startseite","item":"https:\/\/nb-parts.de\/pl\/"},{"@type":"ListItem","position":2,"name":"CZ\u0118\u015aCI ZAMIENNE","item":"https:\/\/nb-parts.de\/pl\/czesci-zamienne\/"},{"@type":"ListItem","position":3,"name":"Pojazdy rolnicze"}]},{"@type":"WebSite","@id":"https:\/\/nb-parts.de\/pl\/#website","url":"https:\/\/nb-parts.de\/pl\/","name":"NB PARTS GmbH","description":"Ersatzteile - Aufarbeitung - Fertigung","publisher":{"@id":"https:\/\/nb-parts.de\/pl\/#organization"},"potentialAction":[{"@type":"SearchAction","target":{"@type":"EntryPoint","urlTemplate":"https:\/\/nb-parts.de\/pl\/?s={search_term_string}"},"query-input":{"@type":"PropertyValueSpecification","valueRequired":true,"valueName":"search_term_string"}}],"inLanguage":"pl-PL"},{"@type":"Organization","@id":"https:\/\/nb-parts.de\/pl\/#organization","name":"NB PARTS GmbH","url":"https:\/\/nb-parts.de\/pl\/","logo":{"@type":"ImageObject","inLanguage":"pl-PL","@id":"https:\/\/nb-parts.de\/pl\/#\/schema\/logo\/image\/","url":"https:\/\/nb-parts.de\/wp-content\/uploads\/2021\/06\/LOGO01.jpg","contentUrl":"https:\/\/nb-parts.de\/wp-content\/uploads\/2021\/06\/LOGO01.jpg","width":1000,"height":1000,"caption":"NB PARTS GmbH"},"image":{"@id":"https:\/\/nb-parts.de\/pl\/#\/schema\/logo\/image\/"},"sameAs":["https:\/\/www.youtube.com\/watch?v=E_90qxvrVlA"]}]}},"_links":{"self":[{"href":"https:\/\/nb-parts.de\/pl\/wp-json\/wp\/v2\/pages\/13865","targetHints":{"allow":["GET"]}}],"collection":[{"href":"https:\/\/nb-parts.de\/pl\/wp-json\/wp\/v2\/pages"}],"about":[{"href":"https:\/\/nb-parts.de\/pl\/wp-json\/wp\/v2\/types\/page"}],"author":[{"embeddable":true,"href":"https:\/\/nb-parts.de\/pl\/wp-json\/wp\/v2\/users\/4"}],"replies":[{"embeddable":true,"href":"https:\/\/nb-parts.de\/pl\/wp-json\/wp\/v2\/comments?post=13865"}],"version-history":[{"count":0,"href":"https:\/\/nb-parts.de\/pl\/wp-json\/wp\/v2\/pages\/13865\/revisions"}],"up":[{"embeddable":true,"href":"https:\/\/nb-parts.de\/pl\/wp-json\/wp\/v2\/pages\/20479"}],"wp:attachment":[{"href":"https:\/\/nb-parts.de\/pl\/wp-json\/wp\/v2\/media?parent=13865"}],"curies":[{"name":"wp","href":"https:\/\/api.w.org\/{rel}","templated":true}]}}