{"id":13924,"date":"2018-01-03T15:26:00","date_gmt":"2018-01-03T14:26:00","guid":{"rendered":"https:\/\/nb-parts.de\/industrial-applications\/"},"modified":"2018-02-14T10:56:54","modified_gmt":"2018-02-14T09:56:54","slug":"hamulce-przemyslowe-nb-parts-gmbh","status":"publish","type":"page","link":"https:\/\/nb-parts.de\/pl\/czesci-zamienne\/hamulce-przemyslowe-nb-parts-gmbh\/","title":{"rendered":"Hamulce przemys\u0142owe"},"content":{"rendered":"<p><div class=\"fusion-fullwidth fullwidth-box fusion-builder-row-1 fusion-flex-container nonhundred-percent-fullwidth non-hundred-percent-height-scrolling\" style=\"--awb-border-radius-top-left:0px;--awb-border-radius-top-right:0px;--awb-border-radius-bottom-right:0px;--awb-border-radius-bottom-left:0px;--awb-flex-wrap:wrap;\" ><div class=\"fusion-builder-row fusion-row fusion-flex-align-items-flex-start fusion-flex-content-wrap\" style=\"max-width:calc( 999px + 0px );margin-left: calc(-0px \/ 2 );margin-right: calc(-0px \/ 2 );\"><div class=\"fusion-layout-column fusion_builder_column fusion-builder-column-0 fusion_builder_column_1_1 1_1 fusion-flex-column\" style=\"--awb-bg-size:cover;--awb-width-large:100%;--awb-margin-top-large:0px;--awb-spacing-right-large:0px;--awb-margin-bottom-large:11px;--awb-spacing-left-large:0px;--awb-width-medium:100%;--awb-spacing-right-medium:0px;--awb-spacing-left-medium:0px;--awb-width-small:100%;--awb-spacing-right-small:0px;--awb-spacing-left-small:0px;\"><div class=\"fusion-column-wrapper fusion-flex-justify-content-flex-start fusion-content-layout-column\"><div class=\"fusion-image-element \" style=\"--awb-bottom-shadow-color:rgba(0,0,0,0.4);--awb-caption-title-font-family:var(--h2_typography-font-family);--awb-caption-title-font-weight:var(--h2_typography-font-weight);--awb-caption-title-font-style:var(--h2_typography-font-style);--awb-caption-title-size:var(--h2_typography-font-size);--awb-caption-title-transform:var(--h2_typography-text-transform);--awb-caption-title-line-height:var(--h2_typography-line-height);--awb-caption-title-letter-spacing:var(--h2_typography-letter-spacing);\"><div class=\"awb-image-frame awb-image-frame-1 awb-bottomshadow\"><span class=\" fusion-imageframe imageframe-bottomshadow imageframe-1 hover-type-none\"><img decoding=\"async\" width=\"768\" height=\"200\" title=\"visual_industrie_bremse\" src=\"https:\/\/nb-parts.de\/wp-content\/uploads\/2017\/12\/visual_industrie_bremse.jpg\" alt class=\"img-responsive wp-image-11936\" srcset=\"https:\/\/nb-parts.de\/wp-content\/uploads\/2017\/12\/visual_industrie_bremse-200x52.jpg 200w, https:\/\/nb-parts.de\/wp-content\/uploads\/2017\/12\/visual_industrie_bremse-400x104.jpg 400w, https:\/\/nb-parts.de\/wp-content\/uploads\/2017\/12\/visual_industrie_bremse-600x156.jpg 600w, https:\/\/nb-parts.de\/wp-content\/uploads\/2017\/12\/visual_industrie_bremse.jpg 768w\" sizes=\"(max-width: 640px) 100vw, 768px\" \/><\/span><svg xmlns=\"http:\/\/www.w3.org\/2000\/svg\" version=\"1.1\" width=\"100%\" viewBox=\"0 0 600 28\" preserveAspectRatio=\"none\"><g clip-path=\"url(#a)\"><mask id=\"b\" style=\"mask-type:luminance\" maskUnits=\"userSpaceOnUse\" x=\"0\" y=\"0\" width=\"600\" height=\"28\"><path d=\"M0 0h600v28H0V0Z\" fill=\"#fff\"\/><\/mask><g filter=\"url(#c)\" mask=\"url(#b)\"><path d=\"M16.439-18.667h567.123v30.8S438.961-8.4 300-8.4C161.04-8.4 16.438 12.133 16.438 12.133v-30.8Z\" fill=\"#000\"\/><\/g><\/g><defs><clipPath id=\"a\"><path fill=\"#fff\" d=\"M0 0h600v28H0z\"\/><\/clipPath><filter id=\"c\" x=\"5.438\" y=\"-29.667\" width=\"589.123\" height=\"52.8\" filterUnits=\"userSpaceOnUse\" color-interpolation-filters=\"sRGB\"><feFlood flood-opacity=\"0\" result=\"BackgroundImageFix\"\/><feBlend in=\"SourceGraphic\" in2=\"BackgroundImageFix\" result=\"shape\"\/><feGaussianBlur stdDeviation=\"5.5\" result=\"effect1_foregroundBlur_3983_183\"\/><\/filter><\/defs><\/svg><\/div><\/div><\/div><\/div><\/div><\/div><div class=\"fusion-fullwidth fullwidth-box fusion-builder-row-2 fusion-flex-container nonhundred-percent-fullwidth non-hundred-percent-height-scrolling\" style=\"--awb-border-radius-top-left:0px;--awb-border-radius-top-right:0px;--awb-border-radius-bottom-right:0px;--awb-border-radius-bottom-left:0px;--awb-flex-wrap:wrap;\" ><div class=\"fusion-builder-row fusion-row fusion-flex-align-items-flex-start fusion-flex-content-wrap\" style=\"max-width:1028.97px;margin-left: calc(-3% \/ 2 );margin-right: calc(-3% \/ 2 );\"><div class=\"fusion-layout-column fusion_builder_column fusion-builder-column-1 fusion_builder_column_1_4 1_4 fusion-flex-column\" style=\"--awb-bg-size:cover;--awb-width-large:25%;--awb-margin-top-large:0px;--awb-spacing-right-large:7.76%;--awb-margin-bottom-large:11px;--awb-spacing-left-large:5.82%;--awb-width-medium:25%;--awb-spacing-right-medium:7.76%;--awb-spacing-left-medium:5.82%;--awb-width-small:100%;--awb-spacing-right-small:1.455%;--awb-spacing-left-small:1.455%;\"><div class=\"fusion-column-wrapper fusion-flex-justify-content-flex-start fusion-content-layout-column\"><div style=\"text-align:center;\"><a class=\"fusion-button button-flat button-medium button-lightgray fusion-button-lightgray button-1 fusion-button-span-yes fusion-button-default-type\" target=\"_blank\" rel=\"noopener noreferrer\" href=\"https:\/\/nb-parts.de\/pdf\/catalogues\/nb-parts_industry.pdf\"><i class=\" fa fa-download awb-button__icon awb-button__icon--default button-icon-left\" aria-hidden=\"true\"><\/i><span class=\"fusion-button-text awb-button__text awb-button__text--default\">PRZEMYS\u0141 PDF<\/span><\/a><\/div><\/div><\/div><div class=\"fusion-layout-column fusion_builder_column fusion-builder-column-2 fusion_builder_column_1_4 1_4 fusion-flex-column\" style=\"--awb-bg-size:cover;--awb-width-large:25%;--awb-margin-top-large:0px;--awb-spacing-right-large:7.76%;--awb-margin-bottom-large:11px;--awb-spacing-left-large:7.76%;--awb-width-medium:25%;--awb-spacing-right-medium:7.76%;--awb-spacing-left-medium:7.76%;--awb-width-small:100%;--awb-spacing-right-small:1.455%;--awb-spacing-left-small:1.455%;\"><div class=\"fusion-column-wrapper fusion-flex-justify-content-flex-start fusion-content-layout-column\"><div style=\"text-align:center;\"><a class=\"fusion-button button-flat button-medium button-lightgray fusion-button-lightgray button-2 fusion-button-span-yes fusion-button-default-type\" target=\"_blank\" rel=\"noopener noreferrer\" href=\"https:\/\/nb-parts.de\/pdf\/brochures\/nb-parts-brochure_plates.pdf\"><i class=\" fa fa-download awb-button__icon awb-button__icon--default button-icon-left\" aria-hidden=\"true\"><\/i><span class=\"fusion-button-text awb-button__text awb-button__text--default\">PDF STAL I SPIEK<\/span><\/a><\/div><\/div><\/div><div class=\"fusion-layout-column fusion_builder_column fusion-builder-column-3 fusion_builder_column_1_4 1_4 fusion-flex-column\" style=\"--awb-bg-size:cover;--awb-width-large:25%;--awb-margin-top-large:0px;--awb-spacing-right-large:7.76%;--awb-margin-bottom-large:11px;--awb-spacing-left-large:7.76%;--awb-width-medium:25%;--awb-spacing-right-medium:7.76%;--awb-spacing-left-medium:7.76%;--awb-width-small:100%;--awb-spacing-right-small:1.455%;--awb-spacing-left-small:1.455%;\"><div class=\"fusion-column-wrapper fusion-flex-justify-content-flex-start fusion-content-layout-column\"><div style=\"text-align:center;\"><a class=\"fusion-button button-flat button-medium button-lightgray fusion-button-lightgray button-3 fusion-button-span-yes fusion-button-default-type\" target=\"_blank\" rel=\"noopener noreferrer\" href=\"https:\/\/nb-parts.de\/pdf\/brochures\/nb-parts_clutchbuttons_kupplungssegmente.pdf\"><i class=\" fa fa-download awb-button__icon awb-button__icon--default button-icon-left\" aria-hidden=\"true\"><\/i><span class=\"fusion-button-text awb-button__text awb-button__text--default\">PDF PRZYCISKI SPRZ\u0118G\u0141A<\/span><\/a><\/div><\/div><\/div><div class=\"fusion-layout-column fusion_builder_column fusion-builder-column-4 fusion_builder_column_1_4 1_4 fusion-flex-column\" style=\"--awb-bg-size:cover;--awb-width-large:25%;--awb-margin-top-large:0px;--awb-spacing-right-large:5.82%;--awb-margin-bottom-large:11px;--awb-spacing-left-large:7.76%;--awb-width-medium:25%;--awb-spacing-right-medium:5.82%;--awb-spacing-left-medium:7.76%;--awb-width-small:100%;--awb-spacing-right-small:1.455%;--awb-spacing-left-small:1.455%;\"><div class=\"fusion-column-wrapper fusion-flex-justify-content-flex-start fusion-content-layout-column\"><div style=\"text-align:center;\"><a class=\"fusion-button button-flat button-medium button-lightgray fusion-button-lightgray button-4 fusion-button-span-yes fusion-button-default-type\" target=\"_self\" href=\"https:\/\/nb-parts.de\/en\/friction-materials-organic\/\"><i class=\" fa fa-download awb-button__icon awb-button__icon--default button-icon-left\" aria-hidden=\"true\"><\/i><span class=\"fusion-button-text awb-button__text awb-button__text--default\">PDF Wytwarzanie tarcia<\/span><\/a><\/div><\/div><\/div><\/div><\/div><div class=\"fusion-fullwidth fullwidth-box fusion-builder-row-3 fusion-flex-container nonhundred-percent-fullwidth non-hundred-percent-height-scrolling\" style=\"--awb-background-position:left top;--awb-background-repeat:repeat;--awb-border-radius-top-left:0px;--awb-border-radius-top-right:0px;--awb-border-radius-bottom-right:0px;--awb-border-radius-bottom-left:0px;--awb-padding-top:22px;--awb-border-sizes-top:0px;--awb-border-sizes-bottom:0px;--awb-flex-wrap:wrap;\" ><div class=\"fusion-builder-row fusion-row fusion-flex-align-items-flex-start fusion-flex-content-wrap\" style=\"max-width:1028.97px;margin-left: calc(-3% \/ 2 );margin-right: calc(-3% \/ 2 );\"><div class=\"fusion-layout-column fusion_builder_column fusion-builder-column-5 fusion_builder_column_1_3 1_3 fusion-flex-column fusion-flex-align-self-flex-start fusion-column-no-min-height\" style=\"--awb-bg-size:cover;--awb-width-large:33.333333333333%;--awb-margin-top-large:0px;--awb-spacing-right-large:5.82%;--awb-margin-bottom-large:0px;--awb-spacing-left-large:4.365%;--awb-width-medium:33.333333333333%;--awb-spacing-right-medium:5.82%;--awb-spacing-left-medium:4.365%;--awb-width-small:100%;--awb-spacing-right-small:1.455%;--awb-spacing-left-small:1.455%;\"><div class=\"fusion-column-wrapper fusion-flex-justify-content-flex-start fusion-content-layout-column\"><div class=\"fusion-text fusion-text-1\"><p>Cz\u0119\u015bci oryginalne i nieoryginalne<\/p>\n<h4>DO HAMULC\u00d3W PRZEMYS\u0141OWYCH:<\/h4>\n<p class=\"ABSATZ_GROSS\">Ok\u0142adziny hamulc\u00f3w b\u0119bnowych (szcz\u0119ki), ok\u0142adziny hamulc\u00f3w tarczowych (klocki), pier\u015bcienie cierne, ok\u0142adziny sprz\u0119glowe, tarcze pe\u0142ne, kr\u0105\u017cki, klocki hamulcowe, segmenty, sto\u017cki, wk\u0142adki cierne, tarcze cierne, tarcze sprz\u0119glowe, szcz\u0119ki hamulcowe, ta\u015bmy hamulcowe, p\u0142yty cierne (prasowane, tkane), materia\u0142y \u015blizgowe, ta\u015bmy cierne w kr\u0119gach (walcowane, z siatk\u0105 drucian\u0105, tkane)<\/p>\n<h4>DO NAST\u0118PUJ\u0104CYCH ZASTOSOWA\u0143:<\/h4>\n<h4>MASZYNY PAPIERNICZE<\/h4>\n<h4>(hamulce do Re, Wichita)<\/h4>\n<h4>MASZYNY PRASOWANIA<\/h4>\n<p>(hamulce &amp; sprz\u0119g\u0142a do prasy, M\u00fcller-Weingarten prasa)<\/p>\n<h4>TECHNIKA NAP\u0118DOWA \/ BUDOWA MASZYN<\/h4>\n<p>(hamulce postojowe, hamulce robocze hydrauliczne, hamulce powietrzne ci\u015bnieniowe, hamulce szcz\u0119k hamulcowych wewn\u0119trznych i zewn\u0119trznych, \u015blizgowe sprz\u0119g\u0142a przeci\u0105\u017ceniowe, hamulce ta\u015bmowe, hamulce tarczowe, hamulce b\u0119bnowe)<\/p>\n<h4 class=\"HZWEI_GROSS\">URZ\u0104DZENIA PRZENO\u015aNIKA<\/h4>\n<h4 class=\"HZWEI_GROSS\">URZ\u0104DZENIA ELEKTROWNI<\/h4>\n<h4 class=\"HZWEI_GROSS\">SILNIK ELEKTRYCZNY<\/h4>\n<h4 class=\"HZWEI_GROSS\">URZ\u0104DZENIA ELEKTROWNI WIATROWYCH<\/h4>\n<h4 class=\"HZWEI_GROSS\">WINDY I SPRZ\u0118T D\u0179WIGOWY<\/h4>\n<h4 class=\"HZWEI_GROSS\">PRZEMYS\u0141 W\u0141\u00d3KIENNICZY<\/h4>\n<h4 class=\"HZWEI_GROSS\">SPRZ\u0118T MEDYCZNY<\/h4>\n<h4 class=\"HZWEI_GROSS\">TURBINY<\/h4>\n<h4 class=\"HZWEI_GROSS\">MASZYNY ROLNICZE<\/h4>\n<\/div><\/div><\/div><div class=\"fusion-layout-column fusion_builder_column fusion-builder-column-6 fusion_builder_column_1_3 1_3 fusion-flex-column fusion-flex-align-self-flex-start fusion-column-no-min-height\" style=\"--awb-bg-size:cover;--awb-width-large:33.333333333333%;--awb-margin-top-large:0px;--awb-spacing-right-large:5.82%;--awb-margin-bottom-large:0px;--awb-spacing-left-large:5.82%;--awb-width-medium:33.333333333333%;--awb-spacing-right-medium:5.82%;--awb-spacing-left-medium:5.82%;--awb-width-small:100%;--awb-spacing-right-small:1.455%;--awb-spacing-left-small:1.455%;\"><div class=\"fusion-column-wrapper fusion-flex-justify-content-flex-start fusion-content-layout-column\"><div class=\"fusion-text fusion-text-2\"><p>Produkcja cz\u0119\u015bci zamiennych<\/p>\n<h4>PRODUKUJEMY:<\/h4>\n<p>Materia\u0142y cierne (kauczuk zwi\u0105zany i\/lub \u017cywica syntetyczna zwi\u0105zana) i zwi\u0105zki cierne do specjalnych zastosowa\u0144<\/p>\n<p>Ta\u015bmy cierne w kr\u0119gach &#8211; Uniwersalne<\/p>\n<p>P\u0142yty cierne &#8211; Uniwersalne<\/p>\n<p>Materia\u0142y cierne bez<br \/>\nno\u015bniku ok\u0142adzin &#8211; w kontury<\/p>\n<p>Ok\u0142adziny ham. b\u0119bnowych &#8211; w kontury<\/p>\n<p>Materia\u0142y cierne z<br \/>\nno\u015bnikem ok\u0142adzin &#8211; w kontury<\/p>\n<p>Ok\u0142adziny ham. tarczowych &#8211; w kontury<\/p>\n<p>Materia\u0142y cierne do specjalnych zastosowa\u0144<\/p>\n<\/div><\/div><\/div><div class=\"fusion-layout-column fusion_builder_column fusion-builder-column-7 fusion_builder_column_1_3 1_3 fusion-flex-column fusion-flex-align-self-flex-start fusion-column-no-min-height\" style=\"--awb-bg-size:cover;--awb-width-large:33.333333333333%;--awb-margin-top-large:0px;--awb-spacing-right-large:4.365%;--awb-margin-bottom-large:0px;--awb-spacing-left-large:5.82%;--awb-width-medium:33.333333333333%;--awb-spacing-right-medium:4.365%;--awb-spacing-left-medium:5.82%;--awb-width-small:100%;--awb-spacing-right-small:1.455%;--awb-spacing-left-small:1.455%;\"><div class=\"fusion-column-wrapper fusion-flex-justify-content-flex-start fusion-content-layout-column\"><div class=\"fusion-text fusion-text-3\"><p>Regeneracja zu\u017cytych element\u00f3w<\/p>\n<h4>WYMIANA OK\u0141ADZIN CIERNYCH:<\/h4>\n<p>Szcz\u0119ki hamulcowe, tarcze hamulcowe (max.\u00d8=4m), segmenty, d\u017awignie hamulca, zapadki, sto\u017cki i klocki hamulcowe<\/p>\n<h4>ODNAWIANIE:<\/h4>\n<p>Sprz\u0119g\u0142a, tarcze zamachowe i dociskowe<\/p>\n<\/div><\/div><\/div><\/div><\/div><\/p>\n","protected":false},"excerpt":{"rendered":"","protected":false},"author":4,"featured_media":0,"parent":20479,"menu_order":0,"comment_status":"closed","ping_status":"closed","template":"","meta":{"footnotes":""},"class_list":["post-13924","page","type-page","status-publish","hentry"],"yoast_head":"<!-- This site is optimized with the Yoast SEO Premium plugin v27.4 (Yoast SEO v27.4) - https:\/\/yoast.com\/product\/yoast-seo-premium-wordpress\/ -->\n<title>Hamulce przemys\u0142owe - NB PARTS GmbH<\/title>\n<meta name=\"description\" content=\"Hamulce przemys\u0142owe - NB PARTS GmbH\" \/>\n<meta name=\"robots\" content=\"index, follow, max-snippet:-1, max-image-preview:large, max-video-preview:-1\" \/>\n<link rel=\"canonical\" href=\"https:\/\/nb-parts.de\/pl\/czesci-zamienne\/hamulce-przemyslowe-nb-parts-gmbh\/\" \/>\n<meta property=\"og:locale\" content=\"pl_PL\" \/>\n<meta property=\"og:type\" content=\"article\" \/>\n<meta property=\"og:title\" content=\"Hamulce przemys\u0142owe\" \/>\n<meta property=\"og:description\" content=\"Hamulce przemys\u0142owe - NB PARTS GmbH\" \/>\n<meta property=\"og:url\" content=\"https:\/\/nb-parts.de\/pl\/czesci-zamienne\/hamulce-przemyslowe-nb-parts-gmbh\/\" \/>\n<meta property=\"og:site_name\" content=\"NB PARTS GmbH\" \/>\n<meta property=\"article:modified_time\" content=\"2018-02-14T09:56:54+00:00\" \/>\n<meta property=\"og:image\" content=\"https:\/\/nb-parts.de\/wp-content\/uploads\/2017\/04\/NB-parts-zieht-um.jpg\" \/>\n\t<meta property=\"og:image:width\" content=\"713\" \/>\n\t<meta property=\"og:image:height\" content=\"300\" \/>\n\t<meta property=\"og:image:type\" content=\"image\/jpeg\" \/>\n<meta name=\"twitter:label1\" content=\"Szacowany czas czytania\" \/>\n\t<meta name=\"twitter:data1\" content=\"8 minut\" \/>\n<script type=\"application\/ld+json\" class=\"yoast-schema-graph\">{\"@context\":\"https:\\\/\\\/schema.org\",\"@graph\":[{\"@type\":\"WebPage\",\"@id\":\"https:\\\/\\\/nb-parts.de\\\/pl\\\/czesci-zamienne\\\/hamulce-przemyslowe-nb-parts-gmbh\\\/\",\"url\":\"https:\\\/\\\/nb-parts.de\\\/pl\\\/czesci-zamienne\\\/hamulce-przemyslowe-nb-parts-gmbh\\\/\",\"name\":\"Hamulce przemys\u0142owe - NB PARTS GmbH\",\"isPartOf\":{\"@id\":\"https:\\\/\\\/nb-parts.de\\\/pl\\\/#website\"},\"datePublished\":\"2018-01-03T14:26:00+00:00\",\"dateModified\":\"2018-02-14T09:56:54+00:00\",\"description\":\"Hamulce przemys\u0142owe - NB PARTS GmbH\",\"breadcrumb\":{\"@id\":\"https:\\\/\\\/nb-parts.de\\\/pl\\\/czesci-zamienne\\\/hamulce-przemyslowe-nb-parts-gmbh\\\/#breadcrumb\"},\"inLanguage\":\"pl-PL\",\"potentialAction\":[{\"@type\":\"ReadAction\",\"target\":[\"https:\\\/\\\/nb-parts.de\\\/pl\\\/czesci-zamienne\\\/hamulce-przemyslowe-nb-parts-gmbh\\\/\"]}]},{\"@type\":\"BreadcrumbList\",\"@id\":\"https:\\\/\\\/nb-parts.de\\\/pl\\\/czesci-zamienne\\\/hamulce-przemyslowe-nb-parts-gmbh\\\/#breadcrumb\",\"itemListElement\":[{\"@type\":\"ListItem\",\"position\":1,\"name\":\"Startseite\",\"item\":\"https:\\\/\\\/nb-parts.de\\\/pl\\\/\"},{\"@type\":\"ListItem\",\"position\":2,\"name\":\"CZ\u0118\u015aCI ZAMIENNE\",\"item\":\"https:\\\/\\\/nb-parts.de\\\/pl\\\/czesci-zamienne\\\/\"},{\"@type\":\"ListItem\",\"position\":3,\"name\":\"Hamulce przemys\u0142owe\"}]},{\"@type\":\"WebSite\",\"@id\":\"https:\\\/\\\/nb-parts.de\\\/pl\\\/#website\",\"url\":\"https:\\\/\\\/nb-parts.de\\\/pl\\\/\",\"name\":\"NB PARTS GmbH\",\"description\":\"Ersatzteile - Aufarbeitung - Fertigung\",\"publisher\":{\"@id\":\"https:\\\/\\\/nb-parts.de\\\/pl\\\/#organization\"},\"potentialAction\":[{\"@type\":\"SearchAction\",\"target\":{\"@type\":\"EntryPoint\",\"urlTemplate\":\"https:\\\/\\\/nb-parts.de\\\/pl\\\/?s={search_term_string}\"},\"query-input\":{\"@type\":\"PropertyValueSpecification\",\"valueRequired\":true,\"valueName\":\"search_term_string\"}}],\"inLanguage\":\"pl-PL\"},{\"@type\":\"Organization\",\"@id\":\"https:\\\/\\\/nb-parts.de\\\/pl\\\/#organization\",\"name\":\"NB PARTS GmbH\",\"url\":\"https:\\\/\\\/nb-parts.de\\\/pl\\\/\",\"logo\":{\"@type\":\"ImageObject\",\"inLanguage\":\"pl-PL\",\"@id\":\"https:\\\/\\\/nb-parts.de\\\/pl\\\/#\\\/schema\\\/logo\\\/image\\\/\",\"url\":\"https:\\\/\\\/nb-parts.de\\\/wp-content\\\/uploads\\\/2021\\\/06\\\/LOGO01.jpg\",\"contentUrl\":\"https:\\\/\\\/nb-parts.de\\\/wp-content\\\/uploads\\\/2021\\\/06\\\/LOGO01.jpg\",\"width\":1000,\"height\":1000,\"caption\":\"NB PARTS GmbH\"},\"image\":{\"@id\":\"https:\\\/\\\/nb-parts.de\\\/pl\\\/#\\\/schema\\\/logo\\\/image\\\/\"},\"sameAs\":[\"https:\\\/\\\/www.youtube.com\\\/watch?v=E_90qxvrVlA\"]}]}<\/script>\n<!-- \/ Yoast SEO Premium plugin. -->","yoast_head_json":{"title":"Hamulce przemys\u0142owe - NB PARTS GmbH","description":"Hamulce przemys\u0142owe - NB PARTS GmbH","robots":{"index":"index","follow":"follow","max-snippet":"max-snippet:-1","max-image-preview":"max-image-preview:large","max-video-preview":"max-video-preview:-1"},"canonical":"https:\/\/nb-parts.de\/pl\/czesci-zamienne\/hamulce-przemyslowe-nb-parts-gmbh\/","og_locale":"pl_PL","og_type":"article","og_title":"Hamulce przemys\u0142owe","og_description":"Hamulce przemys\u0142owe - NB PARTS GmbH","og_url":"https:\/\/nb-parts.de\/pl\/czesci-zamienne\/hamulce-przemyslowe-nb-parts-gmbh\/","og_site_name":"NB PARTS GmbH","article_modified_time":"2018-02-14T09:56:54+00:00","og_image":[{"width":713,"height":300,"url":"https:\/\/nb-parts.de\/wp-content\/uploads\/2017\/04\/NB-parts-zieht-um.jpg","type":"image\/jpeg"}],"twitter_misc":{"Szacowany czas czytania":"8 minut"},"schema":{"@context":"https:\/\/schema.org","@graph":[{"@type":"WebPage","@id":"https:\/\/nb-parts.de\/pl\/czesci-zamienne\/hamulce-przemyslowe-nb-parts-gmbh\/","url":"https:\/\/nb-parts.de\/pl\/czesci-zamienne\/hamulce-przemyslowe-nb-parts-gmbh\/","name":"Hamulce przemys\u0142owe - NB PARTS GmbH","isPartOf":{"@id":"https:\/\/nb-parts.de\/pl\/#website"},"datePublished":"2018-01-03T14:26:00+00:00","dateModified":"2018-02-14T09:56:54+00:00","description":"Hamulce przemys\u0142owe - NB PARTS GmbH","breadcrumb":{"@id":"https:\/\/nb-parts.de\/pl\/czesci-zamienne\/hamulce-przemyslowe-nb-parts-gmbh\/#breadcrumb"},"inLanguage":"pl-PL","potentialAction":[{"@type":"ReadAction","target":["https:\/\/nb-parts.de\/pl\/czesci-zamienne\/hamulce-przemyslowe-nb-parts-gmbh\/"]}]},{"@type":"BreadcrumbList","@id":"https:\/\/nb-parts.de\/pl\/czesci-zamienne\/hamulce-przemyslowe-nb-parts-gmbh\/#breadcrumb","itemListElement":[{"@type":"ListItem","position":1,"name":"Startseite","item":"https:\/\/nb-parts.de\/pl\/"},{"@type":"ListItem","position":2,"name":"CZ\u0118\u015aCI ZAMIENNE","item":"https:\/\/nb-parts.de\/pl\/czesci-zamienne\/"},{"@type":"ListItem","position":3,"name":"Hamulce przemys\u0142owe"}]},{"@type":"WebSite","@id":"https:\/\/nb-parts.de\/pl\/#website","url":"https:\/\/nb-parts.de\/pl\/","name":"NB PARTS GmbH","description":"Ersatzteile - Aufarbeitung - Fertigung","publisher":{"@id":"https:\/\/nb-parts.de\/pl\/#organization"},"potentialAction":[{"@type":"SearchAction","target":{"@type":"EntryPoint","urlTemplate":"https:\/\/nb-parts.de\/pl\/?s={search_term_string}"},"query-input":{"@type":"PropertyValueSpecification","valueRequired":true,"valueName":"search_term_string"}}],"inLanguage":"pl-PL"},{"@type":"Organization","@id":"https:\/\/nb-parts.de\/pl\/#organization","name":"NB PARTS GmbH","url":"https:\/\/nb-parts.de\/pl\/","logo":{"@type":"ImageObject","inLanguage":"pl-PL","@id":"https:\/\/nb-parts.de\/pl\/#\/schema\/logo\/image\/","url":"https:\/\/nb-parts.de\/wp-content\/uploads\/2021\/06\/LOGO01.jpg","contentUrl":"https:\/\/nb-parts.de\/wp-content\/uploads\/2021\/06\/LOGO01.jpg","width":1000,"height":1000,"caption":"NB PARTS GmbH"},"image":{"@id":"https:\/\/nb-parts.de\/pl\/#\/schema\/logo\/image\/"},"sameAs":["https:\/\/www.youtube.com\/watch?v=E_90qxvrVlA"]}]}},"_links":{"self":[{"href":"https:\/\/nb-parts.de\/pl\/wp-json\/wp\/v2\/pages\/13924","targetHints":{"allow":["GET"]}}],"collection":[{"href":"https:\/\/nb-parts.de\/pl\/wp-json\/wp\/v2\/pages"}],"about":[{"href":"https:\/\/nb-parts.de\/pl\/wp-json\/wp\/v2\/types\/page"}],"author":[{"embeddable":true,"href":"https:\/\/nb-parts.de\/pl\/wp-json\/wp\/v2\/users\/4"}],"replies":[{"embeddable":true,"href":"https:\/\/nb-parts.de\/pl\/wp-json\/wp\/v2\/comments?post=13924"}],"version-history":[{"count":0,"href":"https:\/\/nb-parts.de\/pl\/wp-json\/wp\/v2\/pages\/13924\/revisions"}],"up":[{"embeddable":true,"href":"https:\/\/nb-parts.de\/pl\/wp-json\/wp\/v2\/pages\/20479"}],"wp:attachment":[{"href":"https:\/\/nb-parts.de\/pl\/wp-json\/wp\/v2\/media?parent=13924"}],"curies":[{"name":"wp","href":"https:\/\/api.w.org\/{rel}","templated":true}]}}