{"id":13970,"date":"2017-12-13T14:14:23","date_gmt":"2017-12-13T13:14:23","guid":{"rendered":"https:\/\/nb-parts.de\/friction-materials-sintered\/"},"modified":"2020-08-20T14:15:38","modified_gmt":"2020-08-20T12:15:38","slug":"materialy-cierne-spiekane-nb-parts-gmbh","status":"publish","type":"page","link":"https:\/\/nb-parts.de\/pl\/produkcja\/materialy-cierne-spiekane-nb-parts-gmbh\/","title":{"rendered":"Materia\u0142y cierne spiekane"},"content":{"rendered":"<p><div class=\"fusion-fullwidth fullwidth-box fusion-builder-row-1 fusion-flex-container nonhundred-percent-fullwidth non-hundred-percent-height-scrolling\" style=\"--awb-border-radius-top-left:0px;--awb-border-radius-top-right:0px;--awb-border-radius-bottom-right:0px;--awb-border-radius-bottom-left:0px;--awb-flex-wrap:wrap;\" ><div class=\"fusion-builder-row fusion-row fusion-flex-align-items-flex-start fusion-flex-content-wrap\" style=\"max-width:calc( 999px + 0px );margin-left: calc(-0px \/ 2 );margin-right: calc(-0px \/ 2 );\"><div class=\"fusion-layout-column fusion_builder_column fusion-builder-column-0 fusion_builder_column_1_1 1_1 fusion-flex-column\" style=\"--awb-bg-size:cover;--awb-width-large:100%;--awb-margin-top-large:0px;--awb-spacing-right-large:0px;--awb-margin-bottom-large:11px;--awb-spacing-left-large:0px;--awb-width-medium:100%;--awb-spacing-right-medium:0px;--awb-spacing-left-medium:0px;--awb-width-small:100%;--awb-spacing-right-small:0px;--awb-spacing-left-small:0px;\"><div class=\"fusion-column-wrapper fusion-flex-justify-content-flex-start fusion-content-layout-column\"><div class=\"fusion-image-element \" style=\"--awb-bottom-shadow-color:rgba(0,0,0,0.4);--awb-caption-title-font-family:var(--h2_typography-font-family);--awb-caption-title-font-weight:var(--h2_typography-font-weight);--awb-caption-title-font-style:var(--h2_typography-font-style);--awb-caption-title-size:var(--h2_typography-font-size);--awb-caption-title-transform:var(--h2_typography-text-transform);--awb-caption-title-line-height:var(--h2_typography-line-height);--awb-caption-title-letter-spacing:var(--h2_typography-letter-spacing);\"><div class=\"awb-image-frame awb-image-frame-1 awb-bottomshadow\"><span class=\" fusion-imageframe imageframe-bottomshadow imageframe-1 hover-type-none\"><img decoding=\"async\" width=\"768\" height=\"200\" title=\"visual_fertig_sinterprodukte\" src=\"https:\/\/nb-parts.de\/wp-content\/uploads\/2017\/12\/visual_fertig_sinterprodukte.jpg\" alt class=\"img-responsive wp-image-11993\" srcset=\"https:\/\/nb-parts.de\/wp-content\/uploads\/2017\/12\/visual_fertig_sinterprodukte-200x52.jpg 200w, https:\/\/nb-parts.de\/wp-content\/uploads\/2017\/12\/visual_fertig_sinterprodukte-400x104.jpg 400w, https:\/\/nb-parts.de\/wp-content\/uploads\/2017\/12\/visual_fertig_sinterprodukte-600x156.jpg 600w, https:\/\/nb-parts.de\/wp-content\/uploads\/2017\/12\/visual_fertig_sinterprodukte.jpg 768w\" sizes=\"(max-width: 640px) 100vw, 768px\" \/><\/span><svg xmlns=\"http:\/\/www.w3.org\/2000\/svg\" version=\"1.1\" width=\"100%\" viewBox=\"0 0 600 28\" preserveAspectRatio=\"none\"><g clip-path=\"url(#a)\"><mask id=\"b\" style=\"mask-type:luminance\" maskUnits=\"userSpaceOnUse\" x=\"0\" y=\"0\" width=\"600\" height=\"28\"><path d=\"M0 0h600v28H0V0Z\" fill=\"#fff\"\/><\/mask><g filter=\"url(#c)\" mask=\"url(#b)\"><path d=\"M16.439-18.667h567.123v30.8S438.961-8.4 300-8.4C161.04-8.4 16.438 12.133 16.438 12.133v-30.8Z\" fill=\"#000\"\/><\/g><\/g><defs><clipPath id=\"a\"><path fill=\"#fff\" d=\"M0 0h600v28H0z\"\/><\/clipPath><filter id=\"c\" x=\"5.438\" y=\"-29.667\" width=\"589.123\" height=\"52.8\" filterUnits=\"userSpaceOnUse\" color-interpolation-filters=\"sRGB\"><feFlood flood-opacity=\"0\" result=\"BackgroundImageFix\"\/><feBlend in=\"SourceGraphic\" in2=\"BackgroundImageFix\" result=\"shape\"\/><feGaussianBlur stdDeviation=\"5.5\" result=\"effect1_foregroundBlur_3983_183\"\/><\/filter><\/defs><\/svg><\/div><\/div><\/div><\/div><\/div><\/div><div class=\"fusion-fullwidth fullwidth-box fusion-builder-row-2 fusion-flex-container nonhundred-percent-fullwidth non-hundred-percent-height-scrolling\" style=\"--awb-border-radius-top-left:0px;--awb-border-radius-top-right:0px;--awb-border-radius-bottom-right:0px;--awb-border-radius-bottom-left:0px;--awb-flex-wrap:wrap;\" ><div class=\"fusion-builder-row fusion-row fusion-flex-align-items-flex-start fusion-flex-content-wrap\" style=\"max-width:1028.97px;margin-left: calc(-3% \/ 2 );margin-right: calc(-3% \/ 2 );\"><div class=\"fusion-layout-column fusion_builder_column fusion-builder-column-1 fusion_builder_column_1_4 1_4 fusion-flex-column\" style=\"--awb-bg-size:cover;--awb-width-large:25%;--awb-margin-top-large:0px;--awb-spacing-right-large:5.82%;--awb-margin-bottom-large:11px;--awb-spacing-left-large:5.82%;--awb-width-medium:25%;--awb-spacing-right-medium:5.82%;--awb-spacing-left-medium:5.82%;--awb-width-small:100%;--awb-spacing-right-small:1.455%;--awb-spacing-left-small:1.455%;\"><div class=\"fusion-column-wrapper fusion-flex-justify-content-flex-start fusion-content-layout-column\"><div style=\"text-align:center;\"><a class=\"fusion-button button-flat button-medium button-lightgray fusion-button-lightgray button-1 fusion-button-span-yes fusion-button-default-type\" target=\"_blank\" rel=\"noopener noreferrer\" href=\"https:\/\/nb-parts.de\/pdf\/brochures\/nb-parts-brochure_plates.pdf\"><i class=\" fa fa-download awb-button__icon awb-button__icon--default button-icon-left\" aria-hidden=\"true\"><\/i><span class=\"fusion-button-text awb-button__text awb-button__text--default\">PDF Sinter &amp; steel plates<\/span><\/a><\/div><\/div><\/div><div class=\"fusion-layout-column fusion_builder_column fusion-builder-column-2 fusion_builder_column_1_4 1_4 fusion-flex-column\" style=\"--awb-bg-size:cover;--awb-width-large:25%;--awb-margin-top-large:0px;--awb-spacing-right-large:5.82%;--awb-margin-bottom-large:11px;--awb-spacing-left-large:5.82%;--awb-width-medium:25%;--awb-spacing-right-medium:5.82%;--awb-spacing-left-medium:5.82%;--awb-width-small:100%;--awb-spacing-right-small:1.455%;--awb-spacing-left-small:1.455%;\"><div class=\"fusion-column-wrapper fusion-flex-justify-content-flex-start fusion-content-layout-column\"><div style=\"text-align:center;\"><a class=\"fusion-button button-flat button-medium button-lightgray fusion-button-lightgray button-2 fusion-button-span-yes fusion-button-default-type\" target=\"_blank\" rel=\"noopener noreferrer\" href=\"https:\/\/nb-parts.de\/pdf\/brochures\/nb-parts_clutchbuttons_kupplungssegmente.pdf\"><i class=\" fa fa-download awb-button__icon awb-button__icon--default button-icon-left\" aria-hidden=\"true\"><\/i><span class=\"fusion-button-text awb-button__text awb-button__text--default\">PDF Clutch buttons<\/span><\/a><\/div><\/div><\/div><div class=\"fusion-layout-column fusion_builder_column fusion-builder-column-3 fusion_builder_column_1_4 1_4 fusion-flex-column\" style=\"--awb-bg-size:cover;--awb-width-large:25%;--awb-margin-top-large:0px;--awb-spacing-right-large:5.82%;--awb-margin-bottom-large:11px;--awb-spacing-left-large:5.82%;--awb-width-medium:25%;--awb-spacing-right-medium:5.82%;--awb-spacing-left-medium:5.82%;--awb-width-small:100%;--awb-spacing-right-small:1.455%;--awb-spacing-left-small:1.455%;\"><div class=\"fusion-column-wrapper fusion-flex-justify-content-flex-start fusion-content-layout-column\"><div style=\"text-align:center;\"><a class=\"fusion-button button-flat button-medium button-lightgray fusion-button-lightgray button-3 fusion-button-span-yes fusion-button-default-type\" target=\"_blank\" rel=\"noopener noreferrer\" href=\"https:\/\/nb-parts.de\/pdf\/info\/nb-parts_processing_sinter.pdf\"><i class=\" fa fa-download awb-button__icon awb-button__icon--default button-icon-left\" aria-hidden=\"true\"><\/i><span class=\"fusion-button-text awb-button__text awb-button__text--default\">PDF Process Sinter<\/span><\/a><\/div><\/div><\/div><div class=\"fusion-layout-column fusion_builder_column fusion-builder-column-4 fusion_builder_column_1_4 1_4 fusion-flex-column\" style=\"--awb-bg-size:cover;--awb-width-large:25%;--awb-margin-top-large:0px;--awb-spacing-right-large:5.82%;--awb-margin-bottom-large:11px;--awb-spacing-left-large:5.82%;--awb-width-medium:25%;--awb-spacing-right-medium:5.82%;--awb-spacing-left-medium:5.82%;--awb-width-small:100%;--awb-spacing-right-small:1.455%;--awb-spacing-left-small:1.455%;\"><div class=\"fusion-column-wrapper fusion-flex-justify-content-flex-start fusion-content-layout-column\"><div style=\"text-align:center;\"><a class=\"fusion-button button-flat button-medium button-lightgray fusion-button-lightgray button-4 fusion-button-span-yes fusion-button-default-type\" target=\"_blank\" rel=\"noopener noreferrer\" href=\"https:\/\/nb-parts.de\/pdf\/info\/nb-parts_processing_sprinkle-sinter.pdf\"><i class=\" fa fa-download awb-button__icon awb-button__icon--default button-icon-left\" aria-hidden=\"true\"><\/i><span class=\"fusion-button-text awb-button__text awb-button__text--default\">PDF Process sprinkle sinter<\/span><\/a><\/div><\/div><\/div><div class=\"fusion-layout-column fusion_builder_column fusion-builder-column-5 fusion_builder_column_1_1 1_1 fusion-flex-column\" style=\"--awb-bg-size:cover;--awb-width-large:100%;--awb-margin-top-large:0px;--awb-spacing-right-large:1.455%;--awb-margin-bottom-large:11px;--awb-spacing-left-large:1.455%;--awb-width-medium:100%;--awb-spacing-right-medium:1.455%;--awb-spacing-left-medium:1.455%;--awb-width-small:100%;--awb-spacing-right-small:1.455%;--awb-spacing-left-small:1.455%;\"><div class=\"fusion-column-wrapper fusion-flex-justify-content-flex-start fusion-content-layout-column\"><\/div><\/div><\/div><\/div><div class=\"fusion-fullwidth fullwidth-box fusion-builder-row-3 fusion-flex-container nonhundred-percent-fullwidth non-hundred-percent-height-scrolling\" style=\"--awb-background-position:left top;--awb-background-repeat:repeat;--awb-border-sizes-top:0px;--awb-border-sizes-bottom:0px;--awb-border-sizes-left:0px;--awb-border-sizes-right:0px;--awb-border-radius-top-left:0px;--awb-border-radius-top-right:0px;--awb-border-radius-bottom-right:0px;--awb-border-radius-bottom-left:0px;--awb-padding-top:22px;--awb-flex-wrap:wrap;\" ><div class=\"fusion-builder-row fusion-row fusion-flex-align-items-flex-start fusion-flex-content-wrap\" style=\"max-width:1028.97px;margin-left: calc(-3% \/ 2 );margin-right: calc(-3% \/ 2 );\"><div class=\"fusion-layout-column fusion_builder_column fusion-builder-column-6 fusion_builder_column_2_3 2_3 fusion-flex-column fusion-flex-align-self-flex-start fusion-column-no-min-height\" style=\"--awb-bg-size:cover;--awb-width-large:66.666666666667%;--awb-margin-top-large:0px;--awb-spacing-right-large:3.88%;--awb-margin-bottom-large:0px;--awb-spacing-left-large:2.1825%;--awb-width-medium:66.666666666667%;--awb-spacing-right-medium:3.88%;--awb-spacing-left-medium:2.1825%;--awb-width-small:100%;--awb-spacing-right-small:1.455%;--awb-spacing-left-small:1.455%;\"><div class=\"fusion-column-wrapper fusion-flex-justify-content-flex-start fusion-content-layout-column\"><div class=\"fusion-text fusion-text-1\"><h4>SPIEKANE MATERIA\u0141Y CIERNE<\/h4>\n<p><strong>Zastosowania przemys\u0142owe<\/strong><br \/>\nMateria\u0142y cierne do metalurgii proszk\u00f3w s\u0105 oparte na spiekanych metalowych matrycach, w kt\u00f3re wbudowane s\u0105 mineralne, metaliczne, niemetaliczne lub ceramiczne \u015brodki, a tak\u017ce materia\u0142y \u015bcierne i sta\u0142e \u015brodki smarne. Formowanie kompozytowych materia\u0142\u00f3w ciernych i procentowa zawarto\u015b\u0107 metalicznej osnowy determinuj\u0105 znacznie dobr\u0105 przewodno\u015b\u0107 ciepln\u0105 i wy\u017csz\u0105 odporno\u015b\u0107 na ciep\u0142o. Spiekane ok\u0142adziny cierne nadaj\u0105 si\u0119 do pracy w zastosowaniach o wysokim obci\u0105\u017ceniu cieplnym (np. Sprz\u0119g\u0142a i hamulce w technice nap\u0119dowej, w przemy\u015ble maszynowym i w ci\u0119\u017ckich pojazdach u\u017cytkowych, w tym w ci\u0105gnikach rolniczych i maszynach budowlanych) do system\u00f3w mokrych i suchych.<\/p>\n<p>Podczas proces\u00f3w spiekania mieszaniny proszkowe s\u0105 ogrzewane (spiekane) do temperatur poni\u017cej temperatury topnienia i kontrolowanej atmosfery ochronnej. W ten spos\u00f3b uciekaj\u0105 gazy, co prowadzi do typowej otwartej porowato\u015bci spiekanych materia\u0142\u00f3w ciernych. Nawet cie\u0144sze ok\u0142adziny spiek\u00f3w o wysokiej porowatej fakturze mo\u017cna uzyska\u0107 przez proces zraszania, w wyniku czego bardzo porowate warstwy cierne podtrzymuj\u0105 p\u0142yn ch\u0142odz\u0105cy i cyrkulacj\u0119 oleju. Produkcja spiekanych materia\u0142\u00f3w ciernych jest przeprowadzana przez niezale\u017cnych partner\u00f3w posiadaj\u0105cych certyfikat ISO.<\/p>\n<p><strong>D\u0179WIGNIE HAMULCOWE DO WSPORNIK\u00d3W<\/strong><br \/>\nGeneralnie umieszczone w kategorii tarcze cierne, mokre tarcze hamulcowe (w pakietach tarczy hamulcowej) dzia\u0142aj\u0105 w zanurzonych w oleju hamulcach wielotarczowych i hamulcach z pochylni\u0105 kulist\u0105, zwanych r\u00f3wnie\u017c hamulcami pneumatycznymi lub hamulcami kulowymi. Zw\u0142aszcza w silnikach wysokopr\u0119\u017cnych i pojazdach ci\u0119\u017carowych, mokre tarcze hamulcowe s\u0105 cz\u0119sto wymienione jako tarcze hamulcowe wy\u0142o\u017cone liniami. Opr\u00f3cz ok\u0142adzin tarczowych (ok\u0142adzin) wykonanych z materia\u0142u ciernego na bazie organicznej do zastosowa\u0144 suchych, tarcze cierne ze spiekanymi ok\u0142adzinami ciernymi s\u0105 ponadto wymagane w k\u0105pieli olejowej i mokrej.<br \/>\n1) mokre tarcze hamulcowe o r\u00f3\u017cnych geometriach<br \/>\n2) ok\u0142adziny hamulcowe r\u00f3\u017cnych materia\u0142\u00f3w ciernych (dost\u0119pne r\u00f3wnie\u017c ok\u0142adziny z papieru i grafitu)<br \/>\n3) szeroki zakres wzor\u00f3w powierzchni ciernych i wzor\u00f3w rowk\u00f3w<br \/>\n&#8230; (Waffle, Sunburst, Radial, Spiral, Plan, Parallel, 2 i 3 pass multiple parallel, kombinacje)<br \/>\n4) podk\u0142adki podpieraj\u0105ce w r\u00f3\u017cnych opcjach, uz\u0119bienie wewn\u0119trzne (standardowe, wzmocnione)<br \/>\n5) dopasowywanie po\u015brednich dysk\u00f3w<\/p>\n<p><strong>TARCZE I TARCIE STALOWE<\/strong><br \/>\nNale\u017c\u0105ce r\u00f3wnie\u017c do kategorii tarcze cierne, tarcze cierne i ich p\u0142ytki oporowe (lub tarcze przeciwleg\u0142e lub tarcze) u\u0142o\u017cone w paczki tarczowe w nie dodatnich sprz\u0119gach ciernych i hamulcach ciernych.<br \/>\nNiezale\u017cnie od tego, czy s\u0105 zainstalowane sprz\u0119g\u0142a zmiany bieg\u00f3w, sprz\u0119g\u0142a bezpiecze\u0144stwa czy hamulce przytrzymuj\u0105ce &#8211; hamulce wielotarczowe i sprz\u0119g\u0142a wielop\u0142ytkowe (zwane tak\u017ce sprz\u0119g\u0142ami wielotarczowymi lub sprz\u0119g\u0142ami tarcia), dzia\u0142aj\u0105 w r\u00f3\u017cnych zastosowaniach nap\u0119d\u00f3w i przek\u0142adni na suchych i mokrych nawierzchniach. Projekt techniczny materia\u0142\u00f3w ciernych oraz kszta\u0142t i wz\u00f3r tarcia i p\u0142yt stalowych zale\u017c\u0105 od r\u00f3\u017cnych parametr\u00f3w, takich jak parowanie tarcia, zu\u017cycie, nacisk powierzchniowy, temperatura, pr\u0119dko\u015b\u0107 tarcia, przep\u0142yw oleju, smarowanie i inne.<br \/>\n1) ok\u0142adziny z br\u0105zu spiekanego o r\u00f3\u017cnej grubo\u015bci (na przyk\u0142ad cienka warstwa spieku w procesie zraszania)<br \/>\n2) du\u017ca r\u00f3\u017cnorodno\u015b\u0107 wzor\u00f3w powierzchni ciernych, wzor\u00f3w rowk\u00f3w i kana\u0142\u00f3w olejowych<br \/>\n&#8230; (Waffle, Sunburst, Radial, Spiral, Plan, Parallel, 2 i 3 pass multiple parallel, kombinacje)<br \/>\n3) monta\u017c warstwy spieku (jednostronny lub dwustronny, pier\u015bcieniowy lub segmentowy, spiekany \/ klejony \/ nitowany)<br \/>\n4) warunki pracy na mokro i na sucho<br \/>\n5) tarcza cierna alternatywnie wy\u0142o\u017cona w\u0119glem, elastomerem, grafitem, wyk\u0142adziny na bazie papieru<br \/>\n?? (partner powierzchniowy tarcia: stal, staliwo, \u017celiwo szare)<br \/>\n6) p\u0142ytki wewn\u0119trzne i zewn\u0119trzne (profil nap\u0119dowy: wypusty, ucha, gniazda)<br \/>\n7) stalowe blachy i p\u0142yty oporowe o wymaganej grubo\u015bci<br \/>\n&#8230; (hardend, z rowkami, wg\u0142\u0119bieniami, fal\u0105 sinusoidaln\u0105)<\/p>\n<p><strong>ZAPALONE TARCZE FRICTION<\/strong><br \/>\nPrzymocowane do podk\u0142adek tarcze i zgrupowane w kategorii tarczowych klock\u00f3w hamulcowych, spiekane klocki cierne pracuj\u0105 w r\u00f3\u017cnych hamulcach tarczy hamulcowej. Ze wzgl\u0119du na szeroki zakres zastosowa\u0144 hamulc\u00f3w tarczowych, zwolnionych i aktywowanych na wiele sposob\u00f3w, czy to elektromagnetycznie, elektromechanicznie, pneumatycznie, hydraulicznie, r\u0119cznie, spr\u0119\u017cynowo lub bez uwalniania &#8211; wytwarzanie spiekanych ok\u0142adzin hamulcowych odbywa si\u0119 zgodnie z niestandardowymi, specyficznymi kryteriami.<br \/>\nPrzechodz\u0105c przez metod\u0119 spiekania, suche materia\u0142y cierne b\u0119d\u0105 przetwarzane na sta\u0142e bloki cierne, inaczej ok\u0142adziny cierne b\u0119d\u0105 spiekane na przygotowanych stalowych p\u0142ytach oporowych. Spiekane materia\u0142y cierne s\u0105 zoptymalizowane pod k\u0105tem dzia\u0142ania przy ekstremalnych obci\u0105\u017ceniach przy niskim zu\u017cyciu. Dzi\u0119ki takim cechom s\u0105 one szczeg\u00f3lnie przydatne w przypadku hamulc\u00f3w odchylaj\u0105cych i wiruj\u0105cych w turbinach wiatrowych. Wielocz\u0119\u015bciowy uk\u0142ad kilku cylindrycznych element\u00f3w ciernych prowadzi do bardziej r\u00f3wnomiernego rozk\u0142adu nacisku na powierzchni\u0119 styku i zmniejsza efekty, takie jak &#8222;gor\u0105ce pasma&#8221; i &#8222;gor\u0105ce punkty&#8221; na powierzchni tarczy hamulcowej.<\/p>\n<\/div><\/div><\/div><div class=\"fusion-layout-column fusion_builder_column fusion-builder-column-7 fusion_builder_column_1_3 1_3 fusion-flex-column fusion-flex-align-self-flex-start fusion-column-no-min-height\" style=\"--awb-bg-size:cover;--awb-width-large:33.333333333333%;--awb-margin-top-large:0px;--awb-spacing-right-large:4.365%;--awb-margin-bottom-large:0px;--awb-spacing-left-large:3.88%;--awb-width-medium:33.333333333333%;--awb-spacing-right-medium:4.365%;--awb-spacing-left-medium:3.88%;--awb-width-small:100%;--awb-spacing-right-small:1.455%;--awb-spacing-left-small:1.455%;\"><div class=\"fusion-column-wrapper fusion-flex-justify-content-flex-start fusion-content-layout-column\"><div class=\"fusion-text fusion-text-2\"><h4>MATERIA\u0141 CIERNY<\/h4>\n<p>NB600 Serie<\/p>\n<\/div><\/div><\/div><\/div><\/div><\/p>\n","protected":false},"excerpt":{"rendered":"","protected":false},"author":4,"featured_media":0,"parent":20463,"menu_order":0,"comment_status":"closed","ping_status":"closed","template":"","meta":{"footnotes":""},"class_list":["post-13970","page","type-page","status-publish","hentry"],"yoast_head":"<!-- This site is optimized with the Yoast SEO Premium plugin v27.5 (Yoast SEO v27.5) - https:\/\/yoast.com\/product\/yoast-seo-premium-wordpress\/ -->\n<title>Materia\u0142y cierne spiekane - NB PARTS GmbH<\/title>\n<meta name=\"description\" content=\"Materia\u0142y cierne spiekane - NB PARTS GmbH\" \/>\n<meta name=\"robots\" content=\"index, follow, max-snippet:-1, max-image-preview:large, max-video-preview:-1\" \/>\n<link rel=\"canonical\" href=\"https:\/\/nb-parts.de\/pl\/produkcja\/materialy-cierne-spiekane-nb-parts-gmbh\/\" \/>\n<meta property=\"og:locale\" content=\"pl_PL\" \/>\n<meta property=\"og:type\" content=\"article\" \/>\n<meta property=\"og:title\" content=\"Materia\u0142y cierne spiekane\" \/>\n<meta property=\"og:description\" content=\"Materia\u0142y cierne spiekane - NB PARTS GmbH\" \/>\n<meta property=\"og:url\" content=\"https:\/\/nb-parts.de\/pl\/produkcja\/materialy-cierne-spiekane-nb-parts-gmbh\/\" \/>\n<meta property=\"og:site_name\" content=\"NB PARTS GmbH\" \/>\n<meta property=\"article:modified_time\" content=\"2020-08-20T12:15:38+00:00\" \/>\n<meta property=\"og:image\" content=\"https:\/\/nb-parts.de\/wp-content\/uploads\/2017\/04\/NB-parts-zieht-um.jpg\" \/>\n\t<meta property=\"og:image:width\" content=\"713\" \/>\n\t<meta property=\"og:image:height\" content=\"300\" \/>\n\t<meta property=\"og:image:type\" content=\"image\/jpeg\" \/>\n<meta name=\"twitter:label1\" content=\"Szacowany czas czytania\" \/>\n\t<meta name=\"twitter:data1\" content=\"11 minut\" \/>\n<script type=\"application\/ld+json\" class=\"yoast-schema-graph\">{\"@context\":\"https:\\\/\\\/schema.org\",\"@graph\":[{\"@type\":\"WebPage\",\"@id\":\"https:\\\/\\\/nb-parts.de\\\/pl\\\/produkcja\\\/materialy-cierne-spiekane-nb-parts-gmbh\\\/\",\"url\":\"https:\\\/\\\/nb-parts.de\\\/pl\\\/produkcja\\\/materialy-cierne-spiekane-nb-parts-gmbh\\\/\",\"name\":\"Materia\u0142y cierne spiekane - NB PARTS GmbH\",\"isPartOf\":{\"@id\":\"https:\\\/\\\/nb-parts.de\\\/pl\\\/#website\"},\"datePublished\":\"2017-12-13T13:14:23+00:00\",\"dateModified\":\"2020-08-20T12:15:38+00:00\",\"description\":\"Materia\u0142y cierne spiekane - NB PARTS GmbH\",\"breadcrumb\":{\"@id\":\"https:\\\/\\\/nb-parts.de\\\/pl\\\/produkcja\\\/materialy-cierne-spiekane-nb-parts-gmbh\\\/#breadcrumb\"},\"inLanguage\":\"pl-PL\",\"potentialAction\":[{\"@type\":\"ReadAction\",\"target\":[\"https:\\\/\\\/nb-parts.de\\\/pl\\\/produkcja\\\/materialy-cierne-spiekane-nb-parts-gmbh\\\/\"]}]},{\"@type\":\"BreadcrumbList\",\"@id\":\"https:\\\/\\\/nb-parts.de\\\/pl\\\/produkcja\\\/materialy-cierne-spiekane-nb-parts-gmbh\\\/#breadcrumb\",\"itemListElement\":[{\"@type\":\"ListItem\",\"position\":1,\"name\":\"Startseite\",\"item\":\"https:\\\/\\\/nb-parts.de\\\/pl\\\/\"},{\"@type\":\"ListItem\",\"position\":2,\"name\":\"PRODUKCJA\",\"item\":\"https:\\\/\\\/nb-parts.de\\\/pl\\\/produkcja\\\/\"},{\"@type\":\"ListItem\",\"position\":3,\"name\":\"Materia\u0142y cierne spiekane\"}]},{\"@type\":\"WebSite\",\"@id\":\"https:\\\/\\\/nb-parts.de\\\/pl\\\/#website\",\"url\":\"https:\\\/\\\/nb-parts.de\\\/pl\\\/\",\"name\":\"NB PARTS GmbH\",\"description\":\"Ersatzteile - Aufarbeitung - Fertigung\",\"publisher\":{\"@id\":\"https:\\\/\\\/nb-parts.de\\\/pl\\\/#organization\"},\"potentialAction\":[{\"@type\":\"SearchAction\",\"target\":{\"@type\":\"EntryPoint\",\"urlTemplate\":\"https:\\\/\\\/nb-parts.de\\\/pl\\\/?s={search_term_string}\"},\"query-input\":{\"@type\":\"PropertyValueSpecification\",\"valueRequired\":true,\"valueName\":\"search_term_string\"}}],\"inLanguage\":\"pl-PL\"},{\"@type\":\"Organization\",\"@id\":\"https:\\\/\\\/nb-parts.de\\\/pl\\\/#organization\",\"name\":\"NB PARTS GmbH\",\"url\":\"https:\\\/\\\/nb-parts.de\\\/pl\\\/\",\"logo\":{\"@type\":\"ImageObject\",\"inLanguage\":\"pl-PL\",\"@id\":\"https:\\\/\\\/nb-parts.de\\\/pl\\\/#\\\/schema\\\/logo\\\/image\\\/\",\"url\":\"https:\\\/\\\/nb-parts.de\\\/wp-content\\\/uploads\\\/2021\\\/06\\\/LOGO01.jpg\",\"contentUrl\":\"https:\\\/\\\/nb-parts.de\\\/wp-content\\\/uploads\\\/2021\\\/06\\\/LOGO01.jpg\",\"width\":1000,\"height\":1000,\"caption\":\"NB PARTS GmbH\"},\"image\":{\"@id\":\"https:\\\/\\\/nb-parts.de\\\/pl\\\/#\\\/schema\\\/logo\\\/image\\\/\"},\"sameAs\":[\"https:\\\/\\\/www.youtube.com\\\/watch?v=E_90qxvrVlA\"]}]}<\/script>\n<!-- \/ Yoast SEO Premium plugin. -->","yoast_head_json":{"title":"Materia\u0142y cierne spiekane - NB PARTS GmbH","description":"Materia\u0142y cierne spiekane - NB PARTS GmbH","robots":{"index":"index","follow":"follow","max-snippet":"max-snippet:-1","max-image-preview":"max-image-preview:large","max-video-preview":"max-video-preview:-1"},"canonical":"https:\/\/nb-parts.de\/pl\/produkcja\/materialy-cierne-spiekane-nb-parts-gmbh\/","og_locale":"pl_PL","og_type":"article","og_title":"Materia\u0142y cierne spiekane","og_description":"Materia\u0142y cierne spiekane - NB PARTS GmbH","og_url":"https:\/\/nb-parts.de\/pl\/produkcja\/materialy-cierne-spiekane-nb-parts-gmbh\/","og_site_name":"NB PARTS GmbH","article_modified_time":"2020-08-20T12:15:38+00:00","og_image":[{"width":713,"height":300,"url":"https:\/\/nb-parts.de\/wp-content\/uploads\/2017\/04\/NB-parts-zieht-um.jpg","type":"image\/jpeg"}],"twitter_misc":{"Szacowany czas czytania":"11 minut"},"schema":{"@context":"https:\/\/schema.org","@graph":[{"@type":"WebPage","@id":"https:\/\/nb-parts.de\/pl\/produkcja\/materialy-cierne-spiekane-nb-parts-gmbh\/","url":"https:\/\/nb-parts.de\/pl\/produkcja\/materialy-cierne-spiekane-nb-parts-gmbh\/","name":"Materia\u0142y cierne spiekane - NB PARTS GmbH","isPartOf":{"@id":"https:\/\/nb-parts.de\/pl\/#website"},"datePublished":"2017-12-13T13:14:23+00:00","dateModified":"2020-08-20T12:15:38+00:00","description":"Materia\u0142y cierne spiekane - NB PARTS GmbH","breadcrumb":{"@id":"https:\/\/nb-parts.de\/pl\/produkcja\/materialy-cierne-spiekane-nb-parts-gmbh\/#breadcrumb"},"inLanguage":"pl-PL","potentialAction":[{"@type":"ReadAction","target":["https:\/\/nb-parts.de\/pl\/produkcja\/materialy-cierne-spiekane-nb-parts-gmbh\/"]}]},{"@type":"BreadcrumbList","@id":"https:\/\/nb-parts.de\/pl\/produkcja\/materialy-cierne-spiekane-nb-parts-gmbh\/#breadcrumb","itemListElement":[{"@type":"ListItem","position":1,"name":"Startseite","item":"https:\/\/nb-parts.de\/pl\/"},{"@type":"ListItem","position":2,"name":"PRODUKCJA","item":"https:\/\/nb-parts.de\/pl\/produkcja\/"},{"@type":"ListItem","position":3,"name":"Materia\u0142y cierne spiekane"}]},{"@type":"WebSite","@id":"https:\/\/nb-parts.de\/pl\/#website","url":"https:\/\/nb-parts.de\/pl\/","name":"NB PARTS GmbH","description":"Ersatzteile - Aufarbeitung - Fertigung","publisher":{"@id":"https:\/\/nb-parts.de\/pl\/#organization"},"potentialAction":[{"@type":"SearchAction","target":{"@type":"EntryPoint","urlTemplate":"https:\/\/nb-parts.de\/pl\/?s={search_term_string}"},"query-input":{"@type":"PropertyValueSpecification","valueRequired":true,"valueName":"search_term_string"}}],"inLanguage":"pl-PL"},{"@type":"Organization","@id":"https:\/\/nb-parts.de\/pl\/#organization","name":"NB PARTS GmbH","url":"https:\/\/nb-parts.de\/pl\/","logo":{"@type":"ImageObject","inLanguage":"pl-PL","@id":"https:\/\/nb-parts.de\/pl\/#\/schema\/logo\/image\/","url":"https:\/\/nb-parts.de\/wp-content\/uploads\/2021\/06\/LOGO01.jpg","contentUrl":"https:\/\/nb-parts.de\/wp-content\/uploads\/2021\/06\/LOGO01.jpg","width":1000,"height":1000,"caption":"NB PARTS GmbH"},"image":{"@id":"https:\/\/nb-parts.de\/pl\/#\/schema\/logo\/image\/"},"sameAs":["https:\/\/www.youtube.com\/watch?v=E_90qxvrVlA"]}]}},"_links":{"self":[{"href":"https:\/\/nb-parts.de\/pl\/wp-json\/wp\/v2\/pages\/13970","targetHints":{"allow":["GET"]}}],"collection":[{"href":"https:\/\/nb-parts.de\/pl\/wp-json\/wp\/v2\/pages"}],"about":[{"href":"https:\/\/nb-parts.de\/pl\/wp-json\/wp\/v2\/types\/page"}],"author":[{"embeddable":true,"href":"https:\/\/nb-parts.de\/pl\/wp-json\/wp\/v2\/users\/4"}],"replies":[{"embeddable":true,"href":"https:\/\/nb-parts.de\/pl\/wp-json\/wp\/v2\/comments?post=13970"}],"version-history":[{"count":0,"href":"https:\/\/nb-parts.de\/pl\/wp-json\/wp\/v2\/pages\/13970\/revisions"}],"up":[{"embeddable":true,"href":"https:\/\/nb-parts.de\/pl\/wp-json\/wp\/v2\/pages\/20463"}],"wp:attachment":[{"href":"https:\/\/nb-parts.de\/pl\/wp-json\/wp\/v2\/media?parent=13970"}],"curies":[{"name":"wp","href":"https:\/\/api.w.org\/{rel}","templated":true}]}}