{"id":13982,"date":"2018-01-03T15:04:22","date_gmt":"2018-01-03T14:04:22","guid":{"rendered":"https:\/\/nb-parts.de\/sealing-parts\/"},"modified":"2018-02-14T13:50:32","modified_gmt":"2018-02-14T12:50:32","slug":"hydraulika-elementy-uszczel-nb-parts","status":"publish","type":"page","link":"https:\/\/nb-parts.de\/pl\/produkcja\/hydraulika-elementy-uszczel-nb-parts\/","title":{"rendered":"Elementy uszczel."},"content":{"rendered":"<p><div class=\"fusion-fullwidth fullwidth-box fusion-builder-row-1 fusion-flex-container nonhundred-percent-fullwidth non-hundred-percent-height-scrolling\" style=\"--awb-border-radius-top-left:0px;--awb-border-radius-top-right:0px;--awb-border-radius-bottom-right:0px;--awb-border-radius-bottom-left:0px;--awb-flex-wrap:wrap;\" ><div class=\"fusion-builder-row fusion-row fusion-flex-align-items-flex-start fusion-flex-content-wrap\" style=\"max-width:calc( 999px + 0px );margin-left: calc(-0px \/ 2 );margin-right: calc(-0px \/ 2 );\"><div class=\"fusion-layout-column fusion_builder_column fusion-builder-column-0 fusion_builder_column_1_1 1_1 fusion-flex-column\" style=\"--awb-bg-size:cover;--awb-width-large:100%;--awb-margin-top-large:0px;--awb-spacing-right-large:0px;--awb-margin-bottom-large:11px;--awb-spacing-left-large:0px;--awb-width-medium:100%;--awb-spacing-right-medium:0px;--awb-spacing-left-medium:0px;--awb-width-small:100%;--awb-spacing-right-small:0px;--awb-spacing-left-small:0px;\"><div class=\"fusion-column-wrapper fusion-flex-justify-content-flex-start fusion-content-layout-column\"><div class=\"fusion-image-element \" style=\"--awb-bottom-shadow-color:rgba(0,0,0,0.4);--awb-caption-title-font-family:var(--h2_typography-font-family);--awb-caption-title-font-weight:var(--h2_typography-font-weight);--awb-caption-title-font-style:var(--h2_typography-font-style);--awb-caption-title-size:var(--h2_typography-font-size);--awb-caption-title-transform:var(--h2_typography-text-transform);--awb-caption-title-line-height:var(--h2_typography-line-height);--awb-caption-title-letter-spacing:var(--h2_typography-letter-spacing);\"><div class=\"awb-image-frame awb-image-frame-1 awb-bottomshadow\"><span class=\" fusion-imageframe imageframe-bottomshadow imageframe-1 hover-type-none\"><img decoding=\"async\" width=\"768\" height=\"200\" title=\"visual_fertig_komponent\" src=\"https:\/\/nb-parts.de\/wp-content\/uploads\/2017\/12\/visual_fertig_komponent.jpg\" alt class=\"img-responsive wp-image-11990\" srcset=\"https:\/\/nb-parts.de\/wp-content\/uploads\/2017\/12\/visual_fertig_komponent-200x52.jpg 200w, https:\/\/nb-parts.de\/wp-content\/uploads\/2017\/12\/visual_fertig_komponent-400x104.jpg 400w, https:\/\/nb-parts.de\/wp-content\/uploads\/2017\/12\/visual_fertig_komponent-600x156.jpg 600w, https:\/\/nb-parts.de\/wp-content\/uploads\/2017\/12\/visual_fertig_komponent.jpg 768w\" sizes=\"(max-width: 640px) 100vw, 768px\" \/><\/span><svg xmlns=\"http:\/\/www.w3.org\/2000\/svg\" version=\"1.1\" width=\"100%\" viewBox=\"0 0 600 28\" preserveAspectRatio=\"none\"><g clip-path=\"url(#a)\"><mask id=\"b\" style=\"mask-type:luminance\" maskUnits=\"userSpaceOnUse\" x=\"0\" y=\"0\" width=\"600\" height=\"28\"><path d=\"M0 0h600v28H0V0Z\" fill=\"#fff\"\/><\/mask><g filter=\"url(#c)\" mask=\"url(#b)\"><path d=\"M16.439-18.667h567.123v30.8S438.961-8.4 300-8.4C161.04-8.4 16.438 12.133 16.438 12.133v-30.8Z\" fill=\"#000\"\/><\/g><\/g><defs><clipPath id=\"a\"><path fill=\"#fff\" d=\"M0 0h600v28H0z\"\/><\/clipPath><filter id=\"c\" x=\"5.438\" y=\"-29.667\" width=\"589.123\" height=\"52.8\" filterUnits=\"userSpaceOnUse\" color-interpolation-filters=\"sRGB\"><feFlood flood-opacity=\"0\" result=\"BackgroundImageFix\"\/><feBlend in=\"SourceGraphic\" in2=\"BackgroundImageFix\" result=\"shape\"\/><feGaussianBlur stdDeviation=\"5.5\" result=\"effect1_foregroundBlur_3983_183\"\/><\/filter><\/defs><\/svg><\/div><\/div><\/div><\/div><\/div><\/div><div class=\"fusion-fullwidth fullwidth-box fusion-builder-row-2 fusion-flex-container nonhundred-percent-fullwidth non-hundred-percent-height-scrolling\" style=\"--awb-background-position:left top;--awb-background-repeat:repeat;--awb-border-radius-top-left:0px;--awb-border-radius-top-right:0px;--awb-border-radius-bottom-right:0px;--awb-border-radius-bottom-left:0px;--awb-padding-top:22px;--awb-border-sizes-top:0px;--awb-border-sizes-bottom:0px;--awb-flex-wrap:wrap;\" ><div class=\"fusion-builder-row fusion-row fusion-flex-align-items-flex-start fusion-flex-content-wrap\" style=\"max-width:1028.97px;margin-left: calc(-3% \/ 2 );margin-right: calc(-3% \/ 2 );\"><div class=\"fusion-layout-column fusion_builder_column fusion-builder-column-1 fusion_builder_column_2_3 2_3 fusion-flex-column fusion-flex-align-self-flex-start fusion-column-no-min-height\" style=\"--awb-bg-size:cover;--awb-width-large:66.666666666667%;--awb-margin-top-large:0px;--awb-spacing-right-large:3.88%;--awb-margin-bottom-large:0px;--awb-spacing-left-large:2.1825%;--awb-width-medium:66.666666666667%;--awb-spacing-right-medium:3.88%;--awb-spacing-left-medium:2.1825%;--awb-width-small:100%;--awb-spacing-right-small:1.455%;--awb-spacing-left-small:1.455%;\"><div class=\"fusion-column-wrapper fusion-flex-justify-content-flex-start fusion-content-layout-column\"><div class=\"fusion-text fusion-text-1\"><h4 data-fontsize=\"13\" data-lineheight=\"20\"><span class=\"notranslate\">PRODUKCJA AKCESORI\u00d3W HYDRAULICZNYCH<\/span><\/h4>\n<h4 data-fontsize=\"13\" data-lineheight=\"20\"><span class=\"notranslate\">CZ\u0118\u015aCI ZAMIENNE I ELASTOMEROWE<\/span><\/h4>\n<p class=\"ABSATZ_SEHR_GROSS\"><span class=\"notranslate\">Dzi\u0119ki partnerom z naszej strony, wyspecjalizowanym w produkcji element\u00f3w uszczelniaj\u0105cych i cz\u0119\u015bci elastomerowych, na rynku motoryzacyjnym (samochody osobowe, pojazdy u\u017cytkowe) mo\u017cna dostarcza\u0107 r\u00f3\u017cnorodne zestawy naprawcze i pakiety uszczelniaj\u0105ce do cel\u00f3w specjalnych, a tak\u017ce techniczne elementy gumowe do okre\u015blone zastosowania przemys\u0142owe.<\/span>\u00a0<span class=\"notranslate\">Opr\u00f3cz sta\u0142ego kontrolowania jako\u015bci na specjalnie skonstruowanych stanowiskach testowych (np. W 200 \u00b0 C i ponad 140 000 cykli) elementy uszczelniaj\u0105ce b\u0119d\u0105 dok\u0142adnie testowane pod k\u0105tem wymaganych warunk\u00f3w hamowania (takich jak p\u0142yn hamulcowy lub olej mineralny).<\/span><\/p>\n<p><span class=\"notranslate\">1) Zestawy naprawcze zacisk\u00f3w hamulcowych<\/span><br \/>\n<span class=\"notranslate\">2) Zestawy naprawcze do cylindr\u00f3w hamulcowych<\/span><br \/>\n<span class=\"notranslate\">3) Zestawy naprawcze do cylindr\u00f3w hamulcowych<\/span><br \/>\n<span class=\"notranslate\">4) Zestawy naprawcze dla cylindr\u00f3w sprz\u0119g\u0142a i cylindr\u00f3w podrz\u0119dnych<\/span><br \/>\n<span class=\"notranslate\">5) Zestawy do rozruchu skrzyni bieg\u00f3w, buty CV i buty sterowe<\/span><br \/>\n<span class=\"notranslate\">6) Zestawy naprawcze hamulc\u00f3w tarczowych pneumatycznych<\/span><br \/>\n<span class=\"notranslate\">7) Indywidualne rozwi\u0105zania<\/span><\/p>\n<h4 data-fontsize=\"13\" data-lineheight=\"20\"><span class=\"notranslate\">KABLE KONTROLNE I AKTUALIZUJ\u0104CE<\/span><\/h4>\n<p class=\"ABSATZ_GROSS\"><span class=\"notranslate\">1) Pomiar kabli i kszta\u0142tek<\/span><br \/>\n<span class=\"notranslate\">2) Wycinanie d\u0142ugo\u015bci rdzenia i os\u0142ony (w razie potrzeby dostarczone nowe okucia)<\/span><br \/>\n<span class=\"notranslate\">3) Pod\u0142\u0105czanie z\u0142\u0105czek do kabla i os\u0142ony<\/span><br \/>\n<span class=\"notranslate\">&#8230; (kable steruj\u0105ce, kable gazowe, kable uruchamiaj\u0105ce, kable do popychania i ci\u0105gni\u0119cia, okucia i akcesoria) &lt;d\u0142ugo\u015b\u0107 3.000 mm<\/span><\/p>\n<h4 data-fontsize=\"13\" data-lineheight=\"20\"><span class=\"notranslate\">W\u0118\u017bE HAMULCOWE I LINIE STALOWE FLEX<\/span><\/h4>\n<p class=\"ABSATZ_GROSS\"><span class=\"notranslate\">1) Pomiar<\/span><br \/>\n<span class=\"notranslate\">2) Przygotowanie oku\u0107<\/span><br \/>\n<span class=\"notranslate\">3) Monta\u017c osprz\u0119tu na linii hamulcowej<\/span><br \/>\n<span class=\"notranslate\">&#8230; (stalowe linie gi\u0119tkie bez lub z p\u0142aszczem w 7 kolorach)<\/span><\/p>\n<h4 data-fontsize=\"13\" data-lineheight=\"20\"><span class=\"notranslate\">PRODUKCJA WIOSEK<\/span><\/h4>\n<p class=\"ABSATZ_GROSS\"><span class=\"notranslate\">1) Pomiar, wymagane okre\u015blenie si\u0142y<\/span><br \/>\n<span class=\"notranslate\">2) Rozmieszczenie narz\u0119dzi do obr\u00f3bki<\/span><br \/>\n<span class=\"notranslate\">3) Skr\u0119canie spr\u0119\u017cyny i obr\u00f3bka uzwoje\u0144<\/span><br \/>\n<span class=\"notranslate\">&#8230; (spr\u0119\u017cyny naci\u0105gowe, spr\u0119\u017cyny naciskowe, spr\u0119\u017cyny skr\u0119tne, w tym resory spiralne, spr\u0119\u017cyny naci\u0105gowe)<\/span><\/p>\n<h4 data-fontsize=\"13\" data-lineheight=\"20\"><span class=\"notranslate\">POD\u0141\u0104CZANIE CZ\u0118\u015aCI<\/span><\/h4>\n<p class=\"ABSATZ_GROSS\"><span class=\"notranslate\">1) Pomiar<\/span><br \/>\n<span class=\"notranslate\">2) Obs\u0142uga za pomoc\u0105 tokarki<\/span><br \/>\n<span class=\"notranslate\">3) Ci\u0119cie nici<\/span><\/p>\n<\/div><\/div><\/div><div class=\"fusion-layout-column fusion_builder_column fusion-builder-column-2 fusion_builder_column_1_3 1_3 fusion-flex-column fusion-flex-align-self-flex-start fusion-column-no-min-height\" style=\"--awb-bg-size:cover;--awb-width-large:33.333333333333%;--awb-margin-top-large:0px;--awb-spacing-right-large:4.365%;--awb-margin-bottom-large:0px;--awb-spacing-left-large:3.8799999999999%;--awb-width-medium:33.333333333333%;--awb-spacing-right-medium:4.365%;--awb-spacing-left-medium:3.8799999999999%;--awb-width-small:100%;--awb-spacing-right-small:1.455%;--awb-spacing-left-small:1.455%;\"><div class=\"fusion-column-wrapper fusion-flex-justify-content-flex-start fusion-content-layout-column\"><div class=\"fusion-text fusion-text-2\"><div class=\"fusion-layout-column fusion_builder_column fusion_builder_column_2_3 fusion-two-third fusion-column-first fusion-column-no-min-height 2_3\">\n<div class=\"fusion-column-wrapper\" data-bg-url=\"\">\n<div class=\"fusion-text\">\n<h4 data-fontsize=\"13\" data-lineheight=\"20\"><span class=\"notranslate\">CZ\u0118\u015aCI ZAMIENNE I ELASTOMEROWE<\/span><\/h4>\n<p class=\"ABSATZ_SEHR_GROSS\"><span class=\"notranslate\">Dzi\u0119ki partnerom z naszej strony, wyspecjalizowanym w produkcji element\u00f3w uszczelniaj\u0105cych i cz\u0119\u015bci elastomerowych, na rynku motoryzacyjnym (samochody osobowe, pojazdy u\u017cytkowe) mo\u017cna dostarcza\u0107 r\u00f3\u017cnorodne zestawy naprawcze i pakiety uszczelniaj\u0105ce do cel\u00f3w specjalnych, a tak\u017ce techniczne elementy gumowe do okre\u015blone zastosowania przemys\u0142owe.<\/span>\u00a0<span class=\"notranslate\">Opr\u00f3cz sta\u0142ego kontrolowania jako\u015bci na specjalnie skonstruowanych stanowiskach testowych (np. W 200 \u00b0 C i ponad 140 000 cykli) elementy uszczelniaj\u0105ce b\u0119d\u0105 dok\u0142adnie testowane pod k\u0105tem wymaganych warunk\u00f3w hamowania (takich jak p\u0142yn hamulcowy lub olej mineralny).<\/span><\/p>\n<p><span class=\"notranslate\">1) Zestawy naprawcze zacisk\u00f3w hamulcowych<\/span><br \/>\n<span class=\"notranslate\">2) Zestawy naprawcze do cylindr\u00f3w hamulcowych<\/span><br \/>\n<span class=\"notranslate\">3) Zestawy naprawcze do cylindr\u00f3w hamulcowych<\/span><br \/>\n<span class=\"notranslate\">4) Zestawy naprawcze dla cylindr\u00f3w sprz\u0119g\u0142a i cylindr\u00f3w podrz\u0119dnych<\/span><br \/>\n<span class=\"notranslate\">5) Zestawy do rozruchu skrzyni bieg\u00f3w, buty CV i buty sterowe<\/span><br \/>\n<span class=\"notranslate\">6) Zestawy naprawcze hamulc\u00f3w tarczowych pneumatycznych<\/span><br \/>\n<span class=\"notranslate\">7) Indywidualne rozwi\u0105zania<\/span><\/p>\n<h4 data-fontsize=\"13\" data-lineheight=\"20\"><span class=\"notranslate\">KABLE KONTROLNE I AKTUALIZUJ\u0104CE<\/span><\/h4>\n<p class=\"ABSATZ_GROSS\"><span class=\"notranslate\">1) Pomiar kabli i kszta\u0142tek<\/span><br \/>\n<span class=\"notranslate\">2) Wycinanie d\u0142ugo\u015bci rdzenia i os\u0142ony (w razie potrzeby dostarczone nowe okucia)<\/span><br \/>\n<span class=\"notranslate\">3) Pod\u0142\u0105czanie z\u0142\u0105czek do kabla i os\u0142ony<\/span><br \/>\n<span class=\"notranslate\">&#8230; (kable steruj\u0105ce, kable gazowe, kable uruchamiaj\u0105ce, kable do popychania i ci\u0105gni\u0119cia, okucia i akcesoria) &lt;d\u0142ugo\u015b\u0107 3.000 mm<\/span><\/p>\n<h4 data-fontsize=\"13\" data-lineheight=\"20\"><span class=\"notranslate\">W\u0118\u017bE HAMULCOWE I LINIE STALOWE FLEX<\/span><\/h4>\n<p class=\"ABSATZ_GROSS\"><span class=\"notranslate\">1) Pomiar<\/span><br \/>\n<span class=\"notranslate\">2) Przygotowanie oku\u0107<\/span><br \/>\n<span class=\"notranslate\">3) Monta\u017c osprz\u0119tu na linii hamulcowej<\/span><br \/>\n<span class=\"notranslate\">&#8230; (stalowe linie gi\u0119tkie bez lub z p\u0142aszczem w 7 kolorach)<\/span><\/p>\n<h4 data-fontsize=\"13\" data-lineheight=\"20\"><span class=\"notranslate\">PRODUKCJA WIOSEK<\/span><\/h4>\n<p class=\"ABSATZ_GROSS\"><span class=\"notranslate\">1) Pomiar, wymagane okre\u015blenie si\u0142y<\/span><br \/>\n<span class=\"notranslate\">2) Rozmieszczenie narz\u0119dzi do obr\u00f3bki<\/span><br \/>\n<span class=\"notranslate\">3) Skr\u0119canie spr\u0119\u017cyny i obr\u00f3bka uzwoje\u0144<\/span><br \/>\n<span class=\"notranslate\">&#8230; (spr\u0119\u017cyny naci\u0105gowe, spr\u0119\u017cyny naciskowe, spr\u0119\u017cyny skr\u0119tne, w tym resory spiralne, spr\u0119\u017cyny naci\u0105gowe)<\/span><\/p>\n<h4 data-fontsize=\"13\" data-lineheight=\"20\"><span class=\"notranslate\">POD\u0141\u0104CZANIE CZ\u0118\u015aCI<\/span><\/h4>\n<p class=\"ABSATZ_GROSS\"><span class=\"notranslate\">1) Pomiar<\/span><br \/>\n<span class=\"notranslate\">2) Obs\u0142uga za pomoc\u0105 tokarki<\/span><br \/>\n<span class=\"notranslate\">3) Ci\u0119cie nici<\/span><\/p>\n<h4>\u00a0USZCZELNIACZE \/ AKCESORIA<\/h4>\n<\/div>\n<\/div>\n<\/div>\n<div class=\"fusion-layout-column fusion_builder_column fusion_builder_column_1_3 fusion-one-third fusion-column-last fusion-column-no-min-height 1_3\">\n<div class=\"fusion-column-wrapper\" data-bg-url=\"\">\n<div class=\"fusion-text\">\n<ul>\n<li><span class=\"notranslate\">Regulacja \u015brub<\/span><\/li>\n<li><span class=\"notranslate\">tuleje<\/span><\/li>\n<li><span class=\"notranslate\">pier\u015bcienie blokuj\u0105ce<\/span><\/li>\n<li><span class=\"notranslate\">cz\u0119\u015bci gumowe<\/span><\/li>\n<li><span class=\"notranslate\">pier\u015bcienie uszczelniaj\u0105ce<\/span><\/li>\n<li><span class=\"notranslate\">foki i gumowe buty<\/span><\/li>\n<li><span class=\"notranslate\">t\u0142oki<\/span><\/li>\n<li><span class=\"notranslate\">ochronne czapki<\/span><\/li>\n<li><span class=\"notranslate\">zawory<\/span><\/li>\n<\/ul>\n<h4 data-fontsize=\"13\" data-lineheight=\"20\"><\/h4>\n<h4 data-fontsize=\"13\" data-lineheight=\"20\"><span class=\"notranslate\">ELEMENTY HAMULCA<\/span><\/h4>\n<ul>\n<li><span class=\"notranslate\">Kable steruj\u0105ce i uruchamiaj\u0105ce<\/span><\/li>\n<li><span class=\"notranslate\">Przewody hamulcowe \/ stalowe przewody elastyczne<\/span><\/li>\n<li><span class=\"notranslate\">\u0141\u0105czenie element\u00f3w \/ spr\u0119\u017cyn<\/span><\/li>\n<\/ul>\n<\/div>\n<\/div>\n<\/div>\n<\/div><\/div><\/div><\/div><\/div><\/p>\n","protected":false},"excerpt":{"rendered":"","protected":false},"author":4,"featured_media":0,"parent":20463,"menu_order":0,"comment_status":"closed","ping_status":"closed","template":"","meta":{"footnotes":""},"class_list":["post-13982","page","type-page","status-publish","hentry"],"yoast_head":"<!-- This site is optimized with the Yoast SEO Premium plugin v27.3 (Yoast SEO v27.3) - https:\/\/yoast.com\/product\/yoast-seo-premium-wordpress\/ -->\n<title>hydraulika-elementy-uszczel NB PARTS<\/title>\n<meta name=\"description\" content=\"hydraulika-elementy-uszczel NB PARTS\" \/>\n<meta name=\"robots\" content=\"index, follow, max-snippet:-1, max-image-preview:large, max-video-preview:-1\" \/>\n<link rel=\"canonical\" href=\"https:\/\/nb-parts.de\/pl\/produkcja\/hydraulika-elementy-uszczel-nb-parts\/\" \/>\n<meta property=\"og:locale\" content=\"pl_PL\" \/>\n<meta property=\"og:type\" content=\"article\" \/>\n<meta property=\"og:title\" content=\"Elementy uszczel.\" \/>\n<meta property=\"og:description\" content=\"hydraulika-elementy-uszczel NB PARTS\" \/>\n<meta property=\"og:url\" content=\"https:\/\/nb-parts.de\/pl\/produkcja\/hydraulika-elementy-uszczel-nb-parts\/\" \/>\n<meta property=\"og:site_name\" content=\"NB PARTS GmbH\" \/>\n<meta property=\"article:modified_time\" content=\"2018-02-14T12:50:32+00:00\" \/>\n<meta property=\"og:image\" content=\"https:\/\/nb-parts.de\/wp-content\/uploads\/2017\/04\/NB-parts-zieht-um.jpg\" \/>\n\t<meta property=\"og:image:width\" content=\"713\" \/>\n\t<meta property=\"og:image:height\" content=\"300\" \/>\n\t<meta property=\"og:image:type\" content=\"image\/jpeg\" \/>\n<meta name=\"twitter:label1\" content=\"Szacowany czas czytania\" \/>\n\t<meta name=\"twitter:data1\" content=\"5 minut\" \/>\n<script type=\"application\/ld+json\" class=\"yoast-schema-graph\">{\"@context\":\"https:\\\/\\\/schema.org\",\"@graph\":[{\"@type\":\"WebPage\",\"@id\":\"https:\\\/\\\/nb-parts.de\\\/pl\\\/produkcja\\\/hydraulika-elementy-uszczel-nb-parts\\\/\",\"url\":\"https:\\\/\\\/nb-parts.de\\\/pl\\\/produkcja\\\/hydraulika-elementy-uszczel-nb-parts\\\/\",\"name\":\"hydraulika-elementy-uszczel NB PARTS\",\"isPartOf\":{\"@id\":\"https:\\\/\\\/nb-parts.de\\\/pl\\\/#website\"},\"datePublished\":\"2018-01-03T14:04:22+00:00\",\"dateModified\":\"2018-02-14T12:50:32+00:00\",\"description\":\"hydraulika-elementy-uszczel NB PARTS\",\"breadcrumb\":{\"@id\":\"https:\\\/\\\/nb-parts.de\\\/pl\\\/produkcja\\\/hydraulika-elementy-uszczel-nb-parts\\\/#breadcrumb\"},\"inLanguage\":\"pl-PL\",\"potentialAction\":[{\"@type\":\"ReadAction\",\"target\":[\"https:\\\/\\\/nb-parts.de\\\/pl\\\/produkcja\\\/hydraulika-elementy-uszczel-nb-parts\\\/\"]}]},{\"@type\":\"BreadcrumbList\",\"@id\":\"https:\\\/\\\/nb-parts.de\\\/pl\\\/produkcja\\\/hydraulika-elementy-uszczel-nb-parts\\\/#breadcrumb\",\"itemListElement\":[{\"@type\":\"ListItem\",\"position\":1,\"name\":\"Startseite\",\"item\":\"https:\\\/\\\/nb-parts.de\\\/pl\\\/\"},{\"@type\":\"ListItem\",\"position\":2,\"name\":\"PRODUKCJA\",\"item\":\"https:\\\/\\\/nb-parts.de\\\/pl\\\/produkcja\\\/\"},{\"@type\":\"ListItem\",\"position\":3,\"name\":\"Elementy uszczel.\"}]},{\"@type\":\"WebSite\",\"@id\":\"https:\\\/\\\/nb-parts.de\\\/pl\\\/#website\",\"url\":\"https:\\\/\\\/nb-parts.de\\\/pl\\\/\",\"name\":\"NB PARTS GmbH\",\"description\":\"Ersatzteile - Aufarbeitung - Fertigung\",\"publisher\":{\"@id\":\"https:\\\/\\\/nb-parts.de\\\/pl\\\/#organization\"},\"potentialAction\":[{\"@type\":\"SearchAction\",\"target\":{\"@type\":\"EntryPoint\",\"urlTemplate\":\"https:\\\/\\\/nb-parts.de\\\/pl\\\/?s={search_term_string}\"},\"query-input\":{\"@type\":\"PropertyValueSpecification\",\"valueRequired\":true,\"valueName\":\"search_term_string\"}}],\"inLanguage\":\"pl-PL\"},{\"@type\":\"Organization\",\"@id\":\"https:\\\/\\\/nb-parts.de\\\/pl\\\/#organization\",\"name\":\"NB PARTS GmbH\",\"url\":\"https:\\\/\\\/nb-parts.de\\\/pl\\\/\",\"logo\":{\"@type\":\"ImageObject\",\"inLanguage\":\"pl-PL\",\"@id\":\"https:\\\/\\\/nb-parts.de\\\/pl\\\/#\\\/schema\\\/logo\\\/image\\\/\",\"url\":\"https:\\\/\\\/nb-parts.de\\\/wp-content\\\/uploads\\\/2021\\\/06\\\/LOGO01.jpg\",\"contentUrl\":\"https:\\\/\\\/nb-parts.de\\\/wp-content\\\/uploads\\\/2021\\\/06\\\/LOGO01.jpg\",\"width\":1000,\"height\":1000,\"caption\":\"NB PARTS GmbH\"},\"image\":{\"@id\":\"https:\\\/\\\/nb-parts.de\\\/pl\\\/#\\\/schema\\\/logo\\\/image\\\/\"},\"sameAs\":[\"https:\\\/\\\/www.youtube.com\\\/watch?v=E_90qxvrVlA\"]}]}<\/script>\n<!-- \/ Yoast SEO Premium plugin. -->","yoast_head_json":{"title":"hydraulika-elementy-uszczel NB PARTS","description":"hydraulika-elementy-uszczel NB PARTS","robots":{"index":"index","follow":"follow","max-snippet":"max-snippet:-1","max-image-preview":"max-image-preview:large","max-video-preview":"max-video-preview:-1"},"canonical":"https:\/\/nb-parts.de\/pl\/produkcja\/hydraulika-elementy-uszczel-nb-parts\/","og_locale":"pl_PL","og_type":"article","og_title":"Elementy uszczel.","og_description":"hydraulika-elementy-uszczel NB PARTS","og_url":"https:\/\/nb-parts.de\/pl\/produkcja\/hydraulika-elementy-uszczel-nb-parts\/","og_site_name":"NB PARTS GmbH","article_modified_time":"2018-02-14T12:50:32+00:00","og_image":[{"width":713,"height":300,"url":"https:\/\/nb-parts.de\/wp-content\/uploads\/2017\/04\/NB-parts-zieht-um.jpg","type":"image\/jpeg"}],"twitter_misc":{"Szacowany czas czytania":"5 minut"},"schema":{"@context":"https:\/\/schema.org","@graph":[{"@type":"WebPage","@id":"https:\/\/nb-parts.de\/pl\/produkcja\/hydraulika-elementy-uszczel-nb-parts\/","url":"https:\/\/nb-parts.de\/pl\/produkcja\/hydraulika-elementy-uszczel-nb-parts\/","name":"hydraulika-elementy-uszczel NB PARTS","isPartOf":{"@id":"https:\/\/nb-parts.de\/pl\/#website"},"datePublished":"2018-01-03T14:04:22+00:00","dateModified":"2018-02-14T12:50:32+00:00","description":"hydraulika-elementy-uszczel NB PARTS","breadcrumb":{"@id":"https:\/\/nb-parts.de\/pl\/produkcja\/hydraulika-elementy-uszczel-nb-parts\/#breadcrumb"},"inLanguage":"pl-PL","potentialAction":[{"@type":"ReadAction","target":["https:\/\/nb-parts.de\/pl\/produkcja\/hydraulika-elementy-uszczel-nb-parts\/"]}]},{"@type":"BreadcrumbList","@id":"https:\/\/nb-parts.de\/pl\/produkcja\/hydraulika-elementy-uszczel-nb-parts\/#breadcrumb","itemListElement":[{"@type":"ListItem","position":1,"name":"Startseite","item":"https:\/\/nb-parts.de\/pl\/"},{"@type":"ListItem","position":2,"name":"PRODUKCJA","item":"https:\/\/nb-parts.de\/pl\/produkcja\/"},{"@type":"ListItem","position":3,"name":"Elementy uszczel."}]},{"@type":"WebSite","@id":"https:\/\/nb-parts.de\/pl\/#website","url":"https:\/\/nb-parts.de\/pl\/","name":"NB PARTS GmbH","description":"Ersatzteile - Aufarbeitung - Fertigung","publisher":{"@id":"https:\/\/nb-parts.de\/pl\/#organization"},"potentialAction":[{"@type":"SearchAction","target":{"@type":"EntryPoint","urlTemplate":"https:\/\/nb-parts.de\/pl\/?s={search_term_string}"},"query-input":{"@type":"PropertyValueSpecification","valueRequired":true,"valueName":"search_term_string"}}],"inLanguage":"pl-PL"},{"@type":"Organization","@id":"https:\/\/nb-parts.de\/pl\/#organization","name":"NB PARTS GmbH","url":"https:\/\/nb-parts.de\/pl\/","logo":{"@type":"ImageObject","inLanguage":"pl-PL","@id":"https:\/\/nb-parts.de\/pl\/#\/schema\/logo\/image\/","url":"https:\/\/nb-parts.de\/wp-content\/uploads\/2021\/06\/LOGO01.jpg","contentUrl":"https:\/\/nb-parts.de\/wp-content\/uploads\/2021\/06\/LOGO01.jpg","width":1000,"height":1000,"caption":"NB PARTS GmbH"},"image":{"@id":"https:\/\/nb-parts.de\/pl\/#\/schema\/logo\/image\/"},"sameAs":["https:\/\/www.youtube.com\/watch?v=E_90qxvrVlA"]}]}},"_links":{"self":[{"href":"https:\/\/nb-parts.de\/pl\/wp-json\/wp\/v2\/pages\/13982","targetHints":{"allow":["GET"]}}],"collection":[{"href":"https:\/\/nb-parts.de\/pl\/wp-json\/wp\/v2\/pages"}],"about":[{"href":"https:\/\/nb-parts.de\/pl\/wp-json\/wp\/v2\/types\/page"}],"author":[{"embeddable":true,"href":"https:\/\/nb-parts.de\/pl\/wp-json\/wp\/v2\/users\/4"}],"replies":[{"embeddable":true,"href":"https:\/\/nb-parts.de\/pl\/wp-json\/wp\/v2\/comments?post=13982"}],"version-history":[{"count":0,"href":"https:\/\/nb-parts.de\/pl\/wp-json\/wp\/v2\/pages\/13982\/revisions"}],"up":[{"embeddable":true,"href":"https:\/\/nb-parts.de\/pl\/wp-json\/wp\/v2\/pages\/20463"}],"wp:attachment":[{"href":"https:\/\/nb-parts.de\/pl\/wp-json\/wp\/v2\/media?parent=13982"}],"curies":[{"name":"wp","href":"https:\/\/api.w.org\/{rel}","templated":true}]}}