{"id":13985,"date":"2018-01-03T15:05:50","date_gmt":"2018-01-03T14:05:50","guid":{"rendered":"https:\/\/nb-parts.de\/damping\/"},"modified":"2025-01-22T14:08:12","modified_gmt":"2025-01-22T13:08:12","slug":"sprezyny-gazowe-tlumienie-nb-parts-gmbh","status":"publish","type":"page","link":"https:\/\/nb-parts.de\/pl\/produkcja\/sprezyny-gazowe-tlumienie-nb-parts-gmbh\/","title":{"rendered":"Spr\u0119\u017cyny gazowe \/ t\u0142umienie"},"content":{"rendered":"<p><div class=\"fusion-fullwidth fullwidth-box fusion-builder-row-1 fusion-flex-container nonhundred-percent-fullwidth non-hundred-percent-height-scrolling\" style=\"--awb-border-radius-top-left:0px;--awb-border-radius-top-right:0px;--awb-border-radius-bottom-right:0px;--awb-border-radius-bottom-left:0px;--awb-flex-wrap:wrap;\" ><div class=\"fusion-builder-row fusion-row fusion-flex-align-items-flex-start fusion-flex-content-wrap\" style=\"max-width:1028.97px;margin-left: calc(-3% \/ 2 );margin-right: calc(-3% \/ 2 );\"><div class=\"fusion-layout-column fusion_builder_column fusion-builder-column-0 fusion_builder_column_1_1 1_1 fusion-flex-column\" style=\"--awb-bg-size:cover;--awb-width-large:100%;--awb-margin-top-large:0px;--awb-spacing-right-large:1.455%;--awb-margin-bottom-large:11px;--awb-spacing-left-large:1.455%;--awb-width-medium:100%;--awb-spacing-right-medium:1.455%;--awb-spacing-left-medium:1.455%;--awb-width-small:100%;--awb-spacing-right-small:1.455%;--awb-spacing-left-small:1.455%;\"><div class=\"fusion-column-wrapper fusion-flex-justify-content-flex-start fusion-content-layout-column\"><div class=\"fusion-image-element \" style=\"--awb-bottom-shadow-color:rgba(0,0,0,0.4);--awb-caption-title-font-family:var(--h2_typography-font-family);--awb-caption-title-font-weight:var(--h2_typography-font-weight);--awb-caption-title-font-style:var(--h2_typography-font-style);--awb-caption-title-size:var(--h2_typography-font-size);--awb-caption-title-transform:var(--h2_typography-text-transform);--awb-caption-title-line-height:var(--h2_typography-line-height);--awb-caption-title-letter-spacing:var(--h2_typography-letter-spacing);\"><div class=\"awb-image-frame awb-image-frame-1 awb-bottomshadow\"><span class=\" fusion-imageframe imageframe-bottomshadow imageframe-1 hover-type-none\"><img decoding=\"async\" width=\"768\" height=\"200\" title=\"visual_fertig_gasfedern\" src=\"https:\/\/nb-parts.de\/wp-content\/uploads\/2017\/12\/visual_fertig_gasfedern.jpg\" alt class=\"img-responsive wp-image-11989\" srcset=\"https:\/\/nb-parts.de\/wp-content\/uploads\/2017\/12\/visual_fertig_gasfedern-200x52.jpg 200w, https:\/\/nb-parts.de\/wp-content\/uploads\/2017\/12\/visual_fertig_gasfedern-400x104.jpg 400w, https:\/\/nb-parts.de\/wp-content\/uploads\/2017\/12\/visual_fertig_gasfedern-600x156.jpg 600w, https:\/\/nb-parts.de\/wp-content\/uploads\/2017\/12\/visual_fertig_gasfedern.jpg 768w\" sizes=\"(max-width: 640px) 100vw, 768px\" \/><\/span><svg xmlns=\"http:\/\/www.w3.org\/2000\/svg\" version=\"1.1\" width=\"100%\" viewBox=\"0 0 600 28\" preserveAspectRatio=\"none\"><g clip-path=\"url(#a)\"><mask id=\"b\" style=\"mask-type:luminance\" maskUnits=\"userSpaceOnUse\" x=\"0\" y=\"0\" width=\"600\" height=\"28\"><path d=\"M0 0h600v28H0V0Z\" fill=\"#fff\"\/><\/mask><g filter=\"url(#c)\" mask=\"url(#b)\"><path d=\"M16.439-18.667h567.123v30.8S438.961-8.4 300-8.4C161.04-8.4 16.438 12.133 16.438 12.133v-30.8Z\" fill=\"#000\"\/><\/g><\/g><defs><clipPath id=\"a\"><path fill=\"#fff\" d=\"M0 0h600v28H0z\"\/><\/clipPath><filter id=\"c\" x=\"5.438\" y=\"-29.667\" width=\"589.123\" height=\"52.8\" filterUnits=\"userSpaceOnUse\" color-interpolation-filters=\"sRGB\"><feFlood flood-opacity=\"0\" result=\"BackgroundImageFix\"\/><feBlend in=\"SourceGraphic\" in2=\"BackgroundImageFix\" result=\"shape\"\/><feGaussianBlur stdDeviation=\"5.5\" result=\"effect1_foregroundBlur_3983_183\"\/><\/filter><\/defs><\/svg><\/div><\/div><\/div><\/div><\/div><\/div><div class=\"fusion-fullwidth fullwidth-box fusion-builder-row-2 fusion-flex-container nonhundred-percent-fullwidth non-hundred-percent-height-scrolling\" style=\"--awb-border-radius-top-left:0px;--awb-border-radius-top-right:0px;--awb-border-radius-bottom-right:0px;--awb-border-radius-bottom-left:0px;--awb-flex-wrap:wrap;\" ><div class=\"fusion-builder-row fusion-row fusion-flex-align-items-flex-start fusion-flex-content-wrap\" style=\"max-width:1028.97px;margin-left: calc(-3% \/ 2 );margin-right: calc(-3% \/ 2 );\"><div class=\"fusion-layout-column fusion_builder_column fusion-builder-column-1 fusion_builder_column_1_2 1_2 fusion-flex-column\" style=\"--awb-bg-size:cover;--awb-width-large:50%;--awb-margin-top-large:0px;--awb-spacing-right-large:2.91%;--awb-margin-bottom-large:11px;--awb-spacing-left-large:2.91%;--awb-width-medium:50%;--awb-spacing-right-medium:2.91%;--awb-spacing-left-medium:2.91%;--awb-width-small:100%;--awb-spacing-right-small:1.455%;--awb-spacing-left-small:1.455%;\"><div class=\"fusion-column-wrapper fusion-flex-justify-content-flex-start fusion-content-layout-column\"><div style=\"text-align:center;\"><a class=\"fusion-button button-flat button-medium button-lightgray fusion-button-lightgray button-1 fusion-button-span-yes fusion-button-default-type\" target=\"_blank\" rel=\"noopener noreferrer\" href=\"https:\/\/nb-parts.de\/pdf\/catalogues\/nb-parts_gas-springs_en.pdf\"><i class=\" fa fa-download awb-button__icon awb-button__icon--default button-icon-left\" aria-hidden=\"true\"><\/i><span class=\"fusion-button-text awb-button__text awb-button__text--default\">PDF KATALOG T\u0141UMIENIE<\/span><\/a><\/div><\/div><\/div><div class=\"fusion-layout-column fusion_builder_column fusion-builder-column-2 fusion_builder_column_1_2 1_2 fusion-flex-column\" style=\"--awb-bg-size:cover;--awb-width-large:50%;--awb-margin-top-large:0px;--awb-spacing-right-large:2.91%;--awb-margin-bottom-large:11px;--awb-spacing-left-large:2.91%;--awb-width-medium:50%;--awb-spacing-right-medium:2.91%;--awb-spacing-left-medium:2.91%;--awb-width-small:100%;--awb-spacing-right-small:1.455%;--awb-spacing-left-small:1.455%;\"><div class=\"fusion-column-wrapper fusion-flex-justify-content-flex-start fusion-content-layout-column\"><div style=\"text-align:center;\"><a class=\"fusion-button button-flat button-medium button-lightgray fusion-button-lightgray button-2 fusion-button-span-yes fusion-button-default-type\" target=\"_blank\" rel=\"noopener noreferrer\" href=\"https:\/\/nb-parts.de\/pdf\/catalogues\/nb-parts_liste-gasf.pdf\"><i class=\" fa fa-download awb-button__icon awb-button__icon--default button-icon-left\" aria-hidden=\"true\"><\/i><span class=\"fusion-button-text awb-button__text awb-button__text--default\">PDF T\u0141UMIENIE GAZU W FORMACIE<\/span><\/a><\/div><\/div><\/div><\/div><\/div><div class=\"fusion-fullwidth fullwidth-box fusion-builder-row-3 fusion-flex-container nonhundred-percent-fullwidth non-hundred-percent-height-scrolling\" style=\"--awb-background-position:left top;--awb-background-repeat:repeat;--awb-border-sizes-top:0px;--awb-border-sizes-bottom:0px;--awb-border-sizes-left:0px;--awb-border-sizes-right:0px;--awb-border-radius-top-left:0px;--awb-border-radius-top-right:0px;--awb-border-radius-bottom-right:0px;--awb-border-radius-bottom-left:0px;--awb-padding-top:22px;--awb-flex-wrap:wrap;\" ><div class=\"fusion-builder-row fusion-row fusion-flex-align-items-flex-start fusion-flex-content-wrap\" style=\"max-width:1028.97px;margin-left: calc(-3% \/ 2 );margin-right: calc(-3% \/ 2 );\"><div class=\"fusion-layout-column fusion_builder_column fusion-builder-column-3 fusion_builder_column_2_3 2_3 fusion-flex-column fusion-flex-align-self-flex-start fusion-column-no-min-height\" style=\"--awb-bg-size:cover;--awb-width-large:66.666666666667%;--awb-margin-top-large:0px;--awb-spacing-right-large:3.88%;--awb-margin-bottom-large:0px;--awb-spacing-left-large:2.1825%;--awb-width-medium:66.666666666667%;--awb-spacing-right-medium:3.88%;--awb-spacing-left-medium:2.1825%;--awb-width-small:100%;--awb-spacing-right-small:1.455%;--awb-spacing-left-small:1.455%;\"><div class=\"fusion-column-wrapper fusion-flex-justify-content-flex-start fusion-content-layout-column\"><div class=\"fusion-text fusion-text-1\"><h4 data-fontsize=\"13\" data-lineheight=\"16\"><span class=\"notranslate\">SPR\u0118\u017bYNY GAZOWE PORTFOLIO<\/span><\/h4>\n<h4 data-fontsize=\"13\" data-lineheight=\"16\"><span class=\"notranslate\">PROFESJONALNE WYPE\u0141NIENIE<\/span><\/h4>\n<p class=\"ABSATZ_GROSS\"><span class=\"notranslate\">Profesjonalne nape\u0142nianie mieszanki gazowo-olejowej szerok\u0105 gam\u0105 spr\u0119\u017cyn gazowych.<\/span>\u00a0<span class=\"notranslate\">Firma D\u00e4mpfungstechnik GmbH towarzyszy nam w tym dokumencie.<\/span>\u00a0<span class=\"notranslate\">W ten spos\u00f3b producent stosuje najnowocze\u015bniejsz\u0105 technologi\u0119 do wytwarzania niezawodnych element\u00f3w ch\u0142onnych i dba o zapewnienie jako\u015bci zgodnie z normami DIN ISO 9001: 2008.<\/span>\u00a0<span class=\"notranslate\">Kliknij tutaj, aby przej\u015b\u0107 do strony internetowej\u00a0 <a title=\"Website Al-ko D\u00e4mpfungstechnik GmbH\" href=\"http:\/\/www.al-ko.com\/646.htm\" target=\"_blank\" rel=\"noopener noreferrer\">D\u00e4mpfungstechnik GmbH.<\/a><\/span><\/p>\n<h4 data-fontsize=\"13\" data-lineheight=\"16\"><span class=\"notranslate\">UNIWERSALNE SPR\u0118\u017bYNY GAZOWE<\/span><\/h4>\n<p class=\"ABSATZ_GROSS\"><span class=\"notranslate\">Do zastosowa\u0144 motoryzacyjnych, takich jak okna przednie, os\u0142ony pokrywy (pokrywy), drzwi kabiny nap\u0119du, okna tylne, szyby boczne, maska \u200b\u200bsilnika (pokrywy silnika), sk\u0142adane przystawki, os\u0142ony przyczepy, deski za\u0142adunkowe przyczepy i pokrywa baga\u017cnika itp.<\/span><\/p>\n<h4 data-fontsize=\"13\" data-lineheight=\"16\"><span class=\"notranslate\">INDYWIDUALNE SPR\u0118\u017bYNY GAZOWE<\/span><\/h4>\n<p class=\"ABSATZ_GROSS\"><span class=\"notranslate\">Je\u015bli szukasz spr\u0119\u017cyn gazowych, kt\u00f3re musz\u0105 spe\u0142nia\u0107 Twoje w\u0142asne wymagania, poinformuj nas, a my przeka\u017cemy Twoje potrzeby bezpo\u015brednio producentowi, na przyk\u0142ad, dostosowanie do pomiaru, amortyzacja pozycji ko\u0144cowej, gwint, pr\u0119dko\u015b\u0107 przed\u0142u\u017cania lub zakres temperatur.<\/span><\/p>\n<\/div><\/div><\/div><div class=\"fusion-layout-column fusion_builder_column fusion-builder-column-4 fusion_builder_column_1_3 1_3 fusion-flex-column fusion-flex-align-self-flex-start fusion-column-no-min-height\" style=\"--awb-bg-size:cover;--awb-width-large:33.333333333333%;--awb-margin-top-large:0px;--awb-spacing-right-large:4.365%;--awb-margin-bottom-large:0px;--awb-spacing-left-large:3.88%;--awb-width-medium:33.333333333333%;--awb-spacing-right-medium:4.365%;--awb-spacing-left-medium:3.88%;--awb-width-small:100%;--awb-spacing-right-small:1.455%;--awb-spacing-left-small:1.455%;\"><div class=\"fusion-column-wrapper fusion-flex-justify-content-flex-start fusion-content-layout-column\"><div class=\"fusion-text fusion-text-2\"><h4 data-fontsize=\"13\" data-lineheight=\"16\"><span class=\"notranslate\">SZEROKI ZAKRES<\/span><\/h4>\n<ul>\n<li>shock absorbers<\/li>\n<li>gas springs<\/li>\n<li>tension springs<\/li>\n<li>locking gas springs<\/li>\n<li>double-stroke gas springs<\/li>\n<li>dampers<\/li>\n<li>end fittings<\/li>\n<li>eyes<\/li>\n<li>forks<\/li>\n<li>angle joints<\/li>\n<\/ul>\n<ul>\n<li>GF 6\/15 M5<\/li>\n<li>GF 8\/19 M6<\/li>\n<li>GF 10\/22 M8<\/li>\n<li>GF 10\/28 M8<\/li>\n<li>GF 14\/28 M10<\/li>\n<li>GF 20\/40 M14<\/li>\n<\/ul>\n<ul>\n<li>GF 3\/10<\/li>\n<li>GF 25\/55<\/li>\n<li>GF 30\/65<\/li>\n<\/ul>\n<\/div><\/div><\/div><\/div><\/div><\/p>\n","protected":false},"excerpt":{"rendered":"","protected":false},"author":4,"featured_media":0,"parent":20463,"menu_order":0,"comment_status":"closed","ping_status":"closed","template":"","meta":{"footnotes":""},"class_list":["post-13985","page","type-page","status-publish","hentry"],"yoast_head":"<!-- This site is optimized with the Yoast SEO Premium plugin v27.3 (Yoast SEO v27.3) - https:\/\/yoast.com\/product\/yoast-seo-premium-wordpress\/ -->\n<title>Spr\u0119\u017cyny gazowe \/ t\u0142umienie - NB PARTS GmbH<\/title>\n<meta name=\"description\" content=\"Spr\u0119\u017cyny gazowe \/ t\u0142umienie - NB PARTS GmbH\" \/>\n<meta name=\"robots\" content=\"index, follow, max-snippet:-1, max-image-preview:large, max-video-preview:-1\" \/>\n<link rel=\"canonical\" href=\"https:\/\/nb-parts.de\/pl\/produkcja\/sprezyny-gazowe-tlumienie-nb-parts-gmbh\/\" \/>\n<meta property=\"og:locale\" content=\"pl_PL\" \/>\n<meta property=\"og:type\" content=\"article\" \/>\n<meta property=\"og:title\" content=\"Spr\u0119\u017cyny gazowe \/ t\u0142umienie\" \/>\n<meta property=\"og:description\" content=\"Spr\u0119\u017cyny gazowe \/ t\u0142umienie - NB PARTS GmbH\" \/>\n<meta property=\"og:url\" content=\"https:\/\/nb-parts.de\/pl\/produkcja\/sprezyny-gazowe-tlumienie-nb-parts-gmbh\/\" \/>\n<meta property=\"og:site_name\" content=\"NB PARTS GmbH\" \/>\n<meta property=\"article:modified_time\" content=\"2025-01-22T13:08:12+00:00\" \/>\n<meta property=\"og:image\" content=\"https:\/\/nb-parts.de\/wp-content\/uploads\/2017\/04\/NB-parts-zieht-um.jpg\" \/>\n\t<meta property=\"og:image:width\" content=\"713\" \/>\n\t<meta property=\"og:image:height\" content=\"300\" \/>\n\t<meta property=\"og:image:type\" content=\"image\/jpeg\" \/>\n<meta name=\"twitter:label1\" content=\"Szacowany czas czytania\" \/>\n\t<meta name=\"twitter:data1\" content=\"2 minuty\" \/>\n<script type=\"application\/ld+json\" class=\"yoast-schema-graph\">{\"@context\":\"https:\\\/\\\/schema.org\",\"@graph\":[{\"@type\":\"WebPage\",\"@id\":\"https:\\\/\\\/nb-parts.de\\\/pl\\\/produkcja\\\/sprezyny-gazowe-tlumienie-nb-parts-gmbh\\\/\",\"url\":\"https:\\\/\\\/nb-parts.de\\\/pl\\\/produkcja\\\/sprezyny-gazowe-tlumienie-nb-parts-gmbh\\\/\",\"name\":\"Spr\u0119\u017cyny gazowe \\\/ t\u0142umienie - NB PARTS GmbH\",\"isPartOf\":{\"@id\":\"https:\\\/\\\/nb-parts.de\\\/pl\\\/#website\"},\"datePublished\":\"2018-01-03T14:05:50+00:00\",\"dateModified\":\"2025-01-22T13:08:12+00:00\",\"description\":\"Spr\u0119\u017cyny gazowe \\\/ t\u0142umienie - NB PARTS GmbH\",\"breadcrumb\":{\"@id\":\"https:\\\/\\\/nb-parts.de\\\/pl\\\/produkcja\\\/sprezyny-gazowe-tlumienie-nb-parts-gmbh\\\/#breadcrumb\"},\"inLanguage\":\"pl-PL\",\"potentialAction\":[{\"@type\":\"ReadAction\",\"target\":[\"https:\\\/\\\/nb-parts.de\\\/pl\\\/produkcja\\\/sprezyny-gazowe-tlumienie-nb-parts-gmbh\\\/\"]}]},{\"@type\":\"BreadcrumbList\",\"@id\":\"https:\\\/\\\/nb-parts.de\\\/pl\\\/produkcja\\\/sprezyny-gazowe-tlumienie-nb-parts-gmbh\\\/#breadcrumb\",\"itemListElement\":[{\"@type\":\"ListItem\",\"position\":1,\"name\":\"Startseite\",\"item\":\"https:\\\/\\\/nb-parts.de\\\/pl\\\/\"},{\"@type\":\"ListItem\",\"position\":2,\"name\":\"PRODUKCJA\",\"item\":\"https:\\\/\\\/nb-parts.de\\\/pl\\\/produkcja\\\/\"},{\"@type\":\"ListItem\",\"position\":3,\"name\":\"Spr\u0119\u017cyny gazowe \\\/ t\u0142umienie\"}]},{\"@type\":\"WebSite\",\"@id\":\"https:\\\/\\\/nb-parts.de\\\/pl\\\/#website\",\"url\":\"https:\\\/\\\/nb-parts.de\\\/pl\\\/\",\"name\":\"NB PARTS GmbH\",\"description\":\"Ersatzteile - Aufarbeitung - Fertigung\",\"publisher\":{\"@id\":\"https:\\\/\\\/nb-parts.de\\\/pl\\\/#organization\"},\"potentialAction\":[{\"@type\":\"SearchAction\",\"target\":{\"@type\":\"EntryPoint\",\"urlTemplate\":\"https:\\\/\\\/nb-parts.de\\\/pl\\\/?s={search_term_string}\"},\"query-input\":{\"@type\":\"PropertyValueSpecification\",\"valueRequired\":true,\"valueName\":\"search_term_string\"}}],\"inLanguage\":\"pl-PL\"},{\"@type\":\"Organization\",\"@id\":\"https:\\\/\\\/nb-parts.de\\\/pl\\\/#organization\",\"name\":\"NB PARTS GmbH\",\"url\":\"https:\\\/\\\/nb-parts.de\\\/pl\\\/\",\"logo\":{\"@type\":\"ImageObject\",\"inLanguage\":\"pl-PL\",\"@id\":\"https:\\\/\\\/nb-parts.de\\\/pl\\\/#\\\/schema\\\/logo\\\/image\\\/\",\"url\":\"https:\\\/\\\/nb-parts.de\\\/wp-content\\\/uploads\\\/2021\\\/06\\\/LOGO01.jpg\",\"contentUrl\":\"https:\\\/\\\/nb-parts.de\\\/wp-content\\\/uploads\\\/2021\\\/06\\\/LOGO01.jpg\",\"width\":1000,\"height\":1000,\"caption\":\"NB PARTS GmbH\"},\"image\":{\"@id\":\"https:\\\/\\\/nb-parts.de\\\/pl\\\/#\\\/schema\\\/logo\\\/image\\\/\"},\"sameAs\":[\"https:\\\/\\\/www.youtube.com\\\/watch?v=E_90qxvrVlA\"]}]}<\/script>\n<!-- \/ Yoast SEO Premium plugin. -->","yoast_head_json":{"title":"Spr\u0119\u017cyny gazowe \/ t\u0142umienie - NB PARTS GmbH","description":"Spr\u0119\u017cyny gazowe \/ t\u0142umienie - NB PARTS GmbH","robots":{"index":"index","follow":"follow","max-snippet":"max-snippet:-1","max-image-preview":"max-image-preview:large","max-video-preview":"max-video-preview:-1"},"canonical":"https:\/\/nb-parts.de\/pl\/produkcja\/sprezyny-gazowe-tlumienie-nb-parts-gmbh\/","og_locale":"pl_PL","og_type":"article","og_title":"Spr\u0119\u017cyny gazowe \/ t\u0142umienie","og_description":"Spr\u0119\u017cyny gazowe \/ t\u0142umienie - NB PARTS GmbH","og_url":"https:\/\/nb-parts.de\/pl\/produkcja\/sprezyny-gazowe-tlumienie-nb-parts-gmbh\/","og_site_name":"NB PARTS GmbH","article_modified_time":"2025-01-22T13:08:12+00:00","og_image":[{"width":713,"height":300,"url":"https:\/\/nb-parts.de\/wp-content\/uploads\/2017\/04\/NB-parts-zieht-um.jpg","type":"image\/jpeg"}],"twitter_misc":{"Szacowany czas czytania":"2 minuty"},"schema":{"@context":"https:\/\/schema.org","@graph":[{"@type":"WebPage","@id":"https:\/\/nb-parts.de\/pl\/produkcja\/sprezyny-gazowe-tlumienie-nb-parts-gmbh\/","url":"https:\/\/nb-parts.de\/pl\/produkcja\/sprezyny-gazowe-tlumienie-nb-parts-gmbh\/","name":"Spr\u0119\u017cyny gazowe \/ t\u0142umienie - NB PARTS GmbH","isPartOf":{"@id":"https:\/\/nb-parts.de\/pl\/#website"},"datePublished":"2018-01-03T14:05:50+00:00","dateModified":"2025-01-22T13:08:12+00:00","description":"Spr\u0119\u017cyny gazowe \/ t\u0142umienie - NB PARTS GmbH","breadcrumb":{"@id":"https:\/\/nb-parts.de\/pl\/produkcja\/sprezyny-gazowe-tlumienie-nb-parts-gmbh\/#breadcrumb"},"inLanguage":"pl-PL","potentialAction":[{"@type":"ReadAction","target":["https:\/\/nb-parts.de\/pl\/produkcja\/sprezyny-gazowe-tlumienie-nb-parts-gmbh\/"]}]},{"@type":"BreadcrumbList","@id":"https:\/\/nb-parts.de\/pl\/produkcja\/sprezyny-gazowe-tlumienie-nb-parts-gmbh\/#breadcrumb","itemListElement":[{"@type":"ListItem","position":1,"name":"Startseite","item":"https:\/\/nb-parts.de\/pl\/"},{"@type":"ListItem","position":2,"name":"PRODUKCJA","item":"https:\/\/nb-parts.de\/pl\/produkcja\/"},{"@type":"ListItem","position":3,"name":"Spr\u0119\u017cyny gazowe \/ t\u0142umienie"}]},{"@type":"WebSite","@id":"https:\/\/nb-parts.de\/pl\/#website","url":"https:\/\/nb-parts.de\/pl\/","name":"NB PARTS GmbH","description":"Ersatzteile - Aufarbeitung - Fertigung","publisher":{"@id":"https:\/\/nb-parts.de\/pl\/#organization"},"potentialAction":[{"@type":"SearchAction","target":{"@type":"EntryPoint","urlTemplate":"https:\/\/nb-parts.de\/pl\/?s={search_term_string}"},"query-input":{"@type":"PropertyValueSpecification","valueRequired":true,"valueName":"search_term_string"}}],"inLanguage":"pl-PL"},{"@type":"Organization","@id":"https:\/\/nb-parts.de\/pl\/#organization","name":"NB PARTS GmbH","url":"https:\/\/nb-parts.de\/pl\/","logo":{"@type":"ImageObject","inLanguage":"pl-PL","@id":"https:\/\/nb-parts.de\/pl\/#\/schema\/logo\/image\/","url":"https:\/\/nb-parts.de\/wp-content\/uploads\/2021\/06\/LOGO01.jpg","contentUrl":"https:\/\/nb-parts.de\/wp-content\/uploads\/2021\/06\/LOGO01.jpg","width":1000,"height":1000,"caption":"NB PARTS GmbH"},"image":{"@id":"https:\/\/nb-parts.de\/pl\/#\/schema\/logo\/image\/"},"sameAs":["https:\/\/www.youtube.com\/watch?v=E_90qxvrVlA"]}]}},"_links":{"self":[{"href":"https:\/\/nb-parts.de\/pl\/wp-json\/wp\/v2\/pages\/13985","targetHints":{"allow":["GET"]}}],"collection":[{"href":"https:\/\/nb-parts.de\/pl\/wp-json\/wp\/v2\/pages"}],"about":[{"href":"https:\/\/nb-parts.de\/pl\/wp-json\/wp\/v2\/types\/page"}],"author":[{"embeddable":true,"href":"https:\/\/nb-parts.de\/pl\/wp-json\/wp\/v2\/users\/4"}],"replies":[{"embeddable":true,"href":"https:\/\/nb-parts.de\/pl\/wp-json\/wp\/v2\/comments?post=13985"}],"version-history":[{"count":1,"href":"https:\/\/nb-parts.de\/pl\/wp-json\/wp\/v2\/pages\/13985\/revisions"}],"predecessor-version":[{"id":26433,"href":"https:\/\/nb-parts.de\/pl\/wp-json\/wp\/v2\/pages\/13985\/revisions\/26433"}],"up":[{"embeddable":true,"href":"https:\/\/nb-parts.de\/pl\/wp-json\/wp\/v2\/pages\/20463"}],"wp:attachment":[{"href":"https:\/\/nb-parts.de\/pl\/wp-json\/wp\/v2\/media?parent=13985"}],"curies":[{"name":"wp","href":"https:\/\/api.w.org\/{rel}","templated":true}]}}