{"id":27147,"date":"2026-03-18T15:50:18","date_gmt":"2026-03-18T14:50:18","guid":{"rendered":"https:\/\/nb-parts.de\/katalog\/unkategorisiert\/aufarbeitung-bremssattel-57mm-vorne-opel-commodore-c-diplomat-monza-senator-a\/"},"modified":"2026-03-18T15:50:22","modified_gmt":"2026-03-18T14:50:22","slug":"aufarbeitung-bremssattel-57mm-vorne-opel-commodore-c-diplomat-monza-senator-a","status":"publish","type":"product","link":"https:\/\/nb-parts.de\/pl\/katalog\/aufarbeitung-bremssattel\/aufarbeitung-bremssattel-57mm-vorne-opel-commodore-c-diplomat-monza-senator-a\/","title":{"rendered":"Aufarbeitung Bremssattel 57mm vorne Opel Commodore C Diplomat Monza Senator A"},"content":{"rendered":"","protected":false},"excerpt":{"rendered":"<p><span style=\"color: #5db9c9;\"><strong>So\u00a0<span style=\"caret-color: #595959;\">funktioniert\u00b4s<\/span>! \u00a0-&gt; VIDEO bitte komplett ansehen:<\/strong><\/span><\/p>\n[fusion_youtube id=\"5sOlD2Gq6Kw\" alignment=\"left\" width=\"\" height=\"\" autoplay=\"false\" api_params=\"\" title_attribute=\"Title Attribute\" video_facade=\"\" hide_on_mobile=\"small-visibility,medium-visibility,large-visibility\" class=\"\" css_id=\"\"][\/fusion_youtube]\n<p>&nbsp;<\/p>\n","protected":false},"featured_media":27139,"template":"","meta":[],"product_brand":[],"product_cat":[2274],"product_tag":[2278,2297,2295,2286,2288,2290],"class_list":{"0":"post-27147","1":"product","2":"type-product","3":"status-publish","4":"has-post-thumbnail","6":"product_cat-aufarbeitung-bremssattel","7":"product_tag-aufarbeitung","8":"product_tag-bremssattel-generalueberholt","9":"product_tag-originalbremssattel","10":"product_tag-pulverbeschichtet","11":"product_tag-refurbed","12":"product_tag-restauration","14":"first","15":"instock","16":"shipping-taxable","17":"product-type-external"},"yoast_head":"<!-- This site is optimized with the Yoast SEO Premium plugin v27.5 (Yoast SEO v27.5) - https:\/\/yoast.com\/product\/yoast-seo-premium-wordpress\/ -->\n<title>Aufarbeitung Bremssattel 57mm vorne Opel Commodore C Diplomat Monza Senator A &#171;<\/title>\n<meta name=\"robots\" content=\"index, follow, max-snippet:-1, max-image-preview:large, max-video-preview:-1\" \/>\n<link rel=\"canonical\" href=\"https:\/\/nb-parts.de\/pl\/katalog\/aufarbeitung-bremssattel\/aufarbeitung-bremssattel-57mm-vorne-opel-commodore-c-diplomat-monza-senator-a\/\" \/>\n<meta property=\"og:locale\" content=\"pl_PL\" \/>\n<meta property=\"og:type\" content=\"article\" \/>\n<meta property=\"og:title\" content=\"Aufarbeitung Bremssattel 57mm vorne Opel Commodore C Diplomat Monza Senator A %\" \/>\n<meta property=\"og:description\" content=\"So\u00a0funktioniert\u00b4s! \u00a0-&gt; VIDEO bitte komplett ansehen:    &nbsp;\" \/>\n<meta property=\"og:url\" content=\"https:\/\/nb-parts.de\/pl\/katalog\/aufarbeitung-bremssattel\/aufarbeitung-bremssattel-57mm-vorne-opel-commodore-c-diplomat-monza-senator-a\/\" \/>\n<meta property=\"og:site_name\" content=\"NB PARTS GmbH\" \/>\n<meta property=\"article:modified_time\" content=\"2026-03-18T14:50:22+00:00\" \/>\n<meta property=\"og:image\" content=\"https:\/\/nb-parts.de\/wp-content\/uploads\/2017\/04\/NB-parts-zieht-um.jpg\" \/>\n\t<meta property=\"og:image:width\" content=\"713\" \/>\n\t<meta property=\"og:image:height\" content=\"300\" \/>\n\t<meta property=\"og:image:type\" content=\"image\/jpeg\" \/>\n<meta name=\"twitter:label1\" content=\"Cena\" \/>\n\t<meta name=\"twitter:data1\" content=\"\" \/>\n\t<meta name=\"twitter:label2\" content=\"Dost\u0119pno\u015b\u0107\" \/>\n\t<meta name=\"twitter:data2\" content=\"Dost\u0119pny\" \/>\n<script type=\"application\/ld+json\" class=\"yoast-schema-graph\">{\"@context\":\"https:\\\/\\\/schema.org\",\"@graph\":[{\"@type\":\"WebPage\",\"@id\":\"https:\\\/\\\/nb-parts.de\\\/pl\\\/katalog\\\/aufarbeitung-bremssattel\\\/aufarbeitung-bremssattel-57mm-vorne-opel-commodore-c-diplomat-monza-senator-a\\\/\",\"url\":\"https:\\\/\\\/nb-parts.de\\\/pl\\\/katalog\\\/aufarbeitung-bremssattel\\\/aufarbeitung-bremssattel-57mm-vorne-opel-commodore-c-diplomat-monza-senator-a\\\/\",\"name\":\"Aufarbeitung Bremssattel 57mm vorne Opel Commodore C Diplomat Monza Senator A &#171;\",\"isPartOf\":{\"@id\":\"https:\\\/\\\/nb-parts.de\\\/pl\\\/#website\"},\"primaryImageOfPage\":{\"@id\":\"https:\\\/\\\/nb-parts.de\\\/pl\\\/katalog\\\/aufarbeitung-bremssattel\\\/aufarbeitung-bremssattel-57mm-vorne-opel-commodore-c-diplomat-monza-senator-a\\\/#primaryimage\"},\"image\":{\"@id\":\"https:\\\/\\\/nb-parts.de\\\/pl\\\/katalog\\\/aufarbeitung-bremssattel\\\/aufarbeitung-bremssattel-57mm-vorne-opel-commodore-c-diplomat-monza-senator-a\\\/#primaryimage\"},\"thumbnailUrl\":\"https:\\\/\\\/nb-parts.de\\\/wp-content\\\/uploads\\\/2026\\\/03\\\/10155143_1_DE.jpg\",\"datePublished\":\"2026-03-18T14:50:18+00:00\",\"dateModified\":\"2026-03-18T14:50:22+00:00\",\"breadcrumb\":{\"@id\":\"https:\\\/\\\/nb-parts.de\\\/pl\\\/katalog\\\/aufarbeitung-bremssattel\\\/aufarbeitung-bremssattel-57mm-vorne-opel-commodore-c-diplomat-monza-senator-a\\\/#breadcrumb\"},\"inLanguage\":\"pl-PL\",\"potentialAction\":[{\"@type\":\"ReadAction\",\"target\":[\"https:\\\/\\\/nb-parts.de\\\/pl\\\/katalog\\\/aufarbeitung-bremssattel\\\/aufarbeitung-bremssattel-57mm-vorne-opel-commodore-c-diplomat-monza-senator-a\\\/\"]}]},{\"@type\":\"ImageObject\",\"inLanguage\":\"pl-PL\",\"@id\":\"https:\\\/\\\/nb-parts.de\\\/pl\\\/katalog\\\/aufarbeitung-bremssattel\\\/aufarbeitung-bremssattel-57mm-vorne-opel-commodore-c-diplomat-monza-senator-a\\\/#primaryimage\",\"url\":\"https:\\\/\\\/nb-parts.de\\\/wp-content\\\/uploads\\\/2026\\\/03\\\/10155143_1_DE.jpg\",\"contentUrl\":\"https:\\\/\\\/nb-parts.de\\\/wp-content\\\/uploads\\\/2026\\\/03\\\/10155143_1_DE.jpg\",\"width\":1600,\"height\":1600},{\"@type\":\"BreadcrumbList\",\"@id\":\"https:\\\/\\\/nb-parts.de\\\/pl\\\/katalog\\\/aufarbeitung-bremssattel\\\/aufarbeitung-bremssattel-57mm-vorne-opel-commodore-c-diplomat-monza-senator-a\\\/#breadcrumb\",\"itemListElement\":[{\"@type\":\"ListItem\",\"position\":1,\"name\":\"Startseite\",\"item\":\"https:\\\/\\\/nb-parts.de\\\/pl\\\/\"},{\"@type\":\"ListItem\",\"position\":2,\"name\":\"Katalog\",\"item\":\"https:\\\/\\\/nb-parts.de\\\/katalog\\\/\"},{\"@type\":\"ListItem\",\"position\":3,\"name\":\"Aufarbeitung Bremssattel 57mm vorne Opel Commodore C Diplomat Monza Senator A\"}]},{\"@type\":\"WebSite\",\"@id\":\"https:\\\/\\\/nb-parts.de\\\/pl\\\/#website\",\"url\":\"https:\\\/\\\/nb-parts.de\\\/pl\\\/\",\"name\":\"NB PARTS GmbH\",\"description\":\"Ersatzteile - Aufarbeitung - Fertigung\",\"publisher\":{\"@id\":\"https:\\\/\\\/nb-parts.de\\\/pl\\\/#organization\"},\"potentialAction\":[{\"@type\":\"SearchAction\",\"target\":{\"@type\":\"EntryPoint\",\"urlTemplate\":\"https:\\\/\\\/nb-parts.de\\\/pl\\\/?s={search_term_string}\"},\"query-input\":{\"@type\":\"PropertyValueSpecification\",\"valueRequired\":true,\"valueName\":\"search_term_string\"}}],\"inLanguage\":\"pl-PL\"},{\"@type\":\"Organization\",\"@id\":\"https:\\\/\\\/nb-parts.de\\\/pl\\\/#organization\",\"name\":\"NB PARTS GmbH\",\"url\":\"https:\\\/\\\/nb-parts.de\\\/pl\\\/\",\"logo\":{\"@type\":\"ImageObject\",\"inLanguage\":\"pl-PL\",\"@id\":\"https:\\\/\\\/nb-parts.de\\\/pl\\\/#\\\/schema\\\/logo\\\/image\\\/\",\"url\":\"https:\\\/\\\/nb-parts.de\\\/wp-content\\\/uploads\\\/2021\\\/06\\\/LOGO01.jpg\",\"contentUrl\":\"https:\\\/\\\/nb-parts.de\\\/wp-content\\\/uploads\\\/2021\\\/06\\\/LOGO01.jpg\",\"width\":1000,\"height\":1000,\"caption\":\"NB PARTS GmbH\"},\"image\":{\"@id\":\"https:\\\/\\\/nb-parts.de\\\/pl\\\/#\\\/schema\\\/logo\\\/image\\\/\"},\"sameAs\":[\"https:\\\/\\\/www.youtube.com\\\/watch?v=E_90qxvrVlA\"]}]}<\/script>\n<meta property=\"product:price:currency\" content=\"EUR\" \/>\n<meta property=\"og:availability\" content=\"instock\" \/>\n<meta property=\"product:availability\" content=\"instock\" \/>\n<meta property=\"product:retailer_item_id\" content=\"10155143\" \/>\n<meta property=\"product:condition\" content=\"new\" \/>\n<!-- \/ Yoast SEO Premium plugin. -->","yoast_head_json":{"title":"Aufarbeitung Bremssattel 57mm vorne Opel Commodore C Diplomat Monza Senator A &#171;","robots":{"index":"index","follow":"follow","max-snippet":"max-snippet:-1","max-image-preview":"max-image-preview:large","max-video-preview":"max-video-preview:-1"},"canonical":"https:\/\/nb-parts.de\/pl\/katalog\/aufarbeitung-bremssattel\/aufarbeitung-bremssattel-57mm-vorne-opel-commodore-c-diplomat-monza-senator-a\/","og_locale":"pl_PL","og_type":"article","og_title":"Aufarbeitung Bremssattel 57mm vorne Opel Commodore C Diplomat Monza Senator A %","og_description":"So\u00a0funktioniert\u00b4s! \u00a0-&gt; VIDEO bitte komplett ansehen:    &nbsp;","og_url":"https:\/\/nb-parts.de\/pl\/katalog\/aufarbeitung-bremssattel\/aufarbeitung-bremssattel-57mm-vorne-opel-commodore-c-diplomat-monza-senator-a\/","og_site_name":"NB PARTS GmbH","article_modified_time":"2026-03-18T14:50:22+00:00","og_image":[{"width":713,"height":300,"url":"https:\/\/nb-parts.de\/wp-content\/uploads\/2017\/04\/NB-parts-zieht-um.jpg","type":"image\/jpeg"}],"twitter_misc":{"Cena":"","Dost\u0119pno\u015b\u0107":"Dost\u0119pny"},"schema":{"@context":"https:\/\/schema.org","@graph":[{"@type":"WebPage","@id":"https:\/\/nb-parts.de\/pl\/katalog\/aufarbeitung-bremssattel\/aufarbeitung-bremssattel-57mm-vorne-opel-commodore-c-diplomat-monza-senator-a\/","url":"https:\/\/nb-parts.de\/pl\/katalog\/aufarbeitung-bremssattel\/aufarbeitung-bremssattel-57mm-vorne-opel-commodore-c-diplomat-monza-senator-a\/","name":"Aufarbeitung Bremssattel 57mm vorne Opel Commodore C Diplomat Monza Senator A &#171;","isPartOf":{"@id":"https:\/\/nb-parts.de\/pl\/#website"},"primaryImageOfPage":{"@id":"https:\/\/nb-parts.de\/pl\/katalog\/aufarbeitung-bremssattel\/aufarbeitung-bremssattel-57mm-vorne-opel-commodore-c-diplomat-monza-senator-a\/#primaryimage"},"image":{"@id":"https:\/\/nb-parts.de\/pl\/katalog\/aufarbeitung-bremssattel\/aufarbeitung-bremssattel-57mm-vorne-opel-commodore-c-diplomat-monza-senator-a\/#primaryimage"},"thumbnailUrl":"https:\/\/nb-parts.de\/wp-content\/uploads\/2026\/03\/10155143_1_DE.jpg","datePublished":"2026-03-18T14:50:18+00:00","dateModified":"2026-03-18T14:50:22+00:00","breadcrumb":{"@id":"https:\/\/nb-parts.de\/pl\/katalog\/aufarbeitung-bremssattel\/aufarbeitung-bremssattel-57mm-vorne-opel-commodore-c-diplomat-monza-senator-a\/#breadcrumb"},"inLanguage":"pl-PL","potentialAction":[{"@type":"ReadAction","target":["https:\/\/nb-parts.de\/pl\/katalog\/aufarbeitung-bremssattel\/aufarbeitung-bremssattel-57mm-vorne-opel-commodore-c-diplomat-monza-senator-a\/"]}]},{"@type":"ImageObject","inLanguage":"pl-PL","@id":"https:\/\/nb-parts.de\/pl\/katalog\/aufarbeitung-bremssattel\/aufarbeitung-bremssattel-57mm-vorne-opel-commodore-c-diplomat-monza-senator-a\/#primaryimage","url":"https:\/\/nb-parts.de\/wp-content\/uploads\/2026\/03\/10155143_1_DE.jpg","contentUrl":"https:\/\/nb-parts.de\/wp-content\/uploads\/2026\/03\/10155143_1_DE.jpg","width":1600,"height":1600},{"@type":"BreadcrumbList","@id":"https:\/\/nb-parts.de\/pl\/katalog\/aufarbeitung-bremssattel\/aufarbeitung-bremssattel-57mm-vorne-opel-commodore-c-diplomat-monza-senator-a\/#breadcrumb","itemListElement":[{"@type":"ListItem","position":1,"name":"Startseite","item":"https:\/\/nb-parts.de\/pl\/"},{"@type":"ListItem","position":2,"name":"Katalog","item":"https:\/\/nb-parts.de\/katalog\/"},{"@type":"ListItem","position":3,"name":"Aufarbeitung Bremssattel 57mm vorne Opel Commodore C Diplomat Monza Senator A"}]},{"@type":"WebSite","@id":"https:\/\/nb-parts.de\/pl\/#website","url":"https:\/\/nb-parts.de\/pl\/","name":"NB PARTS GmbH","description":"Ersatzteile - Aufarbeitung - Fertigung","publisher":{"@id":"https:\/\/nb-parts.de\/pl\/#organization"},"potentialAction":[{"@type":"SearchAction","target":{"@type":"EntryPoint","urlTemplate":"https:\/\/nb-parts.de\/pl\/?s={search_term_string}"},"query-input":{"@type":"PropertyValueSpecification","valueRequired":true,"valueName":"search_term_string"}}],"inLanguage":"pl-PL"},{"@type":"Organization","@id":"https:\/\/nb-parts.de\/pl\/#organization","name":"NB PARTS GmbH","url":"https:\/\/nb-parts.de\/pl\/","logo":{"@type":"ImageObject","inLanguage":"pl-PL","@id":"https:\/\/nb-parts.de\/pl\/#\/schema\/logo\/image\/","url":"https:\/\/nb-parts.de\/wp-content\/uploads\/2021\/06\/LOGO01.jpg","contentUrl":"https:\/\/nb-parts.de\/wp-content\/uploads\/2021\/06\/LOGO01.jpg","width":1000,"height":1000,"caption":"NB PARTS GmbH"},"image":{"@id":"https:\/\/nb-parts.de\/pl\/#\/schema\/logo\/image\/"},"sameAs":["https:\/\/www.youtube.com\/watch?v=E_90qxvrVlA"]}]},"product_price_currency":"EUR","og_availability":"instock","product_availability":"instock","product_retailer_item_id":"10155143","product_condition":"new"},"_links":{"self":[{"href":"https:\/\/nb-parts.de\/pl\/wp-json\/wp\/v2\/product\/27147","targetHints":{"allow":["GET"]}}],"collection":[{"href":"https:\/\/nb-parts.de\/pl\/wp-json\/wp\/v2\/product"}],"about":[{"href":"https:\/\/nb-parts.de\/pl\/wp-json\/wp\/v2\/types\/product"}],"wp:featuredmedia":[{"embeddable":true,"href":"https:\/\/nb-parts.de\/pl\/wp-json\/wp\/v2\/media\/27139"}],"wp:attachment":[{"href":"https:\/\/nb-parts.de\/pl\/wp-json\/wp\/v2\/media?parent=27147"}],"wp:term":[{"taxonomy":"product_brand","embeddable":true,"href":"https:\/\/nb-parts.de\/pl\/wp-json\/wp\/v2\/product_brand?post=27147"},{"taxonomy":"product_cat","embeddable":true,"href":"https:\/\/nb-parts.de\/pl\/wp-json\/wp\/v2\/product_cat?post=27147"},{"taxonomy":"product_tag","embeddable":true,"href":"https:\/\/nb-parts.de\/pl\/wp-json\/wp\/v2\/product_tag?post=27147"}],"curies":[{"name":"wp","href":"https:\/\/api.w.org\/{rel}","templated":true}]}}