{"id":13659,"date":"2017-12-13T14:06:34","date_gmt":"2017-12-13T13:06:34","guid":{"rendered":"https:\/\/nb-parts.de\/reibmaterialien-organisch\/"},"modified":"2020-08-20T14:17:53","modified_gmt":"2020-08-20T12:17:53","slug":"materiais-de-friccao-organicos","status":"publish","type":"page","link":"https:\/\/nb-parts.de\/pt-pt\/fabricacao\/materiais-de-friccao-organicos\/","title":{"rendered":"Materiais de fric\u00e7\u00e3o org\u00e2nicos"},"content":{"rendered":"<p><div class=\"fusion-fullwidth fullwidth-box fusion-builder-row-1 fusion-flex-container nonhundred-percent-fullwidth non-hundred-percent-height-scrolling\" style=\"--awb-border-radius-top-left:0px;--awb-border-radius-top-right:0px;--awb-border-radius-bottom-right:0px;--awb-border-radius-bottom-left:0px;--awb-flex-wrap:wrap;\" ><div class=\"fusion-builder-row fusion-row fusion-flex-align-items-flex-start fusion-flex-content-wrap\" style=\"max-width:calc( 999px + 0px );margin-left: calc(-0px \/ 2 );margin-right: calc(-0px \/ 2 );\"><div class=\"fusion-layout-column fusion_builder_column fusion-builder-column-0 fusion_builder_column_1_1 1_1 fusion-flex-column\" style=\"--awb-bg-size:cover;--awb-width-large:100%;--awb-margin-top-large:0px;--awb-spacing-right-large:0px;--awb-margin-bottom-large:11px;--awb-spacing-left-large:0px;--awb-width-medium:100%;--awb-spacing-right-medium:0px;--awb-spacing-left-medium:0px;--awb-width-small:100%;--awb-spacing-right-small:0px;--awb-spacing-left-small:0px;\"><div class=\"fusion-column-wrapper fusion-flex-justify-content-flex-start fusion-content-layout-column\"><div class=\"fusion-image-element \" style=\"--awb-bottom-shadow-color:rgba(0,0,0,0.4);--awb-caption-title-font-family:var(--h2_typography-font-family);--awb-caption-title-font-weight:var(--h2_typography-font-weight);--awb-caption-title-font-style:var(--h2_typography-font-style);--awb-caption-title-size:var(--h2_typography-font-size);--awb-caption-title-transform:var(--h2_typography-text-transform);--awb-caption-title-line-height:var(--h2_typography-line-height);--awb-caption-title-letter-spacing:var(--h2_typography-letter-spacing);\"><div class=\"awb-image-frame awb-image-frame-1 awb-bottomshadow\"><span class=\" fusion-imageframe imageframe-bottomshadow imageframe-1 hover-type-none\"><img decoding=\"async\" width=\"768\" height=\"200\" title=\"visual_fertig_reibbelag\" src=\"https:\/\/nb-parts.de\/wp-content\/uploads\/2017\/12\/visual_fertig_reibbelag.jpg\" alt class=\"img-responsive wp-image-11992\" srcset=\"https:\/\/nb-parts.de\/wp-content\/uploads\/2017\/12\/visual_fertig_reibbelag-200x52.jpg 200w, https:\/\/nb-parts.de\/wp-content\/uploads\/2017\/12\/visual_fertig_reibbelag-400x104.jpg 400w, https:\/\/nb-parts.de\/wp-content\/uploads\/2017\/12\/visual_fertig_reibbelag-600x156.jpg 600w, https:\/\/nb-parts.de\/wp-content\/uploads\/2017\/12\/visual_fertig_reibbelag.jpg 768w\" sizes=\"(max-width: 640px) 100vw, 768px\" \/><\/span><svg xmlns=\"http:\/\/www.w3.org\/2000\/svg\" version=\"1.1\" width=\"100%\" viewBox=\"0 0 600 28\" preserveAspectRatio=\"none\"><g clip-path=\"url(#a)\"><mask id=\"b\" style=\"mask-type:luminance\" maskUnits=\"userSpaceOnUse\" x=\"0\" y=\"0\" width=\"600\" height=\"28\"><path d=\"M0 0h600v28H0V0Z\" fill=\"#fff\"\/><\/mask><g filter=\"url(#c)\" mask=\"url(#b)\"><path d=\"M16.439-18.667h567.123v30.8S438.961-8.4 300-8.4C161.04-8.4 16.438 12.133 16.438 12.133v-30.8Z\" fill=\"#000\"\/><\/g><\/g><defs><clipPath id=\"a\"><path fill=\"#fff\" d=\"M0 0h600v28H0z\"\/><\/clipPath><filter id=\"c\" x=\"5.438\" y=\"-29.667\" width=\"589.123\" height=\"52.8\" filterUnits=\"userSpaceOnUse\" color-interpolation-filters=\"sRGB\"><feFlood flood-opacity=\"0\" result=\"BackgroundImageFix\"\/><feBlend in=\"SourceGraphic\" in2=\"BackgroundImageFix\" result=\"shape\"\/><feGaussianBlur stdDeviation=\"5.5\" result=\"effect1_foregroundBlur_3983_183\"\/><\/filter><\/defs><\/svg><\/div><\/div><\/div><\/div><\/div><\/div><div class=\"fusion-fullwidth fullwidth-box fusion-builder-row-2 fusion-flex-container nonhundred-percent-fullwidth non-hundred-percent-height-scrolling\" style=\"--awb-border-radius-top-left:0px;--awb-border-radius-top-right:0px;--awb-border-radius-bottom-right:0px;--awb-border-radius-bottom-left:0px;--awb-flex-wrap:wrap;\" ><div class=\"fusion-builder-row fusion-row fusion-flex-align-items-flex-start fusion-flex-content-wrap\" style=\"max-width:1028.97px;margin-left: calc(-3% \/ 2 );margin-right: calc(-3% \/ 2 );\"><div class=\"fusion-layout-column fusion_builder_column fusion-builder-column-1 fusion_builder_column_1_2 1_2 fusion-flex-column\" style=\"--awb-bg-size:cover;--awb-width-large:50%;--awb-margin-top-large:0px;--awb-spacing-right-large:2.91%;--awb-margin-bottom-large:11px;--awb-spacing-left-large:2.91%;--awb-width-medium:50%;--awb-spacing-right-medium:2.91%;--awb-spacing-left-medium:2.91%;--awb-width-small:100%;--awb-spacing-right-small:1.455%;--awb-spacing-left-small:1.455%;\"><div class=\"fusion-column-wrapper fusion-flex-justify-content-flex-start fusion-content-layout-column\"><div style=\"text-align:center;\"><a class=\"fusion-button button-flat button-medium button-lightgray fusion-button-lightgray button-1 fusion-button-span-yes fusion-button-default-type\" target=\"_blank\" rel=\"noopener noreferrer\" href=\"https:\/\/nb-parts.de\/pdf\/brochures\/nb-parts-brochure_friction-material.pdf\"><i class=\" fa fa-download awb-button__icon awb-button__icon--default button-icon-left\" aria-hidden=\"true\"><\/i><span class=\"fusion-button-text awb-button__text awb-button__text--default\">PDF MATERIAIS DE FRIC\u00c7\u00c3O<\/span><\/a><\/div><\/div><\/div><div class=\"fusion-layout-column fusion_builder_column fusion-builder-column-2 fusion_builder_column_1_2 1_2 fusion-flex-column\" style=\"--awb-bg-size:cover;--awb-width-large:50%;--awb-margin-top-large:0px;--awb-spacing-right-large:2.91%;--awb-margin-bottom-large:11px;--awb-spacing-left-large:2.91%;--awb-width-medium:50%;--awb-spacing-right-medium:2.91%;--awb-spacing-left-medium:2.91%;--awb-width-small:100%;--awb-spacing-right-small:1.455%;--awb-spacing-left-small:1.455%;\"><div class=\"fusion-column-wrapper fusion-flex-justify-content-flex-start fusion-content-layout-column\"><div style=\"text-align:center;\"><a class=\"fusion-button button-flat button-medium button-lightgray fusion-button-lightgray button-2 fusion-button-span-yes fusion-button-default-type\" target=\"_blank\" rel=\"noopener noreferrer\" href=\"https:\/\/nb-parts.de\/pdf\/forms\/nb-parts_e-questionnaire1_friction-materials.pdf\"><i class=\" fa fa-download awb-button__icon awb-button__icon--default button-icon-left\" aria-hidden=\"true\"><\/i><span class=\"fusion-button-text awb-button__text awb-button__text--default\">PDF E-QUESTION\u00c1RIO<\/span><\/a><\/div><\/div><\/div><\/div><\/div><div class=\"fusion-fullwidth fullwidth-box fusion-builder-row-3 fusion-flex-container nonhundred-percent-fullwidth non-hundred-percent-height-scrolling\" style=\"--awb-background-position:left top;--awb-background-repeat:repeat;--awb-border-sizes-top:0px;--awb-border-sizes-bottom:0px;--awb-border-sizes-left:0px;--awb-border-sizes-right:0px;--awb-border-radius-top-left:0px;--awb-border-radius-top-right:0px;--awb-border-radius-bottom-right:0px;--awb-border-radius-bottom-left:0px;--awb-padding-top:22px;--awb-flex-wrap:wrap;\" ><div class=\"fusion-builder-row fusion-row fusion-flex-align-items-flex-start fusion-flex-content-wrap\" style=\"max-width:1028.97px;margin-left: calc(-3% \/ 2 );margin-right: calc(-3% \/ 2 );\"><div class=\"fusion-layout-column fusion_builder_column fusion-builder-column-3 fusion_builder_column_2_3 2_3 fusion-flex-column fusion-flex-align-self-flex-start fusion-column-no-min-height\" style=\"--awb-bg-size:cover;--awb-width-large:66.666666666667%;--awb-margin-top-large:0px;--awb-spacing-right-large:3.88%;--awb-margin-bottom-large:0px;--awb-spacing-left-large:2.1825%;--awb-width-medium:66.666666666667%;--awb-spacing-right-medium:3.88%;--awb-spacing-left-medium:2.1825%;--awb-width-small:100%;--awb-spacing-right-small:1.455%;--awb-spacing-left-small:1.455%;\"><div class=\"fusion-column-wrapper fusion-flex-justify-content-flex-start fusion-content-layout-column\"><div class=\"fusion-text fusion-text-1\"><h4 data-fontsize=\"13\" data-lineheight=\"16\"><span class=\"notranslate\">FRAMES DE BANCO ORG\u00c2NICO<\/span><\/h4>\n<p class=\"ABSATZ_SEHR_GROSS\"><span class=\"notranslate\">Aplica\u00e7\u00f5es automotivas e industriais<\/span><br \/>\n<span class=\"notranslate\">Esta fam\u00edlia de materiais de fric\u00e7\u00e3o inclui todos os materiais de fric\u00e7\u00e3o cujos componentes s\u00e3o ligados por meio de borracha e resina sint\u00e9tica.<\/span>\u00a0<span class=\"notranslate\">Os aditivos relevantes para fric\u00e7\u00e3o, como fibras, componentes met\u00e1licos ou enchimentos, s\u00e3o incorporados na matriz de aglutinante org\u00e2nico e, na sua intera\u00e7\u00e3o proporcional, criam um grande n\u00famero de materiais de fric\u00e7\u00e3o com propriedades de fric\u00e7\u00e3o e conforto muito diferentes.<\/span><\/p>\n<p><span class=\"notranslate\">Com foco na integra\u00e7\u00e3o \u00f3tima de revestimentos de freio e embreagem no respectivo ambiente industrial, os materiais de fric\u00e7\u00e3o s\u00e3o adaptados aos requisitos da aplica\u00e7\u00e3o e desenvolvidos, se necess\u00e1rio.<\/span>\u00a0<span class=\"notranslate\">Os materiais dispon\u00edveis, que muitas vezes s\u00e3o referidos como qualidades, cobrem a conhecida gama de aplica\u00e7\u00f5es: de coeficientes de fric\u00e7\u00e3o baixos a altos de mais de \u03bc = 0,5.<\/span>\u00a0<span class=\"notranslate\">A gama de produtos, portanto, varia desde materiais macios para for\u00e7as de contato baixas at\u00e9 pastilhas de freio de disco mais duras.<\/span><\/p>\n<h4 data-fontsize=\"13\" data-lineheight=\"16\"><span class=\"notranslate\">MATERIAL DE CORREIA DE FRENO &#8211; UNIVERSAL<\/span><\/h4>\n<p><span class=\"notranslate\">Faixa de freio flex\u00edvel como pe\u00e7a de cobertura ou como rolo de 10m para suporte de revestimento, entre outras coisas, sapatos de freio e bandas de freio.<\/span><span class=\"notranslate\">As fitas podem ser produzidas de acordo com seus desejos em todas as larguras, comprimentos e espessuras, seja com sulcos, extremidades chanfradas, marcas laterais ou revestimentos adesivos.<\/span>\u00a0<span class=\"notranslate\">E se forem necess\u00e1rias for\u00e7as de alta resist\u00eancia \u00e0 corros\u00e3o e alta resist\u00eancia t\u00e9rmica para a aplica\u00e7\u00e3o do cliente, recomenda-se bandas de freio tecidas.<\/span>\u00a0<span class=\"notranslate\">Os produtos tamb\u00e9m est\u00e3o dispon\u00edveis em vers\u00f5es resistentes ao \u00f3leo e ao mar.<\/span><br \/>\n<span class=\"notranslate\">1) massa da banda de freio enrolada com inser\u00e7\u00e3o de arame<\/span><br \/>\n<span class=\"notranslate\">2) massa da banda de freio laminada sem inserto de arame<\/span><br \/>\n<span class=\"notranslate\">3) Brake band como banda de tecido<\/span><\/p>\n<h4 data-fontsize=\"13\" data-lineheight=\"16\"><span class=\"notranslate\">MATERIAL DO PAINEL &#8211; UNIVERSAL<\/span><\/h4>\n<p><span class=\"notranslate\">O processo de fabrica\u00e7\u00e3o permite que os materiais da placa sejam fabricados de acordo com in\u00fameros requisitos espec\u00edficos do cliente em termos de dureza, coeficientes de fric\u00e7\u00e3o e as propriedades de desgaste desejadas.<\/span>\u00a0<span class=\"notranslate\">Os materiais isentos de ferro e a\u00e7o tamb\u00e9m s\u00e3o resistentes \u00e0 corros\u00e3o;<\/span>\u00a0<span class=\"notranslate\">Os materiais n\u00e3o magn\u00e9ticos ou n\u00e3o magnetiz\u00e1veis \u200b\u200bn\u00e3o cont\u00eam fibras met\u00e1licas.<\/span>\u00a0<span class=\"notranslate\">A &#8220;resist\u00eancia ao impacto&#8221; especial \u00e9 oferecida por materiais laminados a partir de material prim\u00e1rio tecido.<\/span><br \/>\n<span class=\"notranslate\">1) pratos de freio prensados \u200b\u200b(flex\u00edveis a r\u00edgidos)<\/span><br \/>\n<span class=\"notranslate\">2) Placas de freio com material de tecido<\/span><br \/>\n<span class=\"notranslate\">3) Materiais deslizantes como material de placa<\/span><\/p>\n<h4 data-fontsize=\"13\" data-lineheight=\"16\"><span class=\"notranslate\">MATERIAL DE APLICA\u00c7\u00c3O SEM TRANSPORTE &#8211; CONTOURING<\/span><\/h4>\n<p><span class=\"notranslate\">Por meio de estampagem, rota\u00e7\u00e3o ou corte por jacto de \u00e1gua, por exemplo, an\u00e9is e discos de v\u00e1rias dimens\u00f5es s\u00e3o produzidos a partir de material de placa ou material de acoplamento de ferida.<\/span>\u00a0<span class=\"notranslate\">Dependendo da aplica\u00e7\u00e3o, estas pe\u00e7as s\u00e3o fornecidas com furos, ranhuras ou inscri\u00e7\u00f5es diferentes.<\/span>\u00a0<span class=\"notranslate\">Al\u00e9m da produ\u00e7\u00e3o de material de placa ou de tira por meio de processamento mec\u00e2nico, tamb\u00e9m s\u00e3o utilizados processos de prensagem e pulveriza\u00e7\u00e3o que proporcionam alta resist\u00eancia mec\u00e2nica.<\/span><br \/>\n<span class=\"notranslate\">1) revestimentos de fric\u00e7\u00e3o, revestimentos de embreagem, discos completos<\/span><br \/>\n<span class=\"notranslate\">2) Segmentos, discos, tamancos, cones, pe\u00e7as de plano<\/span><\/p>\n<h4 data-fontsize=\"13\" data-lineheight=\"16\"><span class=\"notranslate\">TUBOS DE FREIO DE TAMBOR &#8211; CONTOUR-RIGHT<\/span><\/h4>\n<p><span class=\"notranslate\">Dependendo do tamanho dos lotes e das aplica\u00e7\u00f5es, eles s\u00e3o fabricados pressionando em ferramentas de ninho \u00fanico ou meia-carca\u00e7a ou por processamento posterior de materiais de tira endurecidos.<\/span>\u00a0<span class=\"notranslate\">Dependendo dos v\u00e1rios campos de aplica\u00e7\u00e3o, um grande n\u00famero de materiais de fric\u00e7\u00e3o est\u00e3o dispon\u00edveis.<\/span><br \/>\n<span class=\"notranslate\">1) em v\u00e1rias larguras, comprimentos, espessuras e raios<\/span><br \/>\n<span class=\"notranslate\">2) em v\u00e1rias op\u00e7\u00f5es: perfurado \/ n\u00e3o rolado, com chanfros \/ ranhuras, marca\u00e7\u00e3o de borda, revestimento lateral interno<\/span><\/p>\n<h4 data-fontsize=\"13\" data-lineheight=\"16\"><span class=\"notranslate\">MATERIAL DE APLICA\u00c7\u00c3O COM APOIO DE APOIO &#8211; CONTOUR PRECISO<\/span><\/h4>\n<p><span class=\"notranslate\">Os materiais de fric\u00e7\u00e3o s\u00e3o aplicados ao suporte de revestimento de freio por meio de processos de colagem e endurecimento em projetos conformes ao contorno.<\/span>\u00a0<span class=\"notranslate\">Isso garante um contato superficial completo com boas taxas de cisalhamento, mesmo a distribui\u00e7\u00e3o de press\u00e3o e uma longa vida \u00fatil.<\/span><span class=\"notranslate\">Dependendo da aplica\u00e7\u00e3o, o espectro apropriado \u00e9 selecionado: se s\u00e3o utilizados materiais de fric\u00e7\u00e3o flex\u00edveis, deforma\u00e7\u00e3o precisa ou r\u00edgidos, flex\u00edveis ou mais dif\u00edceis.<\/span>\u00a0<span class=\"notranslate\">\u00c9 importante prestar aten\u00e7\u00e3o \u00e0 natureza do material de superf\u00edcie correspondente.<\/span><br \/>\n<span class=\"notranslate\">1) discos de fric\u00e7\u00e3o, discos de embreagem<\/span><br \/>\n<span class=\"notranslate\">2) sapatos de freio, bandas de freio<\/span><br \/>\n<span class=\"notranslate\">3) cones, segmentos<\/span><\/p>\n<h4 data-fontsize=\"13\" data-lineheight=\"16\"><span class=\"notranslate\">DISC BRAKE PADS &#8211; CONTOUR RIGHT<\/span><\/h4>\n<p><span class=\"notranslate\">Geralmente tamb\u00e9m encontrado na categoria de pastilhas de freio, eles s\u00e3o associados com os fabricantes de almofadas, chamados placas de apoio traseiro de a\u00e7o, ferro fundido ou forjados.<\/span>\u00a0<span class=\"notranslate\">A press\u00e3o das coberturas, ou seja, a uni\u00e3o do suporte de revestimento e do material de fric\u00e7\u00e3o sob press\u00e3o, tempo e temperatura, \u00e9 basicamente realizada em moldes conformes de acordo com uma instru\u00e7\u00e3o de processo especificada.<\/span><br \/>\n<span class=\"notranslate\">1) em v\u00e1rios revestimentos: cobertura paralela, cobertura de segmento, superf\u00edcie de moagem de borda, cobertura de ilha<\/span><br \/>\n<span class=\"notranslate\">2) em v\u00e1rias op\u00e7\u00f5es: recessos, sulcos, encostas de entrada<\/span><br \/>\n<span class=\"notranslate\">3) em v\u00e1rias pastilhas de freio: a\u00e7o, ferro fundido, pe\u00e7a forjada<\/span><\/p>\n<h4 data-fontsize=\"13\" data-lineheight=\"16\"><span class=\"notranslate\">DESENVOLVIMENTO \/ PRODU\u00c7\u00c3O &#8211; QUALIDADES<\/span><\/h4>\n<p><span class=\"notranslate\">1) Desenvolvimento de materiais de fric\u00e7\u00e3o (projetos que acompanham o cliente)<\/span><br \/>\n<span class=\"notranslate\">2) Implementa\u00e7\u00e3o de materiais em produ\u00e7\u00e3o<\/span><br \/>\n<span class=\"notranslate\">3) Prepara\u00e7\u00e3o de misturas<\/span><br \/>\n<span class=\"notranslate\">4) distribui\u00e7\u00e3o de mat\u00e9rias-primas<\/span><\/p>\n<\/div><\/div><\/div><div class=\"fusion-layout-column fusion_builder_column fusion-builder-column-4 fusion_builder_column_1_3 1_3 fusion-flex-column fusion-flex-align-self-flex-start fusion-column-no-min-height\" style=\"--awb-bg-size:cover;--awb-width-large:33.333333333333%;--awb-margin-top-large:0px;--awb-spacing-right-large:4.365%;--awb-margin-bottom-large:0px;--awb-spacing-left-large:3.88%;--awb-width-medium:33.333333333333%;--awb-spacing-right-medium:4.365%;--awb-spacing-left-medium:3.88%;--awb-width-small:100%;--awb-spacing-right-small:1.455%;--awb-spacing-left-small:1.455%;\"><div class=\"fusion-column-wrapper fusion-flex-justify-content-flex-start fusion-content-layout-column\"><div class=\"fusion-text fusion-text-2\"><h4 data-fontsize=\"13\" data-lineheight=\"16\"><span class=\"notranslate\">QUALIDADES<\/span><\/h4>\n<p>NB100<br \/>\nNB101<br \/>\nNB102<br \/>\nNB103<br \/>\nNB104<br \/>\nNB107<br \/>\nNB108<\/p>\n<p>NB200<br \/>\nNB201<br \/>\nNB202<\/p>\n<p>NB300<br \/>\nNB301<br \/>\nNB302<br \/>\nNB303<br \/>\nNB304<br \/>\nNB305<br \/>\nNB306<br \/>\nNB307<br \/>\nNB308<br \/>\nNB309<br \/>\nNB310<br \/>\nNB311<br \/>\nNB312<br \/>\nNB313<br \/>\nNB314<br \/>\nNB315<\/p>\n<p>NB400<br \/>\nNB401<br \/>\nNB402<br \/>\nNB406<\/p>\n<p>NB500<br \/>\nNB501<br \/>\nNB502<\/p>\n<\/div><\/div><\/div><\/div><\/div><\/p>\n","protected":false},"excerpt":{"rendered":"","protected":false},"author":4,"featured_media":0,"parent":20464,"menu_order":0,"comment_status":"closed","ping_status":"closed","template":"","meta":{"footnotes":""},"class_list":["post-13659","page","type-page","status-publish","hentry"],"yoast_head":"<!-- This site is optimized with the Yoast SEO Premium plugin v27.4 (Yoast SEO v27.4) - https:\/\/yoast.com\/product\/yoast-seo-premium-wordpress\/ -->\n<title>Materiais de fric\u00e7\u00e3o org\u00e2nicos - NB PARTS GmbH<\/title>\n<meta name=\"robots\" content=\"index, follow, max-snippet:-1, max-image-preview:large, max-video-preview:-1\" \/>\n<link rel=\"canonical\" href=\"https:\/\/nb-parts.de\/pt-pt\/fabricacao\/materiais-de-friccao-organicos\/\" \/>\n<meta property=\"og:locale\" content=\"pt_PT\" \/>\n<meta property=\"og:type\" content=\"article\" \/>\n<meta property=\"og:title\" content=\"Materiais de fric\u00e7\u00e3o org\u00e2nicos\" \/>\n<meta property=\"og:url\" content=\"https:\/\/nb-parts.de\/pt-pt\/fabricacao\/materiais-de-friccao-organicos\/\" \/>\n<meta property=\"og:site_name\" content=\"NB PARTS GmbH\" \/>\n<meta property=\"article:modified_time\" content=\"2020-08-20T12:17:53+00:00\" \/>\n<meta property=\"og:image\" content=\"https:\/\/nb-parts.de\/wp-content\/uploads\/2017\/04\/NB-parts-zieht-um.jpg\" \/>\n\t<meta property=\"og:image:width\" content=\"713\" \/>\n\t<meta property=\"og:image:height\" content=\"300\" \/>\n\t<meta property=\"og:image:type\" content=\"image\/jpeg\" \/>\n<meta name=\"twitter:label1\" content=\"Tempo estimado de leitura\" \/>\n\t<meta name=\"twitter:data1\" content=\"10 minutos\" \/>\n<script type=\"application\/ld+json\" class=\"yoast-schema-graph\">{\"@context\":\"https:\\\/\\\/schema.org\",\"@graph\":[{\"@type\":\"WebPage\",\"@id\":\"https:\\\/\\\/nb-parts.de\\\/pt-pt\\\/fabricacao\\\/materiais-de-friccao-organicos\\\/\",\"url\":\"https:\\\/\\\/nb-parts.de\\\/pt-pt\\\/fabricacao\\\/materiais-de-friccao-organicos\\\/\",\"name\":\"Materiais de fric\u00e7\u00e3o org\u00e2nicos - NB PARTS GmbH\",\"isPartOf\":{\"@id\":\"https:\\\/\\\/nb-parts.de\\\/pt-pt\\\/#website\"},\"datePublished\":\"2017-12-13T13:06:34+00:00\",\"dateModified\":\"2020-08-20T12:17:53+00:00\",\"breadcrumb\":{\"@id\":\"https:\\\/\\\/nb-parts.de\\\/pt-pt\\\/fabricacao\\\/materiais-de-friccao-organicos\\\/#breadcrumb\"},\"inLanguage\":\"pt-PT\",\"potentialAction\":[{\"@type\":\"ReadAction\",\"target\":[\"https:\\\/\\\/nb-parts.de\\\/pt-pt\\\/fabricacao\\\/materiais-de-friccao-organicos\\\/\"]}]},{\"@type\":\"BreadcrumbList\",\"@id\":\"https:\\\/\\\/nb-parts.de\\\/pt-pt\\\/fabricacao\\\/materiais-de-friccao-organicos\\\/#breadcrumb\",\"itemListElement\":[{\"@type\":\"ListItem\",\"position\":1,\"name\":\"Startseite\",\"item\":\"https:\\\/\\\/nb-parts.de\\\/pt-pt\\\/\"},{\"@type\":\"ListItem\",\"position\":2,\"name\":\"FABRICA\u00c7\u00c3O\",\"item\":\"https:\\\/\\\/nb-parts.de\\\/pt-pt\\\/fabricacao\\\/\"},{\"@type\":\"ListItem\",\"position\":3,\"name\":\"Materiais de fric\u00e7\u00e3o org\u00e2nicos\"}]},{\"@type\":\"WebSite\",\"@id\":\"https:\\\/\\\/nb-parts.de\\\/pt-pt\\\/#website\",\"url\":\"https:\\\/\\\/nb-parts.de\\\/pt-pt\\\/\",\"name\":\"NB PARTS GmbH\",\"description\":\"Ersatzteile - Aufarbeitung - Fertigung\",\"publisher\":{\"@id\":\"https:\\\/\\\/nb-parts.de\\\/pt-pt\\\/#organization\"},\"potentialAction\":[{\"@type\":\"SearchAction\",\"target\":{\"@type\":\"EntryPoint\",\"urlTemplate\":\"https:\\\/\\\/nb-parts.de\\\/pt-pt\\\/?s={search_term_string}\"},\"query-input\":{\"@type\":\"PropertyValueSpecification\",\"valueRequired\":true,\"valueName\":\"search_term_string\"}}],\"inLanguage\":\"pt-PT\"},{\"@type\":\"Organization\",\"@id\":\"https:\\\/\\\/nb-parts.de\\\/pt-pt\\\/#organization\",\"name\":\"NB PARTS GmbH\",\"url\":\"https:\\\/\\\/nb-parts.de\\\/pt-pt\\\/\",\"logo\":{\"@type\":\"ImageObject\",\"inLanguage\":\"pt-PT\",\"@id\":\"https:\\\/\\\/nb-parts.de\\\/pt-pt\\\/#\\\/schema\\\/logo\\\/image\\\/\",\"url\":\"https:\\\/\\\/nb-parts.de\\\/wp-content\\\/uploads\\\/2021\\\/06\\\/LOGO01.jpg\",\"contentUrl\":\"https:\\\/\\\/nb-parts.de\\\/wp-content\\\/uploads\\\/2021\\\/06\\\/LOGO01.jpg\",\"width\":1000,\"height\":1000,\"caption\":\"NB PARTS GmbH\"},\"image\":{\"@id\":\"https:\\\/\\\/nb-parts.de\\\/pt-pt\\\/#\\\/schema\\\/logo\\\/image\\\/\"},\"sameAs\":[\"https:\\\/\\\/www.youtube.com\\\/watch?v=E_90qxvrVlA\"]}]}<\/script>\n<!-- \/ Yoast SEO Premium plugin. -->","yoast_head_json":{"title":"Materiais de fric\u00e7\u00e3o org\u00e2nicos - NB PARTS GmbH","robots":{"index":"index","follow":"follow","max-snippet":"max-snippet:-1","max-image-preview":"max-image-preview:large","max-video-preview":"max-video-preview:-1"},"canonical":"https:\/\/nb-parts.de\/pt-pt\/fabricacao\/materiais-de-friccao-organicos\/","og_locale":"pt_PT","og_type":"article","og_title":"Materiais de fric\u00e7\u00e3o org\u00e2nicos","og_url":"https:\/\/nb-parts.de\/pt-pt\/fabricacao\/materiais-de-friccao-organicos\/","og_site_name":"NB PARTS GmbH","article_modified_time":"2020-08-20T12:17:53+00:00","og_image":[{"width":713,"height":300,"url":"https:\/\/nb-parts.de\/wp-content\/uploads\/2017\/04\/NB-parts-zieht-um.jpg","type":"image\/jpeg"}],"twitter_misc":{"Tempo estimado de leitura":"10 minutos"},"schema":{"@context":"https:\/\/schema.org","@graph":[{"@type":"WebPage","@id":"https:\/\/nb-parts.de\/pt-pt\/fabricacao\/materiais-de-friccao-organicos\/","url":"https:\/\/nb-parts.de\/pt-pt\/fabricacao\/materiais-de-friccao-organicos\/","name":"Materiais de fric\u00e7\u00e3o org\u00e2nicos - NB PARTS GmbH","isPartOf":{"@id":"https:\/\/nb-parts.de\/pt-pt\/#website"},"datePublished":"2017-12-13T13:06:34+00:00","dateModified":"2020-08-20T12:17:53+00:00","breadcrumb":{"@id":"https:\/\/nb-parts.de\/pt-pt\/fabricacao\/materiais-de-friccao-organicos\/#breadcrumb"},"inLanguage":"pt-PT","potentialAction":[{"@type":"ReadAction","target":["https:\/\/nb-parts.de\/pt-pt\/fabricacao\/materiais-de-friccao-organicos\/"]}]},{"@type":"BreadcrumbList","@id":"https:\/\/nb-parts.de\/pt-pt\/fabricacao\/materiais-de-friccao-organicos\/#breadcrumb","itemListElement":[{"@type":"ListItem","position":1,"name":"Startseite","item":"https:\/\/nb-parts.de\/pt-pt\/"},{"@type":"ListItem","position":2,"name":"FABRICA\u00c7\u00c3O","item":"https:\/\/nb-parts.de\/pt-pt\/fabricacao\/"},{"@type":"ListItem","position":3,"name":"Materiais de fric\u00e7\u00e3o org\u00e2nicos"}]},{"@type":"WebSite","@id":"https:\/\/nb-parts.de\/pt-pt\/#website","url":"https:\/\/nb-parts.de\/pt-pt\/","name":"NB PARTS GmbH","description":"Ersatzteile - Aufarbeitung - Fertigung","publisher":{"@id":"https:\/\/nb-parts.de\/pt-pt\/#organization"},"potentialAction":[{"@type":"SearchAction","target":{"@type":"EntryPoint","urlTemplate":"https:\/\/nb-parts.de\/pt-pt\/?s={search_term_string}"},"query-input":{"@type":"PropertyValueSpecification","valueRequired":true,"valueName":"search_term_string"}}],"inLanguage":"pt-PT"},{"@type":"Organization","@id":"https:\/\/nb-parts.de\/pt-pt\/#organization","name":"NB PARTS GmbH","url":"https:\/\/nb-parts.de\/pt-pt\/","logo":{"@type":"ImageObject","inLanguage":"pt-PT","@id":"https:\/\/nb-parts.de\/pt-pt\/#\/schema\/logo\/image\/","url":"https:\/\/nb-parts.de\/wp-content\/uploads\/2021\/06\/LOGO01.jpg","contentUrl":"https:\/\/nb-parts.de\/wp-content\/uploads\/2021\/06\/LOGO01.jpg","width":1000,"height":1000,"caption":"NB PARTS GmbH"},"image":{"@id":"https:\/\/nb-parts.de\/pt-pt\/#\/schema\/logo\/image\/"},"sameAs":["https:\/\/www.youtube.com\/watch?v=E_90qxvrVlA"]}]}},"_links":{"self":[{"href":"https:\/\/nb-parts.de\/pt-pt\/wp-json\/wp\/v2\/pages\/13659","targetHints":{"allow":["GET"]}}],"collection":[{"href":"https:\/\/nb-parts.de\/pt-pt\/wp-json\/wp\/v2\/pages"}],"about":[{"href":"https:\/\/nb-parts.de\/pt-pt\/wp-json\/wp\/v2\/types\/page"}],"author":[{"embeddable":true,"href":"https:\/\/nb-parts.de\/pt-pt\/wp-json\/wp\/v2\/users\/4"}],"replies":[{"embeddable":true,"href":"https:\/\/nb-parts.de\/pt-pt\/wp-json\/wp\/v2\/comments?post=13659"}],"version-history":[{"count":0,"href":"https:\/\/nb-parts.de\/pt-pt\/wp-json\/wp\/v2\/pages\/13659\/revisions"}],"up":[{"embeddable":true,"href":"https:\/\/nb-parts.de\/pt-pt\/wp-json\/wp\/v2\/pages\/20464"}],"wp:attachment":[{"href":"https:\/\/nb-parts.de\/pt-pt\/wp-json\/wp\/v2\/media?parent=13659"}],"curies":[{"name":"wp","href":"https:\/\/api.w.org\/{rel}","templated":true}]}}