{"id":13704,"date":"2017-12-13T14:20:10","date_gmt":"2017-12-13T13:20:10","guid":{"rendered":"https:\/\/nb-parts.de\/brake-cylinders\/"},"modified":"2021-06-14T10:55:16","modified_gmt":"2021-06-14T08:55:16","slug":"cilindros-de-freio","status":"publish","type":"page","link":"https:\/\/nb-parts.de\/pt-pt\/fabricacao\/cilindros-de-freio\/","title":{"rendered":"Cilindros de freio"},"content":{"rendered":"<p><div class=\"fusion-fullwidth fullwidth-box fusion-builder-row-1 fusion-flex-container nonhundred-percent-fullwidth non-hundred-percent-height-scrolling\" style=\"--awb-border-radius-top-left:0px;--awb-border-radius-top-right:0px;--awb-border-radius-bottom-right:0px;--awb-border-radius-bottom-left:0px;--awb-flex-wrap:wrap;\" ><div class=\"fusion-builder-row fusion-row fusion-flex-align-items-flex-start fusion-flex-content-wrap\" style=\"max-width:calc( 999px + 0px );margin-left: calc(-0px \/ 2 );margin-right: calc(-0px \/ 2 );\"><div class=\"fusion-layout-column fusion_builder_column fusion-builder-column-0 fusion_builder_column_1_1 1_1 fusion-flex-column\" style=\"--awb-bg-size:cover;--awb-width-large:100%;--awb-margin-top-large:0px;--awb-spacing-right-large:0px;--awb-margin-bottom-large:11px;--awb-spacing-left-large:0px;--awb-width-medium:100%;--awb-spacing-right-medium:0px;--awb-spacing-left-medium:0px;--awb-width-small:100%;--awb-spacing-right-small:0px;--awb-spacing-left-small:0px;\"><div class=\"fusion-column-wrapper fusion-flex-justify-content-flex-start fusion-content-layout-column\"><div class=\"fusion-image-element \" style=\"--awb-bottom-shadow-color:rgba(0,0,0,0.4);--awb-caption-title-font-family:var(--h2_typography-font-family);--awb-caption-title-font-weight:var(--h2_typography-font-weight);--awb-caption-title-font-style:var(--h2_typography-font-style);--awb-caption-title-size:var(--h2_typography-font-size);--awb-caption-title-transform:var(--h2_typography-text-transform);--awb-caption-title-line-height:var(--h2_typography-line-height);--awb-caption-title-letter-spacing:var(--h2_typography-letter-spacing);\"><div class=\"awb-image-frame awb-image-frame-1 awb-bottomshadow\"><span class=\" fusion-imageframe imageframe-bottomshadow imageframe-1 hover-type-none\"><img decoding=\"async\" width=\"768\" height=\"200\" title=\"visual_fertig_zylinder\" src=\"https:\/\/nb-parts.de\/wp-content\/uploads\/2017\/12\/visual_fertig_zylinder.jpg\" alt class=\"img-responsive wp-image-11996\" srcset=\"https:\/\/nb-parts.de\/wp-content\/uploads\/2017\/12\/visual_fertig_zylinder-200x52.jpg 200w, https:\/\/nb-parts.de\/wp-content\/uploads\/2017\/12\/visual_fertig_zylinder-400x104.jpg 400w, https:\/\/nb-parts.de\/wp-content\/uploads\/2017\/12\/visual_fertig_zylinder-600x156.jpg 600w, https:\/\/nb-parts.de\/wp-content\/uploads\/2017\/12\/visual_fertig_zylinder.jpg 768w\" sizes=\"(max-width: 640px) 100vw, 768px\" \/><\/span><svg xmlns=\"http:\/\/www.w3.org\/2000\/svg\" version=\"1.1\" width=\"100%\" viewBox=\"0 0 600 28\" preserveAspectRatio=\"none\"><g clip-path=\"url(#a)\"><mask id=\"b\" style=\"mask-type:luminance\" maskUnits=\"userSpaceOnUse\" x=\"0\" y=\"0\" width=\"600\" height=\"28\"><path d=\"M0 0h600v28H0V0Z\" fill=\"#fff\"\/><\/mask><g filter=\"url(#c)\" mask=\"url(#b)\"><path d=\"M16.439-18.667h567.123v30.8S438.961-8.4 300-8.4C161.04-8.4 16.438 12.133 16.438 12.133v-30.8Z\" fill=\"#000\"\/><\/g><\/g><defs><clipPath id=\"a\"><path fill=\"#fff\" d=\"M0 0h600v28H0z\"\/><\/clipPath><filter id=\"c\" x=\"5.438\" y=\"-29.667\" width=\"589.123\" height=\"52.8\" filterUnits=\"userSpaceOnUse\" color-interpolation-filters=\"sRGB\"><feFlood flood-opacity=\"0\" result=\"BackgroundImageFix\"\/><feBlend in=\"SourceGraphic\" in2=\"BackgroundImageFix\" result=\"shape\"\/><feGaussianBlur stdDeviation=\"5.5\" result=\"effect1_foregroundBlur_3983_183\"\/><\/filter><\/defs><\/svg><\/div><\/div><\/div><\/div><\/div><\/div><div class=\"fusion-fullwidth fullwidth-box fusion-builder-row-2 fusion-flex-container nonhundred-percent-fullwidth non-hundred-percent-height-scrolling\" style=\"--awb-border-radius-top-left:0px;--awb-border-radius-top-right:0px;--awb-border-radius-bottom-right:0px;--awb-border-radius-bottom-left:0px;--awb-flex-wrap:wrap;\" ><div class=\"fusion-builder-row fusion-row fusion-flex-align-items-flex-start fusion-flex-content-wrap\" style=\"max-width:calc( 999px + 0px );margin-left: calc(-0px \/ 2 );margin-right: calc(-0px \/ 2 );\"><div class=\"fusion-layout-column fusion_builder_column fusion-builder-column-1 fusion_builder_column_1_1 1_1 fusion-flex-column\" style=\"--awb-bg-size:cover;--awb-width-large:100%;--awb-margin-top-large:0px;--awb-spacing-right-large:0px;--awb-margin-bottom-large:11px;--awb-spacing-left-large:0px;--awb-width-medium:100%;--awb-spacing-right-medium:0px;--awb-spacing-left-medium:0px;--awb-width-small:100%;--awb-spacing-right-small:0px;--awb-spacing-left-small:0px;\"><div class=\"fusion-column-wrapper fusion-flex-justify-content-flex-start fusion-content-layout-column\"><div style=\"text-align:center;\"><a class=\"fusion-button button-flat button-medium button-lightgray fusion-button-lightgray button-1 fusion-button-span-yes fusion-button-default-type\" target=\"_blank\" rel=\"noopener noreferrer\" href=\"https:\/\/nb-parts.de\/pdf\/info\/nb-parts_info-brake-cylinders_08-2009.pdf\"><i class=\" fa fa-download awb-button__icon awb-button__icon--default button-icon-left\" aria-hidden=\"true\"><\/i><span class=\"fusion-button-text awb-button__text awb-button__text--default\">PDF CILINDROS DE FREIO<\/span><\/a><\/div><\/div><\/div><\/div><\/div><div class=\"fusion-fullwidth fullwidth-box fusion-builder-row-3 fusion-flex-container nonhundred-percent-fullwidth non-hundred-percent-height-scrolling\" style=\"--awb-background-position:left top;--awb-background-repeat:repeat;--awb-border-sizes-top:0px;--awb-border-sizes-bottom:0px;--awb-border-sizes-left:0px;--awb-border-sizes-right:0px;--awb-border-radius-top-left:0px;--awb-border-radius-top-right:0px;--awb-border-radius-bottom-right:0px;--awb-border-radius-bottom-left:0px;--awb-padding-top:22px;--awb-flex-wrap:wrap;\" ><div class=\"fusion-builder-row fusion-row fusion-flex-align-items-flex-start fusion-flex-content-wrap\" style=\"max-width:1028.97px;margin-left: calc(-3% \/ 2 );margin-right: calc(-3% \/ 2 );\"><div class=\"fusion-layout-column fusion_builder_column fusion-builder-column-2 fusion_builder_column_2_3 2_3 fusion-flex-column fusion-flex-align-self-flex-start fusion-column-no-min-height\" style=\"--awb-bg-size:cover;--awb-width-large:66.666666666667%;--awb-margin-top-large:0px;--awb-spacing-right-large:3.88%;--awb-margin-bottom-large:0px;--awb-spacing-left-large:2.1825%;--awb-width-medium:66.666666666667%;--awb-spacing-right-medium:3.88%;--awb-spacing-left-medium:2.1825%;--awb-width-small:100%;--awb-spacing-right-small:1.455%;--awb-spacing-left-small:1.455%;\"><div class=\"fusion-column-wrapper fusion-flex-justify-content-flex-start fusion-content-layout-column\"><div class=\"fusion-text fusion-text-1\"><h4 data-fontsize=\"13\" data-lineheight=\"16\"><span class=\"notranslate\">PRODU\u00c7\u00c3O DE CILINDROS DE FREIO<\/span><\/h4>\n<p class=\"ABSATZ_GROSS\"><span class=\"notranslate\">Fabrica\u00e7\u00e3o de cilindro de freio hidr\u00e1ulico em tamanhos de lote pequenos e m\u00e9dios de acordo com as normas ISO 9001.<\/span>\u00a0<span class=\"notranslate\">O trabalho preciso de metal das caixas de cilindros, incluindo roscas e furos, \u00e9 realizado em m\u00e1quinas de fresagem e corte de metais controladas por CNC.<\/span>\u00a0<span class=\"notranslate\">As ferramentas especiais de fresar e moer rolos refinam e melhoram a qualidade da superf\u00edcie do furo e superf\u00edcie de rolamento em cilindros e geram a maior precis\u00e3o dimensional.<\/span>\u00a0<span class=\"notranslate\">Um crit\u00e9rio para o melhor movimento do pist\u00e3o.<\/span>\u00a0<span class=\"notranslate\">No processamento posterior, pist\u00f5es personalizados est\u00e3o sendo criados em fresadoras e torneiras controladas por CNC.<\/span>\u00a0<span class=\"notranslate\">A superf\u00edcie dos cilindros est\u00e1 sendo tratada atrav\u00e9s de anodiza\u00e7\u00e3o ou anodiza\u00e7\u00e3o dura.<\/span>\u00a0<span class=\"notranslate\">E at\u00e9 o final, os cilindros est\u00e3o sendo completamente montados, incluindo elementos de veda\u00e7\u00e3o com base em fluido de freio ou \u00f3leo mineral.<\/span>\u00a0<span class=\"notranslate\">Nossos cilindros de freio passam por um exame final, verificando a fun\u00e7\u00e3o, vazamento e precis\u00e3o dimensional em bancas de teste aplicadas.<\/span><\/p>\n<h4 data-fontsize=\"13\" data-lineheight=\"16\"><span class=\"notranslate\">CILINDROS DE FREIO HIDR\u00c1ULICOS<\/span><\/h4>\n<p><span class=\"notranslate\">para atua\u00e7\u00e3o de sistema de freio de tambor, sistema de freio de disco, freio multi-disco<\/span><br \/>\n<span class=\"notranslate\">1) cilindros de freio de roda<\/span><br \/>\n<span class=\"notranslate\">2) cilindros mestres de freio<\/span><br \/>\n<span class=\"notranslate\">3) cilindros escravos mestres e escravos<\/span><br \/>\n<span class=\"notranslate\">4) cilindros de atua\u00e7\u00e3o<\/span><br \/>\n<span class=\"notranslate\">5) calibres de freio<\/span><\/p>\n<\/div><\/div><\/div><div class=\"fusion-layout-column fusion_builder_column fusion-builder-column-3 fusion_builder_column_1_3 1_3 fusion-flex-column fusion-flex-align-self-flex-start fusion-column-no-min-height\" style=\"--awb-bg-size:cover;--awb-width-large:33.333333333333%;--awb-margin-top-large:0px;--awb-spacing-right-large:4.365%;--awb-margin-bottom-large:0px;--awb-spacing-left-large:3.88%;--awb-width-medium:33.333333333333%;--awb-spacing-right-medium:4.365%;--awb-spacing-left-medium:3.88%;--awb-width-small:100%;--awb-spacing-right-small:1.455%;--awb-spacing-left-small:1.455%;\"><div class=\"fusion-column-wrapper fusion-flex-justify-content-flex-start fusion-content-layout-column\"><div class=\"fusion-text fusion-text-2\"><h4 data-fontsize=\"13\" data-lineheight=\"16\"><span class=\"notranslate\">AL\u00c9M DISSO<\/span><\/h4>\n<p><span class=\"notranslate\">v\u00e1lvula redutora de for\u00e7a de freio, tanques de fluido de freio, kits de repara\u00e7\u00e3o e selos usados \u200b\u200bpara fluido de freio ou \u00f3leo mineral, acess\u00f3rios<\/span><\/p>\n<\/div><\/div><\/div><\/div><\/div><\/p>\n","protected":false},"excerpt":{"rendered":"","protected":false},"author":4,"featured_media":0,"parent":20464,"menu_order":0,"comment_status":"closed","ping_status":"closed","template":"","meta":{"footnotes":""},"class_list":["post-13704","page","type-page","status-publish","hentry"],"yoast_head":"<!-- This site is optimized with the Yoast SEO Premium plugin v27.3 (Yoast SEO v27.3) - https:\/\/yoast.com\/product\/yoast-seo-premium-wordpress\/ -->\n<title>Fabrica\u00e7\u00e3o de cilindros de freio - NB PARTS GmbH<\/title>\n<meta name=\"description\" content=\"Fabrica\u00e7\u00e3o de cilindros de freio - NB PARTS GmbH\" \/>\n<meta name=\"robots\" content=\"index, follow, max-snippet:-1, max-image-preview:large, max-video-preview:-1\" \/>\n<link rel=\"canonical\" href=\"https:\/\/nb-parts.de\/pt-pt\/fabricacao\/cilindros-de-freio\/\" \/>\n<meta property=\"og:locale\" content=\"pt_PT\" \/>\n<meta property=\"og:type\" content=\"article\" \/>\n<meta property=\"og:title\" content=\"Cilindros de freio\" \/>\n<meta property=\"og:description\" content=\"Fabrica\u00e7\u00e3o de cilindros de freio - NB PARTS GmbH\" \/>\n<meta property=\"og:url\" content=\"https:\/\/nb-parts.de\/pt-pt\/fabricacao\/cilindros-de-freio\/\" \/>\n<meta property=\"og:site_name\" content=\"NB PARTS GmbH\" \/>\n<meta property=\"article:modified_time\" content=\"2021-06-14T08:55:16+00:00\" \/>\n<meta property=\"og:image\" content=\"https:\/\/nb-parts.de\/wp-content\/uploads\/2017\/04\/NB-parts-zieht-um.jpg\" \/>\n\t<meta property=\"og:image:width\" content=\"713\" \/>\n\t<meta property=\"og:image:height\" content=\"300\" \/>\n\t<meta property=\"og:image:type\" content=\"image\/jpeg\" \/>\n<meta name=\"twitter:label1\" content=\"Tempo estimado de leitura\" \/>\n\t<meta name=\"twitter:data1\" content=\"5 minutos\" \/>\n<script type=\"application\/ld+json\" class=\"yoast-schema-graph\">{\"@context\":\"https:\\\/\\\/schema.org\",\"@graph\":[{\"@type\":\"WebPage\",\"@id\":\"https:\\\/\\\/nb-parts.de\\\/pt-pt\\\/fabricacao\\\/cilindros-de-freio\\\/\",\"url\":\"https:\\\/\\\/nb-parts.de\\\/pt-pt\\\/fabricacao\\\/cilindros-de-freio\\\/\",\"name\":\"Fabrica\u00e7\u00e3o de cilindros de freio - NB PARTS GmbH\",\"isPartOf\":{\"@id\":\"https:\\\/\\\/nb-parts.de\\\/pt-pt\\\/#website\"},\"datePublished\":\"2017-12-13T13:20:10+00:00\",\"dateModified\":\"2021-06-14T08:55:16+00:00\",\"description\":\"Fabrica\u00e7\u00e3o de cilindros de freio - NB PARTS GmbH\",\"breadcrumb\":{\"@id\":\"https:\\\/\\\/nb-parts.de\\\/pt-pt\\\/fabricacao\\\/cilindros-de-freio\\\/#breadcrumb\"},\"inLanguage\":\"pt-PT\",\"potentialAction\":[{\"@type\":\"ReadAction\",\"target\":[\"https:\\\/\\\/nb-parts.de\\\/pt-pt\\\/fabricacao\\\/cilindros-de-freio\\\/\"]}]},{\"@type\":\"BreadcrumbList\",\"@id\":\"https:\\\/\\\/nb-parts.de\\\/pt-pt\\\/fabricacao\\\/cilindros-de-freio\\\/#breadcrumb\",\"itemListElement\":[{\"@type\":\"ListItem\",\"position\":1,\"name\":\"Startseite\",\"item\":\"https:\\\/\\\/nb-parts.de\\\/pt-pt\\\/\"},{\"@type\":\"ListItem\",\"position\":2,\"name\":\"FABRICA\u00c7\u00c3O\",\"item\":\"https:\\\/\\\/nb-parts.de\\\/pt-pt\\\/fabricacao\\\/\"},{\"@type\":\"ListItem\",\"position\":3,\"name\":\"Cilindros de freio\"}]},{\"@type\":\"WebSite\",\"@id\":\"https:\\\/\\\/nb-parts.de\\\/pt-pt\\\/#website\",\"url\":\"https:\\\/\\\/nb-parts.de\\\/pt-pt\\\/\",\"name\":\"NB PARTS GmbH\",\"description\":\"Ersatzteile - Aufarbeitung - Fertigung\",\"publisher\":{\"@id\":\"https:\\\/\\\/nb-parts.de\\\/pt-pt\\\/#organization\"},\"potentialAction\":[{\"@type\":\"SearchAction\",\"target\":{\"@type\":\"EntryPoint\",\"urlTemplate\":\"https:\\\/\\\/nb-parts.de\\\/pt-pt\\\/?s={search_term_string}\"},\"query-input\":{\"@type\":\"PropertyValueSpecification\",\"valueRequired\":true,\"valueName\":\"search_term_string\"}}],\"inLanguage\":\"pt-PT\"},{\"@type\":\"Organization\",\"@id\":\"https:\\\/\\\/nb-parts.de\\\/pt-pt\\\/#organization\",\"name\":\"NB PARTS GmbH\",\"url\":\"https:\\\/\\\/nb-parts.de\\\/pt-pt\\\/\",\"logo\":{\"@type\":\"ImageObject\",\"inLanguage\":\"pt-PT\",\"@id\":\"https:\\\/\\\/nb-parts.de\\\/pt-pt\\\/#\\\/schema\\\/logo\\\/image\\\/\",\"url\":\"https:\\\/\\\/nb-parts.de\\\/wp-content\\\/uploads\\\/2021\\\/06\\\/LOGO01.jpg\",\"contentUrl\":\"https:\\\/\\\/nb-parts.de\\\/wp-content\\\/uploads\\\/2021\\\/06\\\/LOGO01.jpg\",\"width\":1000,\"height\":1000,\"caption\":\"NB PARTS GmbH\"},\"image\":{\"@id\":\"https:\\\/\\\/nb-parts.de\\\/pt-pt\\\/#\\\/schema\\\/logo\\\/image\\\/\"},\"sameAs\":[\"https:\\\/\\\/www.youtube.com\\\/watch?v=E_90qxvrVlA\"]}]}<\/script>\n<!-- \/ Yoast SEO Premium plugin. -->","yoast_head_json":{"title":"Fabrica\u00e7\u00e3o de cilindros de freio - NB PARTS GmbH","description":"Fabrica\u00e7\u00e3o de cilindros de freio - NB PARTS GmbH","robots":{"index":"index","follow":"follow","max-snippet":"max-snippet:-1","max-image-preview":"max-image-preview:large","max-video-preview":"max-video-preview:-1"},"canonical":"https:\/\/nb-parts.de\/pt-pt\/fabricacao\/cilindros-de-freio\/","og_locale":"pt_PT","og_type":"article","og_title":"Cilindros de freio","og_description":"Fabrica\u00e7\u00e3o de cilindros de freio - NB PARTS GmbH","og_url":"https:\/\/nb-parts.de\/pt-pt\/fabricacao\/cilindros-de-freio\/","og_site_name":"NB PARTS GmbH","article_modified_time":"2021-06-14T08:55:16+00:00","og_image":[{"width":713,"height":300,"url":"https:\/\/nb-parts.de\/wp-content\/uploads\/2017\/04\/NB-parts-zieht-um.jpg","type":"image\/jpeg"}],"twitter_misc":{"Tempo estimado de leitura":"5 minutos"},"schema":{"@context":"https:\/\/schema.org","@graph":[{"@type":"WebPage","@id":"https:\/\/nb-parts.de\/pt-pt\/fabricacao\/cilindros-de-freio\/","url":"https:\/\/nb-parts.de\/pt-pt\/fabricacao\/cilindros-de-freio\/","name":"Fabrica\u00e7\u00e3o de cilindros de freio - NB PARTS GmbH","isPartOf":{"@id":"https:\/\/nb-parts.de\/pt-pt\/#website"},"datePublished":"2017-12-13T13:20:10+00:00","dateModified":"2021-06-14T08:55:16+00:00","description":"Fabrica\u00e7\u00e3o de cilindros de freio - NB PARTS GmbH","breadcrumb":{"@id":"https:\/\/nb-parts.de\/pt-pt\/fabricacao\/cilindros-de-freio\/#breadcrumb"},"inLanguage":"pt-PT","potentialAction":[{"@type":"ReadAction","target":["https:\/\/nb-parts.de\/pt-pt\/fabricacao\/cilindros-de-freio\/"]}]},{"@type":"BreadcrumbList","@id":"https:\/\/nb-parts.de\/pt-pt\/fabricacao\/cilindros-de-freio\/#breadcrumb","itemListElement":[{"@type":"ListItem","position":1,"name":"Startseite","item":"https:\/\/nb-parts.de\/pt-pt\/"},{"@type":"ListItem","position":2,"name":"FABRICA\u00c7\u00c3O","item":"https:\/\/nb-parts.de\/pt-pt\/fabricacao\/"},{"@type":"ListItem","position":3,"name":"Cilindros de freio"}]},{"@type":"WebSite","@id":"https:\/\/nb-parts.de\/pt-pt\/#website","url":"https:\/\/nb-parts.de\/pt-pt\/","name":"NB PARTS GmbH","description":"Ersatzteile - Aufarbeitung - Fertigung","publisher":{"@id":"https:\/\/nb-parts.de\/pt-pt\/#organization"},"potentialAction":[{"@type":"SearchAction","target":{"@type":"EntryPoint","urlTemplate":"https:\/\/nb-parts.de\/pt-pt\/?s={search_term_string}"},"query-input":{"@type":"PropertyValueSpecification","valueRequired":true,"valueName":"search_term_string"}}],"inLanguage":"pt-PT"},{"@type":"Organization","@id":"https:\/\/nb-parts.de\/pt-pt\/#organization","name":"NB PARTS GmbH","url":"https:\/\/nb-parts.de\/pt-pt\/","logo":{"@type":"ImageObject","inLanguage":"pt-PT","@id":"https:\/\/nb-parts.de\/pt-pt\/#\/schema\/logo\/image\/","url":"https:\/\/nb-parts.de\/wp-content\/uploads\/2021\/06\/LOGO01.jpg","contentUrl":"https:\/\/nb-parts.de\/wp-content\/uploads\/2021\/06\/LOGO01.jpg","width":1000,"height":1000,"caption":"NB PARTS GmbH"},"image":{"@id":"https:\/\/nb-parts.de\/pt-pt\/#\/schema\/logo\/image\/"},"sameAs":["https:\/\/www.youtube.com\/watch?v=E_90qxvrVlA"]}]}},"_links":{"self":[{"href":"https:\/\/nb-parts.de\/pt-pt\/wp-json\/wp\/v2\/pages\/13704","targetHints":{"allow":["GET"]}}],"collection":[{"href":"https:\/\/nb-parts.de\/pt-pt\/wp-json\/wp\/v2\/pages"}],"about":[{"href":"https:\/\/nb-parts.de\/pt-pt\/wp-json\/wp\/v2\/types\/page"}],"author":[{"embeddable":true,"href":"https:\/\/nb-parts.de\/pt-pt\/wp-json\/wp\/v2\/users\/4"}],"replies":[{"embeddable":true,"href":"https:\/\/nb-parts.de\/pt-pt\/wp-json\/wp\/v2\/comments?post=13704"}],"version-history":[{"count":0,"href":"https:\/\/nb-parts.de\/pt-pt\/wp-json\/wp\/v2\/pages\/13704\/revisions"}],"up":[{"embeddable":true,"href":"https:\/\/nb-parts.de\/pt-pt\/wp-json\/wp\/v2\/pages\/20464"}],"wp:attachment":[{"href":"https:\/\/nb-parts.de\/pt-pt\/wp-json\/wp\/v2\/media?parent=13704"}],"curies":[{"name":"wp","href":"https:\/\/api.w.org\/{rel}","templated":true}]}}