{"id":13706,"date":"2018-01-03T15:04:22","date_gmt":"2018-01-03T14:04:22","guid":{"rendered":"https:\/\/nb-parts.de\/sealing-parts\/"},"modified":"2020-08-20T14:18:29","modified_gmt":"2020-08-20T12:18:29","slug":"pecas-de-vedacao","status":"publish","type":"page","link":"https:\/\/nb-parts.de\/pt-pt\/fabricacao\/pecas-de-vedacao\/","title":{"rendered":"Pe\u00e7as de veda\u00e7\u00e3o"},"content":{"rendered":"<p><div class=\"fusion-fullwidth fullwidth-box fusion-builder-row-1 fusion-flex-container nonhundred-percent-fullwidth non-hundred-percent-height-scrolling\" style=\"--awb-border-radius-top-left:0px;--awb-border-radius-top-right:0px;--awb-border-radius-bottom-right:0px;--awb-border-radius-bottom-left:0px;--awb-flex-wrap:wrap;\" ><div class=\"fusion-builder-row fusion-row fusion-flex-align-items-flex-start fusion-flex-content-wrap\" style=\"max-width:calc( 999px + 0px );margin-left: calc(-0px \/ 2 );margin-right: calc(-0px \/ 2 );\"><div class=\"fusion-layout-column fusion_builder_column fusion-builder-column-0 fusion_builder_column_1_1 1_1 fusion-flex-column\" style=\"--awb-bg-size:cover;--awb-width-large:100%;--awb-margin-top-large:0px;--awb-spacing-right-large:0px;--awb-margin-bottom-large:11px;--awb-spacing-left-large:0px;--awb-width-medium:100%;--awb-spacing-right-medium:0px;--awb-spacing-left-medium:0px;--awb-width-small:100%;--awb-spacing-right-small:0px;--awb-spacing-left-small:0px;\"><div class=\"fusion-column-wrapper fusion-flex-justify-content-flex-start fusion-content-layout-column\"><div class=\"fusion-image-element \" style=\"--awb-bottom-shadow-color:rgba(0,0,0,0.4);--awb-caption-title-font-family:var(--h2_typography-font-family);--awb-caption-title-font-weight:var(--h2_typography-font-weight);--awb-caption-title-font-style:var(--h2_typography-font-style);--awb-caption-title-size:var(--h2_typography-font-size);--awb-caption-title-transform:var(--h2_typography-text-transform);--awb-caption-title-line-height:var(--h2_typography-line-height);--awb-caption-title-letter-spacing:var(--h2_typography-letter-spacing);\"><div class=\"awb-image-frame awb-image-frame-1 awb-bottomshadow\"><span class=\" fusion-imageframe imageframe-bottomshadow imageframe-1 hover-type-none\"><img decoding=\"async\" width=\"768\" height=\"200\" title=\"visual_fertig_komponent\" src=\"https:\/\/nb-parts.de\/wp-content\/uploads\/2017\/12\/visual_fertig_komponent.jpg\" alt class=\"img-responsive wp-image-11990\" srcset=\"https:\/\/nb-parts.de\/wp-content\/uploads\/2017\/12\/visual_fertig_komponent-200x52.jpg 200w, https:\/\/nb-parts.de\/wp-content\/uploads\/2017\/12\/visual_fertig_komponent-400x104.jpg 400w, https:\/\/nb-parts.de\/wp-content\/uploads\/2017\/12\/visual_fertig_komponent-600x156.jpg 600w, https:\/\/nb-parts.de\/wp-content\/uploads\/2017\/12\/visual_fertig_komponent.jpg 768w\" sizes=\"(max-width: 640px) 100vw, 768px\" \/><\/span><svg xmlns=\"http:\/\/www.w3.org\/2000\/svg\" version=\"1.1\" width=\"100%\" viewBox=\"0 0 600 28\" preserveAspectRatio=\"none\"><g clip-path=\"url(#a)\"><mask id=\"b\" style=\"mask-type:luminance\" maskUnits=\"userSpaceOnUse\" x=\"0\" y=\"0\" width=\"600\" height=\"28\"><path d=\"M0 0h600v28H0V0Z\" fill=\"#fff\"\/><\/mask><g filter=\"url(#c)\" mask=\"url(#b)\"><path d=\"M16.439-18.667h567.123v30.8S438.961-8.4 300-8.4C161.04-8.4 16.438 12.133 16.438 12.133v-30.8Z\" fill=\"#000\"\/><\/g><\/g><defs><clipPath id=\"a\"><path fill=\"#fff\" d=\"M0 0h600v28H0z\"\/><\/clipPath><filter id=\"c\" x=\"5.438\" y=\"-29.667\" width=\"589.123\" height=\"52.8\" filterUnits=\"userSpaceOnUse\" color-interpolation-filters=\"sRGB\"><feFlood flood-opacity=\"0\" result=\"BackgroundImageFix\"\/><feBlend in=\"SourceGraphic\" in2=\"BackgroundImageFix\" result=\"shape\"\/><feGaussianBlur stdDeviation=\"5.5\" result=\"effect1_foregroundBlur_3983_183\"\/><\/filter><\/defs><\/svg><\/div><\/div><\/div><\/div><\/div><\/div><div class=\"fusion-fullwidth fullwidth-box fusion-builder-row-2 fusion-flex-container nonhundred-percent-fullwidth non-hundred-percent-height-scrolling\" style=\"--awb-background-position:left top;--awb-background-repeat:repeat;--awb-border-sizes-top:0px;--awb-border-sizes-bottom:0px;--awb-border-sizes-left:0px;--awb-border-sizes-right:0px;--awb-border-radius-top-left:0px;--awb-border-radius-top-right:0px;--awb-border-radius-bottom-right:0px;--awb-border-radius-bottom-left:0px;--awb-padding-top:22px;--awb-flex-wrap:wrap;\" ><div class=\"fusion-builder-row fusion-row fusion-flex-align-items-flex-start fusion-flex-content-wrap\" style=\"max-width:1028.97px;margin-left: calc(-3% \/ 2 );margin-right: calc(-3% \/ 2 );\"><div class=\"fusion-layout-column fusion_builder_column fusion-builder-column-1 fusion_builder_column_2_3 2_3 fusion-flex-column fusion-flex-align-self-flex-start fusion-column-no-min-height\" style=\"--awb-bg-size:cover;--awb-width-large:66.666666666667%;--awb-margin-top-large:0px;--awb-spacing-right-large:3.88%;--awb-margin-bottom-large:0px;--awb-spacing-left-large:2.1825%;--awb-width-medium:66.666666666667%;--awb-spacing-right-medium:3.88%;--awb-spacing-left-medium:2.1825%;--awb-width-small:100%;--awb-spacing-right-small:1.455%;--awb-spacing-left-small:1.455%;\"><div class=\"fusion-column-wrapper fusion-flex-justify-content-flex-start fusion-content-layout-column\"><div class=\"fusion-text fusion-text-1\"><h4 data-fontsize=\"13\" data-lineheight=\"20\"><span class=\"notranslate\">PRODU\u00c7\u00c3O DE ACESS\u00d3RIOS HIDR\u00c1ULICOS<\/span><\/h4>\n<h4 data-fontsize=\"13\" data-lineheight=\"20\"><span class=\"notranslate\">SEALING E PARTES ELASTOMER<\/span><\/h4>\n<p class=\"ABSATZ_SEHR_GROSS\"><span class=\"notranslate\">Com parceiros do nosso lado, que s\u00e3o especializados na fabrica\u00e7\u00e3o de elementos de veda\u00e7\u00e3o e pe\u00e7as de elast\u00f4mero, uma grande variedade de kits de reparo e pacotes de veda\u00e7\u00e3o para fins especiais podem ser fornecidos no mercado automotivo (autom\u00f3veis de passageiros, ve\u00edculos comerciais), bem como pe\u00e7as t\u00e9cnicas de borracha para aplica\u00e7\u00f5es industriais espec\u00edficas.<\/span>\u00a0<span class=\"notranslate\">Al\u00e9m do controle cont\u00ednuo da qualidade em plataformas de teste constru\u00eddas especialmente (por exemplo, a 200 \u00b0 C e mais de 140.000 ciclos), os componentes de veda\u00e7\u00e3o ser\u00e3o testados cuidadosamente com rela\u00e7\u00e3o \u00e0s condi\u00e7\u00f5es de travagem necess\u00e1rias (como fluido de freio ou \u00f3leo mineral).<\/span><\/p>\n<p><span class=\"notranslate\">1) Kits de reparo para calipers de freio<\/span><br \/>\n<span class=\"notranslate\">2) Kits de repara\u00e7\u00e3o para cilindros mestres de freio<\/span><br \/>\n<span class=\"notranslate\">3) Kits de repara\u00e7\u00e3o para cilindros de freio de roda<\/span><br \/>\n<span class=\"notranslate\">4) Kits de repara\u00e7\u00e3o para cilindros mestres e escravos de embreagem<\/span><br \/>\n<span class=\"notranslate\">5) kits de inicializa\u00e7\u00e3o de transmiss\u00e3o, botas CV e botas de dire\u00e7\u00e3o<\/span><br \/>\n<span class=\"notranslate\">6) Kits de repara\u00e7\u00e3o para trav\u00f5es de disco de ar<\/span><br \/>\n<span class=\"notranslate\">7) Solu\u00e7\u00f5es personalizadas<\/span><\/p>\n<h4 data-fontsize=\"13\" data-lineheight=\"20\"><span class=\"notranslate\">CABOS DE CONTROLE E ATOUTA\u00c7\u00c3O<\/span><\/h4>\n<p class=\"ABSATZ_GROSS\"><span class=\"notranslate\">1) Medi\u00e7\u00e3o de cabos e acess\u00f3rios<\/span><br \/>\n<span class=\"notranslate\">2) Corte do comprimento do n\u00facleo e bainha (se necess\u00e1rio novos acess\u00f3rios fornecidos)<\/span><br \/>\n<span class=\"notranslate\">3) Conex\u00e3o de acess\u00f3rios ao cabo e bainha<\/span><br \/>\n<span class=\"notranslate\">&#8230; (cabos de controle, cabos de g\u00e1s, cabos de atua\u00e7\u00e3o, cabos de empurrar e puxar, acess\u00f3rios e acess\u00f3rios) &lt;3.000 mm de comprimento<\/span><\/p>\n<h4 data-fontsize=\"13\" data-lineheight=\"20\"><span class=\"notranslate\">MANGUEIRAS DE FRENO E LINHAS FLEXAS DE A\u00c7O<\/span><\/h4>\n<p class=\"ABSATZ_GROSS\"><span class=\"notranslate\">1) Medi\u00e7\u00e3o<\/span><br \/>\n<span class=\"notranslate\">2) Prepara\u00e7\u00e3o de acess\u00f3rios<\/span><br \/>\n<span class=\"notranslate\">3) Montagem de acess\u00f3rios na linha de freio<\/span><br \/>\n<span class=\"notranslate\">&#8230; (linhas flex\u00edveis de a\u00e7o sem ou com casaco em 7 cores)<\/span><\/p>\n<h4 data-fontsize=\"13\" data-lineheight=\"20\"><span class=\"notranslate\">FABRICA\u00c7\u00c3O DE MOLAS<\/span><\/h4>\n<p class=\"ABSATZ_GROSS\"><span class=\"notranslate\">1) Medi\u00e7\u00e3o, determina\u00e7\u00e3o da for\u00e7a requerida<\/span><br \/>\n<span class=\"notranslate\">2) Arranjo de ferramentas de usinagem<\/span><br \/>\n<span class=\"notranslate\">3) Enrolamento de mola e enrolamento<\/span><br \/>\n<span class=\"notranslate\">&#8230; (molas de tens\u00e3o, molas de compress\u00e3o, molas de tor\u00e7\u00e3o, incluindo molas em espiral, molas de perna)<\/span><\/p>\n<h4 data-fontsize=\"13\" data-lineheight=\"20\"><span class=\"notranslate\">PEDIDOS DE CONEX\u00c3O<\/span><\/h4>\n<p class=\"ABSATZ_GROSS\"><span class=\"notranslate\">1) Medi\u00e7\u00e3o<\/span><br \/>\n<span class=\"notranslate\">2) Manuseio por m\u00e1quina de tornear<\/span><br \/>\n<span class=\"notranslate\">3) corte de rosca<\/span><\/p>\n<\/div><\/div><\/div><div class=\"fusion-layout-column fusion_builder_column fusion-builder-column-2 fusion_builder_column_1_3 1_3 fusion-flex-column fusion-flex-align-self-flex-start fusion-column-no-min-height\" style=\"--awb-bg-size:cover;--awb-width-large:33.333333333333%;--awb-margin-top-large:0px;--awb-spacing-right-large:4.365%;--awb-margin-bottom-large:0px;--awb-spacing-left-large:3.88%;--awb-width-medium:33.333333333333%;--awb-spacing-right-medium:4.365%;--awb-spacing-left-medium:3.88%;--awb-width-small:100%;--awb-spacing-right-small:1.455%;--awb-spacing-left-small:1.455%;\"><div class=\"fusion-column-wrapper fusion-flex-justify-content-flex-start fusion-content-layout-column\"><div class=\"fusion-text fusion-text-2\"><h4 data-fontsize=\"13\" data-lineheight=\"20\"><span class=\"notranslate\">SELOS \/ ACESS\u00d3RIOS<\/span><\/h4>\n<ul>\n<li><span class=\"notranslate\">Parafusos de ajuste<\/span><\/li>\n<li><span class=\"notranslate\">buchas<\/span><\/li>\n<li><span class=\"notranslate\">an\u00e9is de bloqueio<\/span><\/li>\n<li><span class=\"notranslate\">pe\u00e7as de borracha<\/span><\/li>\n<li><span class=\"notranslate\">an\u00e9is de veda\u00e7\u00e3o<\/span><\/li>\n<li><span class=\"notranslate\">selos e botas de borracha<\/span><\/li>\n<li><span class=\"notranslate\">pist\u00f5es<\/span><\/li>\n<li><span class=\"notranslate\">tampas de prote\u00e7\u00e3o<\/span><\/li>\n<li><span class=\"notranslate\">v\u00e1lvulas<\/span><\/li>\n<\/ul>\n<h4 data-fontsize=\"13\" data-lineheight=\"20\"><\/h4>\n<h4 data-fontsize=\"13\" data-lineheight=\"20\"><span class=\"notranslate\">COMPONENTES DE FREIO<\/span><\/h4>\n<ul>\n<li><span class=\"notranslate\">Cabos de controle e atua\u00e7\u00e3o<\/span><\/li>\n<li><span class=\"notranslate\">Mangueiras de freio \/ linhas flex\u00edveis de a\u00e7o<\/span><\/li>\n<li><span class=\"notranslate\">Pe\u00e7as \/ molas de conex\u00e3o<\/span><\/li>\n<\/ul>\n<\/div><\/div><\/div><\/div><\/div><\/p>\n","protected":false},"excerpt":{"rendered":"","protected":false},"author":4,"featured_media":0,"parent":20464,"menu_order":0,"comment_status":"closed","ping_status":"closed","template":"","meta":{"footnotes":""},"class_list":["post-13706","page","type-page","status-publish","hentry"],"yoast_head":"<!-- This site is optimized with the Yoast SEO Premium plugin v27.3 (Yoast SEO v27.3) - https:\/\/yoast.com\/product\/yoast-seo-premium-wordpress\/ -->\n<title>Pe\u00e7as de veda\u00e7\u00e3o - NB PARTS GmbH<\/title>\n<meta name=\"description\" content=\"Pe\u00e7as de veda\u00e7\u00e3o - NB PARTS GmbH\" \/>\n<meta name=\"robots\" content=\"index, follow, max-snippet:-1, max-image-preview:large, max-video-preview:-1\" \/>\n<link rel=\"canonical\" href=\"https:\/\/nb-parts.de\/pt-pt\/fabricacao\/pecas-de-vedacao\/\" \/>\n<meta property=\"og:locale\" content=\"pt_PT\" \/>\n<meta property=\"og:type\" content=\"article\" \/>\n<meta property=\"og:title\" content=\"Pe\u00e7as de veda\u00e7\u00e3o\" \/>\n<meta property=\"og:description\" content=\"Pe\u00e7as de veda\u00e7\u00e3o - NB PARTS GmbH\" \/>\n<meta property=\"og:url\" content=\"https:\/\/nb-parts.de\/pt-pt\/fabricacao\/pecas-de-vedacao\/\" \/>\n<meta property=\"og:site_name\" content=\"NB PARTS GmbH\" \/>\n<meta property=\"article:modified_time\" content=\"2020-08-20T12:18:29+00:00\" \/>\n<meta property=\"og:image\" content=\"https:\/\/nb-parts.de\/wp-content\/uploads\/2017\/04\/NB-parts-zieht-um.jpg\" \/>\n\t<meta property=\"og:image:width\" content=\"713\" \/>\n\t<meta property=\"og:image:height\" content=\"300\" \/>\n\t<meta property=\"og:image:type\" content=\"image\/jpeg\" \/>\n<meta name=\"twitter:label1\" content=\"Tempo estimado de leitura\" \/>\n\t<meta name=\"twitter:data1\" content=\"5 minutos\" \/>\n<script type=\"application\/ld+json\" class=\"yoast-schema-graph\">{\"@context\":\"https:\\\/\\\/schema.org\",\"@graph\":[{\"@type\":\"WebPage\",\"@id\":\"https:\\\/\\\/nb-parts.de\\\/pt-pt\\\/fabricacao\\\/pecas-de-vedacao\\\/\",\"url\":\"https:\\\/\\\/nb-parts.de\\\/pt-pt\\\/fabricacao\\\/pecas-de-vedacao\\\/\",\"name\":\"Pe\u00e7as de veda\u00e7\u00e3o - NB PARTS GmbH\",\"isPartOf\":{\"@id\":\"https:\\\/\\\/nb-parts.de\\\/pt-pt\\\/#website\"},\"datePublished\":\"2018-01-03T14:04:22+00:00\",\"dateModified\":\"2020-08-20T12:18:29+00:00\",\"description\":\"Pe\u00e7as de veda\u00e7\u00e3o - NB PARTS GmbH\",\"breadcrumb\":{\"@id\":\"https:\\\/\\\/nb-parts.de\\\/pt-pt\\\/fabricacao\\\/pecas-de-vedacao\\\/#breadcrumb\"},\"inLanguage\":\"pt-PT\",\"potentialAction\":[{\"@type\":\"ReadAction\",\"target\":[\"https:\\\/\\\/nb-parts.de\\\/pt-pt\\\/fabricacao\\\/pecas-de-vedacao\\\/\"]}]},{\"@type\":\"BreadcrumbList\",\"@id\":\"https:\\\/\\\/nb-parts.de\\\/pt-pt\\\/fabricacao\\\/pecas-de-vedacao\\\/#breadcrumb\",\"itemListElement\":[{\"@type\":\"ListItem\",\"position\":1,\"name\":\"Startseite\",\"item\":\"https:\\\/\\\/nb-parts.de\\\/pt-pt\\\/\"},{\"@type\":\"ListItem\",\"position\":2,\"name\":\"FABRICA\u00c7\u00c3O\",\"item\":\"https:\\\/\\\/nb-parts.de\\\/pt-pt\\\/fabricacao\\\/\"},{\"@type\":\"ListItem\",\"position\":3,\"name\":\"Pe\u00e7as de veda\u00e7\u00e3o\"}]},{\"@type\":\"WebSite\",\"@id\":\"https:\\\/\\\/nb-parts.de\\\/pt-pt\\\/#website\",\"url\":\"https:\\\/\\\/nb-parts.de\\\/pt-pt\\\/\",\"name\":\"NB PARTS GmbH\",\"description\":\"Ersatzteile - Aufarbeitung - Fertigung\",\"publisher\":{\"@id\":\"https:\\\/\\\/nb-parts.de\\\/pt-pt\\\/#organization\"},\"potentialAction\":[{\"@type\":\"SearchAction\",\"target\":{\"@type\":\"EntryPoint\",\"urlTemplate\":\"https:\\\/\\\/nb-parts.de\\\/pt-pt\\\/?s={search_term_string}\"},\"query-input\":{\"@type\":\"PropertyValueSpecification\",\"valueRequired\":true,\"valueName\":\"search_term_string\"}}],\"inLanguage\":\"pt-PT\"},{\"@type\":\"Organization\",\"@id\":\"https:\\\/\\\/nb-parts.de\\\/pt-pt\\\/#organization\",\"name\":\"NB PARTS GmbH\",\"url\":\"https:\\\/\\\/nb-parts.de\\\/pt-pt\\\/\",\"logo\":{\"@type\":\"ImageObject\",\"inLanguage\":\"pt-PT\",\"@id\":\"https:\\\/\\\/nb-parts.de\\\/pt-pt\\\/#\\\/schema\\\/logo\\\/image\\\/\",\"url\":\"https:\\\/\\\/nb-parts.de\\\/wp-content\\\/uploads\\\/2021\\\/06\\\/LOGO01.jpg\",\"contentUrl\":\"https:\\\/\\\/nb-parts.de\\\/wp-content\\\/uploads\\\/2021\\\/06\\\/LOGO01.jpg\",\"width\":1000,\"height\":1000,\"caption\":\"NB PARTS GmbH\"},\"image\":{\"@id\":\"https:\\\/\\\/nb-parts.de\\\/pt-pt\\\/#\\\/schema\\\/logo\\\/image\\\/\"},\"sameAs\":[\"https:\\\/\\\/www.youtube.com\\\/watch?v=E_90qxvrVlA\"]}]}<\/script>\n<!-- \/ Yoast SEO Premium plugin. -->","yoast_head_json":{"title":"Pe\u00e7as de veda\u00e7\u00e3o - NB PARTS GmbH","description":"Pe\u00e7as de veda\u00e7\u00e3o - NB PARTS GmbH","robots":{"index":"index","follow":"follow","max-snippet":"max-snippet:-1","max-image-preview":"max-image-preview:large","max-video-preview":"max-video-preview:-1"},"canonical":"https:\/\/nb-parts.de\/pt-pt\/fabricacao\/pecas-de-vedacao\/","og_locale":"pt_PT","og_type":"article","og_title":"Pe\u00e7as de veda\u00e7\u00e3o","og_description":"Pe\u00e7as de veda\u00e7\u00e3o - NB PARTS GmbH","og_url":"https:\/\/nb-parts.de\/pt-pt\/fabricacao\/pecas-de-vedacao\/","og_site_name":"NB PARTS GmbH","article_modified_time":"2020-08-20T12:18:29+00:00","og_image":[{"width":713,"height":300,"url":"https:\/\/nb-parts.de\/wp-content\/uploads\/2017\/04\/NB-parts-zieht-um.jpg","type":"image\/jpeg"}],"twitter_misc":{"Tempo estimado de leitura":"5 minutos"},"schema":{"@context":"https:\/\/schema.org","@graph":[{"@type":"WebPage","@id":"https:\/\/nb-parts.de\/pt-pt\/fabricacao\/pecas-de-vedacao\/","url":"https:\/\/nb-parts.de\/pt-pt\/fabricacao\/pecas-de-vedacao\/","name":"Pe\u00e7as de veda\u00e7\u00e3o - NB PARTS GmbH","isPartOf":{"@id":"https:\/\/nb-parts.de\/pt-pt\/#website"},"datePublished":"2018-01-03T14:04:22+00:00","dateModified":"2020-08-20T12:18:29+00:00","description":"Pe\u00e7as de veda\u00e7\u00e3o - NB PARTS GmbH","breadcrumb":{"@id":"https:\/\/nb-parts.de\/pt-pt\/fabricacao\/pecas-de-vedacao\/#breadcrumb"},"inLanguage":"pt-PT","potentialAction":[{"@type":"ReadAction","target":["https:\/\/nb-parts.de\/pt-pt\/fabricacao\/pecas-de-vedacao\/"]}]},{"@type":"BreadcrumbList","@id":"https:\/\/nb-parts.de\/pt-pt\/fabricacao\/pecas-de-vedacao\/#breadcrumb","itemListElement":[{"@type":"ListItem","position":1,"name":"Startseite","item":"https:\/\/nb-parts.de\/pt-pt\/"},{"@type":"ListItem","position":2,"name":"FABRICA\u00c7\u00c3O","item":"https:\/\/nb-parts.de\/pt-pt\/fabricacao\/"},{"@type":"ListItem","position":3,"name":"Pe\u00e7as de veda\u00e7\u00e3o"}]},{"@type":"WebSite","@id":"https:\/\/nb-parts.de\/pt-pt\/#website","url":"https:\/\/nb-parts.de\/pt-pt\/","name":"NB PARTS GmbH","description":"Ersatzteile - Aufarbeitung - Fertigung","publisher":{"@id":"https:\/\/nb-parts.de\/pt-pt\/#organization"},"potentialAction":[{"@type":"SearchAction","target":{"@type":"EntryPoint","urlTemplate":"https:\/\/nb-parts.de\/pt-pt\/?s={search_term_string}"},"query-input":{"@type":"PropertyValueSpecification","valueRequired":true,"valueName":"search_term_string"}}],"inLanguage":"pt-PT"},{"@type":"Organization","@id":"https:\/\/nb-parts.de\/pt-pt\/#organization","name":"NB PARTS GmbH","url":"https:\/\/nb-parts.de\/pt-pt\/","logo":{"@type":"ImageObject","inLanguage":"pt-PT","@id":"https:\/\/nb-parts.de\/pt-pt\/#\/schema\/logo\/image\/","url":"https:\/\/nb-parts.de\/wp-content\/uploads\/2021\/06\/LOGO01.jpg","contentUrl":"https:\/\/nb-parts.de\/wp-content\/uploads\/2021\/06\/LOGO01.jpg","width":1000,"height":1000,"caption":"NB PARTS GmbH"},"image":{"@id":"https:\/\/nb-parts.de\/pt-pt\/#\/schema\/logo\/image\/"},"sameAs":["https:\/\/www.youtube.com\/watch?v=E_90qxvrVlA"]}]}},"_links":{"self":[{"href":"https:\/\/nb-parts.de\/pt-pt\/wp-json\/wp\/v2\/pages\/13706","targetHints":{"allow":["GET"]}}],"collection":[{"href":"https:\/\/nb-parts.de\/pt-pt\/wp-json\/wp\/v2\/pages"}],"about":[{"href":"https:\/\/nb-parts.de\/pt-pt\/wp-json\/wp\/v2\/types\/page"}],"author":[{"embeddable":true,"href":"https:\/\/nb-parts.de\/pt-pt\/wp-json\/wp\/v2\/users\/4"}],"replies":[{"embeddable":true,"href":"https:\/\/nb-parts.de\/pt-pt\/wp-json\/wp\/v2\/comments?post=13706"}],"version-history":[{"count":0,"href":"https:\/\/nb-parts.de\/pt-pt\/wp-json\/wp\/v2\/pages\/13706\/revisions"}],"up":[{"embeddable":true,"href":"https:\/\/nb-parts.de\/pt-pt\/wp-json\/wp\/v2\/pages\/20464"}],"wp:attachment":[{"href":"https:\/\/nb-parts.de\/pt-pt\/wp-json\/wp\/v2\/media?parent=13706"}],"curies":[{"name":"wp","href":"https:\/\/api.w.org\/{rel}","templated":true}]}}