{"id":13709,"date":"2018-01-03T15:05:50","date_gmt":"2018-01-03T14:05:50","guid":{"rendered":"https:\/\/nb-parts.de\/damping\/"},"modified":"2025-01-22T14:08:38","modified_gmt":"2025-01-22T13:08:38","slug":"amortecimento","status":"publish","type":"page","link":"https:\/\/nb-parts.de\/pt-pt\/fabricacao\/amortecimento\/","title":{"rendered":"Amortecimento"},"content":{"rendered":"<p><div class=\"fusion-fullwidth fullwidth-box fusion-builder-row-1 fusion-flex-container nonhundred-percent-fullwidth non-hundred-percent-height-scrolling\" style=\"--awb-border-radius-top-left:0px;--awb-border-radius-top-right:0px;--awb-border-radius-bottom-right:0px;--awb-border-radius-bottom-left:0px;--awb-flex-wrap:wrap;\" ><div class=\"fusion-builder-row fusion-row fusion-flex-align-items-flex-start fusion-flex-content-wrap\" style=\"max-width:1028.97px;margin-left: calc(-3% \/ 2 );margin-right: calc(-3% \/ 2 );\"><div class=\"fusion-layout-column fusion_builder_column fusion-builder-column-0 fusion_builder_column_1_1 1_1 fusion-flex-column\" style=\"--awb-bg-size:cover;--awb-width-large:100%;--awb-margin-top-large:0px;--awb-spacing-right-large:1.455%;--awb-margin-bottom-large:11px;--awb-spacing-left-large:1.455%;--awb-width-medium:100%;--awb-spacing-right-medium:1.455%;--awb-spacing-left-medium:1.455%;--awb-width-small:100%;--awb-spacing-right-small:1.455%;--awb-spacing-left-small:1.455%;\"><div class=\"fusion-column-wrapper fusion-flex-justify-content-flex-start fusion-content-layout-column\"><div class=\"fusion-image-element \" style=\"--awb-bottom-shadow-color:rgba(0,0,0,0.4);--awb-caption-title-font-family:var(--h2_typography-font-family);--awb-caption-title-font-weight:var(--h2_typography-font-weight);--awb-caption-title-font-style:var(--h2_typography-font-style);--awb-caption-title-size:var(--h2_typography-font-size);--awb-caption-title-transform:var(--h2_typography-text-transform);--awb-caption-title-line-height:var(--h2_typography-line-height);--awb-caption-title-letter-spacing:var(--h2_typography-letter-spacing);\"><div class=\"awb-image-frame awb-image-frame-1 awb-bottomshadow\"><span class=\" fusion-imageframe imageframe-bottomshadow imageframe-1 hover-type-none\"><img decoding=\"async\" width=\"768\" height=\"200\" title=\"visual_fertig_gasfedern\" src=\"https:\/\/nb-parts.de\/wp-content\/uploads\/2017\/12\/visual_fertig_gasfedern.jpg\" alt class=\"img-responsive wp-image-11989\" srcset=\"https:\/\/nb-parts.de\/wp-content\/uploads\/2017\/12\/visual_fertig_gasfedern-200x52.jpg 200w, https:\/\/nb-parts.de\/wp-content\/uploads\/2017\/12\/visual_fertig_gasfedern-400x104.jpg 400w, https:\/\/nb-parts.de\/wp-content\/uploads\/2017\/12\/visual_fertig_gasfedern-600x156.jpg 600w, https:\/\/nb-parts.de\/wp-content\/uploads\/2017\/12\/visual_fertig_gasfedern.jpg 768w\" sizes=\"(max-width: 640px) 100vw, 768px\" \/><\/span><svg xmlns=\"http:\/\/www.w3.org\/2000\/svg\" version=\"1.1\" width=\"100%\" viewBox=\"0 0 600 28\" preserveAspectRatio=\"none\"><g clip-path=\"url(#a)\"><mask id=\"b\" style=\"mask-type:luminance\" maskUnits=\"userSpaceOnUse\" x=\"0\" y=\"0\" width=\"600\" height=\"28\"><path d=\"M0 0h600v28H0V0Z\" fill=\"#fff\"\/><\/mask><g filter=\"url(#c)\" mask=\"url(#b)\"><path d=\"M16.439-18.667h567.123v30.8S438.961-8.4 300-8.4C161.04-8.4 16.438 12.133 16.438 12.133v-30.8Z\" fill=\"#000\"\/><\/g><\/g><defs><clipPath id=\"a\"><path fill=\"#fff\" d=\"M0 0h600v28H0z\"\/><\/clipPath><filter id=\"c\" x=\"5.438\" y=\"-29.667\" width=\"589.123\" height=\"52.8\" filterUnits=\"userSpaceOnUse\" color-interpolation-filters=\"sRGB\"><feFlood flood-opacity=\"0\" result=\"BackgroundImageFix\"\/><feBlend in=\"SourceGraphic\" in2=\"BackgroundImageFix\" result=\"shape\"\/><feGaussianBlur stdDeviation=\"5.5\" result=\"effect1_foregroundBlur_3983_183\"\/><\/filter><\/defs><\/svg><\/div><\/div><\/div><\/div><\/div><\/div><div class=\"fusion-fullwidth fullwidth-box fusion-builder-row-2 fusion-flex-container nonhundred-percent-fullwidth non-hundred-percent-height-scrolling\" style=\"--awb-border-radius-top-left:0px;--awb-border-radius-top-right:0px;--awb-border-radius-bottom-right:0px;--awb-border-radius-bottom-left:0px;--awb-flex-wrap:wrap;\" ><div class=\"fusion-builder-row fusion-row fusion-flex-align-items-flex-start fusion-flex-content-wrap\" style=\"max-width:1028.97px;margin-left: calc(-3% \/ 2 );margin-right: calc(-3% \/ 2 );\"><div class=\"fusion-layout-column fusion_builder_column fusion-builder-column-1 fusion_builder_column_1_2 1_2 fusion-flex-column\" style=\"--awb-bg-size:cover;--awb-width-large:50%;--awb-margin-top-large:0px;--awb-spacing-right-large:2.91%;--awb-margin-bottom-large:11px;--awb-spacing-left-large:2.91%;--awb-width-medium:50%;--awb-spacing-right-medium:2.91%;--awb-spacing-left-medium:2.91%;--awb-width-small:100%;--awb-spacing-right-small:1.455%;--awb-spacing-left-small:1.455%;\"><div class=\"fusion-column-wrapper fusion-flex-justify-content-flex-start fusion-content-layout-column\"><div style=\"text-align:center;\"><a class=\"fusion-button button-flat button-medium button-lightgray fusion-button-lightgray button-1 fusion-button-span-yes fusion-button-default-type\" target=\"_blank\" rel=\"noopener noreferrer\" href=\"https:\/\/nb-parts.de\/pdf\/catalogues\/nb-parts_gas-springs_en.pdf\"><i class=\" fa fa-download awb-button__icon awb-button__icon--default button-icon-left\" aria-hidden=\"true\"><\/i><span class=\"fusion-button-text awb-button__text awb-button__text--default\">PDF CAT\u00c1LOGO DAMPING<\/span><\/a><\/div><\/div><\/div><div class=\"fusion-layout-column fusion_builder_column fusion-builder-column-2 fusion_builder_column_1_2 1_2 fusion-flex-column\" style=\"--awb-bg-size:cover;--awb-width-large:50%;--awb-margin-top-large:0px;--awb-spacing-right-large:2.91%;--awb-margin-bottom-large:11px;--awb-spacing-left-large:2.91%;--awb-width-medium:50%;--awb-spacing-right-medium:2.91%;--awb-spacing-left-medium:2.91%;--awb-width-small:100%;--awb-spacing-right-small:1.455%;--awb-spacing-left-small:1.455%;\"><div class=\"fusion-column-wrapper fusion-flex-justify-content-flex-start fusion-content-layout-column\"><div style=\"text-align:center;\"><a class=\"fusion-button button-flat button-medium button-lightgray fusion-button-lightgray button-2 fusion-button-span-yes fusion-button-default-type\" target=\"_blank\" rel=\"noopener noreferrer\" href=\"https:\/\/nb-parts.de\/pdf\/catalogues\/nb-parts_liste-gasf.pdf\"><i class=\" fa fa-download awb-button__icon awb-button__icon--default button-icon-left\" aria-hidden=\"true\"><\/i><span class=\"fusion-button-text awb-button__text awb-button__text--default\">PDF GAS DAMPING<\/span><\/a><\/div><\/div><\/div><\/div><\/div><div class=\"fusion-fullwidth fullwidth-box fusion-builder-row-3 fusion-flex-container nonhundred-percent-fullwidth non-hundred-percent-height-scrolling\" style=\"--awb-background-position:left top;--awb-background-repeat:repeat;--awb-border-sizes-top:0px;--awb-border-sizes-bottom:0px;--awb-border-sizes-left:0px;--awb-border-sizes-right:0px;--awb-border-radius-top-left:0px;--awb-border-radius-top-right:0px;--awb-border-radius-bottom-right:0px;--awb-border-radius-bottom-left:0px;--awb-padding-top:22px;--awb-flex-wrap:wrap;\" ><div class=\"fusion-builder-row fusion-row fusion-flex-align-items-flex-start fusion-flex-content-wrap\" style=\"max-width:1028.97px;margin-left: calc(-3% \/ 2 );margin-right: calc(-3% \/ 2 );\"><div class=\"fusion-layout-column fusion_builder_column fusion-builder-column-3 fusion_builder_column_2_3 2_3 fusion-flex-column fusion-flex-align-self-flex-start fusion-column-no-min-height\" style=\"--awb-bg-size:cover;--awb-width-large:66.666666666667%;--awb-margin-top-large:0px;--awb-spacing-right-large:3.88%;--awb-margin-bottom-large:0px;--awb-spacing-left-large:2.1825%;--awb-width-medium:66.666666666667%;--awb-spacing-right-medium:3.88%;--awb-spacing-left-medium:2.1825%;--awb-width-small:100%;--awb-spacing-right-small:1.455%;--awb-spacing-left-small:1.455%;\"><div class=\"fusion-column-wrapper fusion-flex-justify-content-flex-start fusion-content-layout-column\"><div class=\"fusion-text fusion-text-1\"><h4 data-fontsize=\"13\" data-lineheight=\"16\"><span class=\"notranslate\">PORTFOLIO GAS SPRINGS<\/span><\/h4>\n<h4 data-fontsize=\"13\" data-lineheight=\"16\"><span class=\"notranslate\">ENCHIMENTO PROFISSIONAL<\/span><\/h4>\n<p class=\"ABSATZ_GROSS\"><span class=\"notranslate\">Recarga profissional da mistura g\u00e1s-\u00f3leo em uma ampla gama de molas de g\u00e1s.<\/span><span class=\"notranslate\">A D\u00e4mpfungstechnik GmbH est\u00e1 nos acompanhando aqui.<\/span>\u00a0<span class=\"notranslate\">Assim, o fabricante aplica tecnologia de ponta para produzir elementos de absor\u00e7\u00e3o confi\u00e1veis \u200b\u200be cuida da garantia de qualidade de acordo com as normas DIN ISO 9001: 2008.<\/span>\u00a0<span class=\"notranslate\">Clique aqui para o site da <a title=\"Website Al-ko D\u00e4mpfungstechnik GmbH\" href=\"http:\/\/www.al-ko.com\/646.htm\" target=\"_blank\" rel=\"noopener\">D\u00e4mpfungstechnik GmbH.<\/a><\/span><\/p>\n<h4 data-fontsize=\"13\" data-lineheight=\"16\"><span class=\"notranslate\">MOLAS DE G\u00c1S UNIVERSAIS<\/span><\/h4>\n<p class=\"ABSATZ_GROSS\"><span class=\"notranslate\">Para aplica\u00e7\u00f5es automotivas, como janelas dianteiras, capas de cobertura (capotas), portas de cabina de dire\u00e7\u00e3o, janelas traseiras, janelas laterais, cap\u00f4 do motor (capotas), acess\u00f3rios dobr\u00e1veis, capotas de reboque, t\u00e1buas de carregamento de reboque e porta traseira, etc.<\/span><\/p>\n<h4 data-fontsize=\"13\" data-lineheight=\"16\"><span class=\"notranslate\">MOLAS DE G\u00c1S PERSONALIZADAS<\/span><\/h4>\n<p class=\"ABSATZ_GROSS\"><span class=\"notranslate\">Se voc\u00ea estiver procurando por qualquer fonte de g\u00e1s que tenha que atender aos seus pr\u00f3prios requisitos, conte-nos e passamos suas necessidades diretamente ao fabricante, por exemplo, personaliza\u00e7\u00e3o em medi\u00e7\u00e3o, amortecimento de posi\u00e7\u00e3o final, rosca, velocidade de extens\u00e3o ou faixa de temperatura .<\/span><\/p>\n<\/div><\/div><\/div><div class=\"fusion-layout-column fusion_builder_column fusion-builder-column-4 fusion_builder_column_1_3 1_3 fusion-flex-column fusion-flex-align-self-flex-start fusion-column-no-min-height\" style=\"--awb-bg-size:cover;--awb-width-large:33.333333333333%;--awb-margin-top-large:0px;--awb-spacing-right-large:4.365%;--awb-margin-bottom-large:0px;--awb-spacing-left-large:3.88%;--awb-width-medium:33.333333333333%;--awb-spacing-right-medium:4.365%;--awb-spacing-left-medium:3.88%;--awb-width-small:100%;--awb-spacing-right-small:1.455%;--awb-spacing-left-small:1.455%;\"><div class=\"fusion-column-wrapper fusion-flex-justify-content-flex-start fusion-content-layout-column\"><div class=\"fusion-text fusion-text-2\"><h4 data-fontsize=\"13\" data-lineheight=\"16\"><span class=\"notranslate\">UMA ENORME VARIEDADE DE<\/span><\/h4>\n<ul>\n<li><span class=\"notranslate\">absorventes de impacto<\/span><\/li>\n<li><span class=\"notranslate\">molas de g\u00e1s<\/span><\/li>\n<li><span class=\"notranslate\">molas de tens\u00e3o<\/span><\/li>\n<li><span class=\"notranslate\">bloqueando manadas de g\u00e1s<\/span><\/li>\n<li><span class=\"notranslate\">molas de g\u00e1s de duplo curso<\/span><\/li>\n<li><span class=\"notranslate\">amortecedores<\/span><\/li>\n<li><span class=\"notranslate\">acess\u00f3rios finais<\/span><\/li>\n<li><span class=\"notranslate\">olhos<\/span><\/li>\n<li><span class=\"notranslate\">garfos<\/span><\/li>\n<li><span class=\"notranslate\">juntas angulares<\/span><\/li>\n<\/ul>\n<ul>\n<li>GF 6\/15 M5<\/li>\n<li>GF 8\/19 M6<\/li>\n<li>GF 10\/22 M8<\/li>\n<li>GF 10\/28 M8<\/li>\n<li>GF 14\/28 M10<\/li>\n<li>GF 20\/40 M14<\/li>\n<li>GF 3\/10<\/li>\n<li>GF 25\/55<\/li>\n<li>GF 30\/65<\/li>\n<\/ul>\n<\/div><\/div><\/div><\/div><\/div><\/p>\n","protected":false},"excerpt":{"rendered":"","protected":false},"author":4,"featured_media":0,"parent":20464,"menu_order":0,"comment_status":"closed","ping_status":"closed","template":"","meta":{"footnotes":""},"class_list":["post-13709","page","type-page","status-publish","hentry"],"yoast_head":"<!-- This site is optimized with the Yoast SEO Premium plugin v27.4 (Yoast SEO v27.4) - https:\/\/yoast.com\/product\/yoast-seo-premium-wordpress\/ -->\n<title>Amortecimento - NB PARTS GmbH<\/title>\n<meta name=\"description\" content=\"Amortecimento - NB PARTS GmbH\" \/>\n<meta name=\"robots\" content=\"index, follow, max-snippet:-1, max-image-preview:large, max-video-preview:-1\" \/>\n<link rel=\"canonical\" href=\"https:\/\/nb-parts.de\/pt-pt\/fabricacao\/amortecimento\/\" \/>\n<meta property=\"og:locale\" content=\"pt_PT\" \/>\n<meta property=\"og:type\" content=\"article\" \/>\n<meta property=\"og:title\" content=\"Amortecimento\" \/>\n<meta property=\"og:description\" content=\"Amortecimento - NB PARTS GmbH\" \/>\n<meta property=\"og:url\" content=\"https:\/\/nb-parts.de\/pt-pt\/fabricacao\/amortecimento\/\" \/>\n<meta property=\"og:site_name\" content=\"NB PARTS GmbH\" \/>\n<meta property=\"article:modified_time\" content=\"2025-01-22T13:08:38+00:00\" \/>\n<meta property=\"og:image\" content=\"https:\/\/nb-parts.de\/wp-content\/uploads\/2017\/04\/NB-parts-zieht-um.jpg\" \/>\n\t<meta property=\"og:image:width\" content=\"713\" \/>\n\t<meta property=\"og:image:height\" content=\"300\" \/>\n\t<meta property=\"og:image:type\" content=\"image\/jpeg\" \/>\n<meta name=\"twitter:label1\" content=\"Tempo estimado de leitura\" \/>\n\t<meta name=\"twitter:data1\" content=\"2 minutos\" \/>\n<script type=\"application\/ld+json\" class=\"yoast-schema-graph\">{\"@context\":\"https:\\\/\\\/schema.org\",\"@graph\":[{\"@type\":\"WebPage\",\"@id\":\"https:\\\/\\\/nb-parts.de\\\/pt-pt\\\/fabricacao\\\/amortecimento\\\/\",\"url\":\"https:\\\/\\\/nb-parts.de\\\/pt-pt\\\/fabricacao\\\/amortecimento\\\/\",\"name\":\"Amortecimento - NB PARTS GmbH\",\"isPartOf\":{\"@id\":\"https:\\\/\\\/nb-parts.de\\\/pt-pt\\\/#website\"},\"datePublished\":\"2018-01-03T14:05:50+00:00\",\"dateModified\":\"2025-01-22T13:08:38+00:00\",\"description\":\"Amortecimento - NB PARTS GmbH\",\"breadcrumb\":{\"@id\":\"https:\\\/\\\/nb-parts.de\\\/pt-pt\\\/fabricacao\\\/amortecimento\\\/#breadcrumb\"},\"inLanguage\":\"pt-PT\",\"potentialAction\":[{\"@type\":\"ReadAction\",\"target\":[\"https:\\\/\\\/nb-parts.de\\\/pt-pt\\\/fabricacao\\\/amortecimento\\\/\"]}]},{\"@type\":\"BreadcrumbList\",\"@id\":\"https:\\\/\\\/nb-parts.de\\\/pt-pt\\\/fabricacao\\\/amortecimento\\\/#breadcrumb\",\"itemListElement\":[{\"@type\":\"ListItem\",\"position\":1,\"name\":\"Startseite\",\"item\":\"https:\\\/\\\/nb-parts.de\\\/pt-pt\\\/\"},{\"@type\":\"ListItem\",\"position\":2,\"name\":\"FABRICA\u00c7\u00c3O\",\"item\":\"https:\\\/\\\/nb-parts.de\\\/pt-pt\\\/fabricacao\\\/\"},{\"@type\":\"ListItem\",\"position\":3,\"name\":\"Amortecimento\"}]},{\"@type\":\"WebSite\",\"@id\":\"https:\\\/\\\/nb-parts.de\\\/pt-pt\\\/#website\",\"url\":\"https:\\\/\\\/nb-parts.de\\\/pt-pt\\\/\",\"name\":\"NB PARTS GmbH\",\"description\":\"Ersatzteile - Aufarbeitung - Fertigung\",\"publisher\":{\"@id\":\"https:\\\/\\\/nb-parts.de\\\/pt-pt\\\/#organization\"},\"potentialAction\":[{\"@type\":\"SearchAction\",\"target\":{\"@type\":\"EntryPoint\",\"urlTemplate\":\"https:\\\/\\\/nb-parts.de\\\/pt-pt\\\/?s={search_term_string}\"},\"query-input\":{\"@type\":\"PropertyValueSpecification\",\"valueRequired\":true,\"valueName\":\"search_term_string\"}}],\"inLanguage\":\"pt-PT\"},{\"@type\":\"Organization\",\"@id\":\"https:\\\/\\\/nb-parts.de\\\/pt-pt\\\/#organization\",\"name\":\"NB PARTS GmbH\",\"url\":\"https:\\\/\\\/nb-parts.de\\\/pt-pt\\\/\",\"logo\":{\"@type\":\"ImageObject\",\"inLanguage\":\"pt-PT\",\"@id\":\"https:\\\/\\\/nb-parts.de\\\/pt-pt\\\/#\\\/schema\\\/logo\\\/image\\\/\",\"url\":\"https:\\\/\\\/nb-parts.de\\\/wp-content\\\/uploads\\\/2021\\\/06\\\/LOGO01.jpg\",\"contentUrl\":\"https:\\\/\\\/nb-parts.de\\\/wp-content\\\/uploads\\\/2021\\\/06\\\/LOGO01.jpg\",\"width\":1000,\"height\":1000,\"caption\":\"NB PARTS GmbH\"},\"image\":{\"@id\":\"https:\\\/\\\/nb-parts.de\\\/pt-pt\\\/#\\\/schema\\\/logo\\\/image\\\/\"},\"sameAs\":[\"https:\\\/\\\/www.youtube.com\\\/watch?v=E_90qxvrVlA\"]}]}<\/script>\n<!-- \/ Yoast SEO Premium plugin. -->","yoast_head_json":{"title":"Amortecimento - NB PARTS GmbH","description":"Amortecimento - NB PARTS GmbH","robots":{"index":"index","follow":"follow","max-snippet":"max-snippet:-1","max-image-preview":"max-image-preview:large","max-video-preview":"max-video-preview:-1"},"canonical":"https:\/\/nb-parts.de\/pt-pt\/fabricacao\/amortecimento\/","og_locale":"pt_PT","og_type":"article","og_title":"Amortecimento","og_description":"Amortecimento - NB PARTS GmbH","og_url":"https:\/\/nb-parts.de\/pt-pt\/fabricacao\/amortecimento\/","og_site_name":"NB PARTS GmbH","article_modified_time":"2025-01-22T13:08:38+00:00","og_image":[{"width":713,"height":300,"url":"https:\/\/nb-parts.de\/wp-content\/uploads\/2017\/04\/NB-parts-zieht-um.jpg","type":"image\/jpeg"}],"twitter_misc":{"Tempo estimado de leitura":"2 minutos"},"schema":{"@context":"https:\/\/schema.org","@graph":[{"@type":"WebPage","@id":"https:\/\/nb-parts.de\/pt-pt\/fabricacao\/amortecimento\/","url":"https:\/\/nb-parts.de\/pt-pt\/fabricacao\/amortecimento\/","name":"Amortecimento - NB PARTS GmbH","isPartOf":{"@id":"https:\/\/nb-parts.de\/pt-pt\/#website"},"datePublished":"2018-01-03T14:05:50+00:00","dateModified":"2025-01-22T13:08:38+00:00","description":"Amortecimento - NB PARTS GmbH","breadcrumb":{"@id":"https:\/\/nb-parts.de\/pt-pt\/fabricacao\/amortecimento\/#breadcrumb"},"inLanguage":"pt-PT","potentialAction":[{"@type":"ReadAction","target":["https:\/\/nb-parts.de\/pt-pt\/fabricacao\/amortecimento\/"]}]},{"@type":"BreadcrumbList","@id":"https:\/\/nb-parts.de\/pt-pt\/fabricacao\/amortecimento\/#breadcrumb","itemListElement":[{"@type":"ListItem","position":1,"name":"Startseite","item":"https:\/\/nb-parts.de\/pt-pt\/"},{"@type":"ListItem","position":2,"name":"FABRICA\u00c7\u00c3O","item":"https:\/\/nb-parts.de\/pt-pt\/fabricacao\/"},{"@type":"ListItem","position":3,"name":"Amortecimento"}]},{"@type":"WebSite","@id":"https:\/\/nb-parts.de\/pt-pt\/#website","url":"https:\/\/nb-parts.de\/pt-pt\/","name":"NB PARTS GmbH","description":"Ersatzteile - Aufarbeitung - Fertigung","publisher":{"@id":"https:\/\/nb-parts.de\/pt-pt\/#organization"},"potentialAction":[{"@type":"SearchAction","target":{"@type":"EntryPoint","urlTemplate":"https:\/\/nb-parts.de\/pt-pt\/?s={search_term_string}"},"query-input":{"@type":"PropertyValueSpecification","valueRequired":true,"valueName":"search_term_string"}}],"inLanguage":"pt-PT"},{"@type":"Organization","@id":"https:\/\/nb-parts.de\/pt-pt\/#organization","name":"NB PARTS GmbH","url":"https:\/\/nb-parts.de\/pt-pt\/","logo":{"@type":"ImageObject","inLanguage":"pt-PT","@id":"https:\/\/nb-parts.de\/pt-pt\/#\/schema\/logo\/image\/","url":"https:\/\/nb-parts.de\/wp-content\/uploads\/2021\/06\/LOGO01.jpg","contentUrl":"https:\/\/nb-parts.de\/wp-content\/uploads\/2021\/06\/LOGO01.jpg","width":1000,"height":1000,"caption":"NB PARTS GmbH"},"image":{"@id":"https:\/\/nb-parts.de\/pt-pt\/#\/schema\/logo\/image\/"},"sameAs":["https:\/\/www.youtube.com\/watch?v=E_90qxvrVlA"]}]}},"_links":{"self":[{"href":"https:\/\/nb-parts.de\/pt-pt\/wp-json\/wp\/v2\/pages\/13709","targetHints":{"allow":["GET"]}}],"collection":[{"href":"https:\/\/nb-parts.de\/pt-pt\/wp-json\/wp\/v2\/pages"}],"about":[{"href":"https:\/\/nb-parts.de\/pt-pt\/wp-json\/wp\/v2\/types\/page"}],"author":[{"embeddable":true,"href":"https:\/\/nb-parts.de\/pt-pt\/wp-json\/wp\/v2\/users\/4"}],"replies":[{"embeddable":true,"href":"https:\/\/nb-parts.de\/pt-pt\/wp-json\/wp\/v2\/comments?post=13709"}],"version-history":[{"count":2,"href":"https:\/\/nb-parts.de\/pt-pt\/wp-json\/wp\/v2\/pages\/13709\/revisions"}],"predecessor-version":[{"id":26434,"href":"https:\/\/nb-parts.de\/pt-pt\/wp-json\/wp\/v2\/pages\/13709\/revisions\/26434"}],"up":[{"embeddable":true,"href":"https:\/\/nb-parts.de\/pt-pt\/wp-json\/wp\/v2\/pages\/20464"}],"wp:attachment":[{"href":"https:\/\/nb-parts.de\/pt-pt\/wp-json\/wp\/v2\/media?parent=13709"}],"curies":[{"name":"wp","href":"https:\/\/api.w.org\/{rel}","templated":true}]}}