{"id":13712,"date":"2018-01-03T15:10:20","date_gmt":"2018-01-03T14:10:20","guid":{"rendered":"https:\/\/nb-parts.de\/customized-solution\/"},"modified":"2020-08-20T14:25:38","modified_gmt":"2020-08-20T12:25:38","slug":"solucao-personalizada","status":"publish","type":"page","link":"https:\/\/nb-parts.de\/pt-pt\/fabricacao\/solucao-personalizada\/","title":{"rendered":"Solu\u00e7\u00e3o personalizada"},"content":{"rendered":"<p><div class=\"fusion-fullwidth fullwidth-box fusion-builder-row-1 fusion-flex-container nonhundred-percent-fullwidth non-hundred-percent-height-scrolling\" style=\"--awb-border-radius-top-left:0px;--awb-border-radius-top-right:0px;--awb-border-radius-bottom-right:0px;--awb-border-radius-bottom-left:0px;--awb-flex-wrap:wrap;\" ><div class=\"fusion-builder-row fusion-row fusion-flex-align-items-flex-start fusion-flex-content-wrap\" style=\"max-width:calc( 999px + 0px );margin-left: calc(-0px \/ 2 );margin-right: calc(-0px \/ 2 );\"><div class=\"fusion-layout-column fusion_builder_column fusion-builder-column-0 fusion_builder_column_1_1 1_1 fusion-flex-column\" style=\"--awb-bg-size:cover;--awb-width-large:100%;--awb-margin-top-large:0px;--awb-spacing-right-large:0px;--awb-margin-bottom-large:11px;--awb-spacing-left-large:0px;--awb-width-medium:100%;--awb-spacing-right-medium:0px;--awb-spacing-left-medium:0px;--awb-width-small:100%;--awb-spacing-right-small:0px;--awb-spacing-left-small:0px;\"><div class=\"fusion-column-wrapper fusion-flex-justify-content-flex-start fusion-content-layout-column\"><div class=\"fusion-image-element \" style=\"--awb-bottom-shadow-color:rgba(0,0,0,0.4);--awb-caption-title-font-family:var(--h2_typography-font-family);--awb-caption-title-font-weight:var(--h2_typography-font-weight);--awb-caption-title-font-style:var(--h2_typography-font-style);--awb-caption-title-size:var(--h2_typography-font-size);--awb-caption-title-transform:var(--h2_typography-text-transform);--awb-caption-title-line-height:var(--h2_typography-line-height);--awb-caption-title-letter-spacing:var(--h2_typography-letter-spacing);\"><div class=\"awb-image-frame awb-image-frame-1 awb-bottomshadow\"><span class=\" fusion-imageframe imageframe-bottomshadow imageframe-1 hover-type-none\"><img decoding=\"async\" width=\"768\" height=\"200\" title=\"visual_fertig_kundenspez\" src=\"https:\/\/nb-parts.de\/wp-content\/uploads\/2017\/12\/visual_fertig_kundenspez.jpg\" alt class=\"img-responsive wp-image-11991\" srcset=\"https:\/\/nb-parts.de\/wp-content\/uploads\/2017\/12\/visual_fertig_kundenspez-200x52.jpg 200w, https:\/\/nb-parts.de\/wp-content\/uploads\/2017\/12\/visual_fertig_kundenspez-400x104.jpg 400w, https:\/\/nb-parts.de\/wp-content\/uploads\/2017\/12\/visual_fertig_kundenspez-600x156.jpg 600w, https:\/\/nb-parts.de\/wp-content\/uploads\/2017\/12\/visual_fertig_kundenspez.jpg 768w\" sizes=\"(max-width: 640px) 100vw, 768px\" \/><\/span><svg xmlns=\"http:\/\/www.w3.org\/2000\/svg\" version=\"1.1\" width=\"100%\" viewBox=\"0 0 600 28\" preserveAspectRatio=\"none\"><g clip-path=\"url(#a)\"><mask id=\"b\" style=\"mask-type:luminance\" maskUnits=\"userSpaceOnUse\" x=\"0\" y=\"0\" width=\"600\" height=\"28\"><path d=\"M0 0h600v28H0V0Z\" fill=\"#fff\"\/><\/mask><g filter=\"url(#c)\" mask=\"url(#b)\"><path d=\"M16.439-18.667h567.123v30.8S438.961-8.4 300-8.4C161.04-8.4 16.438 12.133 16.438 12.133v-30.8Z\" fill=\"#000\"\/><\/g><\/g><defs><clipPath id=\"a\"><path fill=\"#fff\" d=\"M0 0h600v28H0z\"\/><\/clipPath><filter id=\"c\" x=\"5.438\" y=\"-29.667\" width=\"589.123\" height=\"52.8\" filterUnits=\"userSpaceOnUse\" color-interpolation-filters=\"sRGB\"><feFlood flood-opacity=\"0\" result=\"BackgroundImageFix\"\/><feBlend in=\"SourceGraphic\" in2=\"BackgroundImageFix\" result=\"shape\"\/><feGaussianBlur stdDeviation=\"5.5\" result=\"effect1_foregroundBlur_3983_183\"\/><\/filter><\/defs><\/svg><\/div><\/div><\/div><\/div><\/div><\/div><div class=\"fusion-fullwidth fullwidth-box fusion-builder-row-2 fusion-flex-container nonhundred-percent-fullwidth non-hundred-percent-height-scrolling\" style=\"--awb-background-position:left top;--awb-background-repeat:repeat;--awb-border-sizes-top:0px;--awb-border-sizes-bottom:0px;--awb-border-sizes-left:0px;--awb-border-sizes-right:0px;--awb-border-radius-top-left:0px;--awb-border-radius-top-right:0px;--awb-border-radius-bottom-right:0px;--awb-border-radius-bottom-left:0px;--awb-padding-top:22px;--awb-flex-wrap:wrap;\" ><div class=\"fusion-builder-row fusion-row fusion-flex-align-items-flex-start fusion-flex-content-wrap\" style=\"max-width:1028.97px;margin-left: calc(-3% \/ 2 );margin-right: calc(-3% \/ 2 );\"><div class=\"fusion-layout-column fusion_builder_column fusion-builder-column-1 fusion_builder_column_2_3 2_3 fusion-flex-column fusion-flex-align-self-flex-start fusion-column-no-min-height\" style=\"--awb-bg-size:cover;--awb-width-large:66.666666666667%;--awb-margin-top-large:0px;--awb-spacing-right-large:3.88%;--awb-margin-bottom-large:0px;--awb-spacing-left-large:2.1825%;--awb-width-medium:66.666666666667%;--awb-spacing-right-medium:3.88%;--awb-spacing-left-medium:2.1825%;--awb-width-small:100%;--awb-spacing-right-small:1.455%;--awb-spacing-left-small:1.455%;\"><div class=\"fusion-column-wrapper fusion-flex-justify-content-flex-start fusion-content-layout-column\"><div class=\"fusion-text fusion-text-1\"><h4 data-fontsize=\"13\" data-lineheight=\"20\"><span class=\"notranslate\">SOLU\u00c7\u00c3O PERSONALIZADA<\/span><\/h4>\n<p class=\"ABSATZ_SEHR_GROSS\"><span class=\"notranslate\">Juntos, em estreita coopera\u00e7\u00e3o com os clientes e com base em desenhos t\u00e9cnicos e na primeira amostra, desenvolvemos solu\u00e7\u00f5es especiais de freio customizadas.<\/span>\u00a0<span class=\"notranslate\">Assistindo \u00e0 equipe de engenheiros de clientes, processamos o projeto em sua totalidade, desde o primeiro est\u00e1gio de an\u00e1lise e conceito, seguindo a fase de teste de projeto, desenvolvimento e aprova\u00e7\u00e3o, at\u00e9 medi\u00e7\u00f5es, procedimentos de limpeza e a prepara\u00e7\u00e3o final do mercado dos produtos.<\/span>\u00a0<span class=\"notranslate\">Uso de instala\u00e7\u00f5es de teste externas e prestadores de servi\u00e7os.<\/span><\/p>\n<h4 class=\"HZWEI_GROSS\" data-fontsize=\"13\" data-lineheight=\"20\"><span class=\"notranslate\">TESTES<\/span><\/h4>\n<ul>\n<li><span class=\"notranslate\">Testes de fric\u00e7\u00e3o (coeficiente de atrito, desgaste)<\/span><\/li>\n<li><span class=\"notranslate\">Teste de dinam\u00f4metro (in\u00e9rcia)<\/span><\/li>\n<li><span class=\"notranslate\">Testes de corte (fixa\u00e7\u00e3o de material de fric\u00e7\u00e3o para suporte)<\/span><\/li>\n<li><span class=\"notranslate\">Testes de compress\u00e3o<\/span><\/li>\n<li><span class=\"notranslate\">Testes de for\u00e7a (testes de ruptura e quebra)<\/span><\/li>\n<\/ul>\n<\/div><\/div><\/div><div class=\"fusion-layout-column fusion_builder_column fusion-builder-column-2 fusion_builder_column_1_3 1_3 fusion-flex-column fusion-flex-align-self-flex-start fusion-column-no-min-height\" style=\"--awb-bg-size:cover;--awb-width-large:33.333333333333%;--awb-margin-top-large:0px;--awb-spacing-right-large:4.365%;--awb-margin-bottom-large:0px;--awb-spacing-left-large:3.88%;--awb-width-medium:33.333333333333%;--awb-spacing-right-medium:4.365%;--awb-spacing-left-medium:3.88%;--awb-width-small:100%;--awb-spacing-right-small:1.455%;--awb-spacing-left-small:1.455%;\"><div class=\"fusion-column-wrapper fusion-flex-justify-content-flex-start fusion-content-layout-column\"><div class=\"fusion-text fusion-text-2\"><h4 data-fontsize=\"13\" data-lineheight=\"20\"><span class=\"notranslate\">SERVI\u00c7OS<\/span><\/h4>\n<p class=\"ABSATZ_SEHR_GROSS\"><span class=\"notranslate\">Produ\u00e7\u00e3o em s\u00e9rie pequena (50 pcs.\/year)<\/span><br \/>\n<span class=\"notranslate\">Produ\u00e7\u00e3o de alto volume<\/span><br \/>\n<span class=\"notranslate\">Modifica\u00e7\u00f5es especiais<\/span><br \/>\n<span class=\"notranslate\">Produ\u00e7\u00e3o em uma pe\u00e7a<\/span><br \/>\n<span class=\"notranslate\">Desenvolvimento cont\u00ednuo de produtos<\/span><br \/>\n<span class=\"notranslate\">Desenvolvimento de novas solu\u00e7\u00f5es<\/span><br \/>\n<span class=\"notranslate\">Desenvolvimento da qualidade dos materiais<\/span><br \/>\n<span class=\"notranslate\">Testes e medidas<\/span><\/p>\n<\/div><\/div><\/div><\/div><\/div><\/p>\n","protected":false},"excerpt":{"rendered":"","protected":false},"author":4,"featured_media":0,"parent":20464,"menu_order":0,"comment_status":"closed","ping_status":"closed","template":"","meta":{"footnotes":""},"class_list":["post-13712","page","type-page","status-publish","hentry"],"yoast_head":"<!-- This site is optimized with the Yoast SEO Premium plugin v27.3 (Yoast SEO v27.3) - https:\/\/yoast.com\/product\/yoast-seo-premium-wordpress\/ -->\n<title>Solu\u00e7\u00e3o personalizada - NB PARTS GmbH<\/title>\n<meta name=\"description\" content=\"Solu\u00e7\u00e3o personalizada - NB PARTS GmbH\" \/>\n<meta name=\"robots\" content=\"index, follow, max-snippet:-1, max-image-preview:large, max-video-preview:-1\" \/>\n<link rel=\"canonical\" href=\"https:\/\/nb-parts.de\/pt-pt\/fabricacao\/solucao-personalizada\/\" \/>\n<meta property=\"og:locale\" content=\"pt_PT\" \/>\n<meta property=\"og:type\" content=\"article\" \/>\n<meta property=\"og:title\" content=\"Solu\u00e7\u00e3o personalizada\" \/>\n<meta property=\"og:description\" content=\"Solu\u00e7\u00e3o personalizada - NB PARTS GmbH\" \/>\n<meta property=\"og:url\" content=\"https:\/\/nb-parts.de\/pt-pt\/fabricacao\/solucao-personalizada\/\" \/>\n<meta property=\"og:site_name\" content=\"NB PARTS GmbH\" \/>\n<meta property=\"article:modified_time\" content=\"2020-08-20T12:25:38+00:00\" \/>\n<meta property=\"og:image\" content=\"https:\/\/nb-parts.de\/wp-content\/uploads\/2017\/04\/NB-parts-zieht-um.jpg\" \/>\n\t<meta property=\"og:image:width\" content=\"713\" \/>\n\t<meta property=\"og:image:height\" content=\"300\" \/>\n\t<meta property=\"og:image:type\" content=\"image\/jpeg\" \/>\n<meta name=\"twitter:label1\" content=\"Tempo estimado de leitura\" \/>\n\t<meta name=\"twitter:data1\" content=\"4 minutos\" \/>\n<script type=\"application\/ld+json\" class=\"yoast-schema-graph\">{\"@context\":\"https:\\\/\\\/schema.org\",\"@graph\":[{\"@type\":\"WebPage\",\"@id\":\"https:\\\/\\\/nb-parts.de\\\/pt-pt\\\/fabricacao\\\/solucao-personalizada\\\/\",\"url\":\"https:\\\/\\\/nb-parts.de\\\/pt-pt\\\/fabricacao\\\/solucao-personalizada\\\/\",\"name\":\"Solu\u00e7\u00e3o personalizada - NB PARTS GmbH\",\"isPartOf\":{\"@id\":\"https:\\\/\\\/nb-parts.de\\\/pt-pt\\\/#website\"},\"datePublished\":\"2018-01-03T14:10:20+00:00\",\"dateModified\":\"2020-08-20T12:25:38+00:00\",\"description\":\"Solu\u00e7\u00e3o personalizada - NB PARTS GmbH\",\"breadcrumb\":{\"@id\":\"https:\\\/\\\/nb-parts.de\\\/pt-pt\\\/fabricacao\\\/solucao-personalizada\\\/#breadcrumb\"},\"inLanguage\":\"pt-PT\",\"potentialAction\":[{\"@type\":\"ReadAction\",\"target\":[\"https:\\\/\\\/nb-parts.de\\\/pt-pt\\\/fabricacao\\\/solucao-personalizada\\\/\"]}]},{\"@type\":\"BreadcrumbList\",\"@id\":\"https:\\\/\\\/nb-parts.de\\\/pt-pt\\\/fabricacao\\\/solucao-personalizada\\\/#breadcrumb\",\"itemListElement\":[{\"@type\":\"ListItem\",\"position\":1,\"name\":\"Startseite\",\"item\":\"https:\\\/\\\/nb-parts.de\\\/pt-pt\\\/\"},{\"@type\":\"ListItem\",\"position\":2,\"name\":\"FABRICA\u00c7\u00c3O\",\"item\":\"https:\\\/\\\/nb-parts.de\\\/pt-pt\\\/fabricacao\\\/\"},{\"@type\":\"ListItem\",\"position\":3,\"name\":\"Solu\u00e7\u00e3o personalizada\"}]},{\"@type\":\"WebSite\",\"@id\":\"https:\\\/\\\/nb-parts.de\\\/pt-pt\\\/#website\",\"url\":\"https:\\\/\\\/nb-parts.de\\\/pt-pt\\\/\",\"name\":\"NB PARTS GmbH\",\"description\":\"Ersatzteile - Aufarbeitung - Fertigung\",\"publisher\":{\"@id\":\"https:\\\/\\\/nb-parts.de\\\/pt-pt\\\/#organization\"},\"potentialAction\":[{\"@type\":\"SearchAction\",\"target\":{\"@type\":\"EntryPoint\",\"urlTemplate\":\"https:\\\/\\\/nb-parts.de\\\/pt-pt\\\/?s={search_term_string}\"},\"query-input\":{\"@type\":\"PropertyValueSpecification\",\"valueRequired\":true,\"valueName\":\"search_term_string\"}}],\"inLanguage\":\"pt-PT\"},{\"@type\":\"Organization\",\"@id\":\"https:\\\/\\\/nb-parts.de\\\/pt-pt\\\/#organization\",\"name\":\"NB PARTS GmbH\",\"url\":\"https:\\\/\\\/nb-parts.de\\\/pt-pt\\\/\",\"logo\":{\"@type\":\"ImageObject\",\"inLanguage\":\"pt-PT\",\"@id\":\"https:\\\/\\\/nb-parts.de\\\/pt-pt\\\/#\\\/schema\\\/logo\\\/image\\\/\",\"url\":\"https:\\\/\\\/nb-parts.de\\\/wp-content\\\/uploads\\\/2021\\\/06\\\/LOGO01.jpg\",\"contentUrl\":\"https:\\\/\\\/nb-parts.de\\\/wp-content\\\/uploads\\\/2021\\\/06\\\/LOGO01.jpg\",\"width\":1000,\"height\":1000,\"caption\":\"NB PARTS GmbH\"},\"image\":{\"@id\":\"https:\\\/\\\/nb-parts.de\\\/pt-pt\\\/#\\\/schema\\\/logo\\\/image\\\/\"},\"sameAs\":[\"https:\\\/\\\/www.youtube.com\\\/watch?v=E_90qxvrVlA\"]}]}<\/script>\n<!-- \/ Yoast SEO Premium plugin. -->","yoast_head_json":{"title":"Solu\u00e7\u00e3o personalizada - NB PARTS GmbH","description":"Solu\u00e7\u00e3o personalizada - NB PARTS GmbH","robots":{"index":"index","follow":"follow","max-snippet":"max-snippet:-1","max-image-preview":"max-image-preview:large","max-video-preview":"max-video-preview:-1"},"canonical":"https:\/\/nb-parts.de\/pt-pt\/fabricacao\/solucao-personalizada\/","og_locale":"pt_PT","og_type":"article","og_title":"Solu\u00e7\u00e3o personalizada","og_description":"Solu\u00e7\u00e3o personalizada - NB PARTS GmbH","og_url":"https:\/\/nb-parts.de\/pt-pt\/fabricacao\/solucao-personalizada\/","og_site_name":"NB PARTS GmbH","article_modified_time":"2020-08-20T12:25:38+00:00","og_image":[{"width":713,"height":300,"url":"https:\/\/nb-parts.de\/wp-content\/uploads\/2017\/04\/NB-parts-zieht-um.jpg","type":"image\/jpeg"}],"twitter_misc":{"Tempo estimado de leitura":"4 minutos"},"schema":{"@context":"https:\/\/schema.org","@graph":[{"@type":"WebPage","@id":"https:\/\/nb-parts.de\/pt-pt\/fabricacao\/solucao-personalizada\/","url":"https:\/\/nb-parts.de\/pt-pt\/fabricacao\/solucao-personalizada\/","name":"Solu\u00e7\u00e3o personalizada - NB PARTS GmbH","isPartOf":{"@id":"https:\/\/nb-parts.de\/pt-pt\/#website"},"datePublished":"2018-01-03T14:10:20+00:00","dateModified":"2020-08-20T12:25:38+00:00","description":"Solu\u00e7\u00e3o personalizada - NB PARTS GmbH","breadcrumb":{"@id":"https:\/\/nb-parts.de\/pt-pt\/fabricacao\/solucao-personalizada\/#breadcrumb"},"inLanguage":"pt-PT","potentialAction":[{"@type":"ReadAction","target":["https:\/\/nb-parts.de\/pt-pt\/fabricacao\/solucao-personalizada\/"]}]},{"@type":"BreadcrumbList","@id":"https:\/\/nb-parts.de\/pt-pt\/fabricacao\/solucao-personalizada\/#breadcrumb","itemListElement":[{"@type":"ListItem","position":1,"name":"Startseite","item":"https:\/\/nb-parts.de\/pt-pt\/"},{"@type":"ListItem","position":2,"name":"FABRICA\u00c7\u00c3O","item":"https:\/\/nb-parts.de\/pt-pt\/fabricacao\/"},{"@type":"ListItem","position":3,"name":"Solu\u00e7\u00e3o personalizada"}]},{"@type":"WebSite","@id":"https:\/\/nb-parts.de\/pt-pt\/#website","url":"https:\/\/nb-parts.de\/pt-pt\/","name":"NB PARTS GmbH","description":"Ersatzteile - Aufarbeitung - Fertigung","publisher":{"@id":"https:\/\/nb-parts.de\/pt-pt\/#organization"},"potentialAction":[{"@type":"SearchAction","target":{"@type":"EntryPoint","urlTemplate":"https:\/\/nb-parts.de\/pt-pt\/?s={search_term_string}"},"query-input":{"@type":"PropertyValueSpecification","valueRequired":true,"valueName":"search_term_string"}}],"inLanguage":"pt-PT"},{"@type":"Organization","@id":"https:\/\/nb-parts.de\/pt-pt\/#organization","name":"NB PARTS GmbH","url":"https:\/\/nb-parts.de\/pt-pt\/","logo":{"@type":"ImageObject","inLanguage":"pt-PT","@id":"https:\/\/nb-parts.de\/pt-pt\/#\/schema\/logo\/image\/","url":"https:\/\/nb-parts.de\/wp-content\/uploads\/2021\/06\/LOGO01.jpg","contentUrl":"https:\/\/nb-parts.de\/wp-content\/uploads\/2021\/06\/LOGO01.jpg","width":1000,"height":1000,"caption":"NB PARTS GmbH"},"image":{"@id":"https:\/\/nb-parts.de\/pt-pt\/#\/schema\/logo\/image\/"},"sameAs":["https:\/\/www.youtube.com\/watch?v=E_90qxvrVlA"]}]}},"_links":{"self":[{"href":"https:\/\/nb-parts.de\/pt-pt\/wp-json\/wp\/v2\/pages\/13712","targetHints":{"allow":["GET"]}}],"collection":[{"href":"https:\/\/nb-parts.de\/pt-pt\/wp-json\/wp\/v2\/pages"}],"about":[{"href":"https:\/\/nb-parts.de\/pt-pt\/wp-json\/wp\/v2\/types\/page"}],"author":[{"embeddable":true,"href":"https:\/\/nb-parts.de\/pt-pt\/wp-json\/wp\/v2\/users\/4"}],"replies":[{"embeddable":true,"href":"https:\/\/nb-parts.de\/pt-pt\/wp-json\/wp\/v2\/comments?post=13712"}],"version-history":[{"count":0,"href":"https:\/\/nb-parts.de\/pt-pt\/wp-json\/wp\/v2\/pages\/13712\/revisions"}],"up":[{"embeddable":true,"href":"https:\/\/nb-parts.de\/pt-pt\/wp-json\/wp\/v2\/pages\/20464"}],"wp:attachment":[{"href":"https:\/\/nb-parts.de\/pt-pt\/wp-json\/wp\/v2\/media?parent=13712"}],"curies":[{"name":"wp","href":"https:\/\/api.w.org\/{rel}","templated":true}]}}