{"id":13729,"date":"2018-01-03T15:26:00","date_gmt":"2018-01-03T14:26:00","guid":{"rendered":"https:\/\/nb-parts.de\/industrial-applications\/"},"modified":"2018-02-08T15:07:28","modified_gmt":"2018-02-08T14:07:28","slug":"aplicacoes-industriais","status":"publish","type":"page","link":"https:\/\/nb-parts.de\/pt-pt\/pecas-de-reposicao\/aplicacoes-industriais\/","title":{"rendered":"Aplica\u00e7\u00f5es industriais"},"content":{"rendered":"<p><div class=\"fusion-fullwidth fullwidth-box fusion-builder-row-1 fusion-flex-container nonhundred-percent-fullwidth non-hundred-percent-height-scrolling\" style=\"--awb-border-radius-top-left:0px;--awb-border-radius-top-right:0px;--awb-border-radius-bottom-right:0px;--awb-border-radius-bottom-left:0px;--awb-flex-wrap:wrap;\" ><div class=\"fusion-builder-row fusion-row fusion-flex-align-items-flex-start fusion-flex-content-wrap\" style=\"max-width:calc( 999px + 0px );margin-left: calc(-0px \/ 2 );margin-right: calc(-0px \/ 2 );\"><div class=\"fusion-layout-column fusion_builder_column fusion-builder-column-0 fusion_builder_column_1_1 1_1 fusion-flex-column\" style=\"--awb-bg-size:cover;--awb-width-large:100%;--awb-margin-top-large:0px;--awb-spacing-right-large:0px;--awb-margin-bottom-large:11px;--awb-spacing-left-large:0px;--awb-width-medium:100%;--awb-spacing-right-medium:0px;--awb-spacing-left-medium:0px;--awb-width-small:100%;--awb-spacing-right-small:0px;--awb-spacing-left-small:0px;\"><div class=\"fusion-column-wrapper fusion-flex-justify-content-flex-start fusion-content-layout-column\"><div class=\"fusion-image-element \" style=\"--awb-bottom-shadow-color:rgba(0,0,0,0.4);--awb-caption-title-font-family:var(--h2_typography-font-family);--awb-caption-title-font-weight:var(--h2_typography-font-weight);--awb-caption-title-font-style:var(--h2_typography-font-style);--awb-caption-title-size:var(--h2_typography-font-size);--awb-caption-title-transform:var(--h2_typography-text-transform);--awb-caption-title-line-height:var(--h2_typography-line-height);--awb-caption-title-letter-spacing:var(--h2_typography-letter-spacing);\"><div class=\"awb-image-frame awb-image-frame-1 awb-bottomshadow\"><span class=\" fusion-imageframe imageframe-bottomshadow imageframe-1 hover-type-none\"><img decoding=\"async\" width=\"768\" height=\"200\" title=\"visual_industrie_bremse\" src=\"https:\/\/nb-parts.de\/wp-content\/uploads\/2017\/12\/visual_industrie_bremse.jpg\" alt class=\"img-responsive wp-image-11936\" srcset=\"https:\/\/nb-parts.de\/wp-content\/uploads\/2017\/12\/visual_industrie_bremse-200x52.jpg 200w, https:\/\/nb-parts.de\/wp-content\/uploads\/2017\/12\/visual_industrie_bremse-400x104.jpg 400w, https:\/\/nb-parts.de\/wp-content\/uploads\/2017\/12\/visual_industrie_bremse-600x156.jpg 600w, https:\/\/nb-parts.de\/wp-content\/uploads\/2017\/12\/visual_industrie_bremse.jpg 768w\" sizes=\"(max-width: 640px) 100vw, 768px\" \/><\/span><svg xmlns=\"http:\/\/www.w3.org\/2000\/svg\" version=\"1.1\" width=\"100%\" viewBox=\"0 0 600 28\" preserveAspectRatio=\"none\"><g clip-path=\"url(#a)\"><mask id=\"b\" style=\"mask-type:luminance\" maskUnits=\"userSpaceOnUse\" x=\"0\" y=\"0\" width=\"600\" height=\"28\"><path d=\"M0 0h600v28H0V0Z\" fill=\"#fff\"\/><\/mask><g filter=\"url(#c)\" mask=\"url(#b)\"><path d=\"M16.439-18.667h567.123v30.8S438.961-8.4 300-8.4C161.04-8.4 16.438 12.133 16.438 12.133v-30.8Z\" fill=\"#000\"\/><\/g><\/g><defs><clipPath id=\"a\"><path fill=\"#fff\" d=\"M0 0h600v28H0z\"\/><\/clipPath><filter id=\"c\" x=\"5.438\" y=\"-29.667\" width=\"589.123\" height=\"52.8\" filterUnits=\"userSpaceOnUse\" color-interpolation-filters=\"sRGB\"><feFlood flood-opacity=\"0\" result=\"BackgroundImageFix\"\/><feBlend in=\"SourceGraphic\" in2=\"BackgroundImageFix\" result=\"shape\"\/><feGaussianBlur stdDeviation=\"5.5\" result=\"effect1_foregroundBlur_3983_183\"\/><\/filter><\/defs><\/svg><\/div><\/div><\/div><\/div><\/div><\/div><div class=\"fusion-fullwidth fullwidth-box fusion-builder-row-2 fusion-flex-container nonhundred-percent-fullwidth non-hundred-percent-height-scrolling\" style=\"--awb-border-radius-top-left:0px;--awb-border-radius-top-right:0px;--awb-border-radius-bottom-right:0px;--awb-border-radius-bottom-left:0px;--awb-flex-wrap:wrap;\" ><div class=\"fusion-builder-row fusion-row fusion-flex-align-items-flex-start fusion-flex-content-wrap\" style=\"max-width:1028.97px;margin-left: calc(-3% \/ 2 );margin-right: calc(-3% \/ 2 );\"><div class=\"fusion-layout-column fusion_builder_column fusion-builder-column-1 fusion_builder_column_1_4 1_4 fusion-flex-column\" style=\"--awb-bg-size:cover;--awb-width-large:25%;--awb-margin-top-large:0px;--awb-spacing-right-large:7.76%;--awb-margin-bottom-large:11px;--awb-spacing-left-large:5.82%;--awb-width-medium:25%;--awb-spacing-right-medium:7.76%;--awb-spacing-left-medium:5.82%;--awb-width-small:100%;--awb-spacing-right-small:1.455%;--awb-spacing-left-small:1.455%;\"><div class=\"fusion-column-wrapper fusion-flex-justify-content-flex-start fusion-content-layout-column\"><div style=\"text-align:center;\"><a class=\"fusion-button button-flat button-medium button-lightgray fusion-button-lightgray button-1 fusion-button-span-yes fusion-button-default-type\" target=\"_blank\" rel=\"noopener noreferrer\" href=\"https:\/\/nb-parts.de\/pdf\/catalogues\/nb-parts_industry.pdf\"><i class=\" fa fa-download awb-button__icon awb-button__icon--default button-icon-left\" aria-hidden=\"true\"><\/i><span class=\"fusion-button-text awb-button__text awb-button__text--default\">PDF IND\u00daSTRIA<\/span><\/a><\/div><\/div><\/div><div class=\"fusion-layout-column fusion_builder_column fusion-builder-column-2 fusion_builder_column_1_4 1_4 fusion-flex-column\" style=\"--awb-bg-size:cover;--awb-width-large:25%;--awb-margin-top-large:0px;--awb-spacing-right-large:7.76%;--awb-margin-bottom-large:11px;--awb-spacing-left-large:7.76%;--awb-width-medium:25%;--awb-spacing-right-medium:7.76%;--awb-spacing-left-medium:7.76%;--awb-width-small:100%;--awb-spacing-right-small:1.455%;--awb-spacing-left-small:1.455%;\"><div class=\"fusion-column-wrapper fusion-flex-justify-content-flex-start fusion-content-layout-column\"><div style=\"text-align:center;\"><a class=\"fusion-button button-flat button-medium button-lightgray fusion-button-lightgray button-2 fusion-button-span-yes fusion-button-default-type\" target=\"_blank\" rel=\"noopener noreferrer\" href=\"https:\/\/nb-parts.de\/pdf\/brochures\/nb-parts-brochure_plates.pdf\"><i class=\" fa fa-download awb-button__icon awb-button__icon--default button-icon-left\" aria-hidden=\"true\"><\/i><span class=\"fusion-button-text awb-button__text awb-button__text--default\">PDF SINTERIZA\u00c7\u00c3O<\/span><\/a><\/div><\/div><\/div><div class=\"fusion-layout-column fusion_builder_column fusion-builder-column-3 fusion_builder_column_1_4 1_4 fusion-flex-column\" style=\"--awb-bg-size:cover;--awb-width-large:25%;--awb-margin-top-large:0px;--awb-spacing-right-large:7.76%;--awb-margin-bottom-large:11px;--awb-spacing-left-large:7.76%;--awb-width-medium:25%;--awb-spacing-right-medium:7.76%;--awb-spacing-left-medium:7.76%;--awb-width-small:100%;--awb-spacing-right-small:1.455%;--awb-spacing-left-small:1.455%;\"><div class=\"fusion-column-wrapper fusion-flex-justify-content-flex-start fusion-content-layout-column\"><div style=\"text-align:center;\"><a class=\"fusion-button button-flat button-medium button-lightgray fusion-button-lightgray button-3 fusion-button-span-yes fusion-button-default-type\" target=\"_blank\" rel=\"noopener noreferrer\" href=\"https:\/\/nb-parts.de\/pdf\/brochures\/nb-parts_clutchbuttons_kupplungssegmente.pdf\"><i class=\" fa fa-download awb-button__icon awb-button__icon--default button-icon-left\" aria-hidden=\"true\"><\/i><span class=\"fusion-button-text awb-button__text awb-button__text--default\">PDF Clutch buttons<\/span><\/a><\/div><\/div><\/div><div class=\"fusion-layout-column fusion_builder_column fusion-builder-column-4 fusion_builder_column_1_4 1_4 fusion-flex-column\" style=\"--awb-bg-size:cover;--awb-width-large:25%;--awb-margin-top-large:0px;--awb-spacing-right-large:5.82%;--awb-margin-bottom-large:11px;--awb-spacing-left-large:7.76%;--awb-width-medium:25%;--awb-spacing-right-medium:5.82%;--awb-spacing-left-medium:7.76%;--awb-width-small:100%;--awb-spacing-right-small:1.455%;--awb-spacing-left-small:1.455%;\"><div class=\"fusion-column-wrapper fusion-flex-justify-content-flex-start fusion-content-layout-column\"><div style=\"text-align:center;\"><a class=\"fusion-button button-flat button-medium button-lightgray fusion-button-lightgray button-4 fusion-button-span-yes fusion-button-default-type\" target=\"_self\" href=\"https:\/\/nb-parts.de\/en\/friction-materials-organic\/\"><i class=\" fa fa-download awb-button__icon awb-button__icon--default button-icon-left\" aria-hidden=\"true\"><\/i><span class=\"fusion-button-text awb-button__text awb-button__text--default\">NOTA DE PRODU\u00c7\u00c3O<\/span><\/a><\/div><\/div><\/div><\/div><\/div><div class=\"fusion-fullwidth fullwidth-box fusion-builder-row-3 fusion-flex-container nonhundred-percent-fullwidth non-hundred-percent-height-scrolling\" style=\"--awb-background-position:left top;--awb-background-repeat:repeat;--awb-border-radius-top-left:0px;--awb-border-radius-top-right:0px;--awb-border-radius-bottom-right:0px;--awb-border-radius-bottom-left:0px;--awb-padding-top:22px;--awb-border-sizes-top:0px;--awb-border-sizes-bottom:0px;--awb-flex-wrap:wrap;\" ><div class=\"fusion-builder-row fusion-row fusion-flex-align-items-flex-start fusion-flex-content-wrap\" style=\"max-width:1028.97px;margin-left: calc(-3% \/ 2 );margin-right: calc(-3% \/ 2 );\"><div class=\"fusion-layout-column fusion_builder_column fusion-builder-column-5 fusion_builder_column_1_3 1_3 fusion-flex-column fusion-flex-align-self-flex-start fusion-column-no-min-height\" style=\"--awb-bg-size:cover;--awb-width-large:33.333333333333%;--awb-margin-top-large:0px;--awb-spacing-right-large:5.82%;--awb-margin-bottom-large:0px;--awb-spacing-left-large:4.365%;--awb-width-medium:33.333333333333%;--awb-spacing-right-medium:5.82%;--awb-spacing-left-medium:4.365%;--awb-width-small:100%;--awb-spacing-right-small:1.455%;--awb-spacing-left-small:1.455%;\"><div class=\"fusion-column-wrapper fusion-flex-justify-content-flex-start fusion-content-layout-column\"><div class=\"fusion-text fusion-text-1\"><p><span class=\"notranslate\">Original, Ident e Pe\u00e7as Compat\u00edveis<\/span><\/p>\n<h4 data-fontsize=\"13\" data-lineheight=\"16\"><span class=\"notranslate\">PARA A IND\u00daSTRIA-FREIO:<\/span><\/h4>\n<p class=\"ABSATZ_GROSS\"><span class=\"notranslate\">Revestimentos de freio de tambor, almofadas de freio de disco, an\u00e9is de disco de fric\u00e7\u00e3o, revestimentos de embreagem, discos, pucks, almofadas, segmentos, cones, blocos de fric\u00e7\u00e3o, discos de fric\u00e7\u00e3o, discos de embreagem, sapatos de freio, bandas de freio, folhas planas (moldado a press\u00e3o, tecido) materiais, materiais de revestimento de rolos (moldados em rolo, com suporte de arame, tecidos)<\/span><\/p>\n<h4 data-fontsize=\"13\" data-lineheight=\"16\"><span class=\"notranslate\">PE\u00c7AS PARA SEGUIR APLICA\u00c7\u00d5ES INDUSTRIAIS:<\/span><\/h4>\n<h4 data-fontsize=\"13\" data-lineheight=\"16\"><span class=\"notranslate\">M\u00c1QUINAS DE PAPEL<\/span><\/h4>\n<p><span class=\"notranslate\">(freios por empresas: Re, Wichita)<\/span><\/p>\n<h4 data-fontsize=\"13\" data-lineheight=\"16\"><span class=\"notranslate\">SISTEMAS DE IMPRENSA<\/span><\/h4>\n<p><span class=\"notranslate\">(freios e garras para prensas, prensas M\u00fcller-Weingarten)<\/span><\/p>\n<h4 data-fontsize=\"13\" data-lineheight=\"16\"><span class=\"notranslate\">DRIVE \/ INGENIERIA MEC\u00c2NICA<\/span><\/h4>\n<p><span class=\"notranslate\">freios de estacionamento, freio de servi\u00e7o hidr\u00e1ulico, freios a ar, trav\u00f5es de sapato internos e externos, embreagem de sobrecarga, trav\u00f5es de disco, freios de tambor, freios de banda<\/span><\/p>\n<ul>\n<li class=\"HZWEI_GROSS\"><span class=\"notranslate\">EQUIPAMENTO DE TRANSPORTE<\/span><\/li>\n<li class=\"HZWEI_GROSS\"><span class=\"notranslate\">EQUIPAMENTO DE GERA\u00c7\u00c3O DE POT\u00caNCIA<\/span><\/li>\n<li class=\"HZWEI_GROSS\"><span class=\"notranslate\">MOTORES ELECTRO DE FREIO<\/span><\/li>\n<li class=\"HZWEI_GROSS\"><span class=\"notranslate\">EQUIPAMENTO DE TURBINA E\u00d3LICA<\/span><\/li>\n<li class=\"HZWEI_GROSS\"><span class=\"notranslate\">LIFTS \/ LIFTING MACHINES<\/span><\/li>\n<li class=\"HZWEI_GROSS\"><span class=\"notranslate\">EQUIPAMENTO DA IND\u00daSTRIA T\u00caXTIL<\/span><\/li>\n<li class=\"HZWEI_GROSS\"><span class=\"notranslate\">EQUIPAMENTO DE IND\u00daSTRIA M\u00c9DICA<\/span><\/li>\n<li class=\"HZWEI_GROSS\"><span class=\"notranslate\">EQUIPAMENTO DE TURBINA<\/span><\/li>\n<li class=\"HZWEI_GROSS\"><span class=\"notranslate\">M\u00c1QUINAS AGR\u00cdCOLAS<\/span><\/li>\n<\/ul>\n<\/div><\/div><\/div><div class=\"fusion-layout-column fusion_builder_column fusion-builder-column-6 fusion_builder_column_1_3 1_3 fusion-flex-column fusion-flex-align-self-flex-start fusion-column-no-min-height\" style=\"--awb-bg-size:cover;--awb-width-large:33.333333333333%;--awb-margin-top-large:0px;--awb-spacing-right-large:5.82%;--awb-margin-bottom-large:0px;--awb-spacing-left-large:5.82%;--awb-width-medium:33.333333333333%;--awb-spacing-right-medium:5.82%;--awb-spacing-left-medium:5.82%;--awb-width-small:100%;--awb-spacing-right-small:1.455%;--awb-spacing-left-small:1.455%;\"><div class=\"fusion-column-wrapper fusion-flex-justify-content-flex-start fusion-content-layout-column\"><div class=\"fusion-text fusion-text-2\"><p><span class=\"notranslate\">Fabrica\u00e7\u00e3o de pe\u00e7as sobressalentes<\/span><\/p>\n<h4 data-fontsize=\"13\" data-lineheight=\"16\"><span class=\"notranslate\">PRODU\u00c7\u00c3O DE:<\/span><\/h4>\n<p><span class=\"notranslate\">Materiais de fric\u00e7\u00e3o (cola de borracha e \/ ou de resina sint\u00e9tica) e compostos de revestimento para aplica\u00e7\u00f5es especiais<\/span><\/p>\n<ul>\n<li><span class=\"notranslate\">Materiais de revestimento de rolos &#8211; Universal<\/span><\/li>\n<li><span class=\"notranslate\">Materiais de revestimento de folhas &#8211; Universal<\/span><\/li>\n<li><span class=\"notranslate\">Materiais de fric\u00e7\u00e3o sem suporte de apoio &#8211; em contorno<\/span><\/li>\n<li><span class=\"notranslate\">Revestimentos de freio de tambor &#8211; em contorno<\/span><\/li>\n<li><span class=\"notranslate\">Materiais de fric\u00e7\u00e3o com suporte de apoio &#8211; em contorno<\/span><\/li>\n<li><span class=\"notranslate\">Pastilhas de freio de disco &#8211; em contorno<\/span><\/li>\n<li><span class=\"notranslate\">Materiais de fric\u00e7\u00e3o para aplica\u00e7\u00e3o especial<\/span><\/li>\n<\/ul>\n<\/div><\/div><\/div><div class=\"fusion-layout-column fusion_builder_column fusion-builder-column-7 fusion_builder_column_1_3 1_3 fusion-flex-column fusion-flex-align-self-flex-start fusion-column-no-min-height\" style=\"--awb-bg-size:cover;--awb-width-large:33.333333333333%;--awb-margin-top-large:0px;--awb-spacing-right-large:4.365%;--awb-margin-bottom-large:0px;--awb-spacing-left-large:5.82%;--awb-width-medium:33.333333333333%;--awb-spacing-right-medium:4.365%;--awb-spacing-left-medium:5.82%;--awb-width-small:100%;--awb-spacing-right-small:1.455%;--awb-spacing-left-small:1.455%;\"><div class=\"fusion-column-wrapper fusion-flex-justify-content-flex-start fusion-content-layout-column\"><div class=\"fusion-text fusion-text-3\"><p><span class=\"notranslate\">Reconstru\u00e7\u00e3o de pe\u00e7as sobressalentes usadas<\/span><\/p>\n<h4 data-fontsize=\"13\" data-lineheight=\"16\"><span class=\"notranslate\">RELACIONAMENTO DE:<\/span><\/h4>\n<p><span class=\"notranslate\">Sapatos de freio, discos de freio (max.\u00d8 = 4m), alavancas de freio, travas de freio, cones, segmentos, pastilhas de freio<\/span><\/p>\n<h4 data-fontsize=\"13\" data-lineheight=\"16\"><span class=\"notranslate\">RESTAURA\u00c7\u00c3O DE:<\/span><\/h4>\n<p><span class=\"notranslate\">Embreagens, discos de volante, placas de press\u00e3o<\/span><\/p>\n<\/div><\/div><\/div><\/div><\/div><\/p>\n","protected":false},"excerpt":{"rendered":"","protected":false},"author":4,"featured_media":0,"parent":20480,"menu_order":0,"comment_status":"closed","ping_status":"closed","template":"","meta":{"footnotes":""},"class_list":["post-13729","page","type-page","status-publish","hentry"],"yoast_head":"<!-- This site is optimized with the Yoast SEO Premium plugin v27.4 (Yoast SEO v27.4) - https:\/\/yoast.com\/product\/yoast-seo-premium-wordpress\/ -->\n<title>Aplica\u00e7\u00f5es industriais - NB PARTS GmbH<\/title>\n<meta name=\"description\" content=\"Aplica\u00e7\u00f5es industriais - NB PARTS GmbH\" \/>\n<meta name=\"robots\" content=\"index, follow, max-snippet:-1, max-image-preview:large, max-video-preview:-1\" \/>\n<link rel=\"canonical\" href=\"https:\/\/nb-parts.de\/pt-pt\/pecas-de-reposicao\/aplicacoes-industriais\/\" \/>\n<meta property=\"og:locale\" content=\"pt_PT\" \/>\n<meta property=\"og:type\" content=\"article\" \/>\n<meta property=\"og:title\" content=\"Aplica\u00e7\u00f5es industriais\" \/>\n<meta property=\"og:description\" content=\"Aplica\u00e7\u00f5es industriais - NB PARTS GmbH\" \/>\n<meta property=\"og:url\" content=\"https:\/\/nb-parts.de\/pt-pt\/pecas-de-reposicao\/aplicacoes-industriais\/\" \/>\n<meta property=\"og:site_name\" content=\"NB PARTS GmbH\" \/>\n<meta property=\"article:modified_time\" content=\"2018-02-08T14:07:28+00:00\" \/>\n<meta property=\"og:image\" content=\"https:\/\/nb-parts.de\/wp-content\/uploads\/2017\/04\/NB-parts-zieht-um.jpg\" \/>\n\t<meta property=\"og:image:width\" content=\"713\" \/>\n\t<meta property=\"og:image:height\" content=\"300\" \/>\n\t<meta property=\"og:image:type\" content=\"image\/jpeg\" \/>\n<meta name=\"twitter:label1\" content=\"Tempo estimado de leitura\" \/>\n\t<meta name=\"twitter:data1\" content=\"8 minutos\" \/>\n<script type=\"application\/ld+json\" class=\"yoast-schema-graph\">{\"@context\":\"https:\\\/\\\/schema.org\",\"@graph\":[{\"@type\":\"WebPage\",\"@id\":\"https:\\\/\\\/nb-parts.de\\\/pt-pt\\\/pecas-de-reposicao\\\/aplicacoes-industriais\\\/\",\"url\":\"https:\\\/\\\/nb-parts.de\\\/pt-pt\\\/pecas-de-reposicao\\\/aplicacoes-industriais\\\/\",\"name\":\"Aplica\u00e7\u00f5es industriais - NB PARTS GmbH\",\"isPartOf\":{\"@id\":\"https:\\\/\\\/nb-parts.de\\\/pt-pt\\\/#website\"},\"datePublished\":\"2018-01-03T14:26:00+00:00\",\"dateModified\":\"2018-02-08T14:07:28+00:00\",\"description\":\"Aplica\u00e7\u00f5es industriais - NB PARTS GmbH\",\"breadcrumb\":{\"@id\":\"https:\\\/\\\/nb-parts.de\\\/pt-pt\\\/pecas-de-reposicao\\\/aplicacoes-industriais\\\/#breadcrumb\"},\"inLanguage\":\"pt-PT\",\"potentialAction\":[{\"@type\":\"ReadAction\",\"target\":[\"https:\\\/\\\/nb-parts.de\\\/pt-pt\\\/pecas-de-reposicao\\\/aplicacoes-industriais\\\/\"]}]},{\"@type\":\"BreadcrumbList\",\"@id\":\"https:\\\/\\\/nb-parts.de\\\/pt-pt\\\/pecas-de-reposicao\\\/aplicacoes-industriais\\\/#breadcrumb\",\"itemListElement\":[{\"@type\":\"ListItem\",\"position\":1,\"name\":\"Startseite\",\"item\":\"https:\\\/\\\/nb-parts.de\\\/pt-pt\\\/\"},{\"@type\":\"ListItem\",\"position\":2,\"name\":\"PE\u00c7AS DE REPOSI\u00c7\u00c3O\",\"item\":\"https:\\\/\\\/nb-parts.de\\\/pt-pt\\\/pecas-de-reposicao\\\/\"},{\"@type\":\"ListItem\",\"position\":3,\"name\":\"Aplica\u00e7\u00f5es industriais\"}]},{\"@type\":\"WebSite\",\"@id\":\"https:\\\/\\\/nb-parts.de\\\/pt-pt\\\/#website\",\"url\":\"https:\\\/\\\/nb-parts.de\\\/pt-pt\\\/\",\"name\":\"NB PARTS GmbH\",\"description\":\"Ersatzteile - Aufarbeitung - Fertigung\",\"publisher\":{\"@id\":\"https:\\\/\\\/nb-parts.de\\\/pt-pt\\\/#organization\"},\"potentialAction\":[{\"@type\":\"SearchAction\",\"target\":{\"@type\":\"EntryPoint\",\"urlTemplate\":\"https:\\\/\\\/nb-parts.de\\\/pt-pt\\\/?s={search_term_string}\"},\"query-input\":{\"@type\":\"PropertyValueSpecification\",\"valueRequired\":true,\"valueName\":\"search_term_string\"}}],\"inLanguage\":\"pt-PT\"},{\"@type\":\"Organization\",\"@id\":\"https:\\\/\\\/nb-parts.de\\\/pt-pt\\\/#organization\",\"name\":\"NB PARTS GmbH\",\"url\":\"https:\\\/\\\/nb-parts.de\\\/pt-pt\\\/\",\"logo\":{\"@type\":\"ImageObject\",\"inLanguage\":\"pt-PT\",\"@id\":\"https:\\\/\\\/nb-parts.de\\\/pt-pt\\\/#\\\/schema\\\/logo\\\/image\\\/\",\"url\":\"https:\\\/\\\/nb-parts.de\\\/wp-content\\\/uploads\\\/2021\\\/06\\\/LOGO01.jpg\",\"contentUrl\":\"https:\\\/\\\/nb-parts.de\\\/wp-content\\\/uploads\\\/2021\\\/06\\\/LOGO01.jpg\",\"width\":1000,\"height\":1000,\"caption\":\"NB PARTS GmbH\"},\"image\":{\"@id\":\"https:\\\/\\\/nb-parts.de\\\/pt-pt\\\/#\\\/schema\\\/logo\\\/image\\\/\"},\"sameAs\":[\"https:\\\/\\\/www.youtube.com\\\/watch?v=E_90qxvrVlA\"]}]}<\/script>\n<!-- \/ Yoast SEO Premium plugin. -->","yoast_head_json":{"title":"Aplica\u00e7\u00f5es industriais - NB PARTS GmbH","description":"Aplica\u00e7\u00f5es industriais - NB PARTS GmbH","robots":{"index":"index","follow":"follow","max-snippet":"max-snippet:-1","max-image-preview":"max-image-preview:large","max-video-preview":"max-video-preview:-1"},"canonical":"https:\/\/nb-parts.de\/pt-pt\/pecas-de-reposicao\/aplicacoes-industriais\/","og_locale":"pt_PT","og_type":"article","og_title":"Aplica\u00e7\u00f5es industriais","og_description":"Aplica\u00e7\u00f5es industriais - NB PARTS GmbH","og_url":"https:\/\/nb-parts.de\/pt-pt\/pecas-de-reposicao\/aplicacoes-industriais\/","og_site_name":"NB PARTS GmbH","article_modified_time":"2018-02-08T14:07:28+00:00","og_image":[{"width":713,"height":300,"url":"https:\/\/nb-parts.de\/wp-content\/uploads\/2017\/04\/NB-parts-zieht-um.jpg","type":"image\/jpeg"}],"twitter_misc":{"Tempo estimado de leitura":"8 minutos"},"schema":{"@context":"https:\/\/schema.org","@graph":[{"@type":"WebPage","@id":"https:\/\/nb-parts.de\/pt-pt\/pecas-de-reposicao\/aplicacoes-industriais\/","url":"https:\/\/nb-parts.de\/pt-pt\/pecas-de-reposicao\/aplicacoes-industriais\/","name":"Aplica\u00e7\u00f5es industriais - NB PARTS GmbH","isPartOf":{"@id":"https:\/\/nb-parts.de\/pt-pt\/#website"},"datePublished":"2018-01-03T14:26:00+00:00","dateModified":"2018-02-08T14:07:28+00:00","description":"Aplica\u00e7\u00f5es industriais - NB PARTS GmbH","breadcrumb":{"@id":"https:\/\/nb-parts.de\/pt-pt\/pecas-de-reposicao\/aplicacoes-industriais\/#breadcrumb"},"inLanguage":"pt-PT","potentialAction":[{"@type":"ReadAction","target":["https:\/\/nb-parts.de\/pt-pt\/pecas-de-reposicao\/aplicacoes-industriais\/"]}]},{"@type":"BreadcrumbList","@id":"https:\/\/nb-parts.de\/pt-pt\/pecas-de-reposicao\/aplicacoes-industriais\/#breadcrumb","itemListElement":[{"@type":"ListItem","position":1,"name":"Startseite","item":"https:\/\/nb-parts.de\/pt-pt\/"},{"@type":"ListItem","position":2,"name":"PE\u00c7AS DE REPOSI\u00c7\u00c3O","item":"https:\/\/nb-parts.de\/pt-pt\/pecas-de-reposicao\/"},{"@type":"ListItem","position":3,"name":"Aplica\u00e7\u00f5es industriais"}]},{"@type":"WebSite","@id":"https:\/\/nb-parts.de\/pt-pt\/#website","url":"https:\/\/nb-parts.de\/pt-pt\/","name":"NB PARTS GmbH","description":"Ersatzteile - Aufarbeitung - Fertigung","publisher":{"@id":"https:\/\/nb-parts.de\/pt-pt\/#organization"},"potentialAction":[{"@type":"SearchAction","target":{"@type":"EntryPoint","urlTemplate":"https:\/\/nb-parts.de\/pt-pt\/?s={search_term_string}"},"query-input":{"@type":"PropertyValueSpecification","valueRequired":true,"valueName":"search_term_string"}}],"inLanguage":"pt-PT"},{"@type":"Organization","@id":"https:\/\/nb-parts.de\/pt-pt\/#organization","name":"NB PARTS GmbH","url":"https:\/\/nb-parts.de\/pt-pt\/","logo":{"@type":"ImageObject","inLanguage":"pt-PT","@id":"https:\/\/nb-parts.de\/pt-pt\/#\/schema\/logo\/image\/","url":"https:\/\/nb-parts.de\/wp-content\/uploads\/2021\/06\/LOGO01.jpg","contentUrl":"https:\/\/nb-parts.de\/wp-content\/uploads\/2021\/06\/LOGO01.jpg","width":1000,"height":1000,"caption":"NB PARTS GmbH"},"image":{"@id":"https:\/\/nb-parts.de\/pt-pt\/#\/schema\/logo\/image\/"},"sameAs":["https:\/\/www.youtube.com\/watch?v=E_90qxvrVlA"]}]}},"_links":{"self":[{"href":"https:\/\/nb-parts.de\/pt-pt\/wp-json\/wp\/v2\/pages\/13729","targetHints":{"allow":["GET"]}}],"collection":[{"href":"https:\/\/nb-parts.de\/pt-pt\/wp-json\/wp\/v2\/pages"}],"about":[{"href":"https:\/\/nb-parts.de\/pt-pt\/wp-json\/wp\/v2\/types\/page"}],"author":[{"embeddable":true,"href":"https:\/\/nb-parts.de\/pt-pt\/wp-json\/wp\/v2\/users\/4"}],"replies":[{"embeddable":true,"href":"https:\/\/nb-parts.de\/pt-pt\/wp-json\/wp\/v2\/comments?post=13729"}],"version-history":[{"count":0,"href":"https:\/\/nb-parts.de\/pt-pt\/wp-json\/wp\/v2\/pages\/13729\/revisions"}],"up":[{"embeddable":true,"href":"https:\/\/nb-parts.de\/pt-pt\/wp-json\/wp\/v2\/pages\/20480"}],"wp:attachment":[{"href":"https:\/\/nb-parts.de\/pt-pt\/wp-json\/wp\/v2\/media?parent=13729"}],"curies":[{"name":"wp","href":"https:\/\/api.w.org\/{rel}","templated":true}]}}