{"id":13740,"date":"2017-12-13T11:48:58","date_gmt":"2017-12-13T10:48:58","guid":{"rendered":"https:\/\/nb-parts.de\/forklift-trucks\/"},"modified":"2018-02-08T15:22:24","modified_gmt":"2018-02-08T14:22:24","slug":"empilhadores","status":"publish","type":"page","link":"https:\/\/nb-parts.de\/pt-pt\/pecas-de-reposicao\/empilhadores\/","title":{"rendered":"Empilhadores"},"content":{"rendered":"<p><div class=\"fusion-fullwidth fullwidth-box fusion-builder-row-1 fusion-flex-container nonhundred-percent-fullwidth non-hundred-percent-height-scrolling\" style=\"--awb-border-radius-top-left:0px;--awb-border-radius-top-right:0px;--awb-border-radius-bottom-right:0px;--awb-border-radius-bottom-left:0px;--awb-flex-wrap:wrap;\" ><div class=\"fusion-builder-row fusion-row fusion-flex-align-items-flex-start fusion-flex-content-wrap\" style=\"max-width:calc( 999px + 0px );margin-left: calc(-0px \/ 2 );margin-right: calc(-0px \/ 2 );\"><div class=\"fusion-layout-column fusion_builder_column fusion-builder-column-0 fusion_builder_column_1_1 1_1 fusion-flex-column\" style=\"--awb-bg-size:cover;--awb-width-large:100%;--awb-margin-top-large:0px;--awb-spacing-right-large:0px;--awb-margin-bottom-large:11px;--awb-spacing-left-large:0px;--awb-width-medium:100%;--awb-spacing-right-medium:0px;--awb-spacing-left-medium:0px;--awb-width-small:100%;--awb-spacing-right-small:0px;--awb-spacing-left-small:0px;\"><div class=\"fusion-column-wrapper fusion-flex-justify-content-flex-start fusion-content-layout-column\"><div class=\"fusion-image-element \" style=\"--awb-bottom-shadow-color:rgba(0,0,0,0.4);--awb-caption-title-font-family:var(--h2_typography-font-family);--awb-caption-title-font-weight:var(--h2_typography-font-weight);--awb-caption-title-font-style:var(--h2_typography-font-style);--awb-caption-title-size:var(--h2_typography-font-size);--awb-caption-title-transform:var(--h2_typography-text-transform);--awb-caption-title-line-height:var(--h2_typography-line-height);--awb-caption-title-letter-spacing:var(--h2_typography-letter-spacing);\"><div class=\"awb-image-frame awb-image-frame-1 awb-bottomshadow\"><span class=\" fusion-imageframe imageframe-bottomshadow imageframe-1 hover-type-none\"><img decoding=\"async\" width=\"768\" height=\"200\" title=\"visual_staplerfahrzeuge\" src=\"https:\/\/nb-parts.de\/wp-content\/uploads\/2017\/12\/visual_staplerfahrzeuge.jpg\" alt class=\"img-responsive wp-image-11944\" srcset=\"https:\/\/nb-parts.de\/wp-content\/uploads\/2017\/12\/visual_staplerfahrzeuge-200x52.jpg 200w, https:\/\/nb-parts.de\/wp-content\/uploads\/2017\/12\/visual_staplerfahrzeuge-400x104.jpg 400w, https:\/\/nb-parts.de\/wp-content\/uploads\/2017\/12\/visual_staplerfahrzeuge-600x156.jpg 600w, https:\/\/nb-parts.de\/wp-content\/uploads\/2017\/12\/visual_staplerfahrzeuge.jpg 768w\" sizes=\"(max-width: 640px) 100vw, 768px\" \/><\/span><svg xmlns=\"http:\/\/www.w3.org\/2000\/svg\" version=\"1.1\" width=\"100%\" viewBox=\"0 0 600 28\" preserveAspectRatio=\"none\"><g clip-path=\"url(#a)\"><mask id=\"b\" style=\"mask-type:luminance\" maskUnits=\"userSpaceOnUse\" x=\"0\" y=\"0\" width=\"600\" height=\"28\"><path d=\"M0 0h600v28H0V0Z\" fill=\"#fff\"\/><\/mask><g filter=\"url(#c)\" mask=\"url(#b)\"><path d=\"M16.439-18.667h567.123v30.8S438.961-8.4 300-8.4C161.04-8.4 16.438 12.133 16.438 12.133v-30.8Z\" fill=\"#000\"\/><\/g><\/g><defs><clipPath id=\"a\"><path fill=\"#fff\" d=\"M0 0h600v28H0z\"\/><\/clipPath><filter id=\"c\" x=\"5.438\" y=\"-29.667\" width=\"589.123\" height=\"52.8\" filterUnits=\"userSpaceOnUse\" color-interpolation-filters=\"sRGB\"><feFlood flood-opacity=\"0\" result=\"BackgroundImageFix\"\/><feBlend in=\"SourceGraphic\" in2=\"BackgroundImageFix\" result=\"shape\"\/><feGaussianBlur stdDeviation=\"5.5\" result=\"effect1_foregroundBlur_3983_183\"\/><\/filter><\/defs><\/svg><\/div><\/div><\/div><\/div><\/div><\/div><div class=\"fusion-fullwidth fullwidth-box fusion-builder-row-2 fusion-flex-container nonhundred-percent-fullwidth non-hundred-percent-height-scrolling\" style=\"--awb-background-position:left top;--awb-background-repeat:repeat;--awb-border-radius-top-left:0px;--awb-border-radius-top-right:0px;--awb-border-radius-bottom-right:0px;--awb-border-radius-bottom-left:0px;--awb-padding-top:22px;--awb-border-sizes-top:0px;--awb-border-sizes-bottom:0px;--awb-flex-wrap:wrap;\" ><div class=\"fusion-builder-row fusion-row fusion-flex-align-items-flex-start fusion-flex-content-wrap\" style=\"max-width:1028.97px;margin-left: calc(-3% \/ 2 );margin-right: calc(-3% \/ 2 );\"><div class=\"fusion-layout-column fusion_builder_column fusion-builder-column-1 fusion_builder_column_1_3 1_3 fusion-flex-column fusion-flex-align-self-flex-start fusion-column-no-min-height\" style=\"--awb-bg-size:cover;--awb-width-large:33.333333333333%;--awb-margin-top-large:0px;--awb-spacing-right-large:5.82%;--awb-margin-bottom-large:0px;--awb-spacing-left-large:4.365%;--awb-width-medium:33.333333333333%;--awb-spacing-right-medium:5.82%;--awb-spacing-left-medium:4.365%;--awb-width-small:100%;--awb-spacing-right-small:1.455%;--awb-spacing-left-small:1.455%;\"><div class=\"fusion-column-wrapper fusion-flex-justify-content-flex-start fusion-content-layout-column\"><div class=\"fusion-text fusion-text-1\"><p><span class=\"notranslate\">Original, Ident e Pe\u00e7as Compat\u00edveis<\/span><\/p>\n<h4 data-fontsize=\"13\" data-lineheight=\"20\"><span class=\"notranslate\">PARA CAMINHOS DE PALETA \/ FORKLIFT:<\/span><\/h4>\n<p><span class=\"notranslate\">Faixas e cintos de travagem, trav\u00f5es de freio, tambores de freio, discos de freio, sapatilhas de freio, cilindros de freio de roda, cilindros mestre de freio, pin\u00e7as de freio e veda\u00e7\u00e3o, tanques de fluido de freio, mangueiras de freio, linhas hidr\u00e1ulicas, conectores e parafusos, ajustadores de freio, molas, m\u00e3o alavancas de freio, parafusos de roda, rolamentos, an\u00e9is de veda\u00e7\u00e3o de eixo<\/span><\/p>\n<h4 data-fontsize=\"13\" data-lineheight=\"20\"><span class=\"notranslate\">PARA VE\u00cdCULOS DAS SEGUINTES MARCAS:<\/span><\/h4>\n<ul>\n<li>Allis Chalmers-Kalmar AC<\/li>\n<li>Asea<\/li>\n<li>Atlet-Lafis<\/li>\n<li>Balkancar<\/li>\n<li>Bationi<\/li>\n<li>Baumann<\/li>\n<li>Bishamon<\/li>\n<li>BKS<\/li>\n<li>Bobcat<\/li>\n<li>Bonser<\/li>\n<li>Boss<\/li>\n<li>Brunilift<\/li>\n<li>BT<\/li>\n<li>BV Vestergaard<\/li>\n<li>Caterpillar<\/li>\n<li>Cesab<\/li>\n<li>Clark-Samsung<\/li>\n<li>Climax Conventry-Kalmar<\/li>\n<li>Crown<\/li>\n<li>Dambach<\/li>\n<li>Dantruck<\/li>\n<li>Desta<\/li>\n<li>Datsun<\/li>\n<li>Esselingen<\/li>\n<li>Fantuzzi<\/li>\n<li>Fenwick &amp; PEG<\/li>\n<li>Fiat-OM Pimespo<\/li>\n<li>Guldner<\/li>\n<li>Halla<\/li>\n<li>Hamech<\/li>\n<li>Heden-Dantruck<\/li>\n<li>Henley<\/li>\n<li>Hyster<\/li>\n<li>Hyundai-Halla<\/li>\n<li>ICEM<\/li>\n<li>Irion<\/li>\n<li>Irisman<\/li>\n<li>JCB<\/li>\n<li>Jelau<\/li>\n<li>Jungheinrich-Steinbock<\/li>\n<li>Kalmar LMV<\/li>\n<li>Komatsu<\/li>\n<li>Lafis<\/li>\n<li>Lancer Boss<\/li>\n<li>Lansing<\/li>\n<li>Linde<\/li>\n<li>LMV<\/li>\n<li>Lugli<\/li>\n<li>Manitou<\/li>\n<li>Matral<\/li>\n<li>MIC<\/li>\n<li>Mitsubishi<\/li>\n<li>MORA<\/li>\n<li>Nichiyu-NYK<\/li>\n<li>Nissan<\/li>\n<li>O&amp;K<\/li>\n<li>OMG<\/li>\n<li>Patria<\/li>\n<li>PEG<\/li>\n<li>Pimespo<\/li>\n<li>PRAT<\/li>\n<li>Ransomes<\/li>\n<li>Raymond<\/li>\n<li>Rocla<\/li>\n<li>Salev<\/li>\n<li>Sambron<\/li>\n<li>Samsung<\/li>\n<li>Sanderson<\/li>\n<li>Saxby<\/li>\n<li>Shinko<\/li>\n<li>Sichelsmidt<\/li>\n<li>SISU<\/li>\n<li>Steinbock<\/li>\n<li>Still<\/li>\n<li>Stocka<\/li>\n<li>Sumitomo<\/li>\n<li>SVE Truck<\/li>\n<li>Tailift<\/li>\n<li>TCM<\/li>\n<li>Tecnocar<\/li>\n<li>Terex<\/li>\n<li>Toyota<\/li>\n<li>Valmet<\/li>\n<li>Wagner<\/li>\n<li>YALE<\/li>\n<li>Yang-Yam-Puma<\/li>\n<\/ul>\n<\/div><\/div><\/div><div class=\"fusion-layout-column fusion_builder_column fusion-builder-column-2 fusion_builder_column_1_3 1_3 fusion-flex-column fusion-flex-align-self-flex-start fusion-column-no-min-height\" style=\"--awb-bg-size:cover;--awb-width-large:33.333333333333%;--awb-margin-top-large:0px;--awb-spacing-right-large:5.82%;--awb-margin-bottom-large:0px;--awb-spacing-left-large:5.82%;--awb-width-medium:33.333333333333%;--awb-spacing-right-medium:5.82%;--awb-spacing-left-medium:5.82%;--awb-width-small:100%;--awb-spacing-right-small:1.455%;--awb-spacing-left-small:1.455%;\"><div class=\"fusion-column-wrapper fusion-flex-justify-content-flex-start fusion-content-layout-column\"><div class=\"fusion-text fusion-text-2\"><p><span class=\"notranslate\">Fabrica\u00e7\u00e3o de pe\u00e7as de freio<\/span><\/p>\n<h4 data-fontsize=\"13\" data-lineheight=\"20\"><span class=\"notranslate\">PRODU\u00c7\u00c3O DE:<\/span><\/h4>\n<p><span class=\"notranslate\">Guarni\u00e7\u00f5es de freio, pastilhas de freio, discos de freio, discos de freio com revestimentos org\u00e2nicos e sinterizados, tambores de freio, cilindros hidr\u00e1ulicos (cilindro de freio de roda, cilindro de embreagem, cilindro mestre de freio), kits de reparo, juntas de l\u00e1bio, mangueiras de freio, linhas hidr\u00e1ulicas, alavancas de freio manual<\/span><\/p>\n<\/div><\/div><\/div><div class=\"fusion-layout-column fusion_builder_column fusion-builder-column-3 fusion_builder_column_1_3 1_3 fusion-flex-column fusion-flex-align-self-flex-start fusion-column-no-min-height\" style=\"--awb-bg-size:cover;--awb-width-large:33.333333333333%;--awb-margin-top-large:0px;--awb-spacing-right-large:4.365%;--awb-margin-bottom-large:0px;--awb-spacing-left-large:5.82%;--awb-width-medium:33.333333333333%;--awb-spacing-right-medium:4.365%;--awb-spacing-left-medium:5.82%;--awb-width-small:100%;--awb-spacing-right-small:1.455%;--awb-spacing-left-small:1.455%;\"><div class=\"fusion-column-wrapper fusion-flex-justify-content-flex-start fusion-content-layout-column\"><div class=\"fusion-text fusion-text-3\"><p><span class=\"notranslate\">Reconstru\u00e7\u00e3o de pe\u00e7as sobressalentes usadas<\/span><\/p>\n<h4 data-fontsize=\"13\" data-lineheight=\"20\"><span class=\"notranslate\">RELACIONAMENTO DE:<\/span><\/h4>\n<p><span class=\"notranslate\">Sapatos de freio, garras, alavancas, almofadas, pratos de embreagem<\/span><\/p>\n<h4 data-fontsize=\"13\" data-lineheight=\"20\"><span class=\"notranslate\">DESENVOLVIMENTO DE:<\/span><\/h4>\n<p><span class=\"notranslate\">Tambores e discos de freio<\/span><\/p>\n<h4 data-fontsize=\"13\" data-lineheight=\"20\"><span class=\"notranslate\">RESTAURA\u00c7\u00c3O DE:<\/span><\/h4>\n<p><span class=\"notranslate\">Cabos de Bowden<\/span><\/p>\n<h4 data-fontsize=\"13\" data-lineheight=\"20\"><span class=\"notranslate\">REGENERA\u00c7\u00c3O DE:<\/span><\/h4>\n<p><span class=\"notranslate\">Filtros particulados de diesel DPF (queima limpa)<\/span><\/p>\n<\/div><\/div><\/div><\/div><\/div><\/p>\n","protected":false},"excerpt":{"rendered":"","protected":false},"author":4,"featured_media":0,"parent":20480,"menu_order":0,"comment_status":"closed","ping_status":"closed","template":"","meta":{"footnotes":""},"class_list":["post-13740","page","type-page","status-publish","hentry"],"yoast_head":"<!-- This site is optimized with the Yoast SEO Premium plugin v27.4 (Yoast SEO v27.4) - https:\/\/yoast.com\/product\/yoast-seo-premium-wordpress\/ -->\n<title>Empilhadores - NB PARTS GmbH<\/title>\n<meta name=\"description\" content=\"Empilhadores - NB PARTS GmbH\" \/>\n<meta name=\"robots\" content=\"index, follow, max-snippet:-1, max-image-preview:large, max-video-preview:-1\" \/>\n<link rel=\"canonical\" href=\"https:\/\/nb-parts.de\/pt-pt\/pecas-de-reposicao\/empilhadores\/\" \/>\n<meta property=\"og:locale\" content=\"pt_PT\" \/>\n<meta property=\"og:type\" content=\"article\" \/>\n<meta property=\"og:title\" content=\"Empilhadores\" \/>\n<meta property=\"og:description\" content=\"Empilhadores - NB PARTS GmbH\" \/>\n<meta property=\"og:url\" content=\"https:\/\/nb-parts.de\/pt-pt\/pecas-de-reposicao\/empilhadores\/\" \/>\n<meta property=\"og:site_name\" content=\"NB PARTS GmbH\" \/>\n<meta property=\"article:modified_time\" content=\"2018-02-08T14:22:24+00:00\" \/>\n<meta property=\"og:image\" content=\"https:\/\/nb-parts.de\/wp-content\/uploads\/2017\/04\/NB-parts-zieht-um.jpg\" \/>\n\t<meta property=\"og:image:width\" content=\"713\" \/>\n\t<meta property=\"og:image:height\" content=\"300\" \/>\n\t<meta property=\"og:image:type\" content=\"image\/jpeg\" \/>\n<meta name=\"twitter:label1\" content=\"Tempo estimado de leitura\" \/>\n\t<meta name=\"twitter:data1\" content=\"4 minutos\" \/>\n<script type=\"application\/ld+json\" class=\"yoast-schema-graph\">{\"@context\":\"https:\\\/\\\/schema.org\",\"@graph\":[{\"@type\":\"WebPage\",\"@id\":\"https:\\\/\\\/nb-parts.de\\\/pt-pt\\\/pecas-de-reposicao\\\/empilhadores\\\/\",\"url\":\"https:\\\/\\\/nb-parts.de\\\/pt-pt\\\/pecas-de-reposicao\\\/empilhadores\\\/\",\"name\":\"Empilhadores - NB PARTS GmbH\",\"isPartOf\":{\"@id\":\"https:\\\/\\\/nb-parts.de\\\/pt-pt\\\/#website\"},\"datePublished\":\"2017-12-13T10:48:58+00:00\",\"dateModified\":\"2018-02-08T14:22:24+00:00\",\"description\":\"Empilhadores - NB PARTS GmbH\",\"breadcrumb\":{\"@id\":\"https:\\\/\\\/nb-parts.de\\\/pt-pt\\\/pecas-de-reposicao\\\/empilhadores\\\/#breadcrumb\"},\"inLanguage\":\"pt-PT\",\"potentialAction\":[{\"@type\":\"ReadAction\",\"target\":[\"https:\\\/\\\/nb-parts.de\\\/pt-pt\\\/pecas-de-reposicao\\\/empilhadores\\\/\"]}]},{\"@type\":\"BreadcrumbList\",\"@id\":\"https:\\\/\\\/nb-parts.de\\\/pt-pt\\\/pecas-de-reposicao\\\/empilhadores\\\/#breadcrumb\",\"itemListElement\":[{\"@type\":\"ListItem\",\"position\":1,\"name\":\"Startseite\",\"item\":\"https:\\\/\\\/nb-parts.de\\\/pt-pt\\\/\"},{\"@type\":\"ListItem\",\"position\":2,\"name\":\"PE\u00c7AS DE REPOSI\u00c7\u00c3O\",\"item\":\"https:\\\/\\\/nb-parts.de\\\/pt-pt\\\/pecas-de-reposicao\\\/\"},{\"@type\":\"ListItem\",\"position\":3,\"name\":\"Empilhadores\"}]},{\"@type\":\"WebSite\",\"@id\":\"https:\\\/\\\/nb-parts.de\\\/pt-pt\\\/#website\",\"url\":\"https:\\\/\\\/nb-parts.de\\\/pt-pt\\\/\",\"name\":\"NB PARTS GmbH\",\"description\":\"Ersatzteile - Aufarbeitung - Fertigung\",\"publisher\":{\"@id\":\"https:\\\/\\\/nb-parts.de\\\/pt-pt\\\/#organization\"},\"potentialAction\":[{\"@type\":\"SearchAction\",\"target\":{\"@type\":\"EntryPoint\",\"urlTemplate\":\"https:\\\/\\\/nb-parts.de\\\/pt-pt\\\/?s={search_term_string}\"},\"query-input\":{\"@type\":\"PropertyValueSpecification\",\"valueRequired\":true,\"valueName\":\"search_term_string\"}}],\"inLanguage\":\"pt-PT\"},{\"@type\":\"Organization\",\"@id\":\"https:\\\/\\\/nb-parts.de\\\/pt-pt\\\/#organization\",\"name\":\"NB PARTS GmbH\",\"url\":\"https:\\\/\\\/nb-parts.de\\\/pt-pt\\\/\",\"logo\":{\"@type\":\"ImageObject\",\"inLanguage\":\"pt-PT\",\"@id\":\"https:\\\/\\\/nb-parts.de\\\/pt-pt\\\/#\\\/schema\\\/logo\\\/image\\\/\",\"url\":\"https:\\\/\\\/nb-parts.de\\\/wp-content\\\/uploads\\\/2021\\\/06\\\/LOGO01.jpg\",\"contentUrl\":\"https:\\\/\\\/nb-parts.de\\\/wp-content\\\/uploads\\\/2021\\\/06\\\/LOGO01.jpg\",\"width\":1000,\"height\":1000,\"caption\":\"NB PARTS GmbH\"},\"image\":{\"@id\":\"https:\\\/\\\/nb-parts.de\\\/pt-pt\\\/#\\\/schema\\\/logo\\\/image\\\/\"},\"sameAs\":[\"https:\\\/\\\/www.youtube.com\\\/watch?v=E_90qxvrVlA\"]}]}<\/script>\n<!-- \/ Yoast SEO Premium plugin. -->","yoast_head_json":{"title":"Empilhadores - NB PARTS GmbH","description":"Empilhadores - NB PARTS GmbH","robots":{"index":"index","follow":"follow","max-snippet":"max-snippet:-1","max-image-preview":"max-image-preview:large","max-video-preview":"max-video-preview:-1"},"canonical":"https:\/\/nb-parts.de\/pt-pt\/pecas-de-reposicao\/empilhadores\/","og_locale":"pt_PT","og_type":"article","og_title":"Empilhadores","og_description":"Empilhadores - NB PARTS GmbH","og_url":"https:\/\/nb-parts.de\/pt-pt\/pecas-de-reposicao\/empilhadores\/","og_site_name":"NB PARTS GmbH","article_modified_time":"2018-02-08T14:22:24+00:00","og_image":[{"width":713,"height":300,"url":"https:\/\/nb-parts.de\/wp-content\/uploads\/2017\/04\/NB-parts-zieht-um.jpg","type":"image\/jpeg"}],"twitter_misc":{"Tempo estimado de leitura":"4 minutos"},"schema":{"@context":"https:\/\/schema.org","@graph":[{"@type":"WebPage","@id":"https:\/\/nb-parts.de\/pt-pt\/pecas-de-reposicao\/empilhadores\/","url":"https:\/\/nb-parts.de\/pt-pt\/pecas-de-reposicao\/empilhadores\/","name":"Empilhadores - NB PARTS GmbH","isPartOf":{"@id":"https:\/\/nb-parts.de\/pt-pt\/#website"},"datePublished":"2017-12-13T10:48:58+00:00","dateModified":"2018-02-08T14:22:24+00:00","description":"Empilhadores - NB PARTS GmbH","breadcrumb":{"@id":"https:\/\/nb-parts.de\/pt-pt\/pecas-de-reposicao\/empilhadores\/#breadcrumb"},"inLanguage":"pt-PT","potentialAction":[{"@type":"ReadAction","target":["https:\/\/nb-parts.de\/pt-pt\/pecas-de-reposicao\/empilhadores\/"]}]},{"@type":"BreadcrumbList","@id":"https:\/\/nb-parts.de\/pt-pt\/pecas-de-reposicao\/empilhadores\/#breadcrumb","itemListElement":[{"@type":"ListItem","position":1,"name":"Startseite","item":"https:\/\/nb-parts.de\/pt-pt\/"},{"@type":"ListItem","position":2,"name":"PE\u00c7AS DE REPOSI\u00c7\u00c3O","item":"https:\/\/nb-parts.de\/pt-pt\/pecas-de-reposicao\/"},{"@type":"ListItem","position":3,"name":"Empilhadores"}]},{"@type":"WebSite","@id":"https:\/\/nb-parts.de\/pt-pt\/#website","url":"https:\/\/nb-parts.de\/pt-pt\/","name":"NB PARTS GmbH","description":"Ersatzteile - Aufarbeitung - Fertigung","publisher":{"@id":"https:\/\/nb-parts.de\/pt-pt\/#organization"},"potentialAction":[{"@type":"SearchAction","target":{"@type":"EntryPoint","urlTemplate":"https:\/\/nb-parts.de\/pt-pt\/?s={search_term_string}"},"query-input":{"@type":"PropertyValueSpecification","valueRequired":true,"valueName":"search_term_string"}}],"inLanguage":"pt-PT"},{"@type":"Organization","@id":"https:\/\/nb-parts.de\/pt-pt\/#organization","name":"NB PARTS GmbH","url":"https:\/\/nb-parts.de\/pt-pt\/","logo":{"@type":"ImageObject","inLanguage":"pt-PT","@id":"https:\/\/nb-parts.de\/pt-pt\/#\/schema\/logo\/image\/","url":"https:\/\/nb-parts.de\/wp-content\/uploads\/2021\/06\/LOGO01.jpg","contentUrl":"https:\/\/nb-parts.de\/wp-content\/uploads\/2021\/06\/LOGO01.jpg","width":1000,"height":1000,"caption":"NB PARTS GmbH"},"image":{"@id":"https:\/\/nb-parts.de\/pt-pt\/#\/schema\/logo\/image\/"},"sameAs":["https:\/\/www.youtube.com\/watch?v=E_90qxvrVlA"]}]}},"_links":{"self":[{"href":"https:\/\/nb-parts.de\/pt-pt\/wp-json\/wp\/v2\/pages\/13740","targetHints":{"allow":["GET"]}}],"collection":[{"href":"https:\/\/nb-parts.de\/pt-pt\/wp-json\/wp\/v2\/pages"}],"about":[{"href":"https:\/\/nb-parts.de\/pt-pt\/wp-json\/wp\/v2\/types\/page"}],"author":[{"embeddable":true,"href":"https:\/\/nb-parts.de\/pt-pt\/wp-json\/wp\/v2\/users\/4"}],"replies":[{"embeddable":true,"href":"https:\/\/nb-parts.de\/pt-pt\/wp-json\/wp\/v2\/comments?post=13740"}],"version-history":[{"count":0,"href":"https:\/\/nb-parts.de\/pt-pt\/wp-json\/wp\/v2\/pages\/13740\/revisions"}],"up":[{"embeddable":true,"href":"https:\/\/nb-parts.de\/pt-pt\/wp-json\/wp\/v2\/pages\/20480"}],"wp:attachment":[{"href":"https:\/\/nb-parts.de\/pt-pt\/wp-json\/wp\/v2\/media?parent=13740"}],"curies":[{"name":"wp","href":"https:\/\/api.w.org\/{rel}","templated":true}]}}