{"id":20480,"date":"2020-09-24T17:22:17","date_gmt":"2020-09-24T15:22:17","guid":{"rendered":"https:\/\/nb-parts.de\/ersatzteile\/"},"modified":"2020-09-25T11:50:21","modified_gmt":"2020-09-25T09:50:21","slug":"pecas-de-reposicao","status":"publish","type":"page","link":"https:\/\/nb-parts.de\/pt-pt\/pecas-de-reposicao\/","title":{"rendered":"PE\u00c7AS DE REPOSI\u00c7\u00c3O"},"content":{"rendered":"<div class=\"fusion-fullwidth fullwidth-box fusion-builder-row-1 fusion-flex-container nonhundred-percent-fullwidth non-hundred-percent-height-scrolling\" style=\"--awb-border-radius-top-left:0px;--awb-border-radius-top-right:0px;--awb-border-radius-bottom-right:0px;--awb-border-radius-bottom-left:0px;--awb-flex-wrap:wrap;\" ><div class=\"fusion-builder-row fusion-row fusion-flex-align-items-flex-start fusion-flex-content-wrap\" style=\"max-width:1028.97px;margin-left: calc(-3% \/ 2 );margin-right: calc(-3% \/ 2 );\"><div class=\"fusion-layout-column fusion_builder_column fusion-builder-column-0 fusion_builder_column_1_3 1_3 fusion-flex-column\" style=\"--awb-bg-size:cover;--awb-width-large:33.333333333333%;--awb-margin-top-large:0px;--awb-spacing-right-large:4.365%;--awb-margin-bottom-large:11px;--awb-spacing-left-large:4.365%;--awb-width-medium:33.333333333333%;--awb-order-medium:0;--awb-spacing-right-medium:4.365%;--awb-spacing-left-medium:4.365%;--awb-width-small:100%;--awb-order-small:0;--awb-spacing-right-small:1.455%;--awb-spacing-left-small:1.455%;\"><div class=\"fusion-column-wrapper fusion-column-has-shadow fusion-flex-justify-content-flex-start fusion-content-layout-column\"><\/div><\/div><div class=\"fusion-layout-column fusion_builder_column fusion-builder-column-1 fusion_builder_column_2_3 2_3 fusion-flex-column fusion-flex-align-self-center\" style=\"--awb-bg-size:cover;--awb-width-large:66.666666666667%;--awb-margin-top-large:0px;--awb-spacing-right-large:2.1825%;--awb-margin-bottom-large:11px;--awb-spacing-left-large:2.1825%;--awb-width-medium:66.666666666667%;--awb-order-medium:0;--awb-spacing-right-medium:2.1825%;--awb-spacing-left-medium:2.1825%;--awb-width-small:100%;--awb-order-small:0;--awb-spacing-right-small:1.455%;--awb-spacing-left-small:1.455%;\"><div class=\"fusion-column-wrapper fusion-column-has-shadow fusion-flex-justify-content-flex-start fusion-content-layout-column\"><nav class=\"awb-menu awb-menu_column awb-menu_em-hover mobile-mode-always-expanded awb-menu_icons-left awb-menu_dc-yes mobile-trigger-fullwidth-off awb-menu_mobile-toggle loading mega-menu-loading awb-menu_desktop awb-menu_dropdown awb-menu_expand-right awb-menu_transition-fade\" style=\"--awb-font-size:19px;--awb-margin-top:22px;--awb-margin-bottom:11px;--awb-transition-time:278;--awb-text-transform:none;--awb-min-height:222px;--awb-border-radius-top-left:11px;--awb-border-radius-top-right:11px;--awb-border-radius-bottom-right:11px;--awb-border-radius-bottom-left:11px;--awb-gap:11px;--awb-items-padding-top:11px;--awb-items-padding-bottom:11px;--awb-items-padding-left:15%;--awb-border-color:#d1d1d1;--awb-border-top:1px;--awb-border-right:1px;--awb-border-bottom:1px;--awb-border-left:1px;--awb-color:#c1c1c1;--awb-active-color:#51595e;--awb-active-bg:#f7f7f7;--awb-active-border-top:1px;--awb-active-border-right:1px;--awb-active-border-bottom:1px;--awb-active-border-left:1px;--awb-active-border-color:#78818c;--awb-submenu-text-transform:none;--awb-icons-hover-color:#607d8b;--awb-main-justify-content:flex-start;--awb-mobile-color:#c1c1c1;--awb-mobile-active-bg:#f7f7f7;--awb-mobile-active-color:#51595e;--awb-mobile-font-size:19px;--awb-mobile-justify:center;--awb-mobile-caret-left:auto;--awb-mobile-caret-right:0;--awb-fusion-font-family-typography:&quot;Roboto Slab&quot;;--awb-fusion-font-style-typography:normal;--awb-fusion-font-weight-typography:500;--awb-fusion-font-family-submenu-typography:inherit;--awb-fusion-font-style-submenu-typography:normal;--awb-fusion-font-weight-submenu-typography:400;--awb-fusion-font-family-mobile-typography:&quot;Roboto Slab&quot;;--awb-fusion-font-style-mobile-typography:normal;--awb-fusion-font-weight-mobile-typography:500;\" aria-label=\"Ersatzteile_port\" data-breakpoint=\"0\" data-count=\"0\" data-transition-type=\"center\" data-transition-time=\"278\" data-expand=\"right\"><ul id=\"menu-ersatzteile_port\" class=\"fusion-menu awb-menu__main-ul awb-menu__main-ul_column\"><li  id=\"menu-item-13694\"  class=\"menu-item menu-item-type-post_type menu-item-object-page menu-item-13694 awb-menu__li awb-menu__main-li awb-menu__main-li_regular\"  data-item-id=\"13694\"><span class=\"awb-menu__main-background-default awb-menu__main-background-default_center\"><\/span><span class=\"awb-menu__main-background-active awb-menu__main-background-active_center\"><\/span><a  href=\"https:\/\/nb-parts.de\/pt-pt\/pecas-de-reposicao\/veiculos-agricolas\/\" class=\"awb-menu__main-a awb-menu__main-a_regular\"><span class=\"menu-text\">Ve\u00edculos agr\u00edcolas<\/span><\/a><\/li><li  id=\"menu-item-13921\"  class=\"menu-item menu-item-type-post_type menu-item-object-page menu-item-13921 awb-menu__li awb-menu__main-li awb-menu__main-li_regular\"  data-item-id=\"13921\"><span class=\"awb-menu__main-background-default awb-menu__main-background-default_center\"><\/span><span class=\"awb-menu__main-background-active awb-menu__main-background-active_center\"><\/span><a  href=\"https:\/\/nb-parts.de\/pt-pt\/pecas-de-reposicao\/reboques-para-automoveis-de-passageiros-nb-parts-gmbh\/\" class=\"awb-menu__main-a awb-menu__main-a_regular\"><span class=\"menu-text\">Reboques para autom\u00f3veis de passageiros<\/span><\/a><\/li><li  id=\"menu-item-13767\"  class=\"menu-item menu-item-type-post_type menu-item-object-page menu-item-13767 awb-menu__li awb-menu__main-li awb-menu__main-li_regular\"  data-item-id=\"13767\"><span class=\"awb-menu__main-background-default awb-menu__main-background-default_center\"><\/span><span class=\"awb-menu__main-background-active awb-menu__main-background-active_center\"><\/span><a  href=\"https:\/\/nb-parts.de\/pt-pt\/pecas-de-reposicao\/aplicacoes-industriais\/\" class=\"awb-menu__main-a awb-menu__main-a_regular\"><span class=\"menu-text\">Aplica\u00e7\u00f5es industriais<\/span><\/a><\/li><li  id=\"menu-item-13768\"  class=\"menu-item menu-item-type-post_type menu-item-object-page menu-item-13768 awb-menu__li awb-menu__main-li awb-menu__main-li_regular\"  data-item-id=\"13768\"><span class=\"awb-menu__main-background-default awb-menu__main-background-default_center\"><\/span><span class=\"awb-menu__main-background-active awb-menu__main-background-active_center\"><\/span><a  href=\"https:\/\/nb-parts.de\/pt-pt\/pecas-de-reposicao\/guindastes-moveis\/\" class=\"awb-menu__main-a awb-menu__main-a_regular\"><span class=\"menu-text\">Guindastes m\u00f3veis<\/span><\/a><\/li><li  id=\"menu-item-13769\"  class=\"menu-item menu-item-type-post_type menu-item-object-page menu-item-13769 awb-menu__li awb-menu__main-li awb-menu__main-li_regular\"  data-item-id=\"13769\"><span class=\"awb-menu__main-background-default awb-menu__main-background-default_center\"><\/span><span class=\"awb-menu__main-background-active awb-menu__main-background-active_center\"><\/span><a  href=\"https:\/\/nb-parts.de\/pt-pt\/pecas-de-reposicao\/veiculos-de-construcao\/\" class=\"awb-menu__main-a awb-menu__main-a_regular\"><span class=\"menu-text\">Ve\u00edculos de constru\u00e7\u00e3o<\/span><\/a><\/li><li  id=\"menu-item-13770\"  class=\"menu-item menu-item-type-post_type menu-item-object-page menu-item-13770 awb-menu__li awb-menu__main-li awb-menu__main-li_regular\"  data-item-id=\"13770\"><span class=\"awb-menu__main-background-default awb-menu__main-background-default_center\"><\/span><span class=\"awb-menu__main-background-active awb-menu__main-background-active_center\"><\/span><a  href=\"https:\/\/nb-parts.de\/pt-pt\/pecas-de-reposicao\/veiculos-de-utilidade-publica\/\" class=\"awb-menu__main-a awb-menu__main-a_regular\"><span class=\"menu-text\">Ve\u00edculos de utilidade p\u00fablica<\/span><\/a><\/li><li  id=\"menu-item-13771\"  class=\"menu-item menu-item-type-post_type menu-item-object-page menu-item-13771 awb-menu__li awb-menu__main-li awb-menu__main-li_regular\"  data-item-id=\"13771\"><span class=\"awb-menu__main-background-default awb-menu__main-background-default_center\"><\/span><span class=\"awb-menu__main-background-active awb-menu__main-background-active_center\"><\/span><a  href=\"https:\/\/nb-parts.de\/pt-pt\/pecas-de-reposicao\/empilhadores\/\" class=\"awb-menu__main-a awb-menu__main-a_regular\"><span class=\"menu-text\">Empilhadores<\/span><\/a><\/li><li  id=\"menu-item-13772\"  class=\"menu-item menu-item-type-post_type menu-item-object-page menu-item-13772 awb-menu__li awb-menu__main-li awb-menu__main-li_regular\"  data-item-id=\"13772\"><span class=\"awb-menu__main-background-default awb-menu__main-background-default_center\"><\/span><span class=\"awb-menu__main-background-active awb-menu__main-background-active_center\"><\/span><a  href=\"https:\/\/nb-parts.de\/pt-pt\/pecas-de-reposicao\/carros-classicos\/\" class=\"awb-menu__main-a awb-menu__main-a_regular\"><span class=\"menu-text\">Carros cl\u00e1ssicos<\/span><\/a><\/li><li  id=\"menu-item-13773\"  class=\"menu-item menu-item-type-post_type menu-item-object-page menu-item-13773 awb-menu__li awb-menu__main-li awb-menu__main-li_regular\"  data-item-id=\"13773\"><span class=\"awb-menu__main-background-default awb-menu__main-background-default_center\"><\/span><span class=\"awb-menu__main-background-active awb-menu__main-background-active_center\"><\/span><a  href=\"https:\/\/nb-parts.de\/pt-pt\/pecas-de-reposicao\/automoveis-de-passageiros\/\" class=\"awb-menu__main-a awb-menu__main-a_regular\"><span class=\"menu-text\">Autom\u00f3veis de passageiros<\/span><\/a><\/li><li  id=\"menu-item-13774\"  class=\"menu-item menu-item-type-post_type menu-item-object-page menu-item-13774 awb-menu__li awb-menu__main-li awb-menu__main-li_regular\"  data-item-id=\"13774\"><span class=\"awb-menu__main-background-default awb-menu__main-background-default_center\"><\/span><span class=\"awb-menu__main-background-active awb-menu__main-background-active_center\"><\/span><a  href=\"https:\/\/nb-parts.de\/pt-pt\/pecas-de-reposicao\/veiculos-comerciais\/\" class=\"awb-menu__main-a awb-menu__main-a_regular\"><span class=\"menu-text\">Ve\u00edculos comerciais<\/span><\/a><\/li><li  id=\"menu-item-13775\"  class=\"menu-item menu-item-type-post_type menu-item-object-page menu-item-13775 awb-menu__li awb-menu__main-li awb-menu__main-li_regular\"  data-item-id=\"13775\"><span class=\"awb-menu__main-background-default awb-menu__main-background-default_center\"><\/span><span class=\"awb-menu__main-background-active awb-menu__main-background-active_center\"><\/span><a  href=\"https:\/\/nb-parts.de\/pt-pt\/pecas-de-reposicao\/veiculos-de-kart\/\" class=\"awb-menu__main-a awb-menu__main-a_regular\"><span class=\"menu-text\">Ve\u00edculos de kart<\/span><\/a><\/li><li  id=\"menu-item-13776\"  class=\"menu-item menu-item-type-post_type menu-item-object-page menu-item-13776 awb-menu__li awb-menu__main-li awb-menu__main-li_regular\"  data-item-id=\"13776\"><span class=\"awb-menu__main-background-default awb-menu__main-background-default_center\"><\/span><span class=\"awb-menu__main-background-active awb-menu__main-background-active_center\"><\/span><a  href=\"https:\/\/nb-parts.de\/pt-pt\/pecas-de-reposicao\/ciclos-bicicletas-quads\/\" class=\"awb-menu__main-a awb-menu__main-a_regular\"><span class=\"menu-text\">Ciclos \/ Bicicletas \/ Quads<\/span><\/a><\/li><\/ul><\/nav><\/div><\/div><\/div><\/div>\n","protected":false},"excerpt":{"rendered":"","protected":false},"author":4,"featured_media":0,"parent":0,"menu_order":0,"comment_status":"closed","ping_status":"closed","template":"","meta":{"footnotes":""},"class_list":["post-20480","page","type-page","status-publish","hentry"],"yoast_head":"<!-- This site is optimized with the Yoast SEO Premium plugin v27.3 (Yoast SEO v27.3) - https:\/\/yoast.com\/product\/yoast-seo-premium-wordpress\/ -->\n<title>PE\u00c7AS DE REPOSI\u00c7\u00c3O &#171; NB PARTS GmbH<\/title>\n<meta name=\"robots\" content=\"index, follow, max-snippet:-1, max-image-preview:large, max-video-preview:-1\" \/>\n<link rel=\"canonical\" href=\"https:\/\/nb-parts.de\/pt-pt\/pecas-de-reposicao\/\" \/>\n<meta property=\"og:locale\" content=\"pt_PT\" \/>\n<meta property=\"og:type\" content=\"article\" \/>\n<meta property=\"og:title\" content=\"PE\u00c7AS DE REPOSI\u00c7\u00c3O\" \/>\n<meta property=\"og:url\" content=\"https:\/\/nb-parts.de\/pt-pt\/pecas-de-reposicao\/\" \/>\n<meta property=\"og:site_name\" content=\"NB PARTS GmbH\" \/>\n<meta property=\"article:modified_time\" content=\"2020-09-25T09:50:21+00:00\" \/>\n<meta property=\"og:image\" content=\"https:\/\/nb-parts.de\/wp-content\/uploads\/2017\/04\/NB-parts-zieht-um.jpg\" \/>\n\t<meta property=\"og:image:width\" content=\"713\" \/>\n\t<meta property=\"og:image:height\" content=\"300\" \/>\n\t<meta property=\"og:image:type\" content=\"image\/jpeg\" \/>\n<meta name=\"twitter:label1\" content=\"Tempo estimado de leitura\" \/>\n\t<meta name=\"twitter:data1\" content=\"6 minutos\" \/>\n<script type=\"application\/ld+json\" class=\"yoast-schema-graph\">{\"@context\":\"https:\\\/\\\/schema.org\",\"@graph\":[{\"@type\":\"WebPage\",\"@id\":\"https:\\\/\\\/nb-parts.de\\\/pt-pt\\\/pecas-de-reposicao\\\/\",\"url\":\"https:\\\/\\\/nb-parts.de\\\/pt-pt\\\/pecas-de-reposicao\\\/\",\"name\":\"PE\u00c7AS DE REPOSI\u00c7\u00c3O &#171; NB PARTS GmbH\",\"isPartOf\":{\"@id\":\"https:\\\/\\\/nb-parts.de\\\/pt-pt\\\/#website\"},\"datePublished\":\"2020-09-24T15:22:17+00:00\",\"dateModified\":\"2020-09-25T09:50:21+00:00\",\"breadcrumb\":{\"@id\":\"https:\\\/\\\/nb-parts.de\\\/pt-pt\\\/pecas-de-reposicao\\\/#breadcrumb\"},\"inLanguage\":\"pt-PT\",\"potentialAction\":[{\"@type\":\"ReadAction\",\"target\":[\"https:\\\/\\\/nb-parts.de\\\/pt-pt\\\/pecas-de-reposicao\\\/\"]}]},{\"@type\":\"BreadcrumbList\",\"@id\":\"https:\\\/\\\/nb-parts.de\\\/pt-pt\\\/pecas-de-reposicao\\\/#breadcrumb\",\"itemListElement\":[{\"@type\":\"ListItem\",\"position\":1,\"name\":\"Startseite\",\"item\":\"https:\\\/\\\/nb-parts.de\\\/pt-pt\\\/\"},{\"@type\":\"ListItem\",\"position\":2,\"name\":\"PE\u00c7AS DE REPOSI\u00c7\u00c3O\"}]},{\"@type\":\"WebSite\",\"@id\":\"https:\\\/\\\/nb-parts.de\\\/pt-pt\\\/#website\",\"url\":\"https:\\\/\\\/nb-parts.de\\\/pt-pt\\\/\",\"name\":\"NB PARTS GmbH\",\"description\":\"Ersatzteile - Aufarbeitung - Fertigung\",\"publisher\":{\"@id\":\"https:\\\/\\\/nb-parts.de\\\/pt-pt\\\/#organization\"},\"potentialAction\":[{\"@type\":\"SearchAction\",\"target\":{\"@type\":\"EntryPoint\",\"urlTemplate\":\"https:\\\/\\\/nb-parts.de\\\/pt-pt\\\/?s={search_term_string}\"},\"query-input\":{\"@type\":\"PropertyValueSpecification\",\"valueRequired\":true,\"valueName\":\"search_term_string\"}}],\"inLanguage\":\"pt-PT\"},{\"@type\":\"Organization\",\"@id\":\"https:\\\/\\\/nb-parts.de\\\/pt-pt\\\/#organization\",\"name\":\"NB PARTS GmbH\",\"url\":\"https:\\\/\\\/nb-parts.de\\\/pt-pt\\\/\",\"logo\":{\"@type\":\"ImageObject\",\"inLanguage\":\"pt-PT\",\"@id\":\"https:\\\/\\\/nb-parts.de\\\/pt-pt\\\/#\\\/schema\\\/logo\\\/image\\\/\",\"url\":\"https:\\\/\\\/nb-parts.de\\\/wp-content\\\/uploads\\\/2021\\\/06\\\/LOGO01.jpg\",\"contentUrl\":\"https:\\\/\\\/nb-parts.de\\\/wp-content\\\/uploads\\\/2021\\\/06\\\/LOGO01.jpg\",\"width\":1000,\"height\":1000,\"caption\":\"NB PARTS GmbH\"},\"image\":{\"@id\":\"https:\\\/\\\/nb-parts.de\\\/pt-pt\\\/#\\\/schema\\\/logo\\\/image\\\/\"},\"sameAs\":[\"https:\\\/\\\/www.youtube.com\\\/watch?v=E_90qxvrVlA\"]}]}<\/script>\n<!-- \/ Yoast SEO Premium plugin. -->","yoast_head_json":{"title":"PE\u00c7AS DE REPOSI\u00c7\u00c3O &#171; NB PARTS GmbH","robots":{"index":"index","follow":"follow","max-snippet":"max-snippet:-1","max-image-preview":"max-image-preview:large","max-video-preview":"max-video-preview:-1"},"canonical":"https:\/\/nb-parts.de\/pt-pt\/pecas-de-reposicao\/","og_locale":"pt_PT","og_type":"article","og_title":"PE\u00c7AS DE REPOSI\u00c7\u00c3O","og_url":"https:\/\/nb-parts.de\/pt-pt\/pecas-de-reposicao\/","og_site_name":"NB PARTS GmbH","article_modified_time":"2020-09-25T09:50:21+00:00","og_image":[{"width":713,"height":300,"url":"https:\/\/nb-parts.de\/wp-content\/uploads\/2017\/04\/NB-parts-zieht-um.jpg","type":"image\/jpeg"}],"twitter_misc":{"Tempo estimado de leitura":"6 minutos"},"schema":{"@context":"https:\/\/schema.org","@graph":[{"@type":"WebPage","@id":"https:\/\/nb-parts.de\/pt-pt\/pecas-de-reposicao\/","url":"https:\/\/nb-parts.de\/pt-pt\/pecas-de-reposicao\/","name":"PE\u00c7AS DE REPOSI\u00c7\u00c3O &#171; NB PARTS GmbH","isPartOf":{"@id":"https:\/\/nb-parts.de\/pt-pt\/#website"},"datePublished":"2020-09-24T15:22:17+00:00","dateModified":"2020-09-25T09:50:21+00:00","breadcrumb":{"@id":"https:\/\/nb-parts.de\/pt-pt\/pecas-de-reposicao\/#breadcrumb"},"inLanguage":"pt-PT","potentialAction":[{"@type":"ReadAction","target":["https:\/\/nb-parts.de\/pt-pt\/pecas-de-reposicao\/"]}]},{"@type":"BreadcrumbList","@id":"https:\/\/nb-parts.de\/pt-pt\/pecas-de-reposicao\/#breadcrumb","itemListElement":[{"@type":"ListItem","position":1,"name":"Startseite","item":"https:\/\/nb-parts.de\/pt-pt\/"},{"@type":"ListItem","position":2,"name":"PE\u00c7AS DE REPOSI\u00c7\u00c3O"}]},{"@type":"WebSite","@id":"https:\/\/nb-parts.de\/pt-pt\/#website","url":"https:\/\/nb-parts.de\/pt-pt\/","name":"NB PARTS GmbH","description":"Ersatzteile - Aufarbeitung - Fertigung","publisher":{"@id":"https:\/\/nb-parts.de\/pt-pt\/#organization"},"potentialAction":[{"@type":"SearchAction","target":{"@type":"EntryPoint","urlTemplate":"https:\/\/nb-parts.de\/pt-pt\/?s={search_term_string}"},"query-input":{"@type":"PropertyValueSpecification","valueRequired":true,"valueName":"search_term_string"}}],"inLanguage":"pt-PT"},{"@type":"Organization","@id":"https:\/\/nb-parts.de\/pt-pt\/#organization","name":"NB PARTS GmbH","url":"https:\/\/nb-parts.de\/pt-pt\/","logo":{"@type":"ImageObject","inLanguage":"pt-PT","@id":"https:\/\/nb-parts.de\/pt-pt\/#\/schema\/logo\/image\/","url":"https:\/\/nb-parts.de\/wp-content\/uploads\/2021\/06\/LOGO01.jpg","contentUrl":"https:\/\/nb-parts.de\/wp-content\/uploads\/2021\/06\/LOGO01.jpg","width":1000,"height":1000,"caption":"NB PARTS GmbH"},"image":{"@id":"https:\/\/nb-parts.de\/pt-pt\/#\/schema\/logo\/image\/"},"sameAs":["https:\/\/www.youtube.com\/watch?v=E_90qxvrVlA"]}]}},"_links":{"self":[{"href":"https:\/\/nb-parts.de\/pt-pt\/wp-json\/wp\/v2\/pages\/20480","targetHints":{"allow":["GET"]}}],"collection":[{"href":"https:\/\/nb-parts.de\/pt-pt\/wp-json\/wp\/v2\/pages"}],"about":[{"href":"https:\/\/nb-parts.de\/pt-pt\/wp-json\/wp\/v2\/types\/page"}],"author":[{"embeddable":true,"href":"https:\/\/nb-parts.de\/pt-pt\/wp-json\/wp\/v2\/users\/4"}],"replies":[{"embeddable":true,"href":"https:\/\/nb-parts.de\/pt-pt\/wp-json\/wp\/v2\/comments?post=20480"}],"version-history":[{"count":0,"href":"https:\/\/nb-parts.de\/pt-pt\/wp-json\/wp\/v2\/pages\/20480\/revisions"}],"wp:attachment":[{"href":"https:\/\/nb-parts.de\/pt-pt\/wp-json\/wp\/v2\/media?parent=20480"}],"curies":[{"name":"wp","href":"https:\/\/api.w.org\/{rel}","templated":true}]}}